{"id":4310,"date":"2024-09-22T10:20:55","date_gmt":"2024-09-22T10:20:55","guid":{"rendered":"https:\/\/legitgrams.com\/?post_type=product&#038;p=4310"},"modified":"2026-02-26T12:28:36","modified_gmt":"2026-02-26T12:28:36","slug":"buy-colombian-cocaine-96-pure-online","status":"publish","type":"product","link":"https:\/\/legitgrams.com\/cs\/produkt\/buy-colombian-cocaine-96-pure-online\/","title":{"rendered":"Buy Colombian Cocaine 96% Pure Online"},"content":{"rendered":"<h2>Kupte si 96% \u010dist\u00fd kolumbijsk\u00fd kokain online<\/h2>\n<p>Kolumbijsk\u00fd kokain je jedn\u00edm z nejzn\u00e1m\u011bj\u0161\u00edch a nejv\u00fdhodn\u011bj\u0161\u00edch druh\u016f kokainu, kter\u00e9 jsou celosv\u011btov\u011b dostupn\u00e9. Jednou ze zem\u00ed, kter\u00e1 dod\u00e1v\u00e1 nej\u010dist\u0161\u00ed kokain na sv\u011bt\u011b, je Kolumbie.<\/p>\n<p>V Kolumbii byl prvn\u00ed kokain vyroben v letech 1960 a\u017e 1970. V t\u00e9 dob\u011b neexistoval ve Spojen\u00fdch st\u00e1tech \u017e\u00e1dn\u00fd leg\u00e1ln\u00ed zp\u016fsob v\u00fdroby kokainu. Na str\u00e1nk\u00e1ch <a href=\"https:\/\/legitgrams.com\/cs\/produkt\/buy-colombian-cocaine-96-pure-online\/\">Kolumbijci<\/a> za\u010dal hnojit rostliny, kter\u00e9 produkovaly nej\u010dist\u0161\u00ed druh kokainu.<\/p>\n<p>Za\u010dali prod\u00e1vat kokain za velmi p\u0159ijateln\u00e9 ceny po cel\u00e9m sv\u011bt\u011b. Vzhledem k \u010detn\u00fdm mo\u017enostem pou\u017eit\u00ed a \u010distot\u011b kokainu si ho kupovalo mnoho lid\u00ed.<\/p>\n<p>Jedn\u00edm z nej\u010dist\u0161\u00edch druh\u016f kokainu na sv\u011bt\u011b je <a href=\"https:\/\/en.wikipedia.org\/wiki\/Cocaine\">Kolumbijsk\u00fd kokain-96<\/a> \u010dist\u011b. Jej\u00ed obrovsk\u00fd potenci\u00e1l pro p\u016fsoben\u00ed na lidsk\u00fd organismus vych\u00e1z\u00ed z jej\u00ed \u010distoty. Stejn\u011b jako jin\u00e9 druhy kokainu p\u016fsob\u00ed na centr\u00e1ln\u00ed nervovou soustavu a poskytuje po\u017eadovan\u00e9 \u00fa\u010dinky.<\/p>\n<p>P\u016fsob\u00ed v\u0161ak mnohem rychleji ne\u017e jin\u00e9 typy kokainu. Umo\u017e\u0148uje t\u011blu dekompresi t\u00edm, \u017ee vyma\u017ee \u017eivotn\u00ed probl\u00e9my. Umo\u017e\u0148uje t\u011blu z\u00edskat spr\u00e1vn\u00fd druh sp\u00e1nku, kter\u00fd uklid\u0148uje mysl.<\/p>\n<p>L\u00e9ka\u0159i tak\u00e9 pou\u017e\u00edvaj\u00ed \u010dist\u00fd kolumbijsk\u00fd kokain-96 kombinac\u00ed s r\u016fzn\u00fdmi l\u00e1tkami podporuj\u00edc\u00edmi lidsk\u00e9 zdrav\u00ed. Toho lid\u00e9 vyu\u017e\u00edvaj\u00ed k l\u00e9\u010db\u011b r\u016fzn\u00fdch onemocn\u011bn\u00ed, v\u010detn\u011b \u00fazkosti a zoufalstv\u00ed. <a href=\"https:\/\/legitgrams.com\/cs\/\">LegitGrams<\/a><\/p>\n<p>Pou\u017e\u00edv\u00e1 se tak\u00e9 ke zm\u00edrn\u011bn\u00ed nepohodl\u00ed jak\u00e9hokoli druhu. Jedn\u00e1 se o bolest, kter\u00e1 m\u016f\u017ee b\u00fdt d\u016fsledkem chronick\u00fdch onemocn\u011bn\u00ed nebo n\u00e1hl\u00fdch p\u0159\u00edhod. K nalezen\u00ed n\u00e1pravy p\u0159edepisuj\u00ed l\u00e9ka\u0159i tento l\u00e9k jako l\u00e9\u010divo. Roz\u0161\u00ed\u0159en\u00e9 u\u017e\u00edv\u00e1n\u00ed kolumbijsk\u00e9ho kokainu-96 lze p\u0159i\u010d\u00edst t\u011bmto vlastnostem.<\/p>\n<p>V na\u0161em internetov\u00e9m obchod\u011b se zab\u00fdv\u00e1me \u0161irokou \u0161k\u00e1lou pro-drogerie, l\u00e9\u010div a l\u00e9k\u016f. Krom\u011b toho prod\u00e1v\u00e1me \u010dist\u00fd kolumbijsk\u00fd kokain-96 za mimo\u0159\u00e1dn\u011b konkuren\u010dn\u00ed ceny. Nav\u00edc poskytujeme rychlou expedici zbo\u017e\u00ed z na\u0161eho obchodu. K dispozici jsou zde tak\u00e9 nejlep\u0161\u00ed koupelov\u00e9 soli K2.<\/p>","protected":false},"excerpt":{"rendered":"<p>Purchase 96% Pure Colombian Cocaine Online Colombian cocaine is one of the most well-known and advantageous types of cocaine available worldwide. One of the countries that supplies the most pure cocaine in the world is Colombia. In Colombia, the first cocaine was produced between 1960 and 1970. At the time, there was no legal method &hellip;<\/p>\n<p class=\"read-more\"> <a class=\"\" href=\"https:\/\/legitgrams.com\/cs\/produkt\/buy-colombian-cocaine-96-pure-online\/\"> <span class=\"screen-reader-text\">Buy Colombian Cocaine 96% Pure Online<\/span> \u010c\u00edst d\u00e1l \"<\/a><\/p>","protected":false},"featured_media":5331,"comment_status":"open","ping_status":"closed","template":"","meta":{"_uag_custom_page_level_css":"","site-sidebar-layout":"default","site-content-layout":"default","ast-global-header-display":"","ast-main-header-display":"","ast-hfb-above-header-display":"","ast-hfb-below-header-display":"","ast-hfb-mobile-header-display":"","site-post-title":"","ast-breadcrumbs-content":"","ast-featured-img":"","footer-sml-layout":"","theme-transparent-header-meta":"default","adv-header-id-meta":"","stick-header-meta":"default","header-above-stick-meta":"","header-main-stick-meta":"","header-below-stick-meta":"","_joinchat":[]},"product_brand":[],"product_cat":[70],"product_tag":[706,696,617,687,703,700,695,692,705,686,710,698,693,708,709,707,689,688,699,690,704,701,702,625,694,697,691],"class_list":{"0":"post-4310","1":"product","2":"type-product","3":"status-publish","4":"has-post-thumbnail","6":"product_cat-cocaine","7":"product_tag-best-cheap-price-pure-colombian-cocaine-96-pure","8":"product_tag-best-place-to-buy-pure-colombian-cocaine-96-pure","9":"product_tag-bulk-online","10":"product_tag-buy-pure-colombian-cocaine-96-pure","11":"product_tag-cheap-pure-colombian-cocaine-96-pure","12":"product_tag-high-quality-pure-colombian-cocaine-96-pure","13":"product_tag-how-to-buy-pure-colombian-cocaine-96-pure","14":"product_tag-order-pure-colombian-cocaine-96-pure","15":"product_tag-purcharse-pure-colombian-cocaine-96-pure","16":"product_tag-pure-colombian-cocaine-96-pure","17":"product_tag-pure-colombian-cocaine-96-pure-for-sale","18":"product_tag-pure-colombian-cocaine-96-pure-legally","19":"product_tag-pure-colombian-cocaine-96-pure-online","20":"product_tag-pure-colombian-cocaine-96-pure-use","21":"product_tag-pure-colombian-cocaine-96-pure-wiki","22":"product_tag-pure-colombian-cocaine-96-pure-worldwide","23":"product_tag-pure-colombian-cocaine-96-purefor-sale","24":"product_tag-pure-colombian-cocaine-96-pureonline","25":"product_tag-pure-colombian-cocaine-96-pureprice","26":"product_tag-pure-colombian-cocaine-96-purepure-colombian-cocaine-96-puresupplier","27":"product_tag-pure-colombian-cocaine-96-pures","28":"product_tag-pure-colombian-cocaine-96-purestore","29":"product_tag-shop-pure-colombian-cocaine-96-pure","30":"product_tag-top-quality","31":"product_tag-where-to-buy-pure-colombian-cocaine-96-pure","32":"product_tag-where-to-order-pure-colombian-cocaine-96-pure","33":"product_tag-wholesale-pure-colombian-cocaine-96-pure","34":"desktop-align-left","35":"tablet-align-left","36":"mobile-align-left","37":"ast-product-gallery-layout-horizontal","38":"ast-product-gallery-with-no-image","39":"ast-product-single-variable","40":"ast-product-tabs-layout-horizontal","41":"ast-qv-on-image","43":"first","44":"instock","45":"shipping-taxable","46":"purchasable","47":"product-type-variable"},"yoast_head":"<!-- This site is optimized with the Yoast SEO plugin v25.9 - https:\/\/yoast.com\/wordpress\/plugins\/seo\/ -->\n<title>Buy Colombian Cocaine Online @ Best Price | LegitGrams<\/title>\n<meta name=\"description\" content=\"Looking to buy colombian cocaine online? Discover a seamless platform at our online store where you can buy pure colombian cocaine , ensuring top-grade quality for your research needs.\" \/>\n<meta name=\"robots\" content=\"index, follow, max-snippet:-1, max-image-preview:large, max-video-preview:-1\" \/>\n<link rel=\"canonical\" href=\"https:\/\/legitgrams.com\/cs\/produkt\/buy-colombian-cocaine-96-pure-online\/\" \/>\n<meta property=\"og:locale\" content=\"cs_CZ\" \/>\n<meta property=\"og:type\" content=\"article\" \/>\n<meta property=\"og:title\" content=\"Buy Colombian Cocaine Online @ Best Price | LegitGrams\" \/>\n<meta property=\"og:description\" content=\"Looking to buy colombian cocaine online? Discover a seamless platform at our online store where you can buy pure colombian cocaine , ensuring top-grade quality for your research needs.\" \/>\n<meta property=\"og:url\" content=\"https:\/\/legitgrams.com\/cs\/produkt\/buy-colombian-cocaine-96-pure-online\/\" \/>\n<meta property=\"og:site_name\" content=\"Legit Grams\" \/>\n<meta property=\"article:modified_time\" content=\"2026-02-26T12:28:36+00:00\" \/>\n<meta property=\"og:image\" content=\"https:\/\/legitgrams.com\/wp-content\/uploads\/2024\/09\/Buy-Columbian-cocaine-96-pure.jpg\" \/>\n\t<meta property=\"og:image:width\" content=\"600\" \/>\n\t<meta property=\"og:image:height\" content=\"600\" \/>\n\t<meta property=\"og:image:type\" content=\"image\/jpeg\" \/>\n<meta name=\"twitter:card\" content=\"summary_large_image\" \/>\n<meta name=\"twitter:label1\" content=\"Odhadovan\u00e1 doba \u010dten\u00ed\" \/>\n\t<meta name=\"twitter:data1\" content=\"2 minuty\" \/>\n<script type=\"application\/ld+json\" class=\"yoast-schema-graph\">{\"@context\":\"https:\/\/schema.org\",\"@graph\":[{\"@type\":\"WebPage\",\"@id\":\"https:\/\/legitgrams.com\/product\/buy-colombian-cocaine-96-pure-online\/\",\"url\":\"https:\/\/legitgrams.com\/product\/buy-colombian-cocaine-96-pure-online\/\",\"name\":\"Buy Colombian Cocaine Online @ Best Price | LegitGrams\",\"isPartOf\":{\"@id\":\"https:\/\/legitgrams.com\/#website\"},\"primaryImageOfPage\":{\"@id\":\"https:\/\/legitgrams.com\/product\/buy-colombian-cocaine-96-pure-online\/#primaryimage\"},\"image\":{\"@id\":\"https:\/\/legitgrams.com\/product\/buy-colombian-cocaine-96-pure-online\/#primaryimage\"},\"thumbnailUrl\":\"https:\/\/legitgrams.com\/wp-content\/uploads\/2024\/09\/Buy-Columbian-cocaine-96-pure.jpg\",\"datePublished\":\"2024-09-22T10:20:55+00:00\",\"dateModified\":\"2026-02-26T12:28:36+00:00\",\"description\":\"Looking to buy colombian cocaine online? Discover a seamless platform at our online store where you can buy pure colombian cocaine , ensuring top-grade quality for your research needs.\",\"breadcrumb\":{\"@id\":\"https:\/\/legitgrams.com\/product\/buy-colombian-cocaine-96-pure-online\/#breadcrumb\"},\"inLanguage\":\"cs\",\"potentialAction\":[{\"@type\":\"ReadAction\",\"target\":[\"https:\/\/legitgrams.com\/product\/buy-colombian-cocaine-96-pure-online\/\"]}]},{\"@type\":\"ImageObject\",\"inLanguage\":\"cs\",\"@id\":\"https:\/\/legitgrams.com\/product\/buy-colombian-cocaine-96-pure-online\/#primaryimage\",\"url\":\"https:\/\/legitgrams.com\/wp-content\/uploads\/2024\/09\/Buy-Columbian-cocaine-96-pure.jpg\",\"contentUrl\":\"https:\/\/legitgrams.com\/wp-content\/uploads\/2024\/09\/Buy-Columbian-cocaine-96-pure.jpg\",\"width\":600,\"height\":600,\"caption\":\"Buy Colombian Cocaine 96% Pure Online\"},{\"@type\":\"BreadcrumbList\",\"@id\":\"https:\/\/legitgrams.com\/product\/buy-colombian-cocaine-96-pure-online\/#breadcrumb\",\"itemListElement\":[{\"@type\":\"ListItem\",\"position\":1,\"name\":\"Home\",\"item\":\"https:\/\/legitgrams.com\/\"},{\"@type\":\"ListItem\",\"position\":2,\"name\":\"Shop\",\"item\":\"https:\/\/legitgrams.com\/shop\/\"},{\"@type\":\"ListItem\",\"position\":3,\"name\":\"Buy Colombian Cocaine 96% Pure Online\"}]},{\"@type\":\"WebSite\",\"@id\":\"https:\/\/legitgrams.com\/#website\",\"url\":\"https:\/\/legitgrams.com\/\",\"name\":\"Legit Grams\",\"description\":\"My WordPress Blog\",\"publisher\":{\"@id\":\"https:\/\/legitgrams.com\/#organization\"},\"potentialAction\":[{\"@type\":\"SearchAction\",\"target\":{\"@type\":\"EntryPoint\",\"urlTemplate\":\"https:\/\/legitgrams.com\/?s={search_term_string}\"},\"query-input\":{\"@type\":\"PropertyValueSpecification\",\"valueRequired\":true,\"valueName\":\"search_term_string\"}}],\"inLanguage\":\"cs\"},{\"@type\":\"Organization\",\"@id\":\"https:\/\/legitgrams.com\/#organization\",\"name\":\"Legit Grams\",\"url\":\"https:\/\/legitgrams.com\/\",\"logo\":{\"@type\":\"ImageObject\",\"inLanguage\":\"cs\",\"@id\":\"https:\/\/legitgrams.com\/#\/schema\/logo\/image\/\",\"url\":\"https:\/\/legitgrams.com\/wp-content\/uploads\/2024\/09\/main-logo.png\",\"contentUrl\":\"https:\/\/legitgrams.com\/wp-content\/uploads\/2024\/09\/main-logo.png\",\"width\":270,\"height\":75,\"caption\":\"Legit Grams\"},\"image\":{\"@id\":\"https:\/\/legitgrams.com\/#\/schema\/logo\/image\/\"}}]}<\/script>\n<!-- \/ Yoast SEO plugin. -->","yoast_head_json":{"title":"Koupit Colombian Cocaine Online @ Nejlep\u0161\u00ed cena | LegitGrams","description":"Chcete si koupit kolumbijsk\u00fd kokain online? Objevte bezprobl\u00e9movou platformu v na\u0161em internetov\u00e9m obchod\u011b, kde si m\u016f\u017eete koupit \u010dist\u00fd kolumbijsk\u00fd kokain , co\u017e zaru\u010duje \u0161pi\u010dkovou kvalitu pro va\u0161e v\u00fdzkumn\u00e9 pot\u0159eby.","robots":{"index":"index","follow":"follow","max-snippet":"max-snippet:-1","max-image-preview":"max-image-preview:large","max-video-preview":"max-video-preview:-1"},"canonical":"https:\/\/legitgrams.com\/cs\/produkt\/buy-colombian-cocaine-96-pure-online\/","og_locale":"cs_CZ","og_type":"article","og_title":"Buy Colombian Cocaine Online @ Best Price | LegitGrams","og_description":"Looking to buy colombian cocaine online? Discover a seamless platform at our online store where you can buy pure colombian cocaine , ensuring top-grade quality for your research needs.","og_url":"https:\/\/legitgrams.com\/cs\/produkt\/buy-colombian-cocaine-96-pure-online\/","og_site_name":"Legit Grams","article_modified_time":"2026-02-26T12:28:36+00:00","og_image":[{"width":600,"height":600,"url":"https:\/\/legitgrams.com\/wp-content\/uploads\/2024\/09\/Buy-Columbian-cocaine-96-pure.jpg","type":"image\/jpeg"}],"twitter_card":"summary_large_image","twitter_misc":{"Odhadovan\u00e1 doba \u010dten\u00ed":"2 minuty"},"schema":{"@context":"https:\/\/schema.org","@graph":[{"@type":"WebPage","@id":"https:\/\/legitgrams.com\/product\/buy-colombian-cocaine-96-pure-online\/","url":"https:\/\/legitgrams.com\/product\/buy-colombian-cocaine-96-pure-online\/","name":"Koupit Colombian Cocaine Online @ Nejlep\u0161\u00ed cena | LegitGrams","isPartOf":{"@id":"https:\/\/legitgrams.com\/#website"},"primaryImageOfPage":{"@id":"https:\/\/legitgrams.com\/product\/buy-colombian-cocaine-96-pure-online\/#primaryimage"},"image":{"@id":"https:\/\/legitgrams.com\/product\/buy-colombian-cocaine-96-pure-online\/#primaryimage"},"thumbnailUrl":"https:\/\/legitgrams.com\/wp-content\/uploads\/2024\/09\/Buy-Columbian-cocaine-96-pure.jpg","datePublished":"2024-09-22T10:20:55+00:00","dateModified":"2026-02-26T12:28:36+00:00","description":"Chcete si koupit kolumbijsk\u00fd kokain online? Objevte bezprobl\u00e9movou platformu v na\u0161em internetov\u00e9m obchod\u011b, kde si m\u016f\u017eete koupit \u010dist\u00fd kolumbijsk\u00fd kokain , co\u017e zaru\u010duje \u0161pi\u010dkovou kvalitu pro va\u0161e v\u00fdzkumn\u00e9 pot\u0159eby.","breadcrumb":{"@id":"https:\/\/legitgrams.com\/product\/buy-colombian-cocaine-96-pure-online\/#breadcrumb"},"inLanguage":"cs","potentialAction":[{"@type":"ReadAction","target":["https:\/\/legitgrams.com\/product\/buy-colombian-cocaine-96-pure-online\/"]}]},{"@type":"ImageObject","inLanguage":"cs","@id":"https:\/\/legitgrams.com\/product\/buy-colombian-cocaine-96-pure-online\/#primaryimage","url":"https:\/\/legitgrams.com\/wp-content\/uploads\/2024\/09\/Buy-Columbian-cocaine-96-pure.jpg","contentUrl":"https:\/\/legitgrams.com\/wp-content\/uploads\/2024\/09\/Buy-Columbian-cocaine-96-pure.jpg","width":600,"height":600,"caption":"Buy Colombian Cocaine 96% Pure Online"},{"@type":"BreadcrumbList","@id":"https:\/\/legitgrams.com\/product\/buy-colombian-cocaine-96-pure-online\/#breadcrumb","itemListElement":[{"@type":"ListItem","position":1,"name":"Home","item":"https:\/\/legitgrams.com\/"},{"@type":"ListItem","position":2,"name":"Shop","item":"https:\/\/legitgrams.com\/shop\/"},{"@type":"ListItem","position":3,"name":"Buy Colombian Cocaine 96% Pure Online"}]},{"@type":"WebSite","@id":"https:\/\/legitgrams.com\/#website","url":"https:\/\/legitgrams.com\/","name":"Leg\u00e1ln\u00ed gramy","description":"M\u016fj blog WordPress","publisher":{"@id":"https:\/\/legitgrams.com\/#organization"},"potentialAction":[{"@type":"SearchAction","target":{"@type":"EntryPoint","urlTemplate":"https:\/\/legitgrams.com\/?s={search_term_string}"},"query-input":{"@type":"PropertyValueSpecification","valueRequired":true,"valueName":"search_term_string"}}],"inLanguage":"cs"},{"@type":"Organization","@id":"https:\/\/legitgrams.com\/#organization","name":"Leg\u00e1ln\u00ed gramy","url":"https:\/\/legitgrams.com\/","logo":{"@type":"ImageObject","inLanguage":"cs","@id":"https:\/\/legitgrams.com\/#\/schema\/logo\/image\/","url":"https:\/\/legitgrams.com\/wp-content\/uploads\/2024\/09\/main-logo.png","contentUrl":"https:\/\/legitgrams.com\/wp-content\/uploads\/2024\/09\/main-logo.png","width":270,"height":75,"caption":"Legit Grams"},"image":{"@id":"https:\/\/legitgrams.com\/#\/schema\/logo\/image\/"}}]}},"uagb_featured_image_src":{"full":["https:\/\/legitgrams.com\/wp-content\/uploads\/2024\/09\/Buy-Columbian-cocaine-96-pure.jpg",600,600,false],"thumbnail":["https:\/\/legitgrams.com\/wp-content\/uploads\/2024\/09\/Buy-Columbian-cocaine-96-pure-150x150.jpg",150,150,true],"medium":["https:\/\/legitgrams.com\/wp-content\/uploads\/2024\/09\/Buy-Columbian-cocaine-96-pure-300x300.jpg",300,300,true],"medium_large":["https:\/\/legitgrams.com\/wp-content\/uploads\/2024\/09\/Buy-Columbian-cocaine-96-pure.jpg",600,600,false],"large":["https:\/\/legitgrams.com\/wp-content\/uploads\/2024\/09\/Buy-Columbian-cocaine-96-pure.jpg",600,600,false],"1536x1536":["https:\/\/legitgrams.com\/wp-content\/uploads\/2024\/09\/Buy-Columbian-cocaine-96-pure.jpg",600,600,false],"2048x2048":["https:\/\/legitgrams.com\/wp-content\/uploads\/2024\/09\/Buy-Columbian-cocaine-96-pure.jpg",600,600,false],"trp-custom-language-flag":["https:\/\/legitgrams.com\/wp-content\/uploads\/2024\/09\/Buy-Columbian-cocaine-96-pure-12x12.jpg",12,12,true],"woocommerce_thumbnail":["https:\/\/legitgrams.com\/wp-content\/uploads\/2024\/09\/Buy-Columbian-cocaine-96-pure-300x300.jpg",300,300,true],"woocommerce_single":["https:\/\/legitgrams.com\/wp-content\/uploads\/2024\/09\/Buy-Columbian-cocaine-96-pure.jpg",600,600,false],"woocommerce_gallery_thumbnail":["https:\/\/legitgrams.com\/wp-content\/uploads\/2024\/09\/Buy-Columbian-cocaine-96-pure-100x100.jpg",100,100,true]},"uagb_author_info":{"display_name":"cokeblog18","author_link":"https:\/\/legitgrams.com\/cs\/author\/"},"uagb_comment_info":0,"uagb_excerpt":"Purchase 96% Pure Colombian Cocaine Online Colombian cocaine is one of the most well-known and advantageous types of cocaine available worldwide. One of the countries that supplies the most pure cocaine in the world is Colombia. In Colombia, the first cocaine was produced between 1960 and 1970. At the time, there was no legal method&hellip;","_links":{"self":[{"href":"https:\/\/legitgrams.com\/cs\/wp-json\/wp\/v2\/product\/4310","targetHints":{"allow":["GET"]}}],"collection":[{"href":"https:\/\/legitgrams.com\/cs\/wp-json\/wp\/v2\/product"}],"about":[{"href":"https:\/\/legitgrams.com\/cs\/wp-json\/wp\/v2\/types\/product"}],"replies":[{"embeddable":true,"href":"https:\/\/legitgrams.com\/cs\/wp-json\/wp\/v2\/comments?post=4310"}],"wp:featuredmedia":[{"embeddable":true,"href":"https:\/\/legitgrams.com\/cs\/wp-json\/wp\/v2\/media\/5331"}],"wp:attachment":[{"href":"https:\/\/legitgrams.com\/cs\/wp-json\/wp\/v2\/media?parent=4310"}],"wp:term":[{"taxonomy":"product_brand","embeddable":true,"href":"https:\/\/legitgrams.com\/cs\/wp-json\/wp\/v2\/product_brand?post=4310"},{"taxonomy":"product_cat","embeddable":true,"href":"https:\/\/legitgrams.com\/cs\/wp-json\/wp\/v2\/product_cat?post=4310"},{"taxonomy":"product_tag","embeddable":true,"href":"https:\/\/legitgrams.com\/cs\/wp-json\/wp\/v2\/product_tag?post=4310"}],"curies":[{"name":"wp","href":"https:\/\/api.w.org\/{rel}","templated":true}]}}