{"id":4311,"date":"2024-09-22T10:16:26","date_gmt":"2024-09-22T10:16:26","guid":{"rendered":"https:\/\/legitgrams.com\/?post_type=product&#038;p=4311"},"modified":"2025-01-13T09:45:18","modified_gmt":"2025-01-13T09:45:18","slug":"bio-kokain-86","status":"publish","type":"product","link":"https:\/\/legitgrams.com\/cs\/produkt\/bio-kokain-86\/","title":{"rendered":"Bio Kokain 86%"},"content":{"rendered":"<h2>Na prodej: 86% bio-kokain<\/h2>\n<p>Kokain je velmi siln\u00fd stimulant, kter\u00fd se pou\u017e\u00edv\u00e1 k tomu, aby lidem dodal v\u00fdraznou a sv\u016fdnou du\u0161evn\u00ed strukturu. Bio kokain usnad\u0148uje lidsk\u00e9 mysli vn\u00edmat ka\u017edodenn\u00ed ud\u00e1losti. Bio kokain p\u016fsob\u00ed p\u0159\u00edmo na centr\u00e1ln\u00ed nervov\u00fd syst\u00e9m, podobn\u011b jako jin\u00e9 stimulanty.<\/p>\n<p>Pou\u017eit\u00ed tohoto stimulantu zlep\u0161uje n\u011bkter\u00e9 chemik\u00e1lie. Biokokain se tak\u00e9 prod\u00e1v\u00e1 a nakupuje po cel\u00e9m sv\u011bt\u011b pod zna\u010dkou Coke. Krom\u011b toho, \u017ee je to l\u00e9k, pou\u017e\u00edv\u00e1 se tak\u00e9 p\u0159i v\u00fdrob\u011b n\u011bkolika l\u00e9\u010div. Lidsk\u00e9 zdrav\u00ed m\u016f\u017ee m\u00edt z t\u011bchto l\u00e9k\u016f velk\u00fd prosp\u011bch. <a href=\"https:\/\/legitgrams.com\/cs\/produkt\/bio-kokain-86\/\">Kokain<\/a> je na druh\u00e9m m\u00edst\u011b mezi nejroz\u0161\u00ed\u0159en\u011bj\u0161\u00edmi narkotiky.<\/p>\n<p>Bio Cocaine-86 pat\u0159\u00ed mezi nej\u010dist\u0161\u00ed formy kokainu, kter\u00e9 lze nal\u00e9zt chemicky a p\u0159irozen\u011b. Bio kokain se pou\u017e\u00edv\u00e1 jako slo\u017eka v mnoha farmaceutick\u00fdch produktech d\u00edky sv\u00fdm jedine\u010dn\u00fdm vlastnostem, v\u010detn\u011b schopnosti rychle fungovat. Je to velmi siln\u00e1 droga ur\u010den\u00e1 ke sn\u00ed\u017een\u00ed psychick\u00fdch \u00fa\u010dink\u016f \u0161oku. To nazna\u010duje, \u017ee Bio Cocaine-86 se pou\u017e\u00edv\u00e1 k pomoci mysli ovl\u00e1dat nevyzpytateln\u00e9 emoce, jako je radost nebo smutek. Lidsk\u00e1 mysl za t\u011bchto podm\u00ednek tak\u00e9 norm\u00e1ln\u011b funguje. Pou\u017e\u00edv\u00e1 se tak\u00e9 k zaji\u0161t\u011bn\u00ed neru\u0161en\u00e9ho a klidn\u00e9ho sp\u00e1nku. Ti, kte\u0159\u00ed u\u017e\u00edvaj\u00ed tento kokain, \u0159\u00edkaj\u00ed, \u017ee se c\u00edt\u00ed uvoln\u011bn\u011b a \u0161\u0165astn\u011b.<\/p>\n<p>Bez receptu, Bio <a href=\"https:\/\/en.wikipedia.org\/wiki\/Cocaine\">Kokain<\/a>-86 se tak\u00e9 pou\u017e\u00edv\u00e1 v barech a tane\u010dn\u00edch klubech k pln\u00e9mu pro\u017eit\u00ed t\u011bchto slavnost\u00ed. Tuto drogu u\u017e\u00edvaj\u00ed lid\u00e9 k relaxaci po p\u0159ekon\u00e1n\u00ed \u017eivotn\u00edch p\u0159ek\u00e1\u017eek. Je tak\u00e9 pou\u017eiteln\u00fd ke sn\u00ed\u017een\u00ed nebo odstran\u011bn\u00ed p\u0159echodn\u00e9 deprese v mysl\u00edch lid\u00ed. D\u00edky v\u00fd\u0161e zm\u00edn\u011bn\u00fdm vlastnostem se \u0159ad\u00ed na druh\u00e9 m\u00edsto v seznamu nej\u010dast\u011bji u\u017e\u00edvan\u00fdch drog. <a href=\"https:\/\/legitgrams.com\/cs\/\">LegitGrams<\/a><\/p>\n<p>Za ur\u010dit\u00fdch podm\u00ednek je Bio Cocaine-86 nepochybn\u011b velmi prosp\u011b\u0161n\u00fd pro lidsk\u00e9 t\u011blo; ale jeho nadm\u011brn\u00e9 pou\u017e\u00edv\u00e1n\u00ed m\u016f\u017ee m\u00edt potenci\u00e1ln\u011b \u0161kodliv\u00e9 \u00fa\u010dinky na fyzickou a emocion\u00e1ln\u00ed pohodu. P\u0159i nadm\u011brn\u00e9m pou\u017e\u00edv\u00e1n\u00ed m\u016f\u017ee zp\u016fsobit nespavost. Proto by se m\u011bl pou\u017e\u00edvat pouze v souladu s t\u00edm, co lidsk\u00e9 t\u011blo pot\u0159ebuje.<\/p>\n<p>Bio kokain-86 si lze p\u00edchnout nebo \u0161\u0148upnout p\u0159\u00edmo do \u017e\u00edly. V internetov\u00e9m obchod\u011b jej snadno z\u00edsk\u00e1 ka\u017ed\u00fd. Bio Cocain-86 prod\u00e1v\u00e1me tak\u00e9 za velmi dostupn\u00e9 ceny prost\u0159ednictv\u00edm na\u0161eho internetov\u00e9ho obchodu. S na\u0161\u00ed online doru\u010dovac\u00ed slu\u017ebou obdr\u017e\u00edte sv\u00e9 zbo\u017e\u00ed extr\u00e9mn\u011b rychle.<\/p>\n<p>Objednat biokokain 86%: Koupit biokokain, koupit kokain 86%, koupit biokokain online, kde koupit biokokain 86%, biokokain 86% na prodej, koupit kokain online, kde koupit biokokain 86% za Prodej v USA, Kanad\u011b a Velk\u00e9 Brit\u00e1nii, n\u00e1kup online, dodavatel\u00e9, bezpe\u010dn\u00e9 doru\u010den\u00ed, bio kokain 86 % je st\u00e1le k dispozici; je to leg\u00e1ln\u00ed ve Spojen\u00fdch st\u00e1tech? Je Bio Cocaine 86% dostupn\u00fd online? Jak\u00fd je proces objedn\u00e1n\u00ed Bio Cocaine 86% a je to v Kanad\u011b leg\u00e1ln\u00ed?<\/p>","protected":false},"excerpt":{"rendered":"<p>For Sale: 86% Bio-Cocaine Cocaine is a very strong stimulant that is used to give people a distinctive and seductive mental structure. Bio Cocaine makes it easier for the human mind to perceive everyday occurrences. Bio cocaine affects the central nervous system directly, much like other stimulants do. The use of this stimulant improves some &hellip;<\/p>\n<p class=\"read-more\"> <a class=\"\" href=\"https:\/\/legitgrams.com\/cs\/produkt\/bio-kokain-86\/\"> <span class=\"screen-reader-text\">Bio Kokain 86%<\/span> \u010c\u00edst d\u00e1l \"<\/a><\/p>","protected":false},"featured_media":5328,"comment_status":"open","ping_status":"closed","template":"","meta":{"_uag_custom_page_level_css":"","site-sidebar-layout":"default","site-content-layout":"default","ast-global-header-display":"","ast-main-header-display":"","ast-hfb-above-header-display":"","ast-hfb-below-header-display":"","ast-hfb-mobile-header-display":"","site-post-title":"","ast-breadcrumbs-content":"","ast-featured-img":"","footer-sml-layout":"","theme-transparent-header-meta":"default","adv-header-id-meta":"","stick-header-meta":"default","header-above-stick-meta":"","header-main-stick-meta":"","header-below-stick-meta":"","_joinchat":[]},"product_brand":[],"product_cat":[70],"product_tag":[731,721,711,735,723,718,733,734,732,715,714,713,724,729,726,617,712,728,725,720,717,730,727,625,719,722,716],"class_list":{"0":"post-4311","1":"product","2":"type-product","3":"status-publish","4":"has-post-thumbnail","6":"product_cat-cocaine","7":"product_tag-best-cheap-price-bio-cocaine-86","8":"product_tag-best-place-to-buy-bio-cocaine-86","9":"product_tag-bio-cocaine-86","10":"product_tag-bio-cocaine-86-for-sale","11":"product_tag-bio-cocaine-86-legally","12":"product_tag-bio-cocaine-86-online","13":"product_tag-bio-cocaine-86-use","14":"product_tag-bio-cocaine-86-wiki","15":"product_tag-bio-cocaine-86-worldwide","16":"product_tag-bio-cocaine-86bio-cocaine-86supplier","17":"product_tag-bio-cocaine-86for-sale","18":"product_tag-bio-cocaine-86online","19":"product_tag-bio-cocaine-86price","20":"product_tag-bio-cocaine-86s","21":"product_tag-bio-cocaine-86store","22":"product_tag-bulk-online","23":"product_tag-buy-bio-cocaine-86","24":"product_tag-cheap-bio-cocaine-86","25":"product_tag-high-quality-bio-cocaine-86","26":"product_tag-how-to-buy-bio-cocaine-86","27":"product_tag-order-bio-cocaine-86","28":"product_tag-purcharse-bio-cocaine-86","29":"product_tag-shop-bio-cocaine-86","30":"product_tag-top-quality","31":"product_tag-where-to-buy-bio-cocaine-86","32":"product_tag-where-to-order-bio-cocaine-86","33":"product_tag-wholesale-bio-cocaine-86","34":"desktop-align-left","35":"tablet-align-left","36":"mobile-align-left","37":"ast-product-gallery-layout-horizontal","38":"ast-product-gallery-with-no-image","39":"ast-product-single-variable","40":"ast-product-tabs-layout-horizontal","41":"ast-qv-on-image","43":"first","44":"instock","45":"shipping-taxable","46":"purchasable","47":"product-type-variable"},"yoast_head":"<!-- This site is optimized with the Yoast SEO plugin v25.9 - https:\/\/yoast.com\/wordpress\/plugins\/seo\/ -->\n<title>Bio Cocaine for Sale - Buy Bio Cocaine Online @ Cheap Price<\/title>\n<meta name=\"description\" content=\"You can get bio cocaine for sale at our store and get it at your doorstep without any hassle. We will help you to buy Bbio cocaine online. Get Fast Delivery when you order bio cocaine online!\" \/>\n<meta name=\"robots\" content=\"index, follow, max-snippet:-1, max-image-preview:large, max-video-preview:-1\" \/>\n<link rel=\"canonical\" href=\"https:\/\/legitgrams.com\/cs\/produkt\/bio-kokain-86\/\" \/>\n<meta property=\"og:locale\" content=\"cs_CZ\" \/>\n<meta property=\"og:type\" content=\"article\" \/>\n<meta property=\"og:title\" content=\"Bio Cocaine for Sale - Buy Bio Cocaine Online @ Cheap Price\" \/>\n<meta property=\"og:description\" content=\"You can get bio cocaine for sale at our store and get it at your doorstep without any hassle. We will help you to buy Bbio cocaine online. Get Fast Delivery when you order bio cocaine online!\" \/>\n<meta property=\"og:url\" content=\"https:\/\/legitgrams.com\/cs\/produkt\/bio-kokain-86\/\" \/>\n<meta property=\"og:site_name\" content=\"Legit Grams\" \/>\n<meta property=\"article:modified_time\" content=\"2025-01-13T09:45:18+00:00\" \/>\n<meta property=\"og:image\" content=\"https:\/\/legitgrams.com\/wp-content\/uploads\/2024\/09\/Buy-Bio-Cocaine.jpg\" \/>\n\t<meta property=\"og:image:width\" content=\"600\" \/>\n\t<meta property=\"og:image:height\" content=\"600\" \/>\n\t<meta property=\"og:image:type\" content=\"image\/jpeg\" \/>\n<meta name=\"twitter:card\" content=\"summary_large_image\" \/>\n<meta name=\"twitter:label1\" content=\"Odhadovan\u00e1 doba \u010dten\u00ed\" \/>\n\t<meta name=\"twitter:data1\" content=\"3 minuty\" \/>\n<script type=\"application\/ld+json\" class=\"yoast-schema-graph\">{\"@context\":\"https:\/\/schema.org\",\"@graph\":[{\"@type\":\"WebPage\",\"@id\":\"https:\/\/legitgrams.com\/product\/bio-cocaine-86\/\",\"url\":\"https:\/\/legitgrams.com\/product\/bio-cocaine-86\/\",\"name\":\"Bio Cocaine for Sale - Buy Bio Cocaine Online @ Cheap Price\",\"isPartOf\":{\"@id\":\"https:\/\/legitgrams.com\/#website\"},\"primaryImageOfPage\":{\"@id\":\"https:\/\/legitgrams.com\/product\/bio-cocaine-86\/#primaryimage\"},\"image\":{\"@id\":\"https:\/\/legitgrams.com\/product\/bio-cocaine-86\/#primaryimage\"},\"thumbnailUrl\":\"https:\/\/legitgrams.com\/wp-content\/uploads\/2024\/09\/Buy-Bio-Cocaine.jpg\",\"datePublished\":\"2024-09-22T10:16:26+00:00\",\"dateModified\":\"2025-01-13T09:45:18+00:00\",\"description\":\"You can get bio cocaine for sale at our store and get it at your doorstep without any hassle. We will help you to buy Bbio cocaine online. Get Fast Delivery when you order bio cocaine online!\",\"breadcrumb\":{\"@id\":\"https:\/\/legitgrams.com\/product\/bio-cocaine-86\/#breadcrumb\"},\"inLanguage\":\"cs\",\"potentialAction\":[{\"@type\":\"ReadAction\",\"target\":[\"https:\/\/legitgrams.com\/product\/bio-cocaine-86\/\"]}]},{\"@type\":\"ImageObject\",\"inLanguage\":\"cs\",\"@id\":\"https:\/\/legitgrams.com\/product\/bio-cocaine-86\/#primaryimage\",\"url\":\"https:\/\/legitgrams.com\/wp-content\/uploads\/2024\/09\/Buy-Bio-Cocaine.jpg\",\"contentUrl\":\"https:\/\/legitgrams.com\/wp-content\/uploads\/2024\/09\/Buy-Bio-Cocaine.jpg\",\"width\":600,\"height\":600,\"caption\":\"Bio Cocaine 86% for Sale\"},{\"@type\":\"BreadcrumbList\",\"@id\":\"https:\/\/legitgrams.com\/product\/bio-cocaine-86\/#breadcrumb\",\"itemListElement\":[{\"@type\":\"ListItem\",\"position\":1,\"name\":\"Home\",\"item\":\"https:\/\/legitgrams.com\/\"},{\"@type\":\"ListItem\",\"position\":2,\"name\":\"Shop\",\"item\":\"https:\/\/legitgrams.com\/shop\/\"},{\"@type\":\"ListItem\",\"position\":3,\"name\":\"Bio Cocaine 86%\"}]},{\"@type\":\"WebSite\",\"@id\":\"https:\/\/legitgrams.com\/#website\",\"url\":\"https:\/\/legitgrams.com\/\",\"name\":\"Legit Grams\",\"description\":\"My WordPress Blog\",\"publisher\":{\"@id\":\"https:\/\/legitgrams.com\/#organization\"},\"potentialAction\":[{\"@type\":\"SearchAction\",\"target\":{\"@type\":\"EntryPoint\",\"urlTemplate\":\"https:\/\/legitgrams.com\/?s={search_term_string}\"},\"query-input\":{\"@type\":\"PropertyValueSpecification\",\"valueRequired\":true,\"valueName\":\"search_term_string\"}}],\"inLanguage\":\"cs\"},{\"@type\":\"Organization\",\"@id\":\"https:\/\/legitgrams.com\/#organization\",\"name\":\"Legit Grams\",\"url\":\"https:\/\/legitgrams.com\/\",\"logo\":{\"@type\":\"ImageObject\",\"inLanguage\":\"cs\",\"@id\":\"https:\/\/legitgrams.com\/#\/schema\/logo\/image\/\",\"url\":\"https:\/\/legitgrams.com\/wp-content\/uploads\/2024\/09\/main-logo.png\",\"contentUrl\":\"https:\/\/legitgrams.com\/wp-content\/uploads\/2024\/09\/main-logo.png\",\"width\":270,\"height\":75,\"caption\":\"Legit Grams\"},\"image\":{\"@id\":\"https:\/\/legitgrams.com\/#\/schema\/logo\/image\/\"}}]}<\/script>\n<!-- \/ Yoast SEO plugin. -->","yoast_head_json":{"title":"Bio Kokain na prodej - Koupit Bio Kokain online @ Levn\u00e1 cena","description":"V na\u0161em obchod\u011b si m\u016f\u017eete po\u0159\u00eddit bio kokain na prodej a dostat ho bez jak\u00fdchkoli pot\u00ed\u017e\u00ed a\u017e k v\u00e1m dom\u016f. Pom\u016f\u017eeme v\u00e1m koupit Bbio kokain online. Z\u00edskejte rychl\u00e9 dod\u00e1n\u00ed p\u0159i objedn\u00e1n\u00ed bio kokainu online!","robots":{"index":"index","follow":"follow","max-snippet":"max-snippet:-1","max-image-preview":"max-image-preview:large","max-video-preview":"max-video-preview:-1"},"canonical":"https:\/\/legitgrams.com\/cs\/produkt\/bio-kokain-86\/","og_locale":"cs_CZ","og_type":"article","og_title":"Bio Cocaine for Sale - Buy Bio Cocaine Online @ Cheap Price","og_description":"You can get bio cocaine for sale at our store and get it at your doorstep without any hassle. We will help you to buy Bbio cocaine online. Get Fast Delivery when you order bio cocaine online!","og_url":"https:\/\/legitgrams.com\/cs\/produkt\/bio-kokain-86\/","og_site_name":"Legit Grams","article_modified_time":"2025-01-13T09:45:18+00:00","og_image":[{"width":600,"height":600,"url":"https:\/\/legitgrams.com\/wp-content\/uploads\/2024\/09\/Buy-Bio-Cocaine.jpg","type":"image\/jpeg"}],"twitter_card":"summary_large_image","twitter_misc":{"Odhadovan\u00e1 doba \u010dten\u00ed":"3 minuty"},"schema":{"@context":"https:\/\/schema.org","@graph":[{"@type":"WebPage","@id":"https:\/\/legitgrams.com\/product\/bio-cocaine-86\/","url":"https:\/\/legitgrams.com\/product\/bio-cocaine-86\/","name":"Bio Kokain na prodej - Koupit Bio Kokain online @ Levn\u00e1 cena","isPartOf":{"@id":"https:\/\/legitgrams.com\/#website"},"primaryImageOfPage":{"@id":"https:\/\/legitgrams.com\/product\/bio-cocaine-86\/#primaryimage"},"image":{"@id":"https:\/\/legitgrams.com\/product\/bio-cocaine-86\/#primaryimage"},"thumbnailUrl":"https:\/\/legitgrams.com\/wp-content\/uploads\/2024\/09\/Buy-Bio-Cocaine.jpg","datePublished":"2024-09-22T10:16:26+00:00","dateModified":"2025-01-13T09:45:18+00:00","description":"V na\u0161em obchod\u011b si m\u016f\u017eete po\u0159\u00eddit bio kokain na prodej a dostat ho bez jak\u00fdchkoli pot\u00ed\u017e\u00ed a\u017e k v\u00e1m dom\u016f. Pom\u016f\u017eeme v\u00e1m koupit Bbio kokain online. Z\u00edskejte rychl\u00e9 dod\u00e1n\u00ed p\u0159i objedn\u00e1n\u00ed bio kokainu online!","breadcrumb":{"@id":"https:\/\/legitgrams.com\/product\/bio-cocaine-86\/#breadcrumb"},"inLanguage":"cs","potentialAction":[{"@type":"ReadAction","target":["https:\/\/legitgrams.com\/product\/bio-cocaine-86\/"]}]},{"@type":"ImageObject","inLanguage":"cs","@id":"https:\/\/legitgrams.com\/product\/bio-cocaine-86\/#primaryimage","url":"https:\/\/legitgrams.com\/wp-content\/uploads\/2024\/09\/Buy-Bio-Cocaine.jpg","contentUrl":"https:\/\/legitgrams.com\/wp-content\/uploads\/2024\/09\/Buy-Bio-Cocaine.jpg","width":600,"height":600,"caption":"Bio Cocaine 86% for Sale"},{"@type":"BreadcrumbList","@id":"https:\/\/legitgrams.com\/product\/bio-cocaine-86\/#breadcrumb","itemListElement":[{"@type":"ListItem","position":1,"name":"Home","item":"https:\/\/legitgrams.com\/"},{"@type":"ListItem","position":2,"name":"Shop","item":"https:\/\/legitgrams.com\/shop\/"},{"@type":"ListItem","position":3,"name":"Bio Cocaine 86%"}]},{"@type":"WebSite","@id":"https:\/\/legitgrams.com\/#website","url":"https:\/\/legitgrams.com\/","name":"Leg\u00e1ln\u00ed gramy","description":"M\u016fj blog WordPress","publisher":{"@id":"https:\/\/legitgrams.com\/#organization"},"potentialAction":[{"@type":"SearchAction","target":{"@type":"EntryPoint","urlTemplate":"https:\/\/legitgrams.com\/?s={search_term_string}"},"query-input":{"@type":"PropertyValueSpecification","valueRequired":true,"valueName":"search_term_string"}}],"inLanguage":"cs"},{"@type":"Organization","@id":"https:\/\/legitgrams.com\/#organization","name":"Leg\u00e1ln\u00ed gramy","url":"https:\/\/legitgrams.com\/","logo":{"@type":"ImageObject","inLanguage":"cs","@id":"https:\/\/legitgrams.com\/#\/schema\/logo\/image\/","url":"https:\/\/legitgrams.com\/wp-content\/uploads\/2024\/09\/main-logo.png","contentUrl":"https:\/\/legitgrams.com\/wp-content\/uploads\/2024\/09\/main-logo.png","width":270,"height":75,"caption":"Legit Grams"},"image":{"@id":"https:\/\/legitgrams.com\/#\/schema\/logo\/image\/"}}]}},"uagb_featured_image_src":{"full":["https:\/\/legitgrams.com\/wp-content\/uploads\/2024\/09\/Buy-Bio-Cocaine.jpg",600,600,false],"thumbnail":["https:\/\/legitgrams.com\/wp-content\/uploads\/2024\/09\/Buy-Bio-Cocaine-150x150.jpg",150,150,true],"medium":["https:\/\/legitgrams.com\/wp-content\/uploads\/2024\/09\/Buy-Bio-Cocaine-300x300.jpg",300,300,true],"medium_large":["https:\/\/legitgrams.com\/wp-content\/uploads\/2024\/09\/Buy-Bio-Cocaine.jpg",600,600,false],"large":["https:\/\/legitgrams.com\/wp-content\/uploads\/2024\/09\/Buy-Bio-Cocaine.jpg",600,600,false],"1536x1536":["https:\/\/legitgrams.com\/wp-content\/uploads\/2024\/09\/Buy-Bio-Cocaine.jpg",600,600,false],"2048x2048":["https:\/\/legitgrams.com\/wp-content\/uploads\/2024\/09\/Buy-Bio-Cocaine.jpg",600,600,false],"trp-custom-language-flag":["https:\/\/legitgrams.com\/wp-content\/uploads\/2024\/09\/Buy-Bio-Cocaine-12x12.jpg",12,12,true],"woocommerce_thumbnail":["https:\/\/legitgrams.com\/wp-content\/uploads\/2024\/09\/Buy-Bio-Cocaine-300x300.jpg",300,300,true],"woocommerce_single":["https:\/\/legitgrams.com\/wp-content\/uploads\/2024\/09\/Buy-Bio-Cocaine.jpg",600,600,false],"woocommerce_gallery_thumbnail":["https:\/\/legitgrams.com\/wp-content\/uploads\/2024\/09\/Buy-Bio-Cocaine-100x100.jpg",100,100,true]},"uagb_author_info":{"display_name":"cokeblog18","author_link":"https:\/\/legitgrams.com\/cs\/author\/"},"uagb_comment_info":0,"uagb_excerpt":"For Sale: 86% Bio-Cocaine Cocaine is a very strong stimulant that is used to give people a distinctive and seductive mental structure. Bio Cocaine makes it easier for the human mind to perceive everyday occurrences. Bio cocaine affects the central nervous system directly, much like other stimulants do. The use of this stimulant improves some&hellip;","_links":{"self":[{"href":"https:\/\/legitgrams.com\/cs\/wp-json\/wp\/v2\/product\/4311","targetHints":{"allow":["GET"]}}],"collection":[{"href":"https:\/\/legitgrams.com\/cs\/wp-json\/wp\/v2\/product"}],"about":[{"href":"https:\/\/legitgrams.com\/cs\/wp-json\/wp\/v2\/types\/product"}],"replies":[{"embeddable":true,"href":"https:\/\/legitgrams.com\/cs\/wp-json\/wp\/v2\/comments?post=4311"}],"wp:featuredmedia":[{"embeddable":true,"href":"https:\/\/legitgrams.com\/cs\/wp-json\/wp\/v2\/media\/5328"}],"wp:attachment":[{"href":"https:\/\/legitgrams.com\/cs\/wp-json\/wp\/v2\/media?parent=4311"}],"wp:term":[{"taxonomy":"product_brand","embeddable":true,"href":"https:\/\/legitgrams.com\/cs\/wp-json\/wp\/v2\/product_brand?post=4311"},{"taxonomy":"product_cat","embeddable":true,"href":"https:\/\/legitgrams.com\/cs\/wp-json\/wp\/v2\/product_cat?post=4311"},{"taxonomy":"product_tag","embeddable":true,"href":"https:\/\/legitgrams.com\/cs\/wp-json\/wp\/v2\/product_tag?post=4311"}],"curies":[{"name":"wp","href":"https:\/\/api.w.org\/{rel}","templated":true}]}}