{"id":2929,"date":"2024-04-01T10:28:54","date_gmt":"2024-04-01T10:28:54","guid":{"rendered":"https:\/\/unkrautmarkt.com\/coke\/?post_type=product&#038;p=2929"},"modified":"2026-03-07T19:43:04","modified_gmt":"2026-03-07T19:43:04","slug":"kolumbianisches-kokain","status":"publish","type":"product","link":"https:\/\/legitgrams.com\/de\/produkt\/kolumbianisches-kokain\/","title":{"rendered":"Kolumbianisches Kokain online kaufen"},"content":{"rendered":"<h2>LegitGrams: Die beste Quelle f\u00fcr kolumbianisches Kokain zum Verkauf<\/h2>\n<p>Gr\u00fc\u00dfe von LegitGrams, dem besten Ort zum Kaufen <a href=\"https:\/\/legitgrams.com\/de\/produkt\/kolumbianisches-kokain\/\">Kolumbianisches Kokain<\/a> online. Wir sind sehr stolz darauf, die besten Kokainprodukte, diskreten Versand und erstklassigen Kundendienst anzubieten. Wenn Sie kolumbianisches Kokain kaufen m\u00f6chten, sind Sie bei uns an der richtigen Adresse. <a href=\"https:\/\/www.bing.com\/search?q=Buy%20Colombian%20Cocaine%20Online&amp;qs=n&amp;form=QBRE&amp;sp=-1&amp;lq=0&amp;pq=buy%20colombian%20cocaine%20online&amp;sc=0-28&amp;sk=&amp;cvid=A88CBB4A4C25408E96AA4571F1A801E2&amp;ghsh=0&amp;ghacc=0&amp;ghpl=\">kolumbianisches Kokain kaufen<\/a>.<\/p>\n<h3>Warum sollten Sie uns f\u00fcr Kokain aus Kolumbien ausw\u00e4hlen?<\/h3>\n<p>Wenn es darum geht <a href=\"https:\/\/www.bing.com\/search?q=Buy%20Colombian%20Cocaine%20Online&amp;qs=n&amp;form=QBRE&amp;sp=-1&amp;lq=0&amp;pq=buy%20colombian%20cocaine%20online&amp;sc=0-28&amp;sk=&amp;cvid=A88CBB4A4C25408E96AA4571F1A801E2&amp;ghsh=0&amp;ghacc=0&amp;ghpl=\">Kokain<\/a>Wenn es um Kokain geht, wissen wir bei LegitGrams, wie wichtig Reinheit und Qualit\u00e4t sind. Wir beziehen unsere Produkte direkt von zuverl\u00e4ssigen <a href=\"https:\/\/en.wikipedia.org\/wiki\/Cocaine\">kolumbianisch<\/a> Lieferanten, um zu garantieren, dass jede Charge unseren hohen Anforderungen entspricht. Sie k\u00f6nnen sicher sein, dass Sie ein Premiumprodukt erhalten, das umfangreichen Tests auf Wirksamkeit und Reinheit unterzogen wurde, wenn Sie kolumbianisches Kokain von uns kaufen. <a href=\"https:\/\/www.google.com\/search?q=Buy+Colombian+Cocaine+Online&amp;num=10&amp;sca_esv=1a2a07081c7891bb&amp;rlz=1C1RXQR_enIN1098IN1098&amp;sxsrf=AHTn8zoDVtqoi3h95QxHFHkCntkp0jhYkw%3A1741162326240&amp;ei=VgfIZ_muDo6SseMP74vikAg&amp;ved=0ahUKEwj5sc6Pv_KLAxUOSWwGHe-FGIIQ4dUDCBA&amp;uact=5&amp;oq=Buy+Colombian+Cocaine+Online&amp;gs_lp=Egxnd3Mtd2l6LXNlcnAiHEJ1eSBDb2xvbWJpYW4gQ29jYWluZSBPbmxpbmVIsAZQjwNYjwNwAngAkAEAmAHcAaAB3AGqAQMyLTG4AQPIAQD4AQL4AQGYAgCgAgCYAwCIBgGSBwCgB1A&amp;sclient=gws-wiz-serp\">kolumbianisches Kokain kaufen<\/a> from us.<\/p>\n<h3>So kaufen Sie online Kokain aus Kolumbien<\/h3>\n<p>Einkauf <a href=\"https:\/\/www.google.com\/search?q=Buy+Colombian+Cocaine+Online&amp;num=10&amp;sca_esv=1a2a07081c7891bb&amp;rlz=1C1RXQR_enIN1098IN1098&amp;sxsrf=AHTn8zoDVtqoi3h95QxHFHkCntkp0jhYkw%3A1741162326240&amp;ei=VgfIZ_muDo6SseMP74vikAg&amp;ved=0ahUKEwj5sc6Pv_KLAxUOSWwGHe-FGIIQ4dUDCBA&amp;uact=5&amp;oq=Buy+Colombian+Cocaine+Online&amp;gs_lp=Egxnd3Mtd2l6LXNlcnAiHEJ1eSBDb2xvbWJpYW4gQ29jYWluZSBPbmxpbmVIsAZQjwNYjwNwAngAkAEAmAHcAaAB3AGqAQMyLTG4AQPIAQD4AQL4AQGYAgCgAgCYAwCIBgGSBwCgB1A&amp;sclient=gws-wiz-serp\">Kokain aus Kolumbien zu verkaufen<\/a>. Es ist einfach und bequem, kolumbianisches Kokain online zu kaufen bei <a href=\"https:\/\/legitgrams.com\/de\/\">LegitGrams<\/a>. Sehen Sie sich einfach unseren Bestand an, w\u00e4hlen Sie die gew\u00fcnschte Menge aus und bezahlen Sie. Wir bieten diskrete Verpackung und sichere Zahlungsmethoden, sodass Sie sicher sein k\u00f6nnen, dass Ihre Privatsph\u00e4re in jeder Phase gesch\u00fctzt ist.<\/p>\n<h3>sofort kolumbianisches Kokain Kaufen!<\/h3>\n<p>Sind Sie bereit, <a href=\"https:\/\/duckduckgo.com\/?q=Buy+Colombian+Cocaine+Online&amp;t=h_&amp;ia=web\">kolumbianisches Kokain kaufen<\/a> Sind Sie bereit, kolumbianisches Kokain bequem von zu Hause aus zu kaufen? Sie k\u00f6nnen Ihre Bestellung aufgeben, wann immer es Ihnen passt, denn unser Online-Shop ist rund um die Uhr ge\u00f6ffnet. Wir haben das ideale Produkt f\u00fcr Ihre Bed\u00fcrfnisse, egal ob Sie Anf\u00e4nger oder erfahrener Kenner sind.<\/p>\n<h3>Wo kann man online Kokain aus Kolumbien kaufen?<\/h3>\n<p>Suchen Sie nicht weiter als LegitGrams, wenn Sie nach einem vertrauensw\u00fcrdigen Anbieter suchen von <a href=\"https:\/\/duckduckgo.com\/?q=Buy+Colombian+Cocaine+Online&amp;t=h_&amp;ia=web\">Kolumbianisches Kokain zu verkaufen<\/a>Wenn Sie nach einem vertrauensw\u00fcrdigen Lieferanten f\u00fcr kolumbianisches Kokain suchen, sind Sie bei LegitGrams an der richtigen Adresse. Dank unserer jahrelangen Erfahrung in diesem Bereich sind wir daf\u00fcr bekannt, unseren Kunden auf der ganzen Welt qualitativ hochwertige Produkte zu liefern. Sie k\u00f6nnen sicher sein, dass Sie immer das Original erhalten, wenn Sie kolumbianisches Kokain bei uns kaufen.<\/p>\n<h3>Investieren Sie vertrauensvoll online in kolumbianisches Kokain<\/h3>\n<p>Kundenzufriedenheit hat bei LegitGrams oberste Priorit\u00e4t. Aus diesem Grund bieten wir f\u00fcr jeden unserer Artikel eine Zufriedenheitsgarantie. Lassen Sie es uns einfach wissen, wenn Sie mit Ihrem Kauf nicht ganz zufrieden sind, und wir werden das Problem l\u00f6sen. Ihre Zufriedenheit ist unser oberstes Anliegen.<\/p>\n<p>LegitGrams ist der beste Ort, um kolumbianisches Kokain online zu kaufen, da sie diskreten Versand, hochwertige Artikel und hervorragenden Kundenservice bieten. Bestellen Sie noch heute und erleben Sie den Unterschied selbst.<\/p>","protected":false},"excerpt":{"rendered":"<p>LegitGrams: The Best Source for Colombian Cocaine for Sale Greetings from LegitGrams, the best place to purchase Colombian cocaine online. We take great satisfaction in offering the best cocaine goods, discreet shipment, and first-rate customer support. You&#8217;ve come to the correct spot if you&#8217;re trying to buy Colombian cocaine. Why Pick Us for Cocaine from &hellip;<\/p>\n<p class=\"read-more\"> <a class=\"\" href=\"https:\/\/legitgrams.com\/de\/produkt\/kolumbianisches-kokain\/\"> <span class=\"screen-reader-text\">Kolumbianisches Kokain online kaufen<\/span> Mehr lesen \"<\/a><\/p>","protected":false},"featured_media":2945,"comment_status":"open","ping_status":"closed","template":"","meta":{"_uag_custom_page_level_css":"","site-sidebar-layout":"default","site-content-layout":"default","ast-global-header-display":"","ast-main-header-display":"","ast-hfb-above-header-display":"","ast-hfb-below-header-display":"","ast-hfb-mobile-header-display":"","site-post-title":"","ast-breadcrumbs-content":"","ast-featured-img":"","footer-sml-layout":"","theme-transparent-header-meta":"default","adv-header-id-meta":"","stick-header-meta":"default","header-above-stick-meta":"","header-main-stick-meta":"","header-below-stick-meta":"","_joinchat":[]},"product_brand":[],"product_cat":[70],"product_tag":[136,137,138,139,140,141,142,143,144,145,146,147,148,149],"class_list":{"0":"post-2929","1":"product","2":"type-product","3":"status-publish","4":"has-post-thumbnail","6":"product_cat-cocaine","7":"product_tag-benefits-of-colombian-cocaine","8":"product_tag-best-place-to-order-colombian-cocaine","9":"product_tag-buy-colombian-cocaine-legally","10":"product_tag-buy-colombian-cocaine-online-near-me","11":"product_tag-cheap-colombian-cocaine","12":"product_tag-colombian-cocaine-for-sale","13":"product_tag-colombian-cocaine-price","14":"product_tag-colombian-cocaine-wholesale","15":"product_tag-how-can-i-get-the-best-colombian-cocaine","16":"product_tag-how-to-order-colombian-cocaine","17":"product_tag-legit-colombian-cocaine-online","18":"product_tag-what-is-colombian-cocaine","19":"product_tag-where-can-i-buy-colombian-cocaine","20":"product_tag-where-to-buy-colombian-cocaine","21":"desktop-align-left","22":"tablet-align-left","23":"mobile-align-left","24":"ast-product-gallery-layout-horizontal","25":"ast-product-gallery-with-no-image","26":"ast-product-single-variable","27":"ast-product-tabs-layout-horizontal","28":"ast-qv-on-image","30":"first","31":"instock","32":"featured","33":"shipping-taxable","34":"purchasable","35":"product-type-variable"},"yoast_head":"<!-- This site is optimized with the Yoast SEO plugin v25.9 - https:\/\/yoast.com\/wordpress\/plugins\/seo\/ -->\n<title>Colombian Cocaine for Sale - Order Colombian Cocaine Online<\/title>\n<meta name=\"description\" content=\"Looking to buy Colombian Cocaine online at a reasonable price? Visit our reputable online chemical store and get Colombian Cocaine for sale today. Place an order now and get the best rate in our store.\" \/>\n<meta name=\"robots\" content=\"index, follow, max-snippet:-1, max-image-preview:large, max-video-preview:-1\" \/>\n<link rel=\"canonical\" href=\"https:\/\/legitgrams.com\/de\/produkt\/kolumbianisches-kokain\/\" \/>\n<meta property=\"og:locale\" content=\"de_DE\" \/>\n<meta property=\"og:type\" content=\"article\" \/>\n<meta property=\"og:title\" content=\"Colombian Cocaine for Sale - Order Colombian Cocaine Online\" \/>\n<meta property=\"og:description\" content=\"Looking to buy Colombian Cocaine online at a reasonable price? Visit our reputable online chemical store and get Colombian Cocaine for sale today. Place an order now and get the best rate in our store.\" \/>\n<meta property=\"og:url\" content=\"https:\/\/legitgrams.com\/de\/produkt\/kolumbianisches-kokain\/\" \/>\n<meta property=\"og:site_name\" content=\"Legit Grams\" \/>\n<meta property=\"article:modified_time\" content=\"2026-03-07T19:43:04+00:00\" \/>\n<meta property=\"og:image\" content=\"https:\/\/legitgrams.com\/wp-content\/uploads\/2024\/04\/colombian-cocaine.jpg\" \/>\n\t<meta property=\"og:image:width\" content=\"600\" \/>\n\t<meta property=\"og:image:height\" content=\"600\" \/>\n\t<meta property=\"og:image:type\" content=\"image\/jpeg\" \/>\n<meta name=\"twitter:card\" content=\"summary_large_image\" \/>\n<meta name=\"twitter:label1\" content=\"Gesch\u00e4tzte Lesezeit\" \/>\n\t<meta name=\"twitter:data1\" content=\"2\u00a0Minuten\" \/>\n<script type=\"application\/ld+json\" class=\"yoast-schema-graph\">{\"@context\":\"https:\/\/schema.org\",\"@graph\":[{\"@type\":\"WebPage\",\"@id\":\"https:\/\/legitgrams.com\/product\/colombian-cocaine\/\",\"url\":\"https:\/\/legitgrams.com\/product\/colombian-cocaine\/\",\"name\":\"Colombian Cocaine for Sale - Order Colombian Cocaine Online\",\"isPartOf\":{\"@id\":\"https:\/\/legitgrams.com\/#website\"},\"primaryImageOfPage\":{\"@id\":\"https:\/\/legitgrams.com\/product\/colombian-cocaine\/#primaryimage\"},\"image\":{\"@id\":\"https:\/\/legitgrams.com\/product\/colombian-cocaine\/#primaryimage\"},\"thumbnailUrl\":\"https:\/\/legitgrams.com\/wp-content\/uploads\/2024\/04\/colombian-cocaine.jpg\",\"datePublished\":\"2024-04-01T10:28:54+00:00\",\"dateModified\":\"2026-03-07T19:43:04+00:00\",\"description\":\"Looking to buy Colombian Cocaine online at a reasonable price? Visit our reputable online chemical store and get Colombian Cocaine for sale today. Place an order now and get the best rate in our store.\",\"breadcrumb\":{\"@id\":\"https:\/\/legitgrams.com\/product\/colombian-cocaine\/#breadcrumb\"},\"inLanguage\":\"de\",\"potentialAction\":[{\"@type\":\"ReadAction\",\"target\":[\"https:\/\/legitgrams.com\/product\/colombian-cocaine\/\"]}]},{\"@type\":\"ImageObject\",\"inLanguage\":\"de\",\"@id\":\"https:\/\/legitgrams.com\/product\/colombian-cocaine\/#primaryimage\",\"url\":\"https:\/\/legitgrams.com\/wp-content\/uploads\/2024\/04\/colombian-cocaine.jpg\",\"contentUrl\":\"https:\/\/legitgrams.com\/wp-content\/uploads\/2024\/04\/colombian-cocaine.jpg\",\"width\":600,\"height\":600,\"caption\":\"Colombian Cocaine for Sale\"},{\"@type\":\"BreadcrumbList\",\"@id\":\"https:\/\/legitgrams.com\/product\/colombian-cocaine\/#breadcrumb\",\"itemListElement\":[{\"@type\":\"ListItem\",\"position\":1,\"name\":\"Home\",\"item\":\"https:\/\/legitgrams.com\/\"},{\"@type\":\"ListItem\",\"position\":2,\"name\":\"Shop\",\"item\":\"https:\/\/legitgrams.com\/shop\/\"},{\"@type\":\"ListItem\",\"position\":3,\"name\":\"Buy Colombian Cocaine Online\"}]},{\"@type\":\"WebSite\",\"@id\":\"https:\/\/legitgrams.com\/#website\",\"url\":\"https:\/\/legitgrams.com\/\",\"name\":\"Legit Grams\",\"description\":\"My WordPress Blog\",\"publisher\":{\"@id\":\"https:\/\/legitgrams.com\/#organization\"},\"potentialAction\":[{\"@type\":\"SearchAction\",\"target\":{\"@type\":\"EntryPoint\",\"urlTemplate\":\"https:\/\/legitgrams.com\/?s={search_term_string}\"},\"query-input\":{\"@type\":\"PropertyValueSpecification\",\"valueRequired\":true,\"valueName\":\"search_term_string\"}}],\"inLanguage\":\"de\"},{\"@type\":\"Organization\",\"@id\":\"https:\/\/legitgrams.com\/#organization\",\"name\":\"Legit Grams\",\"url\":\"https:\/\/legitgrams.com\/\",\"logo\":{\"@type\":\"ImageObject\",\"inLanguage\":\"de\",\"@id\":\"https:\/\/legitgrams.com\/#\/schema\/logo\/image\/\",\"url\":\"https:\/\/legitgrams.com\/wp-content\/uploads\/2024\/09\/main-logo.png\",\"contentUrl\":\"https:\/\/legitgrams.com\/wp-content\/uploads\/2024\/09\/main-logo.png\",\"width\":270,\"height\":75,\"caption\":\"Legit Grams\"},\"image\":{\"@id\":\"https:\/\/legitgrams.com\/#\/schema\/logo\/image\/\"}}]}<\/script>\n<!-- \/ Yoast SEO plugin. -->","yoast_head_json":{"title":"Kolumbianisches Kokain zu verkaufen - Kolumbianisches Kokain online bestellen","description":"M\u00f6chten Sie kolumbianisches Kokain zu einem g\u00fcnstigen Preis online kaufen? Besuchen Sie unser seri\u00f6ses Online-Chemiegesch\u00e4ft und erhalten Sie kolumbianisches Kokain zum Verkauf noch heute. Geben Sie jetzt eine Bestellung auf und erhalten Sie den besten Preis in unserem Shop.","robots":{"index":"index","follow":"follow","max-snippet":"max-snippet:-1","max-image-preview":"max-image-preview:large","max-video-preview":"max-video-preview:-1"},"canonical":"https:\/\/legitgrams.com\/de\/produkt\/kolumbianisches-kokain\/","og_locale":"de_DE","og_type":"article","og_title":"Colombian Cocaine for Sale - Order Colombian Cocaine Online","og_description":"Looking to buy Colombian Cocaine online at a reasonable price? Visit our reputable online chemical store and get Colombian Cocaine for sale today. Place an order now and get the best rate in our store.","og_url":"https:\/\/legitgrams.com\/de\/produkt\/kolumbianisches-kokain\/","og_site_name":"Legit Grams","article_modified_time":"2026-03-07T19:43:04+00:00","og_image":[{"width":600,"height":600,"url":"https:\/\/legitgrams.com\/wp-content\/uploads\/2024\/04\/colombian-cocaine.jpg","type":"image\/jpeg"}],"twitter_card":"summary_large_image","twitter_misc":{"Gesch\u00e4tzte Lesezeit":"2\u00a0Minuten"},"schema":{"@context":"https:\/\/schema.org","@graph":[{"@type":"WebPage","@id":"https:\/\/legitgrams.com\/product\/colombian-cocaine\/","url":"https:\/\/legitgrams.com\/product\/colombian-cocaine\/","name":"Kolumbianisches Kokain zu verkaufen - Kolumbianisches Kokain online bestellen","isPartOf":{"@id":"https:\/\/legitgrams.com\/#website"},"primaryImageOfPage":{"@id":"https:\/\/legitgrams.com\/product\/colombian-cocaine\/#primaryimage"},"image":{"@id":"https:\/\/legitgrams.com\/product\/colombian-cocaine\/#primaryimage"},"thumbnailUrl":"https:\/\/legitgrams.com\/wp-content\/uploads\/2024\/04\/colombian-cocaine.jpg","datePublished":"2024-04-01T10:28:54+00:00","dateModified":"2026-03-07T19:43:04+00:00","description":"M\u00f6chten Sie kolumbianisches Kokain zu einem g\u00fcnstigen Preis online kaufen? Besuchen Sie unser seri\u00f6ses Online-Chemiegesch\u00e4ft und erhalten Sie kolumbianisches Kokain zum Verkauf noch heute. Geben Sie jetzt eine Bestellung auf und erhalten Sie den besten Preis in unserem Shop.","breadcrumb":{"@id":"https:\/\/legitgrams.com\/product\/colombian-cocaine\/#breadcrumb"},"inLanguage":"de","potentialAction":[{"@type":"ReadAction","target":["https:\/\/legitgrams.com\/product\/colombian-cocaine\/"]}]},{"@type":"ImageObject","inLanguage":"de","@id":"https:\/\/legitgrams.com\/product\/colombian-cocaine\/#primaryimage","url":"https:\/\/legitgrams.com\/wp-content\/uploads\/2024\/04\/colombian-cocaine.jpg","contentUrl":"https:\/\/legitgrams.com\/wp-content\/uploads\/2024\/04\/colombian-cocaine.jpg","width":600,"height":600,"caption":"Colombian Cocaine for Sale"},{"@type":"BreadcrumbList","@id":"https:\/\/legitgrams.com\/product\/colombian-cocaine\/#breadcrumb","itemListElement":[{"@type":"ListItem","position":1,"name":"Home","item":"https:\/\/legitgrams.com\/"},{"@type":"ListItem","position":2,"name":"Shop","item":"https:\/\/legitgrams.com\/shop\/"},{"@type":"ListItem","position":3,"name":"Buy Colombian Cocaine Online"}]},{"@type":"WebSite","@id":"https:\/\/legitgrams.com\/#website","url":"https:\/\/legitgrams.com\/","name":"Legitimer Grammwert","description":"Mein WordPress-Blog","publisher":{"@id":"https:\/\/legitgrams.com\/#organization"},"potentialAction":[{"@type":"SearchAction","target":{"@type":"EntryPoint","urlTemplate":"https:\/\/legitgrams.com\/?s={search_term_string}"},"query-input":{"@type":"PropertyValueSpecification","valueRequired":true,"valueName":"search_term_string"}}],"inLanguage":"de"},{"@type":"Organization","@id":"https:\/\/legitgrams.com\/#organization","name":"Legitimer Grammwert","url":"https:\/\/legitgrams.com\/","logo":{"@type":"ImageObject","inLanguage":"de","@id":"https:\/\/legitgrams.com\/#\/schema\/logo\/image\/","url":"https:\/\/legitgrams.com\/wp-content\/uploads\/2024\/09\/main-logo.png","contentUrl":"https:\/\/legitgrams.com\/wp-content\/uploads\/2024\/09\/main-logo.png","width":270,"height":75,"caption":"Legit Grams"},"image":{"@id":"https:\/\/legitgrams.com\/#\/schema\/logo\/image\/"}}]}},"uagb_featured_image_src":{"full":["https:\/\/legitgrams.com\/wp-content\/uploads\/2024\/04\/colombian-cocaine.jpg",600,600,false],"thumbnail":["https:\/\/legitgrams.com\/wp-content\/uploads\/2024\/04\/colombian-cocaine-150x150.jpg",150,150,true],"medium":["https:\/\/legitgrams.com\/wp-content\/uploads\/2024\/04\/colombian-cocaine-300x300.jpg",300,300,true],"medium_large":["https:\/\/legitgrams.com\/wp-content\/uploads\/2024\/04\/colombian-cocaine.jpg",600,600,false],"large":["https:\/\/legitgrams.com\/wp-content\/uploads\/2024\/04\/colombian-cocaine.jpg",600,600,false],"1536x1536":["https:\/\/legitgrams.com\/wp-content\/uploads\/2024\/04\/colombian-cocaine.jpg",600,600,false],"2048x2048":["https:\/\/legitgrams.com\/wp-content\/uploads\/2024\/04\/colombian-cocaine.jpg",600,600,false],"trp-custom-language-flag":["https:\/\/legitgrams.com\/wp-content\/uploads\/2024\/04\/colombian-cocaine.jpg",12,12,false],"woocommerce_thumbnail":["https:\/\/legitgrams.com\/wp-content\/uploads\/2024\/04\/colombian-cocaine-300x300.jpg",300,300,true],"woocommerce_single":["https:\/\/legitgrams.com\/wp-content\/uploads\/2024\/04\/colombian-cocaine.jpg",600,600,false],"woocommerce_gallery_thumbnail":["https:\/\/legitgrams.com\/wp-content\/uploads\/2024\/04\/colombian-cocaine-100x100.jpg",100,100,true]},"uagb_author_info":{"display_name":"cokeblog18","author_link":"https:\/\/legitgrams.com\/de\/author\/"},"uagb_comment_info":2,"uagb_excerpt":"LegitGrams: The Best Source for Colombian Cocaine for Sale Greetings from LegitGrams, the best place to purchase Colombian cocaine online. We take great satisfaction in offering the best cocaine goods, discreet shipment, and first-rate customer support. You&#8217;ve come to the correct spot if you&#8217;re trying to buy Colombian cocaine. Why Pick Us for Cocaine from&hellip;","_links":{"self":[{"href":"https:\/\/legitgrams.com\/de\/wp-json\/wp\/v2\/product\/2929","targetHints":{"allow":["GET"]}}],"collection":[{"href":"https:\/\/legitgrams.com\/de\/wp-json\/wp\/v2\/product"}],"about":[{"href":"https:\/\/legitgrams.com\/de\/wp-json\/wp\/v2\/types\/product"}],"replies":[{"embeddable":true,"href":"https:\/\/legitgrams.com\/de\/wp-json\/wp\/v2\/comments?post=2929"}],"wp:featuredmedia":[{"embeddable":true,"href":"https:\/\/legitgrams.com\/de\/wp-json\/wp\/v2\/media\/2945"}],"wp:attachment":[{"href":"https:\/\/legitgrams.com\/de\/wp-json\/wp\/v2\/media?parent=2929"}],"wp:term":[{"taxonomy":"product_brand","embeddable":true,"href":"https:\/\/legitgrams.com\/de\/wp-json\/wp\/v2\/product_brand?post=2929"},{"taxonomy":"product_cat","embeddable":true,"href":"https:\/\/legitgrams.com\/de\/wp-json\/wp\/v2\/product_cat?post=2929"},{"taxonomy":"product_tag","embeddable":true,"href":"https:\/\/legitgrams.com\/de\/wp-json\/wp\/v2\/product_tag?post=2929"}],"curies":[{"name":"wp","href":"https:\/\/api.w.org\/{rel}","templated":true}]}}