{"id":2930,"date":"2024-04-01T10:28:54","date_gmt":"2024-04-01T10:28:54","guid":{"rendered":"https:\/\/unkrautmarkt.com\/coke\/?post_type=product&#038;p=2930"},"modified":"2025-01-14T10:36:54","modified_gmt":"2025-01-14T10:36:54","slug":"peruanisches-kokain","status":"publish","type":"product","link":"https:\/\/legitgrams.com\/de\/produkt\/peruanisches-kokain\/","title":{"rendered":"Peruanisches Kokain"},"content":{"rendered":"<h2>Peruanisches Kokain online kaufen \u2013 Kokain in Premiumqualit\u00e4t zu verkaufen<\/h2>\n<p style=\"text-align: justify;\">Mit uns k\u00f6nnen Sie <a href=\"https:\/\/legitgrams.com\/de\/produkt\/peruanisches-kokain\/\"><strong>Kaufen Sie peruanisches Kokain <\/strong><\/a>von h\u00f6chster Qualit\u00e4t mit Leichtigkeit und Vertraulichkeit. Bei LegitGrams sind wir stolz darauf, erstklassige <strong>Kokain zu verkaufen<\/strong>Dadurch wird ein nahtloses und sicheres Einkaufserlebnis f\u00fcr unsere gesch\u00e4tzten Kunden gew\u00e4hrleistet.<\/p>\n<h3>Warum sollten Sie LegitGrams w\u00e4hlen, um online Kokain aus Peru zu kaufen?<\/h3>\n<p>Wenn Sie Kokain aus Peru online kaufen m\u00f6chten, ist LegitGrams die richtige Adresse. Wir sind aus folgenden Gr\u00fcnden der beste Ort, um peruanisches Kokain zu kaufen:<\/p>\n<p><strong>\u00dcberlegene Qualit\u00e4t:<\/strong><\/p>\n<p>Wir beziehen unser peruanisches Kokain online direkt von zuverl\u00e4ssigen Anbietern und stellen so seine bemerkenswerte Wirksamkeit und Reinheit sicher. Da wir den Wert von Qualit\u00e4t kennen, stellen wir sicher, dass jede Kokaincharge strenge Anforderungen erf\u00fcllt, bevor sie an unsere Kunden gesendet wird.<\/p>\n<p><strong>Sichere und verdeckte Lieferung:<\/strong><\/p>\n<p>Die Sicherheit und die Privatsph\u00e4re unserer Kunden haben f\u00fcr uns oberste Priorit\u00e4t. Dank unserer diskreten Verpackung und sicheren Versandtechniken kommt Ihre Sendung sicher und problemlos an. Wir treffen alle Vorkehrungen, um Ihre Identit\u00e4t und Informationen zu sch\u00fctzen, denn wir sch\u00e4tzen Ihre Privatsph\u00e4re. <a style=\"font-size: 16px; background-color: #ffffff;\" href=\"https:\/\/legitgrams.com\/de\/\">LegitGrams<\/a><\/p>\n<ol style=\"text-align: justify;\" start=\"3\">\n<li><strong> Einfacher Bestellvorgang:<\/strong><\/li>\n<\/ol>\n<p style=\"text-align: justify;\"><strong>Online-Kauf von peruanischem Kokain<\/strong> war noch nie so einfach. Auf unserer benutzerfreundlichen Website k\u00f6nnen Sie unsere Produkte durchsuchen, Ihre Bestellung aufgeben und die Transaktion nahtlos abschlie\u00dfen. Unsere intuitive Schnittstelle macht den Kaufprozess schnell und bequem.<\/p>\n<ol style=\"text-align: justify;\" start=\"4\">\n<li><strong> Zuverl\u00e4ssige Kundenbetreuung:<\/strong><\/li>\n<\/ol>\n<p style=\"text-align: justify;\">Unser engagiertes Kundenbetreuungsteam steht Ihnen bei jedem Schritt zur Seite. Ganz gleich, ob Sie Fragen zu unseren Produkten haben, Hilfe bei Ihrer Bestellung ben\u00f6tigen oder sonstige Unterst\u00fctzung w\u00fcnschen, unsere freundlichen Mitarbeiter sind immer bereit, Ihnen zu helfen.<\/p>\n<p style=\"text-align: justify;\"><strong>Wie man peruanisches Kokain von LegitGrams kauft:<\/strong><\/p>\n<ol style=\"text-align: justify;\">\n<li>St\u00f6bern Sie in unserer Auswahl an erstklassigem peruanischem Kokain.<\/li>\n<li>W\u00e4hlen Sie die Menge und Potenz, die Ihren Bed\u00fcrfnissen entspricht.<\/li>\n<li>Legen Sie die gew\u00fcnschten Produkte in Ihren Warenkorb und gehen Sie zur Kasse.<\/li>\n<li>F\u00fcllen Sie Ihre Versand- und Zahlungsdaten sicher aus.<\/li>\n<li>F\u00fcllen Sie Ihre Bestellung aus, und wir k\u00fcmmern uns um den Rest und sorgen f\u00fcr eine schnelle und diskrete Lieferung an Ihre Haust\u00fcr.<\/li>\n<\/ol>\n<p style=\"text-align: justify;\"><strong>Jetzt peruanisches Kokain online bestellen!<\/strong><\/p>\n<p style=\"text-align: justify;\">Sind Sie bereit, die unvergleichliche Qualit\u00e4t und den Komfort von <strong>Peruanisches Kokain online kaufen<\/strong>? Geben Sie Ihre Bestellung bei LegitGrams noch heute auf und genie\u00dfen Sie ein diskretes, problemloses Einkaufserlebnis. Wir garantieren die besten Preise, hervorragende Qualit\u00e4t und au\u00dfergew\u00f6hnlichen Kundenservice bei jedem Kauf.<\/p>\n<p style=\"text-align: justify;\">Wir von LegitGrams sind bestrebt, Ihnen die besten <strong>Peruanisches Kokain zum Online-Verkauf<\/strong>. Vertrauen Sie uns Ihre Kokain-Bed\u00fcrfnisse an, und wir sorgen daf\u00fcr, dass Sie Ihre Bestellung sicher und diskret erhalten. <strong>Peruanisch kaufen <a href=\"https:\/\/en.wikipedia.org\/wiki\/Cocaine\">Kokain<\/a> online <\/strong>von uns und verbessern Sie Ihr Erlebnis mit erstklassigen Produkten.<\/p>","protected":false},"excerpt":{"rendered":"<p>Purchase Peruvian Cocaine Online &#8211; Premium Quality Cocaine for Sale With us, you can buy Peruvian Cocaine of the highest quality with ease and confidentiality. At LegitGrams, we pride ourselves on offering premium-grade cocaine for sale, ensuring a seamless and secure shopping experience for our valued customers. Why Pick LegitGrams to Purchase Cocaine from Peru &hellip;<\/p>\n<p class=\"read-more\"> <a class=\"\" href=\"https:\/\/legitgrams.com\/de\/produkt\/peruanisches-kokain\/\"> <span class=\"screen-reader-text\">Peruanisches Kokain<\/span> Mehr lesen \"<\/a><\/p>","protected":false},"featured_media":2946,"comment_status":"open","ping_status":"closed","template":"","meta":{"_uag_custom_page_level_css":"","site-sidebar-layout":"default","site-content-layout":"default","ast-global-header-display":"","ast-main-header-display":"","ast-hfb-above-header-display":"","ast-hfb-below-header-display":"","ast-hfb-mobile-header-display":"","site-post-title":"","ast-breadcrumbs-content":"","ast-featured-img":"","footer-sml-layout":"","theme-transparent-header-meta":"default","adv-header-id-meta":"","stick-header-meta":"default","header-above-stick-meta":"","header-main-stick-meta":"","header-below-stick-meta":"","_joinchat":[]},"product_brand":[],"product_cat":[70],"product_tag":[150,151,152,153,154,155,156,157,158,159,160,161,162,163,164,165],"class_list":{"0":"post-2930","1":"product","2":"type-product","3":"status-publish","4":"has-post-thumbnail","6":"product_cat-cocaine","7":"product_tag-benefits-of-peruvian-cocaine","8":"product_tag-best-place-to-order-peruvian-cocaine","9":"product_tag-buy-peruvian-cocaine-legally","10":"product_tag-buy-peruvian-cocaine-online-australia","11":"product_tag-buy-peruvian-cocaine-online-near-me","12":"product_tag-buy-peruvian-cocaine-online-usa","13":"product_tag-cheap-peruvian-cocaine","14":"product_tag-how-can-i-get-the-best-peruvian-cocaine","15":"product_tag-how-to-order-peruvian-cocaine","16":"product_tag-legit-peruvian-cocaine-online","17":"product_tag-peruvian-cocaine-for-sale","18":"product_tag-peruvian-cocaine-price","19":"product_tag-peruvian-cocaine-wholesale","20":"product_tag-what-is-peruvian-cocaine","21":"product_tag-where-can-i-buy-peruvian-cocaine","22":"product_tag-where-to-buy-peruvian-cocaine","23":"desktop-align-left","24":"tablet-align-left","25":"mobile-align-left","26":"ast-product-gallery-layout-horizontal","27":"ast-product-gallery-with-no-image","28":"ast-product-single-variable","29":"ast-product-tabs-layout-horizontal","30":"ast-qv-on-image","32":"first","33":"instock","34":"shipping-taxable","35":"purchasable","36":"product-type-variable"},"yoast_head":"<!-- This site is optimized with the Yoast SEO plugin v25.9 - https:\/\/yoast.com\/wordpress\/plugins\/seo\/ -->\n<title>Peruvian Cocaine for Sale - Buy Peruvian Cocaine Online<\/title>\n<meta name=\"description\" content=\"If you want to buy Peruvian Cocaine online and looking for a reliable online store, then buy here. We offer only high-quality Peruvian Cocaine for sale at an affordable price. Order Peruvian Cocaine Now!\" \/>\n<meta name=\"robots\" content=\"index, follow, max-snippet:-1, max-image-preview:large, max-video-preview:-1\" \/>\n<link rel=\"canonical\" href=\"https:\/\/legitgrams.com\/de\/produkt\/peruanisches-kokain\/\" \/>\n<meta property=\"og:locale\" content=\"de_DE\" \/>\n<meta property=\"og:type\" content=\"article\" \/>\n<meta property=\"og:title\" content=\"Peruvian Cocaine for Sale - Buy Peruvian Cocaine Online\" \/>\n<meta property=\"og:description\" content=\"If you want to buy Peruvian Cocaine online and looking for a reliable online store, then buy here. We offer only high-quality Peruvian Cocaine for sale at an affordable price. Order Peruvian Cocaine Now!\" \/>\n<meta property=\"og:url\" content=\"https:\/\/legitgrams.com\/de\/produkt\/peruanisches-kokain\/\" \/>\n<meta property=\"og:site_name\" content=\"Legit Grams\" \/>\n<meta property=\"article:modified_time\" content=\"2025-01-14T10:36:54+00:00\" \/>\n<meta property=\"og:image\" content=\"https:\/\/legitgrams.com\/wp-content\/uploads\/2024\/04\/peruvian-cocaine.jpg\" \/>\n\t<meta property=\"og:image:width\" content=\"600\" \/>\n\t<meta property=\"og:image:height\" content=\"600\" \/>\n\t<meta property=\"og:image:type\" content=\"image\/jpeg\" \/>\n<meta name=\"twitter:card\" content=\"summary_large_image\" \/>\n<meta name=\"twitter:label1\" content=\"Gesch\u00e4tzte Lesezeit\" \/>\n\t<meta name=\"twitter:data1\" content=\"2\u00a0Minuten\" \/>\n<script type=\"application\/ld+json\" class=\"yoast-schema-graph\">{\"@context\":\"https:\/\/schema.org\",\"@graph\":[{\"@type\":\"WebPage\",\"@id\":\"https:\/\/legitgrams.com\/product\/peruvian-cocaine\/\",\"url\":\"https:\/\/legitgrams.com\/product\/peruvian-cocaine\/\",\"name\":\"Peruvian Cocaine for Sale - Buy Peruvian Cocaine Online\",\"isPartOf\":{\"@id\":\"https:\/\/legitgrams.com\/#website\"},\"primaryImageOfPage\":{\"@id\":\"https:\/\/legitgrams.com\/product\/peruvian-cocaine\/#primaryimage\"},\"image\":{\"@id\":\"https:\/\/legitgrams.com\/product\/peruvian-cocaine\/#primaryimage\"},\"thumbnailUrl\":\"https:\/\/legitgrams.com\/wp-content\/uploads\/2024\/04\/peruvian-cocaine.jpg\",\"datePublished\":\"2024-04-01T10:28:54+00:00\",\"dateModified\":\"2025-01-14T10:36:54+00:00\",\"description\":\"If you want to buy Peruvian Cocaine online and looking for a reliable online store, then buy here. We offer only high-quality Peruvian Cocaine for sale at an affordable price. Order Peruvian Cocaine Now!\",\"breadcrumb\":{\"@id\":\"https:\/\/legitgrams.com\/product\/peruvian-cocaine\/#breadcrumb\"},\"inLanguage\":\"de\",\"potentialAction\":[{\"@type\":\"ReadAction\",\"target\":[\"https:\/\/legitgrams.com\/product\/peruvian-cocaine\/\"]}]},{\"@type\":\"ImageObject\",\"inLanguage\":\"de\",\"@id\":\"https:\/\/legitgrams.com\/product\/peruvian-cocaine\/#primaryimage\",\"url\":\"https:\/\/legitgrams.com\/wp-content\/uploads\/2024\/04\/peruvian-cocaine.jpg\",\"contentUrl\":\"https:\/\/legitgrams.com\/wp-content\/uploads\/2024\/04\/peruvian-cocaine.jpg\",\"width\":600,\"height\":600,\"caption\":\"Peruvian Cocaine for Sale\"},{\"@type\":\"BreadcrumbList\",\"@id\":\"https:\/\/legitgrams.com\/product\/peruvian-cocaine\/#breadcrumb\",\"itemListElement\":[{\"@type\":\"ListItem\",\"position\":1,\"name\":\"Home\",\"item\":\"https:\/\/legitgrams.com\/\"},{\"@type\":\"ListItem\",\"position\":2,\"name\":\"Shop\",\"item\":\"https:\/\/legitgrams.com\/shop\/\"},{\"@type\":\"ListItem\",\"position\":3,\"name\":\"Peruvian Cocaine\"}]},{\"@type\":\"WebSite\",\"@id\":\"https:\/\/legitgrams.com\/#website\",\"url\":\"https:\/\/legitgrams.com\/\",\"name\":\"Legit Grams\",\"description\":\"My WordPress Blog\",\"publisher\":{\"@id\":\"https:\/\/legitgrams.com\/#organization\"},\"potentialAction\":[{\"@type\":\"SearchAction\",\"target\":{\"@type\":\"EntryPoint\",\"urlTemplate\":\"https:\/\/legitgrams.com\/?s={search_term_string}\"},\"query-input\":{\"@type\":\"PropertyValueSpecification\",\"valueRequired\":true,\"valueName\":\"search_term_string\"}}],\"inLanguage\":\"de\"},{\"@type\":\"Organization\",\"@id\":\"https:\/\/legitgrams.com\/#organization\",\"name\":\"Legit Grams\",\"url\":\"https:\/\/legitgrams.com\/\",\"logo\":{\"@type\":\"ImageObject\",\"inLanguage\":\"de\",\"@id\":\"https:\/\/legitgrams.com\/#\/schema\/logo\/image\/\",\"url\":\"https:\/\/legitgrams.com\/wp-content\/uploads\/2024\/09\/main-logo.png\",\"contentUrl\":\"https:\/\/legitgrams.com\/wp-content\/uploads\/2024\/09\/main-logo.png\",\"width\":270,\"height\":75,\"caption\":\"Legit Grams\"},\"image\":{\"@id\":\"https:\/\/legitgrams.com\/#\/schema\/logo\/image\/\"}}]}<\/script>\n<!-- \/ Yoast SEO plugin. -->","yoast_head_json":{"title":"Peruanisches Kokain zu verkaufen - Peruanisches Kokain online kaufen","description":"Wenn Sie peruanisches Kokain online kaufen m\u00f6chten und nach einem zuverl\u00e4ssigen Online-Shop suchen, dann kaufen Sie hier. Wir bieten nur qualitativ hochwertiges peruanisches Kokain zum Verkauf zu einem erschwinglichen Preis. Bestellen Sie peruanisches Kokain jetzt!","robots":{"index":"index","follow":"follow","max-snippet":"max-snippet:-1","max-image-preview":"max-image-preview:large","max-video-preview":"max-video-preview:-1"},"canonical":"https:\/\/legitgrams.com\/de\/produkt\/peruanisches-kokain\/","og_locale":"de_DE","og_type":"article","og_title":"Peruvian Cocaine for Sale - Buy Peruvian Cocaine Online","og_description":"If you want to buy Peruvian Cocaine online and looking for a reliable online store, then buy here. We offer only high-quality Peruvian Cocaine for sale at an affordable price. Order Peruvian Cocaine Now!","og_url":"https:\/\/legitgrams.com\/de\/produkt\/peruanisches-kokain\/","og_site_name":"Legit Grams","article_modified_time":"2025-01-14T10:36:54+00:00","og_image":[{"width":600,"height":600,"url":"https:\/\/legitgrams.com\/wp-content\/uploads\/2024\/04\/peruvian-cocaine.jpg","type":"image\/jpeg"}],"twitter_card":"summary_large_image","twitter_misc":{"Gesch\u00e4tzte Lesezeit":"2\u00a0Minuten"},"schema":{"@context":"https:\/\/schema.org","@graph":[{"@type":"WebPage","@id":"https:\/\/legitgrams.com\/product\/peruvian-cocaine\/","url":"https:\/\/legitgrams.com\/product\/peruvian-cocaine\/","name":"Peruanisches Kokain zu verkaufen - Peruanisches Kokain online kaufen","isPartOf":{"@id":"https:\/\/legitgrams.com\/#website"},"primaryImageOfPage":{"@id":"https:\/\/legitgrams.com\/product\/peruvian-cocaine\/#primaryimage"},"image":{"@id":"https:\/\/legitgrams.com\/product\/peruvian-cocaine\/#primaryimage"},"thumbnailUrl":"https:\/\/legitgrams.com\/wp-content\/uploads\/2024\/04\/peruvian-cocaine.jpg","datePublished":"2024-04-01T10:28:54+00:00","dateModified":"2025-01-14T10:36:54+00:00","description":"Wenn Sie peruanisches Kokain online kaufen m\u00f6chten und nach einem zuverl\u00e4ssigen Online-Shop suchen, dann kaufen Sie hier. Wir bieten nur qualitativ hochwertiges peruanisches Kokain zum Verkauf zu einem erschwinglichen Preis. Bestellen Sie peruanisches Kokain jetzt!","breadcrumb":{"@id":"https:\/\/legitgrams.com\/product\/peruvian-cocaine\/#breadcrumb"},"inLanguage":"de","potentialAction":[{"@type":"ReadAction","target":["https:\/\/legitgrams.com\/product\/peruvian-cocaine\/"]}]},{"@type":"ImageObject","inLanguage":"de","@id":"https:\/\/legitgrams.com\/product\/peruvian-cocaine\/#primaryimage","url":"https:\/\/legitgrams.com\/wp-content\/uploads\/2024\/04\/peruvian-cocaine.jpg","contentUrl":"https:\/\/legitgrams.com\/wp-content\/uploads\/2024\/04\/peruvian-cocaine.jpg","width":600,"height":600,"caption":"Peruvian Cocaine for Sale"},{"@type":"BreadcrumbList","@id":"https:\/\/legitgrams.com\/product\/peruvian-cocaine\/#breadcrumb","itemListElement":[{"@type":"ListItem","position":1,"name":"Home","item":"https:\/\/legitgrams.com\/"},{"@type":"ListItem","position":2,"name":"Shop","item":"https:\/\/legitgrams.com\/shop\/"},{"@type":"ListItem","position":3,"name":"Peruvian Cocaine"}]},{"@type":"WebSite","@id":"https:\/\/legitgrams.com\/#website","url":"https:\/\/legitgrams.com\/","name":"Legitimer Grammwert","description":"Mein WordPress-Blog","publisher":{"@id":"https:\/\/legitgrams.com\/#organization"},"potentialAction":[{"@type":"SearchAction","target":{"@type":"EntryPoint","urlTemplate":"https:\/\/legitgrams.com\/?s={search_term_string}"},"query-input":{"@type":"PropertyValueSpecification","valueRequired":true,"valueName":"search_term_string"}}],"inLanguage":"de"},{"@type":"Organization","@id":"https:\/\/legitgrams.com\/#organization","name":"Legitimer Grammwert","url":"https:\/\/legitgrams.com\/","logo":{"@type":"ImageObject","inLanguage":"de","@id":"https:\/\/legitgrams.com\/#\/schema\/logo\/image\/","url":"https:\/\/legitgrams.com\/wp-content\/uploads\/2024\/09\/main-logo.png","contentUrl":"https:\/\/legitgrams.com\/wp-content\/uploads\/2024\/09\/main-logo.png","width":270,"height":75,"caption":"Legit Grams"},"image":{"@id":"https:\/\/legitgrams.com\/#\/schema\/logo\/image\/"}}]}},"uagb_featured_image_src":{"full":["https:\/\/legitgrams.com\/wp-content\/uploads\/2024\/04\/peruvian-cocaine.jpg",600,600,false],"thumbnail":["https:\/\/legitgrams.com\/wp-content\/uploads\/2024\/04\/peruvian-cocaine-150x150.jpg",150,150,true],"medium":["https:\/\/legitgrams.com\/wp-content\/uploads\/2024\/04\/peruvian-cocaine-300x300.jpg",300,300,true],"medium_large":["https:\/\/legitgrams.com\/wp-content\/uploads\/2024\/04\/peruvian-cocaine.jpg",600,600,false],"large":["https:\/\/legitgrams.com\/wp-content\/uploads\/2024\/04\/peruvian-cocaine.jpg",600,600,false],"1536x1536":["https:\/\/legitgrams.com\/wp-content\/uploads\/2024\/04\/peruvian-cocaine.jpg",600,600,false],"2048x2048":["https:\/\/legitgrams.com\/wp-content\/uploads\/2024\/04\/peruvian-cocaine.jpg",600,600,false],"trp-custom-language-flag":["https:\/\/legitgrams.com\/wp-content\/uploads\/2024\/04\/peruvian-cocaine.jpg",12,12,false],"woocommerce_thumbnail":["https:\/\/legitgrams.com\/wp-content\/uploads\/2024\/04\/peruvian-cocaine-300x300.jpg",300,300,true],"woocommerce_single":["https:\/\/legitgrams.com\/wp-content\/uploads\/2024\/04\/peruvian-cocaine.jpg",600,600,false],"woocommerce_gallery_thumbnail":["https:\/\/legitgrams.com\/wp-content\/uploads\/2024\/04\/peruvian-cocaine-100x100.jpg",100,100,true]},"uagb_author_info":{"display_name":"cokeblog18","author_link":"https:\/\/legitgrams.com\/de\/author\/"},"uagb_comment_info":1,"uagb_excerpt":"Purchase Peruvian Cocaine Online &#8211; Premium Quality Cocaine for Sale With us, you can buy Peruvian Cocaine of the highest quality with ease and confidentiality. At LegitGrams, we pride ourselves on offering premium-grade cocaine for sale, ensuring a seamless and secure shopping experience for our valued customers. Why Pick LegitGrams to Purchase Cocaine from Peru&hellip;","_links":{"self":[{"href":"https:\/\/legitgrams.com\/de\/wp-json\/wp\/v2\/product\/2930","targetHints":{"allow":["GET"]}}],"collection":[{"href":"https:\/\/legitgrams.com\/de\/wp-json\/wp\/v2\/product"}],"about":[{"href":"https:\/\/legitgrams.com\/de\/wp-json\/wp\/v2\/types\/product"}],"replies":[{"embeddable":true,"href":"https:\/\/legitgrams.com\/de\/wp-json\/wp\/v2\/comments?post=2930"}],"wp:featuredmedia":[{"embeddable":true,"href":"https:\/\/legitgrams.com\/de\/wp-json\/wp\/v2\/media\/2946"}],"wp:attachment":[{"href":"https:\/\/legitgrams.com\/de\/wp-json\/wp\/v2\/media?parent=2930"}],"wp:term":[{"taxonomy":"product_brand","embeddable":true,"href":"https:\/\/legitgrams.com\/de\/wp-json\/wp\/v2\/product_brand?post=2930"},{"taxonomy":"product_cat","embeddable":true,"href":"https:\/\/legitgrams.com\/de\/wp-json\/wp\/v2\/product_cat?post=2930"},{"taxonomy":"product_tag","embeddable":true,"href":"https:\/\/legitgrams.com\/de\/wp-json\/wp\/v2\/product_tag?post=2930"}],"curies":[{"name":"wp","href":"https:\/\/api.w.org\/{rel}","templated":true}]}}