{"id":3238,"date":"2024-08-03T05:18:04","date_gmt":"2024-08-03T05:18:04","guid":{"rendered":"https:\/\/cokebricks.com\/?post_type=product&#038;p=3238"},"modified":"2025-06-12T22:12:50","modified_gmt":"2025-06-12T22:12:50","slug":"kokain","status":"publish","type":"product","link":"https:\/\/legitgrams.com\/de\/produkt\/kokain\/","title":{"rendered":"Kokain online kaufen"},"content":{"rendered":"<h2>Kokain online Kaufen | Kokain Kaufen<\/h2>\n<p>vergleichbar mit <a href=\"https:\/\/www.bing.com\/search?q=Buy%20Cocaine%20Online&amp;qs=n&amp;form=QBRE&amp;sp=-1&amp;lq=0&amp;pq=buy%20cocaine%20online&amp;sc=0-18&amp;sk=&amp;cvid=86F7F7051BA84E1292A6DAB3B2741B31&amp;ghsh=0&amp;ghacc=0&amp;ghpl=\">synthetisches Kokain<\/a> <a href=\"https:\/\/legitgrams.com\/de\/produkt\/kokain\/\">Kokain<\/a> ist eine Substanz, die von Tropan abgeleitet ist. Die hemmende Wirkung von online gekauftem Kokain auf die Dopamin-Wiederaufnahme ist nur geringf\u00fcgig h\u00f6her als die von <a href=\"https:\/\/www.bing.com\/search?q=Buy%20Cocaine%20Online&amp;qs=n&amp;form=QBRE&amp;sp=-1&amp;lq=0&amp;pq=buy%20cocaine%20online&amp;sc=0-18&amp;sk=&amp;cvid=86F7F7051BA84E1292A6DAB3B2741B31&amp;ghsh=0&amp;ghacc=0&amp;ghpl=\">Kokain<\/a> im Vergleich zu Medikamenten wie dem \u00e4hnlichen Kokainderivat CFT und seinem 2'-Hydroxyanalogon Salicylmethylecgonin. <a href=\"https:\/\/legitgrams.com\/de\/\">LegitGrams<\/a><\/p>\n<h3>Top-Online-H\u00e4ndler f\u00fcr Kokainpulver<\/h3>\n<p><a href=\"https:\/\/en.wikipedia.org\/wiki\/Cocaine\">Kokain<\/a>, das Analogon von Kokain, stammt von Tropan. <a href=\"https:\/\/www.google.com\/search?q=Buy+Cocaine+Online&amp;num=10&amp;sca_esv=1a2a07081c7891bb&amp;rlz=1C1RXQR_enIN1098IN1098&amp;sxsrf=AHTn8zrenf0jcvJL5iPn9PqlCgfWAW7sMg%3A1742187579792&amp;ei=O6zXZ96EMIqK4-EPkIOF6Qk&amp;ved=0ahUKEwiejs2-qpCMAxUKxTgGHZBBIZ0Q4dUDCBA&amp;uact=5&amp;oq=Buy+Cocaine+Online&amp;gs_lp=Egxnd3Mtd2l6LXNlcnAiEkJ1eSBDb2NhaW5lIE9ubGluZUiwB1CFBFiFBHADeACQAQCYAaIBoAGiAaoBAzAuMbgBA8gBAPgBAvgBAZgCA6ACDMICCBAAGLADGO8FwgILEAAYgAQYsAMYogSYAwCIBgGQBgKSBwEzoAdG&amp;sclient=gws-wiz-serp\">Kokain<\/a> , das Analogon von Kokain, stammt von Tropan. Kokain weist in Tierversuchen ein deutlich anderes pharmakologisches Profil auf, da es die Serotonin-Wiederaufnahme weitaus st\u00e4rker hemmt als Kokain, die Dopamin-Wiederaufnahme jedoch nur geringf\u00fcgig st\u00e4rker hemmt als Kokain. Dies steht im Gegensatz zu vergleichbaren Verbindungen wie dem analogen Kokainderivat CFT und dem 2\u2032-Hydroxy-Gegenst\u00fcck Salicylmethylecgonin. <a href=\"https:\/\/www.google.com\/search?q=Buy+Cocaine+Online&amp;num=10&amp;sca_esv=1a2a07081c7891bb&amp;rlz=1C1RXQR_enIN1098IN1098&amp;sxsrf=AHTn8zrenf0jcvJL5iPn9PqlCgfWAW7sMg%3A1742187579792&amp;ei=O6zXZ96EMIqK4-EPkIOF6Qk&amp;ved=0ahUKEwiejs2-qpCMAxUKxTgGHZBBIZ0Q4dUDCBA&amp;uact=5&amp;oq=Buy+Cocaine+Online&amp;gs_lp=Egxnd3Mtd2l6LXNlcnAiEkJ1eSBDb2NhaW5lIE9ubGluZUiwB1CFBFiFBHADeACQAQCYAaIBoAGiAaoBAzAuMbgBA8gBAPgBAvgBAZgCA6ACDMICCBAAGLADGO8FwgILEAAYgAQYsAMYogSYAwCIBgGQBgKSBwEzoAdG&amp;sclient=gws-wiz-serp\">Kokain<\/a> derivative CFT and the 2\u2032-hydroxy counterpart salicylmethy lecgonine.<\/p>\n<p>We provide excellent <a href=\"https:\/\/duckduckgo.com\/?q=Buy+Cocaine+Online&amp;t=h_&amp;ia=web\">Forschungschemikalien<\/a>Wir bieten hervorragende Forschungschemikalien. Unsere Substanzen sind alle vollst\u00e4ndig standardisiert. Mit einem Reinheitsgrad von % k\u00f6nnen sie sowohl f\u00fcr pers\u00f6nliche als auch f\u00fcr Forschungszwecke verwendet werden. F\u00fcr gr\u00f6\u00dfere Bestellungen bieten wir fantastische Preise und Anreize. Wir k\u00f6nnen unsere Forschungschemikalienprodukte zu unglaublich g\u00fcnstigen Preisen anbieten, da wir direkten Zugang zu einer Produktionsanlage haben. Wir liefern nach S\u00fcdamerika, Europa, Australien und in die Vereinigten Staaten. Wir f\u00fchren die meisten, wenn nicht alle, der am h\u00e4ufigsten verwendeten Verbindungen auf dem Markt. <a href=\"https:\/\/duckduckgo.com\/?q=Buy+Cocaine+Online&amp;t=h_&amp;ia=web\">carry<\/a> die meisten, wenn nicht alle, der am h\u00e4ufigsten verwendeten Verbindungen auf dem Markt.<\/p>\n<p>&nbsp;<\/p>","protected":false},"excerpt":{"rendered":"<p>Purchase Cocaine Online | Buy Cocaine comparable to synthetic cocaine Cocaine is one substance derived from tropane. The dopamine reuptake inhibitory action of purchase cocaine online is only slightly higher than that of cocaine when compared to medications like the similar cocaine derivative CFT and its 2\u2032-hydroxy analog salicylmethylecgonine. LegitGrams top online retailer of cocaine &hellip;<\/p>\n<p class=\"read-more\"> <a class=\"\" href=\"https:\/\/legitgrams.com\/de\/produkt\/kokain\/\"> <span class=\"screen-reader-text\">Kokain online kaufen<\/span> Mehr lesen \"<\/a><\/p>","protected":false},"featured_media":3248,"comment_status":"open","ping_status":"closed","template":"","meta":{"_uag_custom_page_level_css":"","site-sidebar-layout":"default","site-content-layout":"default","ast-global-header-display":"","ast-main-header-display":"","ast-hfb-above-header-display":"","ast-hfb-below-header-display":"","ast-hfb-mobile-header-display":"","site-post-title":"","ast-breadcrumbs-content":"","ast-featured-img":"","footer-sml-layout":"","theme-transparent-header-meta":"default","adv-header-id-meta":"","stick-header-meta":"default","header-above-stick-meta":"","header-main-stick-meta":"","header-below-stick-meta":"","_joinchat":[]},"product_brand":[],"product_cat":[70],"product_tag":[589,590,592,591,593,594],"class_list":{"0":"post-3238","1":"product","2":"type-product","3":"status-publish","4":"has-post-thumbnail","6":"product_cat-cocaine","7":"product_tag-buy-cocaine","8":"product_tag-buy-cocaine-online","9":"product_tag-cocaine-cannabinoids-for-sale","10":"product_tag-cocaine-for-sale","11":"product_tag-cocaine-for-sale-online","12":"product_tag-cocaine-powder-for-sale","13":"desktop-align-left","14":"tablet-align-left","15":"mobile-align-left","16":"ast-product-gallery-layout-horizontal","17":"ast-product-gallery-with-no-image","18":"ast-product-single-variable","19":"ast-product-tabs-layout-horizontal","20":"ast-qv-on-image","22":"first","23":"instock","24":"shipping-taxable","25":"purchasable","26":"product-type-variable"},"yoast_head":"<!-- This site is optimized with the Yoast SEO plugin v25.9 - https:\/\/yoast.com\/wordpress\/plugins\/seo\/ -->\n<title>Cocaine for Sale - Order Cocaine Powder Online at Best Price<\/title>\n<meta name=\"description\" content=\"Our online Legitgrams store has the best quality Cocaine Powder for sale. If you want to buy Cocaine Powder online, then we can help you from all ends. Order today!\" \/>\n<meta name=\"robots\" content=\"index, follow, max-snippet:-1, max-image-preview:large, max-video-preview:-1\" \/>\n<link rel=\"canonical\" href=\"https:\/\/legitgrams.com\/de\/produkt\/kokain\/\" \/>\n<meta property=\"og:locale\" content=\"de_DE\" \/>\n<meta property=\"og:type\" content=\"article\" \/>\n<meta property=\"og:title\" content=\"Cocaine for Sale - Order Cocaine Powder Online at Best Price\" \/>\n<meta property=\"og:description\" content=\"Our online Legitgrams store has the best quality Cocaine Powder for sale. If you want to buy Cocaine Powder online, then we can help you from all ends. Order today!\" \/>\n<meta property=\"og:url\" content=\"https:\/\/legitgrams.com\/de\/produkt\/kokain\/\" \/>\n<meta property=\"og:site_name\" content=\"Legit Grams\" \/>\n<meta property=\"article:modified_time\" content=\"2025-06-12T22:12:50+00:00\" \/>\n<meta property=\"og:image\" content=\"https:\/\/legitgrams.com\/wp-content\/uploads\/2024\/08\/cocaine.gif\" \/>\n\t<meta property=\"og:image:width\" content=\"600\" \/>\n\t<meta property=\"og:image:height\" content=\"600\" \/>\n\t<meta property=\"og:image:type\" content=\"image\/gif\" \/>\n<meta name=\"twitter:card\" content=\"summary_large_image\" \/>\n<meta name=\"twitter:label1\" content=\"Gesch\u00e4tzte Lesezeit\" \/>\n\t<meta name=\"twitter:data1\" content=\"2\u00a0Minuten\" \/>\n<script type=\"application\/ld+json\" class=\"yoast-schema-graph\">{\"@context\":\"https:\/\/schema.org\",\"@graph\":[{\"@type\":\"WebPage\",\"@id\":\"https:\/\/legitgrams.com\/product\/cocaine\/\",\"url\":\"https:\/\/legitgrams.com\/product\/cocaine\/\",\"name\":\"Cocaine for Sale - Order Cocaine Powder Online at Best Price\",\"isPartOf\":{\"@id\":\"https:\/\/legitgrams.com\/#website\"},\"primaryImageOfPage\":{\"@id\":\"https:\/\/legitgrams.com\/product\/cocaine\/#primaryimage\"},\"image\":{\"@id\":\"https:\/\/legitgrams.com\/product\/cocaine\/#primaryimage\"},\"thumbnailUrl\":\"https:\/\/legitgrams.com\/wp-content\/uploads\/2024\/08\/cocaine.gif\",\"datePublished\":\"2024-08-03T05:18:04+00:00\",\"dateModified\":\"2025-06-12T22:12:50+00:00\",\"description\":\"Our online Legitgrams store has the best quality Cocaine Powder for sale. If you want to buy Cocaine Powder online, then we can help you from all ends. Order today!\",\"breadcrumb\":{\"@id\":\"https:\/\/legitgrams.com\/product\/cocaine\/#breadcrumb\"},\"inLanguage\":\"de\",\"potentialAction\":[{\"@type\":\"ReadAction\",\"target\":[\"https:\/\/legitgrams.com\/product\/cocaine\/\"]}]},{\"@type\":\"ImageObject\",\"inLanguage\":\"de\",\"@id\":\"https:\/\/legitgrams.com\/product\/cocaine\/#primaryimage\",\"url\":\"https:\/\/legitgrams.com\/wp-content\/uploads\/2024\/08\/cocaine.gif\",\"contentUrl\":\"https:\/\/legitgrams.com\/wp-content\/uploads\/2024\/08\/cocaine.gif\",\"width\":600,\"height\":600,\"caption\":\"Cocaine for Sale\"},{\"@type\":\"BreadcrumbList\",\"@id\":\"https:\/\/legitgrams.com\/product\/cocaine\/#breadcrumb\",\"itemListElement\":[{\"@type\":\"ListItem\",\"position\":1,\"name\":\"Home\",\"item\":\"https:\/\/legitgrams.com\/\"},{\"@type\":\"ListItem\",\"position\":2,\"name\":\"Shop\",\"item\":\"https:\/\/legitgrams.com\/shop\/\"},{\"@type\":\"ListItem\",\"position\":3,\"name\":\"Buy Cocaine Online\"}]},{\"@type\":\"WebSite\",\"@id\":\"https:\/\/legitgrams.com\/#website\",\"url\":\"https:\/\/legitgrams.com\/\",\"name\":\"Legit Grams\",\"description\":\"My WordPress Blog\",\"publisher\":{\"@id\":\"https:\/\/legitgrams.com\/#organization\"},\"potentialAction\":[{\"@type\":\"SearchAction\",\"target\":{\"@type\":\"EntryPoint\",\"urlTemplate\":\"https:\/\/legitgrams.com\/?s={search_term_string}\"},\"query-input\":{\"@type\":\"PropertyValueSpecification\",\"valueRequired\":true,\"valueName\":\"search_term_string\"}}],\"inLanguage\":\"de\"},{\"@type\":\"Organization\",\"@id\":\"https:\/\/legitgrams.com\/#organization\",\"name\":\"Legit Grams\",\"url\":\"https:\/\/legitgrams.com\/\",\"logo\":{\"@type\":\"ImageObject\",\"inLanguage\":\"de\",\"@id\":\"https:\/\/legitgrams.com\/#\/schema\/logo\/image\/\",\"url\":\"https:\/\/legitgrams.com\/wp-content\/uploads\/2024\/09\/main-logo.png\",\"contentUrl\":\"https:\/\/legitgrams.com\/wp-content\/uploads\/2024\/09\/main-logo.png\",\"width\":270,\"height\":75,\"caption\":\"Legit Grams\"},\"image\":{\"@id\":\"https:\/\/legitgrams.com\/#\/schema\/logo\/image\/\"}}]}<\/script>\n<!-- \/ Yoast SEO plugin. -->","yoast_head_json":{"title":"Kokain zu verkaufen - Kokainpulver online zum besten Preis bestellen","description":"Unser Online-Legitgrams-Shop hat die beste Qualit\u00e4t Cocaine Powder zum Verkauf. Wenn Sie Cocaine Powder online kaufen wollen, dann k\u00f6nnen wir Ihnen von allen Seiten helfen. Bestellen Sie noch heute!","robots":{"index":"index","follow":"follow","max-snippet":"max-snippet:-1","max-image-preview":"max-image-preview:large","max-video-preview":"max-video-preview:-1"},"canonical":"https:\/\/legitgrams.com\/de\/produkt\/kokain\/","og_locale":"de_DE","og_type":"article","og_title":"Cocaine for Sale - Order Cocaine Powder Online at Best Price","og_description":"Our online Legitgrams store has the best quality Cocaine Powder for sale. If you want to buy Cocaine Powder online, then we can help you from all ends. Order today!","og_url":"https:\/\/legitgrams.com\/de\/produkt\/kokain\/","og_site_name":"Legit Grams","article_modified_time":"2025-06-12T22:12:50+00:00","og_image":[{"width":600,"height":600,"url":"https:\/\/legitgrams.com\/wp-content\/uploads\/2024\/08\/cocaine.gif","type":"image\/gif"}],"twitter_card":"summary_large_image","twitter_misc":{"Gesch\u00e4tzte Lesezeit":"2\u00a0Minuten"},"schema":{"@context":"https:\/\/schema.org","@graph":[{"@type":"WebPage","@id":"https:\/\/legitgrams.com\/product\/cocaine\/","url":"https:\/\/legitgrams.com\/product\/cocaine\/","name":"Kokain zu verkaufen - Kokainpulver online zum besten Preis bestellen","isPartOf":{"@id":"https:\/\/legitgrams.com\/#website"},"primaryImageOfPage":{"@id":"https:\/\/legitgrams.com\/product\/cocaine\/#primaryimage"},"image":{"@id":"https:\/\/legitgrams.com\/product\/cocaine\/#primaryimage"},"thumbnailUrl":"https:\/\/legitgrams.com\/wp-content\/uploads\/2024\/08\/cocaine.gif","datePublished":"2024-08-03T05:18:04+00:00","dateModified":"2025-06-12T22:12:50+00:00","description":"Unser Online-Legitgrams-Shop hat die beste Qualit\u00e4t Cocaine Powder zum Verkauf. Wenn Sie Cocaine Powder online kaufen wollen, dann k\u00f6nnen wir Ihnen von allen Seiten helfen. Bestellen Sie noch heute!","breadcrumb":{"@id":"https:\/\/legitgrams.com\/product\/cocaine\/#breadcrumb"},"inLanguage":"de","potentialAction":[{"@type":"ReadAction","target":["https:\/\/legitgrams.com\/product\/cocaine\/"]}]},{"@type":"ImageObject","inLanguage":"de","@id":"https:\/\/legitgrams.com\/product\/cocaine\/#primaryimage","url":"https:\/\/legitgrams.com\/wp-content\/uploads\/2024\/08\/cocaine.gif","contentUrl":"https:\/\/legitgrams.com\/wp-content\/uploads\/2024\/08\/cocaine.gif","width":600,"height":600,"caption":"Cocaine for Sale"},{"@type":"BreadcrumbList","@id":"https:\/\/legitgrams.com\/product\/cocaine\/#breadcrumb","itemListElement":[{"@type":"ListItem","position":1,"name":"Home","item":"https:\/\/legitgrams.com\/"},{"@type":"ListItem","position":2,"name":"Shop","item":"https:\/\/legitgrams.com\/shop\/"},{"@type":"ListItem","position":3,"name":"Buy Cocaine Online"}]},{"@type":"WebSite","@id":"https:\/\/legitgrams.com\/#website","url":"https:\/\/legitgrams.com\/","name":"Legitimer Grammwert","description":"Mein WordPress-Blog","publisher":{"@id":"https:\/\/legitgrams.com\/#organization"},"potentialAction":[{"@type":"SearchAction","target":{"@type":"EntryPoint","urlTemplate":"https:\/\/legitgrams.com\/?s={search_term_string}"},"query-input":{"@type":"PropertyValueSpecification","valueRequired":true,"valueName":"search_term_string"}}],"inLanguage":"de"},{"@type":"Organization","@id":"https:\/\/legitgrams.com\/#organization","name":"Legitimer Grammwert","url":"https:\/\/legitgrams.com\/","logo":{"@type":"ImageObject","inLanguage":"de","@id":"https:\/\/legitgrams.com\/#\/schema\/logo\/image\/","url":"https:\/\/legitgrams.com\/wp-content\/uploads\/2024\/09\/main-logo.png","contentUrl":"https:\/\/legitgrams.com\/wp-content\/uploads\/2024\/09\/main-logo.png","width":270,"height":75,"caption":"Legit Grams"},"image":{"@id":"https:\/\/legitgrams.com\/#\/schema\/logo\/image\/"}}]}},"uagb_featured_image_src":{"full":["https:\/\/legitgrams.com\/wp-content\/uploads\/2024\/08\/cocaine.gif",600,600,false],"thumbnail":["https:\/\/legitgrams.com\/wp-content\/uploads\/2024\/08\/cocaine-150x150.gif",150,150,true],"medium":["https:\/\/legitgrams.com\/wp-content\/uploads\/2024\/08\/cocaine-300x300.gif",300,300,true],"medium_large":["https:\/\/legitgrams.com\/wp-content\/uploads\/2024\/08\/cocaine.gif",600,600,false],"large":["https:\/\/legitgrams.com\/wp-content\/uploads\/2024\/08\/cocaine.gif",600,600,false],"1536x1536":["https:\/\/legitgrams.com\/wp-content\/uploads\/2024\/08\/cocaine.gif",600,600,false],"2048x2048":["https:\/\/legitgrams.com\/wp-content\/uploads\/2024\/08\/cocaine.gif",600,600,false],"trp-custom-language-flag":["https:\/\/legitgrams.com\/wp-content\/uploads\/2024\/08\/cocaine-12x12.gif",12,12,true],"woocommerce_thumbnail":["https:\/\/legitgrams.com\/wp-content\/uploads\/2024\/08\/cocaine-300x300.gif",300,300,true],"woocommerce_single":["https:\/\/legitgrams.com\/wp-content\/uploads\/2024\/08\/cocaine.gif",600,600,false],"woocommerce_gallery_thumbnail":["https:\/\/legitgrams.com\/wp-content\/uploads\/2024\/08\/cocaine-100x100.gif",100,100,true]},"uagb_author_info":{"display_name":"cokeblog18","author_link":"https:\/\/legitgrams.com\/de\/author\/"},"uagb_comment_info":2,"uagb_excerpt":"Purchase Cocaine Online | Buy Cocaine comparable to synthetic cocaine Cocaine is one substance derived from tropane. The dopamine reuptake inhibitory action of purchase cocaine online is only slightly higher than that of cocaine when compared to medications like the similar cocaine derivative CFT and its 2\u2032-hydroxy analog salicylmethylecgonine. LegitGrams top online retailer of cocaine&hellip;","_links":{"self":[{"href":"https:\/\/legitgrams.com\/de\/wp-json\/wp\/v2\/product\/3238","targetHints":{"allow":["GET"]}}],"collection":[{"href":"https:\/\/legitgrams.com\/de\/wp-json\/wp\/v2\/product"}],"about":[{"href":"https:\/\/legitgrams.com\/de\/wp-json\/wp\/v2\/types\/product"}],"replies":[{"embeddable":true,"href":"https:\/\/legitgrams.com\/de\/wp-json\/wp\/v2\/comments?post=3238"}],"wp:featuredmedia":[{"embeddable":true,"href":"https:\/\/legitgrams.com\/de\/wp-json\/wp\/v2\/media\/3248"}],"wp:attachment":[{"href":"https:\/\/legitgrams.com\/de\/wp-json\/wp\/v2\/media?parent=3238"}],"wp:term":[{"taxonomy":"product_brand","embeddable":true,"href":"https:\/\/legitgrams.com\/de\/wp-json\/wp\/v2\/product_brand?post=3238"},{"taxonomy":"product_cat","embeddable":true,"href":"https:\/\/legitgrams.com\/de\/wp-json\/wp\/v2\/product_cat?post=3238"},{"taxonomy":"product_tag","embeddable":true,"href":"https:\/\/legitgrams.com\/de\/wp-json\/wp\/v2\/product_tag?post=3238"}],"curies":[{"name":"wp","href":"https:\/\/api.w.org\/{rel}","templated":true}]}}