{"id":3240,"date":"2024-08-03T05:18:22","date_gmt":"2024-08-03T05:18:22","guid":{"rendered":"https:\/\/cokebricks.com\/?post_type=product&#038;p=3240"},"modified":"2026-04-10T02:29:43","modified_gmt":"2026-04-10T02:29:43","slug":"etizolam","status":"publish","type":"product","link":"https:\/\/legitgrams.com\/de\/produkt\/etizolam\/","title":{"rendered":"Etizolam online kaufen"},"content":{"rendered":"<h2>Etizolam zu verkaufen<\/h2>\n<p>Die kurzwirksame psychoaktive Droge <a href=\"https:\/\/www.bing.com\/search?q=Etizolam&amp;qs=n&amp;form=QBRE&amp;sp=-1&amp;lq=0&amp;pq=etizolam&amp;sc=17-8&amp;sk=&amp;cvid=864B3011452B422A9ABEE2D01DDCFC2D&amp;ghsh=0&amp;ghacc=0&amp;ghpl=\">billig etizolam online<\/a> wird auch unter den Namen Etizest und Etilaam vermarktet. Obwohl die FDA es nicht f\u00fcr den klinischen Gebrauch zugelassen hat, ist es in den USA f\u00fcr Forschungszwecke erlaubt. In vielen Regionen der Welt gilt es nicht als kontrollierte Substanz. Billiges Etizolam ist in Deutschland, D\u00e4nemark und der Schweiz geregelt, obwohl es auch in einer Reihe von EU-L\u00e4ndern zugelassen ist. Sowohl in Japan als auch im Vereinigten K\u00f6nigreich ist das Medikament gesetzlich verboten. <a href=\"https:\/\/legitgrams.com\/de\/produkt\/etizolam\/\">Etizolam<\/a> ist ein einfaches Benzodiazepin-Medikament, das zur vor\u00fcbergehenden Behandlung von Angstzust\u00e4nden, Traurigkeit und Schlafproblemen eingesetzt wird. Es hat hypnotische und hypnotisierende Eigenschaften. <a href=\"https:\/\/legitgrams.com\/de\/\">LegitGrams<\/a><\/p>\n<h3>Kaufen Etizolam in Australien online.<\/h3>\n<p>H\u00e4ndler von <a href=\"https:\/\/www.google.com\/search?q=Etizolam&amp;num=10&amp;sca_esv=1a2a07081c7891bb&amp;rlz=1C1RXQR_enIN1098IN1098&amp;sxsrf=AHTn8zoQjuO0uUOz7S9JVxQBR6E7eZ3qFg%3A1741161207058&amp;ei=9wLIZ-qYA8ar4-EPj4zemAw&amp;ved=0ahUKEwiq8Pj5uvKLAxXG1TgGHQ-GF8MQ4dUDCBA&amp;uact=5&amp;oq=Etizolam&amp;gs_lp=Egxnd3Mtd2l6LXNlcnAiCEV0aXpvbGFtMgoQIxiABBgnGIoFMg4QABiABBiRAhixAxiKBTIKEAAYgAQYFBiHAjIFEAAYgAQyBRAAGIAEMgsQABiABBiRAhiKBTIFEAAYgAQyCBAAGIAEGLEDMggQABiABBixAzIFEAAYgARI3whQ7wRY7wRwAngAkAEAmAGoAaABqAGqAQMwLjG4AQPIAQD4AQL4AQGYAgGgArYBmAMAiAYBkgcDMC4xoAfyBg&amp;sclient=gws-wiz-serp\">Forschung synthetisch<\/a> Stoffe sind h\u00e4ufig unberechenbar, ungeschickt und fehlerhaft. Wir versuchen, unsere Kunden mit Details \u00fcber den aktuellen Status und die Echtheit der Materialien, die sie anfordern, zu bieten. Wir stellen sicher, dass unsere gesch\u00e4tzten Kunden mit Etizolam zum Verkauf billig und eine Vielzahl von RCs zu niedrigeren Kosten als die meisten, die alle w\u00e4hrend der Aufrechterhaltung einer absolut hohen Standard der Qualit\u00e4t und perfekten Zustand auf jeden Artikel. Unser Hauptziel ist es, Marktf\u00fchrer zu sein, und das k\u00f6nnen wir nur erreichen, wenn wir unsere Kundschaft organisieren, indem wir ihnen einen hervorragenden Service bieten. Online <a href=\"https:\/\/en.wikipedia.org\/wiki\/Etizolam\">etizolam<\/a> Kauf.<\/p>\n<h3>Etizolam ist bei Top Legal Cannabinoids zu einem angemessenen Preis erh\u00e4ltlich.<\/h3>\n<p>Viele Websites bieten <a href=\"https:\/\/duckduckgo.com\/?q=Etizolam&amp;t=h_&amp;ia=web\">billiges Etizolam<\/a> und andere \u00e4hnliche Kunststoffe, aber ein vertrauensw\u00fcrdiger Verk\u00e4ufer kann nur legale Produkte zu verkaufen, so ist es wichtig, etizolam von einem vertrauensw\u00fcrdigen und respektierten Quelle Anbieter zu bekommen, wenn Sie wollen. Es gibt eine 90% Wahrscheinlichkeit, dass Sie einen H\u00e4ndler finden, der die Dinge, die sie verkaufen, sorgf\u00e4ltig abw\u00e4gt, einschlie\u00dflich ihrer Legalit\u00e4t, auch wenn es keine Garantie gibt, dass Sie vertrauensw\u00fcrdige Verk\u00e4ufer leicht finden, wenn Sie im Internet suchen.<\/p>\n<h3>Etizolam SGT-78 zu verkaufen<\/h3>\n<p>Auf unserer Website sind nur authentische Artikel erh\u00e4ltlich und wir achten darauf, alle Substanzen, die geplant oder verboten sind, aus unserer Bestandsliste zu entfernen und unsere gesch\u00e4tzten Kunden \u00fcber ihren aktuellen Stand zu informieren. Erwartete k\u00f6rperliche Wirkungen von Etizolam<br \/>\nVor\u00fcbergehende erektile Dysfunktion, k\u00f6rperliche Entr\u00fcckung, Muskelentspannung, Kontrollverlust, Atemdepression, gesteigerter Trieb, Hungeranregung und maskierte Anf\u00e4lle sind m\u00f6gliche Nebenwirkungen. Es handelt sich um ein starkes, schnell wirkendes Medikament, das Verwirrung stiftet und alle wiederverwerteten Teile sichtbar machen kann. Es f\u00fchrt zu psychischer Ekstase, Enthemmung, Ged\u00e4chtnisverschleierung (wie Amnesie) und M\u00e4\u00dfigungswahn aufgrund von psychischer Unf\u00e4higkeit, Pers\u00f6nlichkeitserweiterung, Emotionalit\u00e4t und Inspirationsverschleierung. Unter dem Einfluss der Droge werden eine Verlangsamung der kognitiven F\u00e4higkeiten, eine Verschleierung von Untersuchungen und eine vor\u00fcbergehende Abnahme der F\u00e4higkeiten zur Datenaufbereitung festgestellt. Aufgrund dieser Nebenwirkungen kann sich der Patient daran gew\u00f6hnen, die Droge erneut einzunehmen, die Einnahme zu vergessen und eine \u00dcberdosierung vorzunehmen, was zu einem amnestischen Leistungsabfall f\u00fchren kann. <a href=\"https:\/\/duckduckgo.com\/?q=Etizolam&amp;t=h_&amp;ia=web\">Etizolam zum Verkauf mit einem Rabatt<\/a><\/p>\n<h3>Details der Etizolam-Pulvermessungen<\/h3>\n<p>For a depressive effect, a basic dose of 0.2 to 0.5 mg is needed. For modest effects, 0.5 to 1 mg is adequate; however, 1 to 2 mg is usually administered and can be found in pills or either in powdered form, pellet form, or on a blotting paper sheet. Overdoses have been documented in patients taking more than 5 mg of a medication or in conjunction with other depressants, and solid depressive effects have been shown at dosages ranging from 2 to 5 mg.<\/p>\n<p>F\u00fcr eine depressive Wirkung ist eine Grunddosis von 0,2 bis 0,5 mg erforderlich. Obwohl normalerweise 1 bis 2 mg verabreicht werden und in Pillen-, Pulver- oder Pelletform oder auf einem Blatt K\u00fcchenpapier erh\u00e4ltlich sind, reichen 0,5 bis 1 mg f\u00fcr eine moderate Wirkung aus. Bei Patienten, die mehr als 5 mg des Medikaments einnahmen, wurden \u00dcberdosierungen dokumentiert, und bei Dosierungen von 2 bis 5 mg, entweder als Medikament oder in Verbindung mit zus\u00e4tzlichen Depressiva, wurden starke depressive Wirkungen dokumentiert.<\/p>\n<p>Da wir ein <a href=\"https:\/\/www.bing.com\/search?q=Etizolam&amp;qs=n&amp;form=QBRE&amp;sp=-1&amp;lq=0&amp;pq=etizolam&amp;sc=17-8&amp;sk=&amp;cvid=864B3011452B422A9ABEE2D01DDCFC2D&amp;ghsh=0&amp;ghacc=0&amp;ghpl=\">seri\u00f6ser Etizolam-Lieferant<\/a>Wir bieten Etizolam zu einem niedrigen Preis an, was es preiswerter als an anderen Orten macht. Etizolam Pulver zu verkaufen<\/p>\n<h3>Etizolam-Lieferung f\u00fcr kommerzielle Zwecke<\/h3>\n<p>schnelles Reisen. Wir m\u00f6chten, dass Ihr Auftrag so schnell wie m\u00f6glich erf\u00fcllt wird. Um dies zu erreichen, haben wir Wege gefunden, die eine sichere Ankunft garantieren und gleichzeitig die schnellsten Lieferwege vermeiden. Wir versprechen Ihnen ein p\u00fcnktliches Auto mit fantastischen Ergebnissen, wenn Sie <a href=\"https:\/\/www.google.com\/search?q=Etizolam&amp;num=10&amp;sca_esv=1a2a07081c7891bb&amp;rlz=1C1RXQR_enIN1098IN1098&amp;sxsrf=AHTn8zoQjuO0uUOz7S9JVxQBR6E7eZ3qFg%3A1741161207058&amp;ei=9wLIZ-qYA8ar4-EPj4zemAw&amp;ved=0ahUKEwiq8Pj5uvKLAxXG1TgGHQ-GF8MQ4dUDCBA&amp;uact=5&amp;oq=Etizolam&amp;gs_lp=Egxnd3Mtd2l6LXNlcnAiCEV0aXpvbGFtMgoQIxiABBgnGIoFMg4QABiABBiRAhixAxiKBTIKEAAYgAQYFBiHAjIFEAAYgAQyBRAAGIAEMgsQABiABBiRAhiKBTIFEAAYgAQyCBAAGIAEGLEDMggQABiABBixAzIFEAAYgARI3whQ7wRY7wRwAngAkAEAmAGoAaABqAGqAQMwLjG4AQPIAQD4AQL4AQGYAgGgArYBmAMAiAYBkgcDMC4xoAfyBg&amp;sclient=gws-wiz-serp\">Etizolam kaufen<\/a>. Werden Sie Teil unserer Familie und kaufen Sie noch heute bei uns ein.<\/p>\n<p>K\u00f6nnen wir davon ausgehen, dass Sie \u00fcberzeugt genug sind, um uns eine Chance zu geben? Wir aktualisieren unsere Analystenliste t\u00e4glich. M\u00f6chten Sie hinzugef\u00fcgt werden? Dies ist Ihre Chance, Ihre schrecklichen Erfahrungen mit Betr\u00fcgern und unehrlichen Dienstleistern zu vermeiden. Wir werden Ihr Herz gewinnen und daf\u00fcr sorgen, dass Sie nie wieder einen anderen Verk\u00e4ufer suchen, wenn Sie uns einfach Ihren Wunsch anvertrauen. Drogenprofil von legal erworbenem Cannabis.<\/p>\n<p>&nbsp;<\/p>\n<p>&nbsp;<\/p>","protected":false},"excerpt":{"rendered":"<p>Etizolam for sale The short-acting psychoactive drug cheap etizolam online is also marketed under the names Etizest and Etilaam. Although the FDA has not cleared it for clinical usage, it is permitted in the US for research purposes. In many regions of the world, it is not considered a controlled substance. Cheap etizolam is regulated &hellip;<\/p>\n<p class=\"read-more\"> <a class=\"\" href=\"https:\/\/legitgrams.com\/de\/produkt\/etizolam\/\"> <span class=\"screen-reader-text\">Etizolam online kaufen<\/span> Mehr lesen \"<\/a><\/p>","protected":false},"featured_media":3249,"comment_status":"open","ping_status":"closed","template":"","meta":{"_uag_custom_page_level_css":"","site-sidebar-layout":"default","site-content-layout":"default","ast-global-header-display":"","ast-main-header-display":"","ast-hfb-above-header-display":"","ast-hfb-below-header-display":"","ast-hfb-mobile-header-display":"","site-post-title":"","ast-breadcrumbs-content":"","ast-featured-img":"","footer-sml-layout":"","theme-transparent-header-meta":"default","adv-header-id-meta":"","stick-header-meta":"default","header-above-stick-meta":"","header-main-stick-meta":"","header-below-stick-meta":"","_joinchat":[]},"product_brand":[],"product_cat":[190],"product_tag":[574,575,576,577,578,579,580,581,582,583,584,585,586,587,588],"class_list":{"0":"post-3240","1":"product","2":"type-product","3":"status-publish","4":"has-post-thumbnail","6":"product_cat-cannabinoids","7":"product_tag-best-etizolam-supplier-online-usa-and-canada","8":"product_tag-best-vendor-for-etizolam","9":"product_tag-buy-etizolam","10":"product_tag-buy-etizolam-online","11":"product_tag-buy-etizolam-powder","12":"product_tag-buy-etizolam-powder-online","13":"product_tag-buy-v","14":"product_tag-cas-no-40054-69-1-etizolam-for-sale","15":"product_tag-etizolam","16":"product_tag-etizolam-for-sale","17":"product_tag-etizolam-online","18":"product_tag-etizolam-powder-for-sale","19":"product_tag-etizolam-powder-for-sale-online","20":"product_tag-order-etizolam-online","21":"product_tag-where-to-order-etizolam-online","22":"desktop-align-left","23":"tablet-align-left","24":"mobile-align-left","25":"ast-product-gallery-layout-horizontal","26":"ast-product-gallery-with-no-image","27":"ast-product-single-variable","28":"ast-product-tabs-layout-horizontal","29":"ast-qv-on-image","31":"first","32":"instock","33":"featured","34":"shipping-taxable","35":"purchasable","36":"product-type-variable"},"yoast_head":"<!-- This site is optimized with the Yoast SEO plugin v25.9 - https:\/\/yoast.com\/wordpress\/plugins\/seo\/ -->\n<title>Buy Etizolam Powder Online - Etizolam Powder for Sale | LG<\/title>\n<meta name=\"description\" content=\"Etizolam powder for sale is now easily available at our online store. You can connect directly with our chemicals store and buy Etizolam powder online.\" \/>\n<meta name=\"robots\" content=\"index, follow, max-snippet:-1, max-image-preview:large, max-video-preview:-1\" \/>\n<link rel=\"canonical\" href=\"https:\/\/legitgrams.com\/de\/produkt\/etizolam\/\" \/>\n<meta property=\"og:locale\" content=\"de_DE\" \/>\n<meta property=\"og:type\" content=\"article\" \/>\n<meta property=\"og:title\" content=\"Buy Etizolam Powder Online - Etizolam Powder for Sale | LG\" \/>\n<meta property=\"og:description\" content=\"Etizolam powder for sale is now easily available at our online store. You can connect directly with our chemicals store and buy Etizolam powder online.\" \/>\n<meta property=\"og:url\" content=\"https:\/\/legitgrams.com\/de\/produkt\/etizolam\/\" \/>\n<meta property=\"og:site_name\" content=\"Legit Grams\" \/>\n<meta property=\"article:modified_time\" content=\"2026-04-10T02:29:43+00:00\" \/>\n<meta property=\"og:image\" content=\"https:\/\/legitgrams.com\/wp-content\/uploads\/2024\/08\/Etizolam.gif\" \/>\n\t<meta property=\"og:image:width\" content=\"600\" \/>\n\t<meta property=\"og:image:height\" content=\"600\" \/>\n\t<meta property=\"og:image:type\" content=\"image\/gif\" \/>\n<meta name=\"twitter:card\" content=\"summary_large_image\" \/>\n<meta name=\"twitter:label1\" content=\"Gesch\u00e4tzte Lesezeit\" \/>\n\t<meta name=\"twitter:data1\" content=\"4\u00a0Minuten\" \/>\n<script type=\"application\/ld+json\" class=\"yoast-schema-graph\">{\"@context\":\"https:\/\/schema.org\",\"@graph\":[{\"@type\":\"WebPage\",\"@id\":\"https:\/\/legitgrams.com\/product\/etizolam\/\",\"url\":\"https:\/\/legitgrams.com\/product\/etizolam\/\",\"name\":\"Buy Etizolam Powder Online - Etizolam Powder for Sale | LG\",\"isPartOf\":{\"@id\":\"https:\/\/legitgrams.com\/#website\"},\"primaryImageOfPage\":{\"@id\":\"https:\/\/legitgrams.com\/product\/etizolam\/#primaryimage\"},\"image\":{\"@id\":\"https:\/\/legitgrams.com\/product\/etizolam\/#primaryimage\"},\"thumbnailUrl\":\"https:\/\/legitgrams.com\/wp-content\/uploads\/2024\/08\/Etizolam.gif\",\"datePublished\":\"2024-08-03T05:18:22+00:00\",\"dateModified\":\"2026-04-10T02:29:43+00:00\",\"description\":\"Etizolam powder for sale is now easily available at our online store. You can connect directly with our chemicals store and buy Etizolam powder online.\",\"breadcrumb\":{\"@id\":\"https:\/\/legitgrams.com\/product\/etizolam\/#breadcrumb\"},\"inLanguage\":\"de\",\"potentialAction\":[{\"@type\":\"ReadAction\",\"target\":[\"https:\/\/legitgrams.com\/product\/etizolam\/\"]}]},{\"@type\":\"ImageObject\",\"inLanguage\":\"de\",\"@id\":\"https:\/\/legitgrams.com\/product\/etizolam\/#primaryimage\",\"url\":\"https:\/\/legitgrams.com\/wp-content\/uploads\/2024\/08\/Etizolam.gif\",\"contentUrl\":\"https:\/\/legitgrams.com\/wp-content\/uploads\/2024\/08\/Etizolam.gif\",\"width\":600,\"height\":600,\"caption\":\"Etizolam for sale\"},{\"@type\":\"BreadcrumbList\",\"@id\":\"https:\/\/legitgrams.com\/product\/etizolam\/#breadcrumb\",\"itemListElement\":[{\"@type\":\"ListItem\",\"position\":1,\"name\":\"Home\",\"item\":\"https:\/\/legitgrams.com\/\"},{\"@type\":\"ListItem\",\"position\":2,\"name\":\"Shop\",\"item\":\"https:\/\/legitgrams.com\/shop\/\"},{\"@type\":\"ListItem\",\"position\":3,\"name\":\"Buy Etizolam Online\"}]},{\"@type\":\"WebSite\",\"@id\":\"https:\/\/legitgrams.com\/#website\",\"url\":\"https:\/\/legitgrams.com\/\",\"name\":\"Legit Grams\",\"description\":\"My WordPress Blog\",\"publisher\":{\"@id\":\"https:\/\/legitgrams.com\/#organization\"},\"potentialAction\":[{\"@type\":\"SearchAction\",\"target\":{\"@type\":\"EntryPoint\",\"urlTemplate\":\"https:\/\/legitgrams.com\/?s={search_term_string}\"},\"query-input\":{\"@type\":\"PropertyValueSpecification\",\"valueRequired\":true,\"valueName\":\"search_term_string\"}}],\"inLanguage\":\"de\"},{\"@type\":\"Organization\",\"@id\":\"https:\/\/legitgrams.com\/#organization\",\"name\":\"Legit Grams\",\"url\":\"https:\/\/legitgrams.com\/\",\"logo\":{\"@type\":\"ImageObject\",\"inLanguage\":\"de\",\"@id\":\"https:\/\/legitgrams.com\/#\/schema\/logo\/image\/\",\"url\":\"https:\/\/legitgrams.com\/wp-content\/uploads\/2024\/09\/main-logo.png\",\"contentUrl\":\"https:\/\/legitgrams.com\/wp-content\/uploads\/2024\/09\/main-logo.png\",\"width\":270,\"height\":75,\"caption\":\"Legit Grams\"},\"image\":{\"@id\":\"https:\/\/legitgrams.com\/#\/schema\/logo\/image\/\"}}]}<\/script>\n<!-- \/ Yoast SEO plugin. -->","yoast_head_json":{"title":"Etizolam-Pulver online kaufen \u2013 Etizolam-Pulver zu verkaufen | LG","description":"Etizolam Pulver zum Verkauf ist jetzt leicht verf\u00fcgbar in unserem Online-Shop. Sie k\u00f6nnen direkt mit unserem Chemikaliengesch\u00e4ft verbinden und Etizolam Pulver online kaufen.","robots":{"index":"index","follow":"follow","max-snippet":"max-snippet:-1","max-image-preview":"max-image-preview:large","max-video-preview":"max-video-preview:-1"},"canonical":"https:\/\/legitgrams.com\/de\/produkt\/etizolam\/","og_locale":"de_DE","og_type":"article","og_title":"Buy Etizolam Powder Online - Etizolam Powder for Sale | LG","og_description":"Etizolam powder for sale is now easily available at our online store. You can connect directly with our chemicals store and buy Etizolam powder online.","og_url":"https:\/\/legitgrams.com\/de\/produkt\/etizolam\/","og_site_name":"Legit Grams","article_modified_time":"2026-04-10T02:29:43+00:00","og_image":[{"width":600,"height":600,"url":"https:\/\/legitgrams.com\/wp-content\/uploads\/2024\/08\/Etizolam.gif","type":"image\/gif"}],"twitter_card":"summary_large_image","twitter_misc":{"Gesch\u00e4tzte Lesezeit":"4\u00a0Minuten"},"schema":{"@context":"https:\/\/schema.org","@graph":[{"@type":"WebPage","@id":"https:\/\/legitgrams.com\/product\/etizolam\/","url":"https:\/\/legitgrams.com\/product\/etizolam\/","name":"Etizolam-Pulver online kaufen \u2013 Etizolam-Pulver zu verkaufen | LG","isPartOf":{"@id":"https:\/\/legitgrams.com\/#website"},"primaryImageOfPage":{"@id":"https:\/\/legitgrams.com\/product\/etizolam\/#primaryimage"},"image":{"@id":"https:\/\/legitgrams.com\/product\/etizolam\/#primaryimage"},"thumbnailUrl":"https:\/\/legitgrams.com\/wp-content\/uploads\/2024\/08\/Etizolam.gif","datePublished":"2024-08-03T05:18:22+00:00","dateModified":"2026-04-10T02:29:43+00:00","description":"Etizolam Pulver zum Verkauf ist jetzt leicht verf\u00fcgbar in unserem Online-Shop. Sie k\u00f6nnen direkt mit unserem Chemikaliengesch\u00e4ft verbinden und Etizolam Pulver online kaufen.","breadcrumb":{"@id":"https:\/\/legitgrams.com\/product\/etizolam\/#breadcrumb"},"inLanguage":"de","potentialAction":[{"@type":"ReadAction","target":["https:\/\/legitgrams.com\/product\/etizolam\/"]}]},{"@type":"ImageObject","inLanguage":"de","@id":"https:\/\/legitgrams.com\/product\/etizolam\/#primaryimage","url":"https:\/\/legitgrams.com\/wp-content\/uploads\/2024\/08\/Etizolam.gif","contentUrl":"https:\/\/legitgrams.com\/wp-content\/uploads\/2024\/08\/Etizolam.gif","width":600,"height":600,"caption":"Etizolam for sale"},{"@type":"BreadcrumbList","@id":"https:\/\/legitgrams.com\/product\/etizolam\/#breadcrumb","itemListElement":[{"@type":"ListItem","position":1,"name":"Home","item":"https:\/\/legitgrams.com\/"},{"@type":"ListItem","position":2,"name":"Shop","item":"https:\/\/legitgrams.com\/shop\/"},{"@type":"ListItem","position":3,"name":"Buy Etizolam Online"}]},{"@type":"WebSite","@id":"https:\/\/legitgrams.com\/#website","url":"https:\/\/legitgrams.com\/","name":"Legitimer Grammwert","description":"Mein WordPress-Blog","publisher":{"@id":"https:\/\/legitgrams.com\/#organization"},"potentialAction":[{"@type":"SearchAction","target":{"@type":"EntryPoint","urlTemplate":"https:\/\/legitgrams.com\/?s={search_term_string}"},"query-input":{"@type":"PropertyValueSpecification","valueRequired":true,"valueName":"search_term_string"}}],"inLanguage":"de"},{"@type":"Organization","@id":"https:\/\/legitgrams.com\/#organization","name":"Legitimer Grammwert","url":"https:\/\/legitgrams.com\/","logo":{"@type":"ImageObject","inLanguage":"de","@id":"https:\/\/legitgrams.com\/#\/schema\/logo\/image\/","url":"https:\/\/legitgrams.com\/wp-content\/uploads\/2024\/09\/main-logo.png","contentUrl":"https:\/\/legitgrams.com\/wp-content\/uploads\/2024\/09\/main-logo.png","width":270,"height":75,"caption":"Legit Grams"},"image":{"@id":"https:\/\/legitgrams.com\/#\/schema\/logo\/image\/"}}]}},"uagb_featured_image_src":{"full":["https:\/\/legitgrams.com\/wp-content\/uploads\/2024\/08\/Etizolam.gif",600,600,false],"thumbnail":["https:\/\/legitgrams.com\/wp-content\/uploads\/2024\/08\/Etizolam-150x150.gif",150,150,true],"medium":["https:\/\/legitgrams.com\/wp-content\/uploads\/2024\/08\/Etizolam-300x300.gif",300,300,true],"medium_large":["https:\/\/legitgrams.com\/wp-content\/uploads\/2024\/08\/Etizolam.gif",600,600,false],"large":["https:\/\/legitgrams.com\/wp-content\/uploads\/2024\/08\/Etizolam.gif",600,600,false],"1536x1536":["https:\/\/legitgrams.com\/wp-content\/uploads\/2024\/08\/Etizolam.gif",600,600,false],"2048x2048":["https:\/\/legitgrams.com\/wp-content\/uploads\/2024\/08\/Etizolam.gif",600,600,false],"trp-custom-language-flag":["https:\/\/legitgrams.com\/wp-content\/uploads\/2024\/08\/Etizolam-12x12.gif",12,12,true],"woocommerce_thumbnail":["https:\/\/legitgrams.com\/wp-content\/uploads\/2024\/08\/Etizolam-300x300.gif",300,300,true],"woocommerce_single":["https:\/\/legitgrams.com\/wp-content\/uploads\/2024\/08\/Etizolam.gif",600,600,false],"woocommerce_gallery_thumbnail":["https:\/\/legitgrams.com\/wp-content\/uploads\/2024\/08\/Etizolam-100x100.gif",100,100,true]},"uagb_author_info":{"display_name":"cokeblog18","author_link":"https:\/\/legitgrams.com\/de\/author\/"},"uagb_comment_info":114,"uagb_excerpt":"Etizolam for sale The short-acting psychoactive drug cheap etizolam online is also marketed under the names Etizest and Etilaam. Although the FDA has not cleared it for clinical usage, it is permitted in the US for research purposes. In many regions of the world, it is not considered a controlled substance. Cheap etizolam is regulated&hellip;","_links":{"self":[{"href":"https:\/\/legitgrams.com\/de\/wp-json\/wp\/v2\/product\/3240","targetHints":{"allow":["GET"]}}],"collection":[{"href":"https:\/\/legitgrams.com\/de\/wp-json\/wp\/v2\/product"}],"about":[{"href":"https:\/\/legitgrams.com\/de\/wp-json\/wp\/v2\/types\/product"}],"replies":[{"embeddable":true,"href":"https:\/\/legitgrams.com\/de\/wp-json\/wp\/v2\/comments?post=3240"}],"wp:featuredmedia":[{"embeddable":true,"href":"https:\/\/legitgrams.com\/de\/wp-json\/wp\/v2\/media\/3249"}],"wp:attachment":[{"href":"https:\/\/legitgrams.com\/de\/wp-json\/wp\/v2\/media?parent=3240"}],"wp:term":[{"taxonomy":"product_brand","embeddable":true,"href":"https:\/\/legitgrams.com\/de\/wp-json\/wp\/v2\/product_brand?post=3240"},{"taxonomy":"product_cat","embeddable":true,"href":"https:\/\/legitgrams.com\/de\/wp-json\/wp\/v2\/product_cat?post=3240"},{"taxonomy":"product_tag","embeddable":true,"href":"https:\/\/legitgrams.com\/de\/wp-json\/wp\/v2\/product_tag?post=3240"}],"curies":[{"name":"wp","href":"https:\/\/api.w.org\/{rel}","templated":true}]}}