{"id":3243,"date":"2024-08-03T05:18:34","date_gmt":"2024-08-03T05:18:34","guid":{"rendered":"https:\/\/cokebricks.com\/?post_type=product&#038;p=3243"},"modified":"2025-01-14T07:00:00","modified_gmt":"2025-01-14T07:00:00","slug":"jwh021-neu","status":"publish","type":"product","link":"https:\/\/legitgrams.com\/de\/produkt\/jwh021-neu\/","title":{"rendered":"Jwh021 neu"},"content":{"rendered":"<h2>JWH 021-Pulver online Kaufen in einem US-Shop.<\/h2>\n<p>JWH-018 Wir bieten eine Reihe von Varianten des Kr\u00e4utergebr\u00e4us namens \u201eSpice\u201c an. Dieses synthetische Cannabinoid wird aufgrund seiner berauschenden Eigenschaften, die mit denen von 9-THC in Cannabis vergleichbar sind, normalerweise illegal verwendet. Obwohl JWH 021 viel wirksamer ist als vergleichbare Cannabisdosierungen, ist es mit Standard-9-THC-Testverfahren auch sehr schwer zu identifizieren. JWH-021 wurde im Juli 2009 in die Liste der bedenklichen Substanzen und Stoffe der US-amerikanischen Drug Enforcement Agency (DEA) aufgenommen. Andere Staaten wie Alabama, Arkansas und Florida haben Gesetze erlassen, die den Verkauf oder Besitz von <a href=\"https:\/\/en.wikipedia.org\/wiki\/JWH-210\">JWH021 Pulver<\/a> zus\u00e4tzlich zu Berichten \u00fcber Spice-Beschlagnahmungen in Ohio und Florida.<\/p>\n<h3>Zu verkaufen: JWH 021 | JWH 021 online kaufen<\/h3>\n<p>WIN 55,212-2 ist die Quelle von JWH 021, einem Aminoalkylindol, das als CB2-Rezeptoragonist mit einem geringen Grad an Selektivit\u00e4t fungiert. Bei einem CB1:CB2-Verh\u00e4ltnis von 3,061 betragen die Ki-Werte f\u00fcr die Bindung an die CB1- und CB2-Rezeptoren 9,0 bzw. 2,94 nM. Die Ergebnisse der Tests an Ratten waren denen von WIN 55,212-2 in Bezug auf die Hemmung der spontanen Aktivit\u00e4t, die maximale antinozizeptive Wirkung im Schwanzschlagexperiment und die Rektaltemperatur \u00e4hnlich. Der Verkauf von <a href=\"https:\/\/legitgrams.com\/de\/produkt\/jwh021-neu\/\">JWH 021 Pulver online<\/a> in den USA<\/p>\n<h3>JWH 021 in den USA zug\u00e4nglich<\/h3>\n<p>Pharmakologische Studien an Tieren zeigen, dass die Pille JWH 021 \u00e4hnlich wie 9-THC wirkt. Sie verursacht bei M\u00e4usen Katalepsie, Analgesie, einen Abfall der K\u00f6rpertemperatur und eine allgemeine Abnahme der Aktivit\u00e4t. Forscher k\u00f6nnen die Psychoaktivit\u00e4t bei Personen vorhersagen, bei denen alle vier dieser Effekte kombiniert werden, die Personen \u00e4hneln, die 9-THC verwenden. Basierend auf den Ergebnissen in allen vier Tests ruft JWH 021 bei Menschen wahrscheinlich psychoaktive Effekte hervor, die denen von THC \u00e4hneln. JWH 021 erzeugte in Rattenversuchen zur Drogenunterscheidung subjektive Reaktionen, die mit denen von 9-THC vergleichbar waren, und diese Reaktionen erstreckten sich auf 9-THC. JWH 021 k\u00f6nnte in vivo \u00e4hnlich wie 9-THC wirken, da es sich st\u00e4rker als 9-THC an den Cannabinoidrezeptor CB1 im Gehirn bindet und in Funktionstests agonistische Eigenschaften aufweist. <a href=\"https:\/\/legitgrams.com\/de\/\">LegitGrams<\/a><\/p>\n<p>&nbsp;<\/p>\n<p>&nbsp;<\/p>\n<h2><\/h2>\n<h2><\/h2>\n<h2><\/h2>\n<p>&nbsp;<\/p>","protected":false},"excerpt":{"rendered":"<p><b>JWH-018<\/b>\u00a0(<b>1-Pentyl-3-(1-naphthoyl)indol<\/b>,\u00a0<b>NA-PIMO <\/b>oder <b>AM-678<\/b>) <sup id=\"cite_ref-4\" class=\"reference\"><\/sup>\u00a0ist eine schmerzstillende Chemikalie aus der Familie der Naphthoylindole, die als vollst\u00e4ndiger Agonist sowohl am CB<sub>1<\/sub>\u00a0und CB<sub>2<\/sub>\u00a0Cannabinoidrezeptoren, mit einer gewissen Selektivit\u00e4t f\u00fcr CB<sub>2<\/sub>. Es erzeugt bei Tieren \u00e4hnliche Wirkungen wie Tetrahydrocannabinol (THC), ein nat\u00fcrlich in Cannabis vorkommendes Cannabinoid, was zu seiner Verwendung in synthetischen Cannabisprodukten f\u00fchrte, die in einigen L\u00e4ndern legal als \"R\u00e4uchermischungen\" verkauft werden.<\/p>","protected":false},"featured_media":3252,"comment_status":"open","ping_status":"closed","template":"","meta":{"_uag_custom_page_level_css":"","site-sidebar-layout":"default","site-content-layout":"default","ast-global-header-display":"","ast-main-header-display":"","ast-hfb-above-header-display":"","ast-hfb-below-header-display":"","ast-hfb-mobile-header-display":"","site-post-title":"","ast-breadcrumbs-content":"","ast-featured-img":"","footer-sml-layout":"","theme-transparent-header-meta":"default","adv-header-id-meta":"","stick-header-meta":"default","header-above-stick-meta":"","header-main-stick-meta":"","header-below-stick-meta":"","_joinchat":[]},"product_brand":[],"product_cat":[190],"product_tag":[548,549,550,551,552],"class_list":{"0":"post-3243","1":"product","2":"type-product","3":"status-publish","4":"has-post-thumbnail","6":"product_cat-cannabinoids","7":"product_tag-best-place-to-order-jwh021-online","8":"product_tag-buy-jwh021-online","9":"product_tag-how-to-buy-jwh021-online-discreetly","10":"product_tag-jwh021","11":"product_tag-jwh021-for-sale","12":"desktop-align-left","13":"tablet-align-left","14":"mobile-align-left","15":"ast-product-gallery-layout-horizontal","16":"ast-product-gallery-with-no-image","17":"ast-product-single-variable","18":"ast-product-tabs-layout-horizontal","19":"ast-qv-on-image","21":"first","22":"instock","23":"shipping-taxable","24":"purchasable","25":"product-type-variable"},"yoast_head":"<!-- This site is optimized with the Yoast SEO plugin v25.9 - https:\/\/yoast.com\/wordpress\/plugins\/seo\/ -->\n<title>Jwh021 New for Sale - Order Jwh021 New Online | LegitGrams<\/title>\n<meta name=\"description\" content=\"Find premium Jwh021 new for sale at our online store, providing a secure platform to buy Jwh021 new online with ease, catering to your research needs.\" \/>\n<meta name=\"robots\" content=\"index, follow, max-snippet:-1, max-image-preview:large, max-video-preview:-1\" \/>\n<link rel=\"canonical\" href=\"https:\/\/legitgrams.com\/de\/produkt\/jwh021-neu\/\" \/>\n<meta property=\"og:locale\" content=\"de_DE\" \/>\n<meta property=\"og:type\" content=\"article\" \/>\n<meta property=\"og:title\" content=\"Jwh021 New for Sale - Order Jwh021 New Online | LegitGrams\" \/>\n<meta property=\"og:description\" content=\"Find premium Jwh021 new for sale at our online store, providing a secure platform to buy Jwh021 new online with ease, catering to your research needs.\" \/>\n<meta property=\"og:url\" content=\"https:\/\/legitgrams.com\/de\/produkt\/jwh021-neu\/\" \/>\n<meta property=\"og:site_name\" content=\"Legit Grams\" \/>\n<meta property=\"article:modified_time\" content=\"2025-01-14T07:00:00+00:00\" \/>\n<meta property=\"og:image\" content=\"https:\/\/legitgrams.com\/wp-content\/uploads\/2024\/08\/Jwh021-new.gif\" \/>\n\t<meta property=\"og:image:width\" content=\"600\" \/>\n\t<meta property=\"og:image:height\" content=\"600\" \/>\n\t<meta property=\"og:image:type\" content=\"image\/gif\" \/>\n<meta name=\"twitter:card\" content=\"summary_large_image\" \/>\n<meta name=\"twitter:label1\" content=\"Gesch\u00e4tzte Lesezeit\" \/>\n\t<meta name=\"twitter:data1\" content=\"4\u00a0Minuten\" \/>\n<script type=\"application\/ld+json\" class=\"yoast-schema-graph\">{\"@context\":\"https:\/\/schema.org\",\"@graph\":[{\"@type\":\"WebPage\",\"@id\":\"https:\/\/legitgrams.com\/product\/jwh021-new\/\",\"url\":\"https:\/\/legitgrams.com\/product\/jwh021-new\/\",\"name\":\"Jwh021 New for Sale - Order Jwh021 New Online | LegitGrams\",\"isPartOf\":{\"@id\":\"https:\/\/legitgrams.com\/#website\"},\"primaryImageOfPage\":{\"@id\":\"https:\/\/legitgrams.com\/product\/jwh021-new\/#primaryimage\"},\"image\":{\"@id\":\"https:\/\/legitgrams.com\/product\/jwh021-new\/#primaryimage\"},\"thumbnailUrl\":\"https:\/\/legitgrams.com\/wp-content\/uploads\/2024\/08\/Jwh021-new.gif\",\"datePublished\":\"2024-08-03T05:18:34+00:00\",\"dateModified\":\"2025-01-14T07:00:00+00:00\",\"description\":\"Find premium Jwh021 new for sale at our online store, providing a secure platform to buy Jwh021 new online with ease, catering to your research needs.\",\"breadcrumb\":{\"@id\":\"https:\/\/legitgrams.com\/product\/jwh021-new\/#breadcrumb\"},\"inLanguage\":\"de\",\"potentialAction\":[{\"@type\":\"ReadAction\",\"target\":[\"https:\/\/legitgrams.com\/product\/jwh021-new\/\"]}]},{\"@type\":\"ImageObject\",\"inLanguage\":\"de\",\"@id\":\"https:\/\/legitgrams.com\/product\/jwh021-new\/#primaryimage\",\"url\":\"https:\/\/legitgrams.com\/wp-content\/uploads\/2024\/08\/Jwh021-new.gif\",\"contentUrl\":\"https:\/\/legitgrams.com\/wp-content\/uploads\/2024\/08\/Jwh021-new.gif\",\"width\":600,\"height\":600,\"caption\":\"JWH-018\"},{\"@type\":\"BreadcrumbList\",\"@id\":\"https:\/\/legitgrams.com\/product\/jwh021-new\/#breadcrumb\",\"itemListElement\":[{\"@type\":\"ListItem\",\"position\":1,\"name\":\"Home\",\"item\":\"https:\/\/legitgrams.com\/\"},{\"@type\":\"ListItem\",\"position\":2,\"name\":\"Shop\",\"item\":\"https:\/\/legitgrams.com\/shop\/\"},{\"@type\":\"ListItem\",\"position\":3,\"name\":\"Jwh021 new\"}]},{\"@type\":\"WebSite\",\"@id\":\"https:\/\/legitgrams.com\/#website\",\"url\":\"https:\/\/legitgrams.com\/\",\"name\":\"Legit Grams\",\"description\":\"My WordPress Blog\",\"publisher\":{\"@id\":\"https:\/\/legitgrams.com\/#organization\"},\"potentialAction\":[{\"@type\":\"SearchAction\",\"target\":{\"@type\":\"EntryPoint\",\"urlTemplate\":\"https:\/\/legitgrams.com\/?s={search_term_string}\"},\"query-input\":{\"@type\":\"PropertyValueSpecification\",\"valueRequired\":true,\"valueName\":\"search_term_string\"}}],\"inLanguage\":\"de\"},{\"@type\":\"Organization\",\"@id\":\"https:\/\/legitgrams.com\/#organization\",\"name\":\"Legit Grams\",\"url\":\"https:\/\/legitgrams.com\/\",\"logo\":{\"@type\":\"ImageObject\",\"inLanguage\":\"de\",\"@id\":\"https:\/\/legitgrams.com\/#\/schema\/logo\/image\/\",\"url\":\"https:\/\/legitgrams.com\/wp-content\/uploads\/2024\/09\/main-logo.png\",\"contentUrl\":\"https:\/\/legitgrams.com\/wp-content\/uploads\/2024\/09\/main-logo.png\",\"width\":270,\"height\":75,\"caption\":\"Legit Grams\"},\"image\":{\"@id\":\"https:\/\/legitgrams.com\/#\/schema\/logo\/image\/\"}}]}<\/script>\n<!-- \/ Yoast SEO plugin. -->","yoast_head_json":{"title":"Jwh021 New for Sale - Jwh021 New Online bestellen | LegitGrams","description":"Finden Sie Premium Jwh021 neu zum Verkauf in unserem Online-Shop, der eine sichere Plattform bietet, um Jwh021 neu online mit Leichtigkeit zu kaufen, um Ihren Forschungsbedarf zu decken.","robots":{"index":"index","follow":"follow","max-snippet":"max-snippet:-1","max-image-preview":"max-image-preview:large","max-video-preview":"max-video-preview:-1"},"canonical":"https:\/\/legitgrams.com\/de\/produkt\/jwh021-neu\/","og_locale":"de_DE","og_type":"article","og_title":"Jwh021 New for Sale - Order Jwh021 New Online | LegitGrams","og_description":"Find premium Jwh021 new for sale at our online store, providing a secure platform to buy Jwh021 new online with ease, catering to your research needs.","og_url":"https:\/\/legitgrams.com\/de\/produkt\/jwh021-neu\/","og_site_name":"Legit Grams","article_modified_time":"2025-01-14T07:00:00+00:00","og_image":[{"width":600,"height":600,"url":"https:\/\/legitgrams.com\/wp-content\/uploads\/2024\/08\/Jwh021-new.gif","type":"image\/gif"}],"twitter_card":"summary_large_image","twitter_misc":{"Gesch\u00e4tzte Lesezeit":"4\u00a0Minuten"},"schema":{"@context":"https:\/\/schema.org","@graph":[{"@type":"WebPage","@id":"https:\/\/legitgrams.com\/product\/jwh021-new\/","url":"https:\/\/legitgrams.com\/product\/jwh021-new\/","name":"Jwh021 New for Sale - Jwh021 New Online bestellen | LegitGrams","isPartOf":{"@id":"https:\/\/legitgrams.com\/#website"},"primaryImageOfPage":{"@id":"https:\/\/legitgrams.com\/product\/jwh021-new\/#primaryimage"},"image":{"@id":"https:\/\/legitgrams.com\/product\/jwh021-new\/#primaryimage"},"thumbnailUrl":"https:\/\/legitgrams.com\/wp-content\/uploads\/2024\/08\/Jwh021-new.gif","datePublished":"2024-08-03T05:18:34+00:00","dateModified":"2025-01-14T07:00:00+00:00","description":"Finden Sie Premium Jwh021 neu zum Verkauf in unserem Online-Shop, der eine sichere Plattform bietet, um Jwh021 neu online mit Leichtigkeit zu kaufen, um Ihren Forschungsbedarf zu decken.","breadcrumb":{"@id":"https:\/\/legitgrams.com\/product\/jwh021-new\/#breadcrumb"},"inLanguage":"de","potentialAction":[{"@type":"ReadAction","target":["https:\/\/legitgrams.com\/product\/jwh021-new\/"]}]},{"@type":"ImageObject","inLanguage":"de","@id":"https:\/\/legitgrams.com\/product\/jwh021-new\/#primaryimage","url":"https:\/\/legitgrams.com\/wp-content\/uploads\/2024\/08\/Jwh021-new.gif","contentUrl":"https:\/\/legitgrams.com\/wp-content\/uploads\/2024\/08\/Jwh021-new.gif","width":600,"height":600,"caption":"JWH-018"},{"@type":"BreadcrumbList","@id":"https:\/\/legitgrams.com\/product\/jwh021-new\/#breadcrumb","itemListElement":[{"@type":"ListItem","position":1,"name":"Home","item":"https:\/\/legitgrams.com\/"},{"@type":"ListItem","position":2,"name":"Shop","item":"https:\/\/legitgrams.com\/shop\/"},{"@type":"ListItem","position":3,"name":"Jwh021 new"}]},{"@type":"WebSite","@id":"https:\/\/legitgrams.com\/#website","url":"https:\/\/legitgrams.com\/","name":"Legitimer Grammwert","description":"Mein WordPress-Blog","publisher":{"@id":"https:\/\/legitgrams.com\/#organization"},"potentialAction":[{"@type":"SearchAction","target":{"@type":"EntryPoint","urlTemplate":"https:\/\/legitgrams.com\/?s={search_term_string}"},"query-input":{"@type":"PropertyValueSpecification","valueRequired":true,"valueName":"search_term_string"}}],"inLanguage":"de"},{"@type":"Organization","@id":"https:\/\/legitgrams.com\/#organization","name":"Legitimer Grammwert","url":"https:\/\/legitgrams.com\/","logo":{"@type":"ImageObject","inLanguage":"de","@id":"https:\/\/legitgrams.com\/#\/schema\/logo\/image\/","url":"https:\/\/legitgrams.com\/wp-content\/uploads\/2024\/09\/main-logo.png","contentUrl":"https:\/\/legitgrams.com\/wp-content\/uploads\/2024\/09\/main-logo.png","width":270,"height":75,"caption":"Legit Grams"},"image":{"@id":"https:\/\/legitgrams.com\/#\/schema\/logo\/image\/"}}]}},"uagb_featured_image_src":{"full":["https:\/\/legitgrams.com\/wp-content\/uploads\/2024\/08\/Jwh021-new.gif",600,600,false],"thumbnail":["https:\/\/legitgrams.com\/wp-content\/uploads\/2024\/08\/Jwh021-new-150x150.gif",150,150,true],"medium":["https:\/\/legitgrams.com\/wp-content\/uploads\/2024\/08\/Jwh021-new-300x300.gif",300,300,true],"medium_large":["https:\/\/legitgrams.com\/wp-content\/uploads\/2024\/08\/Jwh021-new.gif",600,600,false],"large":["https:\/\/legitgrams.com\/wp-content\/uploads\/2024\/08\/Jwh021-new.gif",600,600,false],"1536x1536":["https:\/\/legitgrams.com\/wp-content\/uploads\/2024\/08\/Jwh021-new.gif",600,600,false],"2048x2048":["https:\/\/legitgrams.com\/wp-content\/uploads\/2024\/08\/Jwh021-new.gif",600,600,false],"trp-custom-language-flag":["https:\/\/legitgrams.com\/wp-content\/uploads\/2024\/08\/Jwh021-new-12x12.gif",12,12,true],"woocommerce_thumbnail":["https:\/\/legitgrams.com\/wp-content\/uploads\/2024\/08\/Jwh021-new-300x300.gif",300,300,true],"woocommerce_single":["https:\/\/legitgrams.com\/wp-content\/uploads\/2024\/08\/Jwh021-new.gif",600,600,false],"woocommerce_gallery_thumbnail":["https:\/\/legitgrams.com\/wp-content\/uploads\/2024\/08\/Jwh021-new-100x100.gif",100,100,true]},"uagb_author_info":{"display_name":"cokeblog18","author_link":"https:\/\/legitgrams.com\/de\/author\/"},"uagb_comment_info":0,"uagb_excerpt":"JWH-018\u00a0(1-pentyl-3-(1-naphthoyl)indole,\u00a0NA-PIMO or AM-678) \u00a0is an\u00a0analgesic\u00a0chemical from the\u00a0naphthoylindole\u00a0family that acts as a\u00a0full agonist\u00a0at both the CB1\u00a0and CB2\u00a0cannabinoid receptors, with some\u00a0selectivity\u00a0for CB2. It produces effects in animals similar to those of\u00a0tetrahydrocannabinol\u00a0(THC), a cannabinoid naturally present in cannabis, leading to its use in\u00a0synthetic cannabis\u00a0products that in some countries are sold legally as \"incense blends\".","_links":{"self":[{"href":"https:\/\/legitgrams.com\/de\/wp-json\/wp\/v2\/product\/3243","targetHints":{"allow":["GET"]}}],"collection":[{"href":"https:\/\/legitgrams.com\/de\/wp-json\/wp\/v2\/product"}],"about":[{"href":"https:\/\/legitgrams.com\/de\/wp-json\/wp\/v2\/types\/product"}],"replies":[{"embeddable":true,"href":"https:\/\/legitgrams.com\/de\/wp-json\/wp\/v2\/comments?post=3243"}],"wp:featuredmedia":[{"embeddable":true,"href":"https:\/\/legitgrams.com\/de\/wp-json\/wp\/v2\/media\/3252"}],"wp:attachment":[{"href":"https:\/\/legitgrams.com\/de\/wp-json\/wp\/v2\/media?parent=3243"}],"wp:term":[{"taxonomy":"product_brand","embeddable":true,"href":"https:\/\/legitgrams.com\/de\/wp-json\/wp\/v2\/product_brand?post=3243"},{"taxonomy":"product_cat","embeddable":true,"href":"https:\/\/legitgrams.com\/de\/wp-json\/wp\/v2\/product_cat?post=3243"},{"taxonomy":"product_tag","embeddable":true,"href":"https:\/\/legitgrams.com\/de\/wp-json\/wp\/v2\/product_tag?post=3243"}],"curies":[{"name":"wp","href":"https:\/\/api.w.org\/{rel}","templated":true}]}}