{"id":3245,"date":"2024-08-03T05:18:56","date_gmt":"2024-08-03T05:18:56","guid":{"rendered":"https:\/\/cokebricks.com\/?post_type=product&#038;p=3245"},"modified":"2025-03-17T20:40:00","modified_gmt":"2025-03-17T20:40:00","slug":"mdpep","status":"publish","type":"product","link":"https:\/\/legitgrams.com\/de\/produkt\/mdpep\/","title":{"rendered":"Mdpep"},"content":{"rendered":"<h2>Mdpep: Was ist das?<\/h2>\n<p>MDPEP, ein substituiertes Cathinonderivat mit stimulierenden Eigenschaften, das als Designermedikament vermarktet wurde, wird auch als MD-PV8 und MDPHPP bezeichnet. MDPV und MDPHP sind bekannte stimulierende Designermedikamente, die ein l\u00e4ngerkettiges Heptylhomolog aufweisen. Es wurde urspr\u00fcnglich 2019 in Schweden entdeckt und sehr weit verbreitet verkauft. In den USA war es 2020\u20132021 das am h\u00e4ufigsten nachgewiesene substituierte Cathinonderivat, obwohl seine Verwendung im Ausland noch nicht mit der von MDPV und MDPHP mithalten konnte. KAUFEN Sie Alpha f\u00fcr MD-PEP online Stra\u00dfenname 4F Alpha Alpha PiHP<\/p>\n<h3>Mdpep online Kaufen bei seri\u00f6sen Anbietern und H\u00e4ndlern<\/h3>\n<p>Von dort aus k\u00f6nnen Sie Mdpep schnell bestellen. Wir gelten als die besten und kompetentesten <a href=\"https:\/\/legitgrams.com\/de\/produkt\/mdpep\/\">Mdpep online kaufen<\/a> Online-H\u00e4ndler und<\/p>\n<p>Anbieter. F\u00fcr diejenigen unter Ihnen, die in den USA, Australien, Kanada oder Europa leben, ist es sehr einfach, Mdpep online zu kaufen.<\/p>\n<p>Wir verwenden nur die besten Forschungschemikalien und -pulver, weil wir auf diesem Gebiet Profis sind. Seit einiger Zeit unterst\u00fctzen wir diejenigen, die dies w\u00fcnschen. Dieses Produkt ist preisg\u00fcnstig und online erh\u00e4ltlich. Wir werden Ihre Spezifikationen fertigstellen, sobald Sie sie uns zukommen lassen.<\/p>\n<h3>Warum sollten Sie sich f\u00fcr Online-Coke-Bricks von Mdpep entscheiden?<\/h3>\n<p>Mdpep ist derzeit erh\u00e4ltlich bei <a href=\"https:\/\/legitgrams.com\/de\/\">LegitGrams<\/a>, unser Online-Shop. Sie sollten uns aus mehreren guten Gr\u00fcnden als Ihren bevorzugten Einzelh\u00e4ndler w\u00e4hlen.<\/p>\n<p>Wir blicken in dieser Branche auf eine lange Geschichte zur\u00fcck.<\/p>\n<p>Wir arbeiten mit renommierten und etablierten Unternehmen zusammen.<\/p>\n<p>Wir bieten weiterhin hochwertige, hygienische und wirksame Produkte an.<\/p>\n<p>Wir bieten unseren Kunden die sichersten und schnellsten Lieferoptionen.<\/p>\n<p>Alle unsere Produkte werden so verpackt, dass eine sichere Lieferung gew\u00e4hrleistet ist.s<\/p>\n<p>Wir bieten unseren Kunden auch Unterst\u00fctzung nach dem Kauf.<\/p>\n<h3>Wo kann ich Mdpep online kaufen?<\/h3>\n<p>Coke Bricks ist der ideale Standort. Sie k\u00f6nnen sich darauf verlassen, dass wir als Online-H\u00e4ndler das Beste bieten. Unsere Produkte werden weltweit verschickt. Sie k\u00f6nnen uns jederzeit von \u00fcberall auf der Welt kontaktieren.<\/p>\n<p>Egal, was wir hier haben, wir helfen Ihnen gerne weiter. Unser Online-Shop sorgt daf\u00fcr, dass Sie sich nie wieder um ein Teil sorgen m\u00fcssen.<\/p>\n<p>Auf unserer offiziellen Website k\u00f6nnen Sie Mdpep ganz einfach zu Ihrem Online-Einkauf hinzuf\u00fcgen. Der Zahlungsvorgang kann nun fortgesetzt werden.<\/p>\n<p>indem Sie die Zahlungsmethode Ihrer Wahl ausw\u00e4hlen. Machen Sie sich keine Sorgen um Ihre privaten Daten. Ihre vertraulichen Informationen sind bei uns absolut sicher. Kaufen <a href=\"https:\/\/en.namu.wiki\/w\/MDPOPE\">Mdpep<\/a> von zuverl\u00e4ssigen Herstellern und Lieferanten, kontaktieren Sie unseren Online-Shop!<\/p>\n<p>&nbsp;<\/p>\n<p>&nbsp;<\/p>\n<h1><\/h1>\n<p>&nbsp;<\/p>","protected":false},"excerpt":{"rendered":"<p>Mdpep: What is it? MDPEP, a substituted cathinone derivative with stimulant properties that has been marketed as a designer medication, is also referred to as MD-PV8 and MDPHPP. MDPV and MDPHP are well-known stimulant designer medicines that have a longer chain heptyl homologue. It was initially discovered in Sweden in 2019 and has been sold &hellip;<\/p>\n<p class=\"read-more\"> <a class=\"\" href=\"https:\/\/legitgrams.com\/de\/produkt\/mdpep\/\"> <span class=\"screen-reader-text\">Mdpep<\/span> Mehr lesen \"<\/a><\/p>","protected":false},"featured_media":3256,"comment_status":"open","ping_status":"closed","template":"","meta":{"_uag_custom_page_level_css":"","site-sidebar-layout":"default","site-content-layout":"default","ast-global-header-display":"","ast-main-header-display":"","ast-hfb-above-header-display":"","ast-hfb-below-header-display":"","ast-hfb-mobile-header-display":"","site-post-title":"","ast-breadcrumbs-content":"","ast-featured-img":"","footer-sml-layout":"","theme-transparent-header-meta":"default","adv-header-id-meta":"","stick-header-meta":"default","header-above-stick-meta":"","header-main-stick-meta":"","header-below-stick-meta":"","_joinchat":[]},"product_brand":[],"product_cat":[190],"product_tag":[500,501,502,503,492,493,494,495,496,497,498,499],"class_list":{"0":"post-3245","1":"product","2":"type-product","3":"status-publish","4":"has-post-thumbnail","6":"product_cat-cannabinoids","7":"product_tag-mdpep-cannabinoids","8":"product_tag-mdpep-cannabinoids-for-sale","9":"product_tag-mdpep-cannabinoids-reddit","10":"product_tag-mdpep-chemical","11":"product_tag-mdpep-powder-australia","12":"product_tag-mdpep-powder-canada","13":"product_tag-mdpep-powder-greece","14":"product_tag-mdpep-powder-kuwait","15":"product_tag-mdpep-powder-review","16":"product_tag-mdpep-powder-spain","17":"product_tag-mdpep-powder-uk","18":"product_tag-mdpep-powder-usa","19":"desktop-align-left","20":"tablet-align-left","21":"mobile-align-left","22":"ast-product-gallery-layout-horizontal","23":"ast-product-gallery-with-no-image","24":"ast-product-single-variable","25":"ast-product-tabs-layout-horizontal","26":"ast-qv-on-image","28":"first","29":"instock","30":"shipping-taxable","31":"purchasable","32":"product-type-variable"},"yoast_head":"<!-- This site is optimized with the Yoast SEO plugin v25.9 - https:\/\/yoast.com\/wordpress\/plugins\/seo\/ -->\n<title>Mdpep for Sale - Buy Mdpep Online - Order Mdpep Online<\/title>\n<meta name=\"description\" content=\"You can get in touch with our Legitgrams store and buy Mdpep online. We have Mdpep for sale at cheap prices. Get yours at your place right away!\" \/>\n<meta name=\"robots\" content=\"index, follow, max-snippet:-1, max-image-preview:large, max-video-preview:-1\" \/>\n<link rel=\"canonical\" href=\"https:\/\/legitgrams.com\/de\/produkt\/mdpep\/\" \/>\n<meta property=\"og:locale\" content=\"de_DE\" \/>\n<meta property=\"og:type\" content=\"article\" \/>\n<meta property=\"og:title\" content=\"Mdpep for Sale - Buy Mdpep Online - Order Mdpep Online\" \/>\n<meta property=\"og:description\" content=\"You can get in touch with our Legitgrams store and buy Mdpep online. We have Mdpep for sale at cheap prices. Get yours at your place right away!\" \/>\n<meta property=\"og:url\" content=\"https:\/\/legitgrams.com\/de\/produkt\/mdpep\/\" \/>\n<meta property=\"og:site_name\" content=\"Legit Grams\" \/>\n<meta property=\"article:modified_time\" content=\"2025-03-17T20:40:00+00:00\" \/>\n<meta property=\"og:image\" content=\"https:\/\/legitgrams.com\/wp-content\/uploads\/2024\/08\/Mdpep.gif\" \/>\n\t<meta property=\"og:image:width\" content=\"600\" \/>\n\t<meta property=\"og:image:height\" content=\"600\" \/>\n\t<meta property=\"og:image:type\" content=\"image\/gif\" \/>\n<meta name=\"twitter:card\" content=\"summary_large_image\" \/>\n<meta name=\"twitter:label1\" content=\"Gesch\u00e4tzte Lesezeit\" \/>\n\t<meta name=\"twitter:data1\" content=\"4\u00a0Minuten\" \/>\n<script type=\"application\/ld+json\" class=\"yoast-schema-graph\">{\"@context\":\"https:\/\/schema.org\",\"@graph\":[{\"@type\":\"WebPage\",\"@id\":\"https:\/\/legitgrams.com\/product\/mdpep\/\",\"url\":\"https:\/\/legitgrams.com\/product\/mdpep\/\",\"name\":\"Mdpep for Sale - Buy Mdpep Online - Order Mdpep Online\",\"isPartOf\":{\"@id\":\"https:\/\/legitgrams.com\/#website\"},\"primaryImageOfPage\":{\"@id\":\"https:\/\/legitgrams.com\/product\/mdpep\/#primaryimage\"},\"image\":{\"@id\":\"https:\/\/legitgrams.com\/product\/mdpep\/#primaryimage\"},\"thumbnailUrl\":\"https:\/\/legitgrams.com\/wp-content\/uploads\/2024\/08\/Mdpep.gif\",\"datePublished\":\"2024-08-03T05:18:56+00:00\",\"dateModified\":\"2025-03-17T20:40:00+00:00\",\"description\":\"You can get in touch with our Legitgrams store and buy Mdpep online. We have Mdpep for sale at cheap prices. Get yours at your place right away!\",\"breadcrumb\":{\"@id\":\"https:\/\/legitgrams.com\/product\/mdpep\/#breadcrumb\"},\"inLanguage\":\"de\",\"potentialAction\":[{\"@type\":\"ReadAction\",\"target\":[\"https:\/\/legitgrams.com\/product\/mdpep\/\"]}]},{\"@type\":\"ImageObject\",\"inLanguage\":\"de\",\"@id\":\"https:\/\/legitgrams.com\/product\/mdpep\/#primaryimage\",\"url\":\"https:\/\/legitgrams.com\/wp-content\/uploads\/2024\/08\/Mdpep.gif\",\"contentUrl\":\"https:\/\/legitgrams.com\/wp-content\/uploads\/2024\/08\/Mdpep.gif\",\"width\":600,\"height\":600,\"caption\":\"Mdpep for Sale\"},{\"@type\":\"BreadcrumbList\",\"@id\":\"https:\/\/legitgrams.com\/product\/mdpep\/#breadcrumb\",\"itemListElement\":[{\"@type\":\"ListItem\",\"position\":1,\"name\":\"Home\",\"item\":\"https:\/\/legitgrams.com\/\"},{\"@type\":\"ListItem\",\"position\":2,\"name\":\"Shop\",\"item\":\"https:\/\/legitgrams.com\/shop\/\"},{\"@type\":\"ListItem\",\"position\":3,\"name\":\"Mdpep\"}]},{\"@type\":\"WebSite\",\"@id\":\"https:\/\/legitgrams.com\/#website\",\"url\":\"https:\/\/legitgrams.com\/\",\"name\":\"Legit Grams\",\"description\":\"My WordPress Blog\",\"publisher\":{\"@id\":\"https:\/\/legitgrams.com\/#organization\"},\"potentialAction\":[{\"@type\":\"SearchAction\",\"target\":{\"@type\":\"EntryPoint\",\"urlTemplate\":\"https:\/\/legitgrams.com\/?s={search_term_string}\"},\"query-input\":{\"@type\":\"PropertyValueSpecification\",\"valueRequired\":true,\"valueName\":\"search_term_string\"}}],\"inLanguage\":\"de\"},{\"@type\":\"Organization\",\"@id\":\"https:\/\/legitgrams.com\/#organization\",\"name\":\"Legit Grams\",\"url\":\"https:\/\/legitgrams.com\/\",\"logo\":{\"@type\":\"ImageObject\",\"inLanguage\":\"de\",\"@id\":\"https:\/\/legitgrams.com\/#\/schema\/logo\/image\/\",\"url\":\"https:\/\/legitgrams.com\/wp-content\/uploads\/2024\/09\/main-logo.png\",\"contentUrl\":\"https:\/\/legitgrams.com\/wp-content\/uploads\/2024\/09\/main-logo.png\",\"width\":270,\"height\":75,\"caption\":\"Legit Grams\"},\"image\":{\"@id\":\"https:\/\/legitgrams.com\/#\/schema\/logo\/image\/\"}}]}<\/script>\n<!-- \/ Yoast SEO plugin. -->","yoast_head_json":{"title":"Mdpep zu verkaufen - Mdpep online kaufen - Mdpep online bestellen","description":"Sie k\u00f6nnen sich mit unserem Legitgrams-Shop in Verbindung setzen und Mdpep online kaufen. Wir haben Mdpep zum Verkauf zu g\u00fcnstigen Preisen. Holen Sie sich bei Ihnen zu Hause sofort!","robots":{"index":"index","follow":"follow","max-snippet":"max-snippet:-1","max-image-preview":"max-image-preview:large","max-video-preview":"max-video-preview:-1"},"canonical":"https:\/\/legitgrams.com\/de\/produkt\/mdpep\/","og_locale":"de_DE","og_type":"article","og_title":"Mdpep for Sale - Buy Mdpep Online - Order Mdpep Online","og_description":"You can get in touch with our Legitgrams store and buy Mdpep online. We have Mdpep for sale at cheap prices. Get yours at your place right away!","og_url":"https:\/\/legitgrams.com\/de\/produkt\/mdpep\/","og_site_name":"Legit Grams","article_modified_time":"2025-03-17T20:40:00+00:00","og_image":[{"width":600,"height":600,"url":"https:\/\/legitgrams.com\/wp-content\/uploads\/2024\/08\/Mdpep.gif","type":"image\/gif"}],"twitter_card":"summary_large_image","twitter_misc":{"Gesch\u00e4tzte Lesezeit":"4\u00a0Minuten"},"schema":{"@context":"https:\/\/schema.org","@graph":[{"@type":"WebPage","@id":"https:\/\/legitgrams.com\/product\/mdpep\/","url":"https:\/\/legitgrams.com\/product\/mdpep\/","name":"Mdpep zu verkaufen - Mdpep online kaufen - Mdpep online bestellen","isPartOf":{"@id":"https:\/\/legitgrams.com\/#website"},"primaryImageOfPage":{"@id":"https:\/\/legitgrams.com\/product\/mdpep\/#primaryimage"},"image":{"@id":"https:\/\/legitgrams.com\/product\/mdpep\/#primaryimage"},"thumbnailUrl":"https:\/\/legitgrams.com\/wp-content\/uploads\/2024\/08\/Mdpep.gif","datePublished":"2024-08-03T05:18:56+00:00","dateModified":"2025-03-17T20:40:00+00:00","description":"Sie k\u00f6nnen sich mit unserem Legitgrams-Shop in Verbindung setzen und Mdpep online kaufen. Wir haben Mdpep zum Verkauf zu g\u00fcnstigen Preisen. Holen Sie sich bei Ihnen zu Hause sofort!","breadcrumb":{"@id":"https:\/\/legitgrams.com\/product\/mdpep\/#breadcrumb"},"inLanguage":"de","potentialAction":[{"@type":"ReadAction","target":["https:\/\/legitgrams.com\/product\/mdpep\/"]}]},{"@type":"ImageObject","inLanguage":"de","@id":"https:\/\/legitgrams.com\/product\/mdpep\/#primaryimage","url":"https:\/\/legitgrams.com\/wp-content\/uploads\/2024\/08\/Mdpep.gif","contentUrl":"https:\/\/legitgrams.com\/wp-content\/uploads\/2024\/08\/Mdpep.gif","width":600,"height":600,"caption":"Mdpep for Sale"},{"@type":"BreadcrumbList","@id":"https:\/\/legitgrams.com\/product\/mdpep\/#breadcrumb","itemListElement":[{"@type":"ListItem","position":1,"name":"Home","item":"https:\/\/legitgrams.com\/"},{"@type":"ListItem","position":2,"name":"Shop","item":"https:\/\/legitgrams.com\/shop\/"},{"@type":"ListItem","position":3,"name":"Mdpep"}]},{"@type":"WebSite","@id":"https:\/\/legitgrams.com\/#website","url":"https:\/\/legitgrams.com\/","name":"Legitimer Grammwert","description":"Mein WordPress-Blog","publisher":{"@id":"https:\/\/legitgrams.com\/#organization"},"potentialAction":[{"@type":"SearchAction","target":{"@type":"EntryPoint","urlTemplate":"https:\/\/legitgrams.com\/?s={search_term_string}"},"query-input":{"@type":"PropertyValueSpecification","valueRequired":true,"valueName":"search_term_string"}}],"inLanguage":"de"},{"@type":"Organization","@id":"https:\/\/legitgrams.com\/#organization","name":"Legitimer Grammwert","url":"https:\/\/legitgrams.com\/","logo":{"@type":"ImageObject","inLanguage":"de","@id":"https:\/\/legitgrams.com\/#\/schema\/logo\/image\/","url":"https:\/\/legitgrams.com\/wp-content\/uploads\/2024\/09\/main-logo.png","contentUrl":"https:\/\/legitgrams.com\/wp-content\/uploads\/2024\/09\/main-logo.png","width":270,"height":75,"caption":"Legit Grams"},"image":{"@id":"https:\/\/legitgrams.com\/#\/schema\/logo\/image\/"}}]}},"uagb_featured_image_src":{"full":["https:\/\/legitgrams.com\/wp-content\/uploads\/2024\/08\/Mdpep.gif",600,600,false],"thumbnail":["https:\/\/legitgrams.com\/wp-content\/uploads\/2024\/08\/Mdpep-150x150.gif",150,150,true],"medium":["https:\/\/legitgrams.com\/wp-content\/uploads\/2024\/08\/Mdpep-300x300.gif",300,300,true],"medium_large":["https:\/\/legitgrams.com\/wp-content\/uploads\/2024\/08\/Mdpep.gif",600,600,false],"large":["https:\/\/legitgrams.com\/wp-content\/uploads\/2024\/08\/Mdpep.gif",600,600,false],"1536x1536":["https:\/\/legitgrams.com\/wp-content\/uploads\/2024\/08\/Mdpep.gif",600,600,false],"2048x2048":["https:\/\/legitgrams.com\/wp-content\/uploads\/2024\/08\/Mdpep.gif",600,600,false],"trp-custom-language-flag":["https:\/\/legitgrams.com\/wp-content\/uploads\/2024\/08\/Mdpep-12x12.gif",12,12,true],"woocommerce_thumbnail":["https:\/\/legitgrams.com\/wp-content\/uploads\/2024\/08\/Mdpep-300x300.gif",300,300,true],"woocommerce_single":["https:\/\/legitgrams.com\/wp-content\/uploads\/2024\/08\/Mdpep.gif",600,600,false],"woocommerce_gallery_thumbnail":["https:\/\/legitgrams.com\/wp-content\/uploads\/2024\/08\/Mdpep-100x100.gif",100,100,true]},"uagb_author_info":{"display_name":"cokeblog18","author_link":"https:\/\/legitgrams.com\/de\/author\/"},"uagb_comment_info":1,"uagb_excerpt":"Mdpep: What is it? MDPEP, a substituted cathinone derivative with stimulant properties that has been marketed as a designer medication, is also referred to as MD-PV8 and MDPHPP. MDPV and MDPHP are well-known stimulant designer medicines that have a longer chain heptyl homologue. It was initially discovered in Sweden in 2019 and has been sold&hellip;","_links":{"self":[{"href":"https:\/\/legitgrams.com\/de\/wp-json\/wp\/v2\/product\/3245","targetHints":{"allow":["GET"]}}],"collection":[{"href":"https:\/\/legitgrams.com\/de\/wp-json\/wp\/v2\/product"}],"about":[{"href":"https:\/\/legitgrams.com\/de\/wp-json\/wp\/v2\/types\/product"}],"replies":[{"embeddable":true,"href":"https:\/\/legitgrams.com\/de\/wp-json\/wp\/v2\/comments?post=3245"}],"wp:featuredmedia":[{"embeddable":true,"href":"https:\/\/legitgrams.com\/de\/wp-json\/wp\/v2\/media\/3256"}],"wp:attachment":[{"href":"https:\/\/legitgrams.com\/de\/wp-json\/wp\/v2\/media?parent=3245"}],"wp:term":[{"taxonomy":"product_brand","embeddable":true,"href":"https:\/\/legitgrams.com\/de\/wp-json\/wp\/v2\/product_brand?post=3245"},{"taxonomy":"product_cat","embeddable":true,"href":"https:\/\/legitgrams.com\/de\/wp-json\/wp\/v2\/product_cat?post=3245"},{"taxonomy":"product_tag","embeddable":true,"href":"https:\/\/legitgrams.com\/de\/wp-json\/wp\/v2\/product_tag?post=3245"}],"curies":[{"name":"wp","href":"https:\/\/api.w.org\/{rel}","templated":true}]}}