{"id":3258,"date":"2024-08-03T05:26:26","date_gmt":"2024-08-03T05:26:26","guid":{"rendered":"https:\/\/cokebricks.com\/?post_type=product&#038;p=3258"},"modified":"2025-01-14T08:47:41","modified_gmt":"2025-01-14T08:47:41","slug":"mcpep","status":"publish","type":"product","link":"https:\/\/legitgrams.com\/de\/produkt\/mcpep\/","title":{"rendered":"Mcpep"},"content":{"rendered":"<h2>MCPEP online Kaufen<\/h2>\n<p><a href=\"https:\/\/legitgrams.com\/de\/produkt\/mcpep\/\">MCPEP Online kaufen<\/a>e: MCPEP f\u00fchrt kein Nembutal zum Kauf, der einzige Ort, an dem man eine Vielzahl synthetischer Substanzen an einem Ort bekommen kann. MCPEP \u00fcber das Internet. Flakka, auch als Rock bezeichnet, ist ein Stimulans der Cathinon-Klasse, das in den 1960er Jahren entwickelt wurde.<\/p>\n<p><a href=\"https:\/\/commons.wikimedia.org\/wiki\/File:MCPEP_structure.png\">MCPEP<\/a>, ein synthetisches Energiemittel, das zur Pyrovaleron- und Cathinon-Familie geh\u00f6rt, wird online verkauft. Es \u00e4hnelt in Bezug auf die Synthese anderen Pyrovaleron-Mischungen, einschlie\u00dflich MDPV- und Cathinon-Mischungen. Es wird oft in gro\u00dfen, sch\u00f6nen Steinsplittern oder als glasartiges Pulver verkauft, das Benutzer einnehmen k\u00f6nnen, um amphetamin\u00e4hnliche Empfindungen zu erzielen.<\/p>\n<p>MCPEP ist eine weit verbreitete Freizeitdroge und ist ein einfaches Keton von Prolintan, das synthetisch mit Pyrovaleron verbunden ist.<\/p>\n<p>Das Medikament Pyrovaleron blockiert die Tr\u00e4ger bestimmter Monoaminsynapsen, wie beispielsweise f\u00fcr Dopamin und Noradrenalin, um deren Aufnahme zu stoppen. Der einzige Unterschied zwischen Pyrovaleron und 1,2-\u03b1-Pyrrolidinopentiophenon (Hydrochlorid) ist das Fehlen einer Methylgruppe am Phenylmolek\u00fcl. \u00c4hnlich wie Pyrovaleron wird angenommen, dass dieses Medikament als psychoaktives Stimulans wirkt. Zu diesem Thema gibt es rechtliche Rahmenbedingungen.<\/p>\n<h3>WARUM IST LEGITGRAMS DIE BESTE WEBSITE F\u00dcR DEN ONLINE-KAUF VON MCPEP?<\/h3>\n<p>Echte Pulver wie Mcpep werden in gro\u00dfen Mengen und im Einzelhandel von Coke Bricks, einem autorisierten Lieferanten, verkauft. Unser Unternehmen garantiert die beste MCPEP-Qualit\u00e4t zusammen mit einzigartiger Verpackung und sicherem internationalen Versand.<\/p>\n<p>die kritische Denkphase, die nach dem Konsum von MCPEP eintritt. Einige Klienten behaupten, dass MCPEP dem Rauchen im Allgemeinen weit \u00fcberlegen sei, da es h\u00e4ufig als Freizeitdroge verwendet wird und keine Zigaretten produziert.<\/p>\n<h3>Investieren Sie in MCPEP-Pulver.<\/h3>\n<p>Dieses Pyrovaleron wirkt als Inhibitor, indem es die Aufnahme bestimmter monoaminergetischer synaptischer Neurotransmitter, darunter Dopamin und Norepinephrin, verhindert.1,2 \u03b1-Pyrrolidinopentiophenon (Hydrochlorid), ein einfaches Pyrovaleron, besitzt nicht das einzelne Methylb\u00fcndel, das sich am Phenylrest von Pyrovaleron befindet. Wie Pyrovaleron gilt dieses Molek\u00fcl als psychedelisches Energiemittel. Dieses Element wird in legalen Situationen verwendet. <a href=\"https:\/\/legitgrams.com\/de\/\">LegitGrams<\/a><\/p>\n<h3>Was macht Coke Bricks zum besten MCPEP-Onlineh\u00e4ndler?<\/h3>\n<p>Coke Bricks betreibt als autorisierter H\u00e4ndler den Gro\u00df- und Einzelhandel mit Originalpulvern wie Mcpep. Neben MCPEP h\u00f6chster Qualit\u00e4t verspricht unser Unternehmen einzigartige Verpackungen und einen sicheren weltweiten Versand. Kaufen Sie MCPEP online.<\/p>\n<h2><\/h2>\n<h2><\/h2>\n<p>&nbsp;<\/p>","protected":false},"excerpt":{"rendered":"<p>Purchase MCPEP Online MCPEP Buy Online: MCPEP does not carry Purchase Nembutal, the only place to get a variety of synthetics in one place. MCPEP via the internet. Flakka, also referred to as rock, is a stimulant drug of the cathinone class that was developed in the 1960s. MCPEP, a synthetic energizer that belongs to &hellip;<\/p>\n<p class=\"read-more\"> <a class=\"\" href=\"https:\/\/legitgrams.com\/de\/produkt\/mcpep\/\"> <span class=\"screen-reader-text\">Mcpep<\/span> Mehr lesen \"<\/a><\/p>","protected":false},"featured_media":3268,"comment_status":"open","ping_status":"closed","template":"","meta":{"_uag_custom_page_level_css":"","site-sidebar-layout":"default","site-content-layout":"default","ast-global-header-display":"","ast-main-header-display":"","ast-hfb-above-header-display":"","ast-hfb-below-header-display":"","ast-hfb-mobile-header-display":"","site-post-title":"","ast-breadcrumbs-content":"","ast-featured-img":"","footer-sml-layout":"","theme-transparent-header-meta":"default","adv-header-id-meta":"","stick-header-meta":"default","header-above-stick-meta":"","header-main-stick-meta":"","header-below-stick-meta":"","_joinchat":[]},"product_brand":[],"product_cat":[190],"product_tag":[524,525,526,527,516,517,518,519,520,521,522,523],"class_list":{"0":"post-3258","1":"product","2":"type-product","3":"status-publish","4":"has-post-thumbnail","6":"product_cat-cannabinoids","7":"product_tag-mcpep-cannabinoids","8":"product_tag-mcpep-cannabinoids-for-sale","9":"product_tag-mcpep-cannabinoids-reddit","10":"product_tag-mcpep-chemical","11":"product_tag-mcpep-powder-australia","12":"product_tag-mcpep-powder-canada","13":"product_tag-mcpep-powder-greece","14":"product_tag-mcpep-powder-kuwait","15":"product_tag-mcpep-powder-review","16":"product_tag-mcpep-powder-spain","17":"product_tag-mcpep-powder-uk","18":"product_tag-mcpep-powder-usa","19":"desktop-align-left","20":"tablet-align-left","21":"mobile-align-left","22":"ast-product-gallery-layout-horizontal","23":"ast-product-gallery-with-no-image","24":"ast-product-single-variable","25":"ast-product-tabs-layout-horizontal","26":"ast-qv-on-image","28":"first","29":"instock","30":"shipping-taxable","31":"purchasable","32":"product-type-variable"},"yoast_head":"<!-- This site is optimized with the Yoast SEO plugin v25.9 - https:\/\/yoast.com\/wordpress\/plugins\/seo\/ -->\n<title>Mcpep for Sale - Buy Mcpep Online with Discreet Shipping<\/title>\n<meta name=\"description\" content=\"Find premium Mcpep for sale at our online store, providing a secure platform to buy Mcpep online with ease, catering to your research needs. Save More on Mcpep with our latest promotions. Shop today and don&#039;t miss out.\" \/>\n<meta name=\"robots\" content=\"index, follow, max-snippet:-1, max-image-preview:large, max-video-preview:-1\" \/>\n<link rel=\"canonical\" href=\"https:\/\/legitgrams.com\/de\/produkt\/mcpep\/\" \/>\n<meta property=\"og:locale\" content=\"de_DE\" \/>\n<meta property=\"og:type\" content=\"article\" \/>\n<meta property=\"og:title\" content=\"Mcpep for Sale - Buy Mcpep Online with Discreet Shipping\" \/>\n<meta property=\"og:description\" content=\"Find premium Mcpep for sale at our online store, providing a secure platform to buy Mcpep online with ease, catering to your research needs. Save More on Mcpep with our latest promotions. Shop today and don&#039;t miss out.\" \/>\n<meta property=\"og:url\" content=\"https:\/\/legitgrams.com\/de\/produkt\/mcpep\/\" \/>\n<meta property=\"og:site_name\" content=\"Legit Grams\" \/>\n<meta property=\"article:modified_time\" content=\"2025-01-14T08:47:41+00:00\" \/>\n<meta property=\"og:image\" content=\"https:\/\/legitgrams.com\/wp-content\/uploads\/2024\/08\/Mcpep.gif\" \/>\n\t<meta property=\"og:image:width\" content=\"600\" \/>\n\t<meta property=\"og:image:height\" content=\"600\" \/>\n\t<meta property=\"og:image:type\" content=\"image\/gif\" \/>\n<meta name=\"twitter:card\" content=\"summary_large_image\" \/>\n<meta name=\"twitter:label1\" content=\"Gesch\u00e4tzte Lesezeit\" \/>\n\t<meta name=\"twitter:data1\" content=\"2\u00a0Minuten\" \/>\n<script type=\"application\/ld+json\" class=\"yoast-schema-graph\">{\"@context\":\"https:\/\/schema.org\",\"@graph\":[{\"@type\":\"WebPage\",\"@id\":\"https:\/\/legitgrams.com\/product\/mcpep\/\",\"url\":\"https:\/\/legitgrams.com\/product\/mcpep\/\",\"name\":\"Mcpep for Sale - Buy Mcpep Online with Discreet Shipping\",\"isPartOf\":{\"@id\":\"https:\/\/legitgrams.com\/#website\"},\"primaryImageOfPage\":{\"@id\":\"https:\/\/legitgrams.com\/product\/mcpep\/#primaryimage\"},\"image\":{\"@id\":\"https:\/\/legitgrams.com\/product\/mcpep\/#primaryimage\"},\"thumbnailUrl\":\"https:\/\/legitgrams.com\/wp-content\/uploads\/2024\/08\/Mcpep.gif\",\"datePublished\":\"2024-08-03T05:26:26+00:00\",\"dateModified\":\"2025-01-14T08:47:41+00:00\",\"description\":\"Find premium Mcpep for sale at our online store, providing a secure platform to buy Mcpep online with ease, catering to your research needs. Save More on Mcpep with our latest promotions. Shop today and don't miss out.\",\"breadcrumb\":{\"@id\":\"https:\/\/legitgrams.com\/product\/mcpep\/#breadcrumb\"},\"inLanguage\":\"de\",\"potentialAction\":[{\"@type\":\"ReadAction\",\"target\":[\"https:\/\/legitgrams.com\/product\/mcpep\/\"]}]},{\"@type\":\"ImageObject\",\"inLanguage\":\"de\",\"@id\":\"https:\/\/legitgrams.com\/product\/mcpep\/#primaryimage\",\"url\":\"https:\/\/legitgrams.com\/wp-content\/uploads\/2024\/08\/Mcpep.gif\",\"contentUrl\":\"https:\/\/legitgrams.com\/wp-content\/uploads\/2024\/08\/Mcpep.gif\",\"width\":600,\"height\":600,\"caption\":\"Mcpep for Sale\"},{\"@type\":\"BreadcrumbList\",\"@id\":\"https:\/\/legitgrams.com\/product\/mcpep\/#breadcrumb\",\"itemListElement\":[{\"@type\":\"ListItem\",\"position\":1,\"name\":\"Home\",\"item\":\"https:\/\/legitgrams.com\/\"},{\"@type\":\"ListItem\",\"position\":2,\"name\":\"Shop\",\"item\":\"https:\/\/legitgrams.com\/shop\/\"},{\"@type\":\"ListItem\",\"position\":3,\"name\":\"Mcpep\"}]},{\"@type\":\"WebSite\",\"@id\":\"https:\/\/legitgrams.com\/#website\",\"url\":\"https:\/\/legitgrams.com\/\",\"name\":\"Legit Grams\",\"description\":\"My WordPress Blog\",\"publisher\":{\"@id\":\"https:\/\/legitgrams.com\/#organization\"},\"potentialAction\":[{\"@type\":\"SearchAction\",\"target\":{\"@type\":\"EntryPoint\",\"urlTemplate\":\"https:\/\/legitgrams.com\/?s={search_term_string}\"},\"query-input\":{\"@type\":\"PropertyValueSpecification\",\"valueRequired\":true,\"valueName\":\"search_term_string\"}}],\"inLanguage\":\"de\"},{\"@type\":\"Organization\",\"@id\":\"https:\/\/legitgrams.com\/#organization\",\"name\":\"Legit Grams\",\"url\":\"https:\/\/legitgrams.com\/\",\"logo\":{\"@type\":\"ImageObject\",\"inLanguage\":\"de\",\"@id\":\"https:\/\/legitgrams.com\/#\/schema\/logo\/image\/\",\"url\":\"https:\/\/legitgrams.com\/wp-content\/uploads\/2024\/09\/main-logo.png\",\"contentUrl\":\"https:\/\/legitgrams.com\/wp-content\/uploads\/2024\/09\/main-logo.png\",\"width\":270,\"height\":75,\"caption\":\"Legit Grams\"},\"image\":{\"@id\":\"https:\/\/legitgrams.com\/#\/schema\/logo\/image\/\"}}]}<\/script>\n<!-- \/ Yoast SEO plugin. -->","yoast_head_json":{"title":"Mcpep zu verkaufen - Mcpep online kaufen mit diskretem Versand","description":"Finden Sie Premium Mcpep zum Verkauf in unserem Online-Shop, der eine sichere Plattform bietet, um Mcpep online mit Leichtigkeit zu kaufen, um Ihren Forschungsbedarf zu decken. Sparen Sie mehr bei Mcpep mit unseren neuesten Aktionen. Kaufen Sie noch heute ein und verpassen Sie es nicht.","robots":{"index":"index","follow":"follow","max-snippet":"max-snippet:-1","max-image-preview":"max-image-preview:large","max-video-preview":"max-video-preview:-1"},"canonical":"https:\/\/legitgrams.com\/de\/produkt\/mcpep\/","og_locale":"de_DE","og_type":"article","og_title":"Mcpep for Sale - Buy Mcpep Online with Discreet Shipping","og_description":"Find premium Mcpep for sale at our online store, providing a secure platform to buy Mcpep online with ease, catering to your research needs. Save More on Mcpep with our latest promotions. Shop today and don't miss out.","og_url":"https:\/\/legitgrams.com\/de\/produkt\/mcpep\/","og_site_name":"Legit Grams","article_modified_time":"2025-01-14T08:47:41+00:00","og_image":[{"width":600,"height":600,"url":"https:\/\/legitgrams.com\/wp-content\/uploads\/2024\/08\/Mcpep.gif","type":"image\/gif"}],"twitter_card":"summary_large_image","twitter_misc":{"Gesch\u00e4tzte Lesezeit":"2\u00a0Minuten"},"schema":{"@context":"https:\/\/schema.org","@graph":[{"@type":"WebPage","@id":"https:\/\/legitgrams.com\/product\/mcpep\/","url":"https:\/\/legitgrams.com\/product\/mcpep\/","name":"Mcpep zu verkaufen - Mcpep online kaufen mit diskretem Versand","isPartOf":{"@id":"https:\/\/legitgrams.com\/#website"},"primaryImageOfPage":{"@id":"https:\/\/legitgrams.com\/product\/mcpep\/#primaryimage"},"image":{"@id":"https:\/\/legitgrams.com\/product\/mcpep\/#primaryimage"},"thumbnailUrl":"https:\/\/legitgrams.com\/wp-content\/uploads\/2024\/08\/Mcpep.gif","datePublished":"2024-08-03T05:26:26+00:00","dateModified":"2025-01-14T08:47:41+00:00","description":"Finden Sie Premium Mcpep zum Verkauf in unserem Online-Shop, der eine sichere Plattform bietet, um Mcpep online mit Leichtigkeit zu kaufen, um Ihren Forschungsbedarf zu decken. Sparen Sie mehr bei Mcpep mit unseren neuesten Aktionen. Kaufen Sie noch heute ein und verpassen Sie es nicht.","breadcrumb":{"@id":"https:\/\/legitgrams.com\/product\/mcpep\/#breadcrumb"},"inLanguage":"de","potentialAction":[{"@type":"ReadAction","target":["https:\/\/legitgrams.com\/product\/mcpep\/"]}]},{"@type":"ImageObject","inLanguage":"de","@id":"https:\/\/legitgrams.com\/product\/mcpep\/#primaryimage","url":"https:\/\/legitgrams.com\/wp-content\/uploads\/2024\/08\/Mcpep.gif","contentUrl":"https:\/\/legitgrams.com\/wp-content\/uploads\/2024\/08\/Mcpep.gif","width":600,"height":600,"caption":"Mcpep for Sale"},{"@type":"BreadcrumbList","@id":"https:\/\/legitgrams.com\/product\/mcpep\/#breadcrumb","itemListElement":[{"@type":"ListItem","position":1,"name":"Home","item":"https:\/\/legitgrams.com\/"},{"@type":"ListItem","position":2,"name":"Shop","item":"https:\/\/legitgrams.com\/shop\/"},{"@type":"ListItem","position":3,"name":"Mcpep"}]},{"@type":"WebSite","@id":"https:\/\/legitgrams.com\/#website","url":"https:\/\/legitgrams.com\/","name":"Legitimer Grammwert","description":"Mein WordPress-Blog","publisher":{"@id":"https:\/\/legitgrams.com\/#organization"},"potentialAction":[{"@type":"SearchAction","target":{"@type":"EntryPoint","urlTemplate":"https:\/\/legitgrams.com\/?s={search_term_string}"},"query-input":{"@type":"PropertyValueSpecification","valueRequired":true,"valueName":"search_term_string"}}],"inLanguage":"de"},{"@type":"Organization","@id":"https:\/\/legitgrams.com\/#organization","name":"Legitimer Grammwert","url":"https:\/\/legitgrams.com\/","logo":{"@type":"ImageObject","inLanguage":"de","@id":"https:\/\/legitgrams.com\/#\/schema\/logo\/image\/","url":"https:\/\/legitgrams.com\/wp-content\/uploads\/2024\/09\/main-logo.png","contentUrl":"https:\/\/legitgrams.com\/wp-content\/uploads\/2024\/09\/main-logo.png","width":270,"height":75,"caption":"Legit Grams"},"image":{"@id":"https:\/\/legitgrams.com\/#\/schema\/logo\/image\/"}}]}},"uagb_featured_image_src":{"full":["https:\/\/legitgrams.com\/wp-content\/uploads\/2024\/08\/Mcpep.gif",600,600,false],"thumbnail":["https:\/\/legitgrams.com\/wp-content\/uploads\/2024\/08\/Mcpep-150x150.gif",150,150,true],"medium":["https:\/\/legitgrams.com\/wp-content\/uploads\/2024\/08\/Mcpep-300x300.gif",300,300,true],"medium_large":["https:\/\/legitgrams.com\/wp-content\/uploads\/2024\/08\/Mcpep.gif",600,600,false],"large":["https:\/\/legitgrams.com\/wp-content\/uploads\/2024\/08\/Mcpep.gif",600,600,false],"1536x1536":["https:\/\/legitgrams.com\/wp-content\/uploads\/2024\/08\/Mcpep.gif",600,600,false],"2048x2048":["https:\/\/legitgrams.com\/wp-content\/uploads\/2024\/08\/Mcpep.gif",600,600,false],"trp-custom-language-flag":["https:\/\/legitgrams.com\/wp-content\/uploads\/2024\/08\/Mcpep-12x12.gif",12,12,true],"woocommerce_thumbnail":["https:\/\/legitgrams.com\/wp-content\/uploads\/2024\/08\/Mcpep-300x300.gif",300,300,true],"woocommerce_single":["https:\/\/legitgrams.com\/wp-content\/uploads\/2024\/08\/Mcpep.gif",600,600,false],"woocommerce_gallery_thumbnail":["https:\/\/legitgrams.com\/wp-content\/uploads\/2024\/08\/Mcpep-100x100.gif",100,100,true]},"uagb_author_info":{"display_name":"cokeblog18","author_link":"https:\/\/legitgrams.com\/de\/author\/"},"uagb_comment_info":0,"uagb_excerpt":"Purchase MCPEP Online MCPEP Buy Online: MCPEP does not carry Purchase Nembutal, the only place to get a variety of synthetics in one place. MCPEP via the internet. Flakka, also referred to as rock, is a stimulant drug of the cathinone class that was developed in the 1960s. MCPEP, a synthetic energizer that belongs to&hellip;","_links":{"self":[{"href":"https:\/\/legitgrams.com\/de\/wp-json\/wp\/v2\/product\/3258","targetHints":{"allow":["GET"]}}],"collection":[{"href":"https:\/\/legitgrams.com\/de\/wp-json\/wp\/v2\/product"}],"about":[{"href":"https:\/\/legitgrams.com\/de\/wp-json\/wp\/v2\/types\/product"}],"replies":[{"embeddable":true,"href":"https:\/\/legitgrams.com\/de\/wp-json\/wp\/v2\/comments?post=3258"}],"wp:featuredmedia":[{"embeddable":true,"href":"https:\/\/legitgrams.com\/de\/wp-json\/wp\/v2\/media\/3268"}],"wp:attachment":[{"href":"https:\/\/legitgrams.com\/de\/wp-json\/wp\/v2\/media?parent=3258"}],"wp:term":[{"taxonomy":"product_brand","embeddable":true,"href":"https:\/\/legitgrams.com\/de\/wp-json\/wp\/v2\/product_brand?post=3258"},{"taxonomy":"product_cat","embeddable":true,"href":"https:\/\/legitgrams.com\/de\/wp-json\/wp\/v2\/product_cat?post=3258"},{"taxonomy":"product_tag","embeddable":true,"href":"https:\/\/legitgrams.com\/de\/wp-json\/wp\/v2\/product_tag?post=3258"}],"curies":[{"name":"wp","href":"https:\/\/api.w.org\/{rel}","templated":true}]}}