{"id":3264,"date":"2024-08-03T05:27:02","date_gmt":"2024-08-03T05:27:02","guid":{"rendered":"https:\/\/cokebricks.com\/?post_type=product&#038;p=3264"},"modified":"2025-01-11T11:42:43","modified_gmt":"2025-01-11T11:42:43","slug":"5cakb48","status":"publish","type":"product","link":"https:\/\/legitgrams.com\/de\/produkt\/5cakb48\/","title":{"rendered":"5cakb48"},"content":{"rendered":"<h2>Zu verkaufen: 5C-AKB48 Pulver<\/h2>\n<p><a href=\"https:\/\/legitgrams.com\/de\/produkt\/5cakb48\/\">5C-AKB48<\/a> basiert auf Indazolen und wird auch als <a href=\"https:\/\/en.wikipedia.org\/wiki\/5F-APINACA\">5F-AKB48<\/a> (5F-APINACA). Es ist aus mehreren Gr\u00fcnden ein wirksamer Bestandteil, den man so gut wie m\u00f6glich nutzen sollte, da er aus einer erstaunlichen Auswahl verschiedener Substanzen entwickelt wird. Interessanterweise enth\u00e4lt dieser Bestandteil auch Rezeptoren f\u00fcr Cannabisagonisten. Es ist erstaunlich, wie strukturell \u00e4hnlich sich 5C-AKB48 und 5F-AKB48 sind. Dar\u00fcber hinaus wird die Substanz f\u00fcr ihre \u00e4hnlichen Wirkungen und ihre St\u00e4rke anerkannt. Dennoch wird dieser Bestandteil normalerweise \u00e4hnlich wie andere synthetische Cannabinoide untersucht. Die Bezeichnung daf\u00fcr lautet 5C-ABP. Aber um die unglaublichen Wirkungen von 5C-AKB48 zu genie\u00dfen, verwenden die meisten Menschen auf der Welt auch diese synthetischen Cannabinoide. <a href=\"https:\/\/legitgrams.com\/de\/\">LegitGrams<\/a><\/p>\n<h3>Die chemische Zusammensetzung von 5C-AKB48<\/h3>\n<p>Formel f\u00fcr die Chemikalie: C23H30CIN3O<\/p>\n<p>Der vollst\u00e4ndige Name lautet N-(Adamantan-1-yl).Indazol -1-(5-chlorpentyl)-1H3-carboxamid<\/p>\n<p>Masse eines Molek\u00fcls: 400,00 g\/mol<\/p>\n<p>Reinheit: \u00fcber 98 %<\/p>\n<h3>Wo kann ich 5C-AKB-48 kaufen?<\/h3>\n<p>Wir von Legit Grams haben das beste 5C-AKB48 auf dem Markt. Chemical Planet liefert schnell und diskret in zahlreiche L\u00e4nder weltweit und ist au\u00dferdem eine vertrauensw\u00fcrdige N1-Quelle.<\/p>\n<p>Um 5C-AKB48 zu kaufen, m\u00fcssen Sie mindestens 18 Jahre alt sein. Bitcoin und alle g\u00e4ngigen Kreditkarten werden akzeptiert. Jedes Produkt, einschlie\u00dflich 5C-AKB48, ist ausschlie\u00dflich f\u00fcr Studienzwecke bestimmt und nicht f\u00fcr den menschlichen Verzehr.<\/p>\n<p>5C-AKB48-Effekte, die Sie kennen sollten Sind Sie neugierig auf einige der erstaunlichsten Vorteile, die 5C-AKB48 zu einem wertvollen Bestandteil machen? Hier ist eine Liste einiger der bemerkenswertesten Auswirkungen von 5C-AKB48, die Ihr Verst\u00e4ndnis verbessern sollten.<\/p>\n<p><strong>1. Schmerzlinderung<\/strong><br \/>\nDie meisten Menschen nutzen diese Funktion voll aus, um ihre Panikattacken erfolgreich zu lindern. Um jedoch unerw\u00fcnschte Nebenwirkungen zu vermeiden, ist es wichtig, bei der Einnahme zur Schmerzlinderung eine niedrigere Dosierung von 5C-AKB48 einzunehmen.<\/p>\n<p><strong>2. Ein kr\u00e4ftigerer Appetit<\/strong><br \/>\nWie alle anderen Cannabinoide kann 5C-AKB48 den Appetit einer Person steigern.<\/p>\n<p>In den beliebtesten Kulturen der USA und des Vereinigten K\u00f6nigreichs wird dies als Munchies bezeichnet. Es wird behauptet, dass die Verwendung von 5C-AKB48 die Neugier und Zufriedenheit eines Kunden mit Mahlzeiten schnell steigert.<\/p>\n<p><strong>3. Ruhe<\/strong><br \/>\nEs ist immer wichtig, sich vollkommen wohl zu f\u00fchlen, um \u00c4ngste in Schach zu halten. Diese Kombination hat eine beruhigende Wirkung. Daher wird sie von Personen verwendet, die diese Art von mentalen Erfahrungen erfolgreicher erleben m\u00f6chten.<\/p>\n<p><strong>4. Ein Gef\u00fchl der Ruhe<\/strong><br \/>\nKunden k\u00f6nnen mit dem 5C-AKB48 das entspannendste Erlebnis \u00fcberhaupt genie\u00dfen. Der Benutzer wird sich so leicht wie m\u00f6glich f\u00fchlen und sich auf die bestm\u00f6gliche Weise gro\u00dfartig f\u00fchlen.<\/p>","protected":false},"excerpt":{"rendered":"<p>For Sale: 5C-AKB48 Powder 5C-AKB48 is based on indazoles and is also referred to as 5F-AKB48 (5F-APINACA). It is an effective component to use as best it can for a number of reasons because it is being developed from an amazing assortment of diverse substances. More interestingly, this component also contains receptors for cannabis agonists. &hellip;<\/p>\n<p class=\"read-more\"> <a class=\"\" href=\"https:\/\/legitgrams.com\/de\/produkt\/5cakb48\/\"> <span class=\"screen-reader-text\">5cakb48<\/span> Mehr lesen \"<\/a><\/p>","protected":false},"featured_media":3274,"comment_status":"open","ping_status":"closed","template":"","meta":{"_uag_custom_page_level_css":"","site-sidebar-layout":"default","site-content-layout":"default","ast-global-header-display":"","ast-main-header-display":"","ast-hfb-above-header-display":"","ast-hfb-below-header-display":"","ast-hfb-mobile-header-display":"","site-post-title":"","ast-breadcrumbs-content":"","ast-featured-img":"","footer-sml-layout":"","theme-transparent-header-meta":"default","adv-header-id-meta":"","stick-header-meta":"default","header-above-stick-meta":"","header-main-stick-meta":"","header-below-stick-meta":"","_joinchat":[]},"product_brand":[],"product_cat":[190],"product_tag":[460,445,447,463,464,237,238,239,240,241,250],"class_list":{"0":"post-3264","1":"product","2":"type-product","3":"status-publish","4":"has-post-thumbnail","6":"product_cat-cannabinoids","7":"product_tag-5cakb48","8":"product_tag-5f-mdmb-2201-5f-mdmb-2201-cannabinoid","9":"product_tag-5f-mdmb-2201-psychonaut","10":"product_tag-5f-2201-cayman","11":"product_tag-5f-2201-wiki","12":"product_tag-5f-mdmb-2201","13":"product_tag-5f-mdmb-2201-dosage","14":"product_tag-5f-mdmb-2201-opinie","15":"product_tag-5f-mdmb-2201-reddit","16":"product_tag-5f-mdmb-2201-review","17":"product_tag-5fmdmb2201-5f-mdmb-2201-kannabinoid","18":"desktop-align-left","19":"tablet-align-left","20":"mobile-align-left","21":"ast-product-gallery-layout-horizontal","22":"ast-product-gallery-with-no-image","23":"ast-product-single-variable","24":"ast-product-tabs-layout-horizontal","25":"ast-qv-on-image","27":"first","28":"instock","29":"shipping-taxable","30":"purchasable","31":"product-type-variable"},"yoast_head":"<!-- This site is optimized with the Yoast SEO plugin v25.9 - https:\/\/yoast.com\/wordpress\/plugins\/seo\/ -->\n<title>5C-AKB48 Powder for Sale - Order 5cakb48 Online | LegitGrams<\/title>\n<meta name=\"description\" content=\"You can get 5cakb48 for sale at our online store and get it at your doorstep without any hassle. We help you buy 5cakb48 powder online. Order Today with Discreet Delivery Service!\" \/>\n<meta name=\"robots\" content=\"index, follow, max-snippet:-1, max-image-preview:large, max-video-preview:-1\" \/>\n<link rel=\"canonical\" href=\"https:\/\/legitgrams.com\/de\/produkt\/5cakb48\/\" \/>\n<meta property=\"og:locale\" content=\"de_DE\" \/>\n<meta property=\"og:type\" content=\"article\" \/>\n<meta property=\"og:title\" content=\"5C-AKB48 Powder for Sale - Order 5cakb48 Online | LegitGrams\" \/>\n<meta property=\"og:description\" content=\"You can get 5cakb48 for sale at our online store and get it at your doorstep without any hassle. We help you buy 5cakb48 powder online. Order Today with Discreet Delivery Service!\" \/>\n<meta property=\"og:url\" content=\"https:\/\/legitgrams.com\/de\/produkt\/5cakb48\/\" \/>\n<meta property=\"og:site_name\" content=\"Legit Grams\" \/>\n<meta property=\"article:modified_time\" content=\"2025-01-11T11:42:43+00:00\" \/>\n<meta property=\"og:image\" content=\"https:\/\/legitgrams.com\/wp-content\/uploads\/2024\/08\/5cakb48.gif\" \/>\n\t<meta property=\"og:image:width\" content=\"600\" \/>\n\t<meta property=\"og:image:height\" content=\"600\" \/>\n\t<meta property=\"og:image:type\" content=\"image\/gif\" \/>\n<meta name=\"twitter:card\" content=\"summary_large_image\" \/>\n<meta name=\"twitter:label1\" content=\"Gesch\u00e4tzte Lesezeit\" \/>\n\t<meta name=\"twitter:data1\" content=\"3\u00a0Minuten\" \/>\n<script type=\"application\/ld+json\" class=\"yoast-schema-graph\">{\"@context\":\"https:\/\/schema.org\",\"@graph\":[{\"@type\":\"WebPage\",\"@id\":\"https:\/\/legitgrams.com\/product\/5cakb48\/\",\"url\":\"https:\/\/legitgrams.com\/product\/5cakb48\/\",\"name\":\"5C-AKB48 Powder for Sale - Order 5cakb48 Online | LegitGrams\",\"isPartOf\":{\"@id\":\"https:\/\/legitgrams.com\/#website\"},\"primaryImageOfPage\":{\"@id\":\"https:\/\/legitgrams.com\/product\/5cakb48\/#primaryimage\"},\"image\":{\"@id\":\"https:\/\/legitgrams.com\/product\/5cakb48\/#primaryimage\"},\"thumbnailUrl\":\"https:\/\/legitgrams.com\/wp-content\/uploads\/2024\/08\/5cakb48.gif\",\"datePublished\":\"2024-08-03T05:27:02+00:00\",\"dateModified\":\"2025-01-11T11:42:43+00:00\",\"description\":\"You can get 5cakb48 for sale at our online store and get it at your doorstep without any hassle. We help you buy 5cakb48 powder online. Order Today with Discreet Delivery Service!\",\"breadcrumb\":{\"@id\":\"https:\/\/legitgrams.com\/product\/5cakb48\/#breadcrumb\"},\"inLanguage\":\"de\",\"potentialAction\":[{\"@type\":\"ReadAction\",\"target\":[\"https:\/\/legitgrams.com\/product\/5cakb48\/\"]}]},{\"@type\":\"ImageObject\",\"inLanguage\":\"de\",\"@id\":\"https:\/\/legitgrams.com\/product\/5cakb48\/#primaryimage\",\"url\":\"https:\/\/legitgrams.com\/wp-content\/uploads\/2024\/08\/5cakb48.gif\",\"contentUrl\":\"https:\/\/legitgrams.com\/wp-content\/uploads\/2024\/08\/5cakb48.gif\",\"width\":600,\"height\":600,\"caption\":\"5C-AKB48\"},{\"@type\":\"BreadcrumbList\",\"@id\":\"https:\/\/legitgrams.com\/product\/5cakb48\/#breadcrumb\",\"itemListElement\":[{\"@type\":\"ListItem\",\"position\":1,\"name\":\"Home\",\"item\":\"https:\/\/legitgrams.com\/\"},{\"@type\":\"ListItem\",\"position\":2,\"name\":\"Shop\",\"item\":\"https:\/\/legitgrams.com\/shop\/\"},{\"@type\":\"ListItem\",\"position\":3,\"name\":\"5cakb48\"}]},{\"@type\":\"WebSite\",\"@id\":\"https:\/\/legitgrams.com\/#website\",\"url\":\"https:\/\/legitgrams.com\/\",\"name\":\"Legit Grams\",\"description\":\"My WordPress Blog\",\"publisher\":{\"@id\":\"https:\/\/legitgrams.com\/#organization\"},\"potentialAction\":[{\"@type\":\"SearchAction\",\"target\":{\"@type\":\"EntryPoint\",\"urlTemplate\":\"https:\/\/legitgrams.com\/?s={search_term_string}\"},\"query-input\":{\"@type\":\"PropertyValueSpecification\",\"valueRequired\":true,\"valueName\":\"search_term_string\"}}],\"inLanguage\":\"de\"},{\"@type\":\"Organization\",\"@id\":\"https:\/\/legitgrams.com\/#organization\",\"name\":\"Legit Grams\",\"url\":\"https:\/\/legitgrams.com\/\",\"logo\":{\"@type\":\"ImageObject\",\"inLanguage\":\"de\",\"@id\":\"https:\/\/legitgrams.com\/#\/schema\/logo\/image\/\",\"url\":\"https:\/\/legitgrams.com\/wp-content\/uploads\/2024\/09\/main-logo.png\",\"contentUrl\":\"https:\/\/legitgrams.com\/wp-content\/uploads\/2024\/09\/main-logo.png\",\"width\":270,\"height\":75,\"caption\":\"Legit Grams\"},\"image\":{\"@id\":\"https:\/\/legitgrams.com\/#\/schema\/logo\/image\/\"}}]}<\/script>\n<!-- \/ Yoast SEO plugin. -->","yoast_head_json":{"title":"5C-AKB48 Pulver zu verkaufen - Bestellen Sie 5cakb48 Online | LegitGrams","description":"Sie k\u00f6nnen 5cakb48 zum Verkauf in unserem Online-Shop und erhalten es an Ihrer Haust\u00fcr ohne jede Hektik. Wir helfen Ihnen, 5cakb48 Pulver online zu kaufen. Bestellen Sie heute mit diskretem Lieferservice!","robots":{"index":"index","follow":"follow","max-snippet":"max-snippet:-1","max-image-preview":"max-image-preview:large","max-video-preview":"max-video-preview:-1"},"canonical":"https:\/\/legitgrams.com\/de\/produkt\/5cakb48\/","og_locale":"de_DE","og_type":"article","og_title":"5C-AKB48 Powder for Sale - Order 5cakb48 Online | LegitGrams","og_description":"You can get 5cakb48 for sale at our online store and get it at your doorstep without any hassle. We help you buy 5cakb48 powder online. Order Today with Discreet Delivery Service!","og_url":"https:\/\/legitgrams.com\/de\/produkt\/5cakb48\/","og_site_name":"Legit Grams","article_modified_time":"2025-01-11T11:42:43+00:00","og_image":[{"width":600,"height":600,"url":"https:\/\/legitgrams.com\/wp-content\/uploads\/2024\/08\/5cakb48.gif","type":"image\/gif"}],"twitter_card":"summary_large_image","twitter_misc":{"Gesch\u00e4tzte Lesezeit":"3\u00a0Minuten"},"schema":{"@context":"https:\/\/schema.org","@graph":[{"@type":"WebPage","@id":"https:\/\/legitgrams.com\/product\/5cakb48\/","url":"https:\/\/legitgrams.com\/product\/5cakb48\/","name":"5C-AKB48 Pulver zu verkaufen - Bestellen Sie 5cakb48 Online | LegitGrams","isPartOf":{"@id":"https:\/\/legitgrams.com\/#website"},"primaryImageOfPage":{"@id":"https:\/\/legitgrams.com\/product\/5cakb48\/#primaryimage"},"image":{"@id":"https:\/\/legitgrams.com\/product\/5cakb48\/#primaryimage"},"thumbnailUrl":"https:\/\/legitgrams.com\/wp-content\/uploads\/2024\/08\/5cakb48.gif","datePublished":"2024-08-03T05:27:02+00:00","dateModified":"2025-01-11T11:42:43+00:00","description":"Sie k\u00f6nnen 5cakb48 zum Verkauf in unserem Online-Shop und erhalten es an Ihrer Haust\u00fcr ohne jede Hektik. Wir helfen Ihnen, 5cakb48 Pulver online zu kaufen. Bestellen Sie heute mit diskretem Lieferservice!","breadcrumb":{"@id":"https:\/\/legitgrams.com\/product\/5cakb48\/#breadcrumb"},"inLanguage":"de","potentialAction":[{"@type":"ReadAction","target":["https:\/\/legitgrams.com\/product\/5cakb48\/"]}]},{"@type":"ImageObject","inLanguage":"de","@id":"https:\/\/legitgrams.com\/product\/5cakb48\/#primaryimage","url":"https:\/\/legitgrams.com\/wp-content\/uploads\/2024\/08\/5cakb48.gif","contentUrl":"https:\/\/legitgrams.com\/wp-content\/uploads\/2024\/08\/5cakb48.gif","width":600,"height":600,"caption":"5C-AKB48"},{"@type":"BreadcrumbList","@id":"https:\/\/legitgrams.com\/product\/5cakb48\/#breadcrumb","itemListElement":[{"@type":"ListItem","position":1,"name":"Home","item":"https:\/\/legitgrams.com\/"},{"@type":"ListItem","position":2,"name":"Shop","item":"https:\/\/legitgrams.com\/shop\/"},{"@type":"ListItem","position":3,"name":"5cakb48"}]},{"@type":"WebSite","@id":"https:\/\/legitgrams.com\/#website","url":"https:\/\/legitgrams.com\/","name":"Legitimer Grammwert","description":"Mein WordPress-Blog","publisher":{"@id":"https:\/\/legitgrams.com\/#organization"},"potentialAction":[{"@type":"SearchAction","target":{"@type":"EntryPoint","urlTemplate":"https:\/\/legitgrams.com\/?s={search_term_string}"},"query-input":{"@type":"PropertyValueSpecification","valueRequired":true,"valueName":"search_term_string"}}],"inLanguage":"de"},{"@type":"Organization","@id":"https:\/\/legitgrams.com\/#organization","name":"Legitimer Grammwert","url":"https:\/\/legitgrams.com\/","logo":{"@type":"ImageObject","inLanguage":"de","@id":"https:\/\/legitgrams.com\/#\/schema\/logo\/image\/","url":"https:\/\/legitgrams.com\/wp-content\/uploads\/2024\/09\/main-logo.png","contentUrl":"https:\/\/legitgrams.com\/wp-content\/uploads\/2024\/09\/main-logo.png","width":270,"height":75,"caption":"Legit Grams"},"image":{"@id":"https:\/\/legitgrams.com\/#\/schema\/logo\/image\/"}}]}},"uagb_featured_image_src":{"full":["https:\/\/legitgrams.com\/wp-content\/uploads\/2024\/08\/5cakb48.gif",600,600,false],"thumbnail":["https:\/\/legitgrams.com\/wp-content\/uploads\/2024\/08\/5cakb48-150x150.gif",150,150,true],"medium":["https:\/\/legitgrams.com\/wp-content\/uploads\/2024\/08\/5cakb48-300x300.gif",300,300,true],"medium_large":["https:\/\/legitgrams.com\/wp-content\/uploads\/2024\/08\/5cakb48.gif",600,600,false],"large":["https:\/\/legitgrams.com\/wp-content\/uploads\/2024\/08\/5cakb48.gif",600,600,false],"1536x1536":["https:\/\/legitgrams.com\/wp-content\/uploads\/2024\/08\/5cakb48.gif",600,600,false],"2048x2048":["https:\/\/legitgrams.com\/wp-content\/uploads\/2024\/08\/5cakb48.gif",600,600,false],"trp-custom-language-flag":["https:\/\/legitgrams.com\/wp-content\/uploads\/2024\/08\/5cakb48-12x12.gif",12,12,true],"woocommerce_thumbnail":["https:\/\/legitgrams.com\/wp-content\/uploads\/2024\/08\/5cakb48-300x300.gif",300,300,true],"woocommerce_single":["https:\/\/legitgrams.com\/wp-content\/uploads\/2024\/08\/5cakb48.gif",600,600,false],"woocommerce_gallery_thumbnail":["https:\/\/legitgrams.com\/wp-content\/uploads\/2024\/08\/5cakb48-100x100.gif",100,100,true]},"uagb_author_info":{"display_name":"cokeblog18","author_link":"https:\/\/legitgrams.com\/de\/author\/"},"uagb_comment_info":0,"uagb_excerpt":"For Sale: 5C-AKB48 Powder 5C-AKB48 is based on indazoles and is also referred to as 5F-AKB48 (5F-APINACA). It is an effective component to use as best it can for a number of reasons because it is being developed from an amazing assortment of diverse substances. More interestingly, this component also contains receptors for cannabis agonists.&hellip;","_links":{"self":[{"href":"https:\/\/legitgrams.com\/de\/wp-json\/wp\/v2\/product\/3264","targetHints":{"allow":["GET"]}}],"collection":[{"href":"https:\/\/legitgrams.com\/de\/wp-json\/wp\/v2\/product"}],"about":[{"href":"https:\/\/legitgrams.com\/de\/wp-json\/wp\/v2\/types\/product"}],"replies":[{"embeddable":true,"href":"https:\/\/legitgrams.com\/de\/wp-json\/wp\/v2\/comments?post=3264"}],"wp:featuredmedia":[{"embeddable":true,"href":"https:\/\/legitgrams.com\/de\/wp-json\/wp\/v2\/media\/3274"}],"wp:attachment":[{"href":"https:\/\/legitgrams.com\/de\/wp-json\/wp\/v2\/media?parent=3264"}],"wp:term":[{"taxonomy":"product_brand","embeddable":true,"href":"https:\/\/legitgrams.com\/de\/wp-json\/wp\/v2\/product_brand?post=3264"},{"taxonomy":"product_cat","embeddable":true,"href":"https:\/\/legitgrams.com\/de\/wp-json\/wp\/v2\/product_cat?post=3264"},{"taxonomy":"product_tag","embeddable":true,"href":"https:\/\/legitgrams.com\/de\/wp-json\/wp\/v2\/product_tag?post=3264"}],"curies":[{"name":"wp","href":"https:\/\/api.w.org\/{rel}","templated":true}]}}