{"id":3281,"date":"2024-08-03T05:38:50","date_gmt":"2024-08-03T05:38:50","guid":{"rendered":"https:\/\/cokebricks.com\/?post_type=product&#038;p=3281"},"modified":"2025-01-11T10:28:49","modified_gmt":"2025-01-11T10:28:49","slug":"3fpvp","status":"publish","type":"product","link":"https:\/\/legitgrams.com\/de\/produkt\/3fpvp\/","title":{"rendered":"3F-PVP"},"content":{"rendered":"<h2>Zu verkaufen: 3F-PVPs<\/h2>\n<p>3F-PVP <a href=\"https:\/\/legitgrams.com\/de\/produkt\/3fpvp\/\">(3FPVP) CRYSTALS<\/a> sind bei Legitgrams erh\u00e4ltlich, um all Ihre chemischen Bed\u00fcrfnisse zu erf\u00fcllen. Das Unternehmen ist bestrebt, seinen Kunden den bestm\u00f6glichen Service zu bieten, da es das Vertrauen so vieler Menschen gewonnen hat.<\/p>\n<h3>3F-PVP: Erkl\u00e4ren Sie das Vorkommnis.<\/h3>\n<p>3F-PVP online ist ein legitimes Cathinon-Klassenprogramm, das dieselben Eigenschaften wie A-PHP aufweist. 3F-Alpha-PVP ist der chemische Name f\u00fcr 3F-PVP. Die Formel f\u00fcr 3f-PVP lautet C15H20FNO und sein Molekulargewicht betr\u00e4gt 249,32.<\/p>\n<p>Eine Dosis 3F-PVP erzeugt eine m\u00e4\u00dfige bis starke euphorische Wirkung, die den gesamten K\u00f6rper durchdringt. Zweitens kann es bei hohen Dosen \u00fcberw\u00e4ltigend sein. Es f\u00f6rdert Freizeitaktivit\u00e4ten wie Tanzen, Klettern und Laufen.<\/p>\n<p>In manchen F\u00e4llen ist es nicht m\u00f6glich. eine tiefgreifende Beeintr\u00e4chtigung der motorischen Kontrolle und schwere<\/p>\n<p>In manchen F\u00e4llen ist dies nicht m\u00f6glich. Kieferpressen, unkontrolliertes Sch\u00fctteln des K\u00f6rpers und Vibrationen f\u00fchren zu starkem Zittern der H\u00e4nde und einem allgemeinen Mangel an motorischer Kontrolle, was es schwierig oder oft unm\u00f6glich macht, still zu bleiben. Trotz der Tatsache, dass dieses Medikament einige Nebenwirkungen hat, wie z. B. die M\u00f6glichkeit, kurzzeitig verschwommenes Sehen und Sehbehinderung durch Augenzucken zu verursachen, wird dennoch empfohlen, dass Sie vor der Anwendung immer mit Ihrem Arzt sprechen. Kaufen Sie 3F-PVP (3FPVP)-KRISTALLE online in den USA.<\/p>\n<h3>DER BESTE ORT, UM 3F-PVP ONLINE ZU KAUFEN<\/h3>\n<p>One of the reputable and trustworthy 3F-PVP online retailers is <a href=\"https:\/\/legitgrams.com\/de\/\">LegitGrams<\/a>. Das Unternehmen hat viel positives Feedback von Kunden erhalten, die darauf vertrauen, dass es qualitativ hochwertige Waren liefert.<\/p>\n<h3>Greifen Sie online auf 3F-PVP-Kristalle (3FPVP) zu.<\/h3>\n<p>\u00dcberblick<\/p>\n<p>M\u00f6chten Sie 3F-PVP-Pulver oder 3-Fluor-\u03b1-Pyrrolidinovalerophenon kaufen? Dann sind Sie hier genau richtig! In unserem Online-Shop sind nur die besten Forschungssubstanzen erh\u00e4ltlich, die in Labors getestet wurden. Bestellungen werden diskret verpackt und innerhalb eines Tages versandt. Dar\u00fcber hinaus k\u00f6nnen Sie schnell und sicher mit Bitcoin und anderen Kryptow\u00e4hrungen bezahlen.<\/p>\n<h3>Wo kann ich 3F-PVP kaufen?<\/h3>\n<p>Sie k\u00f6nnen alle Ihre Forschungschemikalien, einschlie\u00dflich des besten 3F-PVP, in unserem Online-Shop kaufen.<\/p>\n<p>Nur Labore sollten diese Substanz verwenden.<\/p>\n<p>Nur Labore sollten diese Substanz verwenden.<\/p>\n<p>Bitte beachten Sie, dass 3F-PVP, \u00e4hnlich wie andere Forschungschemikalien, ausschlie\u00dflich f\u00fcr den Einsatz in der Forschung bestimmt ist und nicht von Menschen, Tieren oder anderen Lebewesen konsumiert werden darf.<\/p>\n<p>F\u00fcr eine m\u00f6glichst lange Haltbarkeit an einem trockenen, k\u00fchlen Ort aufbewahren.<\/p>\n<p>Wir erlauben niemandem unter 18 Jahren, Forschungssubstanzen zu kaufen.<\/p>","protected":false},"excerpt":{"rendered":"<p><b>3-Fluor-\u03b1-Pyrrolidinovalerophenon<\/b>\u00a0(<b>3F-PVP<\/b>) ist eine Designerdroge aus der Familie der substituierten Cathinone mit stimulierender Wirkung, die im Jahr 2018 erstmals auf dem illegalen Markt auftauchte.<\/p>","protected":false},"featured_media":3292,"comment_status":"open","ping_status":"closed","template":"","meta":{"_uag_custom_page_level_css":"","site-sidebar-layout":"default","site-content-layout":"default","ast-global-header-display":"","ast-main-header-display":"","ast-hfb-above-header-display":"","ast-hfb-below-header-display":"","ast-hfb-mobile-header-display":"","site-post-title":"","ast-breadcrumbs-content":"","ast-featured-img":"","footer-sml-layout":"","theme-transparent-header-meta":"default","adv-header-id-meta":"","stick-header-meta":"default","header-above-stick-meta":"","header-main-stick-meta":"","header-below-stick-meta":"","_joinchat":[]},"product_brand":[],"product_cat":[190],"product_tag":[5641,5645,5644,5652,5643,5653,5655,5662,5663,5661,5658,5660,5650,617,5642,5657,5654,5649,5647,5659,5656,625,5648,5651,5646],"class_list":{"0":"post-3281","1":"product","2":"type-product","3":"status-publish","4":"has-post-thumbnail","6":"product_cat-cannabinoids","7":"product_tag-3f-pvp","8":"product_tag-3f-pvp-3f-pvp-supplier","9":"product_tag-3f-pvp-for-sale","10":"product_tag-3f-pvp-legally","11":"product_tag-3f-pvp-online","12":"product_tag-3f-pvp-price","13":"product_tag-3f-pvp-store","14":"product_tag-3f-pvp-use","15":"product_tag-3f-pvp-wiki","16":"product_tag-3f-pvp-worldwide","17":"product_tag-3f-pvps","18":"product_tag-best-cheap-price-3f-pvp","19":"product_tag-best-place-to-buy-3f-pvp","20":"product_tag-bulk-online","21":"product_tag-buy-3f-pvp","22":"product_tag-cheap-3f-pvp","23":"product_tag-high-quality-3f-pvp","24":"product_tag-how-to-buy-3f-pvp","25":"product_tag-order-3f-pvp","26":"product_tag-purcharse-3f-pvp","27":"product_tag-shop-3f-pvp","28":"product_tag-top-quality","29":"product_tag-where-to-buy-3f-pvp","30":"product_tag-where-to-order-3f-pvp","31":"product_tag-wholesale-3f-pvp","32":"desktop-align-left","33":"tablet-align-left","34":"mobile-align-left","35":"ast-product-gallery-layout-horizontal","36":"ast-product-gallery-with-no-image","37":"ast-product-single-variable","38":"ast-product-tabs-layout-horizontal","39":"ast-qv-on-image","41":"first","42":"instock","43":"shipping-taxable","44":"purchasable","45":"product-type-variable"},"yoast_head":"<!-- This site is optimized with the Yoast SEO plugin v25.9 - https:\/\/yoast.com\/wordpress\/plugins\/seo\/ -->\n<title>3F-PVP for Sale - Order 3F-PVP Online | LegitGrams<\/title>\n<meta name=\"description\" content=\"You can now get 3F-PVP for sale from our cannabinoids store. Our staff will assist you to buy 3F-PVP online at the best prices. Order 3F-PVP online today!\" \/>\n<meta name=\"robots\" content=\"index, follow, max-snippet:-1, max-image-preview:large, max-video-preview:-1\" \/>\n<link rel=\"canonical\" href=\"https:\/\/legitgrams.com\/de\/produkt\/3fpvp\/\" \/>\n<meta property=\"og:locale\" content=\"de_DE\" \/>\n<meta property=\"og:type\" content=\"article\" \/>\n<meta property=\"og:title\" content=\"3F-PVP for Sale - Order 3F-PVP Online | LegitGrams\" \/>\n<meta property=\"og:description\" content=\"You can now get 3F-PVP for sale from our cannabinoids store. Our staff will assist you to buy 3F-PVP online at the best prices. Order 3F-PVP online today!\" \/>\n<meta property=\"og:url\" content=\"https:\/\/legitgrams.com\/de\/produkt\/3fpvp\/\" \/>\n<meta property=\"og:site_name\" content=\"Legit Grams\" \/>\n<meta property=\"article:modified_time\" content=\"2025-01-11T10:28:49+00:00\" \/>\n<meta property=\"og:image\" content=\"https:\/\/legitgrams.com\/wp-content\/uploads\/2024\/08\/3f-pvp.gif\" \/>\n\t<meta property=\"og:image:width\" content=\"600\" \/>\n\t<meta property=\"og:image:height\" content=\"600\" \/>\n\t<meta property=\"og:image:type\" content=\"image\/gif\" \/>\n<meta name=\"twitter:card\" content=\"summary_large_image\" \/>\n<meta name=\"twitter:label1\" content=\"Gesch\u00e4tzte Lesezeit\" \/>\n\t<meta name=\"twitter:data1\" content=\"2\u00a0Minuten\" \/>\n<script type=\"application\/ld+json\" class=\"yoast-schema-graph\">{\"@context\":\"https:\/\/schema.org\",\"@graph\":[{\"@type\":\"WebPage\",\"@id\":\"https:\/\/legitgrams.com\/product\/3f-pvp\/\",\"url\":\"https:\/\/legitgrams.com\/product\/3f-pvp\/\",\"name\":\"3F-PVP for Sale - Order 3F-PVP Online | LegitGrams\",\"isPartOf\":{\"@id\":\"https:\/\/legitgrams.com\/#website\"},\"primaryImageOfPage\":{\"@id\":\"https:\/\/legitgrams.com\/product\/3f-pvp\/#primaryimage\"},\"image\":{\"@id\":\"https:\/\/legitgrams.com\/product\/3f-pvp\/#primaryimage\"},\"thumbnailUrl\":\"https:\/\/legitgrams.com\/wp-content\/uploads\/2024\/08\/3f-pvp.gif\",\"datePublished\":\"2024-08-03T05:38:50+00:00\",\"dateModified\":\"2025-01-11T10:28:49+00:00\",\"description\":\"You can now get 3F-PVP for sale from our cannabinoids store. Our staff will assist you to buy 3F-PVP online at the best prices. Order 3F-PVP online today!\",\"breadcrumb\":{\"@id\":\"https:\/\/legitgrams.com\/product\/3f-pvp\/#breadcrumb\"},\"inLanguage\":\"de\",\"potentialAction\":[{\"@type\":\"ReadAction\",\"target\":[\"https:\/\/legitgrams.com\/product\/3f-pvp\/\"]}]},{\"@type\":\"ImageObject\",\"inLanguage\":\"de\",\"@id\":\"https:\/\/legitgrams.com\/product\/3f-pvp\/#primaryimage\",\"url\":\"https:\/\/legitgrams.com\/wp-content\/uploads\/2024\/08\/3f-pvp.gif\",\"contentUrl\":\"https:\/\/legitgrams.com\/wp-content\/uploads\/2024\/08\/3f-pvp.gif\",\"width\":600,\"height\":600,\"caption\":\"3F-PVP for Sale\"},{\"@type\":\"BreadcrumbList\",\"@id\":\"https:\/\/legitgrams.com\/product\/3f-pvp\/#breadcrumb\",\"itemListElement\":[{\"@type\":\"ListItem\",\"position\":1,\"name\":\"Home\",\"item\":\"https:\/\/legitgrams.com\/\"},{\"@type\":\"ListItem\",\"position\":2,\"name\":\"Shop\",\"item\":\"https:\/\/legitgrams.com\/shop\/\"},{\"@type\":\"ListItem\",\"position\":3,\"name\":\"3F-PVP\"}]},{\"@type\":\"WebSite\",\"@id\":\"https:\/\/legitgrams.com\/#website\",\"url\":\"https:\/\/legitgrams.com\/\",\"name\":\"Legit Grams\",\"description\":\"My WordPress Blog\",\"publisher\":{\"@id\":\"https:\/\/legitgrams.com\/#organization\"},\"potentialAction\":[{\"@type\":\"SearchAction\",\"target\":{\"@type\":\"EntryPoint\",\"urlTemplate\":\"https:\/\/legitgrams.com\/?s={search_term_string}\"},\"query-input\":{\"@type\":\"PropertyValueSpecification\",\"valueRequired\":true,\"valueName\":\"search_term_string\"}}],\"inLanguage\":\"de\"},{\"@type\":\"Organization\",\"@id\":\"https:\/\/legitgrams.com\/#organization\",\"name\":\"Legit Grams\",\"url\":\"https:\/\/legitgrams.com\/\",\"logo\":{\"@type\":\"ImageObject\",\"inLanguage\":\"de\",\"@id\":\"https:\/\/legitgrams.com\/#\/schema\/logo\/image\/\",\"url\":\"https:\/\/legitgrams.com\/wp-content\/uploads\/2024\/09\/main-logo.png\",\"contentUrl\":\"https:\/\/legitgrams.com\/wp-content\/uploads\/2024\/09\/main-logo.png\",\"width\":270,\"height\":75,\"caption\":\"Legit Grams\"},\"image\":{\"@id\":\"https:\/\/legitgrams.com\/#\/schema\/logo\/image\/\"}}]}<\/script>\n<!-- \/ Yoast SEO plugin. -->","yoast_head_json":{"title":"3F-PVP zu verkaufen - 3F-PVP online bestellen | LegitGrams","description":"Sie k\u00f6nnen jetzt 3F-PVP zum Verkauf in unserem Cannabinoid-Shop erhalten. Unser Personal wird Ihnen helfen, 3F-PVP online zu den besten Preisen zu kaufen. Bestellen Sie 3F-PVP noch heute online!","robots":{"index":"index","follow":"follow","max-snippet":"max-snippet:-1","max-image-preview":"max-image-preview:large","max-video-preview":"max-video-preview:-1"},"canonical":"https:\/\/legitgrams.com\/de\/produkt\/3fpvp\/","og_locale":"de_DE","og_type":"article","og_title":"3F-PVP for Sale - Order 3F-PVP Online | LegitGrams","og_description":"You can now get 3F-PVP for sale from our cannabinoids store. Our staff will assist you to buy 3F-PVP online at the best prices. Order 3F-PVP online today!","og_url":"https:\/\/legitgrams.com\/de\/produkt\/3fpvp\/","og_site_name":"Legit Grams","article_modified_time":"2025-01-11T10:28:49+00:00","og_image":[{"width":600,"height":600,"url":"https:\/\/legitgrams.com\/wp-content\/uploads\/2024\/08\/3f-pvp.gif","type":"image\/gif"}],"twitter_card":"summary_large_image","twitter_misc":{"Gesch\u00e4tzte Lesezeit":"2\u00a0Minuten"},"schema":{"@context":"https:\/\/schema.org","@graph":[{"@type":"WebPage","@id":"https:\/\/legitgrams.com\/product\/3f-pvp\/","url":"https:\/\/legitgrams.com\/product\/3f-pvp\/","name":"3F-PVP zu verkaufen - 3F-PVP online bestellen | LegitGrams","isPartOf":{"@id":"https:\/\/legitgrams.com\/#website"},"primaryImageOfPage":{"@id":"https:\/\/legitgrams.com\/product\/3f-pvp\/#primaryimage"},"image":{"@id":"https:\/\/legitgrams.com\/product\/3f-pvp\/#primaryimage"},"thumbnailUrl":"https:\/\/legitgrams.com\/wp-content\/uploads\/2024\/08\/3f-pvp.gif","datePublished":"2024-08-03T05:38:50+00:00","dateModified":"2025-01-11T10:28:49+00:00","description":"Sie k\u00f6nnen jetzt 3F-PVP zum Verkauf in unserem Cannabinoid-Shop erhalten. Unser Personal wird Ihnen helfen, 3F-PVP online zu den besten Preisen zu kaufen. Bestellen Sie 3F-PVP noch heute online!","breadcrumb":{"@id":"https:\/\/legitgrams.com\/product\/3f-pvp\/#breadcrumb"},"inLanguage":"de","potentialAction":[{"@type":"ReadAction","target":["https:\/\/legitgrams.com\/product\/3f-pvp\/"]}]},{"@type":"ImageObject","inLanguage":"de","@id":"https:\/\/legitgrams.com\/product\/3f-pvp\/#primaryimage","url":"https:\/\/legitgrams.com\/wp-content\/uploads\/2024\/08\/3f-pvp.gif","contentUrl":"https:\/\/legitgrams.com\/wp-content\/uploads\/2024\/08\/3f-pvp.gif","width":600,"height":600,"caption":"3F-PVP for Sale"},{"@type":"BreadcrumbList","@id":"https:\/\/legitgrams.com\/product\/3f-pvp\/#breadcrumb","itemListElement":[{"@type":"ListItem","position":1,"name":"Home","item":"https:\/\/legitgrams.com\/"},{"@type":"ListItem","position":2,"name":"Shop","item":"https:\/\/legitgrams.com\/shop\/"},{"@type":"ListItem","position":3,"name":"3F-PVP"}]},{"@type":"WebSite","@id":"https:\/\/legitgrams.com\/#website","url":"https:\/\/legitgrams.com\/","name":"Legitimer Grammwert","description":"Mein WordPress-Blog","publisher":{"@id":"https:\/\/legitgrams.com\/#organization"},"potentialAction":[{"@type":"SearchAction","target":{"@type":"EntryPoint","urlTemplate":"https:\/\/legitgrams.com\/?s={search_term_string}"},"query-input":{"@type":"PropertyValueSpecification","valueRequired":true,"valueName":"search_term_string"}}],"inLanguage":"de"},{"@type":"Organization","@id":"https:\/\/legitgrams.com\/#organization","name":"Legitimer Grammwert","url":"https:\/\/legitgrams.com\/","logo":{"@type":"ImageObject","inLanguage":"de","@id":"https:\/\/legitgrams.com\/#\/schema\/logo\/image\/","url":"https:\/\/legitgrams.com\/wp-content\/uploads\/2024\/09\/main-logo.png","contentUrl":"https:\/\/legitgrams.com\/wp-content\/uploads\/2024\/09\/main-logo.png","width":270,"height":75,"caption":"Legit Grams"},"image":{"@id":"https:\/\/legitgrams.com\/#\/schema\/logo\/image\/"}}]}},"uagb_featured_image_src":{"full":["https:\/\/legitgrams.com\/wp-content\/uploads\/2024\/08\/3f-pvp.gif",600,600,false],"thumbnail":["https:\/\/legitgrams.com\/wp-content\/uploads\/2024\/08\/3f-pvp-150x150.gif",150,150,true],"medium":["https:\/\/legitgrams.com\/wp-content\/uploads\/2024\/08\/3f-pvp-300x300.gif",300,300,true],"medium_large":["https:\/\/legitgrams.com\/wp-content\/uploads\/2024\/08\/3f-pvp.gif",600,600,false],"large":["https:\/\/legitgrams.com\/wp-content\/uploads\/2024\/08\/3f-pvp.gif",600,600,false],"1536x1536":["https:\/\/legitgrams.com\/wp-content\/uploads\/2024\/08\/3f-pvp.gif",600,600,false],"2048x2048":["https:\/\/legitgrams.com\/wp-content\/uploads\/2024\/08\/3f-pvp.gif",600,600,false],"trp-custom-language-flag":["https:\/\/legitgrams.com\/wp-content\/uploads\/2024\/08\/3f-pvp-12x12.gif",12,12,true],"woocommerce_thumbnail":["https:\/\/legitgrams.com\/wp-content\/uploads\/2024\/08\/3f-pvp-300x300.gif",300,300,true],"woocommerce_single":["https:\/\/legitgrams.com\/wp-content\/uploads\/2024\/08\/3f-pvp.gif",600,600,false],"woocommerce_gallery_thumbnail":["https:\/\/legitgrams.com\/wp-content\/uploads\/2024\/08\/3f-pvp-100x100.gif",100,100,true]},"uagb_author_info":{"display_name":"cokeblog18","author_link":"https:\/\/legitgrams.com\/de\/author\/"},"uagb_comment_info":0,"uagb_excerpt":"3-Fluoro-\u03b1-Pyrrolidinovalerophenone\u00a0(3F-PVP) is a recreational\u00a0designer drug\u00a0from the\u00a0substituted cathinone\u00a0family with\u00a0stimulant\u00a0effects, which first appeared on the illicit market in around 2018","_links":{"self":[{"href":"https:\/\/legitgrams.com\/de\/wp-json\/wp\/v2\/product\/3281","targetHints":{"allow":["GET"]}}],"collection":[{"href":"https:\/\/legitgrams.com\/de\/wp-json\/wp\/v2\/product"}],"about":[{"href":"https:\/\/legitgrams.com\/de\/wp-json\/wp\/v2\/types\/product"}],"replies":[{"embeddable":true,"href":"https:\/\/legitgrams.com\/de\/wp-json\/wp\/v2\/comments?post=3281"}],"wp:featuredmedia":[{"embeddable":true,"href":"https:\/\/legitgrams.com\/de\/wp-json\/wp\/v2\/media\/3292"}],"wp:attachment":[{"href":"https:\/\/legitgrams.com\/de\/wp-json\/wp\/v2\/media?parent=3281"}],"wp:term":[{"taxonomy":"product_brand","embeddable":true,"href":"https:\/\/legitgrams.com\/de\/wp-json\/wp\/v2\/product_brand?post=3281"},{"taxonomy":"product_cat","embeddable":true,"href":"https:\/\/legitgrams.com\/de\/wp-json\/wp\/v2\/product_cat?post=3281"},{"taxonomy":"product_tag","embeddable":true,"href":"https:\/\/legitgrams.com\/de\/wp-json\/wp\/v2\/product_tag?post=3281"}],"curies":[{"name":"wp","href":"https:\/\/api.w.org\/{rel}","templated":true}]}}