{"id":3282,"date":"2024-08-03T05:38:35","date_gmt":"2024-08-03T05:38:35","guid":{"rendered":"https:\/\/cokebricks.com\/?post_type=product&#038;p=3282"},"modified":"2025-01-11T11:43:35","modified_gmt":"2025-01-11T11:43:35","slug":"5f-akb","status":"publish","type":"product","link":"https:\/\/legitgrams.com\/de\/produkt\/5f-akb\/","title":{"rendered":"5f-AKB"},"content":{"rendered":"<h2>Verkauf von 5F-AKB Pulver<\/h2>\n<p><a href=\"https:\/\/legitgrams.com\/de\/produkt\/5f-akb\/\">5F-AKB48 online kaufen<\/a>. Dieser potente Stamm von AKB-48 interagiert mit Cannabinoidrezeptoren und ist ein wichtiger Bestandteil vieler synthetischer Cannabismischungen. Da es eine substituierte Indazolgruppe enth\u00e4lt, ist 5F-AKB48, manchmal auch als N-(Adamantan-1-yl)-1-(5-Fluorpentyl)-1H-Indazol-3-Carboxamid bezeichnet, ein synthetisches Indazol-Cannabinoid.<\/p>\n<p>\u00c4hnlich wie bei 5F-PB-22 wird dieser Indazolrest an R1 in eine Fluorpentylkette umgewandelt. Zus\u00e4tzlich wird dem Indazol an Position R3 eine Carboxamidgruppe hinzugef\u00fcgt. Die terminale Amingruppe dieser Carboxamidgruppe ist durch eine Adamantangruppe N-substituiert. Das Diamantoid, eine einzigartige Struktur dieser Gruppe, besteht aus vier kondensierten Cyclohexanringen. Eine Indazolbase wird verwendet, um die Hauptindolstruktur in 5F-AKB48, einem Homolog von STS-135, zu ersetzen. <a href=\"https:\/\/legitgrams.com\/de\/\">LegitGrams<\/a><\/p>\n<p>Kaufen Sie die <a href=\"https:\/\/en.wikipedia.org\/wiki\/5F-APINACA\">5F-AKB48<\/a> online mit 5F-AKB48 online bestellen. Obwohl 5F-AKB48 noch nicht gr\u00fcndlich untersucht wurde, deuten Strukturstudien darauf hin, dass es viele der In-vivo-Eigenschaften von \u03949-THC aufweist und ein Bindungsprofil \u00e4hnlich dem anderer Cannabinoide hat. Wie diese Wechselwirkungen funktionieren und wie sie zur Gl\u00fcckswirkung beitragen, die Cannabis erzeugt, ist jedoch noch unbekannt.<\/p>\n<p>Kaufen Sie 5F-AKB48 online. Basierend auf dem subjektiven Wirkungsindex und den individuellen Erfahrungen der PsychonautWiki-Mitarbeiter werden die Auswirkungen im Folgenden beschrieben. H\u00f6here Dosierungen erzeugen eher das gesamte Wirkungsspektrum, aber es ist wichtig, sich daran zu erinnern, dass diese Wirkungen selten, wenn \u00fcberhaupt, gleichzeitig auftreten und mit Vorsicht behandelt werden sollten.<\/p>\n<p>5C-AKB48 eignet sich f\u00fcr \u00e4hnliche Untersuchungen zur Wirkung verbotener Agonisten auf CB2-Rezeptoren. BAC bietet sie an. Kaufen Sie 5F-AKB48 online. Dank unseres hochqualifizierten Forschungs- und Entwicklungsteams und strenger Qualit\u00e4tskontrollverfahren k\u00f6nnen wir garantieren, dass jede Bestellung zur Lieferung von Artikeln h\u00f6chster Qualit\u00e4t an jeden Ort der Welt f\u00fchrt. Ihr Ruf und Ihre Kunden haben immer oberste Priorit\u00e4t. Dank unseres ausgezeichneten Rufs und unserer Qualit\u00e4t kontrollieren wir den Markt.<\/p>\n<p>Wir bieten unseren Kunden nicht nur faire Preise f\u00fcr die Waren, die sie kaufen. Wenn wir \u00fcber au\u00dfergew\u00f6hnliche Qualit\u00e4t, wettbewerbsf\u00e4hige Kosten und Glaubw\u00fcrdigkeit verf\u00fcgen, k\u00f6nnen wir m\u00f6glicherweise eine fruchtbare, langfristige Zusammenarbeit aufbauen.<\/p>\n<p>Das 5F-AKB48 kann online bestellt werden. Unser Ziel ist es, die gr\u00f6\u00dfte Auswahl an hochwertigen Forschungschemikalien, CBD, CBD-haltigen Produkten und Salzen anzubieten, wobei wir uns auf ihre herausragende Qualit\u00e4t, ihren herausragenden Wert und unseren erstklassigen Kundendienst konzentrieren. Da wir aufrichtig davon \u00fcberzeugt sind, dass die Zufriedenheit unserer Kunden entscheidend f\u00fcr den Erfolg unseres Unternehmens ist, bem\u00fchen wir uns nach Kr\u00e4ften, ihnen auf jede erdenkliche Weise zu helfen.<\/p>","protected":false},"excerpt":{"rendered":"<p>Sale of 5F-AKB Powder Buy 5F-AKB48 online. This potent strain of AKB-48 interacts with cannabinoid receptors and is a key ingredient in many synthetic cannabis mixtures. Because it contains a substituted indazole group, 5F-AKB48, sometimes referred to as N-(adamantan-1-yl)-1-(5-fluoropentyl)-1H-indazole-3-carboxamide, is a synthetic indazole cannabinoid. Similar to 5F-PB-22, this indazole residue is converted to a fluoropentyl &hellip;<\/p>\n<p class=\"read-more\"> <a class=\"\" href=\"https:\/\/legitgrams.com\/de\/produkt\/5f-akb\/\"> <span class=\"screen-reader-text\">5f-AKB<\/span> Mehr lesen \"<\/a><\/p>","protected":false},"featured_media":3291,"comment_status":"open","ping_status":"closed","template":"","meta":{"_uag_custom_page_level_css":"","site-sidebar-layout":"default","site-content-layout":"default","ast-global-header-display":"","ast-main-header-display":"","ast-hfb-above-header-display":"","ast-hfb-below-header-display":"","ast-hfb-mobile-header-display":"","site-post-title":"","ast-breadcrumbs-content":"","ast-featured-img":"","footer-sml-layout":"","theme-transparent-header-meta":"default","adv-header-id-meta":"","stick-header-meta":"default","header-above-stick-meta":"","header-main-stick-meta":"","header-below-stick-meta":"","_joinchat":[]},"product_brand":[],"product_cat":[190],"product_tag":[428,427,426,429,430,424,425],"class_list":{"0":"post-3282","1":"product","2":"type-product","3":"status-publish","4":"has-post-thumbnail","6":"product_cat-cannabinoids","7":"product_tag-5f-akb-cannabinoids-for-sale","8":"product_tag-5f-akb-crystals-for-sale","9":"product_tag-5f-akb-for-sale","10":"product_tag-5f-akb-for-sale-online","11":"product_tag-5f-akb-powder-for-sale","12":"product_tag-buy-5f-akb","13":"product_tag-buy-5f-akb-crystals-online","14":"desktop-align-left","15":"tablet-align-left","16":"mobile-align-left","17":"ast-product-gallery-layout-horizontal","18":"ast-product-gallery-with-no-image","19":"ast-product-single-variable","20":"ast-product-tabs-layout-horizontal","21":"ast-qv-on-image","23":"first","24":"instock","25":"shipping-taxable","26":"purchasable","27":"product-type-variable"},"yoast_head":"<!-- This site is optimized with the Yoast SEO plugin v25.9 - https:\/\/yoast.com\/wordpress\/plugins\/seo\/ -->\n<title>5F-AKB Powder for Sale - Buy 5F-AKB Online @ Cheap Price<\/title>\n<meta name=\"description\" content=\"It is the best time to visit our online store and buy 5F-AKB powder online. We have high-quality 5F-AKB for sale here at most affordable price. Place Your Order Today!\" \/>\n<meta name=\"robots\" content=\"index, follow, max-snippet:-1, max-image-preview:large, max-video-preview:-1\" \/>\n<link rel=\"canonical\" href=\"https:\/\/legitgrams.com\/de\/produkt\/5f-akb\/\" \/>\n<meta property=\"og:locale\" content=\"de_DE\" \/>\n<meta property=\"og:type\" content=\"article\" \/>\n<meta property=\"og:title\" content=\"5F-AKB Powder for Sale - Buy 5F-AKB Online @ Cheap Price\" \/>\n<meta property=\"og:description\" content=\"It is the best time to visit our online store and buy 5F-AKB powder online. We have high-quality 5F-AKB for sale here at most affordable price. Place Your Order Today!\" \/>\n<meta property=\"og:url\" content=\"https:\/\/legitgrams.com\/de\/produkt\/5f-akb\/\" \/>\n<meta property=\"og:site_name\" content=\"Legit Grams\" \/>\n<meta property=\"article:modified_time\" content=\"2025-01-11T11:43:35+00:00\" \/>\n<meta property=\"og:image\" content=\"https:\/\/legitgrams.com\/wp-content\/uploads\/2024\/08\/5f-AEB.gif\" \/>\n\t<meta property=\"og:image:width\" content=\"600\" \/>\n\t<meta property=\"og:image:height\" content=\"600\" \/>\n\t<meta property=\"og:image:type\" content=\"image\/gif\" \/>\n<meta name=\"twitter:card\" content=\"summary_large_image\" \/>\n<meta name=\"twitter:label1\" content=\"Gesch\u00e4tzte Lesezeit\" \/>\n\t<meta name=\"twitter:data1\" content=\"2\u00a0Minuten\" \/>\n<script type=\"application\/ld+json\" class=\"yoast-schema-graph\">{\"@context\":\"https:\/\/schema.org\",\"@graph\":[{\"@type\":\"WebPage\",\"@id\":\"https:\/\/legitgrams.com\/product\/5f-akb\/\",\"url\":\"https:\/\/legitgrams.com\/product\/5f-akb\/\",\"name\":\"5F-AKB Powder for Sale - Buy 5F-AKB Online @ Cheap Price\",\"isPartOf\":{\"@id\":\"https:\/\/legitgrams.com\/#website\"},\"primaryImageOfPage\":{\"@id\":\"https:\/\/legitgrams.com\/product\/5f-akb\/#primaryimage\"},\"image\":{\"@id\":\"https:\/\/legitgrams.com\/product\/5f-akb\/#primaryimage\"},\"thumbnailUrl\":\"https:\/\/legitgrams.com\/wp-content\/uploads\/2024\/08\/5f-AEB.gif\",\"datePublished\":\"2024-08-03T05:38:35+00:00\",\"dateModified\":\"2025-01-11T11:43:35+00:00\",\"description\":\"It is the best time to visit our online store and buy 5F-AKB powder online. We have high-quality 5F-AKB for sale here at most affordable price. Place Your Order Today!\",\"breadcrumb\":{\"@id\":\"https:\/\/legitgrams.com\/product\/5f-akb\/#breadcrumb\"},\"inLanguage\":\"de\",\"potentialAction\":[{\"@type\":\"ReadAction\",\"target\":[\"https:\/\/legitgrams.com\/product\/5f-akb\/\"]}]},{\"@type\":\"ImageObject\",\"inLanguage\":\"de\",\"@id\":\"https:\/\/legitgrams.com\/product\/5f-akb\/#primaryimage\",\"url\":\"https:\/\/legitgrams.com\/wp-content\/uploads\/2024\/08\/5f-AEB.gif\",\"contentUrl\":\"https:\/\/legitgrams.com\/wp-content\/uploads\/2024\/08\/5f-AEB.gif\",\"width\":600,\"height\":600,\"caption\":\"5F-AKB Powder for Sale\"},{\"@type\":\"BreadcrumbList\",\"@id\":\"https:\/\/legitgrams.com\/product\/5f-akb\/#breadcrumb\",\"itemListElement\":[{\"@type\":\"ListItem\",\"position\":1,\"name\":\"Home\",\"item\":\"https:\/\/legitgrams.com\/\"},{\"@type\":\"ListItem\",\"position\":2,\"name\":\"Shop\",\"item\":\"https:\/\/legitgrams.com\/shop\/\"},{\"@type\":\"ListItem\",\"position\":3,\"name\":\"5f-AKB\"}]},{\"@type\":\"WebSite\",\"@id\":\"https:\/\/legitgrams.com\/#website\",\"url\":\"https:\/\/legitgrams.com\/\",\"name\":\"Legit Grams\",\"description\":\"My WordPress Blog\",\"publisher\":{\"@id\":\"https:\/\/legitgrams.com\/#organization\"},\"potentialAction\":[{\"@type\":\"SearchAction\",\"target\":{\"@type\":\"EntryPoint\",\"urlTemplate\":\"https:\/\/legitgrams.com\/?s={search_term_string}\"},\"query-input\":{\"@type\":\"PropertyValueSpecification\",\"valueRequired\":true,\"valueName\":\"search_term_string\"}}],\"inLanguage\":\"de\"},{\"@type\":\"Organization\",\"@id\":\"https:\/\/legitgrams.com\/#organization\",\"name\":\"Legit Grams\",\"url\":\"https:\/\/legitgrams.com\/\",\"logo\":{\"@type\":\"ImageObject\",\"inLanguage\":\"de\",\"@id\":\"https:\/\/legitgrams.com\/#\/schema\/logo\/image\/\",\"url\":\"https:\/\/legitgrams.com\/wp-content\/uploads\/2024\/09\/main-logo.png\",\"contentUrl\":\"https:\/\/legitgrams.com\/wp-content\/uploads\/2024\/09\/main-logo.png\",\"width\":270,\"height\":75,\"caption\":\"Legit Grams\"},\"image\":{\"@id\":\"https:\/\/legitgrams.com\/#\/schema\/logo\/image\/\"}}]}<\/script>\n<!-- \/ Yoast SEO plugin. -->","yoast_head_json":{"title":"5F-AKB Pulver zu verkaufen - Buy 5F-AKB Online @ Cheap Price","description":"Es ist die beste Zeit, unseren Online-Shop zu besuchen und 5F-AKB Pulver online zu kaufen. Wir haben qualitativ hochwertige 5F-AKB zum Verkauf hier zu den meisten erschwinglichen Preis. Platzieren Sie Ihre Bestellung heute!","robots":{"index":"index","follow":"follow","max-snippet":"max-snippet:-1","max-image-preview":"max-image-preview:large","max-video-preview":"max-video-preview:-1"},"canonical":"https:\/\/legitgrams.com\/de\/produkt\/5f-akb\/","og_locale":"de_DE","og_type":"article","og_title":"5F-AKB Powder for Sale - Buy 5F-AKB Online @ Cheap Price","og_description":"It is the best time to visit our online store and buy 5F-AKB powder online. We have high-quality 5F-AKB for sale here at most affordable price. Place Your Order Today!","og_url":"https:\/\/legitgrams.com\/de\/produkt\/5f-akb\/","og_site_name":"Legit Grams","article_modified_time":"2025-01-11T11:43:35+00:00","og_image":[{"width":600,"height":600,"url":"https:\/\/legitgrams.com\/wp-content\/uploads\/2024\/08\/5f-AEB.gif","type":"image\/gif"}],"twitter_card":"summary_large_image","twitter_misc":{"Gesch\u00e4tzte Lesezeit":"2\u00a0Minuten"},"schema":{"@context":"https:\/\/schema.org","@graph":[{"@type":"WebPage","@id":"https:\/\/legitgrams.com\/product\/5f-akb\/","url":"https:\/\/legitgrams.com\/product\/5f-akb\/","name":"5F-AKB Pulver zu verkaufen - Buy 5F-AKB Online @ Cheap Price","isPartOf":{"@id":"https:\/\/legitgrams.com\/#website"},"primaryImageOfPage":{"@id":"https:\/\/legitgrams.com\/product\/5f-akb\/#primaryimage"},"image":{"@id":"https:\/\/legitgrams.com\/product\/5f-akb\/#primaryimage"},"thumbnailUrl":"https:\/\/legitgrams.com\/wp-content\/uploads\/2024\/08\/5f-AEB.gif","datePublished":"2024-08-03T05:38:35+00:00","dateModified":"2025-01-11T11:43:35+00:00","description":"Es ist die beste Zeit, unseren Online-Shop zu besuchen und 5F-AKB Pulver online zu kaufen. Wir haben qualitativ hochwertige 5F-AKB zum Verkauf hier zu den meisten erschwinglichen Preis. Platzieren Sie Ihre Bestellung heute!","breadcrumb":{"@id":"https:\/\/legitgrams.com\/product\/5f-akb\/#breadcrumb"},"inLanguage":"de","potentialAction":[{"@type":"ReadAction","target":["https:\/\/legitgrams.com\/product\/5f-akb\/"]}]},{"@type":"ImageObject","inLanguage":"de","@id":"https:\/\/legitgrams.com\/product\/5f-akb\/#primaryimage","url":"https:\/\/legitgrams.com\/wp-content\/uploads\/2024\/08\/5f-AEB.gif","contentUrl":"https:\/\/legitgrams.com\/wp-content\/uploads\/2024\/08\/5f-AEB.gif","width":600,"height":600,"caption":"5F-AKB Powder for Sale"},{"@type":"BreadcrumbList","@id":"https:\/\/legitgrams.com\/product\/5f-akb\/#breadcrumb","itemListElement":[{"@type":"ListItem","position":1,"name":"Home","item":"https:\/\/legitgrams.com\/"},{"@type":"ListItem","position":2,"name":"Shop","item":"https:\/\/legitgrams.com\/shop\/"},{"@type":"ListItem","position":3,"name":"5f-AKB"}]},{"@type":"WebSite","@id":"https:\/\/legitgrams.com\/#website","url":"https:\/\/legitgrams.com\/","name":"Legitimer Grammwert","description":"Mein WordPress-Blog","publisher":{"@id":"https:\/\/legitgrams.com\/#organization"},"potentialAction":[{"@type":"SearchAction","target":{"@type":"EntryPoint","urlTemplate":"https:\/\/legitgrams.com\/?s={search_term_string}"},"query-input":{"@type":"PropertyValueSpecification","valueRequired":true,"valueName":"search_term_string"}}],"inLanguage":"de"},{"@type":"Organization","@id":"https:\/\/legitgrams.com\/#organization","name":"Legitimer Grammwert","url":"https:\/\/legitgrams.com\/","logo":{"@type":"ImageObject","inLanguage":"de","@id":"https:\/\/legitgrams.com\/#\/schema\/logo\/image\/","url":"https:\/\/legitgrams.com\/wp-content\/uploads\/2024\/09\/main-logo.png","contentUrl":"https:\/\/legitgrams.com\/wp-content\/uploads\/2024\/09\/main-logo.png","width":270,"height":75,"caption":"Legit Grams"},"image":{"@id":"https:\/\/legitgrams.com\/#\/schema\/logo\/image\/"}}]}},"uagb_featured_image_src":{"full":["https:\/\/legitgrams.com\/wp-content\/uploads\/2024\/08\/5f-AEB.gif",600,600,false],"thumbnail":["https:\/\/legitgrams.com\/wp-content\/uploads\/2024\/08\/5f-AEB-150x150.gif",150,150,true],"medium":["https:\/\/legitgrams.com\/wp-content\/uploads\/2024\/08\/5f-AEB-300x300.gif",300,300,true],"medium_large":["https:\/\/legitgrams.com\/wp-content\/uploads\/2024\/08\/5f-AEB.gif",600,600,false],"large":["https:\/\/legitgrams.com\/wp-content\/uploads\/2024\/08\/5f-AEB.gif",600,600,false],"1536x1536":["https:\/\/legitgrams.com\/wp-content\/uploads\/2024\/08\/5f-AEB.gif",600,600,false],"2048x2048":["https:\/\/legitgrams.com\/wp-content\/uploads\/2024\/08\/5f-AEB.gif",600,600,false],"trp-custom-language-flag":["https:\/\/legitgrams.com\/wp-content\/uploads\/2024\/08\/5f-AEB-12x12.gif",12,12,true],"woocommerce_thumbnail":["https:\/\/legitgrams.com\/wp-content\/uploads\/2024\/08\/5f-AEB-300x300.gif",300,300,true],"woocommerce_single":["https:\/\/legitgrams.com\/wp-content\/uploads\/2024\/08\/5f-AEB.gif",600,600,false],"woocommerce_gallery_thumbnail":["https:\/\/legitgrams.com\/wp-content\/uploads\/2024\/08\/5f-AEB-100x100.gif",100,100,true]},"uagb_author_info":{"display_name":"cokeblog18","author_link":"https:\/\/legitgrams.com\/de\/author\/"},"uagb_comment_info":0,"uagb_excerpt":"Sale of 5F-AKB Powder Buy 5F-AKB48 online. This potent strain of AKB-48 interacts with cannabinoid receptors and is a key ingredient in many synthetic cannabis mixtures. Because it contains a substituted indazole group, 5F-AKB48, sometimes referred to as N-(adamantan-1-yl)-1-(5-fluoropentyl)-1H-indazole-3-carboxamide, is a synthetic indazole cannabinoid. Similar to 5F-PB-22, this indazole residue is converted to a fluoropentyl&hellip;","_links":{"self":[{"href":"https:\/\/legitgrams.com\/de\/wp-json\/wp\/v2\/product\/3282","targetHints":{"allow":["GET"]}}],"collection":[{"href":"https:\/\/legitgrams.com\/de\/wp-json\/wp\/v2\/product"}],"about":[{"href":"https:\/\/legitgrams.com\/de\/wp-json\/wp\/v2\/types\/product"}],"replies":[{"embeddable":true,"href":"https:\/\/legitgrams.com\/de\/wp-json\/wp\/v2\/comments?post=3282"}],"wp:featuredmedia":[{"embeddable":true,"href":"https:\/\/legitgrams.com\/de\/wp-json\/wp\/v2\/media\/3291"}],"wp:attachment":[{"href":"https:\/\/legitgrams.com\/de\/wp-json\/wp\/v2\/media?parent=3282"}],"wp:term":[{"taxonomy":"product_brand","embeddable":true,"href":"https:\/\/legitgrams.com\/de\/wp-json\/wp\/v2\/product_brand?post=3282"},{"taxonomy":"product_cat","embeddable":true,"href":"https:\/\/legitgrams.com\/de\/wp-json\/wp\/v2\/product_cat?post=3282"},{"taxonomy":"product_tag","embeddable":true,"href":"https:\/\/legitgrams.com\/de\/wp-json\/wp\/v2\/product_tag?post=3282"}],"curies":[{"name":"wp","href":"https:\/\/api.w.org\/{rel}","templated":true}]}}