{"id":3283,"date":"2024-08-03T05:38:50","date_gmt":"2024-08-03T05:38:50","guid":{"rendered":"https:\/\/cokebricks.com\/?post_type=product&#038;p=3283"},"modified":"2025-01-11T11:05:16","modified_gmt":"2025-01-11T11:05:16","slug":"4brpvp","status":"publish","type":"product","link":"https:\/\/legitgrams.com\/de\/produkt\/4brpvp\/","title":{"rendered":"4brpvp"},"content":{"rendered":"<h2>Zu verkaufen: 4BR PVP<\/h2>\n<p><a href=\"https:\/\/legitgrams.com\/de\/produkt\/4brpvp\/\">4BR-PVP-Kristalle online kaufen<\/a> in Europa. 4BRPVP in Premiumqualit\u00e4t, 99,5 % rein, ist erh\u00e4ltlich. Kaufen Sie 3BR-PVP (3BRPVP)-Kristallpulver online bei einem Lieferanten.<\/p>\n<p>Typische Empfehlungen von uns sind<\/p>\n<h3>Feststoffe:<\/h3>\n<p>Wenn das Fl\u00e4schchen richtig verschlossen ist und die Lagerungshinweise befolgt werden, ist das Produkt bis zu sechs Monate nach dem Versanddatum haltbar. <a href=\"https:\/\/en.wikipedia.org\/\">LegitGrams<\/a><\/p>\n<h3>ERGEBNISSE:<\/h3>\n<p>Stamml\u00f6sungen sollten innerhalb eines Monats nach der Herstellung verwendet und bei -20 \u00b0C oder darunter in dicht verschlossenen Fl\u00e4schchen gelagert werden. Wenn m\u00f6glich, m\u00fcssen die L\u00f6sungen noch am selben Tag verwendbar und einsatzbereit sein.<\/p>\n<p>4BR-PVP-Kristalle online in Europa Kaufen . Premiumqualit\u00e4t, 99,5 % rein <a href=\"https:\/\/en.m.wikipedia.org\/wiki\/File:4-Br-PVP_structure.png\">4BRPVP<\/a> ist k\u00e4uflich zu erwerben. Kaufen Sie 3BR-PVP (3BRPVP) Kristallpulver online bei einem Lieferanten.<\/p>\n<h3>Unser:<\/h3>\n<p>Typische Empfehlungen von uns sind<\/p>\n<h3>Feststoffe:<\/h3>\n<p>Wenn das Fl\u00e4schchen richtig verschlossen ist und die Lagerungshinweise befolgt werden, ist das Produkt bis zu sechs Monate nach dem Versanddatum haltbar.<\/p>\n<h3>ERGEBNISSE:<\/h3>\n<p>Stamml\u00f6sungen sollten innerhalb eines Monats nach der Herstellung verwendet und bei -20 \u00b0C oder darunter in dicht verschlossenen Fl\u00e4schchen gelagert werden. Wenn m\u00f6glich, m\u00fcssen die L\u00f6sungen noch am selben Tag verwendbar und einsatzbereit sein.<\/p>\n<p>&nbsp;<\/p>","protected":false},"excerpt":{"rendered":"<p>For Sale: 4BR PVP Buy 4BR-PVP Crystals online in Europe. Premium grade, 99.5% pure 4BRPVP is available for purchase. Purchase 3BR-PVP (3BRPVP) crystal powder online from a supplier. Typical recommendations from us include Solids: If the vial is kept correctly sealed and the storage instructions are followed, the product can be kept for up to &hellip;<\/p>\n<p class=\"read-more\"> <a class=\"\" href=\"https:\/\/legitgrams.com\/de\/produkt\/4brpvp\/\"> <span class=\"screen-reader-text\">4brpvp<\/span> Mehr lesen \"<\/a><\/p>","protected":false},"featured_media":3293,"comment_status":"open","ping_status":"closed","template":"","meta":{"_uag_custom_page_level_css":"","site-sidebar-layout":"default","site-content-layout":"default","ast-global-header-display":"","ast-main-header-display":"","ast-hfb-above-header-display":"","ast-hfb-below-header-display":"","ast-hfb-mobile-header-display":"","site-post-title":"","ast-breadcrumbs-content":"","ast-featured-img":"","footer-sml-layout":"","theme-transparent-header-meta":"default","adv-header-id-meta":"","stick-header-meta":"default","header-above-stick-meta":"","header-main-stick-meta":"","header-below-stick-meta":"","_joinchat":[]},"product_brand":[],"product_cat":[190],"product_tag":[421,420,419,422,423,417,418],"class_list":{"0":"post-3283","1":"product","2":"type-product","3":"status-publish","4":"has-post-thumbnail","6":"product_cat-cannabinoids","7":"product_tag-4brpvp-cannabinoids-for-sale","8":"product_tag-4brpvp-crystals-for-sale","9":"product_tag-4brpvp-for-sale","10":"product_tag-4brpvp-for-sale-online","11":"product_tag-4brpvp-powder-for-sale","12":"product_tag-buy-4brpvp-crystals","13":"product_tag-buy-4brpvp-crystals-online","14":"desktop-align-left","15":"tablet-align-left","16":"mobile-align-left","17":"ast-product-gallery-layout-horizontal","18":"ast-product-gallery-with-no-image","19":"ast-product-single-variable","20":"ast-product-tabs-layout-horizontal","21":"ast-qv-on-image","23":"first","24":"instock","25":"shipping-taxable","26":"purchasable","27":"product-type-variable"},"yoast_head":"<!-- This site is optimized with the Yoast SEO plugin v25.9 - https:\/\/yoast.com\/wordpress\/plugins\/seo\/ -->\n<title>Buy 4BR PVP Online - 4BR PVP for Sale at LegitGrams<\/title>\n<meta name=\"description\" content=\"Looking to buy 4br-pvp online? LegitGrams offers a wide range of 4br-pvp for sale. Order now an get 4br-pvp from our legit store right now.\" \/>\n<meta name=\"robots\" content=\"index, follow, max-snippet:-1, max-image-preview:large, max-video-preview:-1\" \/>\n<link rel=\"canonical\" href=\"https:\/\/legitgrams.com\/de\/produkt\/4brpvp\/\" \/>\n<meta property=\"og:locale\" content=\"de_DE\" \/>\n<meta property=\"og:type\" content=\"article\" \/>\n<meta property=\"og:title\" content=\"Buy 4BR PVP Online - 4BR PVP for Sale at LegitGrams\" \/>\n<meta property=\"og:description\" content=\"Looking to buy 4br-pvp online? LegitGrams offers a wide range of 4br-pvp for sale. Order now an get 4br-pvp from our legit store right now.\" \/>\n<meta property=\"og:url\" content=\"https:\/\/legitgrams.com\/de\/produkt\/4brpvp\/\" \/>\n<meta property=\"og:site_name\" content=\"Legit Grams\" \/>\n<meta property=\"article:modified_time\" content=\"2025-01-11T11:05:16+00:00\" \/>\n<meta property=\"og:image\" content=\"https:\/\/legitgrams.com\/wp-content\/uploads\/2024\/08\/4brpvp.gif\" \/>\n\t<meta property=\"og:image:width\" content=\"600\" \/>\n\t<meta property=\"og:image:height\" content=\"600\" \/>\n\t<meta property=\"og:image:type\" content=\"image\/gif\" \/>\n<meta name=\"twitter:card\" content=\"summary_large_image\" \/>\n<meta name=\"twitter:label1\" content=\"Gesch\u00e4tzte Lesezeit\" \/>\n\t<meta name=\"twitter:data1\" content=\"2\u00a0Minuten\" \/>\n<script type=\"application\/ld+json\" class=\"yoast-schema-graph\">{\"@context\":\"https:\/\/schema.org\",\"@graph\":[{\"@type\":\"WebPage\",\"@id\":\"https:\/\/legitgrams.com\/product\/4brpvp\/\",\"url\":\"https:\/\/legitgrams.com\/product\/4brpvp\/\",\"name\":\"Buy 4BR PVP Online - 4BR PVP for Sale at LegitGrams\",\"isPartOf\":{\"@id\":\"https:\/\/legitgrams.com\/#website\"},\"primaryImageOfPage\":{\"@id\":\"https:\/\/legitgrams.com\/product\/4brpvp\/#primaryimage\"},\"image\":{\"@id\":\"https:\/\/legitgrams.com\/product\/4brpvp\/#primaryimage\"},\"thumbnailUrl\":\"https:\/\/legitgrams.com\/wp-content\/uploads\/2024\/08\/4brpvp.gif\",\"datePublished\":\"2024-08-03T05:38:50+00:00\",\"dateModified\":\"2025-01-11T11:05:16+00:00\",\"description\":\"Looking to buy 4br-pvp online? LegitGrams offers a wide range of 4br-pvp for sale. Order now an get 4br-pvp from our legit store right now.\",\"breadcrumb\":{\"@id\":\"https:\/\/legitgrams.com\/product\/4brpvp\/#breadcrumb\"},\"inLanguage\":\"de\",\"potentialAction\":[{\"@type\":\"ReadAction\",\"target\":[\"https:\/\/legitgrams.com\/product\/4brpvp\/\"]}]},{\"@type\":\"ImageObject\",\"inLanguage\":\"de\",\"@id\":\"https:\/\/legitgrams.com\/product\/4brpvp\/#primaryimage\",\"url\":\"https:\/\/legitgrams.com\/wp-content\/uploads\/2024\/08\/4brpvp.gif\",\"contentUrl\":\"https:\/\/legitgrams.com\/wp-content\/uploads\/2024\/08\/4brpvp.gif\",\"width\":600,\"height\":600,\"caption\":\"4BR PVP for Sale\"},{\"@type\":\"BreadcrumbList\",\"@id\":\"https:\/\/legitgrams.com\/product\/4brpvp\/#breadcrumb\",\"itemListElement\":[{\"@type\":\"ListItem\",\"position\":1,\"name\":\"Home\",\"item\":\"https:\/\/legitgrams.com\/\"},{\"@type\":\"ListItem\",\"position\":2,\"name\":\"Shop\",\"item\":\"https:\/\/legitgrams.com\/shop\/\"},{\"@type\":\"ListItem\",\"position\":3,\"name\":\"4brpvp\"}]},{\"@type\":\"WebSite\",\"@id\":\"https:\/\/legitgrams.com\/#website\",\"url\":\"https:\/\/legitgrams.com\/\",\"name\":\"Legit Grams\",\"description\":\"My WordPress Blog\",\"publisher\":{\"@id\":\"https:\/\/legitgrams.com\/#organization\"},\"potentialAction\":[{\"@type\":\"SearchAction\",\"target\":{\"@type\":\"EntryPoint\",\"urlTemplate\":\"https:\/\/legitgrams.com\/?s={search_term_string}\"},\"query-input\":{\"@type\":\"PropertyValueSpecification\",\"valueRequired\":true,\"valueName\":\"search_term_string\"}}],\"inLanguage\":\"de\"},{\"@type\":\"Organization\",\"@id\":\"https:\/\/legitgrams.com\/#organization\",\"name\":\"Legit Grams\",\"url\":\"https:\/\/legitgrams.com\/\",\"logo\":{\"@type\":\"ImageObject\",\"inLanguage\":\"de\",\"@id\":\"https:\/\/legitgrams.com\/#\/schema\/logo\/image\/\",\"url\":\"https:\/\/legitgrams.com\/wp-content\/uploads\/2024\/09\/main-logo.png\",\"contentUrl\":\"https:\/\/legitgrams.com\/wp-content\/uploads\/2024\/09\/main-logo.png\",\"width\":270,\"height\":75,\"caption\":\"Legit Grams\"},\"image\":{\"@id\":\"https:\/\/legitgrams.com\/#\/schema\/logo\/image\/\"}}]}<\/script>\n<!-- \/ Yoast SEO plugin. -->","yoast_head_json":{"title":"4BR PVP online kaufen - 4BR PVP zu verkaufen bei LegitGrams","description":"M\u00f6chten Sie 4br-pvp online kaufen? LegitGrams bietet eine gro\u00dfe Auswahl an 4br-pvp zum Verkauf an. Bestellen Sie jetzt und erhalten Sie 4br-pvp von unserem legitimen Shop jetzt.","robots":{"index":"index","follow":"follow","max-snippet":"max-snippet:-1","max-image-preview":"max-image-preview:large","max-video-preview":"max-video-preview:-1"},"canonical":"https:\/\/legitgrams.com\/de\/produkt\/4brpvp\/","og_locale":"de_DE","og_type":"article","og_title":"Buy 4BR PVP Online - 4BR PVP for Sale at LegitGrams","og_description":"Looking to buy 4br-pvp online? LegitGrams offers a wide range of 4br-pvp for sale. Order now an get 4br-pvp from our legit store right now.","og_url":"https:\/\/legitgrams.com\/de\/produkt\/4brpvp\/","og_site_name":"Legit Grams","article_modified_time":"2025-01-11T11:05:16+00:00","og_image":[{"width":600,"height":600,"url":"https:\/\/legitgrams.com\/wp-content\/uploads\/2024\/08\/4brpvp.gif","type":"image\/gif"}],"twitter_card":"summary_large_image","twitter_misc":{"Gesch\u00e4tzte Lesezeit":"2\u00a0Minuten"},"schema":{"@context":"https:\/\/schema.org","@graph":[{"@type":"WebPage","@id":"https:\/\/legitgrams.com\/product\/4brpvp\/","url":"https:\/\/legitgrams.com\/product\/4brpvp\/","name":"4BR PVP online kaufen - 4BR PVP zu verkaufen bei LegitGrams","isPartOf":{"@id":"https:\/\/legitgrams.com\/#website"},"primaryImageOfPage":{"@id":"https:\/\/legitgrams.com\/product\/4brpvp\/#primaryimage"},"image":{"@id":"https:\/\/legitgrams.com\/product\/4brpvp\/#primaryimage"},"thumbnailUrl":"https:\/\/legitgrams.com\/wp-content\/uploads\/2024\/08\/4brpvp.gif","datePublished":"2024-08-03T05:38:50+00:00","dateModified":"2025-01-11T11:05:16+00:00","description":"M\u00f6chten Sie 4br-pvp online kaufen? LegitGrams bietet eine gro\u00dfe Auswahl an 4br-pvp zum Verkauf an. Bestellen Sie jetzt und erhalten Sie 4br-pvp von unserem legitimen Shop jetzt.","breadcrumb":{"@id":"https:\/\/legitgrams.com\/product\/4brpvp\/#breadcrumb"},"inLanguage":"de","potentialAction":[{"@type":"ReadAction","target":["https:\/\/legitgrams.com\/product\/4brpvp\/"]}]},{"@type":"ImageObject","inLanguage":"de","@id":"https:\/\/legitgrams.com\/product\/4brpvp\/#primaryimage","url":"https:\/\/legitgrams.com\/wp-content\/uploads\/2024\/08\/4brpvp.gif","contentUrl":"https:\/\/legitgrams.com\/wp-content\/uploads\/2024\/08\/4brpvp.gif","width":600,"height":600,"caption":"4BR PVP for Sale"},{"@type":"BreadcrumbList","@id":"https:\/\/legitgrams.com\/product\/4brpvp\/#breadcrumb","itemListElement":[{"@type":"ListItem","position":1,"name":"Home","item":"https:\/\/legitgrams.com\/"},{"@type":"ListItem","position":2,"name":"Shop","item":"https:\/\/legitgrams.com\/shop\/"},{"@type":"ListItem","position":3,"name":"4brpvp"}]},{"@type":"WebSite","@id":"https:\/\/legitgrams.com\/#website","url":"https:\/\/legitgrams.com\/","name":"Legitimer Grammwert","description":"Mein WordPress-Blog","publisher":{"@id":"https:\/\/legitgrams.com\/#organization"},"potentialAction":[{"@type":"SearchAction","target":{"@type":"EntryPoint","urlTemplate":"https:\/\/legitgrams.com\/?s={search_term_string}"},"query-input":{"@type":"PropertyValueSpecification","valueRequired":true,"valueName":"search_term_string"}}],"inLanguage":"de"},{"@type":"Organization","@id":"https:\/\/legitgrams.com\/#organization","name":"Legitimer Grammwert","url":"https:\/\/legitgrams.com\/","logo":{"@type":"ImageObject","inLanguage":"de","@id":"https:\/\/legitgrams.com\/#\/schema\/logo\/image\/","url":"https:\/\/legitgrams.com\/wp-content\/uploads\/2024\/09\/main-logo.png","contentUrl":"https:\/\/legitgrams.com\/wp-content\/uploads\/2024\/09\/main-logo.png","width":270,"height":75,"caption":"Legit Grams"},"image":{"@id":"https:\/\/legitgrams.com\/#\/schema\/logo\/image\/"}}]}},"uagb_featured_image_src":{"full":["https:\/\/legitgrams.com\/wp-content\/uploads\/2024\/08\/4brpvp.gif",600,600,false],"thumbnail":["https:\/\/legitgrams.com\/wp-content\/uploads\/2024\/08\/4brpvp-150x150.gif",150,150,true],"medium":["https:\/\/legitgrams.com\/wp-content\/uploads\/2024\/08\/4brpvp-300x300.gif",300,300,true],"medium_large":["https:\/\/legitgrams.com\/wp-content\/uploads\/2024\/08\/4brpvp.gif",600,600,false],"large":["https:\/\/legitgrams.com\/wp-content\/uploads\/2024\/08\/4brpvp.gif",600,600,false],"1536x1536":["https:\/\/legitgrams.com\/wp-content\/uploads\/2024\/08\/4brpvp.gif",600,600,false],"2048x2048":["https:\/\/legitgrams.com\/wp-content\/uploads\/2024\/08\/4brpvp.gif",600,600,false],"trp-custom-language-flag":["https:\/\/legitgrams.com\/wp-content\/uploads\/2024\/08\/4brpvp-12x12.gif",12,12,true],"woocommerce_thumbnail":["https:\/\/legitgrams.com\/wp-content\/uploads\/2024\/08\/4brpvp-300x300.gif",300,300,true],"woocommerce_single":["https:\/\/legitgrams.com\/wp-content\/uploads\/2024\/08\/4brpvp.gif",600,600,false],"woocommerce_gallery_thumbnail":["https:\/\/legitgrams.com\/wp-content\/uploads\/2024\/08\/4brpvp-100x100.gif",100,100,true]},"uagb_author_info":{"display_name":"cokeblog18","author_link":"https:\/\/legitgrams.com\/de\/author\/"},"uagb_comment_info":0,"uagb_excerpt":"For Sale: 4BR PVP Buy 4BR-PVP Crystals online in Europe. Premium grade, 99.5% pure 4BRPVP is available for purchase. Purchase 3BR-PVP (3BRPVP) crystal powder online from a supplier. Typical recommendations from us include Solids: If the vial is kept correctly sealed and the storage instructions are followed, the product can be kept for up to&hellip;","_links":{"self":[{"href":"https:\/\/legitgrams.com\/de\/wp-json\/wp\/v2\/product\/3283","targetHints":{"allow":["GET"]}}],"collection":[{"href":"https:\/\/legitgrams.com\/de\/wp-json\/wp\/v2\/product"}],"about":[{"href":"https:\/\/legitgrams.com\/de\/wp-json\/wp\/v2\/types\/product"}],"replies":[{"embeddable":true,"href":"https:\/\/legitgrams.com\/de\/wp-json\/wp\/v2\/comments?post=3283"}],"wp:featuredmedia":[{"embeddable":true,"href":"https:\/\/legitgrams.com\/de\/wp-json\/wp\/v2\/media\/3293"}],"wp:attachment":[{"href":"https:\/\/legitgrams.com\/de\/wp-json\/wp\/v2\/media?parent=3283"}],"wp:term":[{"taxonomy":"product_brand","embeddable":true,"href":"https:\/\/legitgrams.com\/de\/wp-json\/wp\/v2\/product_brand?post=3283"},{"taxonomy":"product_cat","embeddable":true,"href":"https:\/\/legitgrams.com\/de\/wp-json\/wp\/v2\/product_cat?post=3283"},{"taxonomy":"product_tag","embeddable":true,"href":"https:\/\/legitgrams.com\/de\/wp-json\/wp\/v2\/product_tag?post=3283"}],"curies":[{"name":"wp","href":"https:\/\/api.w.org\/{rel}","templated":true}]}}