{"id":3286,"date":"2024-08-03T05:38:55","date_gmt":"2024-08-03T05:38:55","guid":{"rendered":"https:\/\/cokebricks.com\/?post_type=product&#038;p=3286"},"modified":"2025-01-14T06:00:18","modified_gmt":"2025-01-14T06:00:18","slug":"hex","status":"publish","type":"product","link":"https:\/\/legitgrams.com\/de\/produkt\/hex\/","title":{"rendered":"Hex"},"content":{"rendered":"<h2>Online-Kauf von HEX (N-Ethylhexedron)<\/h2>\n<p>Kaufen Sie N-Ethylhexedron, auch bekannt als \u03b1-Ethylaminocaprophenon, N-Ethylnorhexedron, Hexen und NEH, ein Stimulans, das zur Cathinon-Klasse geh\u00f6rt und IC50-Werte von 0,0978 bzw. 0,0467 \u03bcM aufweist. Es wirkt als NDRI oder Noradrenalin-Dopamin-Wiederaufnahmehemmer. <a href=\"https:\/\/legitgrams.com\/de\/produkt\/hex\/\">N-Ethylnorhexedron<\/a> wurde in mehreren Patenten erw\u00e4hnt, die Boehringer Ingelheim in den 1960er Jahren anmeldete und die zur Entwicklung des bekannteren Medikaments Methylendioxypyrovaleron (MDPV) beitrugen.<\/p>\n<p>N-Ethylhexedrone verkauft hochwertige Forschungschemikalien online. N-Ethylhexedrone (HEXEN, NEH) ist zu Gro\u00dfhandelspreisen bei einem zuverl\u00e4ssigen Lieferanten erh\u00e4ltlich auf <a href=\"https:\/\/legitgrams.com\/de\/\">LegitGrams<\/a>.<\/p>\n<p><a href=\"https:\/\/en.wikipedia.org\/wiki\/Hex\">HEX<\/a>, oder N-Ethylnorhexedron, ist ein Stimulans, das zur Gruppe der Catehinone geh\u00f6rt. Da das Medikament 2015 erstmals auf den Markt kam, sind Benutzerbewertungen die einzige M\u00f6glichkeit, etwas \u00fcber seine Wirksamkeit zu erfahren.<\/p>\n<h3>HEX online Kaufen.<\/h3>\n<p>N-Ethylhexedron, ein Stimulans aus der Cathinon-Gruppe, wird auch als Hexen, N-Ethylnorhexedron, \u03b1-Ethylaminocaprophenon und NEH bezeichnet. Boehringer Ingelheim bezog sich in den 1960er Jahren in mehreren Patenten auf N-Ethylhexedron, was zur Entwicklung des bekannteren Medikaments Methylendioxypyrovaleron (MDPV) beitrug. Seit Mitte der 2010er Jahre wird N-Ethylhexedron online als Designerdroge zum Verkauf angeboten.<\/p>\n<p>N-Ethylhexedron ist ein Forschungsmolek\u00fcl, das auch als HEX, NEH, a-Ethylaminocaprophenon und N-Ethylnorhexedron bekannt ist.<\/p>\n<p>geh\u00f6rt zur Kategorie der Cathinone.<\/p>\n<h3>HEX online Kaufen.<\/h3>\n<p>Seine Aktivierung wird auf die Eigenschaft von HEX (N-Ethylhexedron; NEH) als NDRI (Noradrenalin-Dopamin-Wiederaufnahmehemmer) zur\u00fcckgef\u00fchrt. ist mit Hexedron vergleichbar, da es eine zus\u00e4tzliche Ethylgruppe an der stickstoffhaltigen Kohlenstoffkette besitzt. Es<\/p>","protected":false},"excerpt":{"rendered":"<p>Online purchase of HEX (N-Ethylhexedrone) Buy, N-ethylhexedrone, also known as \u03b1-ethylaminocaprophenone, N-ethylnorhexedrone, hexene, and NEH, is a stimulant drug that belongs to the cathinone class and has IC50 values of 0.0978 and 0.0467 \u03bcM, respectively. It works as an NDRI, or norepinephrine-dopamine reuptake inhibitor. N-ethylnorhexedrone was mentioned in several patents filed by Boehringer Ingelheim in &hellip;<\/p>\n<p class=\"read-more\"> <a class=\"\" href=\"https:\/\/legitgrams.com\/de\/produkt\/hex\/\"> <span class=\"screen-reader-text\">Hex<\/span> Mehr lesen \"<\/a><\/p>","protected":false},"featured_media":3295,"comment_status":"open","ping_status":"closed","template":"","meta":{"_uag_custom_page_level_css":"","site-sidebar-layout":"default","site-content-layout":"default","ast-global-header-display":"","ast-main-header-display":"","ast-hfb-above-header-display":"","ast-hfb-below-header-display":"","ast-hfb-mobile-header-display":"","site-post-title":"","ast-breadcrumbs-content":"","ast-featured-img":"","footer-sml-layout":"","theme-transparent-header-meta":"default","adv-header-id-meta":"","stick-header-meta":"default","header-above-stick-meta":"","header-main-stick-meta":"","header-below-stick-meta":"","_joinchat":[]},"product_brand":[],"product_cat":[190],"product_tag":[401,402,403,404,393,394,395,396,397,398,399,400],"class_list":{"0":"post-3286","1":"product","2":"type-product","3":"status-publish","4":"has-post-thumbnail","6":"product_cat-cannabinoids","7":"product_tag-hex-cannabinoids","8":"product_tag-hex-cannabinoids-for-sale","9":"product_tag-hex-cannabinoids-reddit","10":"product_tag-hex-chemical","11":"product_tag-hex-powder-australia","12":"product_tag-hex-powder-canada","13":"product_tag-hex-powder-greece","14":"product_tag-hex-powder-kuwait","15":"product_tag-hex-powder-review","16":"product_tag-hex-powder-spain","17":"product_tag-hex-powder-uk","18":"product_tag-hex-powder-usa","19":"desktop-align-left","20":"tablet-align-left","21":"mobile-align-left","22":"ast-product-gallery-layout-horizontal","23":"ast-product-gallery-with-no-image","24":"ast-product-single-variable","25":"ast-product-tabs-layout-horizontal","26":"ast-qv-on-image","28":"first","29":"instock","30":"shipping-taxable","31":"purchasable","32":"product-type-variable"},"yoast_head":"<!-- This site is optimized with the Yoast SEO plugin v25.9 - https:\/\/yoast.com\/wordpress\/plugins\/seo\/ -->\n<title>Hex for Sale Online - Order Hex Powder - Buy Hex Online | LG<\/title>\n<meta name=\"description\" content=\"Here is the chance to grab Hex Powder for sale at cheap prices. Our online Legitgrams store is selling Hex Powder worldwide. Order to buy Hex Powder online soon!\" \/>\n<meta name=\"robots\" content=\"index, follow, max-snippet:-1, max-image-preview:large, max-video-preview:-1\" \/>\n<link rel=\"canonical\" href=\"https:\/\/legitgrams.com\/de\/produkt\/hex\/\" \/>\n<meta property=\"og:locale\" content=\"de_DE\" \/>\n<meta property=\"og:type\" content=\"article\" \/>\n<meta property=\"og:title\" content=\"Hex for Sale Online - Order Hex Powder - Buy Hex Online | LG\" \/>\n<meta property=\"og:description\" content=\"Here is the chance to grab Hex Powder for sale at cheap prices. Our online Legitgrams store is selling Hex Powder worldwide. Order to buy Hex Powder online soon!\" \/>\n<meta property=\"og:url\" content=\"https:\/\/legitgrams.com\/de\/produkt\/hex\/\" \/>\n<meta property=\"og:site_name\" content=\"Legit Grams\" \/>\n<meta property=\"article:modified_time\" content=\"2025-01-14T06:00:18+00:00\" \/>\n<meta property=\"og:image\" content=\"https:\/\/legitgrams.com\/wp-content\/uploads\/2024\/08\/Hex.gif\" \/>\n\t<meta property=\"og:image:width\" content=\"600\" \/>\n\t<meta property=\"og:image:height\" content=\"600\" \/>\n\t<meta property=\"og:image:type\" content=\"image\/gif\" \/>\n<meta name=\"twitter:card\" content=\"summary_large_image\" \/>\n<meta name=\"twitter:label1\" content=\"Gesch\u00e4tzte Lesezeit\" \/>\n\t<meta name=\"twitter:data1\" content=\"2\u00a0Minuten\" \/>\n<script type=\"application\/ld+json\" class=\"yoast-schema-graph\">{\"@context\":\"https:\/\/schema.org\",\"@graph\":[{\"@type\":\"WebPage\",\"@id\":\"https:\/\/legitgrams.com\/product\/hex\/\",\"url\":\"https:\/\/legitgrams.com\/product\/hex\/\",\"name\":\"Hex for Sale Online - Order Hex Powder - Buy Hex Online | LG\",\"isPartOf\":{\"@id\":\"https:\/\/legitgrams.com\/#website\"},\"primaryImageOfPage\":{\"@id\":\"https:\/\/legitgrams.com\/product\/hex\/#primaryimage\"},\"image\":{\"@id\":\"https:\/\/legitgrams.com\/product\/hex\/#primaryimage\"},\"thumbnailUrl\":\"https:\/\/legitgrams.com\/wp-content\/uploads\/2024\/08\/Hex.gif\",\"datePublished\":\"2024-08-03T05:38:55+00:00\",\"dateModified\":\"2025-01-14T06:00:18+00:00\",\"description\":\"Here is the chance to grab Hex Powder for sale at cheap prices. Our online Legitgrams store is selling Hex Powder worldwide. Order to buy Hex Powder online soon!\",\"breadcrumb\":{\"@id\":\"https:\/\/legitgrams.com\/product\/hex\/#breadcrumb\"},\"inLanguage\":\"de\",\"potentialAction\":[{\"@type\":\"ReadAction\",\"target\":[\"https:\/\/legitgrams.com\/product\/hex\/\"]}]},{\"@type\":\"ImageObject\",\"inLanguage\":\"de\",\"@id\":\"https:\/\/legitgrams.com\/product\/hex\/#primaryimage\",\"url\":\"https:\/\/legitgrams.com\/wp-content\/uploads\/2024\/08\/Hex.gif\",\"contentUrl\":\"https:\/\/legitgrams.com\/wp-content\/uploads\/2024\/08\/Hex.gif\",\"width\":600,\"height\":600,\"caption\":\"Hex for Sale Online\"},{\"@type\":\"BreadcrumbList\",\"@id\":\"https:\/\/legitgrams.com\/product\/hex\/#breadcrumb\",\"itemListElement\":[{\"@type\":\"ListItem\",\"position\":1,\"name\":\"Home\",\"item\":\"https:\/\/legitgrams.com\/\"},{\"@type\":\"ListItem\",\"position\":2,\"name\":\"Shop\",\"item\":\"https:\/\/legitgrams.com\/shop\/\"},{\"@type\":\"ListItem\",\"position\":3,\"name\":\"Hex\"}]},{\"@type\":\"WebSite\",\"@id\":\"https:\/\/legitgrams.com\/#website\",\"url\":\"https:\/\/legitgrams.com\/\",\"name\":\"Legit Grams\",\"description\":\"My WordPress Blog\",\"publisher\":{\"@id\":\"https:\/\/legitgrams.com\/#organization\"},\"potentialAction\":[{\"@type\":\"SearchAction\",\"target\":{\"@type\":\"EntryPoint\",\"urlTemplate\":\"https:\/\/legitgrams.com\/?s={search_term_string}\"},\"query-input\":{\"@type\":\"PropertyValueSpecification\",\"valueRequired\":true,\"valueName\":\"search_term_string\"}}],\"inLanguage\":\"de\"},{\"@type\":\"Organization\",\"@id\":\"https:\/\/legitgrams.com\/#organization\",\"name\":\"Legit Grams\",\"url\":\"https:\/\/legitgrams.com\/\",\"logo\":{\"@type\":\"ImageObject\",\"inLanguage\":\"de\",\"@id\":\"https:\/\/legitgrams.com\/#\/schema\/logo\/image\/\",\"url\":\"https:\/\/legitgrams.com\/wp-content\/uploads\/2024\/09\/main-logo.png\",\"contentUrl\":\"https:\/\/legitgrams.com\/wp-content\/uploads\/2024\/09\/main-logo.png\",\"width\":270,\"height\":75,\"caption\":\"Legit Grams\"},\"image\":{\"@id\":\"https:\/\/legitgrams.com\/#\/schema\/logo\/image\/\"}}]}<\/script>\n<!-- \/ Yoast SEO plugin. -->","yoast_head_json":{"title":"Verhexung online verkaufen - Verhexungspulver bestellen - Verhexung online kaufen | LG","description":"Hier ist die Chance, Hex Powder zum Verkauf zu g\u00fcnstigen Preisen zu ergattern. Unser Online-Legitgrams-Shop verkauft Hex Powder weltweit. Bestellen Sie, um Hex Powder bald online zu kaufen!","robots":{"index":"index","follow":"follow","max-snippet":"max-snippet:-1","max-image-preview":"max-image-preview:large","max-video-preview":"max-video-preview:-1"},"canonical":"https:\/\/legitgrams.com\/de\/produkt\/hex\/","og_locale":"de_DE","og_type":"article","og_title":"Hex for Sale Online - Order Hex Powder - Buy Hex Online | LG","og_description":"Here is the chance to grab Hex Powder for sale at cheap prices. Our online Legitgrams store is selling Hex Powder worldwide. Order to buy Hex Powder online soon!","og_url":"https:\/\/legitgrams.com\/de\/produkt\/hex\/","og_site_name":"Legit Grams","article_modified_time":"2025-01-14T06:00:18+00:00","og_image":[{"width":600,"height":600,"url":"https:\/\/legitgrams.com\/wp-content\/uploads\/2024\/08\/Hex.gif","type":"image\/gif"}],"twitter_card":"summary_large_image","twitter_misc":{"Gesch\u00e4tzte Lesezeit":"2\u00a0Minuten"},"schema":{"@context":"https:\/\/schema.org","@graph":[{"@type":"WebPage","@id":"https:\/\/legitgrams.com\/product\/hex\/","url":"https:\/\/legitgrams.com\/product\/hex\/","name":"Verhexung online verkaufen - Verhexungspulver bestellen - Verhexung online kaufen | LG","isPartOf":{"@id":"https:\/\/legitgrams.com\/#website"},"primaryImageOfPage":{"@id":"https:\/\/legitgrams.com\/product\/hex\/#primaryimage"},"image":{"@id":"https:\/\/legitgrams.com\/product\/hex\/#primaryimage"},"thumbnailUrl":"https:\/\/legitgrams.com\/wp-content\/uploads\/2024\/08\/Hex.gif","datePublished":"2024-08-03T05:38:55+00:00","dateModified":"2025-01-14T06:00:18+00:00","description":"Hier ist die Chance, Hex Powder zum Verkauf zu g\u00fcnstigen Preisen zu ergattern. Unser Online-Legitgrams-Shop verkauft Hex Powder weltweit. Bestellen Sie, um Hex Powder bald online zu kaufen!","breadcrumb":{"@id":"https:\/\/legitgrams.com\/product\/hex\/#breadcrumb"},"inLanguage":"de","potentialAction":[{"@type":"ReadAction","target":["https:\/\/legitgrams.com\/product\/hex\/"]}]},{"@type":"ImageObject","inLanguage":"de","@id":"https:\/\/legitgrams.com\/product\/hex\/#primaryimage","url":"https:\/\/legitgrams.com\/wp-content\/uploads\/2024\/08\/Hex.gif","contentUrl":"https:\/\/legitgrams.com\/wp-content\/uploads\/2024\/08\/Hex.gif","width":600,"height":600,"caption":"Hex for Sale Online"},{"@type":"BreadcrumbList","@id":"https:\/\/legitgrams.com\/product\/hex\/#breadcrumb","itemListElement":[{"@type":"ListItem","position":1,"name":"Home","item":"https:\/\/legitgrams.com\/"},{"@type":"ListItem","position":2,"name":"Shop","item":"https:\/\/legitgrams.com\/shop\/"},{"@type":"ListItem","position":3,"name":"Hex"}]},{"@type":"WebSite","@id":"https:\/\/legitgrams.com\/#website","url":"https:\/\/legitgrams.com\/","name":"Legitimer Grammwert","description":"Mein WordPress-Blog","publisher":{"@id":"https:\/\/legitgrams.com\/#organization"},"potentialAction":[{"@type":"SearchAction","target":{"@type":"EntryPoint","urlTemplate":"https:\/\/legitgrams.com\/?s={search_term_string}"},"query-input":{"@type":"PropertyValueSpecification","valueRequired":true,"valueName":"search_term_string"}}],"inLanguage":"de"},{"@type":"Organization","@id":"https:\/\/legitgrams.com\/#organization","name":"Legitimer Grammwert","url":"https:\/\/legitgrams.com\/","logo":{"@type":"ImageObject","inLanguage":"de","@id":"https:\/\/legitgrams.com\/#\/schema\/logo\/image\/","url":"https:\/\/legitgrams.com\/wp-content\/uploads\/2024\/09\/main-logo.png","contentUrl":"https:\/\/legitgrams.com\/wp-content\/uploads\/2024\/09\/main-logo.png","width":270,"height":75,"caption":"Legit Grams"},"image":{"@id":"https:\/\/legitgrams.com\/#\/schema\/logo\/image\/"}}]}},"uagb_featured_image_src":{"full":["https:\/\/legitgrams.com\/wp-content\/uploads\/2024\/08\/Hex.gif",600,600,false],"thumbnail":["https:\/\/legitgrams.com\/wp-content\/uploads\/2024\/08\/Hex-150x150.gif",150,150,true],"medium":["https:\/\/legitgrams.com\/wp-content\/uploads\/2024\/08\/Hex-300x300.gif",300,300,true],"medium_large":["https:\/\/legitgrams.com\/wp-content\/uploads\/2024\/08\/Hex.gif",600,600,false],"large":["https:\/\/legitgrams.com\/wp-content\/uploads\/2024\/08\/Hex.gif",600,600,false],"1536x1536":["https:\/\/legitgrams.com\/wp-content\/uploads\/2024\/08\/Hex.gif",600,600,false],"2048x2048":["https:\/\/legitgrams.com\/wp-content\/uploads\/2024\/08\/Hex.gif",600,600,false],"trp-custom-language-flag":["https:\/\/legitgrams.com\/wp-content\/uploads\/2024\/08\/Hex-12x12.gif",12,12,true],"woocommerce_thumbnail":["https:\/\/legitgrams.com\/wp-content\/uploads\/2024\/08\/Hex-300x300.gif",300,300,true],"woocommerce_single":["https:\/\/legitgrams.com\/wp-content\/uploads\/2024\/08\/Hex.gif",600,600,false],"woocommerce_gallery_thumbnail":["https:\/\/legitgrams.com\/wp-content\/uploads\/2024\/08\/Hex-100x100.gif",100,100,true]},"uagb_author_info":{"display_name":"cokeblog18","author_link":"https:\/\/legitgrams.com\/de\/author\/"},"uagb_comment_info":0,"uagb_excerpt":"Online purchase of HEX (N-Ethylhexedrone) Buy, N-ethylhexedrone, also known as \u03b1-ethylaminocaprophenone, N-ethylnorhexedrone, hexene, and NEH, is a stimulant drug that belongs to the cathinone class and has IC50 values of 0.0978 and 0.0467 \u03bcM, respectively. It works as an NDRI, or norepinephrine-dopamine reuptake inhibitor. N-ethylnorhexedrone was mentioned in several patents filed by Boehringer Ingelheim in&hellip;","_links":{"self":[{"href":"https:\/\/legitgrams.com\/de\/wp-json\/wp\/v2\/product\/3286","targetHints":{"allow":["GET"]}}],"collection":[{"href":"https:\/\/legitgrams.com\/de\/wp-json\/wp\/v2\/product"}],"about":[{"href":"https:\/\/legitgrams.com\/de\/wp-json\/wp\/v2\/types\/product"}],"replies":[{"embeddable":true,"href":"https:\/\/legitgrams.com\/de\/wp-json\/wp\/v2\/comments?post=3286"}],"wp:featuredmedia":[{"embeddable":true,"href":"https:\/\/legitgrams.com\/de\/wp-json\/wp\/v2\/media\/3295"}],"wp:attachment":[{"href":"https:\/\/legitgrams.com\/de\/wp-json\/wp\/v2\/media?parent=3286"}],"wp:term":[{"taxonomy":"product_brand","embeddable":true,"href":"https:\/\/legitgrams.com\/de\/wp-json\/wp\/v2\/product_brand?post=3286"},{"taxonomy":"product_cat","embeddable":true,"href":"https:\/\/legitgrams.com\/de\/wp-json\/wp\/v2\/product_cat?post=3286"},{"taxonomy":"product_tag","embeddable":true,"href":"https:\/\/legitgrams.com\/de\/wp-json\/wp\/v2\/product_tag?post=3286"}],"curies":[{"name":"wp","href":"https:\/\/api.w.org\/{rel}","templated":true}]}}