{"id":3287,"date":"2024-08-03T05:38:59","date_gmt":"2024-08-03T05:38:59","guid":{"rendered":"https:\/\/cokebricks.com\/?post_type=product&#038;p=3287"},"modified":"2025-03-08T06:12:03","modified_gmt":"2025-03-08T06:12:03","slug":"hep","status":"publish","type":"product","link":"https:\/\/legitgrams.com\/de\/produkt\/hep\/","title":{"rendered":"Hep online kaufen"},"content":{"rendered":"<h2>HEP-Pulver online kaufen<\/h2>\n<p><a href=\"https:\/\/www.bing.com\/search?q=Buy%20Hep%20Online&amp;qs=n&amp;form=QBRE&amp;sp=-1&amp;lq=0&amp;pq=buy%20hep%20online&amp;sc=12-14&amp;sk=&amp;cvid=809452217B9E468EA5AA2F607465B585&amp;ghsh=0&amp;ghacc=0&amp;ghpl=\">HEP online kaufen<\/a>Ein Derivat und Ersatz f\u00fcr Pyrovalone ist <a href=\"https:\/\/legitgrams.com\/de\/produkt\/hep\/\">HEP-Pulver online kaufen<\/a>. <a href=\"https:\/\/www.bing.com\/search?q=Buy%20Hep%20Online&amp;qs=n&amp;form=QBRE&amp;sp=-1&amp;lq=0&amp;pq=buy%20hep%20online&amp;sc=12-14&amp;sk=&amp;cvid=809452217B9E468EA5AA2F607465B585&amp;ghsh=0&amp;ghacc=0&amp;ghpl=\">Buy HEP Powder<\/a> . Kaufen Sie HEP-Pulver in gro\u00dfen Mengen direkt vom Hersteller. Ausgezeichnete Produkte, die zu angemessenen Kosten an jeden Ort der Welt geliefert werden.<\/p>\n<p><a href=\"https:\/\/www.google.com\/search?q=Buy+Hep+Online&amp;num=10&amp;sca_esv=1a2a07081c7891bb&amp;rlz=1C1RXQR_enIN1098IN1098&amp;sxsrf=AHTn8zpEPxccdKz4zx2Wcr5mAXZRvLn1lw%3A1741414220776&amp;ei=TN_LZ82ML-vuseMP39GBwQ8&amp;ved=0ahUKEwjN4qTA6fmLAxVrd2wGHd9oIPgQ4dUDCBI&amp;uact=5&amp;oq=Buy+Hep+Online&amp;gs_lp=Egxnd3Mtd2l6LXNlcnAiDkJ1eSBIZXAgT25saW5lSOMGUMUDWMUDcAJ4AJABAJgBsgGgAbIBqgEDMC4xuAEDyAEA-AEC-AEBmAIAoAIAmAMAiAYBkgcAoAepAQ&amp;sclient=gws-wiz-serp\">HEP-Pulver<\/a> HEP-Pulver ist ein Derivat von Pyrovaleron und einem substituierten Cathinon. <a href=\"https:\/\/en.wikipedia.org\/wiki\/HEP\">HEP-Pulver<\/a> erregt derzeit die Aufmerksamkeit der weltweiten Wissenschaftsgemeinschaft, da es viele chemische Eigenschaften mit Pyrovaleron und MDPV gemeinsam hat.<\/p>\n<p><a href=\"https:\/\/www.google.com\/search?q=Buy+Hep+Online&amp;num=10&amp;sca_esv=1a2a07081c7891bb&amp;rlz=1C1RXQR_enIN1098IN1098&amp;sxsrf=AHTn8zpEPxccdKz4zx2Wcr5mAXZRvLn1lw%3A1741414220776&amp;ei=TN_LZ82ML-vuseMP39GBwQ8&amp;ved=0ahUKEwjN4qTA6fmLAxVrd2wGHd9oIPgQ4dUDCBI&amp;uact=5&amp;oq=Buy+Hep+Online&amp;gs_lp=Egxnd3Mtd2l6LXNlcnAiDkJ1eSBIZXAgT25saW5lSOMGUMUDWMUDcAJ4AJABAJgBsgGgAbIBqgEDMC4xuAEDyAEA-AEC-AEBmAIAoAIAmAMAiAYBkgcAoAepAQ&amp;sclient=gws-wiz-serp\">HEP-Pulver<\/a>HEP-Pulver, eine n\u00fctzliche Forschungsalternative zu begehrten, aber normalerweise illegalen Pyrrolidinen wie MDPV oder Piperidin-Familienverbindungen wie Methylphenidat, wird jetzt dank einer neuen Kreation von verkauft <a href=\"https:\/\/legitgrams.com\/de\/\">LegitGrams<\/a>.<\/p>\n<p>You have the fantastic opportunity to acquire <a href=\"https:\/\/duckduckgo.com\/?q=Buy+Hep+Online&amp;t=h_&amp;ia=web\">HEP-Pulver<\/a> from Coke Bricks in a very pure powder form.<\/p>\n<p>zuverl\u00e4ssiger und vertrauensw\u00fcrdiger Lieferant, der es Ihnen erm\u00f6glicht, wissenschaftliche Forschung mit den besten verf\u00fcgbaren Chemikalien durchzuf\u00fchren.<\/p>\n<h3>HEP-Pulver online kaufen<\/h3>\n<p>Die Wirkungen von 2C-B und 2C-I, den beiden bekannten substituierten Phenethylamin-Forschungsverbindungen, die in Alexander Shulgins PiHKAL aufgef\u00fchrt sind, k\u00f6nnten der chemischen Formel nach denen von HEP-Pulver etwas \u00e4hneln.<\/p>\n<p>There may be a strong link between the toxicity of <a href=\"https:\/\/duckduckgo.com\/?q=Buy+Hep+Online&amp;t=h_&amp;ia=web\">HEP-Pulver<\/a> M\u00f6glicherweise besteht ein enger Zusammenhang zwischen der Toxizit\u00e4t von HEP-Pulver und dem 5-HT2A-Rezeptor, was bei der Vorbeugung von Cluster-Kopfschmerzen helfen oder die psychischen Schmerzen lindern k\u00f6nnte, die mit einer Krebserkrankung im Endstadium einhergehen.<\/p>\n<p>Bitte beachten Sie, dass Forschungen mit HEP-Pulver nur unter zugelassenen Laborbedingungen durchgef\u00fchrt werden k\u00f6nnen und dass In-vivo-Untersuchungen an lebenden Tieren verboten sind. <a href=\"https:\/\/duckduckgo.com\/?q=Buy+Hep+Online&amp;t=h_&amp;ia=web\">HEP-Pulver<\/a> Bei Raumtemperatur bis zu zwei Jahre lagerf\u00e4hig. Bitte pr\u00fcfen Sie vor dem Kauf die rechtliche Lage von HEP-Pulver in Ihrem Land.<\/p>\n<p>HEP-Pulver online ist ein Derivat von Pyrovaleron und substituiertem Cathinon. Kaufen Sie HEP-Pulver in gro\u00dfen Mengen direkt vom Hersteller. Kaufen Sie HEP online und Sie erhalten ein fantastisches Produkt zu einem vern\u00fcnftigen Preis, das \u00fcberall auf der Welt geliefert wird.<\/p>","protected":false},"excerpt":{"rendered":"<p>Purchase HEP Powder Online Buy HEP online. A derivative and replacement for pyrovalone is Buy HEP Powder Online. Buy HEP Powder in large quantities straight from the manufacturer. Excellent products delivered at a reasonable cost to any location in the world. HEP powder is a derivative of pyrovalerone and a substituted cathinone. HEP powder is &hellip;<\/p>\n<p class=\"read-more\"> <a class=\"\" href=\"https:\/\/legitgrams.com\/de\/produkt\/hep\/\"> <span class=\"screen-reader-text\">Hep online kaufen<\/span> Mehr lesen \"<\/a><\/p>","protected":false},"featured_media":3296,"comment_status":"open","ping_status":"closed","template":"","meta":{"_uag_custom_page_level_css":"","site-sidebar-layout":"default","site-content-layout":"default","ast-global-header-display":"","ast-main-header-display":"","ast-hfb-above-header-display":"","ast-hfb-below-header-display":"","ast-hfb-mobile-header-display":"","site-post-title":"","ast-breadcrumbs-content":"","ast-featured-img":"","footer-sml-layout":"","theme-transparent-header-meta":"default","adv-header-id-meta":"","stick-header-meta":"default","header-above-stick-meta":"","header-main-stick-meta":"","header-below-stick-meta":"","_joinchat":[]},"product_brand":[],"product_cat":[190],"product_tag":[389,390,391,392,381,382,383,384,385,386,387,388],"class_list":{"0":"post-3287","1":"product","2":"type-product","3":"status-publish","4":"has-post-thumbnail","6":"product_cat-cannabinoids","7":"product_tag-hep-cannabinoids","8":"product_tag-hep-cannabinoids-for-sale","9":"product_tag-hep-cannabinoids-reddit","10":"product_tag-hep-chemical","11":"product_tag-hep-powder-australia","12":"product_tag-hep-powder-canada","13":"product_tag-hep-powder-greece","14":"product_tag-hep-powder-kuwait","15":"product_tag-hep-powder-review","16":"product_tag-hep-powder-spain","17":"product_tag-hep-powder-uk","18":"product_tag-hep-powder-usa","19":"desktop-align-left","20":"tablet-align-left","21":"mobile-align-left","22":"ast-product-gallery-layout-horizontal","23":"ast-product-gallery-with-no-image","24":"ast-product-single-variable","25":"ast-product-tabs-layout-horizontal","26":"ast-qv-on-image","28":"first","29":"instock","30":"shipping-taxable","31":"purchasable","32":"product-type-variable"},"yoast_head":"<!-- This site is optimized with the Yoast SEO plugin v25.9 - https:\/\/yoast.com\/wordpress\/plugins\/seo\/ -->\n<title>HEP for Sale - Buy HEP Powder Online - Order HEP Online | LG<\/title>\n<meta name=\"description\" content=\"Find premium Hep Powder for sale at our online store, providing a secure platform to buy Hep Powder online with ease, catering to your research needs.\" \/>\n<meta name=\"robots\" content=\"index, follow, max-snippet:-1, max-image-preview:large, max-video-preview:-1\" \/>\n<link rel=\"canonical\" href=\"https:\/\/legitgrams.com\/de\/produkt\/hep\/\" \/>\n<meta property=\"og:locale\" content=\"de_DE\" \/>\n<meta property=\"og:type\" content=\"article\" \/>\n<meta property=\"og:title\" content=\"HEP for Sale - Buy HEP Powder Online - Order HEP Online | LG\" \/>\n<meta property=\"og:description\" content=\"Find premium Hep Powder for sale at our online store, providing a secure platform to buy Hep Powder online with ease, catering to your research needs.\" \/>\n<meta property=\"og:url\" content=\"https:\/\/legitgrams.com\/de\/produkt\/hep\/\" \/>\n<meta property=\"og:site_name\" content=\"Legit Grams\" \/>\n<meta property=\"article:modified_time\" content=\"2025-03-08T06:12:03+00:00\" \/>\n<meta property=\"og:image\" content=\"https:\/\/legitgrams.com\/wp-content\/uploads\/2024\/08\/Hep.gif\" \/>\n\t<meta property=\"og:image:width\" content=\"600\" \/>\n\t<meta property=\"og:image:height\" content=\"600\" \/>\n\t<meta property=\"og:image:type\" content=\"image\/gif\" \/>\n<meta name=\"twitter:card\" content=\"summary_large_image\" \/>\n<meta name=\"twitter:label1\" content=\"Gesch\u00e4tzte Lesezeit\" \/>\n\t<meta name=\"twitter:data1\" content=\"2\u00a0Minuten\" \/>\n<script type=\"application\/ld+json\" class=\"yoast-schema-graph\">{\"@context\":\"https:\/\/schema.org\",\"@graph\":[{\"@type\":\"WebPage\",\"@id\":\"https:\/\/legitgrams.com\/product\/hep\/\",\"url\":\"https:\/\/legitgrams.com\/product\/hep\/\",\"name\":\"HEP for Sale - Buy HEP Powder Online - Order HEP Online | LG\",\"isPartOf\":{\"@id\":\"https:\/\/legitgrams.com\/#website\"},\"primaryImageOfPage\":{\"@id\":\"https:\/\/legitgrams.com\/product\/hep\/#primaryimage\"},\"image\":{\"@id\":\"https:\/\/legitgrams.com\/product\/hep\/#primaryimage\"},\"thumbnailUrl\":\"https:\/\/legitgrams.com\/wp-content\/uploads\/2024\/08\/Hep.gif\",\"datePublished\":\"2024-08-03T05:38:59+00:00\",\"dateModified\":\"2025-03-08T06:12:03+00:00\",\"description\":\"Find premium Hep Powder for sale at our online store, providing a secure platform to buy Hep Powder online with ease, catering to your research needs.\",\"breadcrumb\":{\"@id\":\"https:\/\/legitgrams.com\/product\/hep\/#breadcrumb\"},\"inLanguage\":\"de\",\"potentialAction\":[{\"@type\":\"ReadAction\",\"target\":[\"https:\/\/legitgrams.com\/product\/hep\/\"]}]},{\"@type\":\"ImageObject\",\"inLanguage\":\"de\",\"@id\":\"https:\/\/legitgrams.com\/product\/hep\/#primaryimage\",\"url\":\"https:\/\/legitgrams.com\/wp-content\/uploads\/2024\/08\/Hep.gif\",\"contentUrl\":\"https:\/\/legitgrams.com\/wp-content\/uploads\/2024\/08\/Hep.gif\",\"width\":600,\"height\":600,\"caption\":\"HEP for Sale\"},{\"@type\":\"BreadcrumbList\",\"@id\":\"https:\/\/legitgrams.com\/product\/hep\/#breadcrumb\",\"itemListElement\":[{\"@type\":\"ListItem\",\"position\":1,\"name\":\"Home\",\"item\":\"https:\/\/legitgrams.com\/\"},{\"@type\":\"ListItem\",\"position\":2,\"name\":\"Shop\",\"item\":\"https:\/\/legitgrams.com\/shop\/\"},{\"@type\":\"ListItem\",\"position\":3,\"name\":\"Buy Hep Online\"}]},{\"@type\":\"WebSite\",\"@id\":\"https:\/\/legitgrams.com\/#website\",\"url\":\"https:\/\/legitgrams.com\/\",\"name\":\"Legit Grams\",\"description\":\"My WordPress Blog\",\"publisher\":{\"@id\":\"https:\/\/legitgrams.com\/#organization\"},\"potentialAction\":[{\"@type\":\"SearchAction\",\"target\":{\"@type\":\"EntryPoint\",\"urlTemplate\":\"https:\/\/legitgrams.com\/?s={search_term_string}\"},\"query-input\":{\"@type\":\"PropertyValueSpecification\",\"valueRequired\":true,\"valueName\":\"search_term_string\"}}],\"inLanguage\":\"de\"},{\"@type\":\"Organization\",\"@id\":\"https:\/\/legitgrams.com\/#organization\",\"name\":\"Legit Grams\",\"url\":\"https:\/\/legitgrams.com\/\",\"logo\":{\"@type\":\"ImageObject\",\"inLanguage\":\"de\",\"@id\":\"https:\/\/legitgrams.com\/#\/schema\/logo\/image\/\",\"url\":\"https:\/\/legitgrams.com\/wp-content\/uploads\/2024\/09\/main-logo.png\",\"contentUrl\":\"https:\/\/legitgrams.com\/wp-content\/uploads\/2024\/09\/main-logo.png\",\"width\":270,\"height\":75,\"caption\":\"Legit Grams\"},\"image\":{\"@id\":\"https:\/\/legitgrams.com\/#\/schema\/logo\/image\/\"}}]}<\/script>\n<!-- \/ Yoast SEO plugin. -->","yoast_head_json":{"title":"HEP zu verkaufen - HEP-Pulver online kaufen - HEP online bestellen | LG","description":"Finden Sie Premium Hep Powder zum Verkauf in unserem Online-Shop, der eine sichere Plattform bietet, um Hep Powder online mit Leichtigkeit zu kaufen, um Ihren Forschungsbedarf zu decken.","robots":{"index":"index","follow":"follow","max-snippet":"max-snippet:-1","max-image-preview":"max-image-preview:large","max-video-preview":"max-video-preview:-1"},"canonical":"https:\/\/legitgrams.com\/de\/produkt\/hep\/","og_locale":"de_DE","og_type":"article","og_title":"HEP for Sale - Buy HEP Powder Online - Order HEP Online | LG","og_description":"Find premium Hep Powder for sale at our online store, providing a secure platform to buy Hep Powder online with ease, catering to your research needs.","og_url":"https:\/\/legitgrams.com\/de\/produkt\/hep\/","og_site_name":"Legit Grams","article_modified_time":"2025-03-08T06:12:03+00:00","og_image":[{"width":600,"height":600,"url":"https:\/\/legitgrams.com\/wp-content\/uploads\/2024\/08\/Hep.gif","type":"image\/gif"}],"twitter_card":"summary_large_image","twitter_misc":{"Gesch\u00e4tzte Lesezeit":"2\u00a0Minuten"},"schema":{"@context":"https:\/\/schema.org","@graph":[{"@type":"WebPage","@id":"https:\/\/legitgrams.com\/product\/hep\/","url":"https:\/\/legitgrams.com\/product\/hep\/","name":"HEP zu verkaufen - HEP-Pulver online kaufen - HEP online bestellen | LG","isPartOf":{"@id":"https:\/\/legitgrams.com\/#website"},"primaryImageOfPage":{"@id":"https:\/\/legitgrams.com\/product\/hep\/#primaryimage"},"image":{"@id":"https:\/\/legitgrams.com\/product\/hep\/#primaryimage"},"thumbnailUrl":"https:\/\/legitgrams.com\/wp-content\/uploads\/2024\/08\/Hep.gif","datePublished":"2024-08-03T05:38:59+00:00","dateModified":"2025-03-08T06:12:03+00:00","description":"Finden Sie Premium Hep Powder zum Verkauf in unserem Online-Shop, der eine sichere Plattform bietet, um Hep Powder online mit Leichtigkeit zu kaufen, um Ihren Forschungsbedarf zu decken.","breadcrumb":{"@id":"https:\/\/legitgrams.com\/product\/hep\/#breadcrumb"},"inLanguage":"de","potentialAction":[{"@type":"ReadAction","target":["https:\/\/legitgrams.com\/product\/hep\/"]}]},{"@type":"ImageObject","inLanguage":"de","@id":"https:\/\/legitgrams.com\/product\/hep\/#primaryimage","url":"https:\/\/legitgrams.com\/wp-content\/uploads\/2024\/08\/Hep.gif","contentUrl":"https:\/\/legitgrams.com\/wp-content\/uploads\/2024\/08\/Hep.gif","width":600,"height":600,"caption":"HEP for Sale"},{"@type":"BreadcrumbList","@id":"https:\/\/legitgrams.com\/product\/hep\/#breadcrumb","itemListElement":[{"@type":"ListItem","position":1,"name":"Home","item":"https:\/\/legitgrams.com\/"},{"@type":"ListItem","position":2,"name":"Shop","item":"https:\/\/legitgrams.com\/shop\/"},{"@type":"ListItem","position":3,"name":"Buy Hep Online"}]},{"@type":"WebSite","@id":"https:\/\/legitgrams.com\/#website","url":"https:\/\/legitgrams.com\/","name":"Legitimer Grammwert","description":"Mein WordPress-Blog","publisher":{"@id":"https:\/\/legitgrams.com\/#organization"},"potentialAction":[{"@type":"SearchAction","target":{"@type":"EntryPoint","urlTemplate":"https:\/\/legitgrams.com\/?s={search_term_string}"},"query-input":{"@type":"PropertyValueSpecification","valueRequired":true,"valueName":"search_term_string"}}],"inLanguage":"de"},{"@type":"Organization","@id":"https:\/\/legitgrams.com\/#organization","name":"Legitimer Grammwert","url":"https:\/\/legitgrams.com\/","logo":{"@type":"ImageObject","inLanguage":"de","@id":"https:\/\/legitgrams.com\/#\/schema\/logo\/image\/","url":"https:\/\/legitgrams.com\/wp-content\/uploads\/2024\/09\/main-logo.png","contentUrl":"https:\/\/legitgrams.com\/wp-content\/uploads\/2024\/09\/main-logo.png","width":270,"height":75,"caption":"Legit Grams"},"image":{"@id":"https:\/\/legitgrams.com\/#\/schema\/logo\/image\/"}}]}},"uagb_featured_image_src":{"full":["https:\/\/legitgrams.com\/wp-content\/uploads\/2024\/08\/Hep.gif",600,600,false],"thumbnail":["https:\/\/legitgrams.com\/wp-content\/uploads\/2024\/08\/Hep-150x150.gif",150,150,true],"medium":["https:\/\/legitgrams.com\/wp-content\/uploads\/2024\/08\/Hep-300x300.gif",300,300,true],"medium_large":["https:\/\/legitgrams.com\/wp-content\/uploads\/2024\/08\/Hep.gif",600,600,false],"large":["https:\/\/legitgrams.com\/wp-content\/uploads\/2024\/08\/Hep.gif",600,600,false],"1536x1536":["https:\/\/legitgrams.com\/wp-content\/uploads\/2024\/08\/Hep.gif",600,600,false],"2048x2048":["https:\/\/legitgrams.com\/wp-content\/uploads\/2024\/08\/Hep.gif",600,600,false],"trp-custom-language-flag":["https:\/\/legitgrams.com\/wp-content\/uploads\/2024\/08\/Hep-12x12.gif",12,12,true],"woocommerce_thumbnail":["https:\/\/legitgrams.com\/wp-content\/uploads\/2024\/08\/Hep-300x300.gif",300,300,true],"woocommerce_single":["https:\/\/legitgrams.com\/wp-content\/uploads\/2024\/08\/Hep.gif",600,600,false],"woocommerce_gallery_thumbnail":["https:\/\/legitgrams.com\/wp-content\/uploads\/2024\/08\/Hep-100x100.gif",100,100,true]},"uagb_author_info":{"display_name":"cokeblog18","author_link":"https:\/\/legitgrams.com\/de\/author\/"},"uagb_comment_info":0,"uagb_excerpt":"Purchase HEP Powder Online Buy HEP online. A derivative and replacement for pyrovalone is Buy HEP Powder Online. Buy HEP Powder in large quantities straight from the manufacturer. Excellent products delivered at a reasonable cost to any location in the world. HEP powder is a derivative of pyrovalerone and a substituted cathinone. HEP powder is&hellip;","_links":{"self":[{"href":"https:\/\/legitgrams.com\/de\/wp-json\/wp\/v2\/product\/3287","targetHints":{"allow":["GET"]}}],"collection":[{"href":"https:\/\/legitgrams.com\/de\/wp-json\/wp\/v2\/product"}],"about":[{"href":"https:\/\/legitgrams.com\/de\/wp-json\/wp\/v2\/types\/product"}],"replies":[{"embeddable":true,"href":"https:\/\/legitgrams.com\/de\/wp-json\/wp\/v2\/comments?post=3287"}],"wp:featuredmedia":[{"embeddable":true,"href":"https:\/\/legitgrams.com\/de\/wp-json\/wp\/v2\/media\/3296"}],"wp:attachment":[{"href":"https:\/\/legitgrams.com\/de\/wp-json\/wp\/v2\/media?parent=3287"}],"wp:term":[{"taxonomy":"product_brand","embeddable":true,"href":"https:\/\/legitgrams.com\/de\/wp-json\/wp\/v2\/product_brand?post=3287"},{"taxonomy":"product_cat","embeddable":true,"href":"https:\/\/legitgrams.com\/de\/wp-json\/wp\/v2\/product_cat?post=3287"},{"taxonomy":"product_tag","embeddable":true,"href":"https:\/\/legitgrams.com\/de\/wp-json\/wp\/v2\/product_tag?post=3287"}],"curies":[{"name":"wp","href":"https:\/\/api.w.org\/{rel}","templated":true}]}}