{"id":3301,"date":"2024-08-03T05:48:33","date_gmt":"2024-08-03T05:48:33","guid":{"rendered":"https:\/\/cokebricks.com\/?post_type=product&#038;p=3301"},"modified":"2025-01-14T04:15:22","modified_gmt":"2025-01-14T04:15:22","slug":"eutylon","status":"publish","type":"product","link":"https:\/\/legitgrams.com\/de\/produkt\/eutylon\/","title":{"rendered":"EUTYLON"},"content":{"rendered":"<h2>Zu verkaufen: Eutylone<\/h2>\n<p>Kaufen Sie Eutylone online, die Sind Sie wirklich auf der Suche nach einem vertrauensw\u00fcrdigen <a href=\"https:\/\/legitgrams.com\/de\/produkt\/eutylon\/\">Euthylon<\/a> Verk\u00e4ufer? Sie sind am richtigen Ort! Die beste Art von Eutylon ist jetzt zum Kauf erh\u00e4ltlich. Wir bieten sorgf\u00e4ltigen Versand und unauff\u00e4llige Verpackung. Eutylon, ein potenzielles Planermedikament, hat Hilfsmerkmale gemeinsam mit Cathinon, Pyrovaleron und Amphetaminen. Bei diesen Mischungen werden h\u00e4ufig entaktogene oder stimulierende psychoaktive Wirkungen beobachtet. Kriminologie ist das Ziel dieses Artikels. <a href=\"https:\/\/legitgrams.com\/de\/\">LegitGrams<\/a><\/p>\n<h3>Kaufen Sie Eutylone online: Verkauf von Eutylone<\/h3>\n<p><a href=\"https:\/\/en.wikipedia.org\/wiki\/Eutylone\">Euthylon<\/a>, das nicht mit Ethylon verwechselt werden darf, ist ein neuartiges Planer-Medikament, das 1960 entdeckt wurde und als Stimulans wirkt. Die F\u00e4higkeit des menschlichen Gehirns, zu funktionieren und positive Emotionen zu erzeugen, wird oft durch Stimulans-Medikamente verbessert. Normalerweise verwenden Menschen diese Substanzen sowohl zu Freizeit- als auch zu medizinischen Zwecken. Bei der Einnahme gr\u00f6\u00dferer Dosen dieser Medikamente ist jedoch aufgrund ihrer Suchtgefahr gro\u00dfe Vorsicht geboten. Experten haben die Medikamente der Cathinon-Klasse und die Klasse selbst auf die geplante Liste von Medikamenten gesetzt, deren Herstellung und Verwendung f\u00fcr menschliche Zwecke aufgrund dieser Missbrauchsgefahr verboten ist.<\/p>\n<h3>Was ist das Medikament Euthylone?<\/h3>\n<p>Euthylon-Kristalle f\u00fcr den Einzelhandel sind auch als BK EDBP oder N-Ethylbutylon bekannt. Aufgrund seiner \u00c4hnlichkeit mit dem Medikament Ethylon geh\u00f6rt es zur Cathinon-Klasse. Das zentrale Angstsystem des K\u00f6rpers wird durch das Stimulans Ethylon beeinflusst. Es hat typischerweise eine durchscheinende Struktur und einen blassgelben Farbton. Zur Herstellung des Medikaments werden orale Verfahren verwendet. Langfristiger Gebrauch des Medikaments kann zu dauerhafter Abh\u00e4ngigkeit f\u00fchren, und es besteht eine hohe Wahrscheinlichkeit eines zwanghaften Konsums. Der synthetische Name des Medikaments lautet \u201e\u03b2-Keto-1, 3-Benzodioxolyl-N-Ethylbutanamin\u201c und seine Molek\u00fclformel lautet \u201eC13H17NO3\u201c. Die subatomare Ladung von Euthylon betr\u00e4gt 235,278 g\/mol. Abh\u00e4ngig von den Konstruktionsstandards der Physiker kann die Reinheit des Euthylon-Edelsteins schwanken, aber in seinen besten Konfigurationen liegt sie zwischen 97 und 98 %.<\/p>\n<h3>Wo erh\u00e4ltlich<\/h3>\n<p>Euthylone ist in physischen Gesch\u00e4ften weltweit f\u00fcr Forschungszwecke oder als verschreibungspflichtiges Medikament bei Ihrem Hausarzt erh\u00e4ltlich. Da sie mehr Flexibilit\u00e4t und eine einfachere Lieferung bieten, kann es auch bei vielen Online-H\u00e4ndlern gekauft werden. Euthylone ist in unserem Online-Shop f\u00fcr Privatpersonen, medizinische Experten, Apotheken und Fachleute auf der ganzen Welt erh\u00e4ltlich. Wir k\u00f6nnen unsere Besitzt\u00fcmer dank unserer allgemeinen F\u00e4higkeit, sie pr\u00e4zise zu liefern, \u00fcberall auf der Welt hinbringen. Im Folgenden sind einige der \u00fcberzeugendsten Gr\u00fcnde aufgef\u00fchrt, warum Sie bei uns kaufen sollten:<\/p>\n<h3>Eutylone kann online gekauft werden.<\/h3>\n<p>In den meisten L\u00e4ndern der Welt ist Eutylon, das zum Kauf angeboten wird, aufgrund des hohen Risikos einer Drogenabh\u00e4ngigkeit bei Einzelpersonen ein reserviertes Medikament. Seine Herstellung, Verteilung und illegale Verwendung erfolgten alle illegal und ohne die erforderliche Genehmigung der zust\u00e4ndigen Beh\u00f6rden.<\/p>","protected":false},"excerpt":{"rendered":"<p>For sale: Eutylone Buy eutylone online, which Are you really looking for a trustworthy Euthylone seller? You&#8217;re in the ideal location! The best type of eutylone is available for purchase right now. We offer careful shipping and inconspicuous packaging. Eutylone, a potential planner drug, has auxiliary highlights in common with cathinone, pyrovalerone, and amphetamines. Entactogenic &hellip;<\/p>\n<p class=\"read-more\"> <a class=\"\" href=\"https:\/\/legitgrams.com\/de\/produkt\/eutylon\/\"> <span class=\"screen-reader-text\">EUTYLON<\/span> Mehr lesen \"<\/a><\/p>","protected":false},"featured_media":3315,"comment_status":"open","ping_status":"closed","template":"","meta":{"_uag_custom_page_level_css":"","site-sidebar-layout":"default","site-content-layout":"default","ast-global-header-display":"","ast-main-header-display":"","ast-hfb-above-header-display":"","ast-hfb-below-header-display":"","ast-hfb-mobile-header-display":"","site-post-title":"","ast-breadcrumbs-content":"","ast-featured-img":"","footer-sml-layout":"","theme-transparent-header-meta":"default","adv-header-id-meta":"","stick-header-meta":"default","header-above-stick-meta":"","header-main-stick-meta":"","header-below-stick-meta":"","_joinchat":[]},"product_brand":[],"product_cat":[190],"product_tag":[353,354,355,356,345,346,347,348,349,350,351,352],"class_list":{"0":"post-3301","1":"product","2":"type-product","3":"status-publish","4":"has-post-thumbnail","6":"product_cat-cannabinoids","7":"product_tag-eutylone-cannabinoids","8":"product_tag-eutylone-cannabinoids-for-sale","9":"product_tag-eutylone-cannabinoids-reddit","10":"product_tag-eutylone-chemical","11":"product_tag-eutylone-powder-australia","12":"product_tag-eutylone-powder-canada","13":"product_tag-eutylone-powder-greece","14":"product_tag-eutylone-powder-kuwait","15":"product_tag-eutylone-powder-review","16":"product_tag-eutylone-powder-spain","17":"product_tag-eutylone-powder-uk","18":"product_tag-eutylone-powder-usa","19":"desktop-align-left","20":"tablet-align-left","21":"mobile-align-left","22":"ast-product-gallery-layout-horizontal","23":"ast-product-gallery-with-no-image","24":"ast-product-single-variable","25":"ast-product-tabs-layout-horizontal","26":"ast-qv-on-image","28":"first","29":"instock","30":"shipping-taxable","31":"purchasable","32":"product-type-variable"},"yoast_head":"<!-- This site is optimized with the Yoast SEO plugin v25.9 - https:\/\/yoast.com\/wordpress\/plugins\/seo\/ -->\n<title>Buy Eutylone Online - Eutylone for Sale | LegitGrams<\/title>\n<meta name=\"description\" content=\"Looking for a reliable source to buy EUTYLONE Powder online? Your search ends here. Order EUTYLONE Powder online from our trusted store and enjoy a seamless buying process tailored for your research needs.\" \/>\n<meta name=\"robots\" content=\"index, follow, max-snippet:-1, max-image-preview:large, max-video-preview:-1\" \/>\n<link rel=\"canonical\" href=\"https:\/\/legitgrams.com\/de\/produkt\/eutylon\/\" \/>\n<meta property=\"og:locale\" content=\"de_DE\" \/>\n<meta property=\"og:type\" content=\"article\" \/>\n<meta property=\"og:title\" content=\"Buy Eutylone Online - Eutylone for Sale | LegitGrams\" \/>\n<meta property=\"og:description\" content=\"Looking for a reliable source to buy EUTYLONE Powder online? Your search ends here. Order EUTYLONE Powder online from our trusted store and enjoy a seamless buying process tailored for your research needs.\" \/>\n<meta property=\"og:url\" content=\"https:\/\/legitgrams.com\/de\/produkt\/eutylon\/\" \/>\n<meta property=\"og:site_name\" content=\"Legit Grams\" \/>\n<meta property=\"article:modified_time\" content=\"2025-01-14T04:15:22+00:00\" \/>\n<meta property=\"og:image\" content=\"https:\/\/legitgrams.com\/wp-content\/uploads\/2024\/08\/EUTYLONE.gif\" \/>\n\t<meta property=\"og:image:width\" content=\"600\" \/>\n\t<meta property=\"og:image:height\" content=\"600\" \/>\n\t<meta property=\"og:image:type\" content=\"image\/gif\" \/>\n<meta name=\"twitter:card\" content=\"summary_large_image\" \/>\n<meta name=\"twitter:label1\" content=\"Gesch\u00e4tzte Lesezeit\" \/>\n\t<meta name=\"twitter:data1\" content=\"3\u00a0Minuten\" \/>\n<script type=\"application\/ld+json\" class=\"yoast-schema-graph\">{\"@context\":\"https:\/\/schema.org\",\"@graph\":[{\"@type\":\"WebPage\",\"@id\":\"https:\/\/legitgrams.com\/product\/eutylone\/\",\"url\":\"https:\/\/legitgrams.com\/product\/eutylone\/\",\"name\":\"Buy Eutylone Online - Eutylone for Sale | LegitGrams\",\"isPartOf\":{\"@id\":\"https:\/\/legitgrams.com\/#website\"},\"primaryImageOfPage\":{\"@id\":\"https:\/\/legitgrams.com\/product\/eutylone\/#primaryimage\"},\"image\":{\"@id\":\"https:\/\/legitgrams.com\/product\/eutylone\/#primaryimage\"},\"thumbnailUrl\":\"https:\/\/legitgrams.com\/wp-content\/uploads\/2024\/08\/EUTYLONE.gif\",\"datePublished\":\"2024-08-03T05:48:33+00:00\",\"dateModified\":\"2025-01-14T04:15:22+00:00\",\"description\":\"Looking for a reliable source to buy EUTYLONE Powder online? Your search ends here. Order EUTYLONE Powder online from our trusted store and enjoy a seamless buying process tailored for your research needs.\",\"breadcrumb\":{\"@id\":\"https:\/\/legitgrams.com\/product\/eutylone\/#breadcrumb\"},\"inLanguage\":\"de\",\"potentialAction\":[{\"@type\":\"ReadAction\",\"target\":[\"https:\/\/legitgrams.com\/product\/eutylone\/\"]}]},{\"@type\":\"ImageObject\",\"inLanguage\":\"de\",\"@id\":\"https:\/\/legitgrams.com\/product\/eutylone\/#primaryimage\",\"url\":\"https:\/\/legitgrams.com\/wp-content\/uploads\/2024\/08\/EUTYLONE.gif\",\"contentUrl\":\"https:\/\/legitgrams.com\/wp-content\/uploads\/2024\/08\/EUTYLONE.gif\",\"width\":600,\"height\":600,\"caption\":\"Eutylone for sale\"},{\"@type\":\"BreadcrumbList\",\"@id\":\"https:\/\/legitgrams.com\/product\/eutylone\/#breadcrumb\",\"itemListElement\":[{\"@type\":\"ListItem\",\"position\":1,\"name\":\"Home\",\"item\":\"https:\/\/legitgrams.com\/\"},{\"@type\":\"ListItem\",\"position\":2,\"name\":\"Shop\",\"item\":\"https:\/\/legitgrams.com\/shop\/\"},{\"@type\":\"ListItem\",\"position\":3,\"name\":\"EUTYLONE\"}]},{\"@type\":\"WebSite\",\"@id\":\"https:\/\/legitgrams.com\/#website\",\"url\":\"https:\/\/legitgrams.com\/\",\"name\":\"Legit Grams\",\"description\":\"My WordPress Blog\",\"publisher\":{\"@id\":\"https:\/\/legitgrams.com\/#organization\"},\"potentialAction\":[{\"@type\":\"SearchAction\",\"target\":{\"@type\":\"EntryPoint\",\"urlTemplate\":\"https:\/\/legitgrams.com\/?s={search_term_string}\"},\"query-input\":{\"@type\":\"PropertyValueSpecification\",\"valueRequired\":true,\"valueName\":\"search_term_string\"}}],\"inLanguage\":\"de\"},{\"@type\":\"Organization\",\"@id\":\"https:\/\/legitgrams.com\/#organization\",\"name\":\"Legit Grams\",\"url\":\"https:\/\/legitgrams.com\/\",\"logo\":{\"@type\":\"ImageObject\",\"inLanguage\":\"de\",\"@id\":\"https:\/\/legitgrams.com\/#\/schema\/logo\/image\/\",\"url\":\"https:\/\/legitgrams.com\/wp-content\/uploads\/2024\/09\/main-logo.png\",\"contentUrl\":\"https:\/\/legitgrams.com\/wp-content\/uploads\/2024\/09\/main-logo.png\",\"width\":270,\"height\":75,\"caption\":\"Legit Grams\"},\"image\":{\"@id\":\"https:\/\/legitgrams.com\/#\/schema\/logo\/image\/\"}}]}<\/script>\n<!-- \/ Yoast SEO plugin. -->","yoast_head_json":{"title":"Eutylone online kaufen - Eutylone zu verkaufen | LegitGrams","description":"Sie suchen eine zuverl\u00e4ssige Quelle, um EUTYLONE Powder online zu kaufen? Ihre Suche endet hier. Bestellen Sie EUTYLONE Powder online in unserem vertrauensw\u00fcrdigen Shop und genie\u00dfen Sie einen nahtlosen Kaufprozess, der auf Ihre Forschungsbed\u00fcrfnisse zugeschnitten ist.","robots":{"index":"index","follow":"follow","max-snippet":"max-snippet:-1","max-image-preview":"max-image-preview:large","max-video-preview":"max-video-preview:-1"},"canonical":"https:\/\/legitgrams.com\/de\/produkt\/eutylon\/","og_locale":"de_DE","og_type":"article","og_title":"Buy Eutylone Online - Eutylone for Sale | LegitGrams","og_description":"Looking for a reliable source to buy EUTYLONE Powder online? Your search ends here. Order EUTYLONE Powder online from our trusted store and enjoy a seamless buying process tailored for your research needs.","og_url":"https:\/\/legitgrams.com\/de\/produkt\/eutylon\/","og_site_name":"Legit Grams","article_modified_time":"2025-01-14T04:15:22+00:00","og_image":[{"width":600,"height":600,"url":"https:\/\/legitgrams.com\/wp-content\/uploads\/2024\/08\/EUTYLONE.gif","type":"image\/gif"}],"twitter_card":"summary_large_image","twitter_misc":{"Gesch\u00e4tzte Lesezeit":"3\u00a0Minuten"},"schema":{"@context":"https:\/\/schema.org","@graph":[{"@type":"WebPage","@id":"https:\/\/legitgrams.com\/product\/eutylone\/","url":"https:\/\/legitgrams.com\/product\/eutylone\/","name":"Eutylone online kaufen - Eutylone zu verkaufen | LegitGrams","isPartOf":{"@id":"https:\/\/legitgrams.com\/#website"},"primaryImageOfPage":{"@id":"https:\/\/legitgrams.com\/product\/eutylone\/#primaryimage"},"image":{"@id":"https:\/\/legitgrams.com\/product\/eutylone\/#primaryimage"},"thumbnailUrl":"https:\/\/legitgrams.com\/wp-content\/uploads\/2024\/08\/EUTYLONE.gif","datePublished":"2024-08-03T05:48:33+00:00","dateModified":"2025-01-14T04:15:22+00:00","description":"Sie suchen eine zuverl\u00e4ssige Quelle, um EUTYLONE Powder online zu kaufen? Ihre Suche endet hier. Bestellen Sie EUTYLONE Powder online in unserem vertrauensw\u00fcrdigen Shop und genie\u00dfen Sie einen nahtlosen Kaufprozess, der auf Ihre Forschungsbed\u00fcrfnisse zugeschnitten ist.","breadcrumb":{"@id":"https:\/\/legitgrams.com\/product\/eutylone\/#breadcrumb"},"inLanguage":"de","potentialAction":[{"@type":"ReadAction","target":["https:\/\/legitgrams.com\/product\/eutylone\/"]}]},{"@type":"ImageObject","inLanguage":"de","@id":"https:\/\/legitgrams.com\/product\/eutylone\/#primaryimage","url":"https:\/\/legitgrams.com\/wp-content\/uploads\/2024\/08\/EUTYLONE.gif","contentUrl":"https:\/\/legitgrams.com\/wp-content\/uploads\/2024\/08\/EUTYLONE.gif","width":600,"height":600,"caption":"Eutylone for sale"},{"@type":"BreadcrumbList","@id":"https:\/\/legitgrams.com\/product\/eutylone\/#breadcrumb","itemListElement":[{"@type":"ListItem","position":1,"name":"Home","item":"https:\/\/legitgrams.com\/"},{"@type":"ListItem","position":2,"name":"Shop","item":"https:\/\/legitgrams.com\/shop\/"},{"@type":"ListItem","position":3,"name":"EUTYLONE"}]},{"@type":"WebSite","@id":"https:\/\/legitgrams.com\/#website","url":"https:\/\/legitgrams.com\/","name":"Legitimer Grammwert","description":"Mein WordPress-Blog","publisher":{"@id":"https:\/\/legitgrams.com\/#organization"},"potentialAction":[{"@type":"SearchAction","target":{"@type":"EntryPoint","urlTemplate":"https:\/\/legitgrams.com\/?s={search_term_string}"},"query-input":{"@type":"PropertyValueSpecification","valueRequired":true,"valueName":"search_term_string"}}],"inLanguage":"de"},{"@type":"Organization","@id":"https:\/\/legitgrams.com\/#organization","name":"Legitimer Grammwert","url":"https:\/\/legitgrams.com\/","logo":{"@type":"ImageObject","inLanguage":"de","@id":"https:\/\/legitgrams.com\/#\/schema\/logo\/image\/","url":"https:\/\/legitgrams.com\/wp-content\/uploads\/2024\/09\/main-logo.png","contentUrl":"https:\/\/legitgrams.com\/wp-content\/uploads\/2024\/09\/main-logo.png","width":270,"height":75,"caption":"Legit Grams"},"image":{"@id":"https:\/\/legitgrams.com\/#\/schema\/logo\/image\/"}}]}},"uagb_featured_image_src":{"full":["https:\/\/legitgrams.com\/wp-content\/uploads\/2024\/08\/EUTYLONE.gif",600,600,false],"thumbnail":["https:\/\/legitgrams.com\/wp-content\/uploads\/2024\/08\/EUTYLONE-150x150.gif",150,150,true],"medium":["https:\/\/legitgrams.com\/wp-content\/uploads\/2024\/08\/EUTYLONE-300x300.gif",300,300,true],"medium_large":["https:\/\/legitgrams.com\/wp-content\/uploads\/2024\/08\/EUTYLONE.gif",600,600,false],"large":["https:\/\/legitgrams.com\/wp-content\/uploads\/2024\/08\/EUTYLONE.gif",600,600,false],"1536x1536":["https:\/\/legitgrams.com\/wp-content\/uploads\/2024\/08\/EUTYLONE.gif",600,600,false],"2048x2048":["https:\/\/legitgrams.com\/wp-content\/uploads\/2024\/08\/EUTYLONE.gif",600,600,false],"trp-custom-language-flag":["https:\/\/legitgrams.com\/wp-content\/uploads\/2024\/08\/EUTYLONE-12x12.gif",12,12,true],"woocommerce_thumbnail":["https:\/\/legitgrams.com\/wp-content\/uploads\/2024\/08\/EUTYLONE-300x300.gif",300,300,true],"woocommerce_single":["https:\/\/legitgrams.com\/wp-content\/uploads\/2024\/08\/EUTYLONE.gif",600,600,false],"woocommerce_gallery_thumbnail":["https:\/\/legitgrams.com\/wp-content\/uploads\/2024\/08\/EUTYLONE-100x100.gif",100,100,true]},"uagb_author_info":{"display_name":"cokeblog18","author_link":"https:\/\/legitgrams.com\/de\/author\/"},"uagb_comment_info":0,"uagb_excerpt":"For sale: Eutylone Buy eutylone online, which Are you really looking for a trustworthy Euthylone seller? You&#8217;re in the ideal location! The best type of eutylone is available for purchase right now. We offer careful shipping and inconspicuous packaging. Eutylone, a potential planner drug, has auxiliary highlights in common with cathinone, pyrovalerone, and amphetamines. Entactogenic&hellip;","_links":{"self":[{"href":"https:\/\/legitgrams.com\/de\/wp-json\/wp\/v2\/product\/3301","targetHints":{"allow":["GET"]}}],"collection":[{"href":"https:\/\/legitgrams.com\/de\/wp-json\/wp\/v2\/product"}],"about":[{"href":"https:\/\/legitgrams.com\/de\/wp-json\/wp\/v2\/types\/product"}],"replies":[{"embeddable":true,"href":"https:\/\/legitgrams.com\/de\/wp-json\/wp\/v2\/comments?post=3301"}],"wp:featuredmedia":[{"embeddable":true,"href":"https:\/\/legitgrams.com\/de\/wp-json\/wp\/v2\/media\/3315"}],"wp:attachment":[{"href":"https:\/\/legitgrams.com\/de\/wp-json\/wp\/v2\/media?parent=3301"}],"wp:term":[{"taxonomy":"product_brand","embeddable":true,"href":"https:\/\/legitgrams.com\/de\/wp-json\/wp\/v2\/product_brand?post=3301"},{"taxonomy":"product_cat","embeddable":true,"href":"https:\/\/legitgrams.com\/de\/wp-json\/wp\/v2\/product_cat?post=3301"},{"taxonomy":"product_tag","embeddable":true,"href":"https:\/\/legitgrams.com\/de\/wp-json\/wp\/v2\/product_tag?post=3301"}],"curies":[{"name":"wp","href":"https:\/\/api.w.org\/{rel}","templated":true}]}}