{"id":3302,"date":"2024-08-03T05:48:41","date_gmt":"2024-08-03T05:48:41","guid":{"rendered":"https:\/\/cokebricks.com\/?post_type=product&#038;p=3302"},"modified":"2025-01-13T09:16:36","modified_gmt":"2025-01-13T09:16:36","slug":"apvp","status":"publish","type":"product","link":"https:\/\/legitgrams.com\/de\/produkt\/apvp\/","title":{"rendered":"APVP"},"content":{"rendered":"<h2>Zu verkaufen: Reines A-PVP<\/h2>\n<p>99% Rein kaufen <a href=\"https:\/\/legitgrams.com\/de\/produkt\/apvp\/\">A-PVP<\/a> von Nembutal | Kaufen Sie reines A-PVP heimlich online. Online-APVP-Kauf: Wie MDPV und \u201eBadesalze\u201c Anfang 2011 ist der Online-Kauf von A-PVP-Kristallpulver eine relativ neue Chemikalie, die auf gro\u00dfes Medieninteresse st\u00f6\u00dft.<\/p>\n<p>Ein synthetisches Stimulans aus der Familie der Cathinone und Pyrovalerone. Kaufen Sie a-PVP-Kristallpulver online. Andere Namen daf\u00fcr sind Flakka, <a href=\"https:\/\/en.wikipedia.org\/wiki\/-Pyrrolidinopentiophenone\">\u03b1-Pyrrolidinopentiophenon<\/a>, Alpha-PVP und A-PVP. Chemisch gesehen \u00e4hnelt es anderen Pyrovaleronverbindungen, wie MDPV und Cathinonverbindungen, die in der ostafrikanischen Khat-Pflanze gefunden wurden. Es kann bei Einnahme Wirkungen haben, die denen von Amphetamin und Kokain sehr \u00e4hnlich sind. Es nimmt normalerweise die Form riesiger Kristallst\u00fccke oder kristallinen Pulvers an.<\/p>\n<h3>Pulver A-PVP online kaufen.<\/h3>\n<p>Kaufen Sie A-PVP-Kristalle online. \u00c4hnlich wie \u201eBadesalze\u201c und MDPV in den ersten Monaten des Jahres 2011 ist Pulver eine relativ neue Substanz, die von den Medien aktiv beobachtet wird. Es wird \u00fcblicherweise in gro\u00dfen Mengen in China produziert und von H\u00e4ndlern online als Forschungschemikalie zum Verkauf angeboten.<\/p>\n<h3>Auswirkungen von Alpha-PVP-Kristallen auf den K\u00f6rper<\/h3>\n<p>Unerwartete Gef\u00fchle Ein m\u00e4\u00dfiges bis starkes euphorisches Kribbeln, das den gesamten K\u00f6rper durchdringt, wird als \u201eBody High\u201c von \u03b1-PVP bezeichnet. H\u00f6here Dosierungen k\u00f6nnen zu viel sein. Dieses Gef\u00fchl bleibt die ganze Zeit \u00fcber bestehen, nimmt allm\u00e4hlich zu, erreicht seinen H\u00f6hepunkt und nimmt dann wieder ab. <a href=\"https:\/\/legitgrams.com\/de\/\">LegitGrams<\/a><\/p>\n<p>Man geht davon aus, dass \u03b1-PVP positive Auswirkungen hat auf<\/p>\n<p>das physische Energieniveau des Nutzers, das<\/p>\n<p>Eigentlich unglaublich spannend und anregend. Das f\u00f6rdert k\u00f6rperliche Aktivit\u00e4ten wie Tanzen, Klettern und Joggen.<\/p>\n<h3>Die Geschichte von A-PVP<\/h3>\n<p>Trotz seiner j\u00fcngsten Entdeckung steht A-PVP seit 2011 im Fokus medialer und wissenschaftlicher Untersuchungen. Dies ist gr\u00f6\u00dftenteils auf den Missbrauch zur\u00fcckzuf\u00fchren, der durch die Einnahme der belebenden Wirkung ohne Rezept oder entsprechende Anleitung ausgel\u00f6st wird. A-PVP wird in China in Massenproduktion hergestellt, seine Verf\u00fcgbarkeit als Forschungsmedikament ist jedoch begrenzt.<\/p>\n<h3>Warum wird A-PVP verwendet?<\/h3>\n<p>Der Wunsch zu laufen, zu tanzen oder zu klettern wird mit der energetisierenden Wirkung von A-PVP in Verbindung gebracht, das f\u00fcr seine stimulierenden Eigenschaften bekannt ist. Dar\u00fcber hinaus wurde festgestellt, dass die Wirkung dieses Medikaments die Benutzer dazu zwingt, sich an anspruchsvollen oder anregenden Aktivit\u00e4ten zu beteiligen; dieser Neigung wird es bei h\u00f6heren Dosierungen schwerer, sich zu widersetzen.<\/p>\n<p>Diese Eigenschaften haben die Neugier von Menschen geweckt, die regelm\u00e4\u00dfig sehr energieintensiven Aktivit\u00e4ten nachgehen.<\/p>\n<p>Es kann Gef\u00fchle der Motivation, Geselligkeit und des Selbstvertrauens hervorrufen. Menschen nutzen hartes Training und \u00dcbungen, weil sie stark k\u00f6rperlich anstrengende Aktivit\u00e4ten aus\u00fcben m\u00f6chten. Aufgrund seiner stimulierenden Wirkung regt es Sie auch dazu an, viel Wasser zu trinken. Obwohl nicht jeder, der es nutzt, Hunger versp\u00fcrt, kann es den Appetit steigern. Menschen nutzen es aus nicht-medizinischen Gr\u00fcnden, wie etwa zur St\u00e4rkung des Egos oder der Emotionen, wie allgemein bekannt ist.<\/p>\n<h3>Die Auswirkungen von A-PVP<\/h3>\n<p>Die gleichen Effekte k\u00f6nnen durch die stimulierenden Eigenschaften des Medikaments erkl\u00e4rt werden. Infolgedessen zeigen die Benutzer \u00fcberm\u00e4\u00dfiges oder zwanghaftes energetisches Verhalten. Zu den k\u00f6rperlichen Symptomen geh\u00f6ren Gliedma\u00dfen, Kiefersperre und Zittern, die aufgrund mangelnder motorischer Kontrolle des gesamten K\u00f6rpers unkontrollierbar sind. Dar\u00fcber hinaus kann es zu unwillk\u00fcrlichen Augenbewegungen oder Sehproblemen kommen. In schweren F\u00e4llen kann es zu Wasservergiftung, Appetitverlust und einem starken Verlangen nach Wasser f\u00fchren. Das Wasserlassen wird durch das Medikament erschwert. Eine erh\u00f6hte Herzfrequenz ist eine der Nebenwirkungen, und k\u00f6rperliche N\u00e4he wird ebenfalls intensiviert. Das Schwitzen wird durch den Wunsch nach \u00fcberm\u00e4\u00dfiger k\u00f6rperlicher Aktivit\u00e4t verschlimmert.<\/p>\n<p>&nbsp;<\/p>","protected":false},"excerpt":{"rendered":"<p>For Sale: Pure A-PVP Purchase 99% Pure A-PVP from Nembutal | Buy Pure A-PVP secretly online Online APVP Purchase: As with MDPV and &#8220;bath salts&#8221; in early 2011, Buy a-PVP Crystal Powder Online is a relatively new chemical that is receiving a lot of media interest. A synthetic stimulant belonging to the cathinone and pyrovalerone &hellip;<\/p>\n<p class=\"read-more\"> <a class=\"\" href=\"https:\/\/legitgrams.com\/de\/produkt\/apvp\/\"> <span class=\"screen-reader-text\">APVP<\/span> Mehr lesen \"<\/a><\/p>","protected":false},"featured_media":3316,"comment_status":"open","ping_status":"closed","template":"","meta":{"_uag_custom_page_level_css":"","site-sidebar-layout":"default","site-content-layout":"default","ast-global-header-display":"","ast-main-header-display":"","ast-hfb-above-header-display":"","ast-hfb-below-header-display":"","ast-hfb-mobile-header-display":"","site-post-title":"","ast-breadcrumbs-content":"","ast-featured-img":"","footer-sml-layout":"","theme-transparent-header-meta":"default","adv-header-id-meta":"","stick-header-meta":"default","header-above-stick-meta":"","header-main-stick-meta":"","header-below-stick-meta":"","_joinchat":[]},"product_brand":[],"product_cat":[190],"product_tag":[331,332,333,334,335,336,337,338,339,340,341,342,343,344],"class_list":{"0":"post-3302","1":"product","2":"type-product","3":"status-publish","4":"has-post-thumbnail","6":"product_cat-cannabinoids","7":"product_tag-apvp-crystal-powder","8":"product_tag-beta-pvp-crystals","9":"product_tag-buy-a-pvp","10":"product_tag-buy-a-pvp-flakka","11":"product_tag-buy-apvp-crystals","12":"product_tag-buy-flakka","13":"product_tag-buy-flakka-online","14":"product_tag-flakka","15":"product_tag-how-can-i-buy-alpha-pvp-online-discreetly-russia","16":"product_tag-order-apvp-online","17":"product_tag-what-are-flakka-and-bath-salts","18":"product_tag-what-is-flakka-beta-pvp","19":"product_tag-where-can-i-buy-apvp-crystals-online","20":"product_tag-where-can-i-buy-flakka-khat","21":"desktop-align-left","22":"tablet-align-left","23":"mobile-align-left","24":"ast-product-gallery-layout-horizontal","25":"ast-product-gallery-with-no-image","26":"ast-product-single-variable","27":"ast-product-tabs-layout-horizontal","28":"ast-qv-on-image","30":"first","31":"instock","32":"shipping-taxable","33":"purchasable","34":"product-type-variable"},"yoast_head":"<!-- This site is optimized with the Yoast SEO plugin v25.9 - https:\/\/yoast.com\/wordpress\/plugins\/seo\/ -->\n<title>Get APVP for Sale - Buy APVP Powder Online @ Low Price<\/title>\n<meta name=\"description\" content=\"Your order for APVP for sale is our responsibility. We will take your order to buy APVP powder online into consideration and reach you in a short period. Place bulk orders now!\" \/>\n<meta name=\"robots\" content=\"index, follow, max-snippet:-1, max-image-preview:large, max-video-preview:-1\" \/>\n<link rel=\"canonical\" href=\"https:\/\/legitgrams.com\/de\/produkt\/apvp\/\" \/>\n<meta property=\"og:locale\" content=\"de_DE\" \/>\n<meta property=\"og:type\" content=\"article\" \/>\n<meta property=\"og:title\" content=\"Get APVP for Sale - Buy APVP Powder Online @ Low Price\" \/>\n<meta property=\"og:description\" content=\"Your order for APVP for sale is our responsibility. We will take your order to buy APVP powder online into consideration and reach you in a short period. Place bulk orders now!\" \/>\n<meta property=\"og:url\" content=\"https:\/\/legitgrams.com\/de\/produkt\/apvp\/\" \/>\n<meta property=\"og:site_name\" content=\"Legit Grams\" \/>\n<meta property=\"article:modified_time\" content=\"2025-01-13T09:16:36+00:00\" \/>\n<meta property=\"og:image\" content=\"https:\/\/legitgrams.com\/wp-content\/uploads\/2024\/08\/APVP.gif\" \/>\n\t<meta property=\"og:image:width\" content=\"600\" \/>\n\t<meta property=\"og:image:height\" content=\"600\" \/>\n\t<meta property=\"og:image:type\" content=\"image\/gif\" \/>\n<meta name=\"twitter:card\" content=\"summary_large_image\" \/>\n<meta name=\"twitter:label1\" content=\"Gesch\u00e4tzte Lesezeit\" \/>\n\t<meta name=\"twitter:data1\" content=\"3\u00a0Minuten\" \/>\n<script type=\"application\/ld+json\" class=\"yoast-schema-graph\">{\"@context\":\"https:\/\/schema.org\",\"@graph\":[{\"@type\":\"WebPage\",\"@id\":\"https:\/\/legitgrams.com\/product\/apvp\/\",\"url\":\"https:\/\/legitgrams.com\/product\/apvp\/\",\"name\":\"Get APVP for Sale - Buy APVP Powder Online @ Low Price\",\"isPartOf\":{\"@id\":\"https:\/\/legitgrams.com\/#website\"},\"primaryImageOfPage\":{\"@id\":\"https:\/\/legitgrams.com\/product\/apvp\/#primaryimage\"},\"image\":{\"@id\":\"https:\/\/legitgrams.com\/product\/apvp\/#primaryimage\"},\"thumbnailUrl\":\"https:\/\/legitgrams.com\/wp-content\/uploads\/2024\/08\/APVP.gif\",\"datePublished\":\"2024-08-03T05:48:41+00:00\",\"dateModified\":\"2025-01-13T09:16:36+00:00\",\"description\":\"Your order for APVP for sale is our responsibility. We will take your order to buy APVP powder online into consideration and reach you in a short period. Place bulk orders now!\",\"breadcrumb\":{\"@id\":\"https:\/\/legitgrams.com\/product\/apvp\/#breadcrumb\"},\"inLanguage\":\"de\",\"potentialAction\":[{\"@type\":\"ReadAction\",\"target\":[\"https:\/\/legitgrams.com\/product\/apvp\/\"]}]},{\"@type\":\"ImageObject\",\"inLanguage\":\"de\",\"@id\":\"https:\/\/legitgrams.com\/product\/apvp\/#primaryimage\",\"url\":\"https:\/\/legitgrams.com\/wp-content\/uploads\/2024\/08\/APVP.gif\",\"contentUrl\":\"https:\/\/legitgrams.com\/wp-content\/uploads\/2024\/08\/APVP.gif\",\"width\":600,\"height\":600,\"caption\":\"Pure A-PVP for Sale\"},{\"@type\":\"BreadcrumbList\",\"@id\":\"https:\/\/legitgrams.com\/product\/apvp\/#breadcrumb\",\"itemListElement\":[{\"@type\":\"ListItem\",\"position\":1,\"name\":\"Home\",\"item\":\"https:\/\/legitgrams.com\/\"},{\"@type\":\"ListItem\",\"position\":2,\"name\":\"Shop\",\"item\":\"https:\/\/legitgrams.com\/shop\/\"},{\"@type\":\"ListItem\",\"position\":3,\"name\":\"APVP\"}]},{\"@type\":\"WebSite\",\"@id\":\"https:\/\/legitgrams.com\/#website\",\"url\":\"https:\/\/legitgrams.com\/\",\"name\":\"Legit Grams\",\"description\":\"My WordPress Blog\",\"publisher\":{\"@id\":\"https:\/\/legitgrams.com\/#organization\"},\"potentialAction\":[{\"@type\":\"SearchAction\",\"target\":{\"@type\":\"EntryPoint\",\"urlTemplate\":\"https:\/\/legitgrams.com\/?s={search_term_string}\"},\"query-input\":{\"@type\":\"PropertyValueSpecification\",\"valueRequired\":true,\"valueName\":\"search_term_string\"}}],\"inLanguage\":\"de\"},{\"@type\":\"Organization\",\"@id\":\"https:\/\/legitgrams.com\/#organization\",\"name\":\"Legit Grams\",\"url\":\"https:\/\/legitgrams.com\/\",\"logo\":{\"@type\":\"ImageObject\",\"inLanguage\":\"de\",\"@id\":\"https:\/\/legitgrams.com\/#\/schema\/logo\/image\/\",\"url\":\"https:\/\/legitgrams.com\/wp-content\/uploads\/2024\/09\/main-logo.png\",\"contentUrl\":\"https:\/\/legitgrams.com\/wp-content\/uploads\/2024\/09\/main-logo.png\",\"width\":270,\"height\":75,\"caption\":\"Legit Grams\"},\"image\":{\"@id\":\"https:\/\/legitgrams.com\/#\/schema\/logo\/image\/\"}}]}<\/script>\n<!-- \/ Yoast SEO plugin. -->","yoast_head_json":{"title":"APVP zu verkaufen - APVP-Pulver online kaufen @ Low Price","description":"Ihre Bestellung von APVP zum Verkauf liegt in unserer Verantwortung. Wir werden Ihren Auftrag, APVP-Pulver online zu kaufen, in Betracht ziehen und Sie in kurzer Zeit erreichen. Jetzt Gro\u00dfbestellungen aufgeben!","robots":{"index":"index","follow":"follow","max-snippet":"max-snippet:-1","max-image-preview":"max-image-preview:large","max-video-preview":"max-video-preview:-1"},"canonical":"https:\/\/legitgrams.com\/de\/produkt\/apvp\/","og_locale":"de_DE","og_type":"article","og_title":"Get APVP for Sale - Buy APVP Powder Online @ Low Price","og_description":"Your order for APVP for sale is our responsibility. We will take your order to buy APVP powder online into consideration and reach you in a short period. Place bulk orders now!","og_url":"https:\/\/legitgrams.com\/de\/produkt\/apvp\/","og_site_name":"Legit Grams","article_modified_time":"2025-01-13T09:16:36+00:00","og_image":[{"width":600,"height":600,"url":"https:\/\/legitgrams.com\/wp-content\/uploads\/2024\/08\/APVP.gif","type":"image\/gif"}],"twitter_card":"summary_large_image","twitter_misc":{"Gesch\u00e4tzte Lesezeit":"3\u00a0Minuten"},"schema":{"@context":"https:\/\/schema.org","@graph":[{"@type":"WebPage","@id":"https:\/\/legitgrams.com\/product\/apvp\/","url":"https:\/\/legitgrams.com\/product\/apvp\/","name":"APVP zu verkaufen - APVP-Pulver online kaufen @ Low Price","isPartOf":{"@id":"https:\/\/legitgrams.com\/#website"},"primaryImageOfPage":{"@id":"https:\/\/legitgrams.com\/product\/apvp\/#primaryimage"},"image":{"@id":"https:\/\/legitgrams.com\/product\/apvp\/#primaryimage"},"thumbnailUrl":"https:\/\/legitgrams.com\/wp-content\/uploads\/2024\/08\/APVP.gif","datePublished":"2024-08-03T05:48:41+00:00","dateModified":"2025-01-13T09:16:36+00:00","description":"Ihre Bestellung von APVP zum Verkauf liegt in unserer Verantwortung. Wir werden Ihren Auftrag, APVP-Pulver online zu kaufen, in Betracht ziehen und Sie in kurzer Zeit erreichen. Jetzt Gro\u00dfbestellungen aufgeben!","breadcrumb":{"@id":"https:\/\/legitgrams.com\/product\/apvp\/#breadcrumb"},"inLanguage":"de","potentialAction":[{"@type":"ReadAction","target":["https:\/\/legitgrams.com\/product\/apvp\/"]}]},{"@type":"ImageObject","inLanguage":"de","@id":"https:\/\/legitgrams.com\/product\/apvp\/#primaryimage","url":"https:\/\/legitgrams.com\/wp-content\/uploads\/2024\/08\/APVP.gif","contentUrl":"https:\/\/legitgrams.com\/wp-content\/uploads\/2024\/08\/APVP.gif","width":600,"height":600,"caption":"Pure A-PVP for Sale"},{"@type":"BreadcrumbList","@id":"https:\/\/legitgrams.com\/product\/apvp\/#breadcrumb","itemListElement":[{"@type":"ListItem","position":1,"name":"Home","item":"https:\/\/legitgrams.com\/"},{"@type":"ListItem","position":2,"name":"Shop","item":"https:\/\/legitgrams.com\/shop\/"},{"@type":"ListItem","position":3,"name":"APVP"}]},{"@type":"WebSite","@id":"https:\/\/legitgrams.com\/#website","url":"https:\/\/legitgrams.com\/","name":"Legitimer Grammwert","description":"Mein WordPress-Blog","publisher":{"@id":"https:\/\/legitgrams.com\/#organization"},"potentialAction":[{"@type":"SearchAction","target":{"@type":"EntryPoint","urlTemplate":"https:\/\/legitgrams.com\/?s={search_term_string}"},"query-input":{"@type":"PropertyValueSpecification","valueRequired":true,"valueName":"search_term_string"}}],"inLanguage":"de"},{"@type":"Organization","@id":"https:\/\/legitgrams.com\/#organization","name":"Legitimer Grammwert","url":"https:\/\/legitgrams.com\/","logo":{"@type":"ImageObject","inLanguage":"de","@id":"https:\/\/legitgrams.com\/#\/schema\/logo\/image\/","url":"https:\/\/legitgrams.com\/wp-content\/uploads\/2024\/09\/main-logo.png","contentUrl":"https:\/\/legitgrams.com\/wp-content\/uploads\/2024\/09\/main-logo.png","width":270,"height":75,"caption":"Legit Grams"},"image":{"@id":"https:\/\/legitgrams.com\/#\/schema\/logo\/image\/"}}]}},"uagb_featured_image_src":{"full":["https:\/\/legitgrams.com\/wp-content\/uploads\/2024\/08\/APVP.gif",600,600,false],"thumbnail":["https:\/\/legitgrams.com\/wp-content\/uploads\/2024\/08\/APVP-150x150.gif",150,150,true],"medium":["https:\/\/legitgrams.com\/wp-content\/uploads\/2024\/08\/APVP-300x300.gif",300,300,true],"medium_large":["https:\/\/legitgrams.com\/wp-content\/uploads\/2024\/08\/APVP.gif",600,600,false],"large":["https:\/\/legitgrams.com\/wp-content\/uploads\/2024\/08\/APVP.gif",600,600,false],"1536x1536":["https:\/\/legitgrams.com\/wp-content\/uploads\/2024\/08\/APVP.gif",600,600,false],"2048x2048":["https:\/\/legitgrams.com\/wp-content\/uploads\/2024\/08\/APVP.gif",600,600,false],"trp-custom-language-flag":["https:\/\/legitgrams.com\/wp-content\/uploads\/2024\/08\/APVP-12x12.gif",12,12,true],"woocommerce_thumbnail":["https:\/\/legitgrams.com\/wp-content\/uploads\/2024\/08\/APVP-300x300.gif",300,300,true],"woocommerce_single":["https:\/\/legitgrams.com\/wp-content\/uploads\/2024\/08\/APVP.gif",600,600,false],"woocommerce_gallery_thumbnail":["https:\/\/legitgrams.com\/wp-content\/uploads\/2024\/08\/APVP-100x100.gif",100,100,true]},"uagb_author_info":{"display_name":"cokeblog18","author_link":"https:\/\/legitgrams.com\/de\/author\/"},"uagb_comment_info":0,"uagb_excerpt":"For Sale: Pure A-PVP Purchase 99% Pure A-PVP from Nembutal | Buy Pure A-PVP secretly online Online APVP Purchase: As with MDPV and &#8220;bath salts&#8221; in early 2011, Buy a-PVP Crystal Powder Online is a relatively new chemical that is receiving a lot of media interest. A synthetic stimulant belonging to the cathinone and pyrovalerone&hellip;","_links":{"self":[{"href":"https:\/\/legitgrams.com\/de\/wp-json\/wp\/v2\/product\/3302","targetHints":{"allow":["GET"]}}],"collection":[{"href":"https:\/\/legitgrams.com\/de\/wp-json\/wp\/v2\/product"}],"about":[{"href":"https:\/\/legitgrams.com\/de\/wp-json\/wp\/v2\/types\/product"}],"replies":[{"embeddable":true,"href":"https:\/\/legitgrams.com\/de\/wp-json\/wp\/v2\/comments?post=3302"}],"wp:featuredmedia":[{"embeddable":true,"href":"https:\/\/legitgrams.com\/de\/wp-json\/wp\/v2\/media\/3316"}],"wp:attachment":[{"href":"https:\/\/legitgrams.com\/de\/wp-json\/wp\/v2\/media?parent=3302"}],"wp:term":[{"taxonomy":"product_brand","embeddable":true,"href":"https:\/\/legitgrams.com\/de\/wp-json\/wp\/v2\/product_brand?post=3302"},{"taxonomy":"product_cat","embeddable":true,"href":"https:\/\/legitgrams.com\/de\/wp-json\/wp\/v2\/product_cat?post=3302"},{"taxonomy":"product_tag","embeddable":true,"href":"https:\/\/legitgrams.com\/de\/wp-json\/wp\/v2\/product_tag?post=3302"}],"curies":[{"name":"wp","href":"https:\/\/api.w.org\/{rel}","templated":true}]}}