{"id":3303,"date":"2024-08-03T05:48:45","date_gmt":"2024-08-03T05:48:45","guid":{"rendered":"https:\/\/cokebricks.com\/?post_type=product&#038;p=3303"},"modified":"2026-02-23T11:56:07","modified_gmt":"2026-02-23T11:56:07","slug":"mdma","status":"publish","type":"product","link":"https:\/\/legitgrams.com\/de\/produkt\/mdma\/","title":{"rendered":"MDMA online kaufen"},"content":{"rendered":"<h2>MDMA-Kristalle zum Kauf im Internet<br \/>\nMDMA: Was ist das?<\/h2>\n<p>Note: <a href=\"https:\/\/www.bing.com\/search?q=MDMA&amp;qs=n&amp;form=QBRE&amp;sp=-1&amp;ghc=1&amp;lq=0&amp;pq=mdma&amp;sc=12-4&amp;sk=&amp;cvid=9D97401EC942471BA70F3A26D7B93A92&amp;ghsh=0&amp;ghacc=0&amp;ghpl=\">Methenedioxymethamphetamine (MDMA)<\/a> Hinweis: In Arzneimitteln, die als MDMA (Ecstasy) vermarktet werden, ist Methendioxymethamphetamin (MDMA) m\u00f6glicherweise nicht enthalten. Stattdessen k\u00f6nnen diese eine Kombination aus Amphetamin, Paramethoxyamphetamin (PMA), Ketamin, NBOMe, synthetischen Cathinonen oder anderen Chemikalien enthalten.<\/p>\n<p>Methylendioxymethamphetamin, oder <a href=\"https:\/\/www.bing.com\/search?q=MDMA&amp;qs=n&amp;form=QBRE&amp;sp=-1&amp;ghc=1&amp;lq=0&amp;pq=mdma&amp;sc=12-4&amp;sk=&amp;cvid=9D97401EC942471BA70F3A26D7B93A92&amp;ghsh=0&amp;ghacc=0&amp;ghpl=\">MDMA<\/a>Methylendioxymethamphetamin oder MDMA ist ein Empathogen, das das W\u00e4rme- und Empathiegef\u00fchl einer Person sowie ihr Gef\u00fchl sozialer Akzeptanz und Verbundenheit mit anderen steigert1.<\/p>\n<p>Ecstasy ist ein anderer Name f\u00fcr <a href=\"https:\/\/www.google.com\/search?q=MDMA&amp;num=10&amp;sca_esv=1a2a07081c7891bb&amp;rlz=1C1RXQR_enIN1098IN1098&amp;sxsrf=AHTn8zoBhguvaRp4lTsLc60MnIthJ0eUtA%3A1741161240483&amp;ei=GAPIZ9CQHfCE4-EP9fjW-A8&amp;ved=0ahUKEwjQ_PCJu_KLAxVwwjgGHXW8Ff8Q4dUDCBA&amp;uact=5&amp;oq=MDMA&amp;gs_lp=Egxnd3Mtd2l6LXNlcnAiBE1ETUEyChAjGIAEGCcYigUyCxAAGIAEGJECGIoFMgsQABiABBiRAhiKBTIKEAAYgAQYFBiHAjIFEAAYgAQyBRAAGIAEMgUQABiABDIFEAAYgAQyBRAAGIAEMgUQABiABEiBB1CoA1ioA3ABeAGQAQCYAbsBoAG7AaoBAzAuMbgBA8gBAPgBAvgBAZgCAaACwwGYAwCIBgGSBwMwLjGgB-gF&amp;sclient=gws-wiz-serp\">MDMA.2.Nevertheless<\/a>, einige Medikamente, die als Ecstasy vermarktet werden, k\u00f6nnten wenig bis gar kein <a href=\"https:\/\/www.google.com\/search?q=MDMA&amp;num=10&amp;sca_esv=1a2a07081c7891bb&amp;rlz=1C1RXQR_enIN1098IN1098&amp;sxsrf=AHTn8zoBhguvaRp4lTsLc60MnIthJ0eUtA%3A1741161240483&amp;ei=GAPIZ9CQHfCE4-EP9fjW-A8&amp;ved=0ahUKEwjQ_PCJu_KLAxVwwjgGHXW8Ff8Q4dUDCBA&amp;uact=5&amp;oq=MDMA&amp;gs_lp=Egxnd3Mtd2l6LXNlcnAiBE1ETUEyChAjGIAEGCcYigUyCxAAGIAEGJECGIoFMgsQABiABBiRAhiKBTIKEAAYgAQYFBiHAjIFEAAYgAQyBRAAGIAEMgUQABiABDIFEAAYgAQyBRAAGIAEMgUQABiABEiBB1CoA1ioA3ABeAGQAQCYAbsBoAG7AaoBAzAuMbgBA8gBAPgBAvgBAZgCAaACwwGYAwCIBgGSBwMwLjGgB-gF&amp;sclient=gws-wiz-serp\">MDMA<\/a>Ecstasy ist ein anderer Name f\u00fcr MDMA.2. Dennoch k\u00f6nnen einige Medikamente, die als Ecstasy vermarktet werden, wenig oder gar kein MDMA enthalten. Stattdessen werden h\u00e4ufig \u201eF\u00fcllstoffe\u201c und andere Medikamente eingesetzt. Dies macht es schwierig vorherzusagen, ob nach der Einnahme von MDMA mit unerw\u00fcnschten Nebenwirkungen oder Reaktionen zu rechnen ist.<\/p>\n<p><a href=\"https:\/\/legitgrams.com\/de\/produkt\/mdma\/\">MDMA Online kaufen<\/a>, ein anderer Name f\u00fcr 3,4-Methylendioxymethamphetamin, ist eine psychoaktive Substanz, die Empathie und Ecstasy f\u00f6rdert. MDMA wurde urspr\u00fcnglich als verschreibungspflichtiges Medikament zur Behandlung von PTSD oder posttraumatischer Belastungsst\u00f6rung entwickelt. Aufgrund seiner weit verbreiteten Verwendung als Partydroge ist reines MDMA, das leicht zu kaufen ist, als Freizeitdroge immer beliebter geworden. Molly und Ecstasy sind andere Namen f\u00fcr die Substanz. MDMA-Kristalle, ein starkes Stimulans, das den Serotoninspiegel im Gehirn ver\u00e4ndert, k\u00f6nnen online gekauft werden. Dies f\u00fchrt zu erh\u00f6hter Vitalit\u00e4t, Konzentration und Zufriedenheit.<\/p>\n<h3>Kaufen Sie MDMDA online von einem seri\u00f6sen MDMDA-Lieferanten, dem MDMDA Crystals Supplier.<\/h3>\n<p>Die psychoaktive Substanz, bekannt als Methylendioxymethamphetamin oder MDMA, macht die Benutzer gl\u00fccklich, energiegeladen, einf\u00fchlsam und gesellig. Als MDMA erstmals hergestellt wurde, <a href=\"https:\/\/legitgrams.com\/de\/\">LegitGrams<\/a><\/p>\n<p>Es wurde 1912 als Forschungschemikalie entwickelt. Dennoch erlebte MDMA in den 1970er Jahren erstmals einen Anstieg seiner Beliebtheit unter Freizeitkonsumenten. Heute ist MDMA nach dem US-amerikanischen \u201eControlled Substances Act\u201c immer noch illegal.<\/p>\n<h3>Wo kann ich MDMA kaufen?<\/h3>\n<p>MDMA ist online bei zahlreichen Anbietern erh\u00e4ltlich. <a href=\"https:\/\/duckduckgo.com\/?q=MDMA&amp;t=h_&amp;ia=web\">MDMA<\/a> MDMA ist online bei einer Reihe von Anbietern erh\u00e4ltlich. MDMA ist bei unseren privaten Online-Unternehmen erh\u00e4ltlich. Ist es m\u00f6glich, MDMA online ohne Rezept zu kaufen? Ja, Sie k\u00f6nnen MDMA diskret und sicher online von einem zuverl\u00e4ssigen Anbieter wie uns beziehen.<\/p>\n<p>Wie kann ich ohne Risiko MDMA online erwerben? Ist der Online-Kauf von MDMA legal?<\/p>\n<p>Although buying <a href=\"https:\/\/de.wikipedia.org\/wiki\/MDMA\">MDMA<\/a> online ist legal, Sie m\u00fcssen sich aber trotzdem an die Gesetze Ihres Landes halten. \u00dcberpr\u00fcfen Sie durch eine Suche, ob Sie die Gesetze in Ihrer Region einhalten. In vielen Teilen Europas, Asiens, Australiens und Nordamerikas ist der Kauf von MDMA legal, obwohl es weltweit allgemein als illegal gilt.<\/p>\n<h3>Wie tritt MDMA auf?<\/h3>\n<p>Obwohl es auch als Pulver oder Kristall vorkommt, <a href=\"https:\/\/duckduckgo.com\/?q=MDMA&amp;t=h_&amp;ia=web\">MDMA<\/a> Obwohl es auch als Pulver oder Kristall erh\u00e4ltlich ist, wird MDMA am h\u00e4ufigsten in Tabletten- oder Kapselform angeboten. Die Pillen sind in verschiedenen Farben und Gr\u00f6\u00dfen erh\u00e4ltlich und tragen h\u00e4ufig eine Marke, ein Emblem oder ein Bild. Zwei Tabletten mit demselben Logo oder Symbol k\u00f6nnen unterschiedliche Wirkungen haben, wenn sie in Pillenform angeboten werden, da sie unterschiedliche Substanzen enthalten und aus unterschiedlichen Quellen stammen k\u00f6nnen.<\/p>\n<p>Alternative names Caps, Eckies, E, XTC, pills, flippers, pingers, bikkies, molly, M&amp;M, and ecstasy<\/p>\n<p>&nbsp;<\/p>\n<p>&nbsp;<\/p>\n<h2><\/h2>\n<p>&nbsp;<\/p>","protected":false},"excerpt":{"rendered":"<p>MDMA Crystals for Internet Purchase MDMA: What is it? Note: Methenedioxymethamphetamine (MDMA) may not be present in drugs marketed as MDMA (ecstasy); instead, they may contain a combination of amphetamine, paramethoxyamphetamine (PMA), ketamine, NBOMe, synthetic cathinones, or other chemicals. Methylenedioxymethamphetamine, or MDMA, is an empathogen that heightens a person&#8217;s sense of warmth and empathy as &hellip;<\/p>\n<p class=\"read-more\"> <a class=\"\" href=\"https:\/\/legitgrams.com\/de\/produkt\/mdma\/\"> <span class=\"screen-reader-text\">MDMA online kaufen<\/span> Mehr lesen \"<\/a><\/p>","protected":false},"featured_media":3632,"comment_status":"open","ping_status":"closed","template":"","meta":{"_uag_custom_page_level_css":"","site-sidebar-layout":"default","site-content-layout":"default","ast-global-header-display":"","ast-main-header-display":"","ast-hfb-above-header-display":"","ast-hfb-below-header-display":"","ast-hfb-mobile-header-display":"","site-post-title":"","ast-breadcrumbs-content":"","ast-featured-img":"","footer-sml-layout":"","theme-transparent-header-meta":"default","adv-header-id-meta":"","stick-header-meta":"default","header-above-stick-meta":"","header-main-stick-meta":"","header-below-stick-meta":"","_joinchat":[]},"product_brand":[],"product_cat":[190],"product_tag":[323,324,325,326,327,328,329,330],"class_list":{"0":"post-3303","1":"product","2":"type-product","3":"status-publish","4":"has-post-thumbnail","6":"product_cat-cannabinoids","7":"product_tag-buy-mdma-crystals-online","8":"product_tag-mdma-crystals-for-sale","9":"product_tag-mdma-for-sale-australia","10":"product_tag-mdma-for-sale-canada","11":"product_tag-mdma-for-sale-france","12":"product_tag-mdma-for-sale-online","13":"product_tag-mdma-for-sale-uk","14":"product_tag-mdma-for-sale-usa","15":"desktop-align-left","16":"tablet-align-left","17":"mobile-align-left","18":"ast-product-gallery-layout-horizontal","19":"ast-product-gallery-with-no-image","20":"ast-product-single-variable","21":"ast-product-tabs-layout-horizontal","22":"ast-qv-on-image","24":"first","25":"instock","26":"shipping-taxable","27":"purchasable","28":"product-type-variable"},"yoast_head":"<!-- This site is optimized with the Yoast SEO plugin v25.9 - https:\/\/yoast.com\/wordpress\/plugins\/seo\/ -->\n<title>MDMA for Sale - Buy MDMA Online with Fastest Shipping<\/title>\n<meta name=\"description\" content=\"Your order for MDMA for sale is our responsibility. We will take your order to buy MDMA into consideration and reach you in a short period. Place bulk orders now!\" \/>\n<meta name=\"robots\" content=\"index, follow, max-snippet:-1, max-image-preview:large, max-video-preview:-1\" \/>\n<link rel=\"canonical\" href=\"https:\/\/legitgrams.com\/de\/produkt\/mdma\/\" \/>\n<meta property=\"og:locale\" content=\"de_DE\" \/>\n<meta property=\"og:type\" content=\"article\" \/>\n<meta property=\"og:title\" content=\"MDMA for Sale - Buy MDMA Online with Fastest Shipping\" \/>\n<meta property=\"og:description\" content=\"Your order for MDMA for sale is our responsibility. We will take your order to buy MDMA into consideration and reach you in a short period. Place bulk orders now!\" \/>\n<meta property=\"og:url\" content=\"https:\/\/legitgrams.com\/de\/produkt\/mdma\/\" \/>\n<meta property=\"og:site_name\" content=\"Legit Grams\" \/>\n<meta property=\"article:modified_time\" content=\"2026-02-23T11:56:07+00:00\" \/>\n<meta property=\"og:image\" content=\"https:\/\/legitgrams.com\/wp-content\/uploads\/2024\/08\/mdma.png\" \/>\n\t<meta property=\"og:image:width\" content=\"1200\" \/>\n\t<meta property=\"og:image:height\" content=\"1200\" \/>\n\t<meta property=\"og:image:type\" content=\"image\/png\" \/>\n<meta name=\"twitter:card\" content=\"summary_large_image\" \/>\n<meta name=\"twitter:label1\" content=\"Gesch\u00e4tzte Lesezeit\" \/>\n\t<meta name=\"twitter:data1\" content=\"3\u00a0Minuten\" \/>\n<script type=\"application\/ld+json\" class=\"yoast-schema-graph\">{\"@context\":\"https:\/\/schema.org\",\"@graph\":[{\"@type\":\"WebPage\",\"@id\":\"https:\/\/legitgrams.com\/product\/mdma\/\",\"url\":\"https:\/\/legitgrams.com\/product\/mdma\/\",\"name\":\"MDMA for Sale - Buy MDMA Online with Fastest Shipping\",\"isPartOf\":{\"@id\":\"https:\/\/legitgrams.com\/#website\"},\"primaryImageOfPage\":{\"@id\":\"https:\/\/legitgrams.com\/product\/mdma\/#primaryimage\"},\"image\":{\"@id\":\"https:\/\/legitgrams.com\/product\/mdma\/#primaryimage\"},\"thumbnailUrl\":\"https:\/\/legitgrams.com\/wp-content\/uploads\/2024\/08\/mdma.png\",\"datePublished\":\"2024-08-03T05:48:45+00:00\",\"dateModified\":\"2026-02-23T11:56:07+00:00\",\"description\":\"Your order for MDMA for sale is our responsibility. We will take your order to buy MDMA into consideration and reach you in a short period. Place bulk orders now!\",\"breadcrumb\":{\"@id\":\"https:\/\/legitgrams.com\/product\/mdma\/#breadcrumb\"},\"inLanguage\":\"de\",\"potentialAction\":[{\"@type\":\"ReadAction\",\"target\":[\"https:\/\/legitgrams.com\/product\/mdma\/\"]}]},{\"@type\":\"ImageObject\",\"inLanguage\":\"de\",\"@id\":\"https:\/\/legitgrams.com\/product\/mdma\/#primaryimage\",\"url\":\"https:\/\/legitgrams.com\/wp-content\/uploads\/2024\/08\/mdma.png\",\"contentUrl\":\"https:\/\/legitgrams.com\/wp-content\/uploads\/2024\/08\/mdma.png\",\"width\":1200,\"height\":1200,\"caption\":\"MDMA for Sale\"},{\"@type\":\"BreadcrumbList\",\"@id\":\"https:\/\/legitgrams.com\/product\/mdma\/#breadcrumb\",\"itemListElement\":[{\"@type\":\"ListItem\",\"position\":1,\"name\":\"Home\",\"item\":\"https:\/\/legitgrams.com\/\"},{\"@type\":\"ListItem\",\"position\":2,\"name\":\"Shop\",\"item\":\"https:\/\/legitgrams.com\/shop\/\"},{\"@type\":\"ListItem\",\"position\":3,\"name\":\"Buy MDMA Online\"}]},{\"@type\":\"WebSite\",\"@id\":\"https:\/\/legitgrams.com\/#website\",\"url\":\"https:\/\/legitgrams.com\/\",\"name\":\"Legit Grams\",\"description\":\"My WordPress Blog\",\"publisher\":{\"@id\":\"https:\/\/legitgrams.com\/#organization\"},\"potentialAction\":[{\"@type\":\"SearchAction\",\"target\":{\"@type\":\"EntryPoint\",\"urlTemplate\":\"https:\/\/legitgrams.com\/?s={search_term_string}\"},\"query-input\":{\"@type\":\"PropertyValueSpecification\",\"valueRequired\":true,\"valueName\":\"search_term_string\"}}],\"inLanguage\":\"de\"},{\"@type\":\"Organization\",\"@id\":\"https:\/\/legitgrams.com\/#organization\",\"name\":\"Legit Grams\",\"url\":\"https:\/\/legitgrams.com\/\",\"logo\":{\"@type\":\"ImageObject\",\"inLanguage\":\"de\",\"@id\":\"https:\/\/legitgrams.com\/#\/schema\/logo\/image\/\",\"url\":\"https:\/\/legitgrams.com\/wp-content\/uploads\/2024\/09\/main-logo.png\",\"contentUrl\":\"https:\/\/legitgrams.com\/wp-content\/uploads\/2024\/09\/main-logo.png\",\"width\":270,\"height\":75,\"caption\":\"Legit Grams\"},\"image\":{\"@id\":\"https:\/\/legitgrams.com\/#\/schema\/logo\/image\/\"}}]}<\/script>\n<!-- \/ Yoast SEO plugin. -->","yoast_head_json":{"title":"MDMA zu verkaufen - MDMA online kaufen mit schnellstem Versand","description":"Ihre Bestellung f\u00fcr MDMA zu verkaufen ist unsere Verantwortung. Wir werden Ihren Auftrag zum Kauf von MDMA ber\u00fccksichtigen und Sie in kurzer Zeit erreichen. Jetzt Gro\u00dfbestellungen aufgeben!","robots":{"index":"index","follow":"follow","max-snippet":"max-snippet:-1","max-image-preview":"max-image-preview:large","max-video-preview":"max-video-preview:-1"},"canonical":"https:\/\/legitgrams.com\/de\/produkt\/mdma\/","og_locale":"de_DE","og_type":"article","og_title":"MDMA for Sale - Buy MDMA Online with Fastest Shipping","og_description":"Your order for MDMA for sale is our responsibility. We will take your order to buy MDMA into consideration and reach you in a short period. Place bulk orders now!","og_url":"https:\/\/legitgrams.com\/de\/produkt\/mdma\/","og_site_name":"Legit Grams","article_modified_time":"2026-02-23T11:56:07+00:00","og_image":[{"width":1200,"height":1200,"url":"https:\/\/legitgrams.com\/wp-content\/uploads\/2024\/08\/mdma.png","type":"image\/png"}],"twitter_card":"summary_large_image","twitter_misc":{"Gesch\u00e4tzte Lesezeit":"3\u00a0Minuten"},"schema":{"@context":"https:\/\/schema.org","@graph":[{"@type":"WebPage","@id":"https:\/\/legitgrams.com\/product\/mdma\/","url":"https:\/\/legitgrams.com\/product\/mdma\/","name":"MDMA zu verkaufen - MDMA online kaufen mit schnellstem Versand","isPartOf":{"@id":"https:\/\/legitgrams.com\/#website"},"primaryImageOfPage":{"@id":"https:\/\/legitgrams.com\/product\/mdma\/#primaryimage"},"image":{"@id":"https:\/\/legitgrams.com\/product\/mdma\/#primaryimage"},"thumbnailUrl":"https:\/\/legitgrams.com\/wp-content\/uploads\/2024\/08\/mdma.png","datePublished":"2024-08-03T05:48:45+00:00","dateModified":"2026-02-23T11:56:07+00:00","description":"Ihre Bestellung f\u00fcr MDMA zu verkaufen ist unsere Verantwortung. Wir werden Ihren Auftrag zum Kauf von MDMA ber\u00fccksichtigen und Sie in kurzer Zeit erreichen. Jetzt Gro\u00dfbestellungen aufgeben!","breadcrumb":{"@id":"https:\/\/legitgrams.com\/product\/mdma\/#breadcrumb"},"inLanguage":"de","potentialAction":[{"@type":"ReadAction","target":["https:\/\/legitgrams.com\/product\/mdma\/"]}]},{"@type":"ImageObject","inLanguage":"de","@id":"https:\/\/legitgrams.com\/product\/mdma\/#primaryimage","url":"https:\/\/legitgrams.com\/wp-content\/uploads\/2024\/08\/mdma.png","contentUrl":"https:\/\/legitgrams.com\/wp-content\/uploads\/2024\/08\/mdma.png","width":1200,"height":1200,"caption":"MDMA for Sale"},{"@type":"BreadcrumbList","@id":"https:\/\/legitgrams.com\/product\/mdma\/#breadcrumb","itemListElement":[{"@type":"ListItem","position":1,"name":"Home","item":"https:\/\/legitgrams.com\/"},{"@type":"ListItem","position":2,"name":"Shop","item":"https:\/\/legitgrams.com\/shop\/"},{"@type":"ListItem","position":3,"name":"Buy MDMA Online"}]},{"@type":"WebSite","@id":"https:\/\/legitgrams.com\/#website","url":"https:\/\/legitgrams.com\/","name":"Legitimer Grammwert","description":"Mein WordPress-Blog","publisher":{"@id":"https:\/\/legitgrams.com\/#organization"},"potentialAction":[{"@type":"SearchAction","target":{"@type":"EntryPoint","urlTemplate":"https:\/\/legitgrams.com\/?s={search_term_string}"},"query-input":{"@type":"PropertyValueSpecification","valueRequired":true,"valueName":"search_term_string"}}],"inLanguage":"de"},{"@type":"Organization","@id":"https:\/\/legitgrams.com\/#organization","name":"Legitimer Grammwert","url":"https:\/\/legitgrams.com\/","logo":{"@type":"ImageObject","inLanguage":"de","@id":"https:\/\/legitgrams.com\/#\/schema\/logo\/image\/","url":"https:\/\/legitgrams.com\/wp-content\/uploads\/2024\/09\/main-logo.png","contentUrl":"https:\/\/legitgrams.com\/wp-content\/uploads\/2024\/09\/main-logo.png","width":270,"height":75,"caption":"Legit Grams"},"image":{"@id":"https:\/\/legitgrams.com\/#\/schema\/logo\/image\/"}}]}},"uagb_featured_image_src":{"full":["https:\/\/legitgrams.com\/wp-content\/uploads\/2024\/08\/mdma.png",1200,1200,false],"thumbnail":["https:\/\/legitgrams.com\/wp-content\/uploads\/2024\/08\/mdma-150x150.png",150,150,true],"medium":["https:\/\/legitgrams.com\/wp-content\/uploads\/2024\/08\/mdma-300x300.png",300,300,true],"medium_large":["https:\/\/legitgrams.com\/wp-content\/uploads\/2024\/08\/mdma-768x768.png",768,768,true],"large":["https:\/\/legitgrams.com\/wp-content\/uploads\/2024\/08\/mdma-1024x1024.png",1024,1024,true],"1536x1536":["https:\/\/legitgrams.com\/wp-content\/uploads\/2024\/08\/mdma.png",1200,1200,false],"2048x2048":["https:\/\/legitgrams.com\/wp-content\/uploads\/2024\/08\/mdma.png",1200,1200,false],"trp-custom-language-flag":["https:\/\/legitgrams.com\/wp-content\/uploads\/2024\/08\/mdma-12x12.png",12,12,true],"woocommerce_thumbnail":["https:\/\/legitgrams.com\/wp-content\/uploads\/2024\/08\/mdma-300x300.png",300,300,true],"woocommerce_single":["https:\/\/legitgrams.com\/wp-content\/uploads\/2024\/08\/mdma-600x600.png",600,600,true],"woocommerce_gallery_thumbnail":["https:\/\/legitgrams.com\/wp-content\/uploads\/2024\/08\/mdma-100x100.png",100,100,true]},"uagb_author_info":{"display_name":"cokeblog18","author_link":"https:\/\/legitgrams.com\/de\/author\/"},"uagb_comment_info":6,"uagb_excerpt":"MDMA Crystals for Internet Purchase MDMA: What is it? Note: Methenedioxymethamphetamine (MDMA) may not be present in drugs marketed as MDMA (ecstasy); instead, they may contain a combination of amphetamine, paramethoxyamphetamine (PMA), ketamine, NBOMe, synthetic cathinones, or other chemicals. Methylenedioxymethamphetamine, or MDMA, is an empathogen that heightens a person&#8217;s sense of warmth and empathy as&hellip;","_links":{"self":[{"href":"https:\/\/legitgrams.com\/de\/wp-json\/wp\/v2\/product\/3303","targetHints":{"allow":["GET"]}}],"collection":[{"href":"https:\/\/legitgrams.com\/de\/wp-json\/wp\/v2\/product"}],"about":[{"href":"https:\/\/legitgrams.com\/de\/wp-json\/wp\/v2\/types\/product"}],"replies":[{"embeddable":true,"href":"https:\/\/legitgrams.com\/de\/wp-json\/wp\/v2\/comments?post=3303"}],"wp:featuredmedia":[{"embeddable":true,"href":"https:\/\/legitgrams.com\/de\/wp-json\/wp\/v2\/media\/3632"}],"wp:attachment":[{"href":"https:\/\/legitgrams.com\/de\/wp-json\/wp\/v2\/media?parent=3303"}],"wp:term":[{"taxonomy":"product_brand","embeddable":true,"href":"https:\/\/legitgrams.com\/de\/wp-json\/wp\/v2\/product_brand?post=3303"},{"taxonomy":"product_cat","embeddable":true,"href":"https:\/\/legitgrams.com\/de\/wp-json\/wp\/v2\/product_cat?post=3303"},{"taxonomy":"product_tag","embeddable":true,"href":"https:\/\/legitgrams.com\/de\/wp-json\/wp\/v2\/product_tag?post=3303"}],"curies":[{"name":"wp","href":"https:\/\/api.w.org\/{rel}","templated":true}]}}