{"id":3308,"date":"2024-08-03T05:49:29","date_gmt":"2024-08-03T05:49:29","guid":{"rendered":"https:\/\/cokebricks.com\/?post_type=product&#038;p=3308"},"modified":"2025-01-11T11:46:23","modified_gmt":"2025-01-11T11:46:23","slug":"6clbca","status":"publish","type":"product","link":"https:\/\/legitgrams.com\/de\/produkt\/6clbca\/","title":{"rendered":"6clbca"},"content":{"rendered":"<h2>6cl-adb-a for sale: Purchase 6cladba online in the USA<\/h2>\n<p><a href=\"https:\/\/en.wikipedia.org\/wiki\/Cannabichromenic_acid\">Get 6CLBCA<\/a>. Ein neues Cannabinoid namens 6CLADBA oder 6-CL-ADB-A wurde entwickelt, um die Rolle von 5-CL-ADB-A zu \u00fcbernehmen. 6CLADBA wird von vielen EU-L\u00e4ndern als g\u00fcltige Organisation anerkannt. 6cladba kann online gekauft und zeitnah, kosteng\u00fcnstig und sicher an jeden Ort der Welt geliefert werden. 6cladba kann online gekauft werden unter <a href=\"https:\/\/legitgrams.com\/de\/\">LegitGrams.<\/a><\/p>\n<p>Ein Chemiker entwickelte die Designerdroge 6CLADBA, die sowohl physiologische als auch psychotrope Wirkungen hat.<\/p>\n<p>What adverse effects <a href=\"https:\/\/legitgrams.com\/de\/produkt\/6clbca\/\">6CLADBA<\/a> may have is unknown.<\/p>\n<p>Die physiologischen und toxikologischen Folgen von 6CLADBA wurden nicht untersucht.<\/p>\n<p>F\u00fcr Leute, die 6cladba online kaufen m\u00f6chten, sind Legit Cannabinoids immer verf\u00fcgbar. Bestellen Sie jetzt!<\/p>\n<p>Negative Folgen von 6cl-adb-a<\/p>\n<p>Dieses synthetische Cannabis wurde erst vor kurzem entwickelt und ist frei erh\u00e4ltlich. Wir empfehlen Ihnen jedoch, es von einem vertrauensw\u00fcrdigen Lieferanten zu beziehen. Die Forschungschemikalie 6cl-adb-a wird von uns geliefert. Unser Ziel ist es, erstklassiges Cannabis zu einem fairen Preis anzubieten. Sie sollten sich jedoch vor dem Kauf der Nebenwirkungen des Medikaments bewusst sein. Die genaue Wirkungsweise dieses neuen synthetischen Cannabinoids ist derzeit unbekannt. Sie sollten dies um jeden Preis vermeiden.<\/p>\n<p>Eine offizielle Untersuchung ergab, dass diese Substanz beim Rauchen oder Inhalieren schwere Angstzust\u00e4nde, Stimmungsaufhellung, Herzrasen, \u00dcbelkeit, gesteigerte Energie und sogar Selbstmordgedanken verursachen kann. Die Forschungschemikalie 6CLADBA kann in den USA online gekauft werden.<\/p>\n<h3>ausgezeichnetes Kaliber 6CLADBA<\/h3>\n<p>Unsere umfangreiche Gesch\u00e4ftserfahrung erm\u00f6glicht es uns, stets die besten Produkte mit diskreter Verpackung und schnellem Versand anzubieten. Unser Unternehmen verkauft hochwertige Designermedikamente online. Dank der Geschmackstests im Labor sind alle unsere Produkte f\u00fcr die Verwendung in der Forschung sicher. Sie k\u00f6nnen 6CLADBA-Forschungsprodukte legal bei uns kaufen, da wir ein seri\u00f6ses Unternehmen sind. Kaufen Sie 6CLBCA.<\/p>\n<p>6CLADBA ist am g\u00fcnstigsten.<\/p>\n<h3>Welche Vorteile bietet der Kauf von 6CLADBA bei seri\u00f6sen Cannabis-Internetverk\u00e4ufern?<\/h3>\n<p>LegitGrams ist ein vertrauensw\u00fcrdiger globaler Anbieter von Forschungschemikalien. 6CLADBA ist eine der zahlreichen Forschungschemikalien, die wir verkaufen. Sie k\u00f6nnen uns jederzeit kontaktieren, um Ihre Bestellung aufzugeben, und wir versprechen, dass Sie nicht entt\u00e4uscht sein werden.<\/p>\n<p>6CLADBA ist hier zu einem fairen Preis erh\u00e4ltlich. Hier bieten wir ausschlie\u00dflich Premium-Waren zum Verkauf an. Wir arrangieren die Bestellung und bieten diskreten, sicheren Versand an, nachdem uns alle Bestelldetails vorliegen. Alle unsere Produkte sind zu 99,9 % rein.<\/p>\n<p>Wir garantieren, dass unser Online-Shop das Paket sicher und ohne Besch\u00e4digung der Ware liefert. Wir \u00fcbernehmen die volle Verantwortung f\u00fcr die Artikel, bis sie beim Verbraucher ankommen. Wir versenden nur die reinsten Forschungsmaterialien in alle L\u00e4nder der Welt. Bisher haben wir langj\u00e4hrige, freundschaftliche Arbeitsbeziehungen zu unseren Kunden weltweit aufgebaut und fantastisches Feedback von ihnen erhalten. Aber wenn Sie nach einem g\u00fcnstigen Interneth\u00e4ndler suchen, der 6CLADBA verkauft, sind Sie hier richtig.<\/p>","protected":false},"excerpt":{"rendered":"<p>6cl-adb-a for sale: Purchase 6cladba online in the USA Get 6CLBCA. A new cannabinoid called 6CLADBA, or 6-CL-ADB-A, has been created to take the role of 5-CL-ADB-A. 6CLADBA is recognized as a valid organization by many EU countries. 6cladba can be purchased online and shipped to any location in the world in a timely, cost-effective, &hellip;<\/p>\n<p class=\"read-more\"> <a class=\"\" href=\"https:\/\/legitgrams.com\/de\/produkt\/6clbca\/\"> <span class=\"screen-reader-text\">6clbca<\/span> Mehr lesen \"<\/a><\/p>","protected":false},"featured_media":3325,"comment_status":"open","ping_status":"closed","template":"","meta":{"_uag_custom_page_level_css":"","site-sidebar-layout":"default","site-content-layout":"default","ast-global-header-display":"","ast-main-header-display":"","ast-hfb-above-header-display":"","ast-hfb-below-header-display":"","ast-hfb-mobile-header-display":"","site-post-title":"","ast-breadcrumbs-content":"","ast-featured-img":"","footer-sml-layout":"","theme-transparent-header-meta":"default","adv-header-id-meta":"","stick-header-meta":"default","header-above-stick-meta":"","header-main-stick-meta":"","header-below-stick-meta":"","_joinchat":[]},"product_brand":[],"product_cat":[190],"product_tag":[221,222,223,224,225,226,227,228,229,230,231,232],"class_list":{"0":"post-3308","1":"product","2":"type-product","3":"status-publish","4":"has-post-thumbnail","6":"product_cat-cannabinoids","7":"product_tag-6cladba-powder-australia","8":"product_tag-6cladba-powder-canada","9":"product_tag-6cladba-powder-greece","10":"product_tag-6cladba-powder-kuwait","11":"product_tag-6cladba-powder-review","12":"product_tag-6cladba-powder-spain","13":"product_tag-6cladba-powder-uk","14":"product_tag-6cladba-powder-usa","15":"product_tag-6clbca-cannabinoids","16":"product_tag-6clbca-cannabinoids-for-sale","17":"product_tag-6clbca-cannabinoids-reddit","18":"product_tag-6clbca-chemical","19":"desktop-align-left","20":"tablet-align-left","21":"mobile-align-left","22":"ast-product-gallery-layout-horizontal","23":"ast-product-gallery-with-no-image","24":"ast-product-single-variable","25":"ast-product-tabs-layout-horizontal","26":"ast-qv-on-image","28":"first","29":"instock","30":"shipping-taxable","31":"purchasable","32":"product-type-variable"},"yoast_head":"<!-- This site is optimized with the Yoast SEO plugin v25.9 - https:\/\/yoast.com\/wordpress\/plugins\/seo\/ -->\n<title>Order 6Clbca Powder Online - 6Clbca for Sale - Buy Today Now!<\/title>\n<meta name=\"description\" content=\"At our LegitGrams store, you can get 6clbca for sale at cheap rate. We deal with a-grade quality products only. Buy 6clbca powder online from our store now. Place your order right away!\" \/>\n<meta name=\"robots\" content=\"index, follow, max-snippet:-1, max-image-preview:large, max-video-preview:-1\" \/>\n<link rel=\"canonical\" href=\"https:\/\/legitgrams.com\/de\/produkt\/6clbca\/\" \/>\n<meta property=\"og:locale\" content=\"de_DE\" \/>\n<meta property=\"og:type\" content=\"article\" \/>\n<meta property=\"og:title\" content=\"Order 6Clbca Powder Online - 6Clbca for Sale - Buy Today Now!\" \/>\n<meta property=\"og:description\" content=\"At our LegitGrams store, you can get 6clbca for sale at cheap rate. We deal with a-grade quality products only. Buy 6clbca powder online from our store now. Place your order right away!\" \/>\n<meta property=\"og:url\" content=\"https:\/\/legitgrams.com\/de\/produkt\/6clbca\/\" \/>\n<meta property=\"og:site_name\" content=\"Legit Grams\" \/>\n<meta property=\"article:modified_time\" content=\"2025-01-11T11:46:23+00:00\" \/>\n<meta property=\"og:image\" content=\"https:\/\/legitgrams.com\/wp-content\/uploads\/2024\/08\/6clbca.gif\" \/>\n\t<meta property=\"og:image:width\" content=\"600\" \/>\n\t<meta property=\"og:image:height\" content=\"600\" \/>\n\t<meta property=\"og:image:type\" content=\"image\/gif\" \/>\n<meta name=\"twitter:card\" content=\"summary_large_image\" \/>\n<meta name=\"twitter:label1\" content=\"Gesch\u00e4tzte Lesezeit\" \/>\n\t<meta name=\"twitter:data1\" content=\"3\u00a0Minuten\" \/>\n<script type=\"application\/ld+json\" class=\"yoast-schema-graph\">{\"@context\":\"https:\/\/schema.org\",\"@graph\":[{\"@type\":\"WebPage\",\"@id\":\"https:\/\/legitgrams.com\/product\/6clbca\/\",\"url\":\"https:\/\/legitgrams.com\/product\/6clbca\/\",\"name\":\"Order 6Clbca Powder Online - 6Clbca for Sale - Buy Today Now!\",\"isPartOf\":{\"@id\":\"https:\/\/legitgrams.com\/#website\"},\"primaryImageOfPage\":{\"@id\":\"https:\/\/legitgrams.com\/product\/6clbca\/#primaryimage\"},\"image\":{\"@id\":\"https:\/\/legitgrams.com\/product\/6clbca\/#primaryimage\"},\"thumbnailUrl\":\"https:\/\/legitgrams.com\/wp-content\/uploads\/2024\/08\/6clbca.gif\",\"datePublished\":\"2024-08-03T05:49:29+00:00\",\"dateModified\":\"2025-01-11T11:46:23+00:00\",\"description\":\"At our LegitGrams store, you can get 6clbca for sale at cheap rate. We deal with a-grade quality products only. Buy 6clbca powder online from our store now. Place your order right away!\",\"breadcrumb\":{\"@id\":\"https:\/\/legitgrams.com\/product\/6clbca\/#breadcrumb\"},\"inLanguage\":\"de\",\"potentialAction\":[{\"@type\":\"ReadAction\",\"target\":[\"https:\/\/legitgrams.com\/product\/6clbca\/\"]}]},{\"@type\":\"ImageObject\",\"inLanguage\":\"de\",\"@id\":\"https:\/\/legitgrams.com\/product\/6clbca\/#primaryimage\",\"url\":\"https:\/\/legitgrams.com\/wp-content\/uploads\/2024\/08\/6clbca.gif\",\"contentUrl\":\"https:\/\/legitgrams.com\/wp-content\/uploads\/2024\/08\/6clbca.gif\",\"width\":600,\"height\":600,\"caption\":\"6Clbca for Sale\"},{\"@type\":\"BreadcrumbList\",\"@id\":\"https:\/\/legitgrams.com\/product\/6clbca\/#breadcrumb\",\"itemListElement\":[{\"@type\":\"ListItem\",\"position\":1,\"name\":\"Home\",\"item\":\"https:\/\/legitgrams.com\/\"},{\"@type\":\"ListItem\",\"position\":2,\"name\":\"Shop\",\"item\":\"https:\/\/legitgrams.com\/shop\/\"},{\"@type\":\"ListItem\",\"position\":3,\"name\":\"6clbca\"}]},{\"@type\":\"WebSite\",\"@id\":\"https:\/\/legitgrams.com\/#website\",\"url\":\"https:\/\/legitgrams.com\/\",\"name\":\"Legit Grams\",\"description\":\"My WordPress Blog\",\"publisher\":{\"@id\":\"https:\/\/legitgrams.com\/#organization\"},\"potentialAction\":[{\"@type\":\"SearchAction\",\"target\":{\"@type\":\"EntryPoint\",\"urlTemplate\":\"https:\/\/legitgrams.com\/?s={search_term_string}\"},\"query-input\":{\"@type\":\"PropertyValueSpecification\",\"valueRequired\":true,\"valueName\":\"search_term_string\"}}],\"inLanguage\":\"de\"},{\"@type\":\"Organization\",\"@id\":\"https:\/\/legitgrams.com\/#organization\",\"name\":\"Legit Grams\",\"url\":\"https:\/\/legitgrams.com\/\",\"logo\":{\"@type\":\"ImageObject\",\"inLanguage\":\"de\",\"@id\":\"https:\/\/legitgrams.com\/#\/schema\/logo\/image\/\",\"url\":\"https:\/\/legitgrams.com\/wp-content\/uploads\/2024\/09\/main-logo.png\",\"contentUrl\":\"https:\/\/legitgrams.com\/wp-content\/uploads\/2024\/09\/main-logo.png\",\"width\":270,\"height\":75,\"caption\":\"Legit Grams\"},\"image\":{\"@id\":\"https:\/\/legitgrams.com\/#\/schema\/logo\/image\/\"}}]}<\/script>\n<!-- \/ Yoast SEO plugin. -->","yoast_head_json":{"title":"Bestellen Sie 6Clbca-Pulver online \u2013 6Clbca zu verkaufen \u2013 Jetzt noch heute kaufen!","description":"In unserem LegitGrams Shop k\u00f6nnen Sie 6clbca zum Verkauf zu einem g\u00fcnstigen Preis bekommen. Wir befassen uns mit a-grade Qualit\u00e4tsprodukte nur. Kaufen Sie 6clbca Pulver online von unserem Shop jetzt. Geben Sie Ihre Bestellung sofort!","robots":{"index":"index","follow":"follow","max-snippet":"max-snippet:-1","max-image-preview":"max-image-preview:large","max-video-preview":"max-video-preview:-1"},"canonical":"https:\/\/legitgrams.com\/de\/produkt\/6clbca\/","og_locale":"de_DE","og_type":"article","og_title":"Order 6Clbca Powder Online - 6Clbca for Sale - Buy Today Now!","og_description":"At our LegitGrams store, you can get 6clbca for sale at cheap rate. We deal with a-grade quality products only. Buy 6clbca powder online from our store now. Place your order right away!","og_url":"https:\/\/legitgrams.com\/de\/produkt\/6clbca\/","og_site_name":"Legit Grams","article_modified_time":"2025-01-11T11:46:23+00:00","og_image":[{"width":600,"height":600,"url":"https:\/\/legitgrams.com\/wp-content\/uploads\/2024\/08\/6clbca.gif","type":"image\/gif"}],"twitter_card":"summary_large_image","twitter_misc":{"Gesch\u00e4tzte Lesezeit":"3\u00a0Minuten"},"schema":{"@context":"https:\/\/schema.org","@graph":[{"@type":"WebPage","@id":"https:\/\/legitgrams.com\/product\/6clbca\/","url":"https:\/\/legitgrams.com\/product\/6clbca\/","name":"Bestellen Sie 6Clbca-Pulver online \u2013 6Clbca zu verkaufen \u2013 Jetzt noch heute kaufen!","isPartOf":{"@id":"https:\/\/legitgrams.com\/#website"},"primaryImageOfPage":{"@id":"https:\/\/legitgrams.com\/product\/6clbca\/#primaryimage"},"image":{"@id":"https:\/\/legitgrams.com\/product\/6clbca\/#primaryimage"},"thumbnailUrl":"https:\/\/legitgrams.com\/wp-content\/uploads\/2024\/08\/6clbca.gif","datePublished":"2024-08-03T05:49:29+00:00","dateModified":"2025-01-11T11:46:23+00:00","description":"In unserem LegitGrams Shop k\u00f6nnen Sie 6clbca zum Verkauf zu einem g\u00fcnstigen Preis bekommen. Wir befassen uns mit a-grade Qualit\u00e4tsprodukte nur. Kaufen Sie 6clbca Pulver online von unserem Shop jetzt. Geben Sie Ihre Bestellung sofort!","breadcrumb":{"@id":"https:\/\/legitgrams.com\/product\/6clbca\/#breadcrumb"},"inLanguage":"de","potentialAction":[{"@type":"ReadAction","target":["https:\/\/legitgrams.com\/product\/6clbca\/"]}]},{"@type":"ImageObject","inLanguage":"de","@id":"https:\/\/legitgrams.com\/product\/6clbca\/#primaryimage","url":"https:\/\/legitgrams.com\/wp-content\/uploads\/2024\/08\/6clbca.gif","contentUrl":"https:\/\/legitgrams.com\/wp-content\/uploads\/2024\/08\/6clbca.gif","width":600,"height":600,"caption":"6Clbca for Sale"},{"@type":"BreadcrumbList","@id":"https:\/\/legitgrams.com\/product\/6clbca\/#breadcrumb","itemListElement":[{"@type":"ListItem","position":1,"name":"Home","item":"https:\/\/legitgrams.com\/"},{"@type":"ListItem","position":2,"name":"Shop","item":"https:\/\/legitgrams.com\/shop\/"},{"@type":"ListItem","position":3,"name":"6clbca"}]},{"@type":"WebSite","@id":"https:\/\/legitgrams.com\/#website","url":"https:\/\/legitgrams.com\/","name":"Legitimer Grammwert","description":"Mein WordPress-Blog","publisher":{"@id":"https:\/\/legitgrams.com\/#organization"},"potentialAction":[{"@type":"SearchAction","target":{"@type":"EntryPoint","urlTemplate":"https:\/\/legitgrams.com\/?s={search_term_string}"},"query-input":{"@type":"PropertyValueSpecification","valueRequired":true,"valueName":"search_term_string"}}],"inLanguage":"de"},{"@type":"Organization","@id":"https:\/\/legitgrams.com\/#organization","name":"Legitimer Grammwert","url":"https:\/\/legitgrams.com\/","logo":{"@type":"ImageObject","inLanguage":"de","@id":"https:\/\/legitgrams.com\/#\/schema\/logo\/image\/","url":"https:\/\/legitgrams.com\/wp-content\/uploads\/2024\/09\/main-logo.png","contentUrl":"https:\/\/legitgrams.com\/wp-content\/uploads\/2024\/09\/main-logo.png","width":270,"height":75,"caption":"Legit Grams"},"image":{"@id":"https:\/\/legitgrams.com\/#\/schema\/logo\/image\/"}}]}},"uagb_featured_image_src":{"full":["https:\/\/legitgrams.com\/wp-content\/uploads\/2024\/08\/6clbca.gif",600,600,false],"thumbnail":["https:\/\/legitgrams.com\/wp-content\/uploads\/2024\/08\/6clbca-150x150.gif",150,150,true],"medium":["https:\/\/legitgrams.com\/wp-content\/uploads\/2024\/08\/6clbca-300x300.gif",300,300,true],"medium_large":["https:\/\/legitgrams.com\/wp-content\/uploads\/2024\/08\/6clbca.gif",600,600,false],"large":["https:\/\/legitgrams.com\/wp-content\/uploads\/2024\/08\/6clbca.gif",600,600,false],"1536x1536":["https:\/\/legitgrams.com\/wp-content\/uploads\/2024\/08\/6clbca.gif",600,600,false],"2048x2048":["https:\/\/legitgrams.com\/wp-content\/uploads\/2024\/08\/6clbca.gif",600,600,false],"trp-custom-language-flag":["https:\/\/legitgrams.com\/wp-content\/uploads\/2024\/08\/6clbca-12x12.gif",12,12,true],"woocommerce_thumbnail":["https:\/\/legitgrams.com\/wp-content\/uploads\/2024\/08\/6clbca-300x300.gif",300,300,true],"woocommerce_single":["https:\/\/legitgrams.com\/wp-content\/uploads\/2024\/08\/6clbca.gif",600,600,false],"woocommerce_gallery_thumbnail":["https:\/\/legitgrams.com\/wp-content\/uploads\/2024\/08\/6clbca-100x100.gif",100,100,true]},"uagb_author_info":{"display_name":"cokeblog18","author_link":"https:\/\/legitgrams.com\/de\/author\/"},"uagb_comment_info":0,"uagb_excerpt":"6cl-adb-a for sale: Purchase 6cladba online in the USA Get 6CLBCA. A new cannabinoid called 6CLADBA, or 6-CL-ADB-A, has been created to take the role of 5-CL-ADB-A. 6CLADBA is recognized as a valid organization by many EU countries. 6cladba can be purchased online and shipped to any location in the world in a timely, cost-effective,&hellip;","_links":{"self":[{"href":"https:\/\/legitgrams.com\/de\/wp-json\/wp\/v2\/product\/3308","targetHints":{"allow":["GET"]}}],"collection":[{"href":"https:\/\/legitgrams.com\/de\/wp-json\/wp\/v2\/product"}],"about":[{"href":"https:\/\/legitgrams.com\/de\/wp-json\/wp\/v2\/types\/product"}],"replies":[{"embeddable":true,"href":"https:\/\/legitgrams.com\/de\/wp-json\/wp\/v2\/comments?post=3308"}],"wp:featuredmedia":[{"embeddable":true,"href":"https:\/\/legitgrams.com\/de\/wp-json\/wp\/v2\/media\/3325"}],"wp:attachment":[{"href":"https:\/\/legitgrams.com\/de\/wp-json\/wp\/v2\/media?parent=3308"}],"wp:term":[{"taxonomy":"product_brand","embeddable":true,"href":"https:\/\/legitgrams.com\/de\/wp-json\/wp\/v2\/product_brand?post=3308"},{"taxonomy":"product_cat","embeddable":true,"href":"https:\/\/legitgrams.com\/de\/wp-json\/wp\/v2\/product_cat?post=3308"},{"taxonomy":"product_tag","embeddable":true,"href":"https:\/\/legitgrams.com\/de\/wp-json\/wp\/v2\/product_tag?post=3308"}],"curies":[{"name":"wp","href":"https:\/\/api.w.org\/{rel}","templated":true}]}}