{"id":3309,"date":"2024-08-03T05:49:04","date_gmt":"2024-08-03T05:49:04","guid":{"rendered":"https:\/\/cokebricks.com\/?post_type=product&#038;p=3309"},"modified":"2025-01-14T09:58:04","modified_gmt":"2025-01-14T09:58:04","slug":"mfpep","status":"publish","type":"product","link":"https:\/\/legitgrams.com\/de\/produkt\/mfpep\/","title":{"rendered":"MFPEP"},"content":{"rendered":"<p>Das Forschungsmedikament <strong>2-Methyl-6-(phenylethinyl)pyridin (MPEP)<\/strong> geh\u00f6rte zu den ersten Substanzen, bei denen eine selektive Antagonistenfunktion f\u00fcr den mGluR5-Subtyp des metabotropen Glutamatrezeptors entdeckt wurde.<\/p>\n<p>MPEP wurde in erster Linie als Leitsubstanz verwendet, um st\u00e4rkere und selektivere mGluR5-Antagonisten wie MTEP zu entwickeln. Studien mit MPEP selbst laufen jedoch noch, und k\u00fcrzlich wurde gezeigt, dass es die Menge an Nikotin, Kokain, Ketamin und Heroin verringert, die Tiere sich selbst verabreichen, m\u00f6glicherweise durch eine Verst\u00e4rkung der belohnenden Wirkung des selbst verabreichten Medikaments. Dar\u00fcber hinaus wurde festgestellt, dass MPEP allein schwache verst\u00e4rkende Wirkungen hat.<\/p>\n<h3>MFPEP online Kaufen bei seri\u00f6sen Lieferanten und H\u00e4ndlern.<\/h3>\n<p><a href=\"https:\/\/legitgrams.com\/de\/produkt\/mfpep\/\">MFPEP Online kaufen<\/a> wird bereitgestellt von. Wir gelten als die besten und erfahrensten Online-H\u00e4ndler und -Lieferanten von MFPEP. Der Online-Kauf von MFPEP ist ganz einfach, wenn Sie in den USA, Australien, Kanada oder Europa leben.<\/p>\n<p>Wir sind auf diesem Gebiet sehr kompetent und verwenden daher die besten Forschungschemikalien und -pulver. Wir unterst\u00fctzen seit mehreren Jahren diejenigen, die dies w\u00fcnschen. Dieses Produkt kann hier zu einem fairen Preis erworben werden. Geben Sie uns noch heute Ihre Spezifikationen und wir werden es so schnell wie m\u00f6glich erledigen.<\/p>\n<h3>Warum sollten Sie sich f\u00fcr MFPEP Online von LegitGrams entscheiden?<\/h3>\n<p><a href=\"https:\/\/legitgrams.com\/de\/produkt\/mfpep\/\">MFPEP<\/a> ist ab sofort bequem bei uns im Shop erh\u00e4ltlich. Dar\u00fcber hinaus gibt es viele gute Argumente, uns als Ihren bevorzugten H\u00e4ndler auszuw\u00e4hlen.<\/p>\n<p>Wir haben auf diesem Gebiet eine lange Geschichte.<\/p>\n<p>Wir kooperieren mit renommierten, traditionsreichen Unternehmen.<\/p>\n<p>Wir bieten weiterhin hochwertige, reine und wirksame Produkte an.s<\/p>\n<p>Wir bieten unseren Kunden die sichersten und schnellsten Lieferoptionen.<\/p>\n<p>To guarantee secure delivery, we package each and every one of our products.<\/p>\n<p>Wir bieten unseren Kunden auch Support nach dem Kauf. <a href=\"https:\/\/legitgrams.com\/de\/\">LegitGrams<\/a><\/p>\n<h3>Wo kann ich MFPEP online kaufen?<\/h3>\n<p>Der beste Ort daf\u00fcr ist Coke Bricks. Sie k\u00f6nnen sich darauf verlassen, dass unser Internetshop das Beste liefert. Wir bieten weltweiten Versand f\u00fcr unsere Produkte. Sie k\u00f6nnen uns jederzeit und von jedem Ort der Welt aus erreichen.<br \/>\nWir sind hier, um Ihnen zu helfen, da wir mit allem hier oben ausgestattet sind. Unser Online-Shop kann Ihnen dabei helfen, sich nicht auf eine bestimmte Komponente konzentrieren zu m\u00fcssen.<\/p>\n<p>Die Hinzuf\u00fcgung von MFPEP zu Ihren Online-Eink\u00e4ufen ist auf unserer offiziellen Website ganz einfach. Sobald Sie Ihre bevorzugte Zahlungsmethode gew\u00e4hlt haben, k\u00f6nnen Sie zur Kasse gehen. Keine Sorge, was Ihre pers\u00f6nlichen Daten betrifft. Bei uns sind Ihre privaten Daten absolut sicher. Wenden Sie sich an unseren Online-Shop, um MFPEP von seri\u00f6sen Herstellern und Verk\u00e4ufern zu kaufen. Kaufen Sie <a href=\"https:\/\/en.namu.wiki\/w\/MDPOPE\">MFPEP<\/a> Online!<\/p>\n<p>&nbsp;<\/p>","protected":false},"excerpt":{"rendered":"<p>The research medication 2-Methyl-6-(phenylethynyl)pyridine (MPEP) was among the first substances to be discovered to function as a selective antagonist for the mGluR5 subtype of the metabotropic glutamate receptor. MPEP has primarily been used as a lead compound to create more powerful and selective mGluR5 antagonists like MTEP. However, studies employing MPEP itself are still ongoing, &hellip;<\/p>\n<p class=\"read-more\"> <a class=\"\" href=\"https:\/\/legitgrams.com\/de\/produkt\/mfpep\/\"> <span class=\"screen-reader-text\">MFPEP<\/span> Mehr lesen \"<\/a><\/p>","protected":false},"featured_media":3321,"comment_status":"open","ping_status":"closed","template":"","meta":{"_uag_custom_page_level_css":"","site-sidebar-layout":"default","site-content-layout":"default","ast-global-header-display":"","ast-main-header-display":"","ast-hfb-above-header-display":"","ast-hfb-below-header-display":"","ast-hfb-mobile-header-display":"","site-post-title":"","ast-breadcrumbs-content":"","ast-featured-img":"","footer-sml-layout":"","theme-transparent-header-meta":"default","adv-header-id-meta":"","stick-header-meta":"default","header-above-stick-meta":"","header-main-stick-meta":"","header-below-stick-meta":"","_joinchat":[]},"product_brand":[],"product_cat":[190],"product_tag":[283,284,285,286,275,276,277,278,279,280,281,282],"class_list":{"0":"post-3309","1":"product","2":"type-product","3":"status-publish","4":"has-post-thumbnail","6":"product_cat-cannabinoids","7":"product_tag-mfpep-cannabinoids","8":"product_tag-mfpep-cannabinoids-for-sale","9":"product_tag-mfpep-cannabinoids-reddit","10":"product_tag-mfpep-chemical","11":"product_tag-mfpep-powder-australia","12":"product_tag-mfpep-powder-canada","13":"product_tag-mfpep-powder-greece","14":"product_tag-mfpep-powder-kuwait","15":"product_tag-mfpep-powder-review","16":"product_tag-mfpep-powder-spain","17":"product_tag-mfpep-powder-uk","18":"product_tag-mfpep-powder-usa","19":"desktop-align-left","20":"tablet-align-left","21":"mobile-align-left","22":"ast-product-gallery-layout-horizontal","23":"ast-product-gallery-with-no-image","24":"ast-product-single-variable","25":"ast-product-tabs-layout-horizontal","26":"ast-qv-on-image","28":"first","29":"instock","30":"shipping-taxable","31":"purchasable","32":"product-type-variable"},"yoast_head":"<!-- This site is optimized with the Yoast SEO plugin v25.9 - https:\/\/yoast.com\/wordpress\/plugins\/seo\/ -->\n<title>MFPEP for Sale - Buy MFPEP Powder Online | LegitGrams<\/title>\n<meta name=\"description\" content=\"Your requirement to buy MFPEP can be fulfilled at our online Legitgrams store as we are having MFPEP for sale here. Place your order and get affordable deals every day.\" \/>\n<meta name=\"robots\" content=\"index, follow, max-snippet:-1, max-image-preview:large, max-video-preview:-1\" \/>\n<link rel=\"canonical\" href=\"https:\/\/legitgrams.com\/de\/produkt\/mfpep\/\" \/>\n<meta property=\"og:locale\" content=\"de_DE\" \/>\n<meta property=\"og:type\" content=\"article\" \/>\n<meta property=\"og:title\" content=\"MFPEP for Sale - Buy MFPEP Powder Online | LegitGrams\" \/>\n<meta property=\"og:description\" content=\"Your requirement to buy MFPEP can be fulfilled at our online Legitgrams store as we are having MFPEP for sale here. Place your order and get affordable deals every day.\" \/>\n<meta property=\"og:url\" content=\"https:\/\/legitgrams.com\/de\/produkt\/mfpep\/\" \/>\n<meta property=\"og:site_name\" content=\"Legit Grams\" \/>\n<meta property=\"article:modified_time\" content=\"2025-01-14T09:58:04+00:00\" \/>\n<meta property=\"og:image\" content=\"https:\/\/legitgrams.com\/wp-content\/uploads\/2024\/08\/MFPEP.gif\" \/>\n\t<meta property=\"og:image:width\" content=\"600\" \/>\n\t<meta property=\"og:image:height\" content=\"600\" \/>\n\t<meta property=\"og:image:type\" content=\"image\/gif\" \/>\n<meta name=\"twitter:card\" content=\"summary_large_image\" \/>\n<meta name=\"twitter:label1\" content=\"Gesch\u00e4tzte Lesezeit\" \/>\n\t<meta name=\"twitter:data1\" content=\"2\u00a0Minuten\" \/>\n<script type=\"application\/ld+json\" class=\"yoast-schema-graph\">{\"@context\":\"https:\/\/schema.org\",\"@graph\":[{\"@type\":\"WebPage\",\"@id\":\"https:\/\/legitgrams.com\/product\/mfpep\/\",\"url\":\"https:\/\/legitgrams.com\/product\/mfpep\/\",\"name\":\"MFPEP for Sale - Buy MFPEP Powder Online | LegitGrams\",\"isPartOf\":{\"@id\":\"https:\/\/legitgrams.com\/#website\"},\"primaryImageOfPage\":{\"@id\":\"https:\/\/legitgrams.com\/product\/mfpep\/#primaryimage\"},\"image\":{\"@id\":\"https:\/\/legitgrams.com\/product\/mfpep\/#primaryimage\"},\"thumbnailUrl\":\"https:\/\/legitgrams.com\/wp-content\/uploads\/2024\/08\/MFPEP.gif\",\"datePublished\":\"2024-08-03T05:49:04+00:00\",\"dateModified\":\"2025-01-14T09:58:04+00:00\",\"description\":\"Your requirement to buy MFPEP can be fulfilled at our online Legitgrams store as we are having MFPEP for sale here. Place your order and get affordable deals every day.\",\"breadcrumb\":{\"@id\":\"https:\/\/legitgrams.com\/product\/mfpep\/#breadcrumb\"},\"inLanguage\":\"de\",\"potentialAction\":[{\"@type\":\"ReadAction\",\"target\":[\"https:\/\/legitgrams.com\/product\/mfpep\/\"]}]},{\"@type\":\"ImageObject\",\"inLanguage\":\"de\",\"@id\":\"https:\/\/legitgrams.com\/product\/mfpep\/#primaryimage\",\"url\":\"https:\/\/legitgrams.com\/wp-content\/uploads\/2024\/08\/MFPEP.gif\",\"contentUrl\":\"https:\/\/legitgrams.com\/wp-content\/uploads\/2024\/08\/MFPEP.gif\",\"width\":600,\"height\":600,\"caption\":\"MFPEP for Sale\"},{\"@type\":\"BreadcrumbList\",\"@id\":\"https:\/\/legitgrams.com\/product\/mfpep\/#breadcrumb\",\"itemListElement\":[{\"@type\":\"ListItem\",\"position\":1,\"name\":\"Home\",\"item\":\"https:\/\/legitgrams.com\/\"},{\"@type\":\"ListItem\",\"position\":2,\"name\":\"Shop\",\"item\":\"https:\/\/legitgrams.com\/shop\/\"},{\"@type\":\"ListItem\",\"position\":3,\"name\":\"MFPEP\"}]},{\"@type\":\"WebSite\",\"@id\":\"https:\/\/legitgrams.com\/#website\",\"url\":\"https:\/\/legitgrams.com\/\",\"name\":\"Legit Grams\",\"description\":\"My WordPress Blog\",\"publisher\":{\"@id\":\"https:\/\/legitgrams.com\/#organization\"},\"potentialAction\":[{\"@type\":\"SearchAction\",\"target\":{\"@type\":\"EntryPoint\",\"urlTemplate\":\"https:\/\/legitgrams.com\/?s={search_term_string}\"},\"query-input\":{\"@type\":\"PropertyValueSpecification\",\"valueRequired\":true,\"valueName\":\"search_term_string\"}}],\"inLanguage\":\"de\"},{\"@type\":\"Organization\",\"@id\":\"https:\/\/legitgrams.com\/#organization\",\"name\":\"Legit Grams\",\"url\":\"https:\/\/legitgrams.com\/\",\"logo\":{\"@type\":\"ImageObject\",\"inLanguage\":\"de\",\"@id\":\"https:\/\/legitgrams.com\/#\/schema\/logo\/image\/\",\"url\":\"https:\/\/legitgrams.com\/wp-content\/uploads\/2024\/09\/main-logo.png\",\"contentUrl\":\"https:\/\/legitgrams.com\/wp-content\/uploads\/2024\/09\/main-logo.png\",\"width\":270,\"height\":75,\"caption\":\"Legit Grams\"},\"image\":{\"@id\":\"https:\/\/legitgrams.com\/#\/schema\/logo\/image\/\"}}]}<\/script>\n<!-- \/ Yoast SEO plugin. -->","yoast_head_json":{"title":"MFPEP zu verkaufen - MFPEP-Pulver online kaufen | LegitGrams","description":"Ihre Anforderung, MFPEP zu kaufen, kann in unserem Online-Legitgrams-Shop erf\u00fcllt werden, da wir hier MFPEP zum Verkauf haben. Geben Sie Ihre Bestellung auf und erhalten Sie jeden Tag g\u00fcnstige Angebote.","robots":{"index":"index","follow":"follow","max-snippet":"max-snippet:-1","max-image-preview":"max-image-preview:large","max-video-preview":"max-video-preview:-1"},"canonical":"https:\/\/legitgrams.com\/de\/produkt\/mfpep\/","og_locale":"de_DE","og_type":"article","og_title":"MFPEP for Sale - Buy MFPEP Powder Online | LegitGrams","og_description":"Your requirement to buy MFPEP can be fulfilled at our online Legitgrams store as we are having MFPEP for sale here. Place your order and get affordable deals every day.","og_url":"https:\/\/legitgrams.com\/de\/produkt\/mfpep\/","og_site_name":"Legit Grams","article_modified_time":"2025-01-14T09:58:04+00:00","og_image":[{"width":600,"height":600,"url":"https:\/\/legitgrams.com\/wp-content\/uploads\/2024\/08\/MFPEP.gif","type":"image\/gif"}],"twitter_card":"summary_large_image","twitter_misc":{"Gesch\u00e4tzte Lesezeit":"2\u00a0Minuten"},"schema":{"@context":"https:\/\/schema.org","@graph":[{"@type":"WebPage","@id":"https:\/\/legitgrams.com\/product\/mfpep\/","url":"https:\/\/legitgrams.com\/product\/mfpep\/","name":"MFPEP zu verkaufen - MFPEP-Pulver online kaufen | LegitGrams","isPartOf":{"@id":"https:\/\/legitgrams.com\/#website"},"primaryImageOfPage":{"@id":"https:\/\/legitgrams.com\/product\/mfpep\/#primaryimage"},"image":{"@id":"https:\/\/legitgrams.com\/product\/mfpep\/#primaryimage"},"thumbnailUrl":"https:\/\/legitgrams.com\/wp-content\/uploads\/2024\/08\/MFPEP.gif","datePublished":"2024-08-03T05:49:04+00:00","dateModified":"2025-01-14T09:58:04+00:00","description":"Ihre Anforderung, MFPEP zu kaufen, kann in unserem Online-Legitgrams-Shop erf\u00fcllt werden, da wir hier MFPEP zum Verkauf haben. Geben Sie Ihre Bestellung auf und erhalten Sie jeden Tag g\u00fcnstige Angebote.","breadcrumb":{"@id":"https:\/\/legitgrams.com\/product\/mfpep\/#breadcrumb"},"inLanguage":"de","potentialAction":[{"@type":"ReadAction","target":["https:\/\/legitgrams.com\/product\/mfpep\/"]}]},{"@type":"ImageObject","inLanguage":"de","@id":"https:\/\/legitgrams.com\/product\/mfpep\/#primaryimage","url":"https:\/\/legitgrams.com\/wp-content\/uploads\/2024\/08\/MFPEP.gif","contentUrl":"https:\/\/legitgrams.com\/wp-content\/uploads\/2024\/08\/MFPEP.gif","width":600,"height":600,"caption":"MFPEP for Sale"},{"@type":"BreadcrumbList","@id":"https:\/\/legitgrams.com\/product\/mfpep\/#breadcrumb","itemListElement":[{"@type":"ListItem","position":1,"name":"Home","item":"https:\/\/legitgrams.com\/"},{"@type":"ListItem","position":2,"name":"Shop","item":"https:\/\/legitgrams.com\/shop\/"},{"@type":"ListItem","position":3,"name":"MFPEP"}]},{"@type":"WebSite","@id":"https:\/\/legitgrams.com\/#website","url":"https:\/\/legitgrams.com\/","name":"Legitimer Grammwert","description":"Mein WordPress-Blog","publisher":{"@id":"https:\/\/legitgrams.com\/#organization"},"potentialAction":[{"@type":"SearchAction","target":{"@type":"EntryPoint","urlTemplate":"https:\/\/legitgrams.com\/?s={search_term_string}"},"query-input":{"@type":"PropertyValueSpecification","valueRequired":true,"valueName":"search_term_string"}}],"inLanguage":"de"},{"@type":"Organization","@id":"https:\/\/legitgrams.com\/#organization","name":"Legitimer Grammwert","url":"https:\/\/legitgrams.com\/","logo":{"@type":"ImageObject","inLanguage":"de","@id":"https:\/\/legitgrams.com\/#\/schema\/logo\/image\/","url":"https:\/\/legitgrams.com\/wp-content\/uploads\/2024\/09\/main-logo.png","contentUrl":"https:\/\/legitgrams.com\/wp-content\/uploads\/2024\/09\/main-logo.png","width":270,"height":75,"caption":"Legit Grams"},"image":{"@id":"https:\/\/legitgrams.com\/#\/schema\/logo\/image\/"}}]}},"uagb_featured_image_src":{"full":["https:\/\/legitgrams.com\/wp-content\/uploads\/2024\/08\/MFPEP.gif",600,600,false],"thumbnail":["https:\/\/legitgrams.com\/wp-content\/uploads\/2024\/08\/MFPEP-150x150.gif",150,150,true],"medium":["https:\/\/legitgrams.com\/wp-content\/uploads\/2024\/08\/MFPEP-300x300.gif",300,300,true],"medium_large":["https:\/\/legitgrams.com\/wp-content\/uploads\/2024\/08\/MFPEP.gif",600,600,false],"large":["https:\/\/legitgrams.com\/wp-content\/uploads\/2024\/08\/MFPEP.gif",600,600,false],"1536x1536":["https:\/\/legitgrams.com\/wp-content\/uploads\/2024\/08\/MFPEP.gif",600,600,false],"2048x2048":["https:\/\/legitgrams.com\/wp-content\/uploads\/2024\/08\/MFPEP.gif",600,600,false],"trp-custom-language-flag":["https:\/\/legitgrams.com\/wp-content\/uploads\/2024\/08\/MFPEP-12x12.gif",12,12,true],"woocommerce_thumbnail":["https:\/\/legitgrams.com\/wp-content\/uploads\/2024\/08\/MFPEP-300x300.gif",300,300,true],"woocommerce_single":["https:\/\/legitgrams.com\/wp-content\/uploads\/2024\/08\/MFPEP.gif",600,600,false],"woocommerce_gallery_thumbnail":["https:\/\/legitgrams.com\/wp-content\/uploads\/2024\/08\/MFPEP-100x100.gif",100,100,true]},"uagb_author_info":{"display_name":"cokeblog18","author_link":"https:\/\/legitgrams.com\/de\/author\/"},"uagb_comment_info":0,"uagb_excerpt":"The research medication 2-Methyl-6-(phenylethynyl)pyridine (MPEP) was among the first substances to be discovered to function as a selective antagonist for the mGluR5 subtype of the metabotropic glutamate receptor. MPEP has primarily been used as a lead compound to create more powerful and selective mGluR5 antagonists like MTEP. However, studies employing MPEP itself are still ongoing,&hellip;","_links":{"self":[{"href":"https:\/\/legitgrams.com\/de\/wp-json\/wp\/v2\/product\/3309","targetHints":{"allow":["GET"]}}],"collection":[{"href":"https:\/\/legitgrams.com\/de\/wp-json\/wp\/v2\/product"}],"about":[{"href":"https:\/\/legitgrams.com\/de\/wp-json\/wp\/v2\/types\/product"}],"replies":[{"embeddable":true,"href":"https:\/\/legitgrams.com\/de\/wp-json\/wp\/v2\/comments?post=3309"}],"wp:featuredmedia":[{"embeddable":true,"href":"https:\/\/legitgrams.com\/de\/wp-json\/wp\/v2\/media\/3321"}],"wp:attachment":[{"href":"https:\/\/legitgrams.com\/de\/wp-json\/wp\/v2\/media?parent=3309"}],"wp:term":[{"taxonomy":"product_brand","embeddable":true,"href":"https:\/\/legitgrams.com\/de\/wp-json\/wp\/v2\/product_brand?post=3309"},{"taxonomy":"product_cat","embeddable":true,"href":"https:\/\/legitgrams.com\/de\/wp-json\/wp\/v2\/product_cat?post=3309"},{"taxonomy":"product_tag","embeddable":true,"href":"https:\/\/legitgrams.com\/de\/wp-json\/wp\/v2\/product_tag?post=3309"}],"curies":[{"name":"wp","href":"https:\/\/api.w.org\/{rel}","templated":true}]}}