{"id":3310,"date":"2024-08-03T05:49:56","date_gmt":"2024-08-03T05:49:56","guid":{"rendered":"https:\/\/cokebricks.com\/?post_type=product&#038;p=3310"},"modified":"2025-03-08T05:52:58","modified_gmt":"2025-03-08T05:52:58","slug":"adbb","status":"publish","type":"product","link":"https:\/\/legitgrams.com\/de\/produkt\/adbb\/","title":{"rendered":"ADBB online kaufen"},"content":{"rendered":"<h2>ADBB-Pulver zu verkaufen<\/h2>\n<p><a href=\"https:\/\/en.wikipedia.org\/wiki\/ADB\">ADBB online kaufen<\/a> Bestimmte synthetische Cannabisprodukte enthalten Bestandteile eines neu entwickelten synthetischen Narkotikums namens <a href=\"https:\/\/www.bing.com\/search?q=Buy%20ADBB%20Online&amp;qs=n&amp;form=QBRE&amp;sp=-1&amp;lq=0&amp;pq=buy%20adbb%20online&amp;sc=10-15&amp;sk=&amp;cvid=E242E5DB1CF647E7817D78DD43004610&amp;ghsh=0&amp;ghacc=0&amp;ghpl=\">ADBB<\/a>. Sie sind die starken Agonisten mit EC50-Werten von 0,52 nM bzw. 0,88 nM.<\/p>\n<p>der Rezeptoren f\u00fcr CB1 und CB2. Dennoch ist nichts \u00fcber die physiologischen oder toxikologischen Eigenschaften dieser Verbindung bekannt.<\/p>\n<p>Wozu dient das ADBB?<\/p>\n<p>Es ist nicht f\u00fcr den menschlichen Verzehr geeignet. <a href=\"https:\/\/www.bing.com\/search?q=Buy%20ADBB%20Online&amp;qs=n&amp;form=QBRE&amp;sp=-1&amp;lq=0&amp;pq=buy%20adbb%20online&amp;sc=10-15&amp;sk=&amp;cvid=E242E5DB1CF647E7817D78DD43004610&amp;ghsh=0&amp;ghacc=0&amp;ghpl=\">ADBB<\/a> medication. Researchers at forensic labs utilize this substance as a study chemical.<\/p>\n<h3>Welche nachteiligen Folgen hat das ADBB?<\/h3>\n<p>The following adverse consequences could result from using <a href=\"https:\/\/www.google.com\/search?q=Buy+ADBB+Online&amp;num=10&amp;sca_esv=1a2a07081c7891bb&amp;rlz=1C1RXQR_enIN1098IN1098&amp;sxsrf=AHTn8zr-KHxTTLzGR5g6z-5wgoi7gWgkjA%3A1741412995864&amp;ei=g9rLZ7u2NMTg1e8P4ve-qQE&amp;ved=0ahUKEwj7g5r45PmLAxVEcPUHHeK7LxUQ4dUDCBI&amp;uact=5&amp;oq=Buy+ADBB+Online&amp;gs_lp=Egxnd3Mtd2l6LXNlcnAiD0J1eSBBREJCIE9ubGluZTIHEAAYgAQYDTILEAAYFhjHAxgKGB4yCBAAGAgYDRgeMggQABgIGA0YHjIIEAAYCBgNGB4yCBAAGAgYDRgeMggQABgIGA0YHjIIEAAYCBgNGB4yCBAAGAgYDRgeMggQABgIGA0YHkiICFCCBFiCBHACeACQAQCYAZ4BoAGeAaoBAzAuMbgBA8gBAPgBAvgBAZgCAaACrgGYAwCIBgGSBwMwLjGgB-gG&amp;sclient=gws-wiz-serp\">ADBB powder<\/a> over time:<\/p>\n<p>o Halluzinationen<\/p>\n<p>o Kardiotoxizit\u00e4t<\/p>\n<p>o Konvulsionen<\/p>\n<p>o Niedrige K\u00f6rpertemperatur<\/p>\n<h4>Wie haben Sie von Butinaca ADB erfahren?<\/h4>\n<p>Ohne rationales Testen <a href=\"https:\/\/www.google.com\/search?q=Buy+ADBB+Online&amp;num=10&amp;sca_esv=1a2a07081c7891bb&amp;rlz=1C1RXQR_enIN1098IN1098&amp;sxsrf=AHTn8zr-KHxTTLzGR5g6z-5wgoi7gWgkjA%3A1741412995864&amp;ei=g9rLZ7u2NMTg1e8P4ve-qQE&amp;ved=0ahUKEwj7g5r45PmLAxVEcPUHHeK7LxUQ4dUDCBI&amp;uact=5&amp;oq=Buy+ADBB+Online&amp;gs_lp=Egxnd3Mtd2l6LXNlcnAiD0J1eSBBREJCIE9ubGluZTIHEAAYgAQYDTILEAAYFhjHAxgKGB4yCBAAGAgYDRgeMggQABgIGA0YHjIIEAAYCBgNGB4yCBAAGAgYDRgeMggQABgIGA0YHjIIEAAYCBgNGB4yCBAAGAgYDRgeMggQABgIGA0YHkiICFCCBFiCBHACeACQAQCYAZ4BoAGeAaoBAzAuMbgBA8gBAPgBAvgBAZgCAaACrgGYAwCIBgGSBwMwLjGgB-gG&amp;sclient=gws-wiz-serp\">ADB Butinaca<\/a> Ohne rationelle Tests ist ADB Butinaca schwer zu erkennen. Es vermischt sich gerne mit anderem ADB Butinaca, das zum Verkauf angeboten wird, und kommt nat\u00fcrlich als hellbraune oder gelbliche Partikel vor. Die Identifizierung wird schwierig, wenn eine kleine Menge von ADB Butinaca in einer Kostprobe vorhanden ist, da verschiedene Ger\u00e4te Fassadenidentifikatoren wie Farbe, Geruch und Geschmack verwenden k\u00f6nnen. Au\u00dferdem k\u00f6nnen sie gesprochen oder gesampelt werden. Die Menschen werfen die enthaltenen Proben ein, die als Stra\u00dfendroge f\u00fcr ADB Butinaca verkauft werden. Die Kundenrezensionen \u00fcber ADB Butinaca waren gr\u00f6\u00dftenteils positiv, nachdem sie das Unternehmen benutzt hatten. Forscher und Chemieliebhaber haben eine fantastische Gelegenheit, faszinierende Experimente durchzuf\u00fchren und den Weg zur Entdeckung der chemischen Eigenschaften dieses Materials zu ebnen, da so wenig dar\u00fcber bekannt ist. <a href=\"https:\/\/www.google.com\/search?q=Buy+ADBB+Online&amp;num=10&amp;sca_esv=1a2a07081c7891bb&amp;rlz=1C1RXQR_enIN1098IN1098&amp;sxsrf=AHTn8zr-KHxTTLzGR5g6z-5wgoi7gWgkjA%3A1741412995864&amp;ei=g9rLZ7u2NMTg1e8P4ve-qQE&amp;ved=0ahUKEwj7g5r45PmLAxVEcPUHHeK7LxUQ4dUDCBI&amp;uact=5&amp;oq=Buy+ADBB+Online&amp;gs_lp=Egxnd3Mtd2l6LXNlcnAiD0J1eSBBREJCIE9ubGluZTIHEAAYgAQYDTILEAAYFhjHAxgKGB4yCBAAGAgYDRgeMggQABgIGA0YHjIIEAAYCBgNGB4yCBAAGAgYDRgeMggQABgIGA0YHjIIEAAYCBgNGB4yCBAAGAgYDRgeMggQABgIGA0YHkiICFCCBFiCBHACeACQAQCYAZ4BoAGeAaoBAzAuMbgBA8gBAPgBAvgBAZgCAaACrgGYAwCIBgGSBwMwLjGgB-gG&amp;sclient=gws-wiz-serp\">ADB Butinaca<\/a>Die Kundenbewertungen von ADB Butinaca fielen \u00fcberwiegend positiv aus, nachdem sie das Unternehmen bereits genutzt hatten. Forscher und Chemieliebhaber haben hier die fantastische M\u00f6glichkeit, faszinierende Experimente durchzuf\u00fchren und die chemischen Eigenschaften dieses Materials zu erforschen, da noch so wenig dar\u00fcber bekannt ist.<\/p>\n<h4>Was veranlasst die Menschen zum Kauf von ADB Butinaca?<\/h4>\n<p>Es ist in einigen k\u00fcnstlichen Cannabisprodukten zu finden. Der bekannte amerikanische Pharmakonzern Pfizer hat dieses Designermedikament mit der Absicht entwickelt, es als potenzielles Schmerzmittel zu verwenden. Wenn Sie ein Forscher sind und es zu Forschungszwecken verwenden wollen, sollten Sie sich der m\u00f6glichen Gefahren und Nebenwirkungen bewusst sein. Es hat ebenso wie andere synthetische Cannabinoide psychotrope Eigenschaften. Au\u00dferdem wurde eine Reihe von unerw\u00fcnschten Folgen mit dieser Droge in Verbindung gebracht. Sie k\u00f6nnen dieses Medikament kaufen, um ADB Butinaca online von Orange Hems, einem zuverl\u00e4ssigen Online-H\u00e4ndler, zu erhalten. <a href=\"https:\/\/duckduckgo.com\/?q=Buy+ADBB+Online&amp;t=h_&amp;ia=web\">ADB Butinaca online<\/a> von Orange Hems, einem zuverl\u00e4ssigen Online-H\u00e4ndler.<\/p>\n<h4>Welche Folgen hat die ADB Butinaca?<\/h4>\n<p><a href=\"https:\/\/legitgrams.com\/de\/produkt\/adbb\/\">ADB-BUTINACA<\/a> ist ein neuartiges, starkes Material, das in der Regel in der Forschung eingesetzt wird. Diese neuartigen synthetischen Cannabinoide binden an die CB1- und CB2-Rezeptoren im K\u00f6rper. Sie sind eine k\u00fcnstliche Chemikalie.<\/p>\n<p>CB1- und CB2-Cannabinoidrezeptoren sind an einer Vielzahl von physiologischen Funktionen beteiligt.<\/p>\n<p>Gehirn und R\u00fcckenmark enthalten CB1, eine Komponente unseres zentralen Nervensystems, die bei der Vermittlung der berauschenden Wirkung von Cannabis hilft.<a href=\"https:\/\/legitgrams.com\/de\/\">Legitgramme<\/a><\/p>\n<p>CB2-Rezeptoren auf wei\u00dfen Blutk\u00f6rperchen steuern die Funktion der Immunzellen.<\/p>\n<p>Au\u00dferdem wird sie auf einer niedrigeren kognitiven Ebene ausgesprochen. Der Kauf von ADB-Butinaca ist illegal, und die ADB-BIANCA-Produkte sind schlecht dokumentiert. Da sie auf denselben Clearing-Akzeptor im Gehirn wirken, sind sie synthetisch dopaminerge.<\/p>\n<p>als TCH, die psychoaktive Komponente von Cannabis, und Kauf <a href=\"https:\/\/legitgrams.com\/de\/produkt\/adbb\/\">ADB Butinaca<\/a>. Sie \u00fcbernehmen keine Verantwortung f\u00fcr Kosten oder Handlungen, die aus einer Online-Bestellung f\u00fcr ADB Butinaca entstehen. <a href=\"https:\/\/duckduckgo.com\/?q=Buy+ADBB+Online&amp;t=h_&amp;ia=web\">Auftrag f\u00fcr ADB Butinaca<\/a>.<\/p>\n<p>Ist butinaca adb reguliert? adb butinaca dea kaufen, adb butinaca cayman kaufen, adb butinaca zum Verkauf kaufen<\/p>\n<p>Wo kann ich adb butinaca kaufen, wie kann ich adb butinaca in guter Qualit\u00e4t kaufen, wo kann ich adb butinaca kaufen, und wo kann ich 5f-adb bekommen?<\/p>\n<p>7-adb, trrcshop, 5f-adb-33n, adb-butinaca psychonaut, verwendungen, nebenwirkungen, und legale quellen f\u00fcr adb butinaca kauf<\/p>\n<p>&nbsp;<\/p>\n<p>&nbsp;<\/p>","protected":false},"excerpt":{"rendered":"<p>ADBB Powder for Sale Buy ADBB Online Certain synthetic cannabis products contain components of a newly developed synthetic narcotic called ADBB. They are the strong agonists with EC50 values of 0.52 nM and 0.88 nM, respectively. of receptors for CB1 and CB2. Nevertheless, nothing is known about this compound&#8217;s physiological or toxicological characteristics. What is &hellip;<\/p>\n<p class=\"read-more\"> <a class=\"\" href=\"https:\/\/legitgrams.com\/de\/produkt\/adbb\/\"> <span class=\"screen-reader-text\">ADBB online kaufen<\/span> Mehr lesen \"<\/a><\/p>","protected":false},"featured_media":3326,"comment_status":"open","ping_status":"closed","template":"","meta":{"_uag_custom_page_level_css":"","site-sidebar-layout":"default","site-content-layout":"default","ast-global-header-display":"","ast-main-header-display":"","ast-hfb-above-header-display":"","ast-hfb-below-header-display":"","ast-hfb-mobile-header-display":"","site-post-title":"","ast-breadcrumbs-content":"","ast-featured-img":"","footer-sml-layout":"","theme-transparent-header-meta":"default","adv-header-id-meta":"","stick-header-meta":"default","header-above-stick-meta":"","header-main-stick-meta":"","header-below-stick-meta":"","_joinchat":[]},"product_brand":[],"product_cat":[190],"product_tag":[191,192,193,194],"class_list":{"0":"post-3310","1":"product","2":"type-product","3":"status-publish","4":"has-post-thumbnail","6":"product_cat-cannabinoids","7":"product_tag-adb-powder-for-sale","8":"product_tag-buy-adbb","9":"product_tag-buy-adbb-powder-online","10":"product_tag-pure-adbb-powder-online-for-sale","11":"desktop-align-left","12":"tablet-align-left","13":"mobile-align-left","14":"ast-product-gallery-layout-horizontal","15":"ast-product-gallery-with-no-image","16":"ast-product-single-variable","17":"ast-product-tabs-layout-horizontal","18":"ast-qv-on-image","20":"first","21":"instock","22":"shipping-taxable","23":"purchasable","24":"product-type-variable"},"yoast_head":"<!-- This site is optimized with the Yoast SEO plugin v25.9 - https:\/\/yoast.com\/wordpress\/plugins\/seo\/ -->\n<title>ADBB for Sale - Order ADBB Online - Buy ADBB Powder Online<\/title>\n<meta name=\"description\" content=\"Where to buy adbb online at the best price? Find high-quality adbb for sale at our secure online store, catering to your research requirements. Order Now\" \/>\n<meta name=\"robots\" content=\"index, follow, max-snippet:-1, max-image-preview:large, max-video-preview:-1\" \/>\n<link rel=\"canonical\" href=\"https:\/\/legitgrams.com\/de\/produkt\/adbb\/\" \/>\n<meta property=\"og:locale\" content=\"de_DE\" \/>\n<meta property=\"og:type\" content=\"article\" \/>\n<meta property=\"og:title\" content=\"ADBB for Sale - Order ADBB Online - Buy ADBB Powder Online\" \/>\n<meta property=\"og:description\" content=\"Where to buy adbb online at the best price? Find high-quality adbb for sale at our secure online store, catering to your research requirements. Order Now\" \/>\n<meta property=\"og:url\" content=\"https:\/\/legitgrams.com\/de\/produkt\/adbb\/\" \/>\n<meta property=\"og:site_name\" content=\"Legit Grams\" \/>\n<meta property=\"article:modified_time\" content=\"2025-03-08T05:52:58+00:00\" \/>\n<meta property=\"og:image\" content=\"https:\/\/legitgrams.com\/wp-content\/uploads\/2024\/08\/ADBB.gif\" \/>\n\t<meta property=\"og:image:width\" content=\"600\" \/>\n\t<meta property=\"og:image:height\" content=\"600\" \/>\n\t<meta property=\"og:image:type\" content=\"image\/gif\" \/>\n<meta name=\"twitter:card\" content=\"summary_large_image\" \/>\n<meta name=\"twitter:label1\" content=\"Gesch\u00e4tzte Lesezeit\" \/>\n\t<meta name=\"twitter:data1\" content=\"3\u00a0Minuten\" \/>\n<script type=\"application\/ld+json\" class=\"yoast-schema-graph\">{\"@context\":\"https:\/\/schema.org\",\"@graph\":[{\"@type\":\"WebPage\",\"@id\":\"https:\/\/legitgrams.com\/product\/adbb\/\",\"url\":\"https:\/\/legitgrams.com\/product\/adbb\/\",\"name\":\"ADBB for Sale - Order ADBB Online - Buy ADBB Powder Online\",\"isPartOf\":{\"@id\":\"https:\/\/legitgrams.com\/#website\"},\"primaryImageOfPage\":{\"@id\":\"https:\/\/legitgrams.com\/product\/adbb\/#primaryimage\"},\"image\":{\"@id\":\"https:\/\/legitgrams.com\/product\/adbb\/#primaryimage\"},\"thumbnailUrl\":\"https:\/\/legitgrams.com\/wp-content\/uploads\/2024\/08\/ADBB.gif\",\"datePublished\":\"2024-08-03T05:49:56+00:00\",\"dateModified\":\"2025-03-08T05:52:58+00:00\",\"description\":\"Where to buy adbb online at the best price? Find high-quality adbb for sale at our secure online store, catering to your research requirements. Order Now\",\"breadcrumb\":{\"@id\":\"https:\/\/legitgrams.com\/product\/adbb\/#breadcrumb\"},\"inLanguage\":\"de\",\"potentialAction\":[{\"@type\":\"ReadAction\",\"target\":[\"https:\/\/legitgrams.com\/product\/adbb\/\"]}]},{\"@type\":\"ImageObject\",\"inLanguage\":\"de\",\"@id\":\"https:\/\/legitgrams.com\/product\/adbb\/#primaryimage\",\"url\":\"https:\/\/legitgrams.com\/wp-content\/uploads\/2024\/08\/ADBB.gif\",\"contentUrl\":\"https:\/\/legitgrams.com\/wp-content\/uploads\/2024\/08\/ADBB.gif\",\"width\":600,\"height\":600,\"caption\":\"ADBB Powder for Sale\"},{\"@type\":\"BreadcrumbList\",\"@id\":\"https:\/\/legitgrams.com\/product\/adbb\/#breadcrumb\",\"itemListElement\":[{\"@type\":\"ListItem\",\"position\":1,\"name\":\"Home\",\"item\":\"https:\/\/legitgrams.com\/\"},{\"@type\":\"ListItem\",\"position\":2,\"name\":\"Shop\",\"item\":\"https:\/\/legitgrams.com\/shop\/\"},{\"@type\":\"ListItem\",\"position\":3,\"name\":\"Buy ADBB Online\"}]},{\"@type\":\"WebSite\",\"@id\":\"https:\/\/legitgrams.com\/#website\",\"url\":\"https:\/\/legitgrams.com\/\",\"name\":\"Legit Grams\",\"description\":\"My WordPress Blog\",\"publisher\":{\"@id\":\"https:\/\/legitgrams.com\/#organization\"},\"potentialAction\":[{\"@type\":\"SearchAction\",\"target\":{\"@type\":\"EntryPoint\",\"urlTemplate\":\"https:\/\/legitgrams.com\/?s={search_term_string}\"},\"query-input\":{\"@type\":\"PropertyValueSpecification\",\"valueRequired\":true,\"valueName\":\"search_term_string\"}}],\"inLanguage\":\"de\"},{\"@type\":\"Organization\",\"@id\":\"https:\/\/legitgrams.com\/#organization\",\"name\":\"Legit Grams\",\"url\":\"https:\/\/legitgrams.com\/\",\"logo\":{\"@type\":\"ImageObject\",\"inLanguage\":\"de\",\"@id\":\"https:\/\/legitgrams.com\/#\/schema\/logo\/image\/\",\"url\":\"https:\/\/legitgrams.com\/wp-content\/uploads\/2024\/09\/main-logo.png\",\"contentUrl\":\"https:\/\/legitgrams.com\/wp-content\/uploads\/2024\/09\/main-logo.png\",\"width\":270,\"height\":75,\"caption\":\"Legit Grams\"},\"image\":{\"@id\":\"https:\/\/legitgrams.com\/#\/schema\/logo\/image\/\"}}]}<\/script>\n<!-- \/ Yoast SEO plugin. -->","yoast_head_json":{"title":"ADBB zu verkaufen - ADBB online bestellen - ADBB-Pulver online kaufen","description":"Wo kann man adbb zum besten Preis kaufen? Finden Sie hochwertige adbb zum Verkauf in unserem sicheren Online-Shop, der Ihren Forschungsanforderungen gerecht wird. Jetzt bestellen","robots":{"index":"index","follow":"follow","max-snippet":"max-snippet:-1","max-image-preview":"max-image-preview:large","max-video-preview":"max-video-preview:-1"},"canonical":"https:\/\/legitgrams.com\/de\/produkt\/adbb\/","og_locale":"de_DE","og_type":"article","og_title":"ADBB for Sale - Order ADBB Online - Buy ADBB Powder Online","og_description":"Where to buy adbb online at the best price? Find high-quality adbb for sale at our secure online store, catering to your research requirements. Order Now","og_url":"https:\/\/legitgrams.com\/de\/produkt\/adbb\/","og_site_name":"Legit Grams","article_modified_time":"2025-03-08T05:52:58+00:00","og_image":[{"width":600,"height":600,"url":"https:\/\/legitgrams.com\/wp-content\/uploads\/2024\/08\/ADBB.gif","type":"image\/gif"}],"twitter_card":"summary_large_image","twitter_misc":{"Gesch\u00e4tzte Lesezeit":"3\u00a0Minuten"},"schema":{"@context":"https:\/\/schema.org","@graph":[{"@type":"WebPage","@id":"https:\/\/legitgrams.com\/product\/adbb\/","url":"https:\/\/legitgrams.com\/product\/adbb\/","name":"ADBB zu verkaufen - ADBB online bestellen - ADBB-Pulver online kaufen","isPartOf":{"@id":"https:\/\/legitgrams.com\/#website"},"primaryImageOfPage":{"@id":"https:\/\/legitgrams.com\/product\/adbb\/#primaryimage"},"image":{"@id":"https:\/\/legitgrams.com\/product\/adbb\/#primaryimage"},"thumbnailUrl":"https:\/\/legitgrams.com\/wp-content\/uploads\/2024\/08\/ADBB.gif","datePublished":"2024-08-03T05:49:56+00:00","dateModified":"2025-03-08T05:52:58+00:00","description":"Wo kann man adbb zum besten Preis kaufen? Finden Sie hochwertige adbb zum Verkauf in unserem sicheren Online-Shop, der Ihren Forschungsanforderungen gerecht wird. Jetzt bestellen","breadcrumb":{"@id":"https:\/\/legitgrams.com\/product\/adbb\/#breadcrumb"},"inLanguage":"de","potentialAction":[{"@type":"ReadAction","target":["https:\/\/legitgrams.com\/product\/adbb\/"]}]},{"@type":"ImageObject","inLanguage":"de","@id":"https:\/\/legitgrams.com\/product\/adbb\/#primaryimage","url":"https:\/\/legitgrams.com\/wp-content\/uploads\/2024\/08\/ADBB.gif","contentUrl":"https:\/\/legitgrams.com\/wp-content\/uploads\/2024\/08\/ADBB.gif","width":600,"height":600,"caption":"ADBB Powder for Sale"},{"@type":"BreadcrumbList","@id":"https:\/\/legitgrams.com\/product\/adbb\/#breadcrumb","itemListElement":[{"@type":"ListItem","position":1,"name":"Home","item":"https:\/\/legitgrams.com\/"},{"@type":"ListItem","position":2,"name":"Shop","item":"https:\/\/legitgrams.com\/shop\/"},{"@type":"ListItem","position":3,"name":"Buy ADBB Online"}]},{"@type":"WebSite","@id":"https:\/\/legitgrams.com\/#website","url":"https:\/\/legitgrams.com\/","name":"Legitimer Grammwert","description":"Mein WordPress-Blog","publisher":{"@id":"https:\/\/legitgrams.com\/#organization"},"potentialAction":[{"@type":"SearchAction","target":{"@type":"EntryPoint","urlTemplate":"https:\/\/legitgrams.com\/?s={search_term_string}"},"query-input":{"@type":"PropertyValueSpecification","valueRequired":true,"valueName":"search_term_string"}}],"inLanguage":"de"},{"@type":"Organization","@id":"https:\/\/legitgrams.com\/#organization","name":"Legitimer Grammwert","url":"https:\/\/legitgrams.com\/","logo":{"@type":"ImageObject","inLanguage":"de","@id":"https:\/\/legitgrams.com\/#\/schema\/logo\/image\/","url":"https:\/\/legitgrams.com\/wp-content\/uploads\/2024\/09\/main-logo.png","contentUrl":"https:\/\/legitgrams.com\/wp-content\/uploads\/2024\/09\/main-logo.png","width":270,"height":75,"caption":"Legit Grams"},"image":{"@id":"https:\/\/legitgrams.com\/#\/schema\/logo\/image\/"}}]}},"uagb_featured_image_src":{"full":["https:\/\/legitgrams.com\/wp-content\/uploads\/2024\/08\/ADBB.gif",600,600,false],"thumbnail":["https:\/\/legitgrams.com\/wp-content\/uploads\/2024\/08\/ADBB-150x150.gif",150,150,true],"medium":["https:\/\/legitgrams.com\/wp-content\/uploads\/2024\/08\/ADBB-300x300.gif",300,300,true],"medium_large":["https:\/\/legitgrams.com\/wp-content\/uploads\/2024\/08\/ADBB.gif",600,600,false],"large":["https:\/\/legitgrams.com\/wp-content\/uploads\/2024\/08\/ADBB.gif",600,600,false],"1536x1536":["https:\/\/legitgrams.com\/wp-content\/uploads\/2024\/08\/ADBB.gif",600,600,false],"2048x2048":["https:\/\/legitgrams.com\/wp-content\/uploads\/2024\/08\/ADBB.gif",600,600,false],"trp-custom-language-flag":["https:\/\/legitgrams.com\/wp-content\/uploads\/2024\/08\/ADBB-12x12.gif",12,12,true],"woocommerce_thumbnail":["https:\/\/legitgrams.com\/wp-content\/uploads\/2024\/08\/ADBB-300x300.gif",300,300,true],"woocommerce_single":["https:\/\/legitgrams.com\/wp-content\/uploads\/2024\/08\/ADBB.gif",600,600,false],"woocommerce_gallery_thumbnail":["https:\/\/legitgrams.com\/wp-content\/uploads\/2024\/08\/ADBB-100x100.gif",100,100,true]},"uagb_author_info":{"display_name":"cokeblog18","author_link":"https:\/\/legitgrams.com\/de\/author\/"},"uagb_comment_info":0,"uagb_excerpt":"ADBB Powder for Sale Buy ADBB Online Certain synthetic cannabis products contain components of a newly developed synthetic narcotic called ADBB. They are the strong agonists with EC50 values of 0.52 nM and 0.88 nM, respectively. of receptors for CB1 and CB2. Nevertheless, nothing is known about this compound&#8217;s physiological or toxicological characteristics. What is&hellip;","_links":{"self":[{"href":"https:\/\/legitgrams.com\/de\/wp-json\/wp\/v2\/product\/3310","targetHints":{"allow":["GET"]}}],"collection":[{"href":"https:\/\/legitgrams.com\/de\/wp-json\/wp\/v2\/product"}],"about":[{"href":"https:\/\/legitgrams.com\/de\/wp-json\/wp\/v2\/types\/product"}],"replies":[{"embeddable":true,"href":"https:\/\/legitgrams.com\/de\/wp-json\/wp\/v2\/comments?post=3310"}],"wp:featuredmedia":[{"embeddable":true,"href":"https:\/\/legitgrams.com\/de\/wp-json\/wp\/v2\/media\/3326"}],"wp:attachment":[{"href":"https:\/\/legitgrams.com\/de\/wp-json\/wp\/v2\/media?parent=3310"}],"wp:term":[{"taxonomy":"product_brand","embeddable":true,"href":"https:\/\/legitgrams.com\/de\/wp-json\/wp\/v2\/product_brand?post=3310"},{"taxonomy":"product_cat","embeddable":true,"href":"https:\/\/legitgrams.com\/de\/wp-json\/wp\/v2\/product_cat?post=3310"},{"taxonomy":"product_tag","embeddable":true,"href":"https:\/\/legitgrams.com\/de\/wp-json\/wp\/v2\/product_tag?post=3310"}],"curies":[{"name":"wp","href":"https:\/\/api.w.org\/{rel}","templated":true}]}}