{"id":3311,"date":"2024-08-03T05:49:32","date_gmt":"2024-08-03T05:49:32","guid":{"rendered":"https:\/\/cokebricks.com\/?post_type=product&#038;p=3311"},"modified":"2025-01-13T09:15:28","modified_gmt":"2025-01-13T09:15:28","slug":"alprazolam","status":"publish","type":"product","link":"https:\/\/legitgrams.com\/de\/produkt\/alprazolam\/","title":{"rendered":"Alprazolam"},"content":{"rendered":"<h2>Zu verkaufen: Alprazolam Pulver<\/h2>\n<p><a href=\"https:\/\/en.wikipedia.org\/wiki\/Alprazolam\">Alprazolam<\/a> ist ein starkes, schnell wirkendes Benzodiazepin, das das zentrale Nervensystem entspannt. Sie k\u00f6nnen es online kaufen. Wenn Sie kaufen m\u00f6chten <a href=\"https:\/\/legitgrams.com\/de\/produkt\/alprazolam\/\">Alprazolam-Pulver online<\/a> und sicher sein wollen, dass Sie ein hochwertiges Pulver erhalten, sind Sie bei Shenchulab genau richtig.<\/p>\n<p>Dar\u00fcber hinaus ist der Markt f\u00fcr Alprazolam-Pulver nach Geografie, Endbenutzer und Anwendung segmentiert.<\/p>\n<p>Je nach Anwendung k\u00f6nnen daher Angstzust\u00e4nde, Depressionen, Schlaflosigkeit und Panikst\u00f6rungen unterschiedlich ausgepr\u00e4gt sein.<\/p>\n<p>Dar\u00fcber hinaus wird es je nach Endverbraucher in Forschungsinstitute, Pharmaunternehmen und andere Organisationen (Kliniken und Krankenh\u00e4user) unterteilt. Alprazolam-Pulver zu verkaufen.<\/p>\n<p>Dennoch wird es in den folgenden geografischen Regionen untersucht: Nordamerika, Europa, Asien-Pazifik und LAMEA.<br \/>\n\u2022 Principales beneficios: A pesar de ello, la investigaci\u00f3n<\/p>\n<p>\u2022 Hauptvorteile: Trotzdem bietet die Studie eine gr\u00fcndliche Analyse des weltweiten Marktes f\u00fcr Alprazolampulver und ber\u00fccksichtigt aktuelle und prognostizierte Trends sowie Zukunftsprognosen, um potenzielle Investitionsm\u00f6glichkeiten zu identifizieren.<\/p>\n<p>Als Ergebnis wird eine gr\u00fcndliche Untersuchung der Elemente durchgef\u00fchrt, die das Marktwachstum f\u00f6rdern und behindern. <a href=\"https:\/\/legitgrams.com\/de\/\">LegitGrams<\/a><\/p>\n<p>\u2022 Um Interessenten dabei zu unterst\u00fctzen, die aktuellen Marktchancen zu nutzen, bietet die Studie auch eine quantitative Analyse.<\/p>\n<p>Pertanto \u00e8 pi\u00f9 facile comprendere l'offerta quando si considerano attentamente diversi gruppi di mercato.<\/p>\n<p>\u2022 Um jedoch das Wettbewerbsklima des Marktes vorherzusagen, wird eine detaillierte Untersuchung der von den Hauptkonkurrenten verwendeten Taktiken durchgef\u00fchrt. Kauf von Alprazolam-Pulver online<\/p>\n<h3>Wichtige Marktsegmente f\u00fcr Alprazolam-Pulver:<\/h3>\n<p>Einsatz von Anwendungsst\u00f6rungen zur Behandlung von Angst und Panik<\/p>\n<p>Depression und Schlaflosigkeit<\/p>\n<p>Legitgrams, Endbenutzer-Forschungsinstitute und andere relevante Parteien (Kliniken und Krankenh\u00e4user) verkaufen Alprazolam online.<\/p>","protected":false},"excerpt":{"rendered":"<p>For Sale: Alprazolam Powder Alprazolam is a potent, fast-acting benzodiazepine that relaxes the central nervous system. You can buy it online. If you want to buy alprazolam powder online and want to be certain that you&#8217;re getting a high-quality powder, go no further than Shenchulab. Furthermore, the Alprazolam Powder market is segmented based on geography, &hellip;<\/p>\n<p class=\"read-more\"> <a class=\"\" href=\"https:\/\/legitgrams.com\/de\/produkt\/alprazolam\/\"> <span class=\"screen-reader-text\">Alprazolam<\/span> Mehr lesen \"<\/a><\/p>","protected":false},"featured_media":3327,"comment_status":"open","ping_status":"closed","template":"","meta":{"_uag_custom_page_level_css":"","site-sidebar-layout":"default","site-content-layout":"default","ast-global-header-display":"","ast-main-header-display":"","ast-hfb-above-header-display":"","ast-hfb-below-header-display":"","ast-hfb-mobile-header-display":"","site-post-title":"","ast-breadcrumbs-content":"","ast-featured-img":"","footer-sml-layout":"","theme-transparent-header-meta":"default","adv-header-id-meta":"","stick-header-meta":"default","header-above-stick-meta":"","header-main-stick-meta":"","header-below-stick-meta":"","_joinchat":[]},"product_brand":[],"product_cat":[190],"product_tag":[195,196,197,198,199,200,201,202,203,204,205,206,207,208,209,210,211,212,213,214,215,216,217,218,219,220],"class_list":{"0":"post-3311","1":"product","2":"type-product","3":"status-publish","4":"has-post-thumbnail","6":"product_cat-cannabinoids","7":"product_tag-alprazolam-brazil","8":"product_tag-alprazolam-for-sale-australia","9":"product_tag-alprazolam-for-sale-canada","10":"product_tag-alprazolam-for-sale-near-me","11":"product_tag-alprazolam-for-sale-uk","12":"product_tag-alprazolam-for-sale-usa","13":"product_tag-alprazolam-germany","14":"product_tag-alprazolam-powder-online","15":"product_tag-buy-alprazolam","16":"product_tag-buy-alprazolam-2mg","17":"product_tag-buy-alprazolam-near-me","18":"product_tag-buy-alprazolam-online","19":"product_tag-buy-alprazolam-powder","20":"product_tag-buy-alprazolam-powder-online","21":"product_tag-buy-alprazolam-powder-online-safely","22":"product_tag-buy-alprazolam-powder-usa","23":"product_tag-buy-xanax-2mg","24":"product_tag-buy-xanax-powder","25":"product_tag-hjow-to-buy-alprazolam-online-safe","26":"product_tag-how-can-i-order-alprazolam-xanax","27":"product_tag-legit-alprazolam-supplier","28":"product_tag-legit-alprazolam-vendiors","29":"product_tag-where-can-you-buy-alprazolam-powder-online","30":"product_tag-where-to-buy-alprazolam-online-usa","31":"product_tag-xanax-2mg-australia","32":"product_tag-you-can-purchase-alprazolam-xanax-powder","33":"desktop-align-left","34":"tablet-align-left","35":"mobile-align-left","36":"ast-product-gallery-layout-horizontal","37":"ast-product-gallery-with-no-image","38":"ast-product-single-variable","39":"ast-product-tabs-layout-horizontal","40":"ast-qv-on-image","42":"first","43":"instock","44":"shipping-taxable","45":"purchasable","46":"product-type-variable"},"yoast_head":"<!-- This site is optimized with the Yoast SEO plugin v25.9 - https:\/\/yoast.com\/wordpress\/plugins\/seo\/ -->\n<title>Alprazolam Powder for Sale - Buy Alprazolam Online | LegitGrams<\/title>\n<meta name=\"description\" content=\"Are you looking for alprazolam powder for sale online? LegitGrams is a leading store where you can buy alprazolam online at the best price. Order Now with Discreet Shipping!\" \/>\n<meta name=\"robots\" content=\"index, follow, max-snippet:-1, max-image-preview:large, max-video-preview:-1\" \/>\n<link rel=\"canonical\" href=\"https:\/\/legitgrams.com\/de\/produkt\/alprazolam\/\" \/>\n<meta property=\"og:locale\" content=\"de_DE\" \/>\n<meta property=\"og:type\" content=\"article\" \/>\n<meta property=\"og:title\" content=\"Alprazolam Powder for Sale - Buy Alprazolam Online | LegitGrams\" \/>\n<meta property=\"og:description\" content=\"Are you looking for alprazolam powder for sale online? LegitGrams is a leading store where you can buy alprazolam online at the best price. Order Now with Discreet Shipping!\" \/>\n<meta property=\"og:url\" content=\"https:\/\/legitgrams.com\/de\/produkt\/alprazolam\/\" \/>\n<meta property=\"og:site_name\" content=\"Legit Grams\" \/>\n<meta property=\"article:modified_time\" content=\"2025-01-13T09:15:28+00:00\" \/>\n<meta property=\"og:image\" content=\"https:\/\/legitgrams.com\/wp-content\/uploads\/2024\/08\/Alprazolam.gif\" \/>\n\t<meta property=\"og:image:width\" content=\"600\" \/>\n\t<meta property=\"og:image:height\" content=\"600\" \/>\n\t<meta property=\"og:image:type\" content=\"image\/gif\" \/>\n<meta name=\"twitter:card\" content=\"summary_large_image\" \/>\n<meta name=\"twitter:label1\" content=\"Gesch\u00e4tzte Lesezeit\" \/>\n\t<meta name=\"twitter:data1\" content=\"2\u00a0Minuten\" \/>\n<script type=\"application\/ld+json\" class=\"yoast-schema-graph\">{\"@context\":\"https:\/\/schema.org\",\"@graph\":[{\"@type\":\"WebPage\",\"@id\":\"https:\/\/legitgrams.com\/product\/alprazolam\/\",\"url\":\"https:\/\/legitgrams.com\/product\/alprazolam\/\",\"name\":\"Alprazolam Powder for Sale - Buy Alprazolam Online | LegitGrams\",\"isPartOf\":{\"@id\":\"https:\/\/legitgrams.com\/#website\"},\"primaryImageOfPage\":{\"@id\":\"https:\/\/legitgrams.com\/product\/alprazolam\/#primaryimage\"},\"image\":{\"@id\":\"https:\/\/legitgrams.com\/product\/alprazolam\/#primaryimage\"},\"thumbnailUrl\":\"https:\/\/legitgrams.com\/wp-content\/uploads\/2024\/08\/Alprazolam.gif\",\"datePublished\":\"2024-08-03T05:49:32+00:00\",\"dateModified\":\"2025-01-13T09:15:28+00:00\",\"description\":\"Are you looking for alprazolam powder for sale online? LegitGrams is a leading store where you can buy alprazolam online at the best price. Order Now with Discreet Shipping!\",\"breadcrumb\":{\"@id\":\"https:\/\/legitgrams.com\/product\/alprazolam\/#breadcrumb\"},\"inLanguage\":\"de\",\"potentialAction\":[{\"@type\":\"ReadAction\",\"target\":[\"https:\/\/legitgrams.com\/product\/alprazolam\/\"]}]},{\"@type\":\"ImageObject\",\"inLanguage\":\"de\",\"@id\":\"https:\/\/legitgrams.com\/product\/alprazolam\/#primaryimage\",\"url\":\"https:\/\/legitgrams.com\/wp-content\/uploads\/2024\/08\/Alprazolam.gif\",\"contentUrl\":\"https:\/\/legitgrams.com\/wp-content\/uploads\/2024\/08\/Alprazolam.gif\",\"width\":600,\"height\":600,\"caption\":\"Alprazolam Powder for Sale\"},{\"@type\":\"BreadcrumbList\",\"@id\":\"https:\/\/legitgrams.com\/product\/alprazolam\/#breadcrumb\",\"itemListElement\":[{\"@type\":\"ListItem\",\"position\":1,\"name\":\"Home\",\"item\":\"https:\/\/legitgrams.com\/\"},{\"@type\":\"ListItem\",\"position\":2,\"name\":\"Shop\",\"item\":\"https:\/\/legitgrams.com\/shop\/\"},{\"@type\":\"ListItem\",\"position\":3,\"name\":\"Alprazolam\"}]},{\"@type\":\"WebSite\",\"@id\":\"https:\/\/legitgrams.com\/#website\",\"url\":\"https:\/\/legitgrams.com\/\",\"name\":\"Legit Grams\",\"description\":\"My WordPress Blog\",\"publisher\":{\"@id\":\"https:\/\/legitgrams.com\/#organization\"},\"potentialAction\":[{\"@type\":\"SearchAction\",\"target\":{\"@type\":\"EntryPoint\",\"urlTemplate\":\"https:\/\/legitgrams.com\/?s={search_term_string}\"},\"query-input\":{\"@type\":\"PropertyValueSpecification\",\"valueRequired\":true,\"valueName\":\"search_term_string\"}}],\"inLanguage\":\"de\"},{\"@type\":\"Organization\",\"@id\":\"https:\/\/legitgrams.com\/#organization\",\"name\":\"Legit Grams\",\"url\":\"https:\/\/legitgrams.com\/\",\"logo\":{\"@type\":\"ImageObject\",\"inLanguage\":\"de\",\"@id\":\"https:\/\/legitgrams.com\/#\/schema\/logo\/image\/\",\"url\":\"https:\/\/legitgrams.com\/wp-content\/uploads\/2024\/09\/main-logo.png\",\"contentUrl\":\"https:\/\/legitgrams.com\/wp-content\/uploads\/2024\/09\/main-logo.png\",\"width\":270,\"height\":75,\"caption\":\"Legit Grams\"},\"image\":{\"@id\":\"https:\/\/legitgrams.com\/#\/schema\/logo\/image\/\"}}]}<\/script>\n<!-- \/ Yoast SEO plugin. -->","yoast_head_json":{"title":"Alprazolam Pulver zu verkaufen - Kaufen Alprazolam Online | LegitGrams","description":"Sind Sie auf der Suche nach Alprazolam Pulver zum Verkauf online? LegitGrams ist ein f\u00fchrender Shop, wo Sie Alprazolam online zum besten Preis kaufen k\u00f6nnen. Bestellen Sie jetzt mit diskretem Versand!","robots":{"index":"index","follow":"follow","max-snippet":"max-snippet:-1","max-image-preview":"max-image-preview:large","max-video-preview":"max-video-preview:-1"},"canonical":"https:\/\/legitgrams.com\/de\/produkt\/alprazolam\/","og_locale":"de_DE","og_type":"article","og_title":"Alprazolam Powder for Sale - Buy Alprazolam Online | LegitGrams","og_description":"Are you looking for alprazolam powder for sale online? LegitGrams is a leading store where you can buy alprazolam online at the best price. Order Now with Discreet Shipping!","og_url":"https:\/\/legitgrams.com\/de\/produkt\/alprazolam\/","og_site_name":"Legit Grams","article_modified_time":"2025-01-13T09:15:28+00:00","og_image":[{"width":600,"height":600,"url":"https:\/\/legitgrams.com\/wp-content\/uploads\/2024\/08\/Alprazolam.gif","type":"image\/gif"}],"twitter_card":"summary_large_image","twitter_misc":{"Gesch\u00e4tzte Lesezeit":"2\u00a0Minuten"},"schema":{"@context":"https:\/\/schema.org","@graph":[{"@type":"WebPage","@id":"https:\/\/legitgrams.com\/product\/alprazolam\/","url":"https:\/\/legitgrams.com\/product\/alprazolam\/","name":"Alprazolam Pulver zu verkaufen - Kaufen Alprazolam Online | LegitGrams","isPartOf":{"@id":"https:\/\/legitgrams.com\/#website"},"primaryImageOfPage":{"@id":"https:\/\/legitgrams.com\/product\/alprazolam\/#primaryimage"},"image":{"@id":"https:\/\/legitgrams.com\/product\/alprazolam\/#primaryimage"},"thumbnailUrl":"https:\/\/legitgrams.com\/wp-content\/uploads\/2024\/08\/Alprazolam.gif","datePublished":"2024-08-03T05:49:32+00:00","dateModified":"2025-01-13T09:15:28+00:00","description":"Sind Sie auf der Suche nach Alprazolam Pulver zum Verkauf online? LegitGrams ist ein f\u00fchrender Shop, wo Sie Alprazolam online zum besten Preis kaufen k\u00f6nnen. Bestellen Sie jetzt mit diskretem Versand!","breadcrumb":{"@id":"https:\/\/legitgrams.com\/product\/alprazolam\/#breadcrumb"},"inLanguage":"de","potentialAction":[{"@type":"ReadAction","target":["https:\/\/legitgrams.com\/product\/alprazolam\/"]}]},{"@type":"ImageObject","inLanguage":"de","@id":"https:\/\/legitgrams.com\/product\/alprazolam\/#primaryimage","url":"https:\/\/legitgrams.com\/wp-content\/uploads\/2024\/08\/Alprazolam.gif","contentUrl":"https:\/\/legitgrams.com\/wp-content\/uploads\/2024\/08\/Alprazolam.gif","width":600,"height":600,"caption":"Alprazolam Powder for Sale"},{"@type":"BreadcrumbList","@id":"https:\/\/legitgrams.com\/product\/alprazolam\/#breadcrumb","itemListElement":[{"@type":"ListItem","position":1,"name":"Home","item":"https:\/\/legitgrams.com\/"},{"@type":"ListItem","position":2,"name":"Shop","item":"https:\/\/legitgrams.com\/shop\/"},{"@type":"ListItem","position":3,"name":"Alprazolam"}]},{"@type":"WebSite","@id":"https:\/\/legitgrams.com\/#website","url":"https:\/\/legitgrams.com\/","name":"Legitimer Grammwert","description":"Mein WordPress-Blog","publisher":{"@id":"https:\/\/legitgrams.com\/#organization"},"potentialAction":[{"@type":"SearchAction","target":{"@type":"EntryPoint","urlTemplate":"https:\/\/legitgrams.com\/?s={search_term_string}"},"query-input":{"@type":"PropertyValueSpecification","valueRequired":true,"valueName":"search_term_string"}}],"inLanguage":"de"},{"@type":"Organization","@id":"https:\/\/legitgrams.com\/#organization","name":"Legitimer Grammwert","url":"https:\/\/legitgrams.com\/","logo":{"@type":"ImageObject","inLanguage":"de","@id":"https:\/\/legitgrams.com\/#\/schema\/logo\/image\/","url":"https:\/\/legitgrams.com\/wp-content\/uploads\/2024\/09\/main-logo.png","contentUrl":"https:\/\/legitgrams.com\/wp-content\/uploads\/2024\/09\/main-logo.png","width":270,"height":75,"caption":"Legit Grams"},"image":{"@id":"https:\/\/legitgrams.com\/#\/schema\/logo\/image\/"}}]}},"uagb_featured_image_src":{"full":["https:\/\/legitgrams.com\/wp-content\/uploads\/2024\/08\/Alprazolam.gif",600,600,false],"thumbnail":["https:\/\/legitgrams.com\/wp-content\/uploads\/2024\/08\/Alprazolam-150x150.gif",150,150,true],"medium":["https:\/\/legitgrams.com\/wp-content\/uploads\/2024\/08\/Alprazolam-300x300.gif",300,300,true],"medium_large":["https:\/\/legitgrams.com\/wp-content\/uploads\/2024\/08\/Alprazolam.gif",600,600,false],"large":["https:\/\/legitgrams.com\/wp-content\/uploads\/2024\/08\/Alprazolam.gif",600,600,false],"1536x1536":["https:\/\/legitgrams.com\/wp-content\/uploads\/2024\/08\/Alprazolam.gif",600,600,false],"2048x2048":["https:\/\/legitgrams.com\/wp-content\/uploads\/2024\/08\/Alprazolam.gif",600,600,false],"trp-custom-language-flag":["https:\/\/legitgrams.com\/wp-content\/uploads\/2024\/08\/Alprazolam-12x12.gif",12,12,true],"woocommerce_thumbnail":["https:\/\/legitgrams.com\/wp-content\/uploads\/2024\/08\/Alprazolam-300x300.gif",300,300,true],"woocommerce_single":["https:\/\/legitgrams.com\/wp-content\/uploads\/2024\/08\/Alprazolam.gif",600,600,false],"woocommerce_gallery_thumbnail":["https:\/\/legitgrams.com\/wp-content\/uploads\/2024\/08\/Alprazolam-100x100.gif",100,100,true]},"uagb_author_info":{"display_name":"cokeblog18","author_link":"https:\/\/legitgrams.com\/de\/author\/"},"uagb_comment_info":4,"uagb_excerpt":"For Sale: Alprazolam Powder Alprazolam is a potent, fast-acting benzodiazepine that relaxes the central nervous system. You can buy it online. If you want to buy alprazolam powder online and want to be certain that you&#8217;re getting a high-quality powder, go no further than Shenchulab. Furthermore, the Alprazolam Powder market is segmented based on geography,&hellip;","_links":{"self":[{"href":"https:\/\/legitgrams.com\/de\/wp-json\/wp\/v2\/product\/3311","targetHints":{"allow":["GET"]}}],"collection":[{"href":"https:\/\/legitgrams.com\/de\/wp-json\/wp\/v2\/product"}],"about":[{"href":"https:\/\/legitgrams.com\/de\/wp-json\/wp\/v2\/types\/product"}],"replies":[{"embeddable":true,"href":"https:\/\/legitgrams.com\/de\/wp-json\/wp\/v2\/comments?post=3311"}],"wp:featuredmedia":[{"embeddable":true,"href":"https:\/\/legitgrams.com\/de\/wp-json\/wp\/v2\/media\/3327"}],"wp:attachment":[{"href":"https:\/\/legitgrams.com\/de\/wp-json\/wp\/v2\/media?parent=3311"}],"wp:term":[{"taxonomy":"product_brand","embeddable":true,"href":"https:\/\/legitgrams.com\/de\/wp-json\/wp\/v2\/product_brand?post=3311"},{"taxonomy":"product_cat","embeddable":true,"href":"https:\/\/legitgrams.com\/de\/wp-json\/wp\/v2\/product_cat?post=3311"},{"taxonomy":"product_tag","embeddable":true,"href":"https:\/\/legitgrams.com\/de\/wp-json\/wp\/v2\/product_tag?post=3311"}],"curies":[{"name":"wp","href":"https:\/\/api.w.org\/{rel}","templated":true}]}}