{"id":3312,"date":"2024-08-03T05:49:15","date_gmt":"2024-08-03T05:49:15","guid":{"rendered":"https:\/\/cokebricks.com\/?post_type=product&#038;p=3312"},"modified":"2025-01-11T11:05:33","modified_gmt":"2025-01-11T11:05:33","slug":"4fbca","status":"publish","type":"product","link":"https:\/\/legitgrams.com\/de\/produkt\/4fbca\/","title":{"rendered":"4F-BCA"},"content":{"rendered":"<h2>4F-BCA zum Verkauf von renommierten Cannabinoid-Experten<\/h2>\n<p><a href=\"https:\/\/legitgrams.com\/de\/produkt\/4fbca\/\">4F-BCA<\/a> \u00e8 uno dei pi\u00f9 recenti prodotti legali a base di cannabis disponibili. La sostanza chimica in studio \u00e8 gialla e pura al 99,6%. La sostanza chimica deve essere conservata in un luogo fresco e asciutto. Il farmaco funziona in modo simile ai farmaci 4adb e 5adb.<\/p>\n<p>Sobald 4f-adb in China verboten wurde, wurde 4f-BCA entwickelt, um seinen Platz einzunehmen. Die neuesten experimentell synthetisierten Molek\u00fcle der Cannabis-Klasse, die auf dem Markt sind, sind 4f-BCA und 5f-aeb-2201. Jedes dieser Molek\u00fcle ersetzt das urspr\u00fcngliche 4f-adb und 5f-mdm-2201 durch 4f-adb und 5f-mdm-2201.<\/p>\n<p>Eine weitere <a href=\"https:\/\/en.wikipedia.org\/\">LegitGrams<\/a> f\u00fcr die logische Pr\u00fcfung ist 4fbca. <a href=\"https:\/\/en.wikipedia.org\/wiki\/BCA\">4FBCA<\/a> ist ein bekanntes, k\u00fcrzlich entdecktes Cannabinoid mit einer starken Erfolgsbilanz. Fachleute mit den erforderlichen Qualifikationen, die k\u00fcrzlich mit starkem synthetischem Cannabis zu tun hatten, k\u00f6nnen<\/p>\n<h3>Seri\u00f6se Experten f\u00fcr Cannabinoide verkaufen 4F-BCA<\/h3>\n<p>4FBCA erwerben. Es funktioniert \u00e4hnlich wie 4f-adb und 5f-adb. 4fbca ist online bei seri\u00f6sen Anbietern wie LegitGrams erh\u00e4ltlich.<\/p>\n<p>Investieren Sie in das mit 99,7 % Reinheit bewertete 4F-BCA. Wir arbeiten hart daran, alle unsere Produkte, einschlie\u00dflich des Cannabis, das Sie bei uns kaufen, auf dem h\u00f6chstm\u00f6glichen Standard zu halten. Anders ausgedr\u00fcckt: Sie m\u00fcssen nur bei Legit Cannabis nach 99,7 % reinem medizinischem Marihuana fragen.<\/p>\n<p>Welches ist der beste Shop f\u00fcr 4F-BCA? 4F-BCA bietet legale Cannabinoide zu einem vern\u00fcnftigen Preis online an. Unsere umfassende Erfahrung auf diesem Gebiet erm\u00f6glicht es uns, zu verstehen, was die Kunden denken. Unser Team aus engagierten und flei\u00dfigen Fachleuten m\u00f6chte unsere Dienstleistungen und Produkte jedem anbieten und sicherstellen, dass die Qualit\u00e4t des Endprodukts Ihren W\u00fcnschen entspricht. Daher gehen wir hier keine Kompromisse ein. Wir k\u00f6nnen jedes unserer Originalprodukte \u00fcberall auf der Welt versenden. Zu den Merkmalen, die unser Unternehmen von der Konkurrenz abheben, geh\u00f6ren unsere diskrete Verpackung, die entsprechende Dosierungskennzeichnung, die p\u00fcnktliche Lieferung, unser erstklassiges 4F-BCA zum Verkauf und der sichere Versand.<\/p>\n<p>Auf unserer Website bieten wir Legit Grams f\u00fcr sicheres und einfaches Online-Shopping an. Wir arbeiten hart daran, alle Daten unserer Kunden in unserem System zu sch\u00fctzen. Dar\u00fcber hinaus sind alle unsere Finanztransaktionen sicher und gesch\u00fctzt.<\/p>\n<h3>Anwendungstechnik<\/h3>\n<p>Genauer gesagt sind derzeit keine Informationen \u00fcber die Verwendung von 4F-BCA zum Verkauf verf\u00fcgbar. Manchmal greifen Menschen, die obdachlos sind oder unter schweren Angstzust\u00e4nden leiden, zu Medikamenten, um sich zu beruhigen. Rauchen ist die beliebteste Einnahmemethode, obwohl es auch oral eingenommen werden kann. Wichtiger als die Verabreichungsmethode ist die genaue Menge und Menge des verabreichten Medikaments.<\/p>\n<p>Die genaue Menge und Zusammensetzung der Medikamente, die sie zu sich nehmen, ist den meisten Menschen nicht bekannt. Laut den Ergebnissen der medizinischen Untersuchungen haben diese Medikamente weder in Handel noch Industrie oder Medizin einen Nutzen.<\/p>\n<h3>Wozu dient 4F-BCA-Pulver?<\/h3>\n<p>Investieren Sie in das hochwertigste 4F-BCA-Pulver, das erh\u00e4ltlich ist. Kaufen Sie es in verschiedenen Mengen (10 g, 50 g, 100 g, 500 g, 1000 g). Bewahren Sie das Pulver an einem k\u00fchlen und trockenen Ort auf, um seine Haltbarkeit zu verl\u00e4ngern. Denken Sie beim Umgang mit Forschungschemikalien im Labor immer daran, die erforderlichen Sicherheitsvorkehrungen zu treffen, z. B. das Tragen von Handschuhen, einer Maske, Schutzkleidung und Oberfl\u00e4chenreinigung. Besorgen Sie sich echtes 4F-BCA in Gramm online. Um eine Online-Bestellung f\u00fcr 4F-BCA aufzugeben, wenden Sie sich an legitgrams!<\/p>\n<p>&nbsp;<\/p>","protected":false},"excerpt":{"rendered":"<p>4F-MDMB-BINACA, oft auch als MDMB-4F-BINACA, 4F-MDMB-BUTINACA oder 4F-ADB bezeichnet, ist ein synthetisches Cannabinoid, das von Indazolen abgeleitet ist und zur Familie der Indazol-3-Carboxamide geh\u00f6rt. Es wird seit Ende 2018 als Designermedikament vermarktet und als aktive Komponente in synthetischen Cannabisprodukten verwendet. Es ist nicht bekannt, ob 4F-MDMB-BINACA selektiv f\u00fcr den CB1-Rezeptor ist, es ist jedoch ein Agonist des Rezeptors (EC50 = 7,39 nM). Das UNODC hat im Dezember 2019 Empfehlungen zur Einstufung ver\u00f6ffentlicht, nach denen 4F-MDMB-BINACA weltweit in Liste II eingestuft wird.<\/p>","protected":false},"featured_media":5527,"comment_status":"open","ping_status":"closed","template":"","meta":{"_uag_custom_page_level_css":"","site-sidebar-layout":"default","site-content-layout":"default","ast-global-header-display":"","ast-main-header-display":"","ast-hfb-above-header-display":"","ast-hfb-below-header-display":"","ast-hfb-mobile-header-display":"","site-post-title":"","ast-breadcrumbs-content":"","ast-featured-img":"","footer-sml-layout":"","theme-transparent-header-meta":"default","adv-header-id-meta":"","stick-header-meta":"default","header-above-stick-meta":"","header-main-stick-meta":"","header-below-stick-meta":"","_joinchat":[]},"product_brand":[],"product_cat":[190],"product_tag":[233,234,235,236,237,238,239,240,241,242,243,244,245,246,247,248,249,250,251],"class_list":{"0":"post-3312","1":"product","2":"type-product","3":"status-publish","4":"has-post-thumbnail","6":"product_cat-cannabinoids","7":"product_tag-4f-adb-experience","8":"product_tag-4f-adb-reddit","9":"product_tag-4f-adb-review","10":"product_tag-4fadb-dosage-4f-adb-psychonaut","11":"product_tag-5f-mdmb-2201","12":"product_tag-5f-mdmb-2201-dosage","13":"product_tag-5f-mdmb-2201-opinie","14":"product_tag-5f-mdmb-2201-reddit","15":"product_tag-5f-mdmb-2201-review","16":"product_tag-5f-mdmb-2201-wiki","17":"product_tag-5f-mdmb2201-cannabinoid","18":"product_tag-5f-mdmbcayman","19":"product_tag-5fadb-cbf","20":"product_tag-5fadb-dosage","21":"product_tag-5fadb-toxicity","22":"product_tag-5fmbmb-2201","23":"product_tag-5fmdmb-2201-psychonaut","24":"product_tag-5fmdmb2201-5f-mdmb-2201-kannabinoid","25":"product_tag-buy-4f-adb","26":"desktop-align-left","27":"tablet-align-left","28":"mobile-align-left","29":"ast-product-gallery-layout-horizontal","30":"ast-product-gallery-with-no-image","31":"ast-product-single-variable","32":"ast-product-tabs-layout-horizontal","33":"ast-qv-on-image","35":"first","36":"instock","37":"shipping-taxable","38":"purchasable","39":"product-type-variable"},"yoast_head":"<!-- This site is optimized with the Yoast SEO plugin v25.9 - https:\/\/yoast.com\/wordpress\/plugins\/seo\/ -->\n<title>4F-BCA for Sale - Buy 4F-BCA Powder Online @ Best Price<\/title>\n<meta name=\"description\" content=\"Explore our online store for 4F-BCA powder for sale, offering high-quality 4F-BCA. Buy 4F-BCA online securely and embark on your research journey with confidence. Order Now!\" \/>\n<meta name=\"robots\" content=\"index, follow, max-snippet:-1, max-image-preview:large, max-video-preview:-1\" \/>\n<link rel=\"canonical\" href=\"https:\/\/legitgrams.com\/de\/produkt\/4fbca\/\" \/>\n<meta property=\"og:locale\" content=\"de_DE\" \/>\n<meta property=\"og:type\" content=\"article\" \/>\n<meta property=\"og:title\" content=\"4F-BCA for Sale - Buy 4F-BCA Powder Online @ Best Price\" \/>\n<meta property=\"og:description\" content=\"Explore our online store for 4F-BCA powder for sale, offering high-quality 4F-BCA. Buy 4F-BCA online securely and embark on your research journey with confidence. Order Now!\" \/>\n<meta property=\"og:url\" content=\"https:\/\/legitgrams.com\/de\/produkt\/4fbca\/\" \/>\n<meta property=\"og:site_name\" content=\"Legit Grams\" \/>\n<meta property=\"article:modified_time\" content=\"2025-01-11T11:05:33+00:00\" \/>\n<meta property=\"og:image\" content=\"https:\/\/legitgrams.com\/wp-content\/uploads\/2024\/08\/4f-bca-1.gif\" \/>\n\t<meta property=\"og:image:width\" content=\"300\" \/>\n\t<meta property=\"og:image:height\" content=\"300\" \/>\n\t<meta property=\"og:image:type\" content=\"image\/gif\" \/>\n<meta name=\"twitter:card\" content=\"summary_large_image\" \/>\n<meta name=\"twitter:label1\" content=\"Gesch\u00e4tzte Lesezeit\" \/>\n\t<meta name=\"twitter:data1\" content=\"3\u00a0Minuten\" \/>\n<script type=\"application\/ld+json\" class=\"yoast-schema-graph\">{\"@context\":\"https:\/\/schema.org\",\"@graph\":[{\"@type\":\"WebPage\",\"@id\":\"https:\/\/legitgrams.com\/product\/4fbca\/\",\"url\":\"https:\/\/legitgrams.com\/product\/4fbca\/\",\"name\":\"4F-BCA for Sale - Buy 4F-BCA Powder Online @ Best Price\",\"isPartOf\":{\"@id\":\"https:\/\/legitgrams.com\/#website\"},\"primaryImageOfPage\":{\"@id\":\"https:\/\/legitgrams.com\/product\/4fbca\/#primaryimage\"},\"image\":{\"@id\":\"https:\/\/legitgrams.com\/product\/4fbca\/#primaryimage\"},\"thumbnailUrl\":\"https:\/\/legitgrams.com\/wp-content\/uploads\/2024\/08\/4f-bca-1.gif\",\"datePublished\":\"2024-08-03T05:49:15+00:00\",\"dateModified\":\"2025-01-11T11:05:33+00:00\",\"description\":\"Explore our online store for 4F-BCA powder for sale, offering high-quality 4F-BCA. Buy 4F-BCA online securely and embark on your research journey with confidence. Order Now!\",\"breadcrumb\":{\"@id\":\"https:\/\/legitgrams.com\/product\/4fbca\/#breadcrumb\"},\"inLanguage\":\"de\",\"potentialAction\":[{\"@type\":\"ReadAction\",\"target\":[\"https:\/\/legitgrams.com\/product\/4fbca\/\"]}]},{\"@type\":\"ImageObject\",\"inLanguage\":\"de\",\"@id\":\"https:\/\/legitgrams.com\/product\/4fbca\/#primaryimage\",\"url\":\"https:\/\/legitgrams.com\/wp-content\/uploads\/2024\/08\/4f-bca-1.gif\",\"contentUrl\":\"https:\/\/legitgrams.com\/wp-content\/uploads\/2024\/08\/4f-bca-1.gif\",\"width\":300,\"height\":300,\"caption\":\"4F-BCA for Sale\"},{\"@type\":\"BreadcrumbList\",\"@id\":\"https:\/\/legitgrams.com\/product\/4fbca\/#breadcrumb\",\"itemListElement\":[{\"@type\":\"ListItem\",\"position\":1,\"name\":\"Home\",\"item\":\"https:\/\/legitgrams.com\/\"},{\"@type\":\"ListItem\",\"position\":2,\"name\":\"Shop\",\"item\":\"https:\/\/legitgrams.com\/shop\/\"},{\"@type\":\"ListItem\",\"position\":3,\"name\":\"4F-BCA\"}]},{\"@type\":\"WebSite\",\"@id\":\"https:\/\/legitgrams.com\/#website\",\"url\":\"https:\/\/legitgrams.com\/\",\"name\":\"Legit Grams\",\"description\":\"My WordPress Blog\",\"publisher\":{\"@id\":\"https:\/\/legitgrams.com\/#organization\"},\"potentialAction\":[{\"@type\":\"SearchAction\",\"target\":{\"@type\":\"EntryPoint\",\"urlTemplate\":\"https:\/\/legitgrams.com\/?s={search_term_string}\"},\"query-input\":{\"@type\":\"PropertyValueSpecification\",\"valueRequired\":true,\"valueName\":\"search_term_string\"}}],\"inLanguage\":\"de\"},{\"@type\":\"Organization\",\"@id\":\"https:\/\/legitgrams.com\/#organization\",\"name\":\"Legit Grams\",\"url\":\"https:\/\/legitgrams.com\/\",\"logo\":{\"@type\":\"ImageObject\",\"inLanguage\":\"de\",\"@id\":\"https:\/\/legitgrams.com\/#\/schema\/logo\/image\/\",\"url\":\"https:\/\/legitgrams.com\/wp-content\/uploads\/2024\/09\/main-logo.png\",\"contentUrl\":\"https:\/\/legitgrams.com\/wp-content\/uploads\/2024\/09\/main-logo.png\",\"width\":270,\"height\":75,\"caption\":\"Legit Grams\"},\"image\":{\"@id\":\"https:\/\/legitgrams.com\/#\/schema\/logo\/image\/\"}}]}<\/script>\n<!-- \/ Yoast SEO plugin. -->","yoast_head_json":{"title":"4F-BCA zu verkaufen - 4F-BCA-Pulver online kaufen @ Bester Preis","description":"Entdecken Sie unseren Online-Shop f\u00fcr 4F-BCA-Pulver zum Verkauf, der 4F-BCA in hoher Qualit\u00e4t anbietet. Kaufen Sie 4F-BCA sicher online und beginnen Sie Ihre Forschungsreise mit Vertrauen. Jetzt bestellen!","robots":{"index":"index","follow":"follow","max-snippet":"max-snippet:-1","max-image-preview":"max-image-preview:large","max-video-preview":"max-video-preview:-1"},"canonical":"https:\/\/legitgrams.com\/de\/produkt\/4fbca\/","og_locale":"de_DE","og_type":"article","og_title":"4F-BCA for Sale - Buy 4F-BCA Powder Online @ Best Price","og_description":"Explore our online store for 4F-BCA powder for sale, offering high-quality 4F-BCA. Buy 4F-BCA online securely and embark on your research journey with confidence. Order Now!","og_url":"https:\/\/legitgrams.com\/de\/produkt\/4fbca\/","og_site_name":"Legit Grams","article_modified_time":"2025-01-11T11:05:33+00:00","og_image":[{"width":300,"height":300,"url":"https:\/\/legitgrams.com\/wp-content\/uploads\/2024\/08\/4f-bca-1.gif","type":"image\/gif"}],"twitter_card":"summary_large_image","twitter_misc":{"Gesch\u00e4tzte Lesezeit":"3\u00a0Minuten"},"schema":{"@context":"https:\/\/schema.org","@graph":[{"@type":"WebPage","@id":"https:\/\/legitgrams.com\/product\/4fbca\/","url":"https:\/\/legitgrams.com\/product\/4fbca\/","name":"4F-BCA zu verkaufen - 4F-BCA-Pulver online kaufen @ Bester Preis","isPartOf":{"@id":"https:\/\/legitgrams.com\/#website"},"primaryImageOfPage":{"@id":"https:\/\/legitgrams.com\/product\/4fbca\/#primaryimage"},"image":{"@id":"https:\/\/legitgrams.com\/product\/4fbca\/#primaryimage"},"thumbnailUrl":"https:\/\/legitgrams.com\/wp-content\/uploads\/2024\/08\/4f-bca-1.gif","datePublished":"2024-08-03T05:49:15+00:00","dateModified":"2025-01-11T11:05:33+00:00","description":"Entdecken Sie unseren Online-Shop f\u00fcr 4F-BCA-Pulver zum Verkauf, der 4F-BCA in hoher Qualit\u00e4t anbietet. Kaufen Sie 4F-BCA sicher online und beginnen Sie Ihre Forschungsreise mit Vertrauen. Jetzt bestellen!","breadcrumb":{"@id":"https:\/\/legitgrams.com\/product\/4fbca\/#breadcrumb"},"inLanguage":"de","potentialAction":[{"@type":"ReadAction","target":["https:\/\/legitgrams.com\/product\/4fbca\/"]}]},{"@type":"ImageObject","inLanguage":"de","@id":"https:\/\/legitgrams.com\/product\/4fbca\/#primaryimage","url":"https:\/\/legitgrams.com\/wp-content\/uploads\/2024\/08\/4f-bca-1.gif","contentUrl":"https:\/\/legitgrams.com\/wp-content\/uploads\/2024\/08\/4f-bca-1.gif","width":300,"height":300,"caption":"4F-BCA for Sale"},{"@type":"BreadcrumbList","@id":"https:\/\/legitgrams.com\/product\/4fbca\/#breadcrumb","itemListElement":[{"@type":"ListItem","position":1,"name":"Home","item":"https:\/\/legitgrams.com\/"},{"@type":"ListItem","position":2,"name":"Shop","item":"https:\/\/legitgrams.com\/shop\/"},{"@type":"ListItem","position":3,"name":"4F-BCA"}]},{"@type":"WebSite","@id":"https:\/\/legitgrams.com\/#website","url":"https:\/\/legitgrams.com\/","name":"Legitimer Grammwert","description":"Mein WordPress-Blog","publisher":{"@id":"https:\/\/legitgrams.com\/#organization"},"potentialAction":[{"@type":"SearchAction","target":{"@type":"EntryPoint","urlTemplate":"https:\/\/legitgrams.com\/?s={search_term_string}"},"query-input":{"@type":"PropertyValueSpecification","valueRequired":true,"valueName":"search_term_string"}}],"inLanguage":"de"},{"@type":"Organization","@id":"https:\/\/legitgrams.com\/#organization","name":"Legitimer Grammwert","url":"https:\/\/legitgrams.com\/","logo":{"@type":"ImageObject","inLanguage":"de","@id":"https:\/\/legitgrams.com\/#\/schema\/logo\/image\/","url":"https:\/\/legitgrams.com\/wp-content\/uploads\/2024\/09\/main-logo.png","contentUrl":"https:\/\/legitgrams.com\/wp-content\/uploads\/2024\/09\/main-logo.png","width":270,"height":75,"caption":"Legit Grams"},"image":{"@id":"https:\/\/legitgrams.com\/#\/schema\/logo\/image\/"}}]}},"uagb_featured_image_src":{"full":["https:\/\/legitgrams.com\/wp-content\/uploads\/2024\/08\/4f-bca-1.gif",300,300,false],"thumbnail":["https:\/\/legitgrams.com\/wp-content\/uploads\/2024\/08\/4f-bca-1-150x150.gif",150,150,true],"medium":["https:\/\/legitgrams.com\/wp-content\/uploads\/2024\/08\/4f-bca-1.gif",300,300,false],"medium_large":["https:\/\/legitgrams.com\/wp-content\/uploads\/2024\/08\/4f-bca-1.gif",300,300,false],"large":["https:\/\/legitgrams.com\/wp-content\/uploads\/2024\/08\/4f-bca-1.gif",300,300,false],"1536x1536":["https:\/\/legitgrams.com\/wp-content\/uploads\/2024\/08\/4f-bca-1.gif",300,300,false],"2048x2048":["https:\/\/legitgrams.com\/wp-content\/uploads\/2024\/08\/4f-bca-1.gif",300,300,false],"trp-custom-language-flag":["https:\/\/legitgrams.com\/wp-content\/uploads\/2024\/08\/4f-bca-1-12x12.gif",12,12,true],"woocommerce_thumbnail":["https:\/\/legitgrams.com\/wp-content\/uploads\/2024\/08\/4f-bca-1.gif",300,300,false],"woocommerce_single":["https:\/\/legitgrams.com\/wp-content\/uploads\/2024\/08\/4f-bca-1.gif",300,300,false],"woocommerce_gallery_thumbnail":["https:\/\/legitgrams.com\/wp-content\/uploads\/2024\/08\/4f-bca-1-100x100.gif",100,100,true]},"uagb_author_info":{"display_name":"cokeblog18","author_link":"https:\/\/legitgrams.com\/de\/author\/"},"uagb_comment_info":0,"uagb_excerpt":"4F-MDMB-BINACA, often referred to as MDMB-4F-BINACA, 4F-MDMB-BUTINACA, or 4F-ADB, is a synthetic cannabinoid derived from indazoles and a member of the indazole-3-carboxamide family. It has been marketed as a designer medication since late 2018 and used as an active component in synthetic cannabis products. It is unknown if 4F-MDMB-BINACA is selective for the CB1 receptor,&hellip;","_links":{"self":[{"href":"https:\/\/legitgrams.com\/de\/wp-json\/wp\/v2\/product\/3312","targetHints":{"allow":["GET"]}}],"collection":[{"href":"https:\/\/legitgrams.com\/de\/wp-json\/wp\/v2\/product"}],"about":[{"href":"https:\/\/legitgrams.com\/de\/wp-json\/wp\/v2\/types\/product"}],"replies":[{"embeddable":true,"href":"https:\/\/legitgrams.com\/de\/wp-json\/wp\/v2\/comments?post=3312"}],"wp:featuredmedia":[{"embeddable":true,"href":"https:\/\/legitgrams.com\/de\/wp-json\/wp\/v2\/media\/5527"}],"wp:attachment":[{"href":"https:\/\/legitgrams.com\/de\/wp-json\/wp\/v2\/media?parent=3312"}],"wp:term":[{"taxonomy":"product_brand","embeddable":true,"href":"https:\/\/legitgrams.com\/de\/wp-json\/wp\/v2\/product_brand?post=3312"},{"taxonomy":"product_cat","embeddable":true,"href":"https:\/\/legitgrams.com\/de\/wp-json\/wp\/v2\/product_cat?post=3312"},{"taxonomy":"product_tag","embeddable":true,"href":"https:\/\/legitgrams.com\/de\/wp-json\/wp\/v2\/product_tag?post=3312"}],"curies":[{"name":"wp","href":"https:\/\/api.w.org\/{rel}","templated":true}]}}