{"id":3313,"date":"2024-08-03T05:49:11","date_gmt":"2024-08-03T05:49:11","guid":{"rendered":"https:\/\/cokebricks.com\/?post_type=product&#038;p=3313"},"modified":"2025-03-08T06:04:40","modified_gmt":"2025-03-08T06:04:40","slug":"isotonitazol","status":"publish","type":"product","link":"https:\/\/legitgrams.com\/de\/produkt\/isotonitazol\/","title":{"rendered":"Isotonitazen online kaufen"},"content":{"rendered":"<h2>Isotonitazene online Kaufen<\/h2>\n<p><a href=\"https:\/\/legitgrams.com\/de\/produkt\/isotonitazol\/\">Isotonitazen kaufen<\/a> ist eine spezielle Droge, die noch nicht illegal ist. Die Zahl der Todesf\u00e4lle ist jedoch gestiegen. Viele Todesf\u00e4lle in den Vereinigten Staaten werden mit einem neuen, legalen synthetischen Opioid in Verbindung gebracht, das ebenso t\u00f6dlich ist wie Fentanyl. Die Entdeckung von Isotonitazen in der nordamerikanischen Nahrungskette scheint die vor einem Jahr ge\u00e4u\u00dferten Bedenken zu best\u00e4tigen, dass die Labordrogen, die die Opioidkrise des Landes verursachen, m\u00f6glicherweise nicht gestoppt werden k\u00f6nnen. <a href=\"https:\/\/www.bing.com\/search?q=Buy%20Isotonitazene%20Online&amp;qs=n&amp;form=QBRE&amp;sp=-1&amp;lq=0&amp;pq=buy%20isotonitazene%20online&amp;sc=0-24&amp;sk=&amp;cvid=C8773ECBD1FF437F900CC7D38DE1EDBA&amp;ghsh=0&amp;ghacc=0&amp;ghpl=\">Isotonitazol<\/a> in der nordamerikanischen Nahrungskette scheinen die vor einem Jahr ge\u00e4u\u00dferten Bedenken zu best\u00e4tigen, dass die M\u00f6glichkeit bestehe, dass die Herstellung von Labordrogen, die die Opioidkrise des Landes verursachen, nicht gestoppt werden k\u00f6nne.<\/p>\n<h3>Wo kann ich Iso-Pulver online bekommen?<\/h3>\n<p>Einer aktuellen Mitteilung von Barry K. Logan, leitender Wissenschaftler der NMS Laboratories und weltweit anerkannter Experte f\u00fcr forensische Toxikologie, zufolge haben seine Kollegen in Proben von mehr als 200 verstorbenen Drogenkonsumenten im Mittleren Westen und Nordosten der USA Isotonitazen gefunden, dasselbe Molek\u00fcl wie Fentanyl. <a href=\"https:\/\/www.bing.com\/search?q=Buy%20Isotonitazene%20Online&amp;qs=n&amp;form=QBRE&amp;sp=-1&amp;lq=0&amp;pq=buy%20isotonitazene%20online&amp;sc=0-24&amp;sk=&amp;cvid=C8773ECBD1FF437F900CC7D38DE1EDBA&amp;ghsh=0&amp;ghacc=0&amp;ghpl=\">Isotonitazol<\/a>, das gleiche Molek\u00fcl wie Fentanyl, in Proben von mehr als 200 verstorbenen Drogenkonsumenten im Mittleren Westen und Nordosten. <a href=\"https:\/\/legitgrams.com\/de\/\">LegitGrams<\/a><\/p>\n<p>Logan sagte: \"Der h\u00e4ufigste und am weitesten verbreitete neue Wirkstoff in den Vereinigten Staaten ist Isotonitazol\". <a href=\"https:\/\/duckduckgo.com\/?q=Buy+Isotonitazene+Online&amp;t=h_&amp;ia=web\">Isotonitazol<\/a>.&#8221;<\/p>\n<p>zeigt, dass die Zahl der Todesf\u00e4lle in den USA durch <a href=\"https:\/\/duckduckgo.com\/?q=Buy+Isotonitazene+Online&amp;t=h_&amp;ia=web\">Isotonitazol<\/a> ist von etwa sechs im Sommer auf 40 bis 50 pro Monat gestiegen.<\/p>\n<h3>vertrauensw\u00fcrdige synthetische Opioide online Kaufen.<\/h3>\n<p>Logans Team entdeckte im vergangenen Jahr in den USA nur zw\u00f6lf neue Opioide, Isotonitazen hingegen erfreute sich rasch gro\u00dfer Bekanntheit. \u201eDie Substanz, die immer beliebter wird, ist Isotonitazen; neue Opioide entdecken wir nur ein- oder zweimal.\u201c<\/p>\n<p>Laut Logan ist \u201eIsotonitazen das in den USA am h\u00e4ufigsten und am weitesten verbreitete neue Mittel.\u201c<\/p>\n<p>zeigt, dass die Zahl der Todesf\u00e4lle in den USA durch <a href=\"https:\/\/www.google.com\/search?q=Buy+Isotonitazene+Online&amp;num=10&amp;sca_esv=1a2a07081c7891bb&amp;rlz=1C1RXQR_enIN1098IN1098&amp;sxsrf=AHTn8zqRnNcZtkQEK_gLmxgthNuOExdFTw%3A1741413766389&amp;ei=ht3LZ5uqF6qeseMP4Yn5-Ak&amp;ved=0ahUKEwibhc_n5_mLAxUqT2wGHeFEHp8Q4dUDCBI&amp;uact=5&amp;oq=Buy+Isotonitazene+Online&amp;gs_lp=Egxnd3Mtd2l6LXNlcnAiGEJ1eSBJc290b25pdGF6ZW5lIE9ubGluZUilClCkBlikBnADeACQAQCYAagBoAGoAaoBAzAuMbgBA8gBAPgBAvgBAZgCAKACAJgDAIgGAZIHAKAHTA&amp;sclient=gws-wiz-serp\">Isotonitazol<\/a> ist von etwa sechs im Sommer auf 40 bis 50 pro Monat gestiegen.<\/p>\n<h3>vertrauensw\u00fcrdige synthetische Opioide online Kaufen.<\/h3>\n<p>Logans Team entdeckte im vergangenen Jahr in den USA nur 12 neue Opioide, aber <a href=\"https:\/\/en.wikipedia.org\/wiki\/Isotonitazene\">Isotonitazol<\/a> wurde rasch bekannt. \u201eIsotonitazen ist die am h\u00e4ufigsten beobachtete Substanz; die meisten neuen kommen nur ein- oder zweimal vor.\u201c<\/p>\n<p>Auch das am h\u00e4ufigsten online in Kanada verkaufte synthetische Opioid ist betroffen. Im M\u00e4rz <a href=\"https:\/\/www.google.com\/search?q=Buy+Isotonitazene+Online&amp;num=10&amp;sca_esv=1a2a07081c7891bb&amp;rlz=1C1RXQR_enIN1098IN1098&amp;sxsrf=AHTn8zqRnNcZtkQEK_gLmxgthNuOExdFTw%3A1741413766389&amp;ei=ht3LZ5uqF6qeseMP4Yn5-Ak&amp;ved=0ahUKEwibhc_n5_mLAxUqT2wGHeFEHp8Q4dUDCBI&amp;uact=5&amp;oq=Buy+Isotonitazene+Online&amp;gs_lp=Egxnd3Mtd2l6LXNlcnAiGEJ1eSBJc290b25pdGF6ZW5lIE9ubGluZUilClCkBlikBnADeACQAQCYAagBoAGoAaoBAzAuMbgBA8gBAPgBAvgBAZgCAKACAJgDAIgGAZIHAKAHTA&amp;sclient=gws-wiz-serp\">Isotonitazol<\/a> Auch das in Kanada am h\u00e4ufigsten online verkaufte synthetische Opioid ist betroffen. Im M\u00e4rz wurde Isotonitazen in 1.900 gef\u00e4lschten verschreibungspflichtigen Medikamenten in Neufundland und Nova Scotia entdeckt. Das Medikament wurde in Form von Hydromorphon-\u00e4hnlichen Tabletten hergestellt. Dilaudid, auch als Oxycontin bekannt, ist ein sehr gefragtes synthetisches Opioid.<\/p>\n<h2><\/h2>\n<h2><\/h2>\n<h2><\/h2>\n<p>&nbsp;<\/p>","protected":false},"excerpt":{"rendered":"<p>Purchase Online Isotonitazene Buy Isotonitazene is a special drug that isn&#8217;t yet illegal. However, the number of fatalities has increased. Many deaths in the United States have been linked to a new, legal synthetic opioid that is equally deadly as fentanyl. The discovery of isotonitazene in North America&#8217;s food chain seems to confirm concerns raised &hellip;<\/p>\n<p class=\"read-more\"> <a class=\"\" href=\"https:\/\/legitgrams.com\/de\/produkt\/isotonitazol\/\"> <span class=\"screen-reader-text\">Isotonitazen online kaufen<\/span> Mehr lesen \"<\/a><\/p>","protected":false},"featured_media":3322,"comment_status":"open","ping_status":"closed","template":"","meta":{"_uag_custom_page_level_css":"","site-sidebar-layout":"default","site-content-layout":"default","ast-global-header-display":"","ast-main-header-display":"","ast-hfb-above-header-display":"","ast-hfb-below-header-display":"","ast-hfb-mobile-header-display":"","site-post-title":"","ast-breadcrumbs-content":"","ast-featured-img":"","footer-sml-layout":"","theme-transparent-header-meta":"default","adv-header-id-meta":"","stick-header-meta":"default","header-above-stick-meta":"","header-main-stick-meta":"","header-below-stick-meta":"","_joinchat":[]},"product_brand":[],"product_cat":[190],"product_tag":[252,253,254,255,256,257,258,259,260,261,262],"class_list":{"0":"post-3313","1":"product","2":"type-product","3":"status-publish","4":"has-post-thumbnail","6":"product_cat-cannabinoids","7":"product_tag-buy-isotodesnitazene","8":"product_tag-buy-isotodesnitazene-usa","9":"product_tag-for-sale-isotodesnitazene","10":"product_tag-isotodesnitazene","11":"product_tag-isotodesnitazene-for-sale","12":"product_tag-isotodesnitazene-for-sale-online","13":"product_tag-isotodesnitazene-supplier","14":"product_tag-isotodesnitazene-suppliers","15":"product_tag-isotodesnitazene-vendor","16":"product_tag-order-isotodesnitazene-canada","17":"product_tag-where-to-buy-isotodesnitazene-australia","18":"desktop-align-left","19":"tablet-align-left","20":"mobile-align-left","21":"ast-product-gallery-layout-horizontal","22":"ast-product-gallery-with-no-image","23":"ast-product-single-variable","24":"ast-product-tabs-layout-horizontal","25":"ast-qv-on-image","27":"first","28":"instock","29":"shipping-taxable","30":"purchasable","31":"product-type-variable"},"yoast_head":"<!-- This site is optimized with the Yoast SEO plugin v25.9 - https:\/\/yoast.com\/wordpress\/plugins\/seo\/ -->\n<title>Isotonitazene for Sale - Order Isotonitazene Online | LegitGrams<\/title>\n<meta name=\"description\" content=\"You can get in touch with our Legitgrams store and buy Isotonitazen online. We have Isotonitazen for sale at cheap prices. Get yours at your place right away!\" \/>\n<meta name=\"robots\" content=\"index, follow, max-snippet:-1, max-image-preview:large, max-video-preview:-1\" \/>\n<link rel=\"canonical\" href=\"https:\/\/legitgrams.com\/de\/produkt\/isotonitazol\/\" \/>\n<meta property=\"og:locale\" content=\"de_DE\" \/>\n<meta property=\"og:type\" content=\"article\" \/>\n<meta property=\"og:title\" content=\"Isotonitazene for Sale - Order Isotonitazene Online | LegitGrams\" \/>\n<meta property=\"og:description\" content=\"You can get in touch with our Legitgrams store and buy Isotonitazen online. We have Isotonitazen for sale at cheap prices. Get yours at your place right away!\" \/>\n<meta property=\"og:url\" content=\"https:\/\/legitgrams.com\/de\/produkt\/isotonitazol\/\" \/>\n<meta property=\"og:site_name\" content=\"Legit Grams\" \/>\n<meta property=\"article:modified_time\" content=\"2025-03-08T06:04:40+00:00\" \/>\n<meta property=\"og:image\" content=\"https:\/\/legitgrams.com\/wp-content\/uploads\/2024\/08\/Isotonitazene.gif\" \/>\n\t<meta property=\"og:image:width\" content=\"600\" \/>\n\t<meta property=\"og:image:height\" content=\"600\" \/>\n\t<meta property=\"og:image:type\" content=\"image\/gif\" \/>\n<meta name=\"twitter:card\" content=\"summary_large_image\" \/>\n<meta name=\"twitter:label1\" content=\"Gesch\u00e4tzte Lesezeit\" \/>\n\t<meta name=\"twitter:data1\" content=\"2\u00a0Minuten\" \/>\n<script type=\"application\/ld+json\" class=\"yoast-schema-graph\">{\"@context\":\"https:\/\/schema.org\",\"@graph\":[{\"@type\":\"WebPage\",\"@id\":\"https:\/\/legitgrams.com\/product\/isotonitazene\/\",\"url\":\"https:\/\/legitgrams.com\/product\/isotonitazene\/\",\"name\":\"Isotonitazene for Sale - Order Isotonitazene Online | LegitGrams\",\"isPartOf\":{\"@id\":\"https:\/\/legitgrams.com\/#website\"},\"primaryImageOfPage\":{\"@id\":\"https:\/\/legitgrams.com\/product\/isotonitazene\/#primaryimage\"},\"image\":{\"@id\":\"https:\/\/legitgrams.com\/product\/isotonitazene\/#primaryimage\"},\"thumbnailUrl\":\"https:\/\/legitgrams.com\/wp-content\/uploads\/2024\/08\/Isotonitazene.gif\",\"datePublished\":\"2024-08-03T05:49:11+00:00\",\"dateModified\":\"2025-03-08T06:04:40+00:00\",\"description\":\"You can get in touch with our Legitgrams store and buy Isotonitazen online. We have Isotonitazen for sale at cheap prices. Get yours at your place right away!\",\"breadcrumb\":{\"@id\":\"https:\/\/legitgrams.com\/product\/isotonitazene\/#breadcrumb\"},\"inLanguage\":\"de\",\"potentialAction\":[{\"@type\":\"ReadAction\",\"target\":[\"https:\/\/legitgrams.com\/product\/isotonitazene\/\"]}]},{\"@type\":\"ImageObject\",\"inLanguage\":\"de\",\"@id\":\"https:\/\/legitgrams.com\/product\/isotonitazene\/#primaryimage\",\"url\":\"https:\/\/legitgrams.com\/wp-content\/uploads\/2024\/08\/Isotonitazene.gif\",\"contentUrl\":\"https:\/\/legitgrams.com\/wp-content\/uploads\/2024\/08\/Isotonitazene.gif\",\"width\":600,\"height\":600,\"caption\":\"Isotonitazene for Sale\"},{\"@type\":\"BreadcrumbList\",\"@id\":\"https:\/\/legitgrams.com\/product\/isotonitazene\/#breadcrumb\",\"itemListElement\":[{\"@type\":\"ListItem\",\"position\":1,\"name\":\"Home\",\"item\":\"https:\/\/legitgrams.com\/\"},{\"@type\":\"ListItem\",\"position\":2,\"name\":\"Shop\",\"item\":\"https:\/\/legitgrams.com\/shop\/\"},{\"@type\":\"ListItem\",\"position\":3,\"name\":\"Buy Isotonitazene Online\"}]},{\"@type\":\"WebSite\",\"@id\":\"https:\/\/legitgrams.com\/#website\",\"url\":\"https:\/\/legitgrams.com\/\",\"name\":\"Legit Grams\",\"description\":\"My WordPress Blog\",\"publisher\":{\"@id\":\"https:\/\/legitgrams.com\/#organization\"},\"potentialAction\":[{\"@type\":\"SearchAction\",\"target\":{\"@type\":\"EntryPoint\",\"urlTemplate\":\"https:\/\/legitgrams.com\/?s={search_term_string}\"},\"query-input\":{\"@type\":\"PropertyValueSpecification\",\"valueRequired\":true,\"valueName\":\"search_term_string\"}}],\"inLanguage\":\"de\"},{\"@type\":\"Organization\",\"@id\":\"https:\/\/legitgrams.com\/#organization\",\"name\":\"Legit Grams\",\"url\":\"https:\/\/legitgrams.com\/\",\"logo\":{\"@type\":\"ImageObject\",\"inLanguage\":\"de\",\"@id\":\"https:\/\/legitgrams.com\/#\/schema\/logo\/image\/\",\"url\":\"https:\/\/legitgrams.com\/wp-content\/uploads\/2024\/09\/main-logo.png\",\"contentUrl\":\"https:\/\/legitgrams.com\/wp-content\/uploads\/2024\/09\/main-logo.png\",\"width\":270,\"height\":75,\"caption\":\"Legit Grams\"},\"image\":{\"@id\":\"https:\/\/legitgrams.com\/#\/schema\/logo\/image\/\"}}]}<\/script>\n<!-- \/ Yoast SEO plugin. -->","yoast_head_json":{"title":"Isotonitazene zu verkaufen - Isotonitazene online bestellen | LegitGrams","description":"Sie k\u00f6nnen sich mit unserem Legitgrams-Shop in Verbindung setzen und Isotonitazen online kaufen. Wir haben Isotonitazen zum Verkauf zu g\u00fcnstigen Preisen. Holen Sie sich bei Ihnen zu Hause sofort!","robots":{"index":"index","follow":"follow","max-snippet":"max-snippet:-1","max-image-preview":"max-image-preview:large","max-video-preview":"max-video-preview:-1"},"canonical":"https:\/\/legitgrams.com\/de\/produkt\/isotonitazol\/","og_locale":"de_DE","og_type":"article","og_title":"Isotonitazene for Sale - Order Isotonitazene Online | LegitGrams","og_description":"You can get in touch with our Legitgrams store and buy Isotonitazen online. We have Isotonitazen for sale at cheap prices. Get yours at your place right away!","og_url":"https:\/\/legitgrams.com\/de\/produkt\/isotonitazol\/","og_site_name":"Legit Grams","article_modified_time":"2025-03-08T06:04:40+00:00","og_image":[{"width":600,"height":600,"url":"https:\/\/legitgrams.com\/wp-content\/uploads\/2024\/08\/Isotonitazene.gif","type":"image\/gif"}],"twitter_card":"summary_large_image","twitter_misc":{"Gesch\u00e4tzte Lesezeit":"2\u00a0Minuten"},"schema":{"@context":"https:\/\/schema.org","@graph":[{"@type":"WebPage","@id":"https:\/\/legitgrams.com\/product\/isotonitazene\/","url":"https:\/\/legitgrams.com\/product\/isotonitazene\/","name":"Isotonitazene zu verkaufen - Isotonitazene online bestellen | LegitGrams","isPartOf":{"@id":"https:\/\/legitgrams.com\/#website"},"primaryImageOfPage":{"@id":"https:\/\/legitgrams.com\/product\/isotonitazene\/#primaryimage"},"image":{"@id":"https:\/\/legitgrams.com\/product\/isotonitazene\/#primaryimage"},"thumbnailUrl":"https:\/\/legitgrams.com\/wp-content\/uploads\/2024\/08\/Isotonitazene.gif","datePublished":"2024-08-03T05:49:11+00:00","dateModified":"2025-03-08T06:04:40+00:00","description":"Sie k\u00f6nnen sich mit unserem Legitgrams-Shop in Verbindung setzen und Isotonitazen online kaufen. Wir haben Isotonitazen zum Verkauf zu g\u00fcnstigen Preisen. Holen Sie sich bei Ihnen zu Hause sofort!","breadcrumb":{"@id":"https:\/\/legitgrams.com\/product\/isotonitazene\/#breadcrumb"},"inLanguage":"de","potentialAction":[{"@type":"ReadAction","target":["https:\/\/legitgrams.com\/product\/isotonitazene\/"]}]},{"@type":"ImageObject","inLanguage":"de","@id":"https:\/\/legitgrams.com\/product\/isotonitazene\/#primaryimage","url":"https:\/\/legitgrams.com\/wp-content\/uploads\/2024\/08\/Isotonitazene.gif","contentUrl":"https:\/\/legitgrams.com\/wp-content\/uploads\/2024\/08\/Isotonitazene.gif","width":600,"height":600,"caption":"Isotonitazene for Sale"},{"@type":"BreadcrumbList","@id":"https:\/\/legitgrams.com\/product\/isotonitazene\/#breadcrumb","itemListElement":[{"@type":"ListItem","position":1,"name":"Home","item":"https:\/\/legitgrams.com\/"},{"@type":"ListItem","position":2,"name":"Shop","item":"https:\/\/legitgrams.com\/shop\/"},{"@type":"ListItem","position":3,"name":"Buy Isotonitazene Online"}]},{"@type":"WebSite","@id":"https:\/\/legitgrams.com\/#website","url":"https:\/\/legitgrams.com\/","name":"Legitimer Grammwert","description":"Mein WordPress-Blog","publisher":{"@id":"https:\/\/legitgrams.com\/#organization"},"potentialAction":[{"@type":"SearchAction","target":{"@type":"EntryPoint","urlTemplate":"https:\/\/legitgrams.com\/?s={search_term_string}"},"query-input":{"@type":"PropertyValueSpecification","valueRequired":true,"valueName":"search_term_string"}}],"inLanguage":"de"},{"@type":"Organization","@id":"https:\/\/legitgrams.com\/#organization","name":"Legitimer Grammwert","url":"https:\/\/legitgrams.com\/","logo":{"@type":"ImageObject","inLanguage":"de","@id":"https:\/\/legitgrams.com\/#\/schema\/logo\/image\/","url":"https:\/\/legitgrams.com\/wp-content\/uploads\/2024\/09\/main-logo.png","contentUrl":"https:\/\/legitgrams.com\/wp-content\/uploads\/2024\/09\/main-logo.png","width":270,"height":75,"caption":"Legit Grams"},"image":{"@id":"https:\/\/legitgrams.com\/#\/schema\/logo\/image\/"}}]}},"uagb_featured_image_src":{"full":["https:\/\/legitgrams.com\/wp-content\/uploads\/2024\/08\/Isotonitazene.gif",600,600,false],"thumbnail":["https:\/\/legitgrams.com\/wp-content\/uploads\/2024\/08\/Isotonitazene-150x150.gif",150,150,true],"medium":["https:\/\/legitgrams.com\/wp-content\/uploads\/2024\/08\/Isotonitazene-300x300.gif",300,300,true],"medium_large":["https:\/\/legitgrams.com\/wp-content\/uploads\/2024\/08\/Isotonitazene.gif",600,600,false],"large":["https:\/\/legitgrams.com\/wp-content\/uploads\/2024\/08\/Isotonitazene.gif",600,600,false],"1536x1536":["https:\/\/legitgrams.com\/wp-content\/uploads\/2024\/08\/Isotonitazene.gif",600,600,false],"2048x2048":["https:\/\/legitgrams.com\/wp-content\/uploads\/2024\/08\/Isotonitazene.gif",600,600,false],"trp-custom-language-flag":["https:\/\/legitgrams.com\/wp-content\/uploads\/2024\/08\/Isotonitazene-12x12.gif",12,12,true],"woocommerce_thumbnail":["https:\/\/legitgrams.com\/wp-content\/uploads\/2024\/08\/Isotonitazene-300x300.gif",300,300,true],"woocommerce_single":["https:\/\/legitgrams.com\/wp-content\/uploads\/2024\/08\/Isotonitazene.gif",600,600,false],"woocommerce_gallery_thumbnail":["https:\/\/legitgrams.com\/wp-content\/uploads\/2024\/08\/Isotonitazene-100x100.gif",100,100,true]},"uagb_author_info":{"display_name":"cokeblog18","author_link":"https:\/\/legitgrams.com\/de\/author\/"},"uagb_comment_info":0,"uagb_excerpt":"Purchase Online Isotonitazene Buy Isotonitazene is a special drug that isn&#8217;t yet illegal. However, the number of fatalities has increased. Many deaths in the United States have been linked to a new, legal synthetic opioid that is equally deadly as fentanyl. The discovery of isotonitazene in North America&#8217;s food chain seems to confirm concerns raised&hellip;","_links":{"self":[{"href":"https:\/\/legitgrams.com\/de\/wp-json\/wp\/v2\/product\/3313","targetHints":{"allow":["GET"]}}],"collection":[{"href":"https:\/\/legitgrams.com\/de\/wp-json\/wp\/v2\/product"}],"about":[{"href":"https:\/\/legitgrams.com\/de\/wp-json\/wp\/v2\/types\/product"}],"replies":[{"embeddable":true,"href":"https:\/\/legitgrams.com\/de\/wp-json\/wp\/v2\/comments?post=3313"}],"wp:featuredmedia":[{"embeddable":true,"href":"https:\/\/legitgrams.com\/de\/wp-json\/wp\/v2\/media\/3322"}],"wp:attachment":[{"href":"https:\/\/legitgrams.com\/de\/wp-json\/wp\/v2\/media?parent=3313"}],"wp:term":[{"taxonomy":"product_brand","embeddable":true,"href":"https:\/\/legitgrams.com\/de\/wp-json\/wp\/v2\/product_brand?post=3313"},{"taxonomy":"product_cat","embeddable":true,"href":"https:\/\/legitgrams.com\/de\/wp-json\/wp\/v2\/product_cat?post=3313"},{"taxonomy":"product_tag","embeddable":true,"href":"https:\/\/legitgrams.com\/de\/wp-json\/wp\/v2\/product_tag?post=3313"}],"curies":[{"name":"wp","href":"https:\/\/api.w.org\/{rel}","templated":true}]}}