{"id":3689,"date":"2024-09-19T10:29:32","date_gmt":"2024-09-19T10:29:32","guid":{"rendered":"https:\/\/legitgrams.com\/?post_type=product&#038;p=3689"},"modified":"2025-03-17T04:47:00","modified_gmt":"2025-03-17T04:47:00","slug":"cannalope-kush-marihuana","status":"publish","type":"product","link":"https:\/\/legitgrams.com\/de\/produkt\/cannalope-kush-marihuana\/","title":{"rendered":"Buy Cannalope Kush Marijuana Online"},"content":{"rendered":"<h2>Cannabis zu verkaufen: Cannalope Kush<\/h2>\n<p>Aufgrund der Popularit\u00e4t der <a href=\"https:\/\/www.bing.com\/search?q=Buy%20Cannalope%20Kush%20Marijuana%20Online&amp;qs=n&amp;form=QBRE&amp;sp=-1&amp;lq=0&amp;pq=buy%20cannalope%20kush%20marijuana%20online&amp;sc=12-35&amp;sk=&amp;cvid=AC5473E4E274410087CA864398D7C1F4&amp;ghsh=0&amp;ghacc=0&amp;ghpl=\">Kush-Sorte in Kalifornien<\/a>, buying <a href=\"https:\/\/legitgrams.com\/de\/produkt\/cannalope-kush-marihuana\/\">Kush im Auge<\/a> Marihuana online kann nutzlos sein, wenn es um die Kennzeichnung der Sorte geht. Die gro\u00dfen, dicken St\u00e4ngel haben wenige Stempel und Bl\u00e4tter. Die Bl\u00fcten sind vollst\u00e4ndig mit Trichomen bedeckt und weisen eisblaue und hellgr\u00fcne Flecken auf. <a href=\"https:\/\/www.bing.com\/search?q=Buy%20Cannalope%20Kush%20Marijuana%20Online&amp;qs=n&amp;form=QBRE&amp;sp=-1&amp;lq=0&amp;pq=buy%20cannalope%20kush%20marijuana%20online&amp;sc=12-35&amp;sk=&amp;cvid=AC5473E4E274410087CA864398D7C1F4&amp;ghsh=0&amp;ghacc=0&amp;ghpl=\">Cali Kush buds<\/a> Sie haben einen angenehmen Zitronenduft mit einem Hauch von schwarzem Kaffee. Der Geschmack weist st\u00e4rkere Kaffee- und Gew\u00fcrznoten auf. Die Indica-dominante Sorte dieser Hybride wird h\u00e4ufiger verwendet, obwohl die Sativa-dominante Sorte viel Aufmerksamkeit erh\u00e4lt. <a href=\"https:\/\/legitgrams.com\/de\/\">LegitGrams<\/a><\/p>\n<p><a href=\"https:\/\/en.wikipedia.org\/wiki\/Kush_(cannabis)\">Kush Cannabis kaufen<\/a>, Kaufen Sie Cannalope Kush Cannabis, <a href=\"https:\/\/www.google.com\/search?q=Buy+Cannalope+Kush+Marijuana+Online&amp;num=10&amp;sca_esv=1a2a07081c7891bb&amp;rlz=1C1RXQR_enIN1098IN1098&amp;sxsrf=AHTn8zoz9IODTpDXXucMZhirY-qXmzYzVg%3A1742186335172&amp;ei=X6fXZ8-ZCrWc4-EP_v3W2AY&amp;ved=0ahUKEwiPxY_tpZCMAxU1zjgGHf6-FWsQ4dUDCBA&amp;uact=5&amp;oq=Buy+Cannalope+Kush+Marijuana+Online&amp;gs_lp=Egxnd3Mtd2l6LXNlcnAiI0J1eSBDYW5uYWxvcGUgS3VzaCBNYXJpanVhbmEgT25saW5lMgUQIRigATIFECEYoAEyBRAhGKABMgUQIRiSAzIFECEYkgMyBRAhGJIDMgUQIRiSA0jyB1DSA1jSA3ACeAGQAQCYAdkBoAHZAaoBAzItMbgBA8gBAPgBAvgBAZgCA6AC_gHCAgoQABiwAxjWBBhHmAMAiAYBkAYIkgcFMi4wLjGgB6IG&amp;sclient=gws-wiz-serp\">Cannalope Kush kaufen<\/a> Cannabis Kush Cannabis online kaufen Cannabis im Internet Folgende Informationen finden Sie: Wo kann man Cannabis Kush online kaufen, Cannabis Kush online kaufen, <a href=\"https:\/\/www.google.com\/search?q=Buy+Cannalope+Kush+Marijuana+Online&amp;num=10&amp;sca_esv=1a2a07081c7891bb&amp;rlz=1C1RXQR_enIN1098IN1098&amp;sxsrf=AHTn8zoz9IODTpDXXucMZhirY-qXmzYzVg%3A1742186335172&amp;ei=X6fXZ8-ZCrWc4-EP_v3W2AY&amp;ved=0ahUKEwiPxY_tpZCMAxU1zjgGHf6-FWsQ4dUDCBA&amp;uact=5&amp;oq=Buy+Cannalope+Kush+Marijuana+Online&amp;gs_lp=Egxnd3Mtd2l6LXNlcnAiI0J1eSBDYW5uYWxvcGUgS3VzaCBNYXJpanVhbmEgT25saW5lMgUQIRigATIFECEYoAEyBRAhGKABMgUQIRiSAzIFECEYkgMyBRAhGJIDMgUQIRiSA0jyB1DSA1jSA3ACeAGQAQCYAdkBoAHZAaoBAzItMbgBA8gBAPgBAvgBAZgCA6AC_gHCAgoQABiwAxjWBBhHmAMAiAYBkAYIkgcFMi4wLjGgB6IG&amp;sclient=gws-wiz-serp\">Cannabis Kush online kaufen<\/a>, Cannabis Kush online kaufen, USA, Kanada, Gro\u00dfbritannien, <a href=\"https:\/\/duckduckgo.com\/?q=Buy+Cannalope+Kush+Marijuana+Online&amp;t=h_&amp;ia=web\">Kaufen, Online, Lieferanten<\/a>, Sichere Lieferung, Cannabis von Cannalope Kush ist weiterhin verf\u00fcgbar. Zus\u00e4tzlich erfahren Sie, wie Sie <a href=\"https:\/\/duckduckgo.com\/?q=Buy+Cannalope+Kush+Marijuana+Online&amp;t=h_&amp;ia=web\">Bestellen Sie Cannalop Kush Marihuana<\/a>, ob es in Kanada legal ist und ob es in den USA legal ist.<\/p>","protected":false},"excerpt":{"rendered":"<p>Cannabis for Sale: Cannalope Kush Due to the popularity of the Kush strain in California, buying Cannalope Kush marijuana online can be useless when it comes to labeling the breed. The large, thick stems have few pistils and few leaves. The blossoms are completely coated in trichomes and have splits of icy blue and light &hellip;<\/p>\n<p class=\"read-more\"> <a class=\"\" href=\"https:\/\/legitgrams.com\/de\/produkt\/cannalope-kush-marihuana\/\"> <span class=\"screen-reader-text\">Buy Cannalope Kush Marijuana Online<\/span> Mehr lesen \"<\/a><\/p>","protected":false},"featured_media":5400,"comment_status":"open","ping_status":"closed","template":"","meta":{"_uag_custom_page_level_css":"","site-sidebar-layout":"default","site-content-layout":"default","ast-global-header-display":"","ast-main-header-display":"","ast-hfb-above-header-display":"","ast-hfb-below-header-display":"","ast-hfb-mobile-header-display":"","site-post-title":"","ast-breadcrumbs-content":"","ast-featured-img":"","footer-sml-layout":"","theme-transparent-header-meta":"default","adv-header-id-meta":"","stick-header-meta":"default","header-above-stick-meta":"","header-main-stick-meta":"","header-below-stick-meta":"","_joinchat":[]},"product_brand":[],"product_cat":[607],"product_tag":[5522,5512,617,5504,5503,5507,5506,5514,5505,5515,5517,5524,5525,5523,5520,5519,5516,5511,5509,5521,5518,625,5510,5513,5508],"class_list":{"0":"post-3689","1":"product","2":"type-product","3":"status-publish","4":"has-post-thumbnail","6":"product_cat-marijuana-cannabis","7":"product_tag-best-cheap-price-cannalope-kush-marijuana","8":"product_tag-best-place-to-buy-cannalope-kush-marijuana","9":"product_tag-bulk-online","10":"product_tag-buy-cannalope-kush-marijuana","11":"product_tag-cannalope-kush-marijuana","12":"product_tag-cannalope-kush-marijuana-cannalope-kush-marijuana-supplier","13":"product_tag-cannalope-kush-marijuana-for-sale","14":"product_tag-cannalope-kush-marijuana-legally","15":"product_tag-cannalope-kush-marijuana-online","16":"product_tag-cannalope-kush-marijuana-price","17":"product_tag-cannalope-kush-marijuana-store","18":"product_tag-cannalope-kush-marijuana-use","19":"product_tag-cannalope-kush-marijuana-wiki","20":"product_tag-cannalope-kush-marijuana-worldwide","21":"product_tag-cannalope-kush-marijuanas","22":"product_tag-cheap-cannalope-kush-marijuana","23":"product_tag-high-quality-cannalope-kush-marijuana","24":"product_tag-how-to-buy-cannalope-kush-marijuana","25":"product_tag-order-cannalope-kush-marijuana","26":"product_tag-purcharse-cannalope-kush-marijuana","27":"product_tag-shop-cannalope-kush-marijuana","28":"product_tag-top-quality","29":"product_tag-where-to-buy-cannalope-kush-marijuana","30":"product_tag-where-to-order-cannalope-kush-marijuana","31":"product_tag-wholesale-cannalope-kush-marijuana","32":"desktop-align-left","33":"tablet-align-left","34":"mobile-align-left","35":"ast-product-gallery-layout-horizontal","36":"ast-product-gallery-with-no-image","37":"ast-product-single-variable","38":"ast-product-tabs-layout-horizontal","39":"ast-qv-on-image","41":"first","42":"instock","43":"shipping-taxable","44":"purchasable","45":"product-type-variable"},"yoast_head":"<!-- This site is optimized with the Yoast SEO plugin v25.9 - https:\/\/yoast.com\/wordpress\/plugins\/seo\/ -->\n<title>Cannalope Kush Marijuana for Sale @ Best Price | LegitGrams<\/title>\n<meta name=\"description\" content=\"Find premium Cannalope Kush Marijuana for sale at our online store, providing a secure platform to buy Cannalope Kush Marijuana online with ease, catering to your research needs.\" \/>\n<meta name=\"robots\" content=\"index, follow, max-snippet:-1, max-image-preview:large, max-video-preview:-1\" \/>\n<link rel=\"canonical\" href=\"https:\/\/legitgrams.com\/de\/produkt\/cannalope-kush-marihuana\/\" \/>\n<meta property=\"og:locale\" content=\"de_DE\" \/>\n<meta property=\"og:type\" content=\"article\" \/>\n<meta property=\"og:title\" content=\"Cannalope Kush Marijuana for Sale @ Best Price | LegitGrams\" \/>\n<meta property=\"og:description\" content=\"Find premium Cannalope Kush Marijuana for sale at our online store, providing a secure platform to buy Cannalope Kush Marijuana online with ease, catering to your research needs.\" \/>\n<meta property=\"og:url\" content=\"https:\/\/legitgrams.com\/de\/produkt\/cannalope-kush-marihuana\/\" \/>\n<meta property=\"og:site_name\" content=\"Legit Grams\" \/>\n<meta property=\"article:modified_time\" content=\"2025-03-17T04:47:00+00:00\" \/>\n<meta property=\"og:image\" content=\"https:\/\/legitgrams.com\/wp-content\/uploads\/2024\/09\/Buy-Cannalope-Kush-Marijuana-Online.jpg\" \/>\n\t<meta property=\"og:image:width\" content=\"600\" \/>\n\t<meta property=\"og:image:height\" content=\"600\" \/>\n\t<meta property=\"og:image:type\" content=\"image\/jpeg\" \/>\n<meta name=\"twitter:card\" content=\"summary_large_image\" \/>\n<meta name=\"twitter:label1\" content=\"Gesch\u00e4tzte Lesezeit\" \/>\n\t<meta name=\"twitter:data1\" content=\"1\u00a0Minute\" \/>\n<script type=\"application\/ld+json\" class=\"yoast-schema-graph\">{\"@context\":\"https:\/\/schema.org\",\"@graph\":[{\"@type\":\"WebPage\",\"@id\":\"https:\/\/legitgrams.com\/product\/cannalope-kush-marijuana\/\",\"url\":\"https:\/\/legitgrams.com\/product\/cannalope-kush-marijuana\/\",\"name\":\"Cannalope Kush Marijuana for Sale @ Best Price | LegitGrams\",\"isPartOf\":{\"@id\":\"https:\/\/legitgrams.com\/#website\"},\"primaryImageOfPage\":{\"@id\":\"https:\/\/legitgrams.com\/product\/cannalope-kush-marijuana\/#primaryimage\"},\"image\":{\"@id\":\"https:\/\/legitgrams.com\/product\/cannalope-kush-marijuana\/#primaryimage\"},\"thumbnailUrl\":\"https:\/\/legitgrams.com\/wp-content\/uploads\/2024\/09\/Buy-Cannalope-Kush-Marijuana-Online.jpg\",\"datePublished\":\"2024-09-19T10:29:32+00:00\",\"dateModified\":\"2025-03-17T04:47:00+00:00\",\"description\":\"Find premium Cannalope Kush Marijuana for sale at our online store, providing a secure platform to buy Cannalope Kush Marijuana online with ease, catering to your research needs.\",\"breadcrumb\":{\"@id\":\"https:\/\/legitgrams.com\/product\/cannalope-kush-marijuana\/#breadcrumb\"},\"inLanguage\":\"de\",\"potentialAction\":[{\"@type\":\"ReadAction\",\"target\":[\"https:\/\/legitgrams.com\/product\/cannalope-kush-marijuana\/\"]}]},{\"@type\":\"ImageObject\",\"inLanguage\":\"de\",\"@id\":\"https:\/\/legitgrams.com\/product\/cannalope-kush-marijuana\/#primaryimage\",\"url\":\"https:\/\/legitgrams.com\/wp-content\/uploads\/2024\/09\/Buy-Cannalope-Kush-Marijuana-Online.jpg\",\"contentUrl\":\"https:\/\/legitgrams.com\/wp-content\/uploads\/2024\/09\/Buy-Cannalope-Kush-Marijuana-Online.jpg\",\"width\":600,\"height\":600,\"caption\":\"Cannalope Kush Marijuana for Sale\"},{\"@type\":\"BreadcrumbList\",\"@id\":\"https:\/\/legitgrams.com\/product\/cannalope-kush-marijuana\/#breadcrumb\",\"itemListElement\":[{\"@type\":\"ListItem\",\"position\":1,\"name\":\"Home\",\"item\":\"https:\/\/legitgrams.com\/\"},{\"@type\":\"ListItem\",\"position\":2,\"name\":\"Shop\",\"item\":\"https:\/\/legitgrams.com\/shop\/\"},{\"@type\":\"ListItem\",\"position\":3,\"name\":\"Buy Cannalope Kush Marijuana Online\"}]},{\"@type\":\"WebSite\",\"@id\":\"https:\/\/legitgrams.com\/#website\",\"url\":\"https:\/\/legitgrams.com\/\",\"name\":\"Legit Grams\",\"description\":\"My WordPress Blog\",\"publisher\":{\"@id\":\"https:\/\/legitgrams.com\/#organization\"},\"potentialAction\":[{\"@type\":\"SearchAction\",\"target\":{\"@type\":\"EntryPoint\",\"urlTemplate\":\"https:\/\/legitgrams.com\/?s={search_term_string}\"},\"query-input\":{\"@type\":\"PropertyValueSpecification\",\"valueRequired\":true,\"valueName\":\"search_term_string\"}}],\"inLanguage\":\"de\"},{\"@type\":\"Organization\",\"@id\":\"https:\/\/legitgrams.com\/#organization\",\"name\":\"Legit Grams\",\"url\":\"https:\/\/legitgrams.com\/\",\"logo\":{\"@type\":\"ImageObject\",\"inLanguage\":\"de\",\"@id\":\"https:\/\/legitgrams.com\/#\/schema\/logo\/image\/\",\"url\":\"https:\/\/legitgrams.com\/wp-content\/uploads\/2024\/09\/main-logo.png\",\"contentUrl\":\"https:\/\/legitgrams.com\/wp-content\/uploads\/2024\/09\/main-logo.png\",\"width\":270,\"height\":75,\"caption\":\"Legit Grams\"},\"image\":{\"@id\":\"https:\/\/legitgrams.com\/#\/schema\/logo\/image\/\"}}]}<\/script>\n<!-- \/ Yoast SEO plugin. -->","yoast_head_json":{"title":"Cannalope Kush Marihuana zu verkaufen zum besten Preis | LegitGramss","description":"Finden Sie erstklassiges Cannalope Kush Marihuana zum Verkauf in unserem Online-Shop, der eine sichere Plattform bietet, um Cannalope Kush Marihuana online mit Leichtigkeit zu kaufen, um Ihren Forschungsbedarf zu decken.","robots":{"index":"index","follow":"follow","max-snippet":"max-snippet:-1","max-image-preview":"max-image-preview:large","max-video-preview":"max-video-preview:-1"},"canonical":"https:\/\/legitgrams.com\/de\/produkt\/cannalope-kush-marihuana\/","og_locale":"de_DE","og_type":"article","og_title":"Cannalope Kush Marijuana for Sale @ Best Price | LegitGrams","og_description":"Find premium Cannalope Kush Marijuana for sale at our online store, providing a secure platform to buy Cannalope Kush Marijuana online with ease, catering to your research needs.","og_url":"https:\/\/legitgrams.com\/de\/produkt\/cannalope-kush-marihuana\/","og_site_name":"Legit Grams","article_modified_time":"2025-03-17T04:47:00+00:00","og_image":[{"width":600,"height":600,"url":"https:\/\/legitgrams.com\/wp-content\/uploads\/2024\/09\/Buy-Cannalope-Kush-Marijuana-Online.jpg","type":"image\/jpeg"}],"twitter_card":"summary_large_image","twitter_misc":{"Gesch\u00e4tzte Lesezeit":"1\u00a0Minute"},"schema":{"@context":"https:\/\/schema.org","@graph":[{"@type":"WebPage","@id":"https:\/\/legitgrams.com\/product\/cannalope-kush-marijuana\/","url":"https:\/\/legitgrams.com\/product\/cannalope-kush-marijuana\/","name":"Cannalope Kush Marihuana zu verkaufen zum besten Preis | LegitGramss","isPartOf":{"@id":"https:\/\/legitgrams.com\/#website"},"primaryImageOfPage":{"@id":"https:\/\/legitgrams.com\/product\/cannalope-kush-marijuana\/#primaryimage"},"image":{"@id":"https:\/\/legitgrams.com\/product\/cannalope-kush-marijuana\/#primaryimage"},"thumbnailUrl":"https:\/\/legitgrams.com\/wp-content\/uploads\/2024\/09\/Buy-Cannalope-Kush-Marijuana-Online.jpg","datePublished":"2024-09-19T10:29:32+00:00","dateModified":"2025-03-17T04:47:00+00:00","description":"Finden Sie erstklassiges Cannalope Kush Marihuana zum Verkauf in unserem Online-Shop, der eine sichere Plattform bietet, um Cannalope Kush Marihuana online mit Leichtigkeit zu kaufen, um Ihren Forschungsbedarf zu decken.","breadcrumb":{"@id":"https:\/\/legitgrams.com\/product\/cannalope-kush-marijuana\/#breadcrumb"},"inLanguage":"de","potentialAction":[{"@type":"ReadAction","target":["https:\/\/legitgrams.com\/product\/cannalope-kush-marijuana\/"]}]},{"@type":"ImageObject","inLanguage":"de","@id":"https:\/\/legitgrams.com\/product\/cannalope-kush-marijuana\/#primaryimage","url":"https:\/\/legitgrams.com\/wp-content\/uploads\/2024\/09\/Buy-Cannalope-Kush-Marijuana-Online.jpg","contentUrl":"https:\/\/legitgrams.com\/wp-content\/uploads\/2024\/09\/Buy-Cannalope-Kush-Marijuana-Online.jpg","width":600,"height":600,"caption":"Cannalope Kush Marijuana for Sale"},{"@type":"BreadcrumbList","@id":"https:\/\/legitgrams.com\/product\/cannalope-kush-marijuana\/#breadcrumb","itemListElement":[{"@type":"ListItem","position":1,"name":"Home","item":"https:\/\/legitgrams.com\/"},{"@type":"ListItem","position":2,"name":"Shop","item":"https:\/\/legitgrams.com\/shop\/"},{"@type":"ListItem","position":3,"name":"Buy Cannalope Kush Marijuana Online"}]},{"@type":"WebSite","@id":"https:\/\/legitgrams.com\/#website","url":"https:\/\/legitgrams.com\/","name":"Legitimer Grammwert","description":"Mein WordPress-Blog","publisher":{"@id":"https:\/\/legitgrams.com\/#organization"},"potentialAction":[{"@type":"SearchAction","target":{"@type":"EntryPoint","urlTemplate":"https:\/\/legitgrams.com\/?s={search_term_string}"},"query-input":{"@type":"PropertyValueSpecification","valueRequired":true,"valueName":"search_term_string"}}],"inLanguage":"de"},{"@type":"Organization","@id":"https:\/\/legitgrams.com\/#organization","name":"Legitimer Grammwert","url":"https:\/\/legitgrams.com\/","logo":{"@type":"ImageObject","inLanguage":"de","@id":"https:\/\/legitgrams.com\/#\/schema\/logo\/image\/","url":"https:\/\/legitgrams.com\/wp-content\/uploads\/2024\/09\/main-logo.png","contentUrl":"https:\/\/legitgrams.com\/wp-content\/uploads\/2024\/09\/main-logo.png","width":270,"height":75,"caption":"Legit Grams"},"image":{"@id":"https:\/\/legitgrams.com\/#\/schema\/logo\/image\/"}}]}},"uagb_featured_image_src":{"full":["https:\/\/legitgrams.com\/wp-content\/uploads\/2024\/09\/Buy-Cannalope-Kush-Marijuana-Online.jpg",600,600,false],"thumbnail":["https:\/\/legitgrams.com\/wp-content\/uploads\/2024\/09\/Buy-Cannalope-Kush-Marijuana-Online-150x150.jpg",150,150,true],"medium":["https:\/\/legitgrams.com\/wp-content\/uploads\/2024\/09\/Buy-Cannalope-Kush-Marijuana-Online-300x300.jpg",300,300,true],"medium_large":["https:\/\/legitgrams.com\/wp-content\/uploads\/2024\/09\/Buy-Cannalope-Kush-Marijuana-Online.jpg",600,600,false],"large":["https:\/\/legitgrams.com\/wp-content\/uploads\/2024\/09\/Buy-Cannalope-Kush-Marijuana-Online.jpg",600,600,false],"1536x1536":["https:\/\/legitgrams.com\/wp-content\/uploads\/2024\/09\/Buy-Cannalope-Kush-Marijuana-Online.jpg",600,600,false],"2048x2048":["https:\/\/legitgrams.com\/wp-content\/uploads\/2024\/09\/Buy-Cannalope-Kush-Marijuana-Online.jpg",600,600,false],"trp-custom-language-flag":["https:\/\/legitgrams.com\/wp-content\/uploads\/2024\/09\/Buy-Cannalope-Kush-Marijuana-Online-12x12.jpg",12,12,true],"woocommerce_thumbnail":["https:\/\/legitgrams.com\/wp-content\/uploads\/2024\/09\/Buy-Cannalope-Kush-Marijuana-Online-300x300.jpg",300,300,true],"woocommerce_single":["https:\/\/legitgrams.com\/wp-content\/uploads\/2024\/09\/Buy-Cannalope-Kush-Marijuana-Online.jpg",600,600,false],"woocommerce_gallery_thumbnail":["https:\/\/legitgrams.com\/wp-content\/uploads\/2024\/09\/Buy-Cannalope-Kush-Marijuana-Online-100x100.jpg",100,100,true]},"uagb_author_info":{"display_name":"cokeblog18","author_link":"https:\/\/legitgrams.com\/de\/author\/"},"uagb_comment_info":1,"uagb_excerpt":"Cannabis for Sale: Cannalope Kush Due to the popularity of the Kush strain in California, buying Cannalope Kush marijuana online can be useless when it comes to labeling the breed. The large, thick stems have few pistils and few leaves. The blossoms are completely coated in trichomes and have splits of icy blue and light&hellip;","_links":{"self":[{"href":"https:\/\/legitgrams.com\/de\/wp-json\/wp\/v2\/product\/3689","targetHints":{"allow":["GET"]}}],"collection":[{"href":"https:\/\/legitgrams.com\/de\/wp-json\/wp\/v2\/product"}],"about":[{"href":"https:\/\/legitgrams.com\/de\/wp-json\/wp\/v2\/types\/product"}],"replies":[{"embeddable":true,"href":"https:\/\/legitgrams.com\/de\/wp-json\/wp\/v2\/comments?post=3689"}],"wp:featuredmedia":[{"embeddable":true,"href":"https:\/\/legitgrams.com\/de\/wp-json\/wp\/v2\/media\/5400"}],"wp:attachment":[{"href":"https:\/\/legitgrams.com\/de\/wp-json\/wp\/v2\/media?parent=3689"}],"wp:term":[{"taxonomy":"product_brand","embeddable":true,"href":"https:\/\/legitgrams.com\/de\/wp-json\/wp\/v2\/product_brand?post=3689"},{"taxonomy":"product_cat","embeddable":true,"href":"https:\/\/legitgrams.com\/de\/wp-json\/wp\/v2\/product_cat?post=3689"},{"taxonomy":"product_tag","embeddable":true,"href":"https:\/\/legitgrams.com\/de\/wp-json\/wp\/v2\/product_tag?post=3689"}],"curies":[{"name":"wp","href":"https:\/\/api.w.org\/{rel}","templated":true}]}}