{"id":3696,"date":"2024-09-19T10:37:12","date_gmt":"2024-09-19T10:37:12","guid":{"rendered":"https:\/\/legitgrams.com\/?post_type=product&#038;p=3696"},"modified":"2025-03-17T04:48:28","modified_gmt":"2025-03-17T04:48:28","slug":"billig-chem-willie-marihuana","status":"publish","type":"product","link":"https:\/\/legitgrams.com\/de\/produkt\/billig-chem-willie-marihuana\/","title":{"rendered":"Chem Willie Marihuana g\u00fcnstig online kaufen"},"content":{"rendered":"<h2>Verkauf von billigem Chem Willie Marihuana<\/h2>\n<p>Eine dominante <a href=\"https:\/\/www.bing.com\/search?q=Buy%20Cheap%20Chem%20Willie%20Marijuana%20Online&amp;qs=n&amp;form=QBRE&amp;sp=-1&amp;lq=0&amp;pq=buy%20cheap%20chem%20willie%20marijuana%20online&amp;sc=0-38&amp;sk=&amp;cvid=49BF5FEA2C3148D09610382AEA95D32D&amp;ghsh=0&amp;ghacc=0&amp;ghpl=\">Sativa-Sorte<\/a> that benefits from exceptional genetics is <a href=\"https:\/\/legitgrams.com\/de\/produkt\/billig-chem-willie-marihuana\/\">Chem Willie<\/a>. It is a cross between Chemdawg&#8217;s favorite <a href=\"https:\/\/www.bing.com\/search?q=Buy%20Cheap%20Chem%20Willie%20Marijuana%20Online&amp;qs=n&amp;form=QBRE&amp;sp=-1&amp;lq=0&amp;pq=buy%20cheap%20chem%20willie%20marijuana%20online&amp;sc=0-38&amp;sk=&amp;cvid=49BF5FEA2C3148D09610382AEA95D32D&amp;ghsh=0&amp;ghacc=0&amp;ghpl=\">sativa<\/a> und Willie Nelsons ber\u00fchmte Sativa-Sorte mit dem gleichen Namen. Das Ergebnis ist eine potente Sativa mit einem einzigartigen und anpassungsf\u00e4higen Geschmack. Selbst f\u00fcr starke Raucher, <a href=\"https:\/\/www.google.com\/search?q=Buy+Cheap+Chem+Willie+Marijuana+Online&amp;num=10&amp;sca_esv=1a2a07081c7891bb&amp;rlz=1C1RXQR_enIN1098IN1098&amp;sxsrf=AHTn8zpnk6xgS9ZnXev40tluXkqHnfYklg%3A1742186732103&amp;ei=7KjXZ-n7BcSY4-EP6a2j4AE&amp;ved=0ahUKEwjpobKqp5CMAxVEzDgGHenWCBwQ4dUDCBA&amp;uact=5&amp;oq=Buy+Cheap+Chem+Willie+Marijuana+Online&amp;gs_lp=Egxnd3Mtd2l6LXNlcnAiJkJ1eSBDaGVhcCBDaGVtIFdpbGxpZSBNYXJpanVhbmEgT25saW5lMgUQIRigATIFECEYoAEyBRAhGJIDMgUQIRiSAzIFECEYkgNIvAhQgARYgARwA3gBkAEAmAHKAaABygGqAQMyLTG4AQPIAQD4AQL4AQGYAgSgAtwBwgIKEAAYsAMY1gQYR5gDAIgGAZAGApIHBTMuMC4xoAf9BA&amp;sclient=gws-wiz-serp\">Chem Willie\u2019s<\/a> Die starke Wirkung h\u00e4lt Berichten zufolge l\u00e4nger an als sonst. Diese Pickel enthalten nachweislich einen erstaunlichen THC-Gehalt von 15 bis 31 Prozent. <a href=\"https:\/\/legitgrams.com\/de\/\">LegitGrams<\/a><\/p>\n<p><a href=\"https:\/\/www.google.com\/search?q=Buy+Cheap+Chem+Willie+Marijuana+Online&amp;num=10&amp;sca_esv=1a2a07081c7891bb&amp;rlz=1C1RXQR_enIN1098IN1098&amp;sxsrf=AHTn8zpnk6xgS9ZnXev40tluXkqHnfYklg%3A1742186732103&amp;ei=7KjXZ-n7BcSY4-EP6a2j4AE&amp;ved=0ahUKEwjpobKqp5CMAxVEzDgGHenWCBwQ4dUDCBA&amp;uact=5&amp;oq=Buy+Cheap+Chem+Willie+Marijuana+Online&amp;gs_lp=Egxnd3Mtd2l6LXNlcnAiJkJ1eSBDaGVhcCBDaGVtIFdpbGxpZSBNYXJpanVhbmEgT25saW5lMgUQIRigATIFECEYoAEyBRAhGJIDMgUQIRiSAzIFECEYkgNIvAhQgARYgARwA3gBkAEAmAHKAaABygGqAQMyLTG4AQPIAQD4AQL4AQGYAgSgAtwBwgIKEAAYsAMY1gQYR5gDAIgGAZAGApIHBTMuMC4xoAf9BA&amp;sclient=gws-wiz-serp\">Chem Willie Marihuana Online<\/a> Chem Willie Marihuana online zu den g\u00fcnstigsten Preisen \u2013 Willie Marihuana online kaufen, Chem Willie Marihuana online kaufen, Wo kann man Willie g\u00fcnstig kaufen? <a href=\"https:\/\/en.wikipedia.org\/wiki\/Cannabis_(drug)\">Marihuana<\/a> Online, Wo kann man Willie Marihuana g\u00fcnstig online kaufen, <a href=\"https:\/\/duckduckgo.com\/?q=Buy+Cheap+Chem+Willie+Marijuana+Online&amp;t=h_&amp;ia=web\">G\u00fcnstiges Willie-Marihuana zum Verkauf in den USA<\/a>, Kanada, Gro\u00dfbritannien, Kaufen, Online, Lieferanten, Sichere Lieferung, G\u00fcnstiges Chem Willie Cannabis ist weiterhin erh\u00e4ltlich. Willie Marihuana zu verkaufen. Kaufen Sie g\u00fcnstiges Willie Marihuana online. Ist es legal in der <a href=\"https:\/\/duckduckgo.com\/?q=Buy+Cheap+Chem+Willie+Marijuana+Online&amp;t=h_&amp;ia=web\">USA kaufen billiges Chem Willie-Marihuana<\/a>Wie kann ich bei Chem Willie g\u00fcnstig Cannabis bekommen? Ist es in Kanada legal, billiges Marihuana von Chem Willie zu kaufen?<\/p>","protected":false},"excerpt":{"rendered":"<p>Sale of Cheap Chem Willie Marijuana One dominant sativa strain that benefits from exceptional genetics is Chem Willie. It is a cross between Chemdawg&#8217;s favorite sativa and Willie Nelson&#8217;s famous sativa stoner strain of the same name. The result is a potent sativa with a unique and adaptable flavor. Even for heavy smokers, Chem Willie&#8217;s &hellip;<\/p>\n<p class=\"read-more\"> <a class=\"\" href=\"https:\/\/legitgrams.com\/de\/produkt\/billig-chem-willie-marihuana\/\"> <span class=\"screen-reader-text\">Chem Willie Marihuana g\u00fcnstig online kaufen<\/span> Mehr lesen \"<\/a><\/p>","protected":false},"featured_media":5401,"comment_status":"open","ping_status":"closed","template":"","meta":{"_uag_custom_page_level_css":"","site-sidebar-layout":"default","site-content-layout":"default","ast-global-header-display":"","ast-main-header-display":"","ast-hfb-above-header-display":"","ast-hfb-below-header-display":"","ast-hfb-mobile-header-display":"","site-post-title":"","ast-breadcrumbs-content":"","ast-featured-img":"","footer-sml-layout":"","theme-transparent-header-meta":"default","adv-header-id-meta":"","stick-header-meta":"default","header-above-stick-meta":"","header-main-stick-meta":"","header-below-stick-meta":"","_joinchat":[]},"product_brand":[],"product_cat":[607],"product_tag":[5499,5489,617,5481,5496,5480,5484,5483,5491,5482,5492,5494,5501,5502,5500,5497,5493,5488,5486,5498,5495,625,5487,5490,5485],"class_list":{"0":"post-3696","1":"product","2":"type-product","3":"status-publish","4":"has-post-thumbnail","6":"product_cat-marijuana-cannabis","7":"product_tag-best-cheap-price-cheap-chem-willie-marijuana","8":"product_tag-best-place-to-buy-cheap-chem-willie-marijuana","9":"product_tag-bulk-online","10":"product_tag-buy-cheap-chem-willie-marijuana","11":"product_tag-cheap-cheap-chem-willie-marijuana","12":"product_tag-cheap-chem-willie-marijuana","13":"product_tag-cheap-chem-willie-marijuana-cheap-chem-willie-marijuana-supplier","14":"product_tag-cheap-chem-willie-marijuana-for-sale","15":"product_tag-cheap-chem-willie-marijuana-legally","16":"product_tag-cheap-chem-willie-marijuana-online","17":"product_tag-cheap-chem-willie-marijuana-price","18":"product_tag-cheap-chem-willie-marijuana-store","19":"product_tag-cheap-chem-willie-marijuana-use","20":"product_tag-cheap-chem-willie-marijuana-wiki","21":"product_tag-cheap-chem-willie-marijuana-worldwide","22":"product_tag-cheap-chem-willie-marijuanas","23":"product_tag-high-quality-cheap-chem-willie-marijuana","24":"product_tag-how-to-buy-cheap-chem-willie-marijuana","25":"product_tag-order-cheap-chem-willie-marijuana","26":"product_tag-purcharse-cheap-chem-willie-marijuana","27":"product_tag-shop-cheap-chem-willie-marijuana","28":"product_tag-top-quality","29":"product_tag-where-to-buy-cheap-chem-willie-marijuana","30":"product_tag-where-to-order-cheap-chem-willie-marijuana","31":"product_tag-wholesale-cheap-chem-willie-marijuana","32":"desktop-align-left","33":"tablet-align-left","34":"mobile-align-left","35":"ast-product-gallery-layout-horizontal","36":"ast-product-gallery-with-no-image","37":"ast-product-single-variable","38":"ast-product-tabs-layout-horizontal","39":"ast-qv-on-image","41":"first","42":"instock","43":"shipping-taxable","44":"purchasable","45":"product-type-variable"},"yoast_head":"<!-- This site is optimized with the Yoast SEO plugin v25.9 - https:\/\/yoast.com\/wordpress\/plugins\/seo\/ -->\n<title>Chem Willie Marijuana for Sale - Order Chem Willie Online<\/title>\n<meta name=\"description\" content=\"Discover top-notch Chem Willie Marijuana for sale at our online store - buy Chem Willie Marijuana conveniently and securely to fuel your research. Explore and buy Chem Willie Marijuana online, advancing your scientific endeavors with ease. Order Now!\" \/>\n<meta name=\"robots\" content=\"index, follow, max-snippet:-1, max-image-preview:large, max-video-preview:-1\" \/>\n<link rel=\"canonical\" href=\"https:\/\/legitgrams.com\/de\/produkt\/billig-chem-willie-marihuana\/\" \/>\n<meta property=\"og:locale\" content=\"de_DE\" \/>\n<meta property=\"og:type\" content=\"article\" \/>\n<meta property=\"og:title\" content=\"Chem Willie Marijuana for Sale - Order Chem Willie Online\" \/>\n<meta property=\"og:description\" content=\"Discover top-notch Chem Willie Marijuana for sale at our online store - buy Chem Willie Marijuana conveniently and securely to fuel your research. Explore and buy Chem Willie Marijuana online, advancing your scientific endeavors with ease. Order Now!\" \/>\n<meta property=\"og:url\" content=\"https:\/\/legitgrams.com\/de\/produkt\/billig-chem-willie-marihuana\/\" \/>\n<meta property=\"og:site_name\" content=\"Legit Grams\" \/>\n<meta property=\"article:modified_time\" content=\"2025-03-17T04:48:28+00:00\" \/>\n<meta property=\"og:image\" content=\"https:\/\/legitgrams.com\/wp-content\/uploads\/2024\/09\/Buy-cheap-Chem-Willie-Marijuana-Online.jpg\" \/>\n\t<meta property=\"og:image:width\" content=\"600\" \/>\n\t<meta property=\"og:image:height\" content=\"600\" \/>\n\t<meta property=\"og:image:type\" content=\"image\/jpeg\" \/>\n<meta name=\"twitter:card\" content=\"summary_large_image\" \/>\n<meta name=\"twitter:label1\" content=\"Gesch\u00e4tzte Lesezeit\" \/>\n\t<meta name=\"twitter:data1\" content=\"1\u00a0Minute\" \/>\n<script type=\"application\/ld+json\" class=\"yoast-schema-graph\">{\"@context\":\"https:\/\/schema.org\",\"@graph\":[{\"@type\":\"WebPage\",\"@id\":\"https:\/\/legitgrams.com\/product\/cheap-chem-willie-marijuana\/\",\"url\":\"https:\/\/legitgrams.com\/product\/cheap-chem-willie-marijuana\/\",\"name\":\"Chem Willie Marijuana for Sale - Order Chem Willie Online\",\"isPartOf\":{\"@id\":\"https:\/\/legitgrams.com\/#website\"},\"primaryImageOfPage\":{\"@id\":\"https:\/\/legitgrams.com\/product\/cheap-chem-willie-marijuana\/#primaryimage\"},\"image\":{\"@id\":\"https:\/\/legitgrams.com\/product\/cheap-chem-willie-marijuana\/#primaryimage\"},\"thumbnailUrl\":\"https:\/\/legitgrams.com\/wp-content\/uploads\/2024\/09\/Buy-cheap-Chem-Willie-Marijuana-Online.jpg\",\"datePublished\":\"2024-09-19T10:37:12+00:00\",\"dateModified\":\"2025-03-17T04:48:28+00:00\",\"description\":\"Discover top-notch Chem Willie Marijuana for sale at our online store - buy Chem Willie Marijuana conveniently and securely to fuel your research. Explore and buy Chem Willie Marijuana online, advancing your scientific endeavors with ease. Order Now!\",\"breadcrumb\":{\"@id\":\"https:\/\/legitgrams.com\/product\/cheap-chem-willie-marijuana\/#breadcrumb\"},\"inLanguage\":\"de\",\"potentialAction\":[{\"@type\":\"ReadAction\",\"target\":[\"https:\/\/legitgrams.com\/product\/cheap-chem-willie-marijuana\/\"]}]},{\"@type\":\"ImageObject\",\"inLanguage\":\"de\",\"@id\":\"https:\/\/legitgrams.com\/product\/cheap-chem-willie-marijuana\/#primaryimage\",\"url\":\"https:\/\/legitgrams.com\/wp-content\/uploads\/2024\/09\/Buy-cheap-Chem-Willie-Marijuana-Online.jpg\",\"contentUrl\":\"https:\/\/legitgrams.com\/wp-content\/uploads\/2024\/09\/Buy-cheap-Chem-Willie-Marijuana-Online.jpg\",\"width\":600,\"height\":600,\"caption\":\"Cheap Chem Willie Marijuana for Sale\"},{\"@type\":\"BreadcrumbList\",\"@id\":\"https:\/\/legitgrams.com\/product\/cheap-chem-willie-marijuana\/#breadcrumb\",\"itemListElement\":[{\"@type\":\"ListItem\",\"position\":1,\"name\":\"Home\",\"item\":\"https:\/\/legitgrams.com\/\"},{\"@type\":\"ListItem\",\"position\":2,\"name\":\"Shop\",\"item\":\"https:\/\/legitgrams.com\/shop\/\"},{\"@type\":\"ListItem\",\"position\":3,\"name\":\"Buy Cheap Chem Willie Marijuana Online\"}]},{\"@type\":\"WebSite\",\"@id\":\"https:\/\/legitgrams.com\/#website\",\"url\":\"https:\/\/legitgrams.com\/\",\"name\":\"Legit Grams\",\"description\":\"My WordPress Blog\",\"publisher\":{\"@id\":\"https:\/\/legitgrams.com\/#organization\"},\"potentialAction\":[{\"@type\":\"SearchAction\",\"target\":{\"@type\":\"EntryPoint\",\"urlTemplate\":\"https:\/\/legitgrams.com\/?s={search_term_string}\"},\"query-input\":{\"@type\":\"PropertyValueSpecification\",\"valueRequired\":true,\"valueName\":\"search_term_string\"}}],\"inLanguage\":\"de\"},{\"@type\":\"Organization\",\"@id\":\"https:\/\/legitgrams.com\/#organization\",\"name\":\"Legit Grams\",\"url\":\"https:\/\/legitgrams.com\/\",\"logo\":{\"@type\":\"ImageObject\",\"inLanguage\":\"de\",\"@id\":\"https:\/\/legitgrams.com\/#\/schema\/logo\/image\/\",\"url\":\"https:\/\/legitgrams.com\/wp-content\/uploads\/2024\/09\/main-logo.png\",\"contentUrl\":\"https:\/\/legitgrams.com\/wp-content\/uploads\/2024\/09\/main-logo.png\",\"width\":270,\"height\":75,\"caption\":\"Legit Grams\"},\"image\":{\"@id\":\"https:\/\/legitgrams.com\/#\/schema\/logo\/image\/\"}}]}<\/script>\n<!-- \/ Yoast SEO plugin. -->","yoast_head_json":{"title":"Chem Willie Marihuana zu verkaufen - Chem Willie online bestellen","description":"Entdecken Sie erstklassiges Chem Willie Marijuana zum Verkauf in unserem Online-Shop - kaufen Sie Chem Willie Marijuana bequem und sicher, um Ihre Forschung zu unterst\u00fctzen. Erforschen und kaufen Sie Chem Willie Marijuana online und bringen Sie Ihre wissenschaftlichen Bem\u00fchungen mit Leichtigkeit voran. Bestellen Sie jetzt!","robots":{"index":"index","follow":"follow","max-snippet":"max-snippet:-1","max-image-preview":"max-image-preview:large","max-video-preview":"max-video-preview:-1"},"canonical":"https:\/\/legitgrams.com\/de\/produkt\/billig-chem-willie-marihuana\/","og_locale":"de_DE","og_type":"article","og_title":"Chem Willie Marijuana for Sale - Order Chem Willie Online","og_description":"Discover top-notch Chem Willie Marijuana for sale at our online store - buy Chem Willie Marijuana conveniently and securely to fuel your research. Explore and buy Chem Willie Marijuana online, advancing your scientific endeavors with ease. Order Now!","og_url":"https:\/\/legitgrams.com\/de\/produkt\/billig-chem-willie-marihuana\/","og_site_name":"Legit Grams","article_modified_time":"2025-03-17T04:48:28+00:00","og_image":[{"width":600,"height":600,"url":"https:\/\/legitgrams.com\/wp-content\/uploads\/2024\/09\/Buy-cheap-Chem-Willie-Marijuana-Online.jpg","type":"image\/jpeg"}],"twitter_card":"summary_large_image","twitter_misc":{"Gesch\u00e4tzte Lesezeit":"1\u00a0Minute"},"schema":{"@context":"https:\/\/schema.org","@graph":[{"@type":"WebPage","@id":"https:\/\/legitgrams.com\/product\/cheap-chem-willie-marijuana\/","url":"https:\/\/legitgrams.com\/product\/cheap-chem-willie-marijuana\/","name":"Chem Willie Marihuana zu verkaufen - Chem Willie online bestellen","isPartOf":{"@id":"https:\/\/legitgrams.com\/#website"},"primaryImageOfPage":{"@id":"https:\/\/legitgrams.com\/product\/cheap-chem-willie-marijuana\/#primaryimage"},"image":{"@id":"https:\/\/legitgrams.com\/product\/cheap-chem-willie-marijuana\/#primaryimage"},"thumbnailUrl":"https:\/\/legitgrams.com\/wp-content\/uploads\/2024\/09\/Buy-cheap-Chem-Willie-Marijuana-Online.jpg","datePublished":"2024-09-19T10:37:12+00:00","dateModified":"2025-03-17T04:48:28+00:00","description":"Entdecken Sie erstklassiges Chem Willie Marijuana zum Verkauf in unserem Online-Shop - kaufen Sie Chem Willie Marijuana bequem und sicher, um Ihre Forschung zu unterst\u00fctzen. Erforschen und kaufen Sie Chem Willie Marijuana online und bringen Sie Ihre wissenschaftlichen Bem\u00fchungen mit Leichtigkeit voran. Bestellen Sie jetzt!","breadcrumb":{"@id":"https:\/\/legitgrams.com\/product\/cheap-chem-willie-marijuana\/#breadcrumb"},"inLanguage":"de","potentialAction":[{"@type":"ReadAction","target":["https:\/\/legitgrams.com\/product\/cheap-chem-willie-marijuana\/"]}]},{"@type":"ImageObject","inLanguage":"de","@id":"https:\/\/legitgrams.com\/product\/cheap-chem-willie-marijuana\/#primaryimage","url":"https:\/\/legitgrams.com\/wp-content\/uploads\/2024\/09\/Buy-cheap-Chem-Willie-Marijuana-Online.jpg","contentUrl":"https:\/\/legitgrams.com\/wp-content\/uploads\/2024\/09\/Buy-cheap-Chem-Willie-Marijuana-Online.jpg","width":600,"height":600,"caption":"Cheap Chem Willie Marijuana for Sale"},{"@type":"BreadcrumbList","@id":"https:\/\/legitgrams.com\/product\/cheap-chem-willie-marijuana\/#breadcrumb","itemListElement":[{"@type":"ListItem","position":1,"name":"Home","item":"https:\/\/legitgrams.com\/"},{"@type":"ListItem","position":2,"name":"Shop","item":"https:\/\/legitgrams.com\/shop\/"},{"@type":"ListItem","position":3,"name":"Buy Cheap Chem Willie Marijuana Online"}]},{"@type":"WebSite","@id":"https:\/\/legitgrams.com\/#website","url":"https:\/\/legitgrams.com\/","name":"Legitimer Grammwert","description":"Mein WordPress-Blog","publisher":{"@id":"https:\/\/legitgrams.com\/#organization"},"potentialAction":[{"@type":"SearchAction","target":{"@type":"EntryPoint","urlTemplate":"https:\/\/legitgrams.com\/?s={search_term_string}"},"query-input":{"@type":"PropertyValueSpecification","valueRequired":true,"valueName":"search_term_string"}}],"inLanguage":"de"},{"@type":"Organization","@id":"https:\/\/legitgrams.com\/#organization","name":"Legitimer Grammwert","url":"https:\/\/legitgrams.com\/","logo":{"@type":"ImageObject","inLanguage":"de","@id":"https:\/\/legitgrams.com\/#\/schema\/logo\/image\/","url":"https:\/\/legitgrams.com\/wp-content\/uploads\/2024\/09\/main-logo.png","contentUrl":"https:\/\/legitgrams.com\/wp-content\/uploads\/2024\/09\/main-logo.png","width":270,"height":75,"caption":"Legit Grams"},"image":{"@id":"https:\/\/legitgrams.com\/#\/schema\/logo\/image\/"}}]}},"uagb_featured_image_src":{"full":["https:\/\/legitgrams.com\/wp-content\/uploads\/2024\/09\/Buy-cheap-Chem-Willie-Marijuana-Online.jpg",600,600,false],"thumbnail":["https:\/\/legitgrams.com\/wp-content\/uploads\/2024\/09\/Buy-cheap-Chem-Willie-Marijuana-Online-150x150.jpg",150,150,true],"medium":["https:\/\/legitgrams.com\/wp-content\/uploads\/2024\/09\/Buy-cheap-Chem-Willie-Marijuana-Online-300x300.jpg",300,300,true],"medium_large":["https:\/\/legitgrams.com\/wp-content\/uploads\/2024\/09\/Buy-cheap-Chem-Willie-Marijuana-Online.jpg",600,600,false],"large":["https:\/\/legitgrams.com\/wp-content\/uploads\/2024\/09\/Buy-cheap-Chem-Willie-Marijuana-Online.jpg",600,600,false],"1536x1536":["https:\/\/legitgrams.com\/wp-content\/uploads\/2024\/09\/Buy-cheap-Chem-Willie-Marijuana-Online.jpg",600,600,false],"2048x2048":["https:\/\/legitgrams.com\/wp-content\/uploads\/2024\/09\/Buy-cheap-Chem-Willie-Marijuana-Online.jpg",600,600,false],"trp-custom-language-flag":["https:\/\/legitgrams.com\/wp-content\/uploads\/2024\/09\/Buy-cheap-Chem-Willie-Marijuana-Online-12x12.jpg",12,12,true],"woocommerce_thumbnail":["https:\/\/legitgrams.com\/wp-content\/uploads\/2024\/09\/Buy-cheap-Chem-Willie-Marijuana-Online-300x300.jpg",300,300,true],"woocommerce_single":["https:\/\/legitgrams.com\/wp-content\/uploads\/2024\/09\/Buy-cheap-Chem-Willie-Marijuana-Online.jpg",600,600,false],"woocommerce_gallery_thumbnail":["https:\/\/legitgrams.com\/wp-content\/uploads\/2024\/09\/Buy-cheap-Chem-Willie-Marijuana-Online-100x100.jpg",100,100,true]},"uagb_author_info":{"display_name":"cokeblog18","author_link":"https:\/\/legitgrams.com\/de\/author\/"},"uagb_comment_info":0,"uagb_excerpt":"Sale of Cheap Chem Willie Marijuana One dominant sativa strain that benefits from exceptional genetics is Chem Willie. It is a cross between Chemdawg&#8217;s favorite sativa and Willie Nelson&#8217;s famous sativa stoner strain of the same name. The result is a potent sativa with a unique and adaptable flavor. Even for heavy smokers, Chem Willie&#8217;s&hellip;","_links":{"self":[{"href":"https:\/\/legitgrams.com\/de\/wp-json\/wp\/v2\/product\/3696","targetHints":{"allow":["GET"]}}],"collection":[{"href":"https:\/\/legitgrams.com\/de\/wp-json\/wp\/v2\/product"}],"about":[{"href":"https:\/\/legitgrams.com\/de\/wp-json\/wp\/v2\/types\/product"}],"replies":[{"embeddable":true,"href":"https:\/\/legitgrams.com\/de\/wp-json\/wp\/v2\/comments?post=3696"}],"wp:featuredmedia":[{"embeddable":true,"href":"https:\/\/legitgrams.com\/de\/wp-json\/wp\/v2\/media\/5401"}],"wp:attachment":[{"href":"https:\/\/legitgrams.com\/de\/wp-json\/wp\/v2\/media?parent=3696"}],"wp:term":[{"taxonomy":"product_brand","embeddable":true,"href":"https:\/\/legitgrams.com\/de\/wp-json\/wp\/v2\/product_brand?post=3696"},{"taxonomy":"product_cat","embeddable":true,"href":"https:\/\/legitgrams.com\/de\/wp-json\/wp\/v2\/product_cat?post=3696"},{"taxonomy":"product_tag","embeddable":true,"href":"https:\/\/legitgrams.com\/de\/wp-json\/wp\/v2\/product_tag?post=3696"}],"curies":[{"name":"wp","href":"https:\/\/api.w.org\/{rel}","templated":true}]}}