{"id":3703,"date":"2024-09-19T10:47:38","date_gmt":"2024-09-19T10:47:38","guid":{"rendered":"https:\/\/legitgrams.com\/?post_type=product&#038;p=3703"},"modified":"2025-03-17T04:54:56","modified_gmt":"2025-03-17T04:54:56","slug":"kirsche-kuchen-marihuana-stamm","status":"publish","type":"product","link":"https:\/\/legitgrams.com\/de\/produkt\/kirsche-kuchen-marihuana-stamm\/","title":{"rendered":"die Marihuanasorte Cherry Pie online kaufen"},"content":{"rendered":"<h2>Zu verkaufen: Cannabissorte Cherry Pie<\/h2>\n<p>Online erhalten Sie <a href=\"https:\/\/legitgrams.com\/de\/produkt\/kirsche-kuchen-marihuana-stamm\/\">Hanfsorte Cherry Pie<\/a>. 20 % Hybrid-THC in Sativa: 16 %\u201324 %, 80 % Indica und 1 % CBD<\/p>\n<p>Auswirkungen: Fr\u00f6hlich, ausgelassen, fantasievoll und beruhigend<\/p>\n<p>M\u00f6gliche Behandlungen f\u00fcr Depressionen, Schlaflosigkeit, bipolare St\u00f6rungen, chronische Schmerzen, Angstzust\u00e4nde und Hyperaktivit\u00e4t <a href=\"https:\/\/www.bing.com\/search?q=Buy%20Cherry%20Pie%20Marijuana%20Strain%20Online&amp;qs=n&amp;form=QBRE&amp;sp=-1&amp;lq=0&amp;pq=buy%20cherry%20pie%20marijuana%20strain%20online&amp;sc=0-38&amp;sk=&amp;cvid=565434C6CB554B05869391639934673C&amp;ghsh=0&amp;ghacc=0&amp;ghpl=\">Chronische Schmerzen<\/a>, Angst und Hyperaktivit\u00e4t<br \/>\n<a href=\"https:\/\/www.bing.com\/search?q=Buy%20Cherry%20Pie%20Marijuana%20Strain%20Online&amp;qs=n&amp;form=QBRE&amp;sp=-1&amp;lq=0&amp;pq=buy%20cherry%20pie%20marijuana%20strain%20online&amp;sc=0-38&amp;sk=&amp;cvid=565434C6CB554B05869391639934673C&amp;ghsh=0&amp;ghacc=0&amp;ghpl=\">Kirsche<\/a>Kirsch-, Beeren- und s\u00fc\u00dfe Aromen<br \/>\nErdig, s\u00fc\u00df, Kirsche und Blaubeere<\/p>\n<p>Kaufen <a href=\"https:\/\/en.wikipedia.org\/wiki\/Cherry_pie\">Kirschtorte<\/a> Cannabissorte online: <a href=\"https:\/\/www.google.com\/search?q=Buy+Cherry+Pie+Marijuana+Strain+Online&amp;num=10&amp;sca_esv=1a2a07081c7891bb&amp;rlz=1C1RXQR_enIN1098IN1098&amp;sxsrf=AHTn8zpOzNW9lDzvqKZ6Vs54xhwXUChLgA%3A1742187073061&amp;ei=QarXZ9KmA-KR4-EP9Onl-AQ&amp;ved=0ahUKEwiSy_zMqJCMAxXiyDgGHfR0GU8Q4dUDCBA&amp;uact=5&amp;oq=Buy+Cherry+Pie+Marijuana+Strain+Online&amp;gs_lp=Egxnd3Mtd2l6LXNlcnAiJkJ1eSBDaGVycnkgUGllIE1hcmlqdWFuYSBTdHJhaW4gT25saW5lMgUQIRigATIFECEYoAEyBRAhGKABSPgHUO0DWO0DcAN4AJABAJgBzAGgAcwBqgEDMi0xuAEDyAEA-AEC-AEBmAIEoAL5AcICCBAAGLADGO8FmAMAiAYBkAYEkgcFMy4wLjGgB5kD&amp;sclient=gws-wiz-serp\">Kaufen Sie Pie Cannabis<\/a>, Cherry Pie Cannabis kaufen, Cherry Pie Cannabis-Sorte online kaufen, Cherry Pie Marihuana-Sorte online kaufen, Wo kann man Cherry Pie Marihuana-Sorte kaufen, <a href=\"https:\/\/www.google.com\/search?q=Buy+Cherry+Pie+Marijuana+Strain+Online&amp;num=10&amp;sca_esv=1a2a07081c7891bb&amp;rlz=1C1RXQR_enIN1098IN1098&amp;sxsrf=AHTn8zpOzNW9lDzvqKZ6Vs54xhwXUChLgA%3A1742187073061&amp;ei=QarXZ9KmA-KR4-EP9Onl-AQ&amp;ved=0ahUKEwiSy_zMqJCMAxXiyDgGHfR0GU8Q4dUDCBA&amp;uact=5&amp;oq=Buy+Cherry+Pie+Marijuana+Strain+Online&amp;gs_lp=Egxnd3Mtd2l6LXNlcnAiJkJ1eSBDaGVycnkgUGllIE1hcmlqdWFuYSBTdHJhaW4gT25saW5lMgUQIRigATIFECEYoAEyBRAhGKABSPgHUO0DWO0DcAN4AJABAJgBzAGgAcwBqgEDMi0xuAEDyAEA-AEC-AEBmAIEoAL5AcICCBAAGLADGO8FmAMAiAYBkAYEkgcFMy4wLjGgB5kD&amp;sclient=gws-wiz-serp\">Cherry Pie Marihuana Strain zu verkaufen<\/a> in den USA, Kanada und Gro\u00dfbritannien, <a href=\"https:\/\/duckduckgo.com\/?q=Buy+Cherry+Pie+Marijuana+Strain+Online&amp;t=h_&amp;ia=web\">Cherry Pie Marihuana Strain zu verkaufen<\/a>, Marihuana-Sorte zu verkaufen, Cherry Pie Marihuana-Sorte online kaufen, Cherry Pie Cannabis-Sorte online von zuverl\u00e4ssigen Anbietern mit sicherem Versand kaufen. Es ist immer noch m\u00f6glich, zu erwerben <a href=\"https:\/\/duckduckgo.com\/?q=Buy+Cherry+Pie+Marijuana+Strain+Online&amp;t=h_&amp;ia=web\">Cherry Pie Marihuana-Sorte<\/a>, sowie Informationen zur Bestellung der Marihuanasorte Cherry Pie, ob die Marihuanasorte Cherry Pie in Kanada legal ist und ob sie in den Vereinigten Staaten legal ist. <a href=\"https:\/\/legitgrams.com\/de\/\">LegitGrams<\/a><\/p>","protected":false},"excerpt":{"rendered":"<p>For Sale: Cherry Pie Cannabis Strain Online, get Cherry Pie Hemp Strain. 20% hybrid THC in sativa: 16%\u201324%, 80% indica, and 1% CBD Impacts: Joyful, exuberant, imaginative, and soothing Potential Treatments for Depression, Insomnia, Bipolar Disorder, Chronic Pain, Anxiety, and Hyperactivity Cherry, berry, and sweet aromas Earthy, sweet, cherry, and blueberry Buy Cherry Pie Cannabis &hellip;<\/p>\n<p class=\"read-more\"> <a class=\"\" href=\"https:\/\/legitgrams.com\/de\/produkt\/kirsche-kuchen-marihuana-stamm\/\"> <span class=\"screen-reader-text\">die Marihuanasorte Cherry Pie online kaufen<\/span> Mehr lesen \"<\/a><\/p>","protected":false},"featured_media":5404,"comment_status":"open","ping_status":"closed","template":"","meta":{"_uag_custom_page_level_css":"","site-sidebar-layout":"default","site-content-layout":"default","ast-global-header-display":"","ast-main-header-display":"","ast-hfb-above-header-display":"","ast-hfb-below-header-display":"","ast-hfb-mobile-header-display":"","site-post-title":"","ast-breadcrumbs-content":"","ast-featured-img":"","footer-sml-layout":"","theme-transparent-header-meta":"default","adv-header-id-meta":"","stick-header-meta":"default","header-above-stick-meta":"","header-main-stick-meta":"","header-below-stick-meta":"","_joinchat":[]},"product_brand":[],"product_cat":[607],"product_tag":[5476,5466,617,5458,5473,5457,5461,5460,5468,5459,5469,5471,5478,5479,5477,5474,5470,5465,5463,5475,5472,625,5464,5467,5462],"class_list":{"0":"post-3703","1":"product","2":"type-product","3":"status-publish","4":"has-post-thumbnail","6":"product_cat-marijuana-cannabis","7":"product_tag-best-cheap-price-cherry-pie-marijuana-strain","8":"product_tag-best-place-to-buy-cherry-pie-marijuana-strain","9":"product_tag-bulk-online","10":"product_tag-buy-cherry-pie-marijuana-strain","11":"product_tag-cheap-cherry-pie-marijuana-strain","12":"product_tag-cherry-pie-marijuana-strain","13":"product_tag-cherry-pie-marijuana-strain-cherry-pie-marijuana-strain-supplier","14":"product_tag-cherry-pie-marijuana-strain-for-sale","15":"product_tag-cherry-pie-marijuana-strain-legally","16":"product_tag-cherry-pie-marijuana-strain-online","17":"product_tag-cherry-pie-marijuana-strain-price","18":"product_tag-cherry-pie-marijuana-strain-store","19":"product_tag-cherry-pie-marijuana-strain-use","20":"product_tag-cherry-pie-marijuana-strain-wiki","21":"product_tag-cherry-pie-marijuana-strain-worldwide","22":"product_tag-cherry-pie-marijuana-strains","23":"product_tag-high-quality-cherry-pie-marijuana-strain","24":"product_tag-how-to-buy-cherry-pie-marijuana-strain","25":"product_tag-order-cherry-pie-marijuana-strain","26":"product_tag-purcharse-cherry-pie-marijuana-strain","27":"product_tag-shop-cherry-pie-marijuana-strain","28":"product_tag-top-quality","29":"product_tag-where-to-buy-cherry-pie-marijuana-strain","30":"product_tag-where-to-order-cherry-pie-marijuana-strain","31":"product_tag-wholesale-cherry-pie-marijuana-strain","32":"desktop-align-left","33":"tablet-align-left","34":"mobile-align-left","35":"ast-product-gallery-layout-horizontal","36":"ast-product-gallery-with-no-image","37":"ast-product-single-variable","38":"ast-product-tabs-layout-horizontal","39":"ast-qv-on-image","41":"first","42":"instock","43":"shipping-taxable","44":"purchasable","45":"product-type-variable"},"yoast_head":"<!-- This site is optimized with the Yoast SEO plugin v25.9 - https:\/\/yoast.com\/wordpress\/plugins\/seo\/ -->\n<title>Cherry Pie Marijuana for Sale - Order Cherry Pie Marijuana Online<\/title>\n<meta name=\"description\" content=\"You can buy Cherry Pie Marijuana online at the best prices from our online store. We have cheap and high-quality Cherry Pie Marijuana for sale and providing worldwide delivery. You can order from anytime, anywhere.\" \/>\n<meta name=\"robots\" content=\"index, follow, max-snippet:-1, max-image-preview:large, max-video-preview:-1\" \/>\n<link rel=\"canonical\" href=\"https:\/\/legitgrams.com\/de\/produkt\/kirsche-kuchen-marihuana-stamm\/\" \/>\n<meta property=\"og:locale\" content=\"de_DE\" \/>\n<meta property=\"og:type\" content=\"article\" \/>\n<meta property=\"og:title\" content=\"Cherry Pie Marijuana for Sale - Order Cherry Pie Marijuana Online\" \/>\n<meta property=\"og:description\" content=\"You can buy Cherry Pie Marijuana online at the best prices from our online store. We have cheap and high-quality Cherry Pie Marijuana for sale and providing worldwide delivery. You can order from anytime, anywhere.\" \/>\n<meta property=\"og:url\" content=\"https:\/\/legitgrams.com\/de\/produkt\/kirsche-kuchen-marihuana-stamm\/\" \/>\n<meta property=\"og:site_name\" content=\"Legit Grams\" \/>\n<meta property=\"article:modified_time\" content=\"2025-03-17T04:54:56+00:00\" \/>\n<meta property=\"og:image\" content=\"https:\/\/legitgrams.com\/wp-content\/uploads\/2024\/09\/Buy-Cherry-Pie-Marijuana-Strain-Online.jpg\" \/>\n\t<meta property=\"og:image:width\" content=\"600\" \/>\n\t<meta property=\"og:image:height\" content=\"600\" \/>\n\t<meta property=\"og:image:type\" content=\"image\/jpeg\" \/>\n<meta name=\"twitter:card\" content=\"summary_large_image\" \/>\n<meta name=\"twitter:label1\" content=\"Gesch\u00e4tzte Lesezeit\" \/>\n\t<meta name=\"twitter:data1\" content=\"1\u00a0Minute\" \/>\n<script type=\"application\/ld+json\" class=\"yoast-schema-graph\">{\"@context\":\"https:\/\/schema.org\",\"@graph\":[{\"@type\":\"WebPage\",\"@id\":\"https:\/\/legitgrams.com\/product\/cherry-pie-marijuana-strain\/\",\"url\":\"https:\/\/legitgrams.com\/product\/cherry-pie-marijuana-strain\/\",\"name\":\"Cherry Pie Marijuana for Sale - Order Cherry Pie Marijuana Online\",\"isPartOf\":{\"@id\":\"https:\/\/legitgrams.com\/#website\"},\"primaryImageOfPage\":{\"@id\":\"https:\/\/legitgrams.com\/product\/cherry-pie-marijuana-strain\/#primaryimage\"},\"image\":{\"@id\":\"https:\/\/legitgrams.com\/product\/cherry-pie-marijuana-strain\/#primaryimage\"},\"thumbnailUrl\":\"https:\/\/legitgrams.com\/wp-content\/uploads\/2024\/09\/Buy-Cherry-Pie-Marijuana-Strain-Online.jpg\",\"datePublished\":\"2024-09-19T10:47:38+00:00\",\"dateModified\":\"2025-03-17T04:54:56+00:00\",\"description\":\"You can buy Cherry Pie Marijuana online at the best prices from our online store. We have cheap and high-quality Cherry Pie Marijuana for sale and providing worldwide delivery. You can order from anytime, anywhere.\",\"breadcrumb\":{\"@id\":\"https:\/\/legitgrams.com\/product\/cherry-pie-marijuana-strain\/#breadcrumb\"},\"inLanguage\":\"de\",\"potentialAction\":[{\"@type\":\"ReadAction\",\"target\":[\"https:\/\/legitgrams.com\/product\/cherry-pie-marijuana-strain\/\"]}]},{\"@type\":\"ImageObject\",\"inLanguage\":\"de\",\"@id\":\"https:\/\/legitgrams.com\/product\/cherry-pie-marijuana-strain\/#primaryimage\",\"url\":\"https:\/\/legitgrams.com\/wp-content\/uploads\/2024\/09\/Buy-Cherry-Pie-Marijuana-Strain-Online.jpg\",\"contentUrl\":\"https:\/\/legitgrams.com\/wp-content\/uploads\/2024\/09\/Buy-Cherry-Pie-Marijuana-Strain-Online.jpg\",\"width\":600,\"height\":600,\"caption\":\"Cherry Pie Marijuana Strain for Sale\"},{\"@type\":\"BreadcrumbList\",\"@id\":\"https:\/\/legitgrams.com\/product\/cherry-pie-marijuana-strain\/#breadcrumb\",\"itemListElement\":[{\"@type\":\"ListItem\",\"position\":1,\"name\":\"Home\",\"item\":\"https:\/\/legitgrams.com\/\"},{\"@type\":\"ListItem\",\"position\":2,\"name\":\"Shop\",\"item\":\"https:\/\/legitgrams.com\/shop\/\"},{\"@type\":\"ListItem\",\"position\":3,\"name\":\"Buy Cherry Pie Marijuana Strain Online\"}]},{\"@type\":\"WebSite\",\"@id\":\"https:\/\/legitgrams.com\/#website\",\"url\":\"https:\/\/legitgrams.com\/\",\"name\":\"Legit Grams\",\"description\":\"My WordPress Blog\",\"publisher\":{\"@id\":\"https:\/\/legitgrams.com\/#organization\"},\"potentialAction\":[{\"@type\":\"SearchAction\",\"target\":{\"@type\":\"EntryPoint\",\"urlTemplate\":\"https:\/\/legitgrams.com\/?s={search_term_string}\"},\"query-input\":{\"@type\":\"PropertyValueSpecification\",\"valueRequired\":true,\"valueName\":\"search_term_string\"}}],\"inLanguage\":\"de\"},{\"@type\":\"Organization\",\"@id\":\"https:\/\/legitgrams.com\/#organization\",\"name\":\"Legit Grams\",\"url\":\"https:\/\/legitgrams.com\/\",\"logo\":{\"@type\":\"ImageObject\",\"inLanguage\":\"de\",\"@id\":\"https:\/\/legitgrams.com\/#\/schema\/logo\/image\/\",\"url\":\"https:\/\/legitgrams.com\/wp-content\/uploads\/2024\/09\/main-logo.png\",\"contentUrl\":\"https:\/\/legitgrams.com\/wp-content\/uploads\/2024\/09\/main-logo.png\",\"width\":270,\"height\":75,\"caption\":\"Legit Grams\"},\"image\":{\"@id\":\"https:\/\/legitgrams.com\/#\/schema\/logo\/image\/\"}}]}<\/script>\n<!-- \/ Yoast SEO plugin. -->","yoast_head_json":{"title":"Cherry Pie Marihuana zu verkaufen - Cherry Pie Marihuana online bestellen","description":"Sie k\u00f6nnen Cherry Pie Marihuana online zu den besten Preisen in unserem Online-Shop kaufen. Wir haben billige und hochwertige Cherry Pie Marijuana zum Verkauf und bieten weltweite Lieferung. Sie k\u00f6nnen von jederzeit und \u00fcberall bestellen.","robots":{"index":"index","follow":"follow","max-snippet":"max-snippet:-1","max-image-preview":"max-image-preview:large","max-video-preview":"max-video-preview:-1"},"canonical":"https:\/\/legitgrams.com\/de\/produkt\/kirsche-kuchen-marihuana-stamm\/","og_locale":"de_DE","og_type":"article","og_title":"Cherry Pie Marijuana for Sale - Order Cherry Pie Marijuana Online","og_description":"You can buy Cherry Pie Marijuana online at the best prices from our online store. We have cheap and high-quality Cherry Pie Marijuana for sale and providing worldwide delivery. You can order from anytime, anywhere.","og_url":"https:\/\/legitgrams.com\/de\/produkt\/kirsche-kuchen-marihuana-stamm\/","og_site_name":"Legit Grams","article_modified_time":"2025-03-17T04:54:56+00:00","og_image":[{"width":600,"height":600,"url":"https:\/\/legitgrams.com\/wp-content\/uploads\/2024\/09\/Buy-Cherry-Pie-Marijuana-Strain-Online.jpg","type":"image\/jpeg"}],"twitter_card":"summary_large_image","twitter_misc":{"Gesch\u00e4tzte Lesezeit":"1\u00a0Minute"},"schema":{"@context":"https:\/\/schema.org","@graph":[{"@type":"WebPage","@id":"https:\/\/legitgrams.com\/product\/cherry-pie-marijuana-strain\/","url":"https:\/\/legitgrams.com\/product\/cherry-pie-marijuana-strain\/","name":"Cherry Pie Marihuana zu verkaufen - Cherry Pie Marihuana online bestellen","isPartOf":{"@id":"https:\/\/legitgrams.com\/#website"},"primaryImageOfPage":{"@id":"https:\/\/legitgrams.com\/product\/cherry-pie-marijuana-strain\/#primaryimage"},"image":{"@id":"https:\/\/legitgrams.com\/product\/cherry-pie-marijuana-strain\/#primaryimage"},"thumbnailUrl":"https:\/\/legitgrams.com\/wp-content\/uploads\/2024\/09\/Buy-Cherry-Pie-Marijuana-Strain-Online.jpg","datePublished":"2024-09-19T10:47:38+00:00","dateModified":"2025-03-17T04:54:56+00:00","description":"Sie k\u00f6nnen Cherry Pie Marihuana online zu den besten Preisen in unserem Online-Shop kaufen. Wir haben billige und hochwertige Cherry Pie Marijuana zum Verkauf und bieten weltweite Lieferung. Sie k\u00f6nnen von jederzeit und \u00fcberall bestellen.","breadcrumb":{"@id":"https:\/\/legitgrams.com\/product\/cherry-pie-marijuana-strain\/#breadcrumb"},"inLanguage":"de","potentialAction":[{"@type":"ReadAction","target":["https:\/\/legitgrams.com\/product\/cherry-pie-marijuana-strain\/"]}]},{"@type":"ImageObject","inLanguage":"de","@id":"https:\/\/legitgrams.com\/product\/cherry-pie-marijuana-strain\/#primaryimage","url":"https:\/\/legitgrams.com\/wp-content\/uploads\/2024\/09\/Buy-Cherry-Pie-Marijuana-Strain-Online.jpg","contentUrl":"https:\/\/legitgrams.com\/wp-content\/uploads\/2024\/09\/Buy-Cherry-Pie-Marijuana-Strain-Online.jpg","width":600,"height":600,"caption":"Cherry Pie Marijuana Strain for Sale"},{"@type":"BreadcrumbList","@id":"https:\/\/legitgrams.com\/product\/cherry-pie-marijuana-strain\/#breadcrumb","itemListElement":[{"@type":"ListItem","position":1,"name":"Home","item":"https:\/\/legitgrams.com\/"},{"@type":"ListItem","position":2,"name":"Shop","item":"https:\/\/legitgrams.com\/shop\/"},{"@type":"ListItem","position":3,"name":"Buy Cherry Pie Marijuana Strain Online"}]},{"@type":"WebSite","@id":"https:\/\/legitgrams.com\/#website","url":"https:\/\/legitgrams.com\/","name":"Legitimer Grammwert","description":"Mein WordPress-Blog","publisher":{"@id":"https:\/\/legitgrams.com\/#organization"},"potentialAction":[{"@type":"SearchAction","target":{"@type":"EntryPoint","urlTemplate":"https:\/\/legitgrams.com\/?s={search_term_string}"},"query-input":{"@type":"PropertyValueSpecification","valueRequired":true,"valueName":"search_term_string"}}],"inLanguage":"de"},{"@type":"Organization","@id":"https:\/\/legitgrams.com\/#organization","name":"Legitimer Grammwert","url":"https:\/\/legitgrams.com\/","logo":{"@type":"ImageObject","inLanguage":"de","@id":"https:\/\/legitgrams.com\/#\/schema\/logo\/image\/","url":"https:\/\/legitgrams.com\/wp-content\/uploads\/2024\/09\/main-logo.png","contentUrl":"https:\/\/legitgrams.com\/wp-content\/uploads\/2024\/09\/main-logo.png","width":270,"height":75,"caption":"Legit Grams"},"image":{"@id":"https:\/\/legitgrams.com\/#\/schema\/logo\/image\/"}}]}},"uagb_featured_image_src":{"full":["https:\/\/legitgrams.com\/wp-content\/uploads\/2024\/09\/Buy-Cherry-Pie-Marijuana-Strain-Online.jpg",600,600,false],"thumbnail":["https:\/\/legitgrams.com\/wp-content\/uploads\/2024\/09\/Buy-Cherry-Pie-Marijuana-Strain-Online-150x150.jpg",150,150,true],"medium":["https:\/\/legitgrams.com\/wp-content\/uploads\/2024\/09\/Buy-Cherry-Pie-Marijuana-Strain-Online-300x300.jpg",300,300,true],"medium_large":["https:\/\/legitgrams.com\/wp-content\/uploads\/2024\/09\/Buy-Cherry-Pie-Marijuana-Strain-Online.jpg",600,600,false],"large":["https:\/\/legitgrams.com\/wp-content\/uploads\/2024\/09\/Buy-Cherry-Pie-Marijuana-Strain-Online.jpg",600,600,false],"1536x1536":["https:\/\/legitgrams.com\/wp-content\/uploads\/2024\/09\/Buy-Cherry-Pie-Marijuana-Strain-Online.jpg",600,600,false],"2048x2048":["https:\/\/legitgrams.com\/wp-content\/uploads\/2024\/09\/Buy-Cherry-Pie-Marijuana-Strain-Online.jpg",600,600,false],"trp-custom-language-flag":["https:\/\/legitgrams.com\/wp-content\/uploads\/2024\/09\/Buy-Cherry-Pie-Marijuana-Strain-Online-12x12.jpg",12,12,true],"woocommerce_thumbnail":["https:\/\/legitgrams.com\/wp-content\/uploads\/2024\/09\/Buy-Cherry-Pie-Marijuana-Strain-Online-300x300.jpg",300,300,true],"woocommerce_single":["https:\/\/legitgrams.com\/wp-content\/uploads\/2024\/09\/Buy-Cherry-Pie-Marijuana-Strain-Online.jpg",600,600,false],"woocommerce_gallery_thumbnail":["https:\/\/legitgrams.com\/wp-content\/uploads\/2024\/09\/Buy-Cherry-Pie-Marijuana-Strain-Online-100x100.jpg",100,100,true]},"uagb_author_info":{"display_name":"cokeblog18","author_link":"https:\/\/legitgrams.com\/de\/author\/"},"uagb_comment_info":0,"uagb_excerpt":"For Sale: Cherry Pie Cannabis Strain Online, get Cherry Pie Hemp Strain. 20% hybrid THC in sativa: 16%\u201324%, 80% indica, and 1% CBD Impacts: Joyful, exuberant, imaginative, and soothing Potential Treatments for Depression, Insomnia, Bipolar Disorder, Chronic Pain, Anxiety, and Hyperactivity Cherry, berry, and sweet aromas Earthy, sweet, cherry, and blueberry Buy Cherry Pie Cannabis&hellip;","_links":{"self":[{"href":"https:\/\/legitgrams.com\/de\/wp-json\/wp\/v2\/product\/3703","targetHints":{"allow":["GET"]}}],"collection":[{"href":"https:\/\/legitgrams.com\/de\/wp-json\/wp\/v2\/product"}],"about":[{"href":"https:\/\/legitgrams.com\/de\/wp-json\/wp\/v2\/types\/product"}],"replies":[{"embeddable":true,"href":"https:\/\/legitgrams.com\/de\/wp-json\/wp\/v2\/comments?post=3703"}],"wp:featuredmedia":[{"embeddable":true,"href":"https:\/\/legitgrams.com\/de\/wp-json\/wp\/v2\/media\/5404"}],"wp:attachment":[{"href":"https:\/\/legitgrams.com\/de\/wp-json\/wp\/v2\/media?parent=3703"}],"wp:term":[{"taxonomy":"product_brand","embeddable":true,"href":"https:\/\/legitgrams.com\/de\/wp-json\/wp\/v2\/product_brand?post=3703"},{"taxonomy":"product_cat","embeddable":true,"href":"https:\/\/legitgrams.com\/de\/wp-json\/wp\/v2\/product_cat?post=3703"},{"taxonomy":"product_tag","embeddable":true,"href":"https:\/\/legitgrams.com\/de\/wp-json\/wp\/v2\/product_tag?post=3703"}],"curies":[{"name":"wp","href":"https:\/\/api.w.org\/{rel}","templated":true}]}}