{"id":3717,"date":"2024-09-19T11:11:29","date_gmt":"2024-09-19T11:11:29","guid":{"rendered":"https:\/\/legitgrams.com\/?post_type=product&#038;p=3717"},"modified":"2025-01-14T05:46:25","modified_gmt":"2025-01-14T05:46:25","slug":"hawaiianisches-indica-marihuana","status":"publish","type":"product","link":"https:\/\/legitgrams.com\/de\/produkt\/hawaiianisches-indica-marihuana\/","title":{"rendered":"Hawaiianische Indica Marihuana"},"content":{"rendered":"<h2>Hawaiianisches Indica-Cannabis online Kaufen<\/h2>\n<p>Effekte: Entspannend, k\u00f6rperliches High, zerebral und erhebend; kann lindern<\/p>\n<p>Muskelkr\u00e4mpfe, chronische Schmerzen, Depressionen, Migr\u00e4ne und Ersch\u00f6pfung mit tropischen, Zitrus-, Menthol- und s\u00fc\u00dfen Aromens <a href=\"https:\/\/legitgrams.com\/de\/produkt\/hawaiianisches-indica-marihuana\/\">\u00a0<\/a><\/p>\n<p>Hawaiianisches Indica-Cannabis online: <a href=\"https:\/\/legitgrams.com\/de\/produkt\/hawaiianisches-indica-marihuana\/\">Hawaiianische Indica<\/a> Cannabis online, Hawaiian Indica Cannabis online, Indica Cannabis online Wie kann ich Hawaiian Indica Cannabis online kaufen? Wo finde ich Hawaiian Indica Cannabis online zum Verkauf? Ist Hawaiian Indica Cannabis in den USA, Kanada und Gro\u00dfbritannien erh\u00e4ltlich? Wo finde ich Hawaiian Indica Cannabis online zum Verkauf? Anbieter? Sichere Lieferung Sie k\u00f6nnen immer noch Hawaiian Indica Marihuana bekommen. K\u00f6nnen Menschen in den USA Hawaiian Indica Marihuana legal online kaufen? Wie kann ich Hawaiian Indica Cannabis bekommen? Erlaubt Kanada die Verwendung von <a href=\"https:\/\/en.wikipedia.org\/wiki\/Hawaii\">Hawaii\u00a0<\/a> Indisches Cannabis? <a href=\"https:\/\/legitgrams.com\/de\/\">LegitGrams<\/a><\/p>\n<p>&nbsp;<\/p>","protected":false},"excerpt":{"rendered":"<p>Purchase Hawaiian Indica Cannabis Online Effects: Relaxing, body-high, cerebral, and uplifting; may relieve Muscle spasms, chronic pain, depression, migraines, and exhaustion with tropical, citrus, menthol, and sweet flavors \u00a0 Hawaiian Indica Cannabis Online: Hawaiian Indica Cannabis Online, Hawaiian Indica Cannabis Online, Indica Cannabis Online How can I purchase Hawaiian Indica Cannabis online? Where do I &hellip;<\/p>\n<p class=\"read-more\"> <a class=\"\" href=\"https:\/\/legitgrams.com\/de\/produkt\/hawaiianisches-indica-marihuana\/\"> <span class=\"screen-reader-text\">Hawaiianische Indica Marihuana<\/span> Mehr lesen \"<\/a><\/p>","protected":false},"featured_media":5406,"comment_status":"open","ping_status":"closed","template":"","meta":{"_uag_custom_page_level_css":"","site-sidebar-layout":"default","site-content-layout":"default","ast-global-header-display":"","ast-main-header-display":"","ast-hfb-above-header-display":"","ast-hfb-below-header-display":"","ast-hfb-mobile-header-display":"","site-post-title":"","ast-breadcrumbs-content":"","ast-featured-img":"","footer-sml-layout":"","theme-transparent-header-meta":"default","adv-header-id-meta":"","stick-header-meta":"default","header-above-stick-meta":"","header-main-stick-meta":"","header-below-stick-meta":"","_joinchat":[]},"product_brand":[],"product_cat":[607],"product_tag":[5430,5420,617,5412,5427,5411,5414,5415,5422,5413,5423,5425,5432,5433,5431,5428,5424,5419,5417,5429,5426,625,5418,5421,5416],"class_list":{"0":"post-3717","1":"product","2":"type-product","3":"status-publish","4":"has-post-thumbnail","6":"product_cat-marijuana-cannabis","7":"product_tag-best-cheap-price-hawaiian-indica-marijuana","8":"product_tag-best-place-to-buy-hawaiian-indica-marijuana","9":"product_tag-bulk-online","10":"product_tag-buy-hawaiian-indica-marijuana","11":"product_tag-cheap-hawaiian-indica-marijuana","12":"product_tag-hawaiian-indica-marijuana","13":"product_tag-hawaiian-indica-marijuana-for-sale","14":"product_tag-hawaiian-indica-marijuana-hawaiian-indica-marijuana-supplier","15":"product_tag-hawaiian-indica-marijuana-legally","16":"product_tag-hawaiian-indica-marijuana-online","17":"product_tag-hawaiian-indica-marijuana-price","18":"product_tag-hawaiian-indica-marijuana-store","19":"product_tag-hawaiian-indica-marijuana-use","20":"product_tag-hawaiian-indica-marijuana-wiki","21":"product_tag-hawaiian-indica-marijuana-worldwide","22":"product_tag-hawaiian-indica-marijuanas","23":"product_tag-high-quality-hawaiian-indica-marijuana","24":"product_tag-how-to-buy-hawaiian-indica-marijuana","25":"product_tag-order-hawaiian-indica-marijuana","26":"product_tag-purcharse-hawaiian-indica-marijuana","27":"product_tag-shop-hawaiian-indica-marijuana","28":"product_tag-top-quality","29":"product_tag-where-to-buy-hawaiian-indica-marijuana","30":"product_tag-where-to-order-hawaiian-indica-marijuana","31":"product_tag-wholesale-hawaiian-indica-marijuana","32":"desktop-align-left","33":"tablet-align-left","34":"mobile-align-left","35":"ast-product-gallery-layout-horizontal","36":"ast-product-gallery-with-no-image","37":"ast-product-single-variable","38":"ast-product-tabs-layout-horizontal","39":"ast-qv-on-image","41":"first","42":"instock","43":"shipping-taxable","44":"purchasable","45":"product-type-variable"},"yoast_head":"<!-- This site is optimized with the Yoast SEO plugin v25.9 - https:\/\/yoast.com\/wordpress\/plugins\/seo\/ -->\n<title>Hawaiian Indica for Sale - Buy Hawaiian Indica Online | LegitGrams<\/title>\n<meta name=\"description\" content=\"You can get Hawaiian Indica for sale at our store and get it at your doorstep without any hassle. We will help you to buy Hawaiian Indica online. Order now!\" \/>\n<meta name=\"robots\" content=\"index, follow, max-snippet:-1, max-image-preview:large, max-video-preview:-1\" \/>\n<link rel=\"canonical\" href=\"https:\/\/legitgrams.com\/de\/produkt\/hawaiianisches-indica-marihuana\/\" \/>\n<meta property=\"og:locale\" content=\"de_DE\" \/>\n<meta property=\"og:type\" content=\"article\" \/>\n<meta property=\"og:title\" content=\"Hawaiian Indica for Sale - Buy Hawaiian Indica Online | LegitGrams\" \/>\n<meta property=\"og:description\" content=\"You can get Hawaiian Indica for sale at our store and get it at your doorstep without any hassle. We will help you to buy Hawaiian Indica online. Order now!\" \/>\n<meta property=\"og:url\" content=\"https:\/\/legitgrams.com\/de\/produkt\/hawaiianisches-indica-marihuana\/\" \/>\n<meta property=\"og:site_name\" content=\"Legit Grams\" \/>\n<meta property=\"article:modified_time\" content=\"2025-01-14T05:46:25+00:00\" \/>\n<meta property=\"og:image\" content=\"https:\/\/legitgrams.com\/wp-content\/uploads\/2024\/09\/Buy-Hawaiian-Indica-Marijuana-Online.jpg\" \/>\n\t<meta property=\"og:image:width\" content=\"600\" \/>\n\t<meta property=\"og:image:height\" content=\"600\" \/>\n\t<meta property=\"og:image:type\" content=\"image\/jpeg\" \/>\n<meta name=\"twitter:card\" content=\"summary_large_image\" \/>\n<meta name=\"twitter:label1\" content=\"Gesch\u00e4tzte Lesezeit\" \/>\n\t<meta name=\"twitter:data1\" content=\"1\u00a0Minute\" \/>\n<script type=\"application\/ld+json\" class=\"yoast-schema-graph\">{\"@context\":\"https:\/\/schema.org\",\"@graph\":[{\"@type\":\"WebPage\",\"@id\":\"https:\/\/legitgrams.com\/product\/hawaiian-indica-marijuana\/\",\"url\":\"https:\/\/legitgrams.com\/product\/hawaiian-indica-marijuana\/\",\"name\":\"Hawaiian Indica for Sale - Buy Hawaiian Indica Online | LegitGrams\",\"isPartOf\":{\"@id\":\"https:\/\/legitgrams.com\/#website\"},\"primaryImageOfPage\":{\"@id\":\"https:\/\/legitgrams.com\/product\/hawaiian-indica-marijuana\/#primaryimage\"},\"image\":{\"@id\":\"https:\/\/legitgrams.com\/product\/hawaiian-indica-marijuana\/#primaryimage\"},\"thumbnailUrl\":\"https:\/\/legitgrams.com\/wp-content\/uploads\/2024\/09\/Buy-Hawaiian-Indica-Marijuana-Online.jpg\",\"datePublished\":\"2024-09-19T11:11:29+00:00\",\"dateModified\":\"2025-01-14T05:46:25+00:00\",\"description\":\"You can get Hawaiian Indica for sale at our store and get it at your doorstep without any hassle. We will help you to buy Hawaiian Indica online. Order now!\",\"breadcrumb\":{\"@id\":\"https:\/\/legitgrams.com\/product\/hawaiian-indica-marijuana\/#breadcrumb\"},\"inLanguage\":\"de\",\"potentialAction\":[{\"@type\":\"ReadAction\",\"target\":[\"https:\/\/legitgrams.com\/product\/hawaiian-indica-marijuana\/\"]}]},{\"@type\":\"ImageObject\",\"inLanguage\":\"de\",\"@id\":\"https:\/\/legitgrams.com\/product\/hawaiian-indica-marijuana\/#primaryimage\",\"url\":\"https:\/\/legitgrams.com\/wp-content\/uploads\/2024\/09\/Buy-Hawaiian-Indica-Marijuana-Online.jpg\",\"contentUrl\":\"https:\/\/legitgrams.com\/wp-content\/uploads\/2024\/09\/Buy-Hawaiian-Indica-Marijuana-Online.jpg\",\"width\":600,\"height\":600,\"caption\":\"Hawaiian Indica for Sale\"},{\"@type\":\"BreadcrumbList\",\"@id\":\"https:\/\/legitgrams.com\/product\/hawaiian-indica-marijuana\/#breadcrumb\",\"itemListElement\":[{\"@type\":\"ListItem\",\"position\":1,\"name\":\"Home\",\"item\":\"https:\/\/legitgrams.com\/\"},{\"@type\":\"ListItem\",\"position\":2,\"name\":\"Shop\",\"item\":\"https:\/\/legitgrams.com\/shop\/\"},{\"@type\":\"ListItem\",\"position\":3,\"name\":\"Hawaiian Indica Marijuana\"}]},{\"@type\":\"WebSite\",\"@id\":\"https:\/\/legitgrams.com\/#website\",\"url\":\"https:\/\/legitgrams.com\/\",\"name\":\"Legit Grams\",\"description\":\"My WordPress Blog\",\"publisher\":{\"@id\":\"https:\/\/legitgrams.com\/#organization\"},\"potentialAction\":[{\"@type\":\"SearchAction\",\"target\":{\"@type\":\"EntryPoint\",\"urlTemplate\":\"https:\/\/legitgrams.com\/?s={search_term_string}\"},\"query-input\":{\"@type\":\"PropertyValueSpecification\",\"valueRequired\":true,\"valueName\":\"search_term_string\"}}],\"inLanguage\":\"de\"},{\"@type\":\"Organization\",\"@id\":\"https:\/\/legitgrams.com\/#organization\",\"name\":\"Legit Grams\",\"url\":\"https:\/\/legitgrams.com\/\",\"logo\":{\"@type\":\"ImageObject\",\"inLanguage\":\"de\",\"@id\":\"https:\/\/legitgrams.com\/#\/schema\/logo\/image\/\",\"url\":\"https:\/\/legitgrams.com\/wp-content\/uploads\/2024\/09\/main-logo.png\",\"contentUrl\":\"https:\/\/legitgrams.com\/wp-content\/uploads\/2024\/09\/main-logo.png\",\"width\":270,\"height\":75,\"caption\":\"Legit Grams\"},\"image\":{\"@id\":\"https:\/\/legitgrams.com\/#\/schema\/logo\/image\/\"}}]}<\/script>\n<!-- \/ Yoast SEO plugin. -->","yoast_head_json":{"title":"Hawaiian Indica zu verkaufen - Kaufen Hawaiian Indica Online | LegitGrams","description":"Sie k\u00f6nnen Hawaiian Indica zum Verkauf in unserem Gesch\u00e4ft und erhalten es an Ihrer Haust\u00fcr ohne jede Hektik. Wir werden Ihnen helfen, Hawaiian Indica online zu kaufen. Bestellen Sie jetzt!","robots":{"index":"index","follow":"follow","max-snippet":"max-snippet:-1","max-image-preview":"max-image-preview:large","max-video-preview":"max-video-preview:-1"},"canonical":"https:\/\/legitgrams.com\/de\/produkt\/hawaiianisches-indica-marihuana\/","og_locale":"de_DE","og_type":"article","og_title":"Hawaiian Indica for Sale - Buy Hawaiian Indica Online | LegitGrams","og_description":"You can get Hawaiian Indica for sale at our store and get it at your doorstep without any hassle. We will help you to buy Hawaiian Indica online. Order now!","og_url":"https:\/\/legitgrams.com\/de\/produkt\/hawaiianisches-indica-marihuana\/","og_site_name":"Legit Grams","article_modified_time":"2025-01-14T05:46:25+00:00","og_image":[{"width":600,"height":600,"url":"https:\/\/legitgrams.com\/wp-content\/uploads\/2024\/09\/Buy-Hawaiian-Indica-Marijuana-Online.jpg","type":"image\/jpeg"}],"twitter_card":"summary_large_image","twitter_misc":{"Gesch\u00e4tzte Lesezeit":"1\u00a0Minute"},"schema":{"@context":"https:\/\/schema.org","@graph":[{"@type":"WebPage","@id":"https:\/\/legitgrams.com\/product\/hawaiian-indica-marijuana\/","url":"https:\/\/legitgrams.com\/product\/hawaiian-indica-marijuana\/","name":"Hawaiian Indica zu verkaufen - Kaufen Hawaiian Indica Online | LegitGrams","isPartOf":{"@id":"https:\/\/legitgrams.com\/#website"},"primaryImageOfPage":{"@id":"https:\/\/legitgrams.com\/product\/hawaiian-indica-marijuana\/#primaryimage"},"image":{"@id":"https:\/\/legitgrams.com\/product\/hawaiian-indica-marijuana\/#primaryimage"},"thumbnailUrl":"https:\/\/legitgrams.com\/wp-content\/uploads\/2024\/09\/Buy-Hawaiian-Indica-Marijuana-Online.jpg","datePublished":"2024-09-19T11:11:29+00:00","dateModified":"2025-01-14T05:46:25+00:00","description":"Sie k\u00f6nnen Hawaiian Indica zum Verkauf in unserem Gesch\u00e4ft und erhalten es an Ihrer Haust\u00fcr ohne jede Hektik. Wir werden Ihnen helfen, Hawaiian Indica online zu kaufen. Bestellen Sie jetzt!","breadcrumb":{"@id":"https:\/\/legitgrams.com\/product\/hawaiian-indica-marijuana\/#breadcrumb"},"inLanguage":"de","potentialAction":[{"@type":"ReadAction","target":["https:\/\/legitgrams.com\/product\/hawaiian-indica-marijuana\/"]}]},{"@type":"ImageObject","inLanguage":"de","@id":"https:\/\/legitgrams.com\/product\/hawaiian-indica-marijuana\/#primaryimage","url":"https:\/\/legitgrams.com\/wp-content\/uploads\/2024\/09\/Buy-Hawaiian-Indica-Marijuana-Online.jpg","contentUrl":"https:\/\/legitgrams.com\/wp-content\/uploads\/2024\/09\/Buy-Hawaiian-Indica-Marijuana-Online.jpg","width":600,"height":600,"caption":"Hawaiian Indica for Sale"},{"@type":"BreadcrumbList","@id":"https:\/\/legitgrams.com\/product\/hawaiian-indica-marijuana\/#breadcrumb","itemListElement":[{"@type":"ListItem","position":1,"name":"Home","item":"https:\/\/legitgrams.com\/"},{"@type":"ListItem","position":2,"name":"Shop","item":"https:\/\/legitgrams.com\/shop\/"},{"@type":"ListItem","position":3,"name":"Hawaiian Indica Marijuana"}]},{"@type":"WebSite","@id":"https:\/\/legitgrams.com\/#website","url":"https:\/\/legitgrams.com\/","name":"Legitimer Grammwert","description":"Mein WordPress-Blog","publisher":{"@id":"https:\/\/legitgrams.com\/#organization"},"potentialAction":[{"@type":"SearchAction","target":{"@type":"EntryPoint","urlTemplate":"https:\/\/legitgrams.com\/?s={search_term_string}"},"query-input":{"@type":"PropertyValueSpecification","valueRequired":true,"valueName":"search_term_string"}}],"inLanguage":"de"},{"@type":"Organization","@id":"https:\/\/legitgrams.com\/#organization","name":"Legitimer Grammwert","url":"https:\/\/legitgrams.com\/","logo":{"@type":"ImageObject","inLanguage":"de","@id":"https:\/\/legitgrams.com\/#\/schema\/logo\/image\/","url":"https:\/\/legitgrams.com\/wp-content\/uploads\/2024\/09\/main-logo.png","contentUrl":"https:\/\/legitgrams.com\/wp-content\/uploads\/2024\/09\/main-logo.png","width":270,"height":75,"caption":"Legit Grams"},"image":{"@id":"https:\/\/legitgrams.com\/#\/schema\/logo\/image\/"}}]}},"uagb_featured_image_src":{"full":["https:\/\/legitgrams.com\/wp-content\/uploads\/2024\/09\/Buy-Hawaiian-Indica-Marijuana-Online.jpg",600,600,false],"thumbnail":["https:\/\/legitgrams.com\/wp-content\/uploads\/2024\/09\/Buy-Hawaiian-Indica-Marijuana-Online-150x150.jpg",150,150,true],"medium":["https:\/\/legitgrams.com\/wp-content\/uploads\/2024\/09\/Buy-Hawaiian-Indica-Marijuana-Online-300x300.jpg",300,300,true],"medium_large":["https:\/\/legitgrams.com\/wp-content\/uploads\/2024\/09\/Buy-Hawaiian-Indica-Marijuana-Online.jpg",600,600,false],"large":["https:\/\/legitgrams.com\/wp-content\/uploads\/2024\/09\/Buy-Hawaiian-Indica-Marijuana-Online.jpg",600,600,false],"1536x1536":["https:\/\/legitgrams.com\/wp-content\/uploads\/2024\/09\/Buy-Hawaiian-Indica-Marijuana-Online.jpg",600,600,false],"2048x2048":["https:\/\/legitgrams.com\/wp-content\/uploads\/2024\/09\/Buy-Hawaiian-Indica-Marijuana-Online.jpg",600,600,false],"trp-custom-language-flag":["https:\/\/legitgrams.com\/wp-content\/uploads\/2024\/09\/Buy-Hawaiian-Indica-Marijuana-Online-12x12.jpg",12,12,true],"woocommerce_thumbnail":["https:\/\/legitgrams.com\/wp-content\/uploads\/2024\/09\/Buy-Hawaiian-Indica-Marijuana-Online-300x300.jpg",300,300,true],"woocommerce_single":["https:\/\/legitgrams.com\/wp-content\/uploads\/2024\/09\/Buy-Hawaiian-Indica-Marijuana-Online.jpg",600,600,false],"woocommerce_gallery_thumbnail":["https:\/\/legitgrams.com\/wp-content\/uploads\/2024\/09\/Buy-Hawaiian-Indica-Marijuana-Online-100x100.jpg",100,100,true]},"uagb_author_info":{"display_name":"cokeblog18","author_link":"https:\/\/legitgrams.com\/de\/author\/"},"uagb_comment_info":0,"uagb_excerpt":"Purchase Hawaiian Indica Cannabis Online Effects: Relaxing, body-high, cerebral, and uplifting; may relieve Muscle spasms, chronic pain, depression, migraines, and exhaustion with tropical, citrus, menthol, and sweet flavors \u00a0 Hawaiian Indica Cannabis Online: Hawaiian Indica Cannabis Online, Hawaiian Indica Cannabis Online, Indica Cannabis Online How can I purchase Hawaiian Indica Cannabis online? Where do I&hellip;","_links":{"self":[{"href":"https:\/\/legitgrams.com\/de\/wp-json\/wp\/v2\/product\/3717","targetHints":{"allow":["GET"]}}],"collection":[{"href":"https:\/\/legitgrams.com\/de\/wp-json\/wp\/v2\/product"}],"about":[{"href":"https:\/\/legitgrams.com\/de\/wp-json\/wp\/v2\/types\/product"}],"replies":[{"embeddable":true,"href":"https:\/\/legitgrams.com\/de\/wp-json\/wp\/v2\/comments?post=3717"}],"wp:featuredmedia":[{"embeddable":true,"href":"https:\/\/legitgrams.com\/de\/wp-json\/wp\/v2\/media\/5406"}],"wp:attachment":[{"href":"https:\/\/legitgrams.com\/de\/wp-json\/wp\/v2\/media?parent=3717"}],"wp:term":[{"taxonomy":"product_brand","embeddable":true,"href":"https:\/\/legitgrams.com\/de\/wp-json\/wp\/v2\/product_brand?post=3717"},{"taxonomy":"product_cat","embeddable":true,"href":"https:\/\/legitgrams.com\/de\/wp-json\/wp\/v2\/product_cat?post=3717"},{"taxonomy":"product_tag","embeddable":true,"href":"https:\/\/legitgrams.com\/de\/wp-json\/wp\/v2\/product_tag?post=3717"}],"curies":[{"name":"wp","href":"https:\/\/api.w.org\/{rel}","templated":true}]}}