{"id":3748,"date":"2024-09-19T12:02:00","date_gmt":"2024-09-19T12:02:00","guid":{"rendered":"https:\/\/legitgrams.com\/?post_type=product&#038;p=3748"},"modified":"2025-01-14T07:45:40","modified_gmt":"2025-01-14T07:45:40","slug":"zitronen-skunk-unkraut","status":"publish","type":"product","link":"https:\/\/legitgrams.com\/de\/produkt\/zitronen-skunk-unkraut\/","title":{"rendered":"Zitronen-Skunk-Unkraut"},"content":{"rendered":"<h2>Lemon Skunk Weed online kaufen<\/h2>\n<p>Das renommierte Team hinter mehr als 125 anderen Sorten, DNA Genetics, OG und <a href=\"https:\/\/legitgrams.com\/de\/produkt\/zitronen-skunk-unkraut\/\">Lemon Skunk<\/a>, entwickelte die preisgekr\u00f6nte Sativa-Sorte. Auch wenn diese genetische Geschichte unspezifisch erscheinen mag, ist DNA Genetics daf\u00fcr bekannt, zwei verschiedene Skunk-Ph\u00e4notypst\u00fccke aufgrund ihres starken Zitrusgeschmacks auszuw\u00e4hlen und dann die beiden zu kreuzen, um diese oder jene Spur zu erzeugen. Sie hat zahlreiche Preise gewonnen, darunter den ersten Platz beim Highlife Cup 2007 und beim Cannabis Champions Cup 2008, f\u00fcr ihren s\u00fc\u00dfen und belebenden Zitronengeschmack. Wie viele andere Knockout-Sorten in der Vergangenheit hat Lemon Skunk von DNA Genetics eine treue Anh\u00e4ngerschaft entwickelt und ist in vielen Apotheken und Caf\u00e9s erh\u00e4ltlich. Weltmarktf\u00fchrer zu sein, wird wirklich herausfordernd. Bemerkenswerterweise hat Lemon Skunk im Durchschnitt weniger als 1 % CBD und einen bemerkenswert hohen Prozentsatz an THC (Sativa), der zwischen etwa 15 und 22 % liegt. Die H\u00f6he dieser Sorte wird von Konsumenten h\u00e4ufig mit der des Laughing Buddha und zahlreicher anderer fr\u00f6hlicher und erhebender Sativa-Sorten verglichen. Sie wird typischerweise als hochintelligent und berauschend charakterisiert. Da Lemon Skunk Ihnen Kraft, Enthusiasmus und Motivation verleiht, ist es eine gro\u00dfartige Sorte f\u00fcr den Nachmittag oder nach der Arbeit. Wie andere Sativa-Bl\u00fcten wirkt Lemon Skunk am besten zur Behandlung von Depressionen, Stress, Angstzust\u00e4nden und M\u00fcdigkeit. Der einzigartige Duft von Lemon Skunk stammt von dem potenten Diesel seiner Skunk-Herkunft, aber sein k\u00f6stlicher Geschmack wird durch saure und erfrischende Zitrusnoten bestimmt. In Kombination erzeugen diese beiden Aromen einen einzigartigen Charakter von Terpenen. <a href=\"https:\/\/legitgrams.com\/de\/\">LegitGrams<\/a><\/p>\n<h3>Aroma, das dem einer echten Zitrone fast identisch ist.<\/h3>\n<p>Kaufen <a href=\"https:\/\/en.wikipedia.org\/wiki\/Skunk_weed\">Zitronen-Skunk-Unkraut<\/a> Online Online \u2013 Lemon Skunk Weed kaufen, Lemon Skunk Weed kaufen, Skunk Weed online kaufen, Wo kann man Lemon Skunk Weed kaufen, Lemon Skunk Weed kaufen, Lemon Skunk Weed in den USA, Kanada, Gro\u00dfbritannien kaufen, Kaufen, Online, Lieferanten, Sichere Lieferung, Es ist immer noch m\u00f6glich, Lemon Skunk Weed online zu kaufen, herauszufinden, ob es in Kanada legal ist, und herauszufinden, ob es in den USA legal ist.<\/p>\n<h2><\/h2>\n<h2><\/h2>\n<h2><\/h2>\n<h2><\/h2>\n<h2><\/h2>\n<h2><\/h2>\n<h2><\/h2>\n<p>&nbsp;<\/p>","protected":false},"excerpt":{"rendered":"<p>Purchases of Lemon Skunk Weed Online The renowned team behind more than 125 other strains, DNA Genetics, OG, and Lemon Skunk, developed the award-winning sativa strain. Even though this genetic history may seem non-specific, DNA Genetics has been known to select two distinct Skunk phenotypic pieces for their strong citrus flavor and taste, then cross &hellip;<\/p>\n<p class=\"read-more\"> <a class=\"\" href=\"https:\/\/legitgrams.com\/de\/produkt\/zitronen-skunk-unkraut\/\"> <span class=\"screen-reader-text\">Zitronen-Skunk-Unkraut<\/span> Mehr lesen \"<\/a><\/p>","protected":false},"featured_media":5411,"comment_status":"open","ping_status":"closed","template":"","meta":{"_uag_custom_page_level_css":"","site-sidebar-layout":"default","site-content-layout":"default","ast-global-header-display":"","ast-main-header-display":"","ast-hfb-above-header-display":"","ast-hfb-below-header-display":"","ast-hfb-mobile-header-display":"","site-post-title":"","ast-breadcrumbs-content":"","ast-featured-img":"","footer-sml-layout":"","theme-transparent-header-meta":"default","adv-header-id-meta":"","stick-header-meta":"default","header-above-stick-meta":"","header-main-stick-meta":"","header-below-stick-meta":"","_joinchat":[]},"product_brand":[],"product_cat":[607],"product_tag":[5361,5351,617,5343,5358,5355,5350,5342,5345,5353,5346,5344,5354,5356,5363,5364,5362,5359,5348,5360,5357,625,5349,5352,5347],"class_list":{"0":"post-3748","1":"product","2":"type-product","3":"status-publish","4":"has-post-thumbnail","6":"product_cat-marijuana-cannabis","7":"product_tag-best-cheap-price-lemon-skunk-weed","8":"product_tag-best-place-to-buy-lemon-skunk-weed","9":"product_tag-bulk-online","10":"product_tag-buy-lemon-skunk-weed","11":"product_tag-cheap-lemon-skunk-weed","12":"product_tag-high-quality-lemon-skunk-weed","13":"product_tag-how-to-buy-lemon-skunk-weed","14":"product_tag-lemon-skunk-weed","15":"product_tag-lemon-skunk-weed-for-sale","16":"product_tag-lemon-skunk-weed-legally","17":"product_tag-lemon-skunk-weed-lemon-skunk-weed-supplier","18":"product_tag-lemon-skunk-weed-online","19":"product_tag-lemon-skunk-weed-price","20":"product_tag-lemon-skunk-weed-store","21":"product_tag-lemon-skunk-weed-use","22":"product_tag-lemon-skunk-weed-wiki","23":"product_tag-lemon-skunk-weed-worldwide","24":"product_tag-lemon-skunk-weeds","25":"product_tag-order-lemon-skunk-weed","26":"product_tag-purcharse-lemon-skunk-weed","27":"product_tag-shop-lemon-skunk-weed","28":"product_tag-top-quality","29":"product_tag-where-to-buy-lemon-skunk-weed","30":"product_tag-where-to-order-lemon-skunk-weed","31":"product_tag-wholesale-lemon-skunk-weed","32":"desktop-align-left","33":"tablet-align-left","34":"mobile-align-left","35":"ast-product-gallery-layout-horizontal","36":"ast-product-gallery-with-no-image","37":"ast-product-single-variable","38":"ast-product-tabs-layout-horizontal","39":"ast-qv-on-image","41":"first","42":"instock","43":"shipping-taxable","44":"purchasable","45":"product-type-variable"},"yoast_head":"<!-- This site is optimized with the Yoast SEO plugin v25.9 - https:\/\/yoast.com\/wordpress\/plugins\/seo\/ -->\n<title>Lemon Skunk Weed for Sale - Order Lemon Skunk Weed Online<\/title>\n<meta name=\"description\" content=\"Find premium Lemon Skunk Weed for sale at our online store, providing a secure platform to buy Lemon Skunk Weed online with ease, catering to your research needs.\" \/>\n<meta name=\"robots\" content=\"index, follow, max-snippet:-1, max-image-preview:large, max-video-preview:-1\" \/>\n<link rel=\"canonical\" href=\"https:\/\/legitgrams.com\/de\/produkt\/zitronen-skunk-unkraut\/\" \/>\n<meta property=\"og:locale\" content=\"de_DE\" \/>\n<meta property=\"og:type\" content=\"article\" \/>\n<meta property=\"og:title\" content=\"Lemon Skunk Weed for Sale - Order Lemon Skunk Weed Online\" \/>\n<meta property=\"og:description\" content=\"Find premium Lemon Skunk Weed for sale at our online store, providing a secure platform to buy Lemon Skunk Weed online with ease, catering to your research needs.\" \/>\n<meta property=\"og:url\" content=\"https:\/\/legitgrams.com\/de\/produkt\/zitronen-skunk-unkraut\/\" \/>\n<meta property=\"og:site_name\" content=\"Legit Grams\" \/>\n<meta property=\"article:modified_time\" content=\"2025-01-14T07:45:40+00:00\" \/>\n<meta property=\"og:image\" content=\"https:\/\/legitgrams.com\/wp-content\/uploads\/2024\/09\/Buy-Lemon-Skunk-Weed-online.jpg\" \/>\n\t<meta property=\"og:image:width\" content=\"600\" \/>\n\t<meta property=\"og:image:height\" content=\"600\" \/>\n\t<meta property=\"og:image:type\" content=\"image\/jpeg\" \/>\n<meta name=\"twitter:card\" content=\"summary_large_image\" \/>\n<meta name=\"twitter:label1\" content=\"Gesch\u00e4tzte Lesezeit\" \/>\n\t<meta name=\"twitter:data1\" content=\"4\u00a0Minuten\" \/>\n<script type=\"application\/ld+json\" class=\"yoast-schema-graph\">{\"@context\":\"https:\/\/schema.org\",\"@graph\":[{\"@type\":\"WebPage\",\"@id\":\"https:\/\/legitgrams.com\/product\/lemon-skunk-weed\/\",\"url\":\"https:\/\/legitgrams.com\/product\/lemon-skunk-weed\/\",\"name\":\"Lemon Skunk Weed for Sale - Order Lemon Skunk Weed Online\",\"isPartOf\":{\"@id\":\"https:\/\/legitgrams.com\/#website\"},\"primaryImageOfPage\":{\"@id\":\"https:\/\/legitgrams.com\/product\/lemon-skunk-weed\/#primaryimage\"},\"image\":{\"@id\":\"https:\/\/legitgrams.com\/product\/lemon-skunk-weed\/#primaryimage\"},\"thumbnailUrl\":\"https:\/\/legitgrams.com\/wp-content\/uploads\/2024\/09\/Buy-Lemon-Skunk-Weed-online.jpg\",\"datePublished\":\"2024-09-19T12:02:00+00:00\",\"dateModified\":\"2025-01-14T07:45:40+00:00\",\"description\":\"Find premium Lemon Skunk Weed for sale at our online store, providing a secure platform to buy Lemon Skunk Weed online with ease, catering to your research needs.\",\"breadcrumb\":{\"@id\":\"https:\/\/legitgrams.com\/product\/lemon-skunk-weed\/#breadcrumb\"},\"inLanguage\":\"de\",\"potentialAction\":[{\"@type\":\"ReadAction\",\"target\":[\"https:\/\/legitgrams.com\/product\/lemon-skunk-weed\/\"]}]},{\"@type\":\"ImageObject\",\"inLanguage\":\"de\",\"@id\":\"https:\/\/legitgrams.com\/product\/lemon-skunk-weed\/#primaryimage\",\"url\":\"https:\/\/legitgrams.com\/wp-content\/uploads\/2024\/09\/Buy-Lemon-Skunk-Weed-online.jpg\",\"contentUrl\":\"https:\/\/legitgrams.com\/wp-content\/uploads\/2024\/09\/Buy-Lemon-Skunk-Weed-online.jpg\",\"width\":600,\"height\":600,\"caption\":\"Lemon Skunk Weed for Sale\"},{\"@type\":\"BreadcrumbList\",\"@id\":\"https:\/\/legitgrams.com\/product\/lemon-skunk-weed\/#breadcrumb\",\"itemListElement\":[{\"@type\":\"ListItem\",\"position\":1,\"name\":\"Home\",\"item\":\"https:\/\/legitgrams.com\/\"},{\"@type\":\"ListItem\",\"position\":2,\"name\":\"Shop\",\"item\":\"https:\/\/legitgrams.com\/shop\/\"},{\"@type\":\"ListItem\",\"position\":3,\"name\":\"Lemon Skunk Weed\"}]},{\"@type\":\"WebSite\",\"@id\":\"https:\/\/legitgrams.com\/#website\",\"url\":\"https:\/\/legitgrams.com\/\",\"name\":\"Legit Grams\",\"description\":\"My WordPress Blog\",\"publisher\":{\"@id\":\"https:\/\/legitgrams.com\/#organization\"},\"potentialAction\":[{\"@type\":\"SearchAction\",\"target\":{\"@type\":\"EntryPoint\",\"urlTemplate\":\"https:\/\/legitgrams.com\/?s={search_term_string}\"},\"query-input\":{\"@type\":\"PropertyValueSpecification\",\"valueRequired\":true,\"valueName\":\"search_term_string\"}}],\"inLanguage\":\"de\"},{\"@type\":\"Organization\",\"@id\":\"https:\/\/legitgrams.com\/#organization\",\"name\":\"Legit Grams\",\"url\":\"https:\/\/legitgrams.com\/\",\"logo\":{\"@type\":\"ImageObject\",\"inLanguage\":\"de\",\"@id\":\"https:\/\/legitgrams.com\/#\/schema\/logo\/image\/\",\"url\":\"https:\/\/legitgrams.com\/wp-content\/uploads\/2024\/09\/main-logo.png\",\"contentUrl\":\"https:\/\/legitgrams.com\/wp-content\/uploads\/2024\/09\/main-logo.png\",\"width\":270,\"height\":75,\"caption\":\"Legit Grams\"},\"image\":{\"@id\":\"https:\/\/legitgrams.com\/#\/schema\/logo\/image\/\"}}]}<\/script>\n<!-- \/ Yoast SEO plugin. -->","yoast_head_json":{"title":"Lemon Skunk Weed zu verkaufen - Lemon Skunk Weed online bestellen","description":"Finden Sie erstklassiges Lemon Skunk Weed zum Verkauf in unserem Online-Shop, der eine sichere Plattform bietet, um Lemon Skunk Weed mit Leichtigkeit online zu kaufen, um Ihren Forschungsbedarf zu decken.","robots":{"index":"index","follow":"follow","max-snippet":"max-snippet:-1","max-image-preview":"max-image-preview:large","max-video-preview":"max-video-preview:-1"},"canonical":"https:\/\/legitgrams.com\/de\/produkt\/zitronen-skunk-unkraut\/","og_locale":"de_DE","og_type":"article","og_title":"Lemon Skunk Weed for Sale - Order Lemon Skunk Weed Online","og_description":"Find premium Lemon Skunk Weed for sale at our online store, providing a secure platform to buy Lemon Skunk Weed online with ease, catering to your research needs.","og_url":"https:\/\/legitgrams.com\/de\/produkt\/zitronen-skunk-unkraut\/","og_site_name":"Legit Grams","article_modified_time":"2025-01-14T07:45:40+00:00","og_image":[{"width":600,"height":600,"url":"https:\/\/legitgrams.com\/wp-content\/uploads\/2024\/09\/Buy-Lemon-Skunk-Weed-online.jpg","type":"image\/jpeg"}],"twitter_card":"summary_large_image","twitter_misc":{"Gesch\u00e4tzte Lesezeit":"4\u00a0Minuten"},"schema":{"@context":"https:\/\/schema.org","@graph":[{"@type":"WebPage","@id":"https:\/\/legitgrams.com\/product\/lemon-skunk-weed\/","url":"https:\/\/legitgrams.com\/product\/lemon-skunk-weed\/","name":"Lemon Skunk Weed zu verkaufen - Lemon Skunk Weed online bestellen","isPartOf":{"@id":"https:\/\/legitgrams.com\/#website"},"primaryImageOfPage":{"@id":"https:\/\/legitgrams.com\/product\/lemon-skunk-weed\/#primaryimage"},"image":{"@id":"https:\/\/legitgrams.com\/product\/lemon-skunk-weed\/#primaryimage"},"thumbnailUrl":"https:\/\/legitgrams.com\/wp-content\/uploads\/2024\/09\/Buy-Lemon-Skunk-Weed-online.jpg","datePublished":"2024-09-19T12:02:00+00:00","dateModified":"2025-01-14T07:45:40+00:00","description":"Finden Sie erstklassiges Lemon Skunk Weed zum Verkauf in unserem Online-Shop, der eine sichere Plattform bietet, um Lemon Skunk Weed mit Leichtigkeit online zu kaufen, um Ihren Forschungsbedarf zu decken.","breadcrumb":{"@id":"https:\/\/legitgrams.com\/product\/lemon-skunk-weed\/#breadcrumb"},"inLanguage":"de","potentialAction":[{"@type":"ReadAction","target":["https:\/\/legitgrams.com\/product\/lemon-skunk-weed\/"]}]},{"@type":"ImageObject","inLanguage":"de","@id":"https:\/\/legitgrams.com\/product\/lemon-skunk-weed\/#primaryimage","url":"https:\/\/legitgrams.com\/wp-content\/uploads\/2024\/09\/Buy-Lemon-Skunk-Weed-online.jpg","contentUrl":"https:\/\/legitgrams.com\/wp-content\/uploads\/2024\/09\/Buy-Lemon-Skunk-Weed-online.jpg","width":600,"height":600,"caption":"Lemon Skunk Weed for Sale"},{"@type":"BreadcrumbList","@id":"https:\/\/legitgrams.com\/product\/lemon-skunk-weed\/#breadcrumb","itemListElement":[{"@type":"ListItem","position":1,"name":"Home","item":"https:\/\/legitgrams.com\/"},{"@type":"ListItem","position":2,"name":"Shop","item":"https:\/\/legitgrams.com\/shop\/"},{"@type":"ListItem","position":3,"name":"Lemon Skunk Weed"}]},{"@type":"WebSite","@id":"https:\/\/legitgrams.com\/#website","url":"https:\/\/legitgrams.com\/","name":"Legitimer Grammwert","description":"Mein WordPress-Blog","publisher":{"@id":"https:\/\/legitgrams.com\/#organization"},"potentialAction":[{"@type":"SearchAction","target":{"@type":"EntryPoint","urlTemplate":"https:\/\/legitgrams.com\/?s={search_term_string}"},"query-input":{"@type":"PropertyValueSpecification","valueRequired":true,"valueName":"search_term_string"}}],"inLanguage":"de"},{"@type":"Organization","@id":"https:\/\/legitgrams.com\/#organization","name":"Legitimer Grammwert","url":"https:\/\/legitgrams.com\/","logo":{"@type":"ImageObject","inLanguage":"de","@id":"https:\/\/legitgrams.com\/#\/schema\/logo\/image\/","url":"https:\/\/legitgrams.com\/wp-content\/uploads\/2024\/09\/main-logo.png","contentUrl":"https:\/\/legitgrams.com\/wp-content\/uploads\/2024\/09\/main-logo.png","width":270,"height":75,"caption":"Legit Grams"},"image":{"@id":"https:\/\/legitgrams.com\/#\/schema\/logo\/image\/"}}]}},"uagb_featured_image_src":{"full":["https:\/\/legitgrams.com\/wp-content\/uploads\/2024\/09\/Buy-Lemon-Skunk-Weed-online.jpg",600,600,false],"thumbnail":["https:\/\/legitgrams.com\/wp-content\/uploads\/2024\/09\/Buy-Lemon-Skunk-Weed-online-150x150.jpg",150,150,true],"medium":["https:\/\/legitgrams.com\/wp-content\/uploads\/2024\/09\/Buy-Lemon-Skunk-Weed-online-300x300.jpg",300,300,true],"medium_large":["https:\/\/legitgrams.com\/wp-content\/uploads\/2024\/09\/Buy-Lemon-Skunk-Weed-online.jpg",600,600,false],"large":["https:\/\/legitgrams.com\/wp-content\/uploads\/2024\/09\/Buy-Lemon-Skunk-Weed-online.jpg",600,600,false],"1536x1536":["https:\/\/legitgrams.com\/wp-content\/uploads\/2024\/09\/Buy-Lemon-Skunk-Weed-online.jpg",600,600,false],"2048x2048":["https:\/\/legitgrams.com\/wp-content\/uploads\/2024\/09\/Buy-Lemon-Skunk-Weed-online.jpg",600,600,false],"trp-custom-language-flag":["https:\/\/legitgrams.com\/wp-content\/uploads\/2024\/09\/Buy-Lemon-Skunk-Weed-online-12x12.jpg",12,12,true],"woocommerce_thumbnail":["https:\/\/legitgrams.com\/wp-content\/uploads\/2024\/09\/Buy-Lemon-Skunk-Weed-online-300x300.jpg",300,300,true],"woocommerce_single":["https:\/\/legitgrams.com\/wp-content\/uploads\/2024\/09\/Buy-Lemon-Skunk-Weed-online.jpg",600,600,false],"woocommerce_gallery_thumbnail":["https:\/\/legitgrams.com\/wp-content\/uploads\/2024\/09\/Buy-Lemon-Skunk-Weed-online-100x100.jpg",100,100,true]},"uagb_author_info":{"display_name":"cokeblog18","author_link":"https:\/\/legitgrams.com\/de\/author\/"},"uagb_comment_info":0,"uagb_excerpt":"Purchases of Lemon Skunk Weed Online The renowned team behind more than 125 other strains, DNA Genetics, OG, and Lemon Skunk, developed the award-winning sativa strain. Even though this genetic history may seem non-specific, DNA Genetics has been known to select two distinct Skunk phenotypic pieces for their strong citrus flavor and taste, then cross&hellip;","_links":{"self":[{"href":"https:\/\/legitgrams.com\/de\/wp-json\/wp\/v2\/product\/3748","targetHints":{"allow":["GET"]}}],"collection":[{"href":"https:\/\/legitgrams.com\/de\/wp-json\/wp\/v2\/product"}],"about":[{"href":"https:\/\/legitgrams.com\/de\/wp-json\/wp\/v2\/types\/product"}],"replies":[{"embeddable":true,"href":"https:\/\/legitgrams.com\/de\/wp-json\/wp\/v2\/comments?post=3748"}],"wp:featuredmedia":[{"embeddable":true,"href":"https:\/\/legitgrams.com\/de\/wp-json\/wp\/v2\/media\/5411"}],"wp:attachment":[{"href":"https:\/\/legitgrams.com\/de\/wp-json\/wp\/v2\/media?parent=3748"}],"wp:term":[{"taxonomy":"product_brand","embeddable":true,"href":"https:\/\/legitgrams.com\/de\/wp-json\/wp\/v2\/product_brand?post=3748"},{"taxonomy":"product_cat","embeddable":true,"href":"https:\/\/legitgrams.com\/de\/wp-json\/wp\/v2\/product_cat?post=3748"},{"taxonomy":"product_tag","embeddable":true,"href":"https:\/\/legitgrams.com\/de\/wp-json\/wp\/v2\/product_tag?post=3748"}],"curies":[{"name":"wp","href":"https:\/\/api.w.org\/{rel}","templated":true}]}}