{"id":3801,"date":"2024-09-20T05:23:48","date_gmt":"2024-09-20T05:23:48","guid":{"rendered":"https:\/\/legitgrams.com\/?post_type=product&#038;p=3801"},"modified":"2025-04-13T09:16:31","modified_gmt":"2025-04-13T09:16:31","slug":"hochwertige-schokoladenfondue-sorte","status":"publish","type":"product","link":"https:\/\/legitgrams.com\/de\/produkt\/hochwertige-schokoladenfondue-sorte\/","title":{"rendered":"Qualit\u00e4t Schokoladen-Fondue-Stamm"},"content":{"rendered":"<h2>die Premium-Sorte Chocolate Fondue online kaufen<\/h2>\n<h2>Informationen zu verschiedenen Schokoladenfondues<\/h2>\n<p>Mit einer Sativa-dominanten Hybride kreiert DNA Genetics ein Schokoladenfondue, das die erhebende Wirkung von Chocolope und die entspannende Wirkung von Exodus Cheese kombiniert.<\/p>\n<p><a href=\"https:\/\/legitgrams.com\/de\/produkt\/hochwertige-schokoladenfondue-sorte\/\">Schokoladenfondue<\/a> hat einen beruhigenden, gl\u00fccklich machenden Einfluss auf den K\u00f6rper und die Psyche. Dieses Cannabis ist dank seines reichen Parf\u00fcms und angenehmen Duftes sowohl tags\u00fcber als auch nachts angenehm.<\/p>\n<h3>Die therapeutischen Vorteile der verschiedenen Schokoladenfondues<\/h3>\n<p>Die Verwendung verschiedener Cannabis-Sorten hat zahlreiche Vorteile. Dies sind die ersten sechs Vorteile des Konsums. Sie werden sich nat\u00fcrlich st\u00e4rker f\u00fchlen, je h\u00f6her die Potenz ist!<\/p>\n<p>1. Lindert langfristige Beschwerden<br \/>\nDie Chemikalien in Marihuana helfen bei der Linderung von Schmerzen. In der Regel wird die St\u00e4rke von Marihuana auch durch seine Farbe bestimmt. Viele Menschen glauben, dass dies wahr ist.<\/p>\n<p>2. Erh\u00f6hte Lungenkapazit\u00e4t<br \/>\nIst Ihnen das bewusst? Es ist viel besser, Marihuana zu rauchen als Tabak zu rauchen. Es wird Ihnen auch helfen, Ihre Lungenkapazit\u00e4t zu erweitern.<\/p>\n<p>3. Gewichtsverlust<br \/>\nDie meisten Menschen, die Marihuana konsumieren, haben keine Probleme mit Fettleibigkeit. Das liegt daran, dass der konsequente Konsum von Cannabisbl\u00fcten Ihnen dabei hilft, Ihre Kalorienzufuhr zu kontrollieren.<\/p>\n<p>4-Pr\u00e4vention von Diabetes<br \/>\nEine einmal entstandene Diabeteserkrankung ist eine lebenslange Erkrankung. Sie k\u00f6nnen Ihren Blutzuckerspiegel leicht kontrollieren, um weitere Komplikationen zu vermeiden. <a href=\"https:\/\/legitgrams.com\/de\/\">LegitGrams<\/a><\/p>\n<p>Cannabis kann helfen, den Blutdruck zu senken und den Blutzucker zu stabilisieren!<\/p>\n<p>5. Unterst\u00fctzung von Depressiven<br \/>\nManche Menschen sind von Depressionen betroffen, ohne dass sie es wissen. Wenn Sie depressiv sind, kann Marihuana Ihnen helfen, sich besser zu f\u00fchlen.<\/p>\n<p>Wo kann man in Kanada diese Art von Schokoladenfondue finden?<br \/>\nObwohl es in ganz Kanada Schokoladenfondue in verschiedenen Geschmacksrichtungen gibt, bietet unsere Post-Marihuana-Apotheke einige der besten an.<\/p>\n<p>Wir versprechen, eine hochwertige Ware zu liefern oder Ihr Geld zur\u00fcckzuerstatten! Dar\u00fcber hinaus ist die Lieferung kostenlos auf Bestellungen \u00fcber $100 angeboten!<\/p>\n<p>Kauf von Spitzenqualit\u00e4t <a href=\"https:\/\/en.wikipedia.org\/wiki\/List_of_fondues\">Schokoladen-Fondue-Sorte<\/a> Online - Kaufen Sie Top Quality Chocolate Fondue Strain, Kaufen Sie Top Quality Chocolate Fondue Strain, Kaufen Sie Top Quality Chocolate Fondue Strain, Wo kann man Top Quality Chocolate Fondue Strain kaufen, Kaufen Sie Top Quality Chocolate Fondue Strain, Kaufen Sie Top Quality Chocolate Fondue Strain online, Kaufen Sie Top Quality Chocolate Fondue Strain in den USA, Kanada, UK, Kaufen Sie online, Lieferanten, Sichere Lieferung, Quality Chocolate Fondue Strain ist noch verf\u00fcgbar. Ist es legal, Quality Chocolate Fondue Strain in Kanada zu kaufen? Wie kann ich Quality Chocolate Fondue Strain erwerben? Kann ich Quality Chocolate Fondue Strain in den Vereinigten Staaten online kaufen?<\/p>","protected":false},"excerpt":{"rendered":"<p>Purchase Premium Chocolate Fondue Strain Online Information about a variety of chocolate fondue With a sativa-dominant hybrid, DNA Genetics creates a chocolate fondue that combines the uplifting effects of Chocolope and the relaxing effects of Exodus Cheese. Chocolate fondue has the calming, happy-making influence on the body and psyche. This cannabis is delightful both day &hellip;<\/p>\n<p class=\"read-more\"> <a class=\"\" href=\"https:\/\/legitgrams.com\/de\/produkt\/hochwertige-schokoladenfondue-sorte\/\"> <span class=\"screen-reader-text\">Qualit\u00e4t Schokoladen-Fondue-Stamm<\/span> Mehr lesen \"<\/a><\/p>","protected":false},"featured_media":5419,"comment_status":"open","ping_status":"closed","template":"","meta":{"_uag_custom_page_level_css":"","site-sidebar-layout":"default","site-content-layout":"default","ast-global-header-display":"","ast-main-header-display":"","ast-hfb-above-header-display":"","ast-hfb-below-header-display":"","ast-hfb-mobile-header-display":"","site-post-title":"","ast-breadcrumbs-content":"","ast-featured-img":"","footer-sml-layout":"","theme-transparent-header-meta":"default","adv-header-id-meta":"","stick-header-meta":"default","header-above-stick-meta":"","header-main-stick-meta":"","header-below-stick-meta":"","_joinchat":[]},"product_brand":[],"product_cat":[607],"product_tag":[5223,5213,617,5205,5220,5217,5212,5210,5222,5204,5207,5215,5206,5216,5208,5218,5225,5226,5224,5221,5219,625,5211,5214,5209],"class_list":{"0":"post-3801","1":"product","2":"type-product","3":"status-publish","4":"has-post-thumbnail","6":"product_cat-marijuana-cannabis","7":"product_tag-best-cheap-price-quality-chocolate-fondue-strain","8":"product_tag-best-place-to-buy-quality-chocolate-fondue-strain","9":"product_tag-bulk-online","10":"product_tag-buy-quality-chocolate-fondue-strain","11":"product_tag-cheap-quality-chocolate-fondue-strain","12":"product_tag-high-quality-quality-chocolate-fondue-strain","13":"product_tag-how-to-buy-quality-chocolate-fondue-strain","14":"product_tag-order-quality-chocolate-fondue-strain","15":"product_tag-purcharse-quality-chocolate-fondue-strain","16":"product_tag-quality-chocolate-fondue-strain","17":"product_tag-quality-chocolate-fondue-strain-for-sale","18":"product_tag-quality-chocolate-fondue-strain-legally","19":"product_tag-quality-chocolate-fondue-strain-online","20":"product_tag-quality-chocolate-fondue-strain-price","21":"product_tag-quality-chocolate-fondue-strain-quality-chocolate-fondue-strain-supplier","22":"product_tag-quality-chocolate-fondue-strain-store","23":"product_tag-quality-chocolate-fondue-strain-use","24":"product_tag-quality-chocolate-fondue-strain-wiki","25":"product_tag-quality-chocolate-fondue-strain-worldwide","26":"product_tag-quality-chocolate-fondue-strains","27":"product_tag-shop-quality-chocolate-fondue-strain","28":"product_tag-top-quality","29":"product_tag-where-to-buy-quality-chocolate-fondue-strain","30":"product_tag-where-to-order-quality-chocolate-fondue-strain","31":"product_tag-wholesale-quality-chocolate-fondue-strain","32":"desktop-align-left","33":"tablet-align-left","34":"mobile-align-left","35":"ast-product-gallery-layout-horizontal","36":"ast-product-gallery-with-no-image","37":"ast-product-single-variable","38":"ast-product-tabs-layout-horizontal","39":"ast-qv-on-image","41":"first","42":"instock","43":"shipping-taxable","44":"purchasable","45":"product-type-variable"},"yoast_head":"<!-- This site is optimized with the Yoast SEO plugin v25.9 - https:\/\/yoast.com\/wordpress\/plugins\/seo\/ -->\n<title>Order Quality Chocolate Fondue Strain Online @ Best Price<\/title>\n<meta name=\"description\" content=\"Find premium quality chocolate fondue strain for sale at our online store, providing a secure platform to buy quality chocolate fondue strain online with ease, catering to your research needs.\" \/>\n<meta name=\"robots\" content=\"index, follow, max-snippet:-1, max-image-preview:large, max-video-preview:-1\" \/>\n<link rel=\"canonical\" href=\"https:\/\/legitgrams.com\/de\/produkt\/hochwertige-schokoladenfondue-sorte\/\" \/>\n<meta property=\"og:locale\" content=\"de_DE\" \/>\n<meta property=\"og:type\" content=\"article\" \/>\n<meta property=\"og:title\" content=\"Order Quality Chocolate Fondue Strain Online @ Best Price\" \/>\n<meta property=\"og:description\" content=\"Find premium quality chocolate fondue strain for sale at our online store, providing a secure platform to buy quality chocolate fondue strain online with ease, catering to your research needs.\" \/>\n<meta property=\"og:url\" content=\"https:\/\/legitgrams.com\/de\/produkt\/hochwertige-schokoladenfondue-sorte\/\" \/>\n<meta property=\"og:site_name\" content=\"Legit Grams\" \/>\n<meta property=\"article:modified_time\" content=\"2025-04-13T09:16:31+00:00\" \/>\n<meta property=\"og:image\" content=\"https:\/\/legitgrams.com\/wp-content\/uploads\/2024\/09\/Buy-Quality-Chocolate-Fondue-Strain-online.jpg\" \/>\n\t<meta property=\"og:image:width\" content=\"600\" \/>\n\t<meta property=\"og:image:height\" content=\"600\" \/>\n\t<meta property=\"og:image:type\" content=\"image\/jpeg\" \/>\n<meta name=\"twitter:card\" content=\"summary_large_image\" \/>\n<meta name=\"twitter:label1\" content=\"Gesch\u00e4tzte Lesezeit\" \/>\n\t<meta name=\"twitter:data1\" content=\"2\u00a0Minuten\" \/>\n<script type=\"application\/ld+json\" class=\"yoast-schema-graph\">{\"@context\":\"https:\/\/schema.org\",\"@graph\":[{\"@type\":\"WebPage\",\"@id\":\"https:\/\/legitgrams.com\/product\/quality-chocolate-fondue-strain\/\",\"url\":\"https:\/\/legitgrams.com\/product\/quality-chocolate-fondue-strain\/\",\"name\":\"Order Quality Chocolate Fondue Strain Online @ Best Price\",\"isPartOf\":{\"@id\":\"https:\/\/legitgrams.com\/#website\"},\"primaryImageOfPage\":{\"@id\":\"https:\/\/legitgrams.com\/product\/quality-chocolate-fondue-strain\/#primaryimage\"},\"image\":{\"@id\":\"https:\/\/legitgrams.com\/product\/quality-chocolate-fondue-strain\/#primaryimage\"},\"thumbnailUrl\":\"https:\/\/legitgrams.com\/wp-content\/uploads\/2024\/09\/Buy-Quality-Chocolate-Fondue-Strain-online.jpg\",\"datePublished\":\"2024-09-20T05:23:48+00:00\",\"dateModified\":\"2025-04-13T09:16:31+00:00\",\"description\":\"Find premium quality chocolate fondue strain for sale at our online store, providing a secure platform to buy quality chocolate fondue strain online with ease, catering to your research needs.\",\"breadcrumb\":{\"@id\":\"https:\/\/legitgrams.com\/product\/quality-chocolate-fondue-strain\/#breadcrumb\"},\"inLanguage\":\"de\",\"potentialAction\":[{\"@type\":\"ReadAction\",\"target\":[\"https:\/\/legitgrams.com\/product\/quality-chocolate-fondue-strain\/\"]}]},{\"@type\":\"ImageObject\",\"inLanguage\":\"de\",\"@id\":\"https:\/\/legitgrams.com\/product\/quality-chocolate-fondue-strain\/#primaryimage\",\"url\":\"https:\/\/legitgrams.com\/wp-content\/uploads\/2024\/09\/Buy-Quality-Chocolate-Fondue-Strain-online.jpg\",\"contentUrl\":\"https:\/\/legitgrams.com\/wp-content\/uploads\/2024\/09\/Buy-Quality-Chocolate-Fondue-Strain-online.jpg\",\"width\":600,\"height\":600,\"caption\":\"Quality Chocolate Fondue Strain for Sale\"},{\"@type\":\"BreadcrumbList\",\"@id\":\"https:\/\/legitgrams.com\/product\/quality-chocolate-fondue-strain\/#breadcrumb\",\"itemListElement\":[{\"@type\":\"ListItem\",\"position\":1,\"name\":\"Home\",\"item\":\"https:\/\/legitgrams.com\/\"},{\"@type\":\"ListItem\",\"position\":2,\"name\":\"Shop\",\"item\":\"https:\/\/legitgrams.com\/shop\/\"},{\"@type\":\"ListItem\",\"position\":3,\"name\":\"Quality Chocolate Fondue Strain\"}]},{\"@type\":\"WebSite\",\"@id\":\"https:\/\/legitgrams.com\/#website\",\"url\":\"https:\/\/legitgrams.com\/\",\"name\":\"Legit Grams\",\"description\":\"My WordPress Blog\",\"publisher\":{\"@id\":\"https:\/\/legitgrams.com\/#organization\"},\"potentialAction\":[{\"@type\":\"SearchAction\",\"target\":{\"@type\":\"EntryPoint\",\"urlTemplate\":\"https:\/\/legitgrams.com\/?s={search_term_string}\"},\"query-input\":{\"@type\":\"PropertyValueSpecification\",\"valueRequired\":true,\"valueName\":\"search_term_string\"}}],\"inLanguage\":\"de\"},{\"@type\":\"Organization\",\"@id\":\"https:\/\/legitgrams.com\/#organization\",\"name\":\"Legit Grams\",\"url\":\"https:\/\/legitgrams.com\/\",\"logo\":{\"@type\":\"ImageObject\",\"inLanguage\":\"de\",\"@id\":\"https:\/\/legitgrams.com\/#\/schema\/logo\/image\/\",\"url\":\"https:\/\/legitgrams.com\/wp-content\/uploads\/2024\/09\/main-logo.png\",\"contentUrl\":\"https:\/\/legitgrams.com\/wp-content\/uploads\/2024\/09\/main-logo.png\",\"width\":270,\"height\":75,\"caption\":\"Legit Grams\"},\"image\":{\"@id\":\"https:\/\/legitgrams.com\/#\/schema\/logo\/image\/\"}}]}<\/script>\n<!-- \/ Yoast SEO plugin. -->","yoast_head_json":{"title":"Bestellen Sie Qualit\u00e4t Schokolade Fondue Strain Online @ Best Price","description":"Finden Sie Premium-Qualit\u00e4t Schokolade Fondue Stamm zum Verkauf in unserem Online-Shop, die eine sichere Plattform, um Qualit\u00e4t Schokolade Fondue Stamm online kaufen mit Leichtigkeit, Catering f\u00fcr Ihre Forschung braucht.","robots":{"index":"index","follow":"follow","max-snippet":"max-snippet:-1","max-image-preview":"max-image-preview:large","max-video-preview":"max-video-preview:-1"},"canonical":"https:\/\/legitgrams.com\/de\/produkt\/hochwertige-schokoladenfondue-sorte\/","og_locale":"de_DE","og_type":"article","og_title":"Order Quality Chocolate Fondue Strain Online @ Best Price","og_description":"Find premium quality chocolate fondue strain for sale at our online store, providing a secure platform to buy quality chocolate fondue strain online with ease, catering to your research needs.","og_url":"https:\/\/legitgrams.com\/de\/produkt\/hochwertige-schokoladenfondue-sorte\/","og_site_name":"Legit Grams","article_modified_time":"2025-04-13T09:16:31+00:00","og_image":[{"width":600,"height":600,"url":"https:\/\/legitgrams.com\/wp-content\/uploads\/2024\/09\/Buy-Quality-Chocolate-Fondue-Strain-online.jpg","type":"image\/jpeg"}],"twitter_card":"summary_large_image","twitter_misc":{"Gesch\u00e4tzte Lesezeit":"2\u00a0Minuten"},"schema":{"@context":"https:\/\/schema.org","@graph":[{"@type":"WebPage","@id":"https:\/\/legitgrams.com\/product\/quality-chocolate-fondue-strain\/","url":"https:\/\/legitgrams.com\/product\/quality-chocolate-fondue-strain\/","name":"Bestellen Sie Qualit\u00e4t Schokolade Fondue Strain Online @ Best Price","isPartOf":{"@id":"https:\/\/legitgrams.com\/#website"},"primaryImageOfPage":{"@id":"https:\/\/legitgrams.com\/product\/quality-chocolate-fondue-strain\/#primaryimage"},"image":{"@id":"https:\/\/legitgrams.com\/product\/quality-chocolate-fondue-strain\/#primaryimage"},"thumbnailUrl":"https:\/\/legitgrams.com\/wp-content\/uploads\/2024\/09\/Buy-Quality-Chocolate-Fondue-Strain-online.jpg","datePublished":"2024-09-20T05:23:48+00:00","dateModified":"2025-04-13T09:16:31+00:00","description":"Finden Sie Premium-Qualit\u00e4t Schokolade Fondue Stamm zum Verkauf in unserem Online-Shop, die eine sichere Plattform, um Qualit\u00e4t Schokolade Fondue Stamm online kaufen mit Leichtigkeit, Catering f\u00fcr Ihre Forschung braucht.","breadcrumb":{"@id":"https:\/\/legitgrams.com\/product\/quality-chocolate-fondue-strain\/#breadcrumb"},"inLanguage":"de","potentialAction":[{"@type":"ReadAction","target":["https:\/\/legitgrams.com\/product\/quality-chocolate-fondue-strain\/"]}]},{"@type":"ImageObject","inLanguage":"de","@id":"https:\/\/legitgrams.com\/product\/quality-chocolate-fondue-strain\/#primaryimage","url":"https:\/\/legitgrams.com\/wp-content\/uploads\/2024\/09\/Buy-Quality-Chocolate-Fondue-Strain-online.jpg","contentUrl":"https:\/\/legitgrams.com\/wp-content\/uploads\/2024\/09\/Buy-Quality-Chocolate-Fondue-Strain-online.jpg","width":600,"height":600,"caption":"Quality Chocolate Fondue Strain for Sale"},{"@type":"BreadcrumbList","@id":"https:\/\/legitgrams.com\/product\/quality-chocolate-fondue-strain\/#breadcrumb","itemListElement":[{"@type":"ListItem","position":1,"name":"Home","item":"https:\/\/legitgrams.com\/"},{"@type":"ListItem","position":2,"name":"Shop","item":"https:\/\/legitgrams.com\/shop\/"},{"@type":"ListItem","position":3,"name":"Quality Chocolate Fondue Strain"}]},{"@type":"WebSite","@id":"https:\/\/legitgrams.com\/#website","url":"https:\/\/legitgrams.com\/","name":"Legitimer Grammwert","description":"Mein WordPress-Blog","publisher":{"@id":"https:\/\/legitgrams.com\/#organization"},"potentialAction":[{"@type":"SearchAction","target":{"@type":"EntryPoint","urlTemplate":"https:\/\/legitgrams.com\/?s={search_term_string}"},"query-input":{"@type":"PropertyValueSpecification","valueRequired":true,"valueName":"search_term_string"}}],"inLanguage":"de"},{"@type":"Organization","@id":"https:\/\/legitgrams.com\/#organization","name":"Legitimer Grammwert","url":"https:\/\/legitgrams.com\/","logo":{"@type":"ImageObject","inLanguage":"de","@id":"https:\/\/legitgrams.com\/#\/schema\/logo\/image\/","url":"https:\/\/legitgrams.com\/wp-content\/uploads\/2024\/09\/main-logo.png","contentUrl":"https:\/\/legitgrams.com\/wp-content\/uploads\/2024\/09\/main-logo.png","width":270,"height":75,"caption":"Legit Grams"},"image":{"@id":"https:\/\/legitgrams.com\/#\/schema\/logo\/image\/"}}]}},"uagb_featured_image_src":{"full":["https:\/\/legitgrams.com\/wp-content\/uploads\/2024\/09\/Buy-Quality-Chocolate-Fondue-Strain-online.jpg",600,600,false],"thumbnail":["https:\/\/legitgrams.com\/wp-content\/uploads\/2024\/09\/Buy-Quality-Chocolate-Fondue-Strain-online-150x150.jpg",150,150,true],"medium":["https:\/\/legitgrams.com\/wp-content\/uploads\/2024\/09\/Buy-Quality-Chocolate-Fondue-Strain-online-300x300.jpg",300,300,true],"medium_large":["https:\/\/legitgrams.com\/wp-content\/uploads\/2024\/09\/Buy-Quality-Chocolate-Fondue-Strain-online.jpg",600,600,false],"large":["https:\/\/legitgrams.com\/wp-content\/uploads\/2024\/09\/Buy-Quality-Chocolate-Fondue-Strain-online.jpg",600,600,false],"1536x1536":["https:\/\/legitgrams.com\/wp-content\/uploads\/2024\/09\/Buy-Quality-Chocolate-Fondue-Strain-online.jpg",600,600,false],"2048x2048":["https:\/\/legitgrams.com\/wp-content\/uploads\/2024\/09\/Buy-Quality-Chocolate-Fondue-Strain-online.jpg",600,600,false],"trp-custom-language-flag":["https:\/\/legitgrams.com\/wp-content\/uploads\/2024\/09\/Buy-Quality-Chocolate-Fondue-Strain-online-12x12.jpg",12,12,true],"woocommerce_thumbnail":["https:\/\/legitgrams.com\/wp-content\/uploads\/2024\/09\/Buy-Quality-Chocolate-Fondue-Strain-online-300x300.jpg",300,300,true],"woocommerce_single":["https:\/\/legitgrams.com\/wp-content\/uploads\/2024\/09\/Buy-Quality-Chocolate-Fondue-Strain-online.jpg",600,600,false],"woocommerce_gallery_thumbnail":["https:\/\/legitgrams.com\/wp-content\/uploads\/2024\/09\/Buy-Quality-Chocolate-Fondue-Strain-online-100x100.jpg",100,100,true]},"uagb_author_info":{"display_name":"cokeblog18","author_link":"https:\/\/legitgrams.com\/de\/author\/"},"uagb_comment_info":1,"uagb_excerpt":"Purchase Premium Chocolate Fondue Strain Online Information about a variety of chocolate fondue With a sativa-dominant hybrid, DNA Genetics creates a chocolate fondue that combines the uplifting effects of Chocolope and the relaxing effects of Exodus Cheese. Chocolate fondue has the calming, happy-making influence on the body and psyche. This cannabis is delightful both day&hellip;","_links":{"self":[{"href":"https:\/\/legitgrams.com\/de\/wp-json\/wp\/v2\/product\/3801","targetHints":{"allow":["GET"]}}],"collection":[{"href":"https:\/\/legitgrams.com\/de\/wp-json\/wp\/v2\/product"}],"about":[{"href":"https:\/\/legitgrams.com\/de\/wp-json\/wp\/v2\/types\/product"}],"replies":[{"embeddable":true,"href":"https:\/\/legitgrams.com\/de\/wp-json\/wp\/v2\/comments?post=3801"}],"wp:featuredmedia":[{"embeddable":true,"href":"https:\/\/legitgrams.com\/de\/wp-json\/wp\/v2\/media\/5419"}],"wp:attachment":[{"href":"https:\/\/legitgrams.com\/de\/wp-json\/wp\/v2\/media?parent=3801"}],"wp:term":[{"taxonomy":"product_brand","embeddable":true,"href":"https:\/\/legitgrams.com\/de\/wp-json\/wp\/v2\/product_brand?post=3801"},{"taxonomy":"product_cat","embeddable":true,"href":"https:\/\/legitgrams.com\/de\/wp-json\/wp\/v2\/product_cat?post=3801"},{"taxonomy":"product_tag","embeddable":true,"href":"https:\/\/legitgrams.com\/de\/wp-json\/wp\/v2\/product_tag?post=3801"}],"curies":[{"name":"wp","href":"https:\/\/api.w.org\/{rel}","templated":true}]}}