{"id":3809,"date":"2024-09-20T05:34:15","date_gmt":"2024-09-20T05:34:15","guid":{"rendered":"https:\/\/legitgrams.com\/?post_type=product&#038;p=3809"},"modified":"2025-01-15T05:30:50","modified_gmt":"2025-01-15T05:30:50","slug":"rocky-mountain-heidelbeer-sorte","status":"publish","type":"product","link":"https:\/\/legitgrams.com\/de\/produkt\/rocky-mountain-heidelbeer-sorte\/","title":{"rendered":"Rocky Mountain Blaubeer-Sorte"},"content":{"rendered":"<h2>Kaufen die Sorte Rocky Mountain Blueberry online<\/h2>\n<p>Rocky Mountain Blueberry ist eine limitierte Sorte von The Farm in Colorado und tr\u00e4gt den Namen der Gegend, in der sie angebaut wurde. Anerkannt f\u00fcr den Anbau erstklassiger Knospen, hat das Team dort Blueberry und Shishkaberry gez\u00fcchtet, um eine indicadominierte Sorte mit ausgewogener Wirkung und bemerkenswerten Aromen zu schaffen.<\/p>\n<h3>Blaubeeren aus Rocky Mountain<\/h3>\n<p><a href=\"https:\/\/legitgrams.com\/de\/produkt\/rocky-mountain-heidelbeer-sorte\/\">Rocky Mountain Blaubeere<\/a> hat eine unglaubliche Potenz von 18% THC, was sie perfekt f\u00fcr neue und erfahrene Cannabiskonsumenten macht, die gerade ihre Zehen in die Welt des Haschischs tauchen und f\u00fcr erfahrene Konsumenten, die etwas Subtiles suchen. Die Trichome auf helllila, mit einem olivgr\u00fcnen Grundton und blauen Untert\u00f6nen, geben den wirklich dicken Nugs ein erstaunliches Aussehen. Ihr Geschmackssinn wird von dem s\u00fc\u00dfen Blaubeergeschmack \u00fcberw\u00e4ltigt sein, der die Luft mit Noten von Minze, Kiefer und Zitrone durchdringt.<\/p>\n<p>Es ist wichtig, dass Du Deine Portion richtig einteilst, denn diese Sorte liefert eine intensive Achterbahn der Wirkungen. Ihre Sativa-Seite wird zun\u00e4chst mit einem Ausbruch von Euphorie und kreativer Energie ins Spiel kommen, die ideal ist, um Aufgaben bei der Arbeit zu erledigen oder mit Freunden abzuh\u00e4ngen. Viele Menschen entscheiden sich f\u00fcr diese Sorte bei Outdoor-Aktivit\u00e4ten, aber bedenken Sie, dass sie bei einem l\u00e4ngeren Aufstieg leicht erm\u00fcden kann. Rough Mountain Blueberry f\u00e4ngt in den Heiligt\u00fcmern an und arbeitet sich bis zu den Zehen hinunter, um unangenehmes und enges Fr\u00f6steln zu lindern.<\/p>\n<p>Wenn es um therapeutische Erleichterung geht, ist diese Knospe ein Magier, der die Stimmung verbessert und m\u00fchelos Stress und Negativit\u00e4t vertreibt. Obwohl sie Deine Probleme nicht f\u00fcr immer verschwinden lassen wird, kannst Du mit ein paar Z\u00fcgen Rocky Mountain <a href=\"https:\/\/en.wikipedia.org\/wiki\/Blueberry\">Blaubeere<\/a> l\u00e4sst alles ein wenig heller erscheinen. Wenn der Sch\u00fcttelfrost einsetzt, klingen auch chronische k\u00f6rperliche Probleme und beil\u00e4ufige Empfindungen wie Kopfschmerzen oder Kr\u00e4mpfe ab, was f\u00fcr manche Menschen auch ein erhebendes Gef\u00fchl ist.<\/p>\n<p>Diese Sorte erfordert ein wenig mehr Aufmerksamkeit als die meisten anderen, obwohl sie eigentlich recht einfach zu Hause zu kultivieren ist. Die Pflanzen sind recht verzweigt und kurz, so dass der G\u00e4rtner sie im Auge behalten und anders beschneiden muss. Auch \u00fcber den Duft muss man sich Gedanken machen. Da die Rocky Mountain Blueberry sowohl drinnen als auch drau\u00dfen angebaut werden kann, ist ihr Blaubeerduft stark genug, um unerw\u00fcnschte Aufmerksamkeit auf sich zu ziehen.<\/p>\n<p>Wenn Du bereit bist, ihre Wirkungsweise zu verfeinern, wird diese Sorte schlie\u00dflich zu einem verl\u00e4sslichen Freund werden. Versuchen Sie Rocky Mountain Blueberry am Ende der Nacht, um auf einfache Weise die M\u00fcdigkeit zu bek\u00e4mpfen und von ihrer unterschwelligen motivierenden Wirkung zu profitieren. Gehen Sie dann nach Hause, machen Sie es sich in einem gem\u00fctlichen Sessel oder einem luxuri\u00f6sen Bett mit einem wunderbaren Partner bequem und genie\u00dfen Sie den Rest des Abends. <a href=\"https:\/\/legitgrams.com\/de\/\">LegitGrams<\/a><\/p>\n<p>Blueberry Strain online kaufen: Blueberry Strain online kaufen, Rocky Mountain Blueberry Strain kaufen, Blueberry Strain kaufen, Wo kann ich Rocky Mountain Blueberry Strain kaufen? Wo kann ich Rocky Mountain Blueberry Strain online kaufen? Wo kann ich Rocky Mountain Blueberry Strain online kaufen? Wo kann ich Rocky Mountain Blueberry Strain in den USA, Kanada oder im Vereinigten K\u00f6nigreich kaufen? Wo kann ich Rocky Mountain Blueberry Strain online kaufen? Anbieter? sichere Lieferung Die Fragen \"Ist Rocky Mountain Blueberry Strain in Kanada legal?\" und \"Wie kann ich Rocky Mountain Blueberry Strain bestellen?\" sind immer noch aktuell. Sie k\u00f6nnen Rocky Mountain Blueberry Strain immer noch online kaufen.<\/p>","protected":false},"excerpt":{"rendered":"<p>Purchase Rocky Mountain Blueberry Strain Online A limited variety from The Farm in Colorado, Rocky Mountain Blueberry is well called for the area in which she was grown. Recognized for cultivating top-notch buds, the team there bred Blueberry and Shishkaberry to create an indica-dominant strain with balanced effects and remarkable flavors. Blueberries from Rocky Mountain &hellip;<\/p>\n<p class=\"read-more\"> <a class=\"\" href=\"https:\/\/legitgrams.com\/de\/produkt\/rocky-mountain-heidelbeer-sorte\/\"> <span class=\"screen-reader-text\">Rocky Mountain Blaubeer-Sorte<\/span> Mehr lesen \"<\/a><\/p>","protected":false},"featured_media":5420,"comment_status":"open","ping_status":"closed","template":"","meta":{"_uag_custom_page_level_css":"","site-sidebar-layout":"default","site-content-layout":"default","ast-global-header-display":"","ast-main-header-display":"","ast-hfb-above-header-display":"","ast-hfb-below-header-display":"","ast-hfb-mobile-header-display":"","site-post-title":"","ast-breadcrumbs-content":"","ast-featured-img":"","footer-sml-layout":"","theme-transparent-header-meta":"default","adv-header-id-meta":"","stick-header-meta":"default","header-above-stick-meta":"","header-main-stick-meta":"","header-below-stick-meta":"","_joinchat":[]},"product_brand":[],"product_cat":[607],"product_tag":[5200,5190,617,5182,5197,5194,5189,5187,5199,5181,5184,5192,5183,5193,5185,5195,5202,5203,5201,5198,5196,625,5188,5191,5186],"class_list":{"0":"post-3809","1":"product","2":"type-product","3":"status-publish","4":"has-post-thumbnail","6":"product_cat-marijuana-cannabis","7":"product_tag-best-cheap-price-rocky-mountain-blueberry-strain","8":"product_tag-best-place-to-buy-rocky-mountain-blueberry-strain","9":"product_tag-bulk-online","10":"product_tag-buy-rocky-mountain-blueberry-strain","11":"product_tag-cheap-rocky-mountain-blueberry-strain","12":"product_tag-high-quality-rocky-mountain-blueberry-strain","13":"product_tag-how-to-buy-rocky-mountain-blueberry-strain","14":"product_tag-order-rocky-mountain-blueberry-strain","15":"product_tag-purcharse-rocky-mountain-blueberry-strain","16":"product_tag-rocky-mountain-blueberry-strain","17":"product_tag-rocky-mountain-blueberry-strain-for-sale","18":"product_tag-rocky-mountain-blueberry-strain-legally","19":"product_tag-rocky-mountain-blueberry-strain-online","20":"product_tag-rocky-mountain-blueberry-strain-price","21":"product_tag-rocky-mountain-blueberry-strain-rocky-mountain-blueberry-strain-supplier","22":"product_tag-rocky-mountain-blueberry-strain-store","23":"product_tag-rocky-mountain-blueberry-strain-use","24":"product_tag-rocky-mountain-blueberry-strain-wiki","25":"product_tag-rocky-mountain-blueberry-strain-worldwide","26":"product_tag-rocky-mountain-blueberry-strains","27":"product_tag-shop-rocky-mountain-blueberry-strain","28":"product_tag-top-quality","29":"product_tag-where-to-buy-rocky-mountain-blueberry-strain","30":"product_tag-where-to-order-rocky-mountain-blueberry-strain","31":"product_tag-wholesale-rocky-mountain-blueberry-strain","32":"desktop-align-left","33":"tablet-align-left","34":"mobile-align-left","35":"ast-product-gallery-layout-horizontal","36":"ast-product-gallery-with-no-image","37":"ast-product-single-variable","38":"ast-product-tabs-layout-horizontal","39":"ast-qv-on-image","41":"first","42":"instock","43":"shipping-taxable","44":"purchasable","45":"product-type-variable"},"yoast_head":"<!-- This site is optimized with the Yoast SEO plugin v25.9 - https:\/\/yoast.com\/wordpress\/plugins\/seo\/ -->\n<title>Rocky Mountain Blueberry Strain for Sale @ Best Price Online<\/title>\n<meta name=\"description\" content=\"Find premium rocky mountain blueberry strain for sale at our online store, providing a secure platform to buy rocky mountain blueberry strain online with ease, catering to your research needs.\" \/>\n<meta name=\"robots\" content=\"index, follow, max-snippet:-1, max-image-preview:large, max-video-preview:-1\" \/>\n<link rel=\"canonical\" href=\"https:\/\/legitgrams.com\/de\/produkt\/rocky-mountain-heidelbeer-sorte\/\" \/>\n<meta property=\"og:locale\" content=\"de_DE\" \/>\n<meta property=\"og:type\" content=\"article\" \/>\n<meta property=\"og:title\" content=\"Rocky Mountain Blueberry Strain for Sale @ Best Price Online\" \/>\n<meta property=\"og:description\" content=\"Find premium rocky mountain blueberry strain for sale at our online store, providing a secure platform to buy rocky mountain blueberry strain online with ease, catering to your research needs.\" \/>\n<meta property=\"og:url\" content=\"https:\/\/legitgrams.com\/de\/produkt\/rocky-mountain-heidelbeer-sorte\/\" \/>\n<meta property=\"og:site_name\" content=\"Legit Grams\" \/>\n<meta property=\"article:modified_time\" content=\"2025-01-15T05:30:50+00:00\" \/>\n<meta property=\"og:image\" content=\"https:\/\/legitgrams.com\/wp-content\/uploads\/2024\/09\/Buy-Rocky-Mountain-Blueberry-Strain-Online.jpg\" \/>\n\t<meta property=\"og:image:width\" content=\"600\" \/>\n\t<meta property=\"og:image:height\" content=\"600\" \/>\n\t<meta property=\"og:image:type\" content=\"image\/jpeg\" \/>\n<meta name=\"twitter:card\" content=\"summary_large_image\" \/>\n<meta name=\"twitter:label1\" content=\"Gesch\u00e4tzte Lesezeit\" \/>\n\t<meta name=\"twitter:data1\" content=\"3\u00a0Minuten\" \/>\n<script type=\"application\/ld+json\" class=\"yoast-schema-graph\">{\"@context\":\"https:\/\/schema.org\",\"@graph\":[{\"@type\":\"WebPage\",\"@id\":\"https:\/\/legitgrams.com\/product\/rocky-mountain-blueberry-strain\/\",\"url\":\"https:\/\/legitgrams.com\/product\/rocky-mountain-blueberry-strain\/\",\"name\":\"Rocky Mountain Blueberry Strain for Sale @ Best Price Online\",\"isPartOf\":{\"@id\":\"https:\/\/legitgrams.com\/#website\"},\"primaryImageOfPage\":{\"@id\":\"https:\/\/legitgrams.com\/product\/rocky-mountain-blueberry-strain\/#primaryimage\"},\"image\":{\"@id\":\"https:\/\/legitgrams.com\/product\/rocky-mountain-blueberry-strain\/#primaryimage\"},\"thumbnailUrl\":\"https:\/\/legitgrams.com\/wp-content\/uploads\/2024\/09\/Buy-Rocky-Mountain-Blueberry-Strain-Online.jpg\",\"datePublished\":\"2024-09-20T05:34:15+00:00\",\"dateModified\":\"2025-01-15T05:30:50+00:00\",\"description\":\"Find premium rocky mountain blueberry strain for sale at our online store, providing a secure platform to buy rocky mountain blueberry strain online with ease, catering to your research needs.\",\"breadcrumb\":{\"@id\":\"https:\/\/legitgrams.com\/product\/rocky-mountain-blueberry-strain\/#breadcrumb\"},\"inLanguage\":\"de\",\"potentialAction\":[{\"@type\":\"ReadAction\",\"target\":[\"https:\/\/legitgrams.com\/product\/rocky-mountain-blueberry-strain\/\"]}]},{\"@type\":\"ImageObject\",\"inLanguage\":\"de\",\"@id\":\"https:\/\/legitgrams.com\/product\/rocky-mountain-blueberry-strain\/#primaryimage\",\"url\":\"https:\/\/legitgrams.com\/wp-content\/uploads\/2024\/09\/Buy-Rocky-Mountain-Blueberry-Strain-Online.jpg\",\"contentUrl\":\"https:\/\/legitgrams.com\/wp-content\/uploads\/2024\/09\/Buy-Rocky-Mountain-Blueberry-Strain-Online.jpg\",\"width\":600,\"height\":600,\"caption\":\"Rocky Mountain Blueberry Strain for Sale\"},{\"@type\":\"BreadcrumbList\",\"@id\":\"https:\/\/legitgrams.com\/product\/rocky-mountain-blueberry-strain\/#breadcrumb\",\"itemListElement\":[{\"@type\":\"ListItem\",\"position\":1,\"name\":\"Home\",\"item\":\"https:\/\/legitgrams.com\/\"},{\"@type\":\"ListItem\",\"position\":2,\"name\":\"Shop\",\"item\":\"https:\/\/legitgrams.com\/shop\/\"},{\"@type\":\"ListItem\",\"position\":3,\"name\":\"Rocky Mountain Blueberry Strain\"}]},{\"@type\":\"WebSite\",\"@id\":\"https:\/\/legitgrams.com\/#website\",\"url\":\"https:\/\/legitgrams.com\/\",\"name\":\"Legit Grams\",\"description\":\"My WordPress Blog\",\"publisher\":{\"@id\":\"https:\/\/legitgrams.com\/#organization\"},\"potentialAction\":[{\"@type\":\"SearchAction\",\"target\":{\"@type\":\"EntryPoint\",\"urlTemplate\":\"https:\/\/legitgrams.com\/?s={search_term_string}\"},\"query-input\":{\"@type\":\"PropertyValueSpecification\",\"valueRequired\":true,\"valueName\":\"search_term_string\"}}],\"inLanguage\":\"de\"},{\"@type\":\"Organization\",\"@id\":\"https:\/\/legitgrams.com\/#organization\",\"name\":\"Legit Grams\",\"url\":\"https:\/\/legitgrams.com\/\",\"logo\":{\"@type\":\"ImageObject\",\"inLanguage\":\"de\",\"@id\":\"https:\/\/legitgrams.com\/#\/schema\/logo\/image\/\",\"url\":\"https:\/\/legitgrams.com\/wp-content\/uploads\/2024\/09\/main-logo.png\",\"contentUrl\":\"https:\/\/legitgrams.com\/wp-content\/uploads\/2024\/09\/main-logo.png\",\"width\":270,\"height\":75,\"caption\":\"Legit Grams\"},\"image\":{\"@id\":\"https:\/\/legitgrams.com\/#\/schema\/logo\/image\/\"}}]}<\/script>\n<!-- \/ Yoast SEO plugin. -->","yoast_head_json":{"title":"Rocky Mountain Blueberry Strain zu verkaufen @ Best Price Online","description":"Finden Sie Premium rocky mountain blueberry Stamm zum Verkauf in unserem Online-Shop, die eine sichere Plattform zu kaufen rocky mountain blueberry Stamm online mit Leichtigkeit, Catering f\u00fcr Ihre Forschung braucht.","robots":{"index":"index","follow":"follow","max-snippet":"max-snippet:-1","max-image-preview":"max-image-preview:large","max-video-preview":"max-video-preview:-1"},"canonical":"https:\/\/legitgrams.com\/de\/produkt\/rocky-mountain-heidelbeer-sorte\/","og_locale":"de_DE","og_type":"article","og_title":"Rocky Mountain Blueberry Strain for Sale @ Best Price Online","og_description":"Find premium rocky mountain blueberry strain for sale at our online store, providing a secure platform to buy rocky mountain blueberry strain online with ease, catering to your research needs.","og_url":"https:\/\/legitgrams.com\/de\/produkt\/rocky-mountain-heidelbeer-sorte\/","og_site_name":"Legit Grams","article_modified_time":"2025-01-15T05:30:50+00:00","og_image":[{"width":600,"height":600,"url":"https:\/\/legitgrams.com\/wp-content\/uploads\/2024\/09\/Buy-Rocky-Mountain-Blueberry-Strain-Online.jpg","type":"image\/jpeg"}],"twitter_card":"summary_large_image","twitter_misc":{"Gesch\u00e4tzte Lesezeit":"3\u00a0Minuten"},"schema":{"@context":"https:\/\/schema.org","@graph":[{"@type":"WebPage","@id":"https:\/\/legitgrams.com\/product\/rocky-mountain-blueberry-strain\/","url":"https:\/\/legitgrams.com\/product\/rocky-mountain-blueberry-strain\/","name":"Rocky Mountain Blueberry Strain zu verkaufen @ Best Price Online","isPartOf":{"@id":"https:\/\/legitgrams.com\/#website"},"primaryImageOfPage":{"@id":"https:\/\/legitgrams.com\/product\/rocky-mountain-blueberry-strain\/#primaryimage"},"image":{"@id":"https:\/\/legitgrams.com\/product\/rocky-mountain-blueberry-strain\/#primaryimage"},"thumbnailUrl":"https:\/\/legitgrams.com\/wp-content\/uploads\/2024\/09\/Buy-Rocky-Mountain-Blueberry-Strain-Online.jpg","datePublished":"2024-09-20T05:34:15+00:00","dateModified":"2025-01-15T05:30:50+00:00","description":"Finden Sie Premium rocky mountain blueberry Stamm zum Verkauf in unserem Online-Shop, die eine sichere Plattform zu kaufen rocky mountain blueberry Stamm online mit Leichtigkeit, Catering f\u00fcr Ihre Forschung braucht.","breadcrumb":{"@id":"https:\/\/legitgrams.com\/product\/rocky-mountain-blueberry-strain\/#breadcrumb"},"inLanguage":"de","potentialAction":[{"@type":"ReadAction","target":["https:\/\/legitgrams.com\/product\/rocky-mountain-blueberry-strain\/"]}]},{"@type":"ImageObject","inLanguage":"de","@id":"https:\/\/legitgrams.com\/product\/rocky-mountain-blueberry-strain\/#primaryimage","url":"https:\/\/legitgrams.com\/wp-content\/uploads\/2024\/09\/Buy-Rocky-Mountain-Blueberry-Strain-Online.jpg","contentUrl":"https:\/\/legitgrams.com\/wp-content\/uploads\/2024\/09\/Buy-Rocky-Mountain-Blueberry-Strain-Online.jpg","width":600,"height":600,"caption":"Rocky Mountain Blueberry Strain for Sale"},{"@type":"BreadcrumbList","@id":"https:\/\/legitgrams.com\/product\/rocky-mountain-blueberry-strain\/#breadcrumb","itemListElement":[{"@type":"ListItem","position":1,"name":"Home","item":"https:\/\/legitgrams.com\/"},{"@type":"ListItem","position":2,"name":"Shop","item":"https:\/\/legitgrams.com\/shop\/"},{"@type":"ListItem","position":3,"name":"Rocky Mountain Blueberry Strain"}]},{"@type":"WebSite","@id":"https:\/\/legitgrams.com\/#website","url":"https:\/\/legitgrams.com\/","name":"Legitimer Grammwert","description":"Mein WordPress-Blog","publisher":{"@id":"https:\/\/legitgrams.com\/#organization"},"potentialAction":[{"@type":"SearchAction","target":{"@type":"EntryPoint","urlTemplate":"https:\/\/legitgrams.com\/?s={search_term_string}"},"query-input":{"@type":"PropertyValueSpecification","valueRequired":true,"valueName":"search_term_string"}}],"inLanguage":"de"},{"@type":"Organization","@id":"https:\/\/legitgrams.com\/#organization","name":"Legitimer Grammwert","url":"https:\/\/legitgrams.com\/","logo":{"@type":"ImageObject","inLanguage":"de","@id":"https:\/\/legitgrams.com\/#\/schema\/logo\/image\/","url":"https:\/\/legitgrams.com\/wp-content\/uploads\/2024\/09\/main-logo.png","contentUrl":"https:\/\/legitgrams.com\/wp-content\/uploads\/2024\/09\/main-logo.png","width":270,"height":75,"caption":"Legit Grams"},"image":{"@id":"https:\/\/legitgrams.com\/#\/schema\/logo\/image\/"}}]}},"uagb_featured_image_src":{"full":["https:\/\/legitgrams.com\/wp-content\/uploads\/2024\/09\/Buy-Rocky-Mountain-Blueberry-Strain-Online.jpg",600,600,false],"thumbnail":["https:\/\/legitgrams.com\/wp-content\/uploads\/2024\/09\/Buy-Rocky-Mountain-Blueberry-Strain-Online-150x150.jpg",150,150,true],"medium":["https:\/\/legitgrams.com\/wp-content\/uploads\/2024\/09\/Buy-Rocky-Mountain-Blueberry-Strain-Online-300x300.jpg",300,300,true],"medium_large":["https:\/\/legitgrams.com\/wp-content\/uploads\/2024\/09\/Buy-Rocky-Mountain-Blueberry-Strain-Online.jpg",600,600,false],"large":["https:\/\/legitgrams.com\/wp-content\/uploads\/2024\/09\/Buy-Rocky-Mountain-Blueberry-Strain-Online.jpg",600,600,false],"1536x1536":["https:\/\/legitgrams.com\/wp-content\/uploads\/2024\/09\/Buy-Rocky-Mountain-Blueberry-Strain-Online.jpg",600,600,false],"2048x2048":["https:\/\/legitgrams.com\/wp-content\/uploads\/2024\/09\/Buy-Rocky-Mountain-Blueberry-Strain-Online.jpg",600,600,false],"trp-custom-language-flag":["https:\/\/legitgrams.com\/wp-content\/uploads\/2024\/09\/Buy-Rocky-Mountain-Blueberry-Strain-Online-12x12.jpg",12,12,true],"woocommerce_thumbnail":["https:\/\/legitgrams.com\/wp-content\/uploads\/2024\/09\/Buy-Rocky-Mountain-Blueberry-Strain-Online-300x300.jpg",300,300,true],"woocommerce_single":["https:\/\/legitgrams.com\/wp-content\/uploads\/2024\/09\/Buy-Rocky-Mountain-Blueberry-Strain-Online.jpg",600,600,false],"woocommerce_gallery_thumbnail":["https:\/\/legitgrams.com\/wp-content\/uploads\/2024\/09\/Buy-Rocky-Mountain-Blueberry-Strain-Online-100x100.jpg",100,100,true]},"uagb_author_info":{"display_name":"cokeblog18","author_link":"https:\/\/legitgrams.com\/de\/author\/"},"uagb_comment_info":0,"uagb_excerpt":"Purchase Rocky Mountain Blueberry Strain Online A limited variety from The Farm in Colorado, Rocky Mountain Blueberry is well called for the area in which she was grown. Recognized for cultivating top-notch buds, the team there bred Blueberry and Shishkaberry to create an indica-dominant strain with balanced effects and remarkable flavors. Blueberries from Rocky Mountain&hellip;","_links":{"self":[{"href":"https:\/\/legitgrams.com\/de\/wp-json\/wp\/v2\/product\/3809","targetHints":{"allow":["GET"]}}],"collection":[{"href":"https:\/\/legitgrams.com\/de\/wp-json\/wp\/v2\/product"}],"about":[{"href":"https:\/\/legitgrams.com\/de\/wp-json\/wp\/v2\/types\/product"}],"replies":[{"embeddable":true,"href":"https:\/\/legitgrams.com\/de\/wp-json\/wp\/v2\/comments?post=3809"}],"wp:featuredmedia":[{"embeddable":true,"href":"https:\/\/legitgrams.com\/de\/wp-json\/wp\/v2\/media\/5420"}],"wp:attachment":[{"href":"https:\/\/legitgrams.com\/de\/wp-json\/wp\/v2\/media?parent=3809"}],"wp:term":[{"taxonomy":"product_brand","embeddable":true,"href":"https:\/\/legitgrams.com\/de\/wp-json\/wp\/v2\/product_brand?post=3809"},{"taxonomy":"product_cat","embeddable":true,"href":"https:\/\/legitgrams.com\/de\/wp-json\/wp\/v2\/product_cat?post=3809"},{"taxonomy":"product_tag","embeddable":true,"href":"https:\/\/legitgrams.com\/de\/wp-json\/wp\/v2\/product_tag?post=3809"}],"curies":[{"name":"wp","href":"https:\/\/api.w.org\/{rel}","templated":true}]}}