{"id":3810,"date":"2024-09-20T05:38:42","date_gmt":"2024-09-20T05:38:42","guid":{"rendered":"https:\/\/legitgrams.com\/?post_type=product&#038;p=3810"},"modified":"2025-01-15T05:34:55","modified_gmt":"2025-01-15T05:34:55","slug":"snoops-traum-marihuana-sorte","status":"publish","type":"product","link":"https:\/\/legitgrams.com\/de\/produkt\/snoops-traum-marihuana-sorte\/","title":{"rendered":"Snoops Dream Marihuana-Sorte"},"content":{"rendered":"<h2>die Marihuanasorte Snoops Dream online kaufen<\/h2>\n<p>Effekte: euphorisch, kreativ, energetisierend, schwindlig, freudig, beruhigend und erhebend; kann lindernd wirken<\/p>\n<p>Chronische Schmerzen, Depressionen, M\u00fcdigkeit, Kopfschmerzen, Schlaflosigkeit, PMS, PTSD, bipolare St\u00f6rung und Stressaromen<br \/>\nBlaubeere, Vanille, zuckrig, s\u00fc\u00df, buttrig, Kiefer und Beere<\/p>\n<p>Kaufen Sie <a href=\"https:\/\/legitgrams.com\/de\/produkt\/snoops-traum-marihuana-sorte\/\">Snoops Dream Cannabis<\/a> Strain Online - Kauf Marihuana St\u00e4mme, Kauf Snoops Dream Cannabis Strain, Kauf Traum Marihuana Strain online, Wo Snoops Dream Cannabis Strain zu kaufen, <a href=\"https:\/\/legitgrams.com\/de\/\">LegitGrams<\/a>Snoops Dream Marijuana Strain zu verkaufen, <a href=\"https:\/\/en.wikipedia.org\/wiki\/Snoop_Dogg\">Snoops<\/a> Marihuana Strain zu kaufen, wo man Snoops Dream Cannabis Strain online kaufen kann, Snoops Dream Marihuana Strain zu verkaufen in den Vereinigten Staaten, Kanada und dem Vereinigten K\u00f6nigreich, kaufen, online, Lieferanten, sichere Lieferung, Es ist immer noch m\u00f6glich, Snoops Dream Marihuana Strain zu erhalten. Sie k\u00f6nnen auch herausfinden, ob es in Kanada legal ist, wie man es bestellt, und ob es in den Vereinigten Staaten und online erh\u00e4ltlich ist.<\/p>","protected":false},"excerpt":{"rendered":"<p>Purchase Snoops Dream Marijuana Strain Online Effects: euphoric, creative, energizing, giddy, joyful, calming, and elevating; may relieve Chronic Pain, Depression, Fatigue, Headaches, Insomnia, PMS, PTSD, Bipolar Disorder, and Stress Flavors Blueberry, Vanilla, Sugary, Sweet, Buttery, Pine, and Berry Purchase Snoops Dream Cannabis Strain Online &#8211; purchase marijuana strains, purchase Snoops Dream Cannabis Strain, purchase Dream &hellip;<\/p>\n<p class=\"read-more\"> <a class=\"\" href=\"https:\/\/legitgrams.com\/de\/produkt\/snoops-traum-marihuana-sorte\/\"> <span class=\"screen-reader-text\">Snoops Dream Marihuana-Sorte<\/span> Mehr lesen \"<\/a><\/p>","protected":false},"featured_media":5421,"comment_status":"open","ping_status":"closed","template":"","meta":{"_uag_custom_page_level_css":"","site-sidebar-layout":"default","site-content-layout":"default","ast-global-header-display":"","ast-main-header-display":"","ast-hfb-above-header-display":"","ast-hfb-below-header-display":"","ast-hfb-mobile-header-display":"","site-post-title":"","ast-breadcrumbs-content":"","ast-featured-img":"","footer-sml-layout":"","theme-transparent-header-meta":"default","adv-header-id-meta":"","stick-header-meta":"default","header-above-stick-meta":"","header-main-stick-meta":"","header-below-stick-meta":"","_joinchat":[]},"product_brand":[],"product_cat":[607],"product_tag":[5177,5167,617,5159,5174,5171,5166,5164,5176,5173,5158,5161,5169,5160,5170,5162,5172,5179,5180,5178,5175,625,5165,5168,5163],"class_list":{"0":"post-3810","1":"product","2":"type-product","3":"status-publish","4":"has-post-thumbnail","6":"product_cat-marijuana-cannabis","7":"product_tag-best-cheap-price-snoops-dream-marijuana-strain","8":"product_tag-best-place-to-buy-snoops-dream-marijuana-strain","9":"product_tag-bulk-online","10":"product_tag-buy-snoops-dream-marijuana-strain","11":"product_tag-cheap-snoops-dream-marijuana-strain","12":"product_tag-high-quality-snoops-dream-marijuana-strain","13":"product_tag-how-to-buy-snoops-dream-marijuana-strain","14":"product_tag-order-snoops-dream-marijuana-strain","15":"product_tag-purcharse-snoops-dream-marijuana-strain","16":"product_tag-shop-snoops-dream-marijuana-strain","17":"product_tag-snoops-dream-marijuana-strain","18":"product_tag-snoops-dream-marijuana-strain-for-sale","19":"product_tag-snoops-dream-marijuana-strain-legally","20":"product_tag-snoops-dream-marijuana-strain-online","21":"product_tag-snoops-dream-marijuana-strain-price","22":"product_tag-snoops-dream-marijuana-strain-snoops-dream-marijuana-strain-supplier","23":"product_tag-snoops-dream-marijuana-strain-store","24":"product_tag-snoops-dream-marijuana-strain-use","25":"product_tag-snoops-dream-marijuana-strain-wiki","26":"product_tag-snoops-dream-marijuana-strain-worldwide","27":"product_tag-snoops-dream-marijuana-strains","28":"product_tag-top-quality","29":"product_tag-where-to-buy-snoops-dream-marijuana-strain","30":"product_tag-where-to-order-snoops-dream-marijuana-strain","31":"product_tag-wholesale-snoops-dream-marijuana-strain","32":"desktop-align-left","33":"tablet-align-left","34":"mobile-align-left","35":"ast-product-gallery-layout-horizontal","36":"ast-product-gallery-with-no-image","37":"ast-product-single-variable","38":"ast-product-tabs-layout-horizontal","39":"ast-qv-on-image","41":"first","42":"instock","43":"shipping-taxable","44":"purchasable","45":"product-type-variable"},"yoast_head":"<!-- This site is optimized with the Yoast SEO plugin v25.9 - https:\/\/yoast.com\/wordpress\/plugins\/seo\/ -->\n<title>Buy Snoops Dream Marijuana Strain Online @ Best Price<\/title>\n<meta name=\"description\" content=\"Looking to further your research? Buy snoops dream marijuana strain conveniently and securely online, with a straightforward ordering process for snoops dream marijuana strain for sale. Fast and Discreet Shipping!\" \/>\n<meta name=\"robots\" content=\"index, follow, max-snippet:-1, max-image-preview:large, max-video-preview:-1\" \/>\n<link rel=\"canonical\" href=\"https:\/\/legitgrams.com\/de\/produkt\/snoops-traum-marihuana-sorte\/\" \/>\n<meta property=\"og:locale\" content=\"de_DE\" \/>\n<meta property=\"og:type\" content=\"article\" \/>\n<meta property=\"og:title\" content=\"Buy Snoops Dream Marijuana Strain Online @ Best Price\" \/>\n<meta property=\"og:description\" content=\"Looking to further your research? Buy snoops dream marijuana strain conveniently and securely online, with a straightforward ordering process for snoops dream marijuana strain for sale. Fast and Discreet Shipping!\" \/>\n<meta property=\"og:url\" content=\"https:\/\/legitgrams.com\/de\/produkt\/snoops-traum-marihuana-sorte\/\" \/>\n<meta property=\"og:site_name\" content=\"Legit Grams\" \/>\n<meta property=\"article:modified_time\" content=\"2025-01-15T05:34:55+00:00\" \/>\n<meta property=\"og:image\" content=\"https:\/\/legitgrams.com\/wp-content\/uploads\/2024\/09\/Buy-Snoops-Dream-Marijuana-Strain-Online.jpg\" \/>\n\t<meta property=\"og:image:width\" content=\"600\" \/>\n\t<meta property=\"og:image:height\" content=\"600\" \/>\n\t<meta property=\"og:image:type\" content=\"image\/jpeg\" \/>\n<meta name=\"twitter:card\" content=\"summary_large_image\" \/>\n<meta name=\"twitter:label1\" content=\"Gesch\u00e4tzte Lesezeit\" \/>\n\t<meta name=\"twitter:data1\" content=\"1\u00a0Minute\" \/>\n<script type=\"application\/ld+json\" class=\"yoast-schema-graph\">{\"@context\":\"https:\/\/schema.org\",\"@graph\":[{\"@type\":\"WebPage\",\"@id\":\"https:\/\/legitgrams.com\/product\/snoops-dream-marijuana-strain\/\",\"url\":\"https:\/\/legitgrams.com\/product\/snoops-dream-marijuana-strain\/\",\"name\":\"Buy Snoops Dream Marijuana Strain Online @ Best Price\",\"isPartOf\":{\"@id\":\"https:\/\/legitgrams.com\/#website\"},\"primaryImageOfPage\":{\"@id\":\"https:\/\/legitgrams.com\/product\/snoops-dream-marijuana-strain\/#primaryimage\"},\"image\":{\"@id\":\"https:\/\/legitgrams.com\/product\/snoops-dream-marijuana-strain\/#primaryimage\"},\"thumbnailUrl\":\"https:\/\/legitgrams.com\/wp-content\/uploads\/2024\/09\/Buy-Snoops-Dream-Marijuana-Strain-Online.jpg\",\"datePublished\":\"2024-09-20T05:38:42+00:00\",\"dateModified\":\"2025-01-15T05:34:55+00:00\",\"description\":\"Looking to further your research? Buy snoops dream marijuana strain conveniently and securely online, with a straightforward ordering process for snoops dream marijuana strain for sale. Fast and Discreet Shipping!\",\"breadcrumb\":{\"@id\":\"https:\/\/legitgrams.com\/product\/snoops-dream-marijuana-strain\/#breadcrumb\"},\"inLanguage\":\"de\",\"potentialAction\":[{\"@type\":\"ReadAction\",\"target\":[\"https:\/\/legitgrams.com\/product\/snoops-dream-marijuana-strain\/\"]}]},{\"@type\":\"ImageObject\",\"inLanguage\":\"de\",\"@id\":\"https:\/\/legitgrams.com\/product\/snoops-dream-marijuana-strain\/#primaryimage\",\"url\":\"https:\/\/legitgrams.com\/wp-content\/uploads\/2024\/09\/Buy-Snoops-Dream-Marijuana-Strain-Online.jpg\",\"contentUrl\":\"https:\/\/legitgrams.com\/wp-content\/uploads\/2024\/09\/Buy-Snoops-Dream-Marijuana-Strain-Online.jpg\",\"width\":600,\"height\":600,\"caption\":\"Snoops Dream Marijuana Strain for Sale\"},{\"@type\":\"BreadcrumbList\",\"@id\":\"https:\/\/legitgrams.com\/product\/snoops-dream-marijuana-strain\/#breadcrumb\",\"itemListElement\":[{\"@type\":\"ListItem\",\"position\":1,\"name\":\"Home\",\"item\":\"https:\/\/legitgrams.com\/\"},{\"@type\":\"ListItem\",\"position\":2,\"name\":\"Shop\",\"item\":\"https:\/\/legitgrams.com\/shop\/\"},{\"@type\":\"ListItem\",\"position\":3,\"name\":\"Snoops Dream Marijuana Strain\"}]},{\"@type\":\"WebSite\",\"@id\":\"https:\/\/legitgrams.com\/#website\",\"url\":\"https:\/\/legitgrams.com\/\",\"name\":\"Legit Grams\",\"description\":\"My WordPress Blog\",\"publisher\":{\"@id\":\"https:\/\/legitgrams.com\/#organization\"},\"potentialAction\":[{\"@type\":\"SearchAction\",\"target\":{\"@type\":\"EntryPoint\",\"urlTemplate\":\"https:\/\/legitgrams.com\/?s={search_term_string}\"},\"query-input\":{\"@type\":\"PropertyValueSpecification\",\"valueRequired\":true,\"valueName\":\"search_term_string\"}}],\"inLanguage\":\"de\"},{\"@type\":\"Organization\",\"@id\":\"https:\/\/legitgrams.com\/#organization\",\"name\":\"Legit Grams\",\"url\":\"https:\/\/legitgrams.com\/\",\"logo\":{\"@type\":\"ImageObject\",\"inLanguage\":\"de\",\"@id\":\"https:\/\/legitgrams.com\/#\/schema\/logo\/image\/\",\"url\":\"https:\/\/legitgrams.com\/wp-content\/uploads\/2024\/09\/main-logo.png\",\"contentUrl\":\"https:\/\/legitgrams.com\/wp-content\/uploads\/2024\/09\/main-logo.png\",\"width\":270,\"height\":75,\"caption\":\"Legit Grams\"},\"image\":{\"@id\":\"https:\/\/legitgrams.com\/#\/schema\/logo\/image\/\"}}]}<\/script>\n<!-- \/ Yoast SEO plugin. -->","yoast_head_json":{"title":"die Marihuanasorte Snoops Dream online kaufen zum besten Preis","description":"M\u00f6chten Sie Ihre Forschung vorantreiben? Kaufen Sie Snoops Dream Marihuana Sorte bequem und sicher online, mit einem unkomplizierten Bestellvorgang f\u00fcr Snoops Dream Marihuana Sorte zum Verkauf. Schneller und diskreter Versand!","robots":{"index":"index","follow":"follow","max-snippet":"max-snippet:-1","max-image-preview":"max-image-preview:large","max-video-preview":"max-video-preview:-1"},"canonical":"https:\/\/legitgrams.com\/de\/produkt\/snoops-traum-marihuana-sorte\/","og_locale":"de_DE","og_type":"article","og_title":"Buy Snoops Dream Marijuana Strain Online @ Best Price","og_description":"Looking to further your research? Buy snoops dream marijuana strain conveniently and securely online, with a straightforward ordering process for snoops dream marijuana strain for sale. Fast and Discreet Shipping!","og_url":"https:\/\/legitgrams.com\/de\/produkt\/snoops-traum-marihuana-sorte\/","og_site_name":"Legit Grams","article_modified_time":"2025-01-15T05:34:55+00:00","og_image":[{"width":600,"height":600,"url":"https:\/\/legitgrams.com\/wp-content\/uploads\/2024\/09\/Buy-Snoops-Dream-Marijuana-Strain-Online.jpg","type":"image\/jpeg"}],"twitter_card":"summary_large_image","twitter_misc":{"Gesch\u00e4tzte Lesezeit":"1\u00a0Minute"},"schema":{"@context":"https:\/\/schema.org","@graph":[{"@type":"WebPage","@id":"https:\/\/legitgrams.com\/product\/snoops-dream-marijuana-strain\/","url":"https:\/\/legitgrams.com\/product\/snoops-dream-marijuana-strain\/","name":"die Marihuanasorte Snoops Dream online kaufen zum besten Preis","isPartOf":{"@id":"https:\/\/legitgrams.com\/#website"},"primaryImageOfPage":{"@id":"https:\/\/legitgrams.com\/product\/snoops-dream-marijuana-strain\/#primaryimage"},"image":{"@id":"https:\/\/legitgrams.com\/product\/snoops-dream-marijuana-strain\/#primaryimage"},"thumbnailUrl":"https:\/\/legitgrams.com\/wp-content\/uploads\/2024\/09\/Buy-Snoops-Dream-Marijuana-Strain-Online.jpg","datePublished":"2024-09-20T05:38:42+00:00","dateModified":"2025-01-15T05:34:55+00:00","description":"M\u00f6chten Sie Ihre Forschung vorantreiben? Kaufen Sie Snoops Dream Marihuana Sorte bequem und sicher online, mit einem unkomplizierten Bestellvorgang f\u00fcr Snoops Dream Marihuana Sorte zum Verkauf. Schneller und diskreter Versand!","breadcrumb":{"@id":"https:\/\/legitgrams.com\/product\/snoops-dream-marijuana-strain\/#breadcrumb"},"inLanguage":"de","potentialAction":[{"@type":"ReadAction","target":["https:\/\/legitgrams.com\/product\/snoops-dream-marijuana-strain\/"]}]},{"@type":"ImageObject","inLanguage":"de","@id":"https:\/\/legitgrams.com\/product\/snoops-dream-marijuana-strain\/#primaryimage","url":"https:\/\/legitgrams.com\/wp-content\/uploads\/2024\/09\/Buy-Snoops-Dream-Marijuana-Strain-Online.jpg","contentUrl":"https:\/\/legitgrams.com\/wp-content\/uploads\/2024\/09\/Buy-Snoops-Dream-Marijuana-Strain-Online.jpg","width":600,"height":600,"caption":"Snoops Dream Marijuana Strain for Sale"},{"@type":"BreadcrumbList","@id":"https:\/\/legitgrams.com\/product\/snoops-dream-marijuana-strain\/#breadcrumb","itemListElement":[{"@type":"ListItem","position":1,"name":"Home","item":"https:\/\/legitgrams.com\/"},{"@type":"ListItem","position":2,"name":"Shop","item":"https:\/\/legitgrams.com\/shop\/"},{"@type":"ListItem","position":3,"name":"Snoops Dream Marijuana Strain"}]},{"@type":"WebSite","@id":"https:\/\/legitgrams.com\/#website","url":"https:\/\/legitgrams.com\/","name":"Legitimer Grammwert","description":"Mein WordPress-Blog","publisher":{"@id":"https:\/\/legitgrams.com\/#organization"},"potentialAction":[{"@type":"SearchAction","target":{"@type":"EntryPoint","urlTemplate":"https:\/\/legitgrams.com\/?s={search_term_string}"},"query-input":{"@type":"PropertyValueSpecification","valueRequired":true,"valueName":"search_term_string"}}],"inLanguage":"de"},{"@type":"Organization","@id":"https:\/\/legitgrams.com\/#organization","name":"Legitimer Grammwert","url":"https:\/\/legitgrams.com\/","logo":{"@type":"ImageObject","inLanguage":"de","@id":"https:\/\/legitgrams.com\/#\/schema\/logo\/image\/","url":"https:\/\/legitgrams.com\/wp-content\/uploads\/2024\/09\/main-logo.png","contentUrl":"https:\/\/legitgrams.com\/wp-content\/uploads\/2024\/09\/main-logo.png","width":270,"height":75,"caption":"Legit Grams"},"image":{"@id":"https:\/\/legitgrams.com\/#\/schema\/logo\/image\/"}}]}},"uagb_featured_image_src":{"full":["https:\/\/legitgrams.com\/wp-content\/uploads\/2024\/09\/Buy-Snoops-Dream-Marijuana-Strain-Online.jpg",600,600,false],"thumbnail":["https:\/\/legitgrams.com\/wp-content\/uploads\/2024\/09\/Buy-Snoops-Dream-Marijuana-Strain-Online-150x150.jpg",150,150,true],"medium":["https:\/\/legitgrams.com\/wp-content\/uploads\/2024\/09\/Buy-Snoops-Dream-Marijuana-Strain-Online-300x300.jpg",300,300,true],"medium_large":["https:\/\/legitgrams.com\/wp-content\/uploads\/2024\/09\/Buy-Snoops-Dream-Marijuana-Strain-Online.jpg",600,600,false],"large":["https:\/\/legitgrams.com\/wp-content\/uploads\/2024\/09\/Buy-Snoops-Dream-Marijuana-Strain-Online.jpg",600,600,false],"1536x1536":["https:\/\/legitgrams.com\/wp-content\/uploads\/2024\/09\/Buy-Snoops-Dream-Marijuana-Strain-Online.jpg",600,600,false],"2048x2048":["https:\/\/legitgrams.com\/wp-content\/uploads\/2024\/09\/Buy-Snoops-Dream-Marijuana-Strain-Online.jpg",600,600,false],"trp-custom-language-flag":["https:\/\/legitgrams.com\/wp-content\/uploads\/2024\/09\/Buy-Snoops-Dream-Marijuana-Strain-Online-12x12.jpg",12,12,true],"woocommerce_thumbnail":["https:\/\/legitgrams.com\/wp-content\/uploads\/2024\/09\/Buy-Snoops-Dream-Marijuana-Strain-Online-300x300.jpg",300,300,true],"woocommerce_single":["https:\/\/legitgrams.com\/wp-content\/uploads\/2024\/09\/Buy-Snoops-Dream-Marijuana-Strain-Online.jpg",600,600,false],"woocommerce_gallery_thumbnail":["https:\/\/legitgrams.com\/wp-content\/uploads\/2024\/09\/Buy-Snoops-Dream-Marijuana-Strain-Online-100x100.jpg",100,100,true]},"uagb_author_info":{"display_name":"cokeblog18","author_link":"https:\/\/legitgrams.com\/de\/author\/"},"uagb_comment_info":0,"uagb_excerpt":"Purchase Snoops Dream Marijuana Strain Online Effects: euphoric, creative, energizing, giddy, joyful, calming, and elevating; may relieve Chronic Pain, Depression, Fatigue, Headaches, Insomnia, PMS, PTSD, Bipolar Disorder, and Stress Flavors Blueberry, Vanilla, Sugary, Sweet, Buttery, Pine, and Berry Purchase Snoops Dream Cannabis Strain Online &#8211; purchase marijuana strains, purchase Snoops Dream Cannabis Strain, purchase Dream&hellip;","_links":{"self":[{"href":"https:\/\/legitgrams.com\/de\/wp-json\/wp\/v2\/product\/3810","targetHints":{"allow":["GET"]}}],"collection":[{"href":"https:\/\/legitgrams.com\/de\/wp-json\/wp\/v2\/product"}],"about":[{"href":"https:\/\/legitgrams.com\/de\/wp-json\/wp\/v2\/types\/product"}],"replies":[{"embeddable":true,"href":"https:\/\/legitgrams.com\/de\/wp-json\/wp\/v2\/comments?post=3810"}],"wp:featuredmedia":[{"embeddable":true,"href":"https:\/\/legitgrams.com\/de\/wp-json\/wp\/v2\/media\/5421"}],"wp:attachment":[{"href":"https:\/\/legitgrams.com\/de\/wp-json\/wp\/v2\/media?parent=3810"}],"wp:term":[{"taxonomy":"product_brand","embeddable":true,"href":"https:\/\/legitgrams.com\/de\/wp-json\/wp\/v2\/product_brand?post=3810"},{"taxonomy":"product_cat","embeddable":true,"href":"https:\/\/legitgrams.com\/de\/wp-json\/wp\/v2\/product_cat?post=3810"},{"taxonomy":"product_tag","embeddable":true,"href":"https:\/\/legitgrams.com\/de\/wp-json\/wp\/v2\/product_tag?post=3810"}],"curies":[{"name":"wp","href":"https:\/\/api.w.org\/{rel}","templated":true}]}}