{"id":3822,"date":"2024-09-20T06:17:02","date_gmt":"2024-09-20T06:17:02","guid":{"rendered":"https:\/\/legitgrams.com\/?post_type=product&#038;p=3822"},"modified":"2025-01-14T10:08:06","modified_gmt":"2025-01-14T10:08:06","slug":"mutter-der-drachen-marihuana","status":"publish","type":"product","link":"https:\/\/legitgrams.com\/de\/produkt\/mutter-der-drachen-marihuana\/","title":{"rendered":"Mutter der Drachen Marihuana"},"content":{"rendered":"<h2>Kaufen Mother of Dragons Cannabis online mit Rabatt<\/h2>\n<p>Die Urspr\u00fcnge von <a href=\"https:\/\/legitgrams.com\/de\/produkt\/mutter-der-drachen-marihuana\/\">Mutter der Drachen<\/a>, ein \u00e4u\u00dferst ungew\u00f6hnlicher und ausgewogener Hybrid (50 % Indica \/ 50 % Sativa), sind aufgrund der \u00fcberm\u00e4\u00dfigen Geheimhaltung und des allgemeinen Informationsmangels der Z\u00fcchter unbekannt. Tegridy Farms Cannabis freut sich, dieses Cannabisprodukt vorstellen zu k\u00f6nnen. Dieser schwer zu findende Pickel, der nach der beliebten Game of Thrones-Figur Daenerys Targaryen benannt ist, hat einen starken, auf der Zunge brennenden Geschmack. Mit einem starken, scharfen, weichen Skunk-Ton ist das Aroma ein Geschenk des Himmels, und das R\u00f6sten der N\u00fcsse erzeugt einen super aromatischen Kr\u00e4utereffekt. Das High von Mother of Dragons h\u00e4lt Sie mit nur wenigen Z\u00fcgen stundenlang wach und Ihren Geist aktiv. <a href=\"https:\/\/legitgrams.com\/de\/\">LegitGrams<\/a><\/p>\n<p>Der erste Schritt ist eine Gehirnwirkung, die Ihren geistigen Zustand in einen Zustand v\u00f6lliger Zufriedenheit versetzt. Ihr K\u00f6rper ger\u00e4t in einen leichten Entspannungszustand, der bei manchen Menschen dazu f\u00fchren kann, dass sie sich m\u00fchelos auf die Couch fallen lassen, w\u00e4hrend ihr Geist und ihre Seele durch die Wolken schweben. Wenn Sie anf\u00e4llig f\u00fcr diese Krankheit sind, sollten Sie sich von ihr fernhalten, da sie bei manchen Menschen zu Problemen f\u00fchren kann. Diese Vorteile und die hohe durchschnittliche THC-Konzentration von Mother of Dragons (23-28%) machen sie zu einer guten Wahl f\u00fcr alle, die mit Depressionen, chronischen Schmerzen, Angstzust\u00e4nden oder Stimmungsschwankungen zu k\u00e4mpfen haben. Waldgr\u00fcne Traubensprossen mit flauschigen bernsteinfarbenen Haaren und schimmernden bernsteinfarbenen Kristalltrichomen zieren diese Knospen.<\/p>\n<p>Kaufen Sie <a href=\"https:\/\/en.wikipedia.org\/wiki\/Mama_Dragons\">Mutter der Drachen<\/a> Cannabis G\u00fcnstig Online - Kauf Dragons Cannabis, Kauf Mother of Dragons Cannabis G\u00fcnstig, Kauf Dragons Cannabis G\u00fcnstig Online Wo kann man Mother of Dragons Marihuana Online kaufen, Wo kann man Mother of Dragons Marihuana Online kaufen, Mother of Dragons G\u00fcnstig zum Verkauf in den USA, Kanada, und dem Vereinigten K\u00f6nigreich, Kaufen, Online, Lieferanten, Sichere Lieferung, Mother of Dragons Marihuana G\u00fcnstig zum Verkauf, Dragons Marihuana G\u00fcnstig zum Verkauf, kaufen Mother of Dragons Marihuana Online, Mother of Dragons Marihuana G\u00fcnstig ist noch verf\u00fcgbar. Kann ich Mother of Dragons Marihuana g\u00fcnstig online in den Vereinigten Staaten erwerben? Ist Mother of Dragons Marihuana billig in den Vereinigten Staaten? Ist billiges Cannabis von Mother of Dragons in Kanada legal?<\/p>","protected":false},"excerpt":{"rendered":"<p>Purchase Mother of Dragons Cannabis Online at a Discount The origins of Mother of Dragons, an extremely unusual and balanced hybrid (50% indica \/ 50% sativa), are unknown due to breeders&#8217; excessive secrecy and general lack of information. Tegridy Farms Cannabis is glad to introduce this cannabis product. This hard-to-find zit, which is named for &hellip;<\/p>\n<p class=\"read-more\"> <a class=\"\" href=\"https:\/\/legitgrams.com\/de\/produkt\/mutter-der-drachen-marihuana\/\"> <span class=\"screen-reader-text\">Mutter der Drachen Marihuana<\/span> Mehr lesen \"<\/a><\/p>","protected":false},"featured_media":5414,"comment_status":"open","ping_status":"closed","template":"","meta":{"_uag_custom_page_level_css":"","site-sidebar-layout":"default","site-content-layout":"default","ast-global-header-display":"","ast-main-header-display":"","ast-hfb-above-header-display":"","ast-hfb-below-header-display":"","ast-hfb-mobile-header-display":"","site-post-title":"","ast-breadcrumbs-content":"","ast-featured-img":"","footer-sml-layout":"","theme-transparent-header-meta":"default","adv-header-id-meta":"","stick-header-meta":"default","header-above-stick-meta":"","header-main-stick-meta":"","header-below-stick-meta":"","_joinchat":[]},"product_brand":[],"product_cat":[607],"product_tag":[4970,4960,617,4952,4967,4964,4959,4951,4954,4962,4955,4953,4963,4965,4972,4973,4971,4968,4957,4969,4966,625,4958,4961,4956],"class_list":{"0":"post-3822","1":"product","2":"type-product","3":"status-publish","4":"has-post-thumbnail","6":"product_cat-marijuana-cannabis","7":"product_tag-best-cheap-price-mother-of-dragons-marijuana","8":"product_tag-best-place-to-buy-mother-of-dragons-marijuana","9":"product_tag-bulk-online","10":"product_tag-buy-mother-of-dragons-marijuana","11":"product_tag-cheap-mother-of-dragons-marijuana","12":"product_tag-high-quality-mother-of-dragons-marijuana","13":"product_tag-how-to-buy-mother-of-dragons-marijuana","14":"product_tag-mother-of-dragons-marijuana","15":"product_tag-mother-of-dragons-marijuana-for-sale","16":"product_tag-mother-of-dragons-marijuana-legally","17":"product_tag-mother-of-dragons-marijuana-mother-of-dragons-marijuana-supplier","18":"product_tag-mother-of-dragons-marijuana-online","19":"product_tag-mother-of-dragons-marijuana-price","20":"product_tag-mother-of-dragons-marijuana-store","21":"product_tag-mother-of-dragons-marijuana-use","22":"product_tag-mother-of-dragons-marijuana-wiki","23":"product_tag-mother-of-dragons-marijuana-worldwide","24":"product_tag-mother-of-dragons-marijuanas","25":"product_tag-order-mother-of-dragons-marijuana","26":"product_tag-purcharse-mother-of-dragons-marijuana","27":"product_tag-shop-mother-of-dragons-marijuana","28":"product_tag-top-quality","29":"product_tag-where-to-buy-mother-of-dragons-marijuana","30":"product_tag-where-to-order-mother-of-dragons-marijuana","31":"product_tag-wholesale-mother-of-dragons-marijuana","32":"desktop-align-left","33":"tablet-align-left","34":"mobile-align-left","35":"ast-product-gallery-layout-horizontal","36":"ast-product-gallery-with-no-image","37":"ast-product-single-variable","38":"ast-product-tabs-layout-horizontal","39":"ast-qv-on-image","41":"first","42":"instock","43":"shipping-taxable","44":"purchasable","45":"product-type-variable"},"yoast_head":"<!-- This site is optimized with the Yoast SEO plugin v25.9 - https:\/\/yoast.com\/wordpress\/plugins\/seo\/ -->\n<title>Mother of Dragons Marijuana for Sale @ Best Price | LegitGrams<\/title>\n<meta name=\"description\" content=\"If you want to buy Mother of Dragons Marijuana online and looking for a reliable online store, then buy here. We offer only high-quality Mother of Dragons Marijuana for sale at an affordable price. Order Mother of Dragons Marijuana Now!\" \/>\n<meta name=\"robots\" content=\"index, follow, max-snippet:-1, max-image-preview:large, max-video-preview:-1\" \/>\n<link rel=\"canonical\" href=\"https:\/\/legitgrams.com\/de\/produkt\/mutter-der-drachen-marihuana\/\" \/>\n<meta property=\"og:locale\" content=\"de_DE\" \/>\n<meta property=\"og:type\" content=\"article\" \/>\n<meta property=\"og:title\" content=\"Mother of Dragons Marijuana for Sale @ Best Price | LegitGrams\" \/>\n<meta property=\"og:description\" content=\"If you want to buy Mother of Dragons Marijuana online and looking for a reliable online store, then buy here. We offer only high-quality Mother of Dragons Marijuana for sale at an affordable price. Order Mother of Dragons Marijuana Now!\" \/>\n<meta property=\"og:url\" content=\"https:\/\/legitgrams.com\/de\/produkt\/mutter-der-drachen-marihuana\/\" \/>\n<meta property=\"og:site_name\" content=\"Legit Grams\" \/>\n<meta property=\"article:modified_time\" content=\"2025-01-14T10:08:06+00:00\" \/>\n<meta property=\"og:image\" content=\"https:\/\/legitgrams.com\/wp-content\/uploads\/2024\/09\/Buy-Mother-of-Dragons-Marijuana-Cheap-Online.jpg\" \/>\n\t<meta property=\"og:image:width\" content=\"600\" \/>\n\t<meta property=\"og:image:height\" content=\"600\" \/>\n\t<meta property=\"og:image:type\" content=\"image\/jpeg\" \/>\n<meta name=\"twitter:card\" content=\"summary_large_image\" \/>\n<meta name=\"twitter:label1\" content=\"Gesch\u00e4tzte Lesezeit\" \/>\n\t<meta name=\"twitter:data1\" content=\"2\u00a0Minuten\" \/>\n<script type=\"application\/ld+json\" class=\"yoast-schema-graph\">{\"@context\":\"https:\/\/schema.org\",\"@graph\":[{\"@type\":\"WebPage\",\"@id\":\"https:\/\/legitgrams.com\/product\/mother-of-dragons-marijuana\/\",\"url\":\"https:\/\/legitgrams.com\/product\/mother-of-dragons-marijuana\/\",\"name\":\"Mother of Dragons Marijuana for Sale @ Best Price | LegitGrams\",\"isPartOf\":{\"@id\":\"https:\/\/legitgrams.com\/#website\"},\"primaryImageOfPage\":{\"@id\":\"https:\/\/legitgrams.com\/product\/mother-of-dragons-marijuana\/#primaryimage\"},\"image\":{\"@id\":\"https:\/\/legitgrams.com\/product\/mother-of-dragons-marijuana\/#primaryimage\"},\"thumbnailUrl\":\"https:\/\/legitgrams.com\/wp-content\/uploads\/2024\/09\/Buy-Mother-of-Dragons-Marijuana-Cheap-Online.jpg\",\"datePublished\":\"2024-09-20T06:17:02+00:00\",\"dateModified\":\"2025-01-14T10:08:06+00:00\",\"description\":\"If you want to buy Mother of Dragons Marijuana online and looking for a reliable online store, then buy here. We offer only high-quality Mother of Dragons Marijuana for sale at an affordable price. Order Mother of Dragons Marijuana Now!\",\"breadcrumb\":{\"@id\":\"https:\/\/legitgrams.com\/product\/mother-of-dragons-marijuana\/#breadcrumb\"},\"inLanguage\":\"de\",\"potentialAction\":[{\"@type\":\"ReadAction\",\"target\":[\"https:\/\/legitgrams.com\/product\/mother-of-dragons-marijuana\/\"]}]},{\"@type\":\"ImageObject\",\"inLanguage\":\"de\",\"@id\":\"https:\/\/legitgrams.com\/product\/mother-of-dragons-marijuana\/#primaryimage\",\"url\":\"https:\/\/legitgrams.com\/wp-content\/uploads\/2024\/09\/Buy-Mother-of-Dragons-Marijuana-Cheap-Online.jpg\",\"contentUrl\":\"https:\/\/legitgrams.com\/wp-content\/uploads\/2024\/09\/Buy-Mother-of-Dragons-Marijuana-Cheap-Online.jpg\",\"width\":600,\"height\":600,\"caption\":\"Mother of Dragons Marijuana for Sale\"},{\"@type\":\"BreadcrumbList\",\"@id\":\"https:\/\/legitgrams.com\/product\/mother-of-dragons-marijuana\/#breadcrumb\",\"itemListElement\":[{\"@type\":\"ListItem\",\"position\":1,\"name\":\"Home\",\"item\":\"https:\/\/legitgrams.com\/\"},{\"@type\":\"ListItem\",\"position\":2,\"name\":\"Shop\",\"item\":\"https:\/\/legitgrams.com\/shop\/\"},{\"@type\":\"ListItem\",\"position\":3,\"name\":\"Mother of Dragons Marijuana\"}]},{\"@type\":\"WebSite\",\"@id\":\"https:\/\/legitgrams.com\/#website\",\"url\":\"https:\/\/legitgrams.com\/\",\"name\":\"Legit Grams\",\"description\":\"My WordPress Blog\",\"publisher\":{\"@id\":\"https:\/\/legitgrams.com\/#organization\"},\"potentialAction\":[{\"@type\":\"SearchAction\",\"target\":{\"@type\":\"EntryPoint\",\"urlTemplate\":\"https:\/\/legitgrams.com\/?s={search_term_string}\"},\"query-input\":{\"@type\":\"PropertyValueSpecification\",\"valueRequired\":true,\"valueName\":\"search_term_string\"}}],\"inLanguage\":\"de\"},{\"@type\":\"Organization\",\"@id\":\"https:\/\/legitgrams.com\/#organization\",\"name\":\"Legit Grams\",\"url\":\"https:\/\/legitgrams.com\/\",\"logo\":{\"@type\":\"ImageObject\",\"inLanguage\":\"de\",\"@id\":\"https:\/\/legitgrams.com\/#\/schema\/logo\/image\/\",\"url\":\"https:\/\/legitgrams.com\/wp-content\/uploads\/2024\/09\/main-logo.png\",\"contentUrl\":\"https:\/\/legitgrams.com\/wp-content\/uploads\/2024\/09\/main-logo.png\",\"width\":270,\"height\":75,\"caption\":\"Legit Grams\"},\"image\":{\"@id\":\"https:\/\/legitgrams.com\/#\/schema\/logo\/image\/\"}}]}<\/script>\n<!-- \/ Yoast SEO plugin. -->","yoast_head_json":{"title":"Mother of Dragons Marihuana zu verkaufen zum besten Preis | LegitGrams","description":"Wenn Sie Mother of Dragons Marihuana online kaufen m\u00f6chten und nach einem zuverl\u00e4ssigen Online Shop suchen, dann kaufen Sie hier. Wir bieten nur qualitativ hochwertiges Mother of Dragons Marihuana zum Verkauf zu einem erschwinglichen Preis. Bestellen Sie Mother of Dragons Marihuana jetzt!","robots":{"index":"index","follow":"follow","max-snippet":"max-snippet:-1","max-image-preview":"max-image-preview:large","max-video-preview":"max-video-preview:-1"},"canonical":"https:\/\/legitgrams.com\/de\/produkt\/mutter-der-drachen-marihuana\/","og_locale":"de_DE","og_type":"article","og_title":"Mother of Dragons Marijuana for Sale @ Best Price | LegitGrams","og_description":"If you want to buy Mother of Dragons Marijuana online and looking for a reliable online store, then buy here. We offer only high-quality Mother of Dragons Marijuana for sale at an affordable price. Order Mother of Dragons Marijuana Now!","og_url":"https:\/\/legitgrams.com\/de\/produkt\/mutter-der-drachen-marihuana\/","og_site_name":"Legit Grams","article_modified_time":"2025-01-14T10:08:06+00:00","og_image":[{"width":600,"height":600,"url":"https:\/\/legitgrams.com\/wp-content\/uploads\/2024\/09\/Buy-Mother-of-Dragons-Marijuana-Cheap-Online.jpg","type":"image\/jpeg"}],"twitter_card":"summary_large_image","twitter_misc":{"Gesch\u00e4tzte Lesezeit":"2\u00a0Minuten"},"schema":{"@context":"https:\/\/schema.org","@graph":[{"@type":"WebPage","@id":"https:\/\/legitgrams.com\/product\/mother-of-dragons-marijuana\/","url":"https:\/\/legitgrams.com\/product\/mother-of-dragons-marijuana\/","name":"Mother of Dragons Marihuana zu verkaufen zum besten Preis | LegitGrams","isPartOf":{"@id":"https:\/\/legitgrams.com\/#website"},"primaryImageOfPage":{"@id":"https:\/\/legitgrams.com\/product\/mother-of-dragons-marijuana\/#primaryimage"},"image":{"@id":"https:\/\/legitgrams.com\/product\/mother-of-dragons-marijuana\/#primaryimage"},"thumbnailUrl":"https:\/\/legitgrams.com\/wp-content\/uploads\/2024\/09\/Buy-Mother-of-Dragons-Marijuana-Cheap-Online.jpg","datePublished":"2024-09-20T06:17:02+00:00","dateModified":"2025-01-14T10:08:06+00:00","description":"Wenn Sie Mother of Dragons Marihuana online kaufen m\u00f6chten und nach einem zuverl\u00e4ssigen Online Shop suchen, dann kaufen Sie hier. Wir bieten nur qualitativ hochwertiges Mother of Dragons Marihuana zum Verkauf zu einem erschwinglichen Preis. Bestellen Sie Mother of Dragons Marihuana jetzt!","breadcrumb":{"@id":"https:\/\/legitgrams.com\/product\/mother-of-dragons-marijuana\/#breadcrumb"},"inLanguage":"de","potentialAction":[{"@type":"ReadAction","target":["https:\/\/legitgrams.com\/product\/mother-of-dragons-marijuana\/"]}]},{"@type":"ImageObject","inLanguage":"de","@id":"https:\/\/legitgrams.com\/product\/mother-of-dragons-marijuana\/#primaryimage","url":"https:\/\/legitgrams.com\/wp-content\/uploads\/2024\/09\/Buy-Mother-of-Dragons-Marijuana-Cheap-Online.jpg","contentUrl":"https:\/\/legitgrams.com\/wp-content\/uploads\/2024\/09\/Buy-Mother-of-Dragons-Marijuana-Cheap-Online.jpg","width":600,"height":600,"caption":"Mother of Dragons Marijuana for Sale"},{"@type":"BreadcrumbList","@id":"https:\/\/legitgrams.com\/product\/mother-of-dragons-marijuana\/#breadcrumb","itemListElement":[{"@type":"ListItem","position":1,"name":"Home","item":"https:\/\/legitgrams.com\/"},{"@type":"ListItem","position":2,"name":"Shop","item":"https:\/\/legitgrams.com\/shop\/"},{"@type":"ListItem","position":3,"name":"Mother of Dragons Marijuana"}]},{"@type":"WebSite","@id":"https:\/\/legitgrams.com\/#website","url":"https:\/\/legitgrams.com\/","name":"Legitimer Grammwert","description":"Mein WordPress-Blog","publisher":{"@id":"https:\/\/legitgrams.com\/#organization"},"potentialAction":[{"@type":"SearchAction","target":{"@type":"EntryPoint","urlTemplate":"https:\/\/legitgrams.com\/?s={search_term_string}"},"query-input":{"@type":"PropertyValueSpecification","valueRequired":true,"valueName":"search_term_string"}}],"inLanguage":"de"},{"@type":"Organization","@id":"https:\/\/legitgrams.com\/#organization","name":"Legitimer Grammwert","url":"https:\/\/legitgrams.com\/","logo":{"@type":"ImageObject","inLanguage":"de","@id":"https:\/\/legitgrams.com\/#\/schema\/logo\/image\/","url":"https:\/\/legitgrams.com\/wp-content\/uploads\/2024\/09\/main-logo.png","contentUrl":"https:\/\/legitgrams.com\/wp-content\/uploads\/2024\/09\/main-logo.png","width":270,"height":75,"caption":"Legit Grams"},"image":{"@id":"https:\/\/legitgrams.com\/#\/schema\/logo\/image\/"}}]}},"uagb_featured_image_src":{"full":["https:\/\/legitgrams.com\/wp-content\/uploads\/2024\/09\/Buy-Mother-of-Dragons-Marijuana-Cheap-Online.jpg",600,600,false],"thumbnail":["https:\/\/legitgrams.com\/wp-content\/uploads\/2024\/09\/Buy-Mother-of-Dragons-Marijuana-Cheap-Online-150x150.jpg",150,150,true],"medium":["https:\/\/legitgrams.com\/wp-content\/uploads\/2024\/09\/Buy-Mother-of-Dragons-Marijuana-Cheap-Online-300x300.jpg",300,300,true],"medium_large":["https:\/\/legitgrams.com\/wp-content\/uploads\/2024\/09\/Buy-Mother-of-Dragons-Marijuana-Cheap-Online.jpg",600,600,false],"large":["https:\/\/legitgrams.com\/wp-content\/uploads\/2024\/09\/Buy-Mother-of-Dragons-Marijuana-Cheap-Online.jpg",600,600,false],"1536x1536":["https:\/\/legitgrams.com\/wp-content\/uploads\/2024\/09\/Buy-Mother-of-Dragons-Marijuana-Cheap-Online.jpg",600,600,false],"2048x2048":["https:\/\/legitgrams.com\/wp-content\/uploads\/2024\/09\/Buy-Mother-of-Dragons-Marijuana-Cheap-Online.jpg",600,600,false],"trp-custom-language-flag":["https:\/\/legitgrams.com\/wp-content\/uploads\/2024\/09\/Buy-Mother-of-Dragons-Marijuana-Cheap-Online-12x12.jpg",12,12,true],"woocommerce_thumbnail":["https:\/\/legitgrams.com\/wp-content\/uploads\/2024\/09\/Buy-Mother-of-Dragons-Marijuana-Cheap-Online-300x300.jpg",300,300,true],"woocommerce_single":["https:\/\/legitgrams.com\/wp-content\/uploads\/2024\/09\/Buy-Mother-of-Dragons-Marijuana-Cheap-Online.jpg",600,600,false],"woocommerce_gallery_thumbnail":["https:\/\/legitgrams.com\/wp-content\/uploads\/2024\/09\/Buy-Mother-of-Dragons-Marijuana-Cheap-Online-100x100.jpg",100,100,true]},"uagb_author_info":{"display_name":"cokeblog18","author_link":"https:\/\/legitgrams.com\/de\/author\/"},"uagb_comment_info":0,"uagb_excerpt":"Purchase Mother of Dragons Cannabis Online at a Discount The origins of Mother of Dragons, an extremely unusual and balanced hybrid (50% indica \/ 50% sativa), are unknown due to breeders&#8217; excessive secrecy and general lack of information. Tegridy Farms Cannabis is glad to introduce this cannabis product. This hard-to-find zit, which is named for&hellip;","_links":{"self":[{"href":"https:\/\/legitgrams.com\/de\/wp-json\/wp\/v2\/product\/3822","targetHints":{"allow":["GET"]}}],"collection":[{"href":"https:\/\/legitgrams.com\/de\/wp-json\/wp\/v2\/product"}],"about":[{"href":"https:\/\/legitgrams.com\/de\/wp-json\/wp\/v2\/types\/product"}],"replies":[{"embeddable":true,"href":"https:\/\/legitgrams.com\/de\/wp-json\/wp\/v2\/comments?post=3822"}],"wp:featuredmedia":[{"embeddable":true,"href":"https:\/\/legitgrams.com\/de\/wp-json\/wp\/v2\/media\/5414"}],"wp:attachment":[{"href":"https:\/\/legitgrams.com\/de\/wp-json\/wp\/v2\/media?parent=3822"}],"wp:term":[{"taxonomy":"product_brand","embeddable":true,"href":"https:\/\/legitgrams.com\/de\/wp-json\/wp\/v2\/product_brand?post=3822"},{"taxonomy":"product_cat","embeddable":true,"href":"https:\/\/legitgrams.com\/de\/wp-json\/wp\/v2\/product_cat?post=3822"},{"taxonomy":"product_tag","embeddable":true,"href":"https:\/\/legitgrams.com\/de\/wp-json\/wp\/v2\/product_tag?post=3822"}],"curies":[{"name":"wp","href":"https:\/\/api.w.org\/{rel}","templated":true}]}}