{"id":3828,"date":"2024-09-20T06:34:26","date_gmt":"2024-09-20T06:34:26","guid":{"rendered":"https:\/\/legitgrams.com\/?post_type=product&#038;p=3828"},"modified":"2025-03-12T08:28:59","modified_gmt":"2025-03-12T08:28:59","slug":"percocet-10mg-pillen","status":"publish","type":"product","link":"https:\/\/legitgrams.com\/de\/produkt\/percocet-10mg-pillen\/","title":{"rendered":"Percocet 10 mg Tabletten online kaufen"},"content":{"rendered":"<h2>Percocet 10 mg Tabletten online kaufen<\/h2>\n<p><a href=\"https:\/\/legitgrams.com\/de\/produkt\/percocet-10mg-pillen\/\">10 mg Tabletten von Percocet bestellen<\/a> online. Es sind weitere Medikamente wie Oxycodon erh\u00e4ltlich. <a href=\"https:\/\/www.bing.com\/search?q=Buy%20Percocet%2010mg%20pills%20Online&amp;qs=n&amp;form=QBRE&amp;sp=-1&amp;lq=0&amp;pq=buy%20percocet%2010mg%20pills%20online&amp;sc=0-30&amp;sk=&amp;cvid=50E210888EAB4F63817441B43672E04F&amp;ghsh=0&amp;ghacc=0&amp;ghpl=\">G\u00fcnstige<\/a> Schlaftabletten sind rezeptfrei erh\u00e4ltlich.<\/p>\n<p>Dieses Kombinationspr\u00e4parat dient der Behandlung von m\u00e4\u00dfigen bis starken Schmerzen. Es enth\u00e4lt Paracetamol, ein nicht-opioides Analgetikum, und Oxycodon, ein opioides Analgetikum. Die Wirkung von Oxycodon auf das Gehirn kann die Schmerzwahrnehmung und die Reaktion des K\u00f6rpers auf Schmerzen ver\u00e4ndern. Auch die Temperatur kann durch Paracetamol gesenkt werden. <a href=\"https:\/\/legitgrams.com\/de\/\">LegitGrams<\/a><\/p>\n<p><a href=\"https:\/\/www.bing.com\/search?q=Buy%20Percocet%2010mg%20pills%20Online&amp;qs=n&amp;form=QBRE&amp;sp=-1&amp;lq=0&amp;pq=buy%20percocet%2010mg%20pills%20online&amp;sc=0-30&amp;sk=&amp;cvid=50E210888EAB4F63817441B43672E04F&amp;ghsh=0&amp;ghacc=0&amp;ghpl=\">Percocet 10 mg Tabletten online kaufen<\/a> \u2013 Percocet kaufen, <a href=\"https:\/\/www.google.com\/search?q=Buy+Percocet+10mg+pills+Online&amp;num=10&amp;sca_esv=1a2a07081c7891bb&amp;rlz=1C1RXQR_enIN1098IN1098&amp;sxsrf=AHTn8zqNsLNN5_a9d5VGglq_SFT90hsjgQ%3A1741767989425&amp;ei=NUXRZ4XTGfCC4-EPj7XLwAU&amp;ved=0ahUKEwjFwamyj4SMAxVwwTgGHY_aElgQ4dUDCBA&amp;uact=5&amp;oq=Buy+Percocet+10mg+pills+Online&amp;gs_lp=Egxnd3Mtd2l6LXNlcnAiHkJ1eSBQZXJjb2NldCAxMG1nIHBpbGxzIE9ubGluZUjED1D0CFj0CHADeACQAQCYAfkBoAH5AaoBAzItMbgBA8gBAPgBAvgBAZgCA6ACEcICCBAAGLADGO8FwgILEAAYgAQYsAMYogSYAwCIBgGQBgKSBwEzoAdS&amp;sclient=gws-wiz-serp\">Kaufen Sie Percocet 10 mg Tabletten<\/a>, purchase <a href=\"https:\/\/www.google.com\/search?q=Buy+Percocet+10mg+pills+Online&amp;num=10&amp;sca_esv=1a2a07081c7891bb&amp;rlz=1C1RXQR_enIN1098IN1098&amp;sxsrf=AHTn8zqNsLNN5_a9d5VGglq_SFT90hsjgQ%3A1741767989425&amp;ei=NUXRZ4XTGfCC4-EPj7XLwAU&amp;ved=0ahUKEwjFwamyj4SMAxVwwTgGHY_aElgQ4dUDCBA&amp;uact=5&amp;oq=Buy+Percocet+10mg+pills+Online&amp;gs_lp=Egxnd3Mtd2l6LXNlcnAiHkJ1eSBQZXJjb2NldCAxMG1nIHBpbGxzIE9ubGluZUjED1D0CFj0CHADeACQAQCYAfkBoAH5AaoBAzItMbgBA8gBAPgBAvgBAZgCA6ACEcICCBAAGLADGO8FwgILEAAYgAQYsAMYogSYAwCIBgGQBgKSBwEzoAdS&amp;sclient=gws-wiz-serp\">Percocet pills online<\/a>, Bezugsquellen f\u00fcr 10 mg Percocet-Pillen, Percocet-Pillen zu verkaufen, <a href=\"https:\/\/duckduckgo.com\/?q=Buy+Percocet+10mg+pills+Online&amp;t=h_&amp;ia=web\">Kaufen Sie Percocet 10 mg online<\/a>, wo man 10 mg Percocet-Pillen kaufen kann, Percocet 10 mg online kaufen, Percocet 10 mg-Pillen zum Verkauf in den Vereinigten Staaten, Kanada, Gro\u00dfbritannien, <a href=\"https:\/\/duckduckgo.com\/?q=Buy+Percocet+10mg+pills+Online&amp;t=h_&amp;ia=web\">buy, online<\/a>, Lieferanten, sichere Lieferung, Es ist immer noch m\u00f6glich zu erhalten <a href=\"https:\/\/en.wikipedia.org\/wiki\/Oxycodone\">Percocet<\/a> 10mg Pillen. Sie k\u00f6nnen sich auch erkundigen, ob sie in den Vereinigten Staaten legal sind, wie man Percocet 10mg Pillen bestellt und ob sie in Kanada legal sind.<\/p>","protected":false},"excerpt":{"rendered":"<p>Purchase Percocet online 10mg pills Online Order 10 mg tablets of Percocet online. There are more medications like oxycodone accessible. Cheap sleeping pills available for purchase over-the-counter. The purpose of this combo medication is to treat moderate to severe pain. includes acetaminophen, a non-opioid analgesic, and oxycodone, an opioid analgesic. Your body&#8217;s perception and response &hellip;<\/p>\n<p class=\"read-more\"> <a class=\"\" href=\"https:\/\/legitgrams.com\/de\/produkt\/percocet-10mg-pillen\/\"> <span class=\"screen-reader-text\">Percocet 10 mg Tabletten online kaufen<\/span> Mehr lesen \"<\/a><\/p>","protected":false},"featured_media":5221,"comment_status":"open","ping_status":"closed","template":"","meta":{"_uag_custom_page_level_css":"","site-sidebar-layout":"default","site-content-layout":"default","ast-global-header-display":"","ast-main-header-display":"","ast-hfb-above-header-display":"","ast-hfb-below-header-display":"","ast-hfb-mobile-header-display":"","site-post-title":"","ast-breadcrumbs-content":"","ast-featured-img":"","footer-sml-layout":"","theme-transparent-header-meta":"default","adv-header-id-meta":"","stick-header-meta":"default","header-above-stick-meta":"","header-main-stick-meta":"","header-below-stick-meta":"","_joinchat":[]},"product_brand":[],"product_cat":[608,597],"product_tag":[4878,4868,617,4860,4875,4872,4867,4865,4859,4862,4870,4861,4863,4871,4873,4880,4881,4879,4876,4877,4874,625,4866,4869,4864],"class_list":{"0":"post-3828","1":"product","2":"type-product","3":"status-publish","4":"has-post-thumbnail","6":"product_cat-pain-pills","7":"product_cat-pain-sleeping-sex-pills","8":"product_tag-best-cheap-price-percocet-10mg-pills","9":"product_tag-best-place-to-buy-percocet-10mg-pills","10":"product_tag-bulk-online","11":"product_tag-buy-percocet-10mg-pills","12":"product_tag-cheap-percocet-10mg-pills","13":"product_tag-high-quality-percocet-10mg-pills","14":"product_tag-how-to-buy-percocet-10mg-pills","15":"product_tag-order-percocet-10mg-pills","16":"product_tag-percocet-10mg-pills","17":"product_tag-percocet-10mg-pills-for-sale","18":"product_tag-percocet-10mg-pills-legally","19":"product_tag-percocet-10mg-pills-online","20":"product_tag-percocet-10mg-pills-percocet-10mg-pills-supplier","21":"product_tag-percocet-10mg-pills-price","22":"product_tag-percocet-10mg-pills-store","23":"product_tag-percocet-10mg-pills-use","24":"product_tag-percocet-10mg-pills-wiki","25":"product_tag-percocet-10mg-pills-worldwide","26":"product_tag-percocet-10mg-pillss","27":"product_tag-purcharse-percocet-10mg-pills","28":"product_tag-shop-percocet-10mg-pills","29":"product_tag-top-quality","30":"product_tag-where-to-buy-percocet-10mg-pills","31":"product_tag-where-to-order-percocet-10mg-pills","32":"product_tag-wholesale-percocet-10mg-pills","33":"desktop-align-left","34":"tablet-align-left","35":"mobile-align-left","36":"ast-product-gallery-layout-horizontal","37":"ast-product-gallery-with-no-image","38":"ast-product-single-variable","39":"ast-product-tabs-layout-horizontal","40":"ast-qv-on-image","42":"first","43":"instock","44":"featured","45":"shipping-taxable","46":"purchasable","47":"product-type-variable"},"yoast_head":"<!-- This site is optimized with the Yoast SEO plugin v25.9 - https:\/\/yoast.com\/wordpress\/plugins\/seo\/ -->\n<title>Percocet 10mg Pills for Sale - Order Percocet 10mg Pills Online<\/title>\n<meta name=\"description\" content=\"Find premium Percocet 10mg pills for sale at our online store, providing a secure platform to buy Percocet 10mg pills online with ease, catering to your research needs. Hit your order now!\" \/>\n<meta name=\"robots\" content=\"index, follow, max-snippet:-1, max-image-preview:large, max-video-preview:-1\" \/>\n<link rel=\"canonical\" href=\"https:\/\/legitgrams.com\/de\/produkt\/percocet-10mg-pillen\/\" \/>\n<meta property=\"og:locale\" content=\"de_DE\" \/>\n<meta property=\"og:type\" content=\"article\" \/>\n<meta property=\"og:title\" content=\"Percocet 10mg Pills for Sale - Order Percocet 10mg Pills Online\" \/>\n<meta property=\"og:description\" content=\"Find premium Percocet 10mg pills for sale at our online store, providing a secure platform to buy Percocet 10mg pills online with ease, catering to your research needs. Hit your order now!\" \/>\n<meta property=\"og:url\" content=\"https:\/\/legitgrams.com\/de\/produkt\/percocet-10mg-pillen\/\" \/>\n<meta property=\"og:site_name\" content=\"Legit Grams\" \/>\n<meta property=\"article:modified_time\" content=\"2025-03-12T08:28:59+00:00\" \/>\n<meta property=\"og:image\" content=\"https:\/\/legitgrams.com\/wp-content\/uploads\/2024\/09\/buy-percocet-10mg-pills-online.jpg\" \/>\n\t<meta property=\"og:image:width\" content=\"600\" \/>\n\t<meta property=\"og:image:height\" content=\"600\" \/>\n\t<meta property=\"og:image:type\" content=\"image\/jpeg\" \/>\n<meta name=\"twitter:card\" content=\"summary_large_image\" \/>\n<meta name=\"twitter:label1\" content=\"Gesch\u00e4tzte Lesezeit\" \/>\n\t<meta name=\"twitter:data1\" content=\"1\u00a0Minute\" \/>\n<script type=\"application\/ld+json\" class=\"yoast-schema-graph\">{\"@context\":\"https:\/\/schema.org\",\"@graph\":[{\"@type\":\"WebPage\",\"@id\":\"https:\/\/legitgrams.com\/product\/percocet-10mg-pills\/\",\"url\":\"https:\/\/legitgrams.com\/product\/percocet-10mg-pills\/\",\"name\":\"Percocet 10mg Pills for Sale - Order Percocet 10mg Pills Online\",\"isPartOf\":{\"@id\":\"https:\/\/legitgrams.com\/#website\"},\"primaryImageOfPage\":{\"@id\":\"https:\/\/legitgrams.com\/product\/percocet-10mg-pills\/#primaryimage\"},\"image\":{\"@id\":\"https:\/\/legitgrams.com\/product\/percocet-10mg-pills\/#primaryimage\"},\"thumbnailUrl\":\"https:\/\/legitgrams.com\/wp-content\/uploads\/2024\/09\/buy-percocet-10mg-pills-online.jpg\",\"datePublished\":\"2024-09-20T06:34:26+00:00\",\"dateModified\":\"2025-03-12T08:28:59+00:00\",\"description\":\"Find premium Percocet 10mg pills for sale at our online store, providing a secure platform to buy Percocet 10mg pills online with ease, catering to your research needs. Hit your order now!\",\"breadcrumb\":{\"@id\":\"https:\/\/legitgrams.com\/product\/percocet-10mg-pills\/#breadcrumb\"},\"inLanguage\":\"de\",\"potentialAction\":[{\"@type\":\"ReadAction\",\"target\":[\"https:\/\/legitgrams.com\/product\/percocet-10mg-pills\/\"]}]},{\"@type\":\"ImageObject\",\"inLanguage\":\"de\",\"@id\":\"https:\/\/legitgrams.com\/product\/percocet-10mg-pills\/#primaryimage\",\"url\":\"https:\/\/legitgrams.com\/wp-content\/uploads\/2024\/09\/buy-percocet-10mg-pills-online.jpg\",\"contentUrl\":\"https:\/\/legitgrams.com\/wp-content\/uploads\/2024\/09\/buy-percocet-10mg-pills-online.jpg\",\"width\":600,\"height\":600,\"caption\":\"Percocet 10mg Pills for Sale\"},{\"@type\":\"BreadcrumbList\",\"@id\":\"https:\/\/legitgrams.com\/product\/percocet-10mg-pills\/#breadcrumb\",\"itemListElement\":[{\"@type\":\"ListItem\",\"position\":1,\"name\":\"Home\",\"item\":\"https:\/\/legitgrams.com\/\"},{\"@type\":\"ListItem\",\"position\":2,\"name\":\"Shop\",\"item\":\"https:\/\/legitgrams.com\/shop\/\"},{\"@type\":\"ListItem\",\"position\":3,\"name\":\"Buy Percocet 10mg pills Online\"}]},{\"@type\":\"WebSite\",\"@id\":\"https:\/\/legitgrams.com\/#website\",\"url\":\"https:\/\/legitgrams.com\/\",\"name\":\"Legit Grams\",\"description\":\"My WordPress Blog\",\"publisher\":{\"@id\":\"https:\/\/legitgrams.com\/#organization\"},\"potentialAction\":[{\"@type\":\"SearchAction\",\"target\":{\"@type\":\"EntryPoint\",\"urlTemplate\":\"https:\/\/legitgrams.com\/?s={search_term_string}\"},\"query-input\":{\"@type\":\"PropertyValueSpecification\",\"valueRequired\":true,\"valueName\":\"search_term_string\"}}],\"inLanguage\":\"de\"},{\"@type\":\"Organization\",\"@id\":\"https:\/\/legitgrams.com\/#organization\",\"name\":\"Legit Grams\",\"url\":\"https:\/\/legitgrams.com\/\",\"logo\":{\"@type\":\"ImageObject\",\"inLanguage\":\"de\",\"@id\":\"https:\/\/legitgrams.com\/#\/schema\/logo\/image\/\",\"url\":\"https:\/\/legitgrams.com\/wp-content\/uploads\/2024\/09\/main-logo.png\",\"contentUrl\":\"https:\/\/legitgrams.com\/wp-content\/uploads\/2024\/09\/main-logo.png\",\"width\":270,\"height\":75,\"caption\":\"Legit Grams\"},\"image\":{\"@id\":\"https:\/\/legitgrams.com\/#\/schema\/logo\/image\/\"}}]}<\/script>\n<!-- \/ Yoast SEO plugin. -->","yoast_head_json":{"title":"Percocet 10mg Pillen zum Verkauf - Percocet 10mg Pillen online bestellen","description":"Finden Sie erstklassige Percocet 10mg Pillen zum Verkauf in unserem Online-Shop, der eine sichere Plattform bietet, um Percocet 10mg Pillen online mit Leichtigkeit zu kaufen, um Ihren Forschungsbedarf zu decken. Schlagen Sie Ihre Bestellung jetzt!","robots":{"index":"index","follow":"follow","max-snippet":"max-snippet:-1","max-image-preview":"max-image-preview:large","max-video-preview":"max-video-preview:-1"},"canonical":"https:\/\/legitgrams.com\/de\/produkt\/percocet-10mg-pillen\/","og_locale":"de_DE","og_type":"article","og_title":"Percocet 10mg Pills for Sale - Order Percocet 10mg Pills Online","og_description":"Find premium Percocet 10mg pills for sale at our online store, providing a secure platform to buy Percocet 10mg pills online with ease, catering to your research needs. Hit your order now!","og_url":"https:\/\/legitgrams.com\/de\/produkt\/percocet-10mg-pillen\/","og_site_name":"Legit Grams","article_modified_time":"2025-03-12T08:28:59+00:00","og_image":[{"width":600,"height":600,"url":"https:\/\/legitgrams.com\/wp-content\/uploads\/2024\/09\/buy-percocet-10mg-pills-online.jpg","type":"image\/jpeg"}],"twitter_card":"summary_large_image","twitter_misc":{"Gesch\u00e4tzte Lesezeit":"1\u00a0Minute"},"schema":{"@context":"https:\/\/schema.org","@graph":[{"@type":"WebPage","@id":"https:\/\/legitgrams.com\/product\/percocet-10mg-pills\/","url":"https:\/\/legitgrams.com\/product\/percocet-10mg-pills\/","name":"Percocet 10mg Pillen zum Verkauf - Percocet 10mg Pillen online bestellen","isPartOf":{"@id":"https:\/\/legitgrams.com\/#website"},"primaryImageOfPage":{"@id":"https:\/\/legitgrams.com\/product\/percocet-10mg-pills\/#primaryimage"},"image":{"@id":"https:\/\/legitgrams.com\/product\/percocet-10mg-pills\/#primaryimage"},"thumbnailUrl":"https:\/\/legitgrams.com\/wp-content\/uploads\/2024\/09\/buy-percocet-10mg-pills-online.jpg","datePublished":"2024-09-20T06:34:26+00:00","dateModified":"2025-03-12T08:28:59+00:00","description":"Finden Sie erstklassige Percocet 10mg Pillen zum Verkauf in unserem Online-Shop, der eine sichere Plattform bietet, um Percocet 10mg Pillen online mit Leichtigkeit zu kaufen, um Ihren Forschungsbedarf zu decken. Schlagen Sie Ihre Bestellung jetzt!","breadcrumb":{"@id":"https:\/\/legitgrams.com\/product\/percocet-10mg-pills\/#breadcrumb"},"inLanguage":"de","potentialAction":[{"@type":"ReadAction","target":["https:\/\/legitgrams.com\/product\/percocet-10mg-pills\/"]}]},{"@type":"ImageObject","inLanguage":"de","@id":"https:\/\/legitgrams.com\/product\/percocet-10mg-pills\/#primaryimage","url":"https:\/\/legitgrams.com\/wp-content\/uploads\/2024\/09\/buy-percocet-10mg-pills-online.jpg","contentUrl":"https:\/\/legitgrams.com\/wp-content\/uploads\/2024\/09\/buy-percocet-10mg-pills-online.jpg","width":600,"height":600,"caption":"Percocet 10mg Pills for Sale"},{"@type":"BreadcrumbList","@id":"https:\/\/legitgrams.com\/product\/percocet-10mg-pills\/#breadcrumb","itemListElement":[{"@type":"ListItem","position":1,"name":"Home","item":"https:\/\/legitgrams.com\/"},{"@type":"ListItem","position":2,"name":"Shop","item":"https:\/\/legitgrams.com\/shop\/"},{"@type":"ListItem","position":3,"name":"Buy Percocet 10mg pills Online"}]},{"@type":"WebSite","@id":"https:\/\/legitgrams.com\/#website","url":"https:\/\/legitgrams.com\/","name":"Legitimer Grammwert","description":"Mein WordPress-Blog","publisher":{"@id":"https:\/\/legitgrams.com\/#organization"},"potentialAction":[{"@type":"SearchAction","target":{"@type":"EntryPoint","urlTemplate":"https:\/\/legitgrams.com\/?s={search_term_string}"},"query-input":{"@type":"PropertyValueSpecification","valueRequired":true,"valueName":"search_term_string"}}],"inLanguage":"de"},{"@type":"Organization","@id":"https:\/\/legitgrams.com\/#organization","name":"Legitimer Grammwert","url":"https:\/\/legitgrams.com\/","logo":{"@type":"ImageObject","inLanguage":"de","@id":"https:\/\/legitgrams.com\/#\/schema\/logo\/image\/","url":"https:\/\/legitgrams.com\/wp-content\/uploads\/2024\/09\/main-logo.png","contentUrl":"https:\/\/legitgrams.com\/wp-content\/uploads\/2024\/09\/main-logo.png","width":270,"height":75,"caption":"Legit Grams"},"image":{"@id":"https:\/\/legitgrams.com\/#\/schema\/logo\/image\/"}}]}},"uagb_featured_image_src":{"full":["https:\/\/legitgrams.com\/wp-content\/uploads\/2024\/09\/buy-percocet-10mg-pills-online.jpg",600,600,false],"thumbnail":["https:\/\/legitgrams.com\/wp-content\/uploads\/2024\/09\/buy-percocet-10mg-pills-online-150x150.jpg",150,150,true],"medium":["https:\/\/legitgrams.com\/wp-content\/uploads\/2024\/09\/buy-percocet-10mg-pills-online-300x300.jpg",300,300,true],"medium_large":["https:\/\/legitgrams.com\/wp-content\/uploads\/2024\/09\/buy-percocet-10mg-pills-online.jpg",600,600,false],"large":["https:\/\/legitgrams.com\/wp-content\/uploads\/2024\/09\/buy-percocet-10mg-pills-online.jpg",600,600,false],"1536x1536":["https:\/\/legitgrams.com\/wp-content\/uploads\/2024\/09\/buy-percocet-10mg-pills-online.jpg",600,600,false],"2048x2048":["https:\/\/legitgrams.com\/wp-content\/uploads\/2024\/09\/buy-percocet-10mg-pills-online.jpg",600,600,false],"trp-custom-language-flag":["https:\/\/legitgrams.com\/wp-content\/uploads\/2024\/09\/buy-percocet-10mg-pills-online-12x12.jpg",12,12,true],"woocommerce_thumbnail":["https:\/\/legitgrams.com\/wp-content\/uploads\/2024\/09\/buy-percocet-10mg-pills-online-300x300.jpg",300,300,true],"woocommerce_single":["https:\/\/legitgrams.com\/wp-content\/uploads\/2024\/09\/buy-percocet-10mg-pills-online.jpg",600,600,false],"woocommerce_gallery_thumbnail":["https:\/\/legitgrams.com\/wp-content\/uploads\/2024\/09\/buy-percocet-10mg-pills-online-100x100.jpg",100,100,true]},"uagb_author_info":{"display_name":"cokeblog18","author_link":"https:\/\/legitgrams.com\/de\/author\/"},"uagb_comment_info":0,"uagb_excerpt":"Purchase Percocet online 10mg pills Online Order 10 mg tablets of Percocet online. There are more medications like oxycodone accessible. Cheap sleeping pills available for purchase over-the-counter. The purpose of this combo medication is to treat moderate to severe pain. includes acetaminophen, a non-opioid analgesic, and oxycodone, an opioid analgesic. Your body&#8217;s perception and response&hellip;","_links":{"self":[{"href":"https:\/\/legitgrams.com\/de\/wp-json\/wp\/v2\/product\/3828","targetHints":{"allow":["GET"]}}],"collection":[{"href":"https:\/\/legitgrams.com\/de\/wp-json\/wp\/v2\/product"}],"about":[{"href":"https:\/\/legitgrams.com\/de\/wp-json\/wp\/v2\/types\/product"}],"replies":[{"embeddable":true,"href":"https:\/\/legitgrams.com\/de\/wp-json\/wp\/v2\/comments?post=3828"}],"wp:featuredmedia":[{"embeddable":true,"href":"https:\/\/legitgrams.com\/de\/wp-json\/wp\/v2\/media\/5221"}],"wp:attachment":[{"href":"https:\/\/legitgrams.com\/de\/wp-json\/wp\/v2\/media?parent=3828"}],"wp:term":[{"taxonomy":"product_brand","embeddable":true,"href":"https:\/\/legitgrams.com\/de\/wp-json\/wp\/v2\/product_brand?post=3828"},{"taxonomy":"product_cat","embeddable":true,"href":"https:\/\/legitgrams.com\/de\/wp-json\/wp\/v2\/product_cat?post=3828"},{"taxonomy":"product_tag","embeddable":true,"href":"https:\/\/legitgrams.com\/de\/wp-json\/wp\/v2\/product_tag?post=3828"}],"curies":[{"name":"wp","href":"https:\/\/api.w.org\/{rel}","templated":true}]}}