{"id":3840,"date":"2024-09-20T06:43:00","date_gmt":"2024-09-20T06:43:00","guid":{"rendered":"https:\/\/legitgrams.com\/?post_type=product&#038;p=3840"},"modified":"2025-01-14T10:11:44","modified_gmt":"2025-01-14T10:11:44","slug":"motrin-ibuprofen-600mg-pillen","status":"publish","type":"product","link":"https:\/\/legitgrams.com\/de\/produkt\/motrin-ibuprofen-600mg-pillen\/","title":{"rendered":"Motrin - Ibuprofen 600mg Tabletten"},"content":{"rendered":"<h2>600 mg Motrin-Ibuprofen-Tabletten online kaufen Arzneimittelanwendungen<\/h2>\n<p><a href=\"https:\/\/legitgrams.com\/de\/produkt\/motrin-ibuprofen-600mg-pillen\/\">Motrin<\/a> geh\u00f6rt zur Klasse der Medikamente, die als nichtsteroidale Antirheumatika oder NSAIDs bekannt sind. Motrin kombiniert entz\u00fcndungshemmende, fiebersenkende und schmerzstillende Wirkungen in einer einzigen therapeutischen Wirkung.<\/p>\n<p>Motrin lindert Kopfschmerzen, Zahnschmerzen, Gelenk- und Muskelschmerzen sowie Bindegewebssch\u00e4den oder -dehnungen. Dar\u00fcber hinaus kann Motrin die H\u00e4ufigkeit und Dauer von Symptomen im Zusammenhang mit prim\u00e4rer oder sekund\u00e4rer Dysmenorrhoe, Grippe und Erk\u00e4ltungen verringern. <a href=\"https:\/\/legitgrams.com\/de\/\">LegitGrams<\/a><\/p>\n<p>Nach oraler Einnahme erreicht Motrin seine maximale symptomatische Wirkung nach etwa 60 Minuten. Motrin 300 mg oder 400 mg alle 4 Stunden ist die empfohlene Dosierung f\u00fcr die symptomatische Behandlung von leichten bis m\u00e4\u00dfigen Schmerzen. Motrin 600 mg Einzeldosen k\u00f6nnen zur Linderung akuter Schmerzen verwendet werden.<\/p>\n<p>Motrin geh\u00f6rt zur Klasse der nichtsteroidalen Antirheumatika (NSAID). Motrin hat analgetische, fiebersenkende und entz\u00fcndungshemmende Eigenschaften, die in einer therapeutischen Wirkung vereint sind.<\/p>\n<p>Motrin lindert Gelenk-, Muskel-, Kopf- und Zahnschmerzen sowie Sch\u00e4den oder Dehnungen des Bindegewebes. Au\u00dferdem hilft Motrin bei der Verringerung der H\u00e4ufigkeit und Dauer von Erk\u00e4ltungen, Grippe und prim\u00e4ren oder sekund\u00e4ren Dysmenorrhoe-Symptomen.<\/p>\n<p>Nach oraler Verabreichung, <a href=\"https:\/\/en.wikipedia.org\/?title=Motrin&amp;redirect=no\">Motrin<\/a> erreicht seine maximale symptomatische Wirkung nach etwa 60 Minuten. Motrin 300 mg oder 400 mg alle 4 Stunden ist die empfohlene Dosierung f\u00fcr die symptomatische Behandlung von leichten bis m\u00e4\u00dfigen Schmerzen. Einmalige Dosen von Motrin 800 mg k\u00f6nnen zur Behandlung akuter Schmerzen verwendet werden.<\/p>\n<p>&nbsp;<\/p>","protected":false},"excerpt":{"rendered":"<p>Purchase 600 mg of Motrin-Ibuprofen tablets online Drug Applications Motrin belongs to the class of medications known as nonsteroidal anti-inflammatory drugs, or NSAIDs. Motrin combines anti-inflammatory, antipyretic, and analgesic effects into a single therapeutic effect. Motrin reduces headaches, teethaches, joint and muscle pain, and connective tissue damage or stretching. Additionally, Motrin can reduce the frequency &hellip;<\/p>\n<p class=\"read-more\"> <a class=\"\" href=\"https:\/\/legitgrams.com\/de\/produkt\/motrin-ibuprofen-600mg-pillen\/\"> <span class=\"screen-reader-text\">Motrin - Ibuprofen 600mg Tabletten<\/span> Mehr lesen \"<\/a><\/p>","protected":false},"featured_media":5237,"comment_status":"open","ping_status":"closed","template":"","meta":{"_uag_custom_page_level_css":"","site-sidebar-layout":"default","site-content-layout":"default","ast-global-header-display":"","ast-main-header-display":"","ast-hfb-above-header-display":"","ast-hfb-below-header-display":"","ast-hfb-mobile-header-display":"","site-post-title":"","ast-breadcrumbs-content":"","ast-featured-img":"","footer-sml-layout":"","theme-transparent-header-meta":"default","adv-header-id-meta":"","stick-header-meta":"default","header-above-stick-meta":"","header-main-stick-meta":"","header-below-stick-meta":"","_joinchat":[]},"product_brand":[],"product_cat":[608,597],"product_tag":[4809,4799,617,4791,4806,4803,4798,4790,4793,4801,4794,4792,4802,4804,4811,4812,4810,4807,4796,4808,4805,625,4797,4800,4795],"class_list":{"0":"post-3840","1":"product","2":"type-product","3":"status-publish","4":"has-post-thumbnail","6":"product_cat-pain-pills","7":"product_cat-pain-sleeping-sex-pills","8":"product_tag-best-cheap-price-motrin-ibuprofen-600mg-pills","9":"product_tag-best-place-to-buy-motrin-ibuprofen-600mg-pills","10":"product_tag-bulk-online","11":"product_tag-buy-motrin-ibuprofen-600mg-pills","12":"product_tag-cheap-motrin-ibuprofen-600mg-pills","13":"product_tag-high-quality-motrin-ibuprofen-600mg-pills","14":"product_tag-how-to-buy-motrin-ibuprofen-600mg-pills","15":"product_tag-motrin-ibuprofen-600mg-pills","16":"product_tag-motrin-ibuprofen-600mg-pills-for-sale","17":"product_tag-motrin-ibuprofen-600mg-pills-legally","18":"product_tag-motrin-ibuprofen-600mg-pills-motrin-ibuprofen-600mg-pills-supplier","19":"product_tag-motrin-ibuprofen-600mg-pills-online","20":"product_tag-motrin-ibuprofen-600mg-pills-price","21":"product_tag-motrin-ibuprofen-600mg-pills-store","22":"product_tag-motrin-ibuprofen-600mg-pills-use","23":"product_tag-motrin-ibuprofen-600mg-pills-wiki","24":"product_tag-motrin-ibuprofen-600mg-pills-worldwide","25":"product_tag-motrin-ibuprofen-600mg-pillss","26":"product_tag-order-motrin-ibuprofen-600mg-pills","27":"product_tag-purcharse-motrin-ibuprofen-600mg-pills","28":"product_tag-shop-motrin-ibuprofen-600mg-pills","29":"product_tag-top-quality","30":"product_tag-where-to-buy-motrin-ibuprofen-600mg-pills","31":"product_tag-where-to-order-motrin-ibuprofen-600mg-pills","32":"product_tag-wholesale-motrin-ibuprofen-600mg-pills","33":"desktop-align-left","34":"tablet-align-left","35":"mobile-align-left","36":"ast-product-gallery-layout-horizontal","37":"ast-product-gallery-with-no-image","38":"ast-product-single-variable","39":"ast-product-tabs-layout-horizontal","40":"ast-qv-on-image","42":"first","43":"instock","44":"shipping-taxable","45":"purchasable","46":"product-type-variable"},"yoast_head":"<!-- This site is optimized with the Yoast SEO plugin v25.9 - https:\/\/yoast.com\/wordpress\/plugins\/seo\/ -->\n<title>Buy Motrin Ibuprofen 600mg Pills Online @ Best Price | LegitGrams<\/title>\n<meta name=\"description\" content=\"Looking to further your research? Buy Motrin Ibuprofen 600mg pills conveniently and securely online, with a straightforward ordering process for Motrin Ibuprofen 600mg pills for sale. Explore the possibilities and buy Motrin Ibuprofen 600mg pills online for your research endeavors today.\" \/>\n<meta name=\"robots\" content=\"index, follow, max-snippet:-1, max-image-preview:large, max-video-preview:-1\" \/>\n<link rel=\"canonical\" href=\"https:\/\/legitgrams.com\/de\/produkt\/motrin-ibuprofen-600mg-pillen\/\" \/>\n<meta property=\"og:locale\" content=\"de_DE\" \/>\n<meta property=\"og:type\" content=\"article\" \/>\n<meta property=\"og:title\" content=\"Buy Motrin Ibuprofen 600mg Pills Online @ Best Price | LegitGrams\" \/>\n<meta property=\"og:description\" content=\"Looking to further your research? Buy Motrin Ibuprofen 600mg pills conveniently and securely online, with a straightforward ordering process for Motrin Ibuprofen 600mg pills for sale. Explore the possibilities and buy Motrin Ibuprofen 600mg pills online for your research endeavors today.\" \/>\n<meta property=\"og:url\" content=\"https:\/\/legitgrams.com\/de\/produkt\/motrin-ibuprofen-600mg-pillen\/\" \/>\n<meta property=\"og:site_name\" content=\"Legit Grams\" \/>\n<meta property=\"article:modified_time\" content=\"2025-01-14T10:11:44+00:00\" \/>\n<meta property=\"og:image\" content=\"https:\/\/legitgrams.com\/wp-content\/uploads\/2024\/09\/buy-motrin-ibuprofen-600mg-pills-online.jpg\" \/>\n\t<meta property=\"og:image:width\" content=\"600\" \/>\n\t<meta property=\"og:image:height\" content=\"600\" \/>\n\t<meta property=\"og:image:type\" content=\"image\/jpeg\" \/>\n<meta name=\"twitter:card\" content=\"summary_large_image\" \/>\n<meta name=\"twitter:label1\" content=\"Gesch\u00e4tzte Lesezeit\" \/>\n\t<meta name=\"twitter:data1\" content=\"2\u00a0Minuten\" \/>\n<script type=\"application\/ld+json\" class=\"yoast-schema-graph\">{\"@context\":\"https:\/\/schema.org\",\"@graph\":[{\"@type\":\"WebPage\",\"@id\":\"https:\/\/legitgrams.com\/product\/motrin-ibuprofen-600mg-pills\/\",\"url\":\"https:\/\/legitgrams.com\/product\/motrin-ibuprofen-600mg-pills\/\",\"name\":\"Buy Motrin Ibuprofen 600mg Pills Online @ Best Price | LegitGrams\",\"isPartOf\":{\"@id\":\"https:\/\/legitgrams.com\/#website\"},\"primaryImageOfPage\":{\"@id\":\"https:\/\/legitgrams.com\/product\/motrin-ibuprofen-600mg-pills\/#primaryimage\"},\"image\":{\"@id\":\"https:\/\/legitgrams.com\/product\/motrin-ibuprofen-600mg-pills\/#primaryimage\"},\"thumbnailUrl\":\"https:\/\/legitgrams.com\/wp-content\/uploads\/2024\/09\/buy-motrin-ibuprofen-600mg-pills-online.jpg\",\"datePublished\":\"2024-09-20T06:43:00+00:00\",\"dateModified\":\"2025-01-14T10:11:44+00:00\",\"description\":\"Looking to further your research? Buy Motrin Ibuprofen 600mg pills conveniently and securely online, with a straightforward ordering process for Motrin Ibuprofen 600mg pills for sale. Explore the possibilities and buy Motrin Ibuprofen 600mg pills online for your research endeavors today.\",\"breadcrumb\":{\"@id\":\"https:\/\/legitgrams.com\/product\/motrin-ibuprofen-600mg-pills\/#breadcrumb\"},\"inLanguage\":\"de\",\"potentialAction\":[{\"@type\":\"ReadAction\",\"target\":[\"https:\/\/legitgrams.com\/product\/motrin-ibuprofen-600mg-pills\/\"]}]},{\"@type\":\"ImageObject\",\"inLanguage\":\"de\",\"@id\":\"https:\/\/legitgrams.com\/product\/motrin-ibuprofen-600mg-pills\/#primaryimage\",\"url\":\"https:\/\/legitgrams.com\/wp-content\/uploads\/2024\/09\/buy-motrin-ibuprofen-600mg-pills-online.jpg\",\"contentUrl\":\"https:\/\/legitgrams.com\/wp-content\/uploads\/2024\/09\/buy-motrin-ibuprofen-600mg-pills-online.jpg\",\"width\":600,\"height\":600,\"caption\":\"Motrin Ibuprofen 600mg Pills for Sale\"},{\"@type\":\"BreadcrumbList\",\"@id\":\"https:\/\/legitgrams.com\/product\/motrin-ibuprofen-600mg-pills\/#breadcrumb\",\"itemListElement\":[{\"@type\":\"ListItem\",\"position\":1,\"name\":\"Home\",\"item\":\"https:\/\/legitgrams.com\/\"},{\"@type\":\"ListItem\",\"position\":2,\"name\":\"Shop\",\"item\":\"https:\/\/legitgrams.com\/shop\/\"},{\"@type\":\"ListItem\",\"position\":3,\"name\":\"Motrin \u2013 Ibuprofen 600mg pills\"}]},{\"@type\":\"WebSite\",\"@id\":\"https:\/\/legitgrams.com\/#website\",\"url\":\"https:\/\/legitgrams.com\/\",\"name\":\"Legit Grams\",\"description\":\"My WordPress Blog\",\"publisher\":{\"@id\":\"https:\/\/legitgrams.com\/#organization\"},\"potentialAction\":[{\"@type\":\"SearchAction\",\"target\":{\"@type\":\"EntryPoint\",\"urlTemplate\":\"https:\/\/legitgrams.com\/?s={search_term_string}\"},\"query-input\":{\"@type\":\"PropertyValueSpecification\",\"valueRequired\":true,\"valueName\":\"search_term_string\"}}],\"inLanguage\":\"de\"},{\"@type\":\"Organization\",\"@id\":\"https:\/\/legitgrams.com\/#organization\",\"name\":\"Legit Grams\",\"url\":\"https:\/\/legitgrams.com\/\",\"logo\":{\"@type\":\"ImageObject\",\"inLanguage\":\"de\",\"@id\":\"https:\/\/legitgrams.com\/#\/schema\/logo\/image\/\",\"url\":\"https:\/\/legitgrams.com\/wp-content\/uploads\/2024\/09\/main-logo.png\",\"contentUrl\":\"https:\/\/legitgrams.com\/wp-content\/uploads\/2024\/09\/main-logo.png\",\"width\":270,\"height\":75,\"caption\":\"Legit Grams\"},\"image\":{\"@id\":\"https:\/\/legitgrams.com\/#\/schema\/logo\/image\/\"}}]}<\/script>\n<!-- \/ Yoast SEO plugin. -->","yoast_head_json":{"title":"Motrin Ibuprofen 600 mg Tabletten online Kaufen zum besten Preis | LegitGrams","description":"M\u00f6chten Sie Ihre Forschung vorantreiben? Kaufen Sie Motrin Ibuprofen 600mg Pillen bequem und sicher online, mit einem unkomplizierten Bestellvorgang f\u00fcr Motrin Ibuprofen 600mg Pillen zum Verkauf. Entdecken Sie die M\u00f6glichkeiten und kaufen Sie Motrin Ibuprofen 600mg Pillen online f\u00fcr Ihre Forschungsbem\u00fchungen heute.","robots":{"index":"index","follow":"follow","max-snippet":"max-snippet:-1","max-image-preview":"max-image-preview:large","max-video-preview":"max-video-preview:-1"},"canonical":"https:\/\/legitgrams.com\/de\/produkt\/motrin-ibuprofen-600mg-pillen\/","og_locale":"de_DE","og_type":"article","og_title":"Buy Motrin Ibuprofen 600mg Pills Online @ Best Price | LegitGrams","og_description":"Looking to further your research? Buy Motrin Ibuprofen 600mg pills conveniently and securely online, with a straightforward ordering process for Motrin Ibuprofen 600mg pills for sale. Explore the possibilities and buy Motrin Ibuprofen 600mg pills online for your research endeavors today.","og_url":"https:\/\/legitgrams.com\/de\/produkt\/motrin-ibuprofen-600mg-pillen\/","og_site_name":"Legit Grams","article_modified_time":"2025-01-14T10:11:44+00:00","og_image":[{"width":600,"height":600,"url":"https:\/\/legitgrams.com\/wp-content\/uploads\/2024\/09\/buy-motrin-ibuprofen-600mg-pills-online.jpg","type":"image\/jpeg"}],"twitter_card":"summary_large_image","twitter_misc":{"Gesch\u00e4tzte Lesezeit":"2\u00a0Minuten"},"schema":{"@context":"https:\/\/schema.org","@graph":[{"@type":"WebPage","@id":"https:\/\/legitgrams.com\/product\/motrin-ibuprofen-600mg-pills\/","url":"https:\/\/legitgrams.com\/product\/motrin-ibuprofen-600mg-pills\/","name":"Motrin Ibuprofen 600 mg Tabletten online Kaufen zum besten Preis | LegitGrams","isPartOf":{"@id":"https:\/\/legitgrams.com\/#website"},"primaryImageOfPage":{"@id":"https:\/\/legitgrams.com\/product\/motrin-ibuprofen-600mg-pills\/#primaryimage"},"image":{"@id":"https:\/\/legitgrams.com\/product\/motrin-ibuprofen-600mg-pills\/#primaryimage"},"thumbnailUrl":"https:\/\/legitgrams.com\/wp-content\/uploads\/2024\/09\/buy-motrin-ibuprofen-600mg-pills-online.jpg","datePublished":"2024-09-20T06:43:00+00:00","dateModified":"2025-01-14T10:11:44+00:00","description":"M\u00f6chten Sie Ihre Forschung vorantreiben? Kaufen Sie Motrin Ibuprofen 600mg Pillen bequem und sicher online, mit einem unkomplizierten Bestellvorgang f\u00fcr Motrin Ibuprofen 600mg Pillen zum Verkauf. Entdecken Sie die M\u00f6glichkeiten und kaufen Sie Motrin Ibuprofen 600mg Pillen online f\u00fcr Ihre Forschungsbem\u00fchungen heute.","breadcrumb":{"@id":"https:\/\/legitgrams.com\/product\/motrin-ibuprofen-600mg-pills\/#breadcrumb"},"inLanguage":"de","potentialAction":[{"@type":"ReadAction","target":["https:\/\/legitgrams.com\/product\/motrin-ibuprofen-600mg-pills\/"]}]},{"@type":"ImageObject","inLanguage":"de","@id":"https:\/\/legitgrams.com\/product\/motrin-ibuprofen-600mg-pills\/#primaryimage","url":"https:\/\/legitgrams.com\/wp-content\/uploads\/2024\/09\/buy-motrin-ibuprofen-600mg-pills-online.jpg","contentUrl":"https:\/\/legitgrams.com\/wp-content\/uploads\/2024\/09\/buy-motrin-ibuprofen-600mg-pills-online.jpg","width":600,"height":600,"caption":"Motrin Ibuprofen 600mg Pills for Sale"},{"@type":"BreadcrumbList","@id":"https:\/\/legitgrams.com\/product\/motrin-ibuprofen-600mg-pills\/#breadcrumb","itemListElement":[{"@type":"ListItem","position":1,"name":"Home","item":"https:\/\/legitgrams.com\/"},{"@type":"ListItem","position":2,"name":"Shop","item":"https:\/\/legitgrams.com\/shop\/"},{"@type":"ListItem","position":3,"name":"Motrin \u2013 Ibuprofen 600mg pills"}]},{"@type":"WebSite","@id":"https:\/\/legitgrams.com\/#website","url":"https:\/\/legitgrams.com\/","name":"Legitimer Grammwert","description":"Mein WordPress-Blog","publisher":{"@id":"https:\/\/legitgrams.com\/#organization"},"potentialAction":[{"@type":"SearchAction","target":{"@type":"EntryPoint","urlTemplate":"https:\/\/legitgrams.com\/?s={search_term_string}"},"query-input":{"@type":"PropertyValueSpecification","valueRequired":true,"valueName":"search_term_string"}}],"inLanguage":"de"},{"@type":"Organization","@id":"https:\/\/legitgrams.com\/#organization","name":"Legitimer Grammwert","url":"https:\/\/legitgrams.com\/","logo":{"@type":"ImageObject","inLanguage":"de","@id":"https:\/\/legitgrams.com\/#\/schema\/logo\/image\/","url":"https:\/\/legitgrams.com\/wp-content\/uploads\/2024\/09\/main-logo.png","contentUrl":"https:\/\/legitgrams.com\/wp-content\/uploads\/2024\/09\/main-logo.png","width":270,"height":75,"caption":"Legit Grams"},"image":{"@id":"https:\/\/legitgrams.com\/#\/schema\/logo\/image\/"}}]}},"uagb_featured_image_src":{"full":["https:\/\/legitgrams.com\/wp-content\/uploads\/2024\/09\/buy-motrin-ibuprofen-600mg-pills-online.jpg",600,600,false],"thumbnail":["https:\/\/legitgrams.com\/wp-content\/uploads\/2024\/09\/buy-motrin-ibuprofen-600mg-pills-online-150x150.jpg",150,150,true],"medium":["https:\/\/legitgrams.com\/wp-content\/uploads\/2024\/09\/buy-motrin-ibuprofen-600mg-pills-online-300x300.jpg",300,300,true],"medium_large":["https:\/\/legitgrams.com\/wp-content\/uploads\/2024\/09\/buy-motrin-ibuprofen-600mg-pills-online.jpg",600,600,false],"large":["https:\/\/legitgrams.com\/wp-content\/uploads\/2024\/09\/buy-motrin-ibuprofen-600mg-pills-online.jpg",600,600,false],"1536x1536":["https:\/\/legitgrams.com\/wp-content\/uploads\/2024\/09\/buy-motrin-ibuprofen-600mg-pills-online.jpg",600,600,false],"2048x2048":["https:\/\/legitgrams.com\/wp-content\/uploads\/2024\/09\/buy-motrin-ibuprofen-600mg-pills-online.jpg",600,600,false],"trp-custom-language-flag":["https:\/\/legitgrams.com\/wp-content\/uploads\/2024\/09\/buy-motrin-ibuprofen-600mg-pills-online-12x12.jpg",12,12,true],"woocommerce_thumbnail":["https:\/\/legitgrams.com\/wp-content\/uploads\/2024\/09\/buy-motrin-ibuprofen-600mg-pills-online-300x300.jpg",300,300,true],"woocommerce_single":["https:\/\/legitgrams.com\/wp-content\/uploads\/2024\/09\/buy-motrin-ibuprofen-600mg-pills-online.jpg",600,600,false],"woocommerce_gallery_thumbnail":["https:\/\/legitgrams.com\/wp-content\/uploads\/2024\/09\/buy-motrin-ibuprofen-600mg-pills-online-100x100.jpg",100,100,true]},"uagb_author_info":{"display_name":"cokeblog18","author_link":"https:\/\/legitgrams.com\/de\/author\/"},"uagb_comment_info":0,"uagb_excerpt":"Purchase 600 mg of Motrin-Ibuprofen tablets online Drug Applications Motrin belongs to the class of medications known as nonsteroidal anti-inflammatory drugs, or NSAIDs. Motrin combines anti-inflammatory, antipyretic, and analgesic effects into a single therapeutic effect. Motrin reduces headaches, teethaches, joint and muscle pain, and connective tissue damage or stretching. Additionally, Motrin can reduce the frequency&hellip;","_links":{"self":[{"href":"https:\/\/legitgrams.com\/de\/wp-json\/wp\/v2\/product\/3840","targetHints":{"allow":["GET"]}}],"collection":[{"href":"https:\/\/legitgrams.com\/de\/wp-json\/wp\/v2\/product"}],"about":[{"href":"https:\/\/legitgrams.com\/de\/wp-json\/wp\/v2\/types\/product"}],"replies":[{"embeddable":true,"href":"https:\/\/legitgrams.com\/de\/wp-json\/wp\/v2\/comments?post=3840"}],"wp:featuredmedia":[{"embeddable":true,"href":"https:\/\/legitgrams.com\/de\/wp-json\/wp\/v2\/media\/5237"}],"wp:attachment":[{"href":"https:\/\/legitgrams.com\/de\/wp-json\/wp\/v2\/media?parent=3840"}],"wp:term":[{"taxonomy":"product_brand","embeddable":true,"href":"https:\/\/legitgrams.com\/de\/wp-json\/wp\/v2\/product_brand?post=3840"},{"taxonomy":"product_cat","embeddable":true,"href":"https:\/\/legitgrams.com\/de\/wp-json\/wp\/v2\/product_cat?post=3840"},{"taxonomy":"product_tag","embeddable":true,"href":"https:\/\/legitgrams.com\/de\/wp-json\/wp\/v2\/product_tag?post=3840"}],"curies":[{"name":"wp","href":"https:\/\/api.w.org\/{rel}","templated":true}]}}