{"id":3842,"date":"2024-09-20T06:53:03","date_gmt":"2024-09-20T06:53:03","guid":{"rendered":"https:\/\/legitgrams.com\/?post_type=product&#038;p=3842"},"modified":"2025-01-14T10:26:23","modified_gmt":"2025-01-14T10:26:23","slug":"onax-20mg-alprazolam-pillen","status":"publish","type":"product","link":"https:\/\/legitgrams.com\/de\/produkt\/onax-20mg-alprazolam-pillen\/","title":{"rendered":"Onax 20mg Alprazolam Pillen"},"content":{"rendered":"<h2>Alprazolam-Tabletten und Onax 20 mg online Kaufen.<\/h2>\n<p>Starke Medikamente <a href=\"https:\/\/legitgrams.com\/de\/produkt\/onax-20mg-alprazolam-pillen\/\">alprazolam<\/a> wird h\u00e4ufig unter dem Markennamen Onax vermarktet. Psychiatrische Bedingungen Anxiolytische St\u00f6rungen, in denen eine Person extreme Angst erlebt, sind eine weitere Bedingung, f\u00fcr die Onax 2 mg verschrieben wird. Wenn Sie die totale Kontrolle \u00fcber Ihr Leben haben wollen, k\u00f6nnen Sie Onax 2 mg auch online bei uns kaufen. Panikst\u00f6rung, die Panik-Episoden bei den Betroffenen verursacht, ist ein anderer Name f\u00fcr psychiatrische Krankheiten. Diese Anf\u00e4lle beginnen mit einem unbegr\u00fcndeten Gef\u00fchl der Einsch\u00fcchterung und Angst. Die Angst kann aus unbekannten Gr\u00fcnden oder aus ganz anderen Gr\u00fcnden entstehen. Diese Menschen glauben, dass weder \u00e4u\u00dfere Umst\u00e4nde noch ihre eigenen Handlungen ihre Schuld sind. Onax 20mg online kaufen. Zu diesen Symptomen geh\u00f6ren Herzrasen, Kribbeln in den H\u00e4nden, Fr\u00f6steln oder Hitzegef\u00fchl, Schwitzen, Benommenheit, \u00dcbelkeit oder Atemprobleme, Schmerzen in der Brust und so weiter. Durch die Verwendung von ONAX k\u00f6nnen Sie all diese Krankheiten vermeiden. <a href=\"https:\/\/legitgrams.com\/de\/\">LegitGrams<\/a><\/p>\n<p>Alprazolam Pillen online - Kauf Onax 2mg, Kauf Onax 2mg Alprazolam Pillen, Kauf Alprazolam Pillen online, Wo zu kaufen Onax 2mg <a href=\"https:\/\/en.wikipedia.org\/wiki\/Alprazolam\">Alprazolam-Pillen<\/a>Onax 2mg Alprazolam pills for sale, Alprazolam pills for sale, purchase Onax Alprazolam pills online, where to Purchase Onax 2mg Alprazolam pills, Onax 2mg Alprazolam pills for sale in the USA, Canada, UK, buy, online, suppliers, secure delivery, You may still obtain Onax 2 mg Alprazolam pills. Sie k\u00f6nnen auch herausfinden, ob sie in den Vereinigten Staaten legal sind, wie man Onax 2 mg Alprazolam Pillen bestellt, und ob sie in Kanada legal sind.<\/p>","protected":false},"excerpt":{"rendered":"<p>Purchase Alprazolam pills and Onax 20mg online. Strong medication alprazolam is often marketed under the brand name Onax. Psychiatric Conditions Anxiolytic disorders, in which a person experiences extreme anxiety, are another condition for which Onax 2 mg is prescribed. If you want total control over your life, you can also purchase Onax 2mg online from &hellip;<\/p>\n<p class=\"read-more\"> <a class=\"\" href=\"https:\/\/legitgrams.com\/de\/produkt\/onax-20mg-alprazolam-pillen\/\"> <span class=\"screen-reader-text\">Onax 20mg Alprazolam Pillen<\/span> Mehr lesen \"<\/a><\/p>","protected":false},"featured_media":5217,"comment_status":"open","ping_status":"closed","template":"","meta":{"_uag_custom_page_level_css":"","site-sidebar-layout":"default","site-content-layout":"default","ast-global-header-display":"","ast-main-header-display":"","ast-hfb-above-header-display":"","ast-hfb-below-header-display":"","ast-hfb-mobile-header-display":"","site-post-title":"","ast-breadcrumbs-content":"","ast-featured-img":"","footer-sml-layout":"","theme-transparent-header-meta":"default","adv-header-id-meta":"","stick-header-meta":"default","header-above-stick-meta":"","header-main-stick-meta":"","header-below-stick-meta":"","_joinchat":[]},"product_brand":[],"product_cat":[608,597,609,610],"product_tag":[4763,4753,617,4745,4760,4757,4752,4744,4747,4755,4748,4746,4756,4758,4765,4766,4764,4761,4750,4762,4759,625,4751,4754,4749],"class_list":{"0":"post-3842","1":"product","2":"type-product","3":"status-publish","4":"has-post-thumbnail","6":"product_cat-pain-pills","7":"product_cat-pain-sleeping-sex-pills","8":"product_cat-sex-pills","9":"product_cat-sleeping-pills","10":"product_tag-best-cheap-price-onax-20mg-alprazolam-pills","11":"product_tag-best-place-to-buy-onax-20mg-alprazolam-pills","12":"product_tag-bulk-online","13":"product_tag-buy-onax-20mg-alprazolam-pills","14":"product_tag-cheap-onax-20mg-alprazolam-pills","15":"product_tag-high-quality-onax-20mg-alprazolam-pills","16":"product_tag-how-to-buy-onax-20mg-alprazolam-pills","17":"product_tag-onax-20mg-alprazolam-pills","18":"product_tag-onax-20mg-alprazolam-pills-for-sale","19":"product_tag-onax-20mg-alprazolam-pills-legally","20":"product_tag-onax-20mg-alprazolam-pills-onax-20mg-alprazolam-pills-supplier","21":"product_tag-onax-20mg-alprazolam-pills-online","22":"product_tag-onax-20mg-alprazolam-pills-price","23":"product_tag-onax-20mg-alprazolam-pills-store","24":"product_tag-onax-20mg-alprazolam-pills-use","25":"product_tag-onax-20mg-alprazolam-pills-wiki","26":"product_tag-onax-20mg-alprazolam-pills-worldwide","27":"product_tag-onax-20mg-alprazolam-pillss","28":"product_tag-order-onax-20mg-alprazolam-pills","29":"product_tag-purcharse-onax-20mg-alprazolam-pills","30":"product_tag-shop-onax-20mg-alprazolam-pills","31":"product_tag-top-quality","32":"product_tag-where-to-buy-onax-20mg-alprazolam-pills","33":"product_tag-where-to-order-onax-20mg-alprazolam-pills","34":"product_tag-wholesale-onax-20mg-alprazolam-pills","35":"desktop-align-left","36":"tablet-align-left","37":"mobile-align-left","38":"ast-product-gallery-layout-horizontal","39":"ast-product-gallery-with-no-image","40":"ast-product-single-variable","41":"ast-product-tabs-layout-horizontal","42":"ast-qv-on-image","44":"first","45":"instock","46":"shipping-taxable","47":"purchasable","48":"product-type-variable"},"yoast_head":"<!-- This site is optimized with the Yoast SEO plugin v25.9 - https:\/\/yoast.com\/wordpress\/plugins\/seo\/ -->\n<title>Onax 20mg Alprazolam Pills for Sale - Buy Onax 20mg Alprazolam<\/title>\n<meta name=\"description\" content=\"Looking to further your research? Buy Onax 20mg Alprazolam pills conveniently and securely online, with a straightforward ordering process for Onax 20mg Alprazolam pills for sale. Order Now!\" \/>\n<meta name=\"robots\" content=\"index, follow, max-snippet:-1, max-image-preview:large, max-video-preview:-1\" \/>\n<link rel=\"canonical\" href=\"https:\/\/legitgrams.com\/de\/produkt\/onax-20mg-alprazolam-pillen\/\" \/>\n<meta property=\"og:locale\" content=\"de_DE\" \/>\n<meta property=\"og:type\" content=\"article\" \/>\n<meta property=\"og:title\" content=\"Onax 20mg Alprazolam Pills for Sale - Buy Onax 20mg Alprazolam\" \/>\n<meta property=\"og:description\" content=\"Looking to further your research? Buy Onax 20mg Alprazolam pills conveniently and securely online, with a straightforward ordering process for Onax 20mg Alprazolam pills for sale. Order Now!\" \/>\n<meta property=\"og:url\" content=\"https:\/\/legitgrams.com\/de\/produkt\/onax-20mg-alprazolam-pillen\/\" \/>\n<meta property=\"og:site_name\" content=\"Legit Grams\" \/>\n<meta property=\"article:modified_time\" content=\"2025-01-14T10:26:23+00:00\" \/>\n<meta property=\"og:image\" content=\"https:\/\/legitgrams.com\/wp-content\/uploads\/2024\/09\/buy-onax-2mg-alprazolam-pills-online.jpg\" \/>\n\t<meta property=\"og:image:width\" content=\"600\" \/>\n\t<meta property=\"og:image:height\" content=\"600\" \/>\n\t<meta property=\"og:image:type\" content=\"image\/jpeg\" \/>\n<meta name=\"twitter:card\" content=\"summary_large_image\" \/>\n<meta name=\"twitter:label1\" content=\"Gesch\u00e4tzte Lesezeit\" \/>\n\t<meta name=\"twitter:data1\" content=\"2\u00a0Minuten\" \/>\n<script type=\"application\/ld+json\" class=\"yoast-schema-graph\">{\"@context\":\"https:\/\/schema.org\",\"@graph\":[{\"@type\":\"WebPage\",\"@id\":\"https:\/\/legitgrams.com\/product\/onax-20mg-alprazolam-pills\/\",\"url\":\"https:\/\/legitgrams.com\/product\/onax-20mg-alprazolam-pills\/\",\"name\":\"Onax 20mg Alprazolam Pills for Sale - Buy Onax 20mg Alprazolam\",\"isPartOf\":{\"@id\":\"https:\/\/legitgrams.com\/#website\"},\"primaryImageOfPage\":{\"@id\":\"https:\/\/legitgrams.com\/product\/onax-20mg-alprazolam-pills\/#primaryimage\"},\"image\":{\"@id\":\"https:\/\/legitgrams.com\/product\/onax-20mg-alprazolam-pills\/#primaryimage\"},\"thumbnailUrl\":\"https:\/\/legitgrams.com\/wp-content\/uploads\/2024\/09\/buy-onax-2mg-alprazolam-pills-online.jpg\",\"datePublished\":\"2024-09-20T06:53:03+00:00\",\"dateModified\":\"2025-01-14T10:26:23+00:00\",\"description\":\"Looking to further your research? Buy Onax 20mg Alprazolam pills conveniently and securely online, with a straightforward ordering process for Onax 20mg Alprazolam pills for sale. Order Now!\",\"breadcrumb\":{\"@id\":\"https:\/\/legitgrams.com\/product\/onax-20mg-alprazolam-pills\/#breadcrumb\"},\"inLanguage\":\"de\",\"potentialAction\":[{\"@type\":\"ReadAction\",\"target\":[\"https:\/\/legitgrams.com\/product\/onax-20mg-alprazolam-pills\/\"]}]},{\"@type\":\"ImageObject\",\"inLanguage\":\"de\",\"@id\":\"https:\/\/legitgrams.com\/product\/onax-20mg-alprazolam-pills\/#primaryimage\",\"url\":\"https:\/\/legitgrams.com\/wp-content\/uploads\/2024\/09\/buy-onax-2mg-alprazolam-pills-online.jpg\",\"contentUrl\":\"https:\/\/legitgrams.com\/wp-content\/uploads\/2024\/09\/buy-onax-2mg-alprazolam-pills-online.jpg\",\"width\":600,\"height\":600,\"caption\":\"Onax 20mg Alprazolam Pills for Sale\"},{\"@type\":\"BreadcrumbList\",\"@id\":\"https:\/\/legitgrams.com\/product\/onax-20mg-alprazolam-pills\/#breadcrumb\",\"itemListElement\":[{\"@type\":\"ListItem\",\"position\":1,\"name\":\"Home\",\"item\":\"https:\/\/legitgrams.com\/\"},{\"@type\":\"ListItem\",\"position\":2,\"name\":\"Shop\",\"item\":\"https:\/\/legitgrams.com\/shop\/\"},{\"@type\":\"ListItem\",\"position\":3,\"name\":\"Onax 20mg Alprazolam pills\"}]},{\"@type\":\"WebSite\",\"@id\":\"https:\/\/legitgrams.com\/#website\",\"url\":\"https:\/\/legitgrams.com\/\",\"name\":\"Legit Grams\",\"description\":\"My WordPress Blog\",\"publisher\":{\"@id\":\"https:\/\/legitgrams.com\/#organization\"},\"potentialAction\":[{\"@type\":\"SearchAction\",\"target\":{\"@type\":\"EntryPoint\",\"urlTemplate\":\"https:\/\/legitgrams.com\/?s={search_term_string}\"},\"query-input\":{\"@type\":\"PropertyValueSpecification\",\"valueRequired\":true,\"valueName\":\"search_term_string\"}}],\"inLanguage\":\"de\"},{\"@type\":\"Organization\",\"@id\":\"https:\/\/legitgrams.com\/#organization\",\"name\":\"Legit Grams\",\"url\":\"https:\/\/legitgrams.com\/\",\"logo\":{\"@type\":\"ImageObject\",\"inLanguage\":\"de\",\"@id\":\"https:\/\/legitgrams.com\/#\/schema\/logo\/image\/\",\"url\":\"https:\/\/legitgrams.com\/wp-content\/uploads\/2024\/09\/main-logo.png\",\"contentUrl\":\"https:\/\/legitgrams.com\/wp-content\/uploads\/2024\/09\/main-logo.png\",\"width\":270,\"height\":75,\"caption\":\"Legit Grams\"},\"image\":{\"@id\":\"https:\/\/legitgrams.com\/#\/schema\/logo\/image\/\"}}]}<\/script>\n<!-- \/ Yoast SEO plugin. -->","yoast_head_json":{"title":"Onax 20 mg Alprazolam-Pillen zu verkaufen \u2013 Onax 20 mg Alprazolam kaufen","description":"M\u00f6chten Sie Ihre Forschung vorantreiben? Kaufen Sie Onax 20mg Alprazolam Pillen bequem und sicher online, mit einem unkomplizierten Bestellvorgang f\u00fcr Onax 20mg Alprazolam Pillen zum Verkauf. Bestellen Sie jetzt!","robots":{"index":"index","follow":"follow","max-snippet":"max-snippet:-1","max-image-preview":"max-image-preview:large","max-video-preview":"max-video-preview:-1"},"canonical":"https:\/\/legitgrams.com\/de\/produkt\/onax-20mg-alprazolam-pillen\/","og_locale":"de_DE","og_type":"article","og_title":"Onax 20mg Alprazolam Pills for Sale - Buy Onax 20mg Alprazolam","og_description":"Looking to further your research? Buy Onax 20mg Alprazolam pills conveniently and securely online, with a straightforward ordering process for Onax 20mg Alprazolam pills for sale. Order Now!","og_url":"https:\/\/legitgrams.com\/de\/produkt\/onax-20mg-alprazolam-pillen\/","og_site_name":"Legit Grams","article_modified_time":"2025-01-14T10:26:23+00:00","og_image":[{"width":600,"height":600,"url":"https:\/\/legitgrams.com\/wp-content\/uploads\/2024\/09\/buy-onax-2mg-alprazolam-pills-online.jpg","type":"image\/jpeg"}],"twitter_card":"summary_large_image","twitter_misc":{"Gesch\u00e4tzte Lesezeit":"2\u00a0Minuten"},"schema":{"@context":"https:\/\/schema.org","@graph":[{"@type":"WebPage","@id":"https:\/\/legitgrams.com\/product\/onax-20mg-alprazolam-pills\/","url":"https:\/\/legitgrams.com\/product\/onax-20mg-alprazolam-pills\/","name":"Onax 20 mg Alprazolam-Pillen zu verkaufen \u2013 Onax 20 mg Alprazolam kaufen","isPartOf":{"@id":"https:\/\/legitgrams.com\/#website"},"primaryImageOfPage":{"@id":"https:\/\/legitgrams.com\/product\/onax-20mg-alprazolam-pills\/#primaryimage"},"image":{"@id":"https:\/\/legitgrams.com\/product\/onax-20mg-alprazolam-pills\/#primaryimage"},"thumbnailUrl":"https:\/\/legitgrams.com\/wp-content\/uploads\/2024\/09\/buy-onax-2mg-alprazolam-pills-online.jpg","datePublished":"2024-09-20T06:53:03+00:00","dateModified":"2025-01-14T10:26:23+00:00","description":"M\u00f6chten Sie Ihre Forschung vorantreiben? Kaufen Sie Onax 20mg Alprazolam Pillen bequem und sicher online, mit einem unkomplizierten Bestellvorgang f\u00fcr Onax 20mg Alprazolam Pillen zum Verkauf. Bestellen Sie jetzt!","breadcrumb":{"@id":"https:\/\/legitgrams.com\/product\/onax-20mg-alprazolam-pills\/#breadcrumb"},"inLanguage":"de","potentialAction":[{"@type":"ReadAction","target":["https:\/\/legitgrams.com\/product\/onax-20mg-alprazolam-pills\/"]}]},{"@type":"ImageObject","inLanguage":"de","@id":"https:\/\/legitgrams.com\/product\/onax-20mg-alprazolam-pills\/#primaryimage","url":"https:\/\/legitgrams.com\/wp-content\/uploads\/2024\/09\/buy-onax-2mg-alprazolam-pills-online.jpg","contentUrl":"https:\/\/legitgrams.com\/wp-content\/uploads\/2024\/09\/buy-onax-2mg-alprazolam-pills-online.jpg","width":600,"height":600,"caption":"Onax 20mg Alprazolam Pills for Sale"},{"@type":"BreadcrumbList","@id":"https:\/\/legitgrams.com\/product\/onax-20mg-alprazolam-pills\/#breadcrumb","itemListElement":[{"@type":"ListItem","position":1,"name":"Home","item":"https:\/\/legitgrams.com\/"},{"@type":"ListItem","position":2,"name":"Shop","item":"https:\/\/legitgrams.com\/shop\/"},{"@type":"ListItem","position":3,"name":"Onax 20mg Alprazolam pills"}]},{"@type":"WebSite","@id":"https:\/\/legitgrams.com\/#website","url":"https:\/\/legitgrams.com\/","name":"Legitimer Grammwert","description":"Mein WordPress-Blog","publisher":{"@id":"https:\/\/legitgrams.com\/#organization"},"potentialAction":[{"@type":"SearchAction","target":{"@type":"EntryPoint","urlTemplate":"https:\/\/legitgrams.com\/?s={search_term_string}"},"query-input":{"@type":"PropertyValueSpecification","valueRequired":true,"valueName":"search_term_string"}}],"inLanguage":"de"},{"@type":"Organization","@id":"https:\/\/legitgrams.com\/#organization","name":"Legitimer Grammwert","url":"https:\/\/legitgrams.com\/","logo":{"@type":"ImageObject","inLanguage":"de","@id":"https:\/\/legitgrams.com\/#\/schema\/logo\/image\/","url":"https:\/\/legitgrams.com\/wp-content\/uploads\/2024\/09\/main-logo.png","contentUrl":"https:\/\/legitgrams.com\/wp-content\/uploads\/2024\/09\/main-logo.png","width":270,"height":75,"caption":"Legit Grams"},"image":{"@id":"https:\/\/legitgrams.com\/#\/schema\/logo\/image\/"}}]}},"uagb_featured_image_src":{"full":["https:\/\/legitgrams.com\/wp-content\/uploads\/2024\/09\/buy-onax-2mg-alprazolam-pills-online.jpg",600,600,false],"thumbnail":["https:\/\/legitgrams.com\/wp-content\/uploads\/2024\/09\/buy-onax-2mg-alprazolam-pills-online-150x150.jpg",150,150,true],"medium":["https:\/\/legitgrams.com\/wp-content\/uploads\/2024\/09\/buy-onax-2mg-alprazolam-pills-online-300x300.jpg",300,300,true],"medium_large":["https:\/\/legitgrams.com\/wp-content\/uploads\/2024\/09\/buy-onax-2mg-alprazolam-pills-online.jpg",600,600,false],"large":["https:\/\/legitgrams.com\/wp-content\/uploads\/2024\/09\/buy-onax-2mg-alprazolam-pills-online.jpg",600,600,false],"1536x1536":["https:\/\/legitgrams.com\/wp-content\/uploads\/2024\/09\/buy-onax-2mg-alprazolam-pills-online.jpg",600,600,false],"2048x2048":["https:\/\/legitgrams.com\/wp-content\/uploads\/2024\/09\/buy-onax-2mg-alprazolam-pills-online.jpg",600,600,false],"trp-custom-language-flag":["https:\/\/legitgrams.com\/wp-content\/uploads\/2024\/09\/buy-onax-2mg-alprazolam-pills-online-12x12.jpg",12,12,true],"woocommerce_thumbnail":["https:\/\/legitgrams.com\/wp-content\/uploads\/2024\/09\/buy-onax-2mg-alprazolam-pills-online-300x300.jpg",300,300,true],"woocommerce_single":["https:\/\/legitgrams.com\/wp-content\/uploads\/2024\/09\/buy-onax-2mg-alprazolam-pills-online.jpg",600,600,false],"woocommerce_gallery_thumbnail":["https:\/\/legitgrams.com\/wp-content\/uploads\/2024\/09\/buy-onax-2mg-alprazolam-pills-online-100x100.jpg",100,100,true]},"uagb_author_info":{"display_name":"cokeblog18","author_link":"https:\/\/legitgrams.com\/de\/author\/"},"uagb_comment_info":0,"uagb_excerpt":"Purchase Alprazolam pills and Onax 20mg online. Strong medication alprazolam is often marketed under the brand name Onax. Psychiatric Conditions Anxiolytic disorders, in which a person experiences extreme anxiety, are another condition for which Onax 2 mg is prescribed. If you want total control over your life, you can also purchase Onax 2mg online from&hellip;","_links":{"self":[{"href":"https:\/\/legitgrams.com\/de\/wp-json\/wp\/v2\/product\/3842","targetHints":{"allow":["GET"]}}],"collection":[{"href":"https:\/\/legitgrams.com\/de\/wp-json\/wp\/v2\/product"}],"about":[{"href":"https:\/\/legitgrams.com\/de\/wp-json\/wp\/v2\/types\/product"}],"replies":[{"embeddable":true,"href":"https:\/\/legitgrams.com\/de\/wp-json\/wp\/v2\/comments?post=3842"}],"wp:featuredmedia":[{"embeddable":true,"href":"https:\/\/legitgrams.com\/de\/wp-json\/wp\/v2\/media\/5217"}],"wp:attachment":[{"href":"https:\/\/legitgrams.com\/de\/wp-json\/wp\/v2\/media?parent=3842"}],"wp:term":[{"taxonomy":"product_brand","embeddable":true,"href":"https:\/\/legitgrams.com\/de\/wp-json\/wp\/v2\/product_brand?post=3842"},{"taxonomy":"product_cat","embeddable":true,"href":"https:\/\/legitgrams.com\/de\/wp-json\/wp\/v2\/product_cat?post=3842"},{"taxonomy":"product_tag","embeddable":true,"href":"https:\/\/legitgrams.com\/de\/wp-json\/wp\/v2\/product_tag?post=3842"}],"curies":[{"name":"wp","href":"https:\/\/api.w.org\/{rel}","templated":true}]}}