{"id":3852,"date":"2024-09-20T07:31:36","date_gmt":"2024-09-20T07:31:36","guid":{"rendered":"https:\/\/legitgrams.com\/?post_type=product&#038;p=3852"},"modified":"2025-04-05T06:24:32","modified_gmt":"2025-04-05T06:24:32","slug":"oxycodon-10mg","status":"publish","type":"product","link":"https:\/\/legitgrams.com\/de\/produkt\/oxycodon-10mg\/","title":{"rendered":"Kaufen Sie Oxycodon 10 mg online"},"content":{"rendered":"<h2>Oxycodon 10 mg online kaufen. Oxycodon 10 mg und 30 mg online kaufen.<\/h2>\n<p>Ein Opioid zur Behandlung mittlerer bis starker Schmerzen ist <a href=\"https:\/\/en.wikipedia.org\/wiki\/Oxycodone\">Oxycodon<\/a>. Oxycodon wird oral eingenommen und ist sowohl in Formulierungen mit sofortiger als auch mit verl\u00e4ngerter Wirkstofffreisetzung erh\u00e4ltlich. Die Wirkung von Oxycodon mit sofortiger Wirkstofffreisetzung l\u00e4sst in der Regel nach etwa sechs Stunden nach, mit einer durchschnittlichen Einnahmezeit von f\u00fcnfzehn Minuten. Au\u00dferdem kann Oxycodon online in Kombination mit Aspirin oder Paracetamol erworben werden.<\/p>\n<p><a href=\"https:\/\/www.bing.com\/search?q=Buy%20Oxycodone%2010mg%20Online&amp;qs=n&amp;form=QBRE&amp;sp=-1&amp;lq=0&amp;pq=buy%20oxycodone%2010mg%20online&amp;sc=0-25&amp;sk=&amp;cvid=802B02329C1B4EC996D8AEE3F861180A&amp;ghsh=0&amp;ghacc=0&amp;ghpl=\">Oxycodon<\/a> ist wirksamer als Morphin, wie Studien belegen, die zeigen, dass 5 mg Oxycodon etwa 1,5-mal wirksamer sind als 5 mg Morphin.<\/p>\n<p>1916 wurde die erste <a href=\"https:\/\/legitgrams.com\/de\/produkt\/oxycodon-10mg\/\">Oxycodon<\/a> von den Deutschen aus Rindern hergestellt. Eine generische Version des Medikaments, die im Gro\u00dfhandel weniger als $0,30 pro Pille kostet, wird auch in den USA angeboten.<\/p>\n<p>Mit mehr als 10 Millionen Rezepten, die j\u00e4hrlich daf\u00fcr ausgestellt werden, <a href=\"https:\/\/www.google.com\/search?q=Kaufen+Sie+Oxycodon+10+mg+online&amp;sca_esv=eddefdb7b92e7545&amp;sxsrf=AHTn8zrYWO9ZNimoK0ggRWluyWItSSQaMg1743834509486&amp;ei=jc3wZ8a4Hdnz0PEP8I7VoQ0&amp;ved=0ahUKEwiGs_DjocCMAxXZOTQIHXBHNdQQ4dUDCBA&amp;uact=5&amp;oq=Kaufen+Sie+Oxycodon+10+mg+online&amp;gs_lp=Egxnd3Mtd2l6LXNlcnAiIEthdWZlbiBTaWUgT3h5Y29kb24gMTAgbWcgb25saW5lMgcQIRigARgKMgcQIRigARgKMgcQIRigARgKMgcQIRigARgKSLoEUABYAHAAeACQAQCYAfsCoAH7AqoBAzMtMbgBA8gBAPgBAvgBAZgCAaACggOYAwCSBwMzLTGgB5YFsgcDMy0xuAeCAw&amp;sclient=gws-wiz-serp\">Oxycodon<\/a> ist eines der am h\u00e4ufigsten verschriebenen Opioid-Analgetika in den USA.<\/p>\n<h3>Anwendungen f\u00fcr Oxycodon<\/h3>\n<p>F\u00fcr die Behandlung von m\u00e4\u00dfigen bis starken akuten oder chronischen Schmerzen k\u00f6nnen Sie Oxycodon online kaufen. \u00c4rzte empfehlen Oxycodon nur dann, wenn Patienten mit alternativen Therapien wie kombinierten Opioiden oder Nicht-Opioid-Analgetika nicht die erforderliche Schmerzlinderung erzielen k\u00f6nnen. Unter bestimmten Umst\u00e4nden kann das Medikament auch die Lebensqualit\u00e4t verbessern. <a href=\"https:\/\/legitgrams.com\/de\/\">LegitGrams<\/a><\/p>\n<p>Dar\u00fcber hinaus hat Oxycodon eine analgetische Wirkung, die bis zu 12 Stunden anh\u00e4lt, und ist als Tablette mit kontrollierter Wirkstofffreisetzung erh\u00e4ltlich. Laut einer unabh\u00e4ngigen Studie vom Juli 1996 hat die Form mit kontrollierter Wirkstofffreisetzung von Oxycodon eine variable Halbwertszeit von 10 bis 12 Stunden.<\/p>\n<p>Eine Analyse aus dem Jahr 2006 ergab, dass Oxycodon mit kontrollierter Freisetzung bei der Behandlung von Krebsschmerzen weniger Nebenwirkungen hat als Hydromorphon, Morphin und seine Gegenst\u00fccke mit sofortiger Freisetzung. Der Studie zufolge ist Oxycodon mit kontrollierter Freisetzung eine wettbewerbsf\u00e4hige Alternative zu Morphin und eine gute Erstlinienbehandlung bei Krebsschmerzen. <a href=\"https:\/\/duckduckgo.com\/?q=Kaufen+Sie+Oxycodon+10+mg+online&amp;t=h_&amp;ia=web\">Oxycodon<\/a> is a competitive alternative to morphine and a good first-line treatment for cancer pain.<\/p>\n<p>In den USA genehmigt die FDA Oxycodon mit verl\u00e4ngerter Wirkstofffreisetzung nur f\u00fcr Kinder ab 11 Jahren, die unter postoperativen Schmerzen, Traumata oder Krebs leiden, derzeit eine Opioid-Analgetika-Therapie erhalten und mindestens 20 mg des Medikaments einnehmen k\u00f6nnen.s<span style=\"font-size: 16px;\">\u00a0Oxycodon pro Tag.<\/span><\/p>\n<h3>Vorgehensweise<\/h3>\n<p>Oxycodon ist ein k\u00fcnstliches oder halbsynthetisches Opioid, das als selektiver Vollagonist des \u03bc-Opioid-Rezeptors (MOR) fungiert, dem prim\u00e4ren biologischen Ziel des endogenen Opioid-Neuropeptids Beta-Endorphin. Obwohl das Medikament eine m\u00e4\u00dfige Affinit\u00e4t zu diesen Rezeptoren aufweist, ist es ein Agonist am Delta-Opioid-Rezeptor (DOR) und am K-Opioid-Rezeptor (KOR). Nach der Bindung an MOR bildet Oxycodon einen G-Protein-Komplex, der die cAMP-Produktion reduziert, Kalziumkan\u00e4le \u00f6ffnet und Kaliumkan\u00e4le schlie\u00dft und so die Freisetzung von Zellneurotransmittern blockiert.<\/p>\n<p>Die Aktivierung von MOR in der rostralen ventromedialen Medulla (RVM) und der periaqu\u00e4duktalen Grauzone (PAG) des Mittelhirns gilt als Ursache f\u00fcr die analgetische Wirkung von Oxycodon. Allerdings verursachen sie Sucht, indem sie MOR im Nucleus accumbens, im ventralen Pallidum und im ventralen tegmentalen Bereich des mesolimbischen Belohnungssystems aktivieren.<\/p>\n<h3>Negative Folgen<\/h3>\n<p>Oxycodon hat neben seiner wesentlichen therapeutischen Funktion mehrere negative Auswirkungen. Sie sollten Oxycodon nur mit \u00e4rztlichem Rezept online kaufen. Das Medikament hat schwerwiegende Nebenwirkungen, darunter Atemdepression, Euphorie, Anxiolyse, verringerte Schmerzempfindlichkeit und Entspannungsgef\u00fchle.<\/p>\n<h3>Zu den h\u00e4ufigen Nebenwirkungen von Oxycodon geh\u00f6ren:<\/h3>\n<p>\u00dcbelkeit (23%).<br \/>\nVerstopfung (23%).<\/p>\n<p>Somnolenz (23%).<br \/>\nJuckreiz (13%).<br \/>\nBenommenheit (13%)<br \/>\nW\u00fcrgen (12%)<br \/>\nTrockenheit im Mund (6%).<br \/>\nSchwitzen (5%)<br \/>\nWeniger als 5% der Patienten haben weniger h\u00e4ufige Nebenwirkungen von Oxycodon, wie Schluckauf, Angstzust\u00e4nde, Durchfall, Bauchschmerzen, Dyspnoe und Appetitlosigkeit.<\/p>\n<p>Im Laufe der Zeit lassen die meisten negativen Auswirkungen nach und verschwinden schlie\u00dflich nach einigen Tagen oder einer Woche. Verstopfung ist jedoch wahrscheinlicher, dass sie w\u00e4hrend der Einnahme bestehen bleibt.<\/p>\n<h3>Wechselwirkungen<\/h3>\n<p>Das Medikament hat unerw\u00fcnschte Nebenwirkungen, wenn es sich mit anderen Medikamenten vermischt. Um sich \u00fcber alle m\u00f6glichen Wechselwirkungen mit anderen Medikamenten zu informieren, ist es am besten, Oxycodon online zu kaufen und die Anweisungen auf dem Etikett sorgf\u00e4ltig zu lesen.<\/p>\n<p>Die Enzyme CYP3A4 und CYP2D6 bauen Oxycodon ab. Durch die Verl\u00e4ngerung bzw. Verk\u00fcrzung der Halbwertszeit des Medikaments k\u00f6nnen die Induktoren und Inhibitoren dieser Enzyme daher die Geschwindigkeit ver\u00e4ndern, mit der Oxycodon aus dem K\u00f6rper ausgeschieden wird. Die genetischen Varianten dieser Enzyme wirken sich auch darauf aus, wie viel Oxycodon abgebaut wird, was mit der gro\u00dfen interindividuellen Variabilit\u00e4t der Wirksamkeit und Halbwertszeit von Oxycodon zusammenh\u00e4ngt.<\/p>\n<p>Da CYP2D6 und CYP3A4 durch Lopinavir\/Ritonavir oder Ritonavir gehemmt werden, sind die Oxycodon-Plasmakonzentrationen bei gesunden Personen drastisch erh\u00f6ht.<\/p>\n<p>Die F\u00e4higkeit von Rifampicin, aktives CYP3A4 zu induzieren, senkt die Plasmaspiegel von Oxycodon. Fosphenytoin, ein Induktor von CYP2A4, vermindert die analgetische Wirkung von Oxycodon bei einem Patienten mit chronischen Schmerzen erheblich.<\/p>\n<p>Wenn es Wechselwirkungen mit anderen Medikamenten gibt, muss der Arzt die Dosierung oder die Verschreibung \u00e4ndern.<\/p>\n<p>&nbsp;<\/p>","protected":false},"excerpt":{"rendered":"<p>Purchase Oxycodone 10 mg online. Buy Oxycodone 10 mg and 30 mg online. One opioid medication for treating moderate to severe pain is oxycodone. It is an oral drug available in formulations for both immediate and prolonged release. The effects of immediate-release oxycodone usually wear off in about six hours, with an average start time &hellip;<\/p>\n<p class=\"read-more\"> <a class=\"\" href=\"https:\/\/legitgrams.com\/de\/produkt\/oxycodon-10mg\/\"> <span class=\"screen-reader-text\">Kaufen Sie Oxycodon 10 mg online<\/span> Mehr lesen \"<\/a><\/p>","protected":false},"featured_media":5220,"comment_status":"open","ping_status":"closed","template":"","meta":{"_uag_custom_page_level_css":"","site-sidebar-layout":"default","site-content-layout":"default","ast-global-header-display":"","ast-main-header-display":"","ast-hfb-above-header-display":"","ast-hfb-below-header-display":"","ast-hfb-mobile-header-display":"","site-post-title":"","ast-breadcrumbs-content":"","ast-featured-img":"","footer-sml-layout":"","theme-transparent-header-meta":"default","adv-header-id-meta":"","stick-header-meta":"default","header-above-stick-meta":"","header-main-stick-meta":"","header-below-stick-meta":"","_joinchat":[]},"product_brand":[],"product_cat":[608,597],"product_tag":[4717,4707,617,4699,4714,4711,4706,4704,4698,4701,4709,4700,4702,4710,4712,4719,4720,4718,4715,4716,4713,625,4705,4708,4703],"class_list":{"0":"post-3852","1":"product","2":"type-product","3":"status-publish","4":"has-post-thumbnail","6":"product_cat-pain-pills","7":"product_cat-pain-sleeping-sex-pills","8":"product_tag-best-cheap-price-oxycodone-10mg","9":"product_tag-best-place-to-buy-oxycodone-10mg","10":"product_tag-bulk-online","11":"product_tag-buy-oxycodone-10mg","12":"product_tag-cheap-oxycodone-10mg","13":"product_tag-high-quality-oxycodone-10mg","14":"product_tag-how-to-buy-oxycodone-10mg","15":"product_tag-order-oxycodone-10mg","16":"product_tag-oxycodone-10mg","17":"product_tag-oxycodone-10mg-for-sale","18":"product_tag-oxycodone-10mg-legally","19":"product_tag-oxycodone-10mg-online","20":"product_tag-oxycodone-10mg-oxycodone-10mg-supplier","21":"product_tag-oxycodone-10mg-price","22":"product_tag-oxycodone-10mg-store","23":"product_tag-oxycodone-10mg-use","24":"product_tag-oxycodone-10mg-wiki","25":"product_tag-oxycodone-10mg-worldwide","26":"product_tag-oxycodone-10mgs","27":"product_tag-purcharse-oxycodone-10mg","28":"product_tag-shop-oxycodone-10mg","29":"product_tag-top-quality","30":"product_tag-where-to-buy-oxycodone-10mg","31":"product_tag-where-to-order-oxycodone-10mg","32":"product_tag-wholesale-oxycodone-10mg","33":"desktop-align-left","34":"tablet-align-left","35":"mobile-align-left","36":"ast-product-gallery-layout-horizontal","37":"ast-product-gallery-with-no-image","38":"ast-product-single-variable","39":"ast-product-tabs-layout-horizontal","40":"ast-qv-on-image","42":"first","43":"instock","44":"featured","45":"shipping-taxable","46":"purchasable","47":"product-type-variable"},"yoast_head":"<!-- This site is optimized with the Yoast SEO plugin v25.9 - https:\/\/yoast.com\/wordpress\/plugins\/seo\/ -->\n<title>Oxycodone 10mg for Sale - Order Oxycodone 10mg Pills Online<\/title>\n<meta name=\"description\" content=\"Discover top-notch Oxycodone 10mg for sale at our online store - buy Oxycodone 10mg conveniently and securely to fuel your research. Explore and buy Oxycodone 10mg online, advancing your scientific endeavors with ease. Order Now!\" \/>\n<meta name=\"robots\" content=\"index, follow, max-snippet:-1, max-image-preview:large, max-video-preview:-1\" \/>\n<link rel=\"canonical\" href=\"https:\/\/legitgrams.com\/de\/produkt\/oxycodon-10mg\/\" \/>\n<meta property=\"og:locale\" content=\"de_DE\" \/>\n<meta property=\"og:type\" content=\"article\" \/>\n<meta property=\"og:title\" content=\"Oxycodone 10mg for Sale - Order Oxycodone 10mg Pills Online\" \/>\n<meta property=\"og:description\" content=\"Discover top-notch Oxycodone 10mg for sale at our online store - buy Oxycodone 10mg conveniently and securely to fuel your research. Explore and buy Oxycodone 10mg online, advancing your scientific endeavors with ease. Order Now!\" \/>\n<meta property=\"og:url\" content=\"https:\/\/legitgrams.com\/de\/produkt\/oxycodon-10mg\/\" \/>\n<meta property=\"og:site_name\" content=\"Legit Grams\" \/>\n<meta property=\"article:modified_time\" content=\"2025-04-05T06:24:32+00:00\" \/>\n<meta property=\"og:image\" content=\"https:\/\/legitgrams.com\/wp-content\/uploads\/2024\/09\/buy-roxicodone-30mg-pills-online.jpg\" \/>\n\t<meta property=\"og:image:width\" content=\"600\" \/>\n\t<meta property=\"og:image:height\" content=\"600\" \/>\n\t<meta property=\"og:image:type\" content=\"image\/jpeg\" \/>\n<meta name=\"twitter:card\" content=\"summary_large_image\" \/>\n<meta name=\"twitter:label1\" content=\"Gesch\u00e4tzte Lesezeit\" \/>\n\t<meta name=\"twitter:data1\" content=\"4\u00a0Minuten\" \/>\n<script type=\"application\/ld+json\" class=\"yoast-schema-graph\">{\"@context\":\"https:\/\/schema.org\",\"@graph\":[{\"@type\":\"WebPage\",\"@id\":\"https:\/\/legitgrams.com\/product\/oxycodone-10mg\/\",\"url\":\"https:\/\/legitgrams.com\/product\/oxycodone-10mg\/\",\"name\":\"Oxycodone 10mg for Sale - Order Oxycodone 10mg Pills Online\",\"isPartOf\":{\"@id\":\"https:\/\/legitgrams.com\/#website\"},\"primaryImageOfPage\":{\"@id\":\"https:\/\/legitgrams.com\/product\/oxycodone-10mg\/#primaryimage\"},\"image\":{\"@id\":\"https:\/\/legitgrams.com\/product\/oxycodone-10mg\/#primaryimage\"},\"thumbnailUrl\":\"https:\/\/legitgrams.com\/wp-content\/uploads\/2024\/09\/buy-roxicodone-30mg-pills-online.jpg\",\"datePublished\":\"2024-09-20T07:31:36+00:00\",\"dateModified\":\"2025-04-05T06:24:32+00:00\",\"description\":\"Discover top-notch Oxycodone 10mg for sale at our online store - buy Oxycodone 10mg conveniently and securely to fuel your research. Explore and buy Oxycodone 10mg online, advancing your scientific endeavors with ease. Order Now!\",\"breadcrumb\":{\"@id\":\"https:\/\/legitgrams.com\/product\/oxycodone-10mg\/#breadcrumb\"},\"inLanguage\":\"de\",\"potentialAction\":[{\"@type\":\"ReadAction\",\"target\":[\"https:\/\/legitgrams.com\/product\/oxycodone-10mg\/\"]}]},{\"@type\":\"ImageObject\",\"inLanguage\":\"de\",\"@id\":\"https:\/\/legitgrams.com\/product\/oxycodone-10mg\/#primaryimage\",\"url\":\"https:\/\/legitgrams.com\/wp-content\/uploads\/2024\/09\/buy-roxicodone-30mg-pills-online.jpg\",\"contentUrl\":\"https:\/\/legitgrams.com\/wp-content\/uploads\/2024\/09\/buy-roxicodone-30mg-pills-online.jpg\",\"width\":600,\"height\":600,\"caption\":\"Oxycodone 10mg for Sale\"},{\"@type\":\"BreadcrumbList\",\"@id\":\"https:\/\/legitgrams.com\/product\/oxycodone-10mg\/#breadcrumb\",\"itemListElement\":[{\"@type\":\"ListItem\",\"position\":1,\"name\":\"Home\",\"item\":\"https:\/\/legitgrams.com\/\"},{\"@type\":\"ListItem\",\"position\":2,\"name\":\"Shop\",\"item\":\"https:\/\/legitgrams.com\/shop\/\"},{\"@type\":\"ListItem\",\"position\":3,\"name\":\"Buy Oxycodone 10mg Online\"}]},{\"@type\":\"WebSite\",\"@id\":\"https:\/\/legitgrams.com\/#website\",\"url\":\"https:\/\/legitgrams.com\/\",\"name\":\"Legit Grams\",\"description\":\"My WordPress Blog\",\"publisher\":{\"@id\":\"https:\/\/legitgrams.com\/#organization\"},\"potentialAction\":[{\"@type\":\"SearchAction\",\"target\":{\"@type\":\"EntryPoint\",\"urlTemplate\":\"https:\/\/legitgrams.com\/?s={search_term_string}\"},\"query-input\":{\"@type\":\"PropertyValueSpecification\",\"valueRequired\":true,\"valueName\":\"search_term_string\"}}],\"inLanguage\":\"de\"},{\"@type\":\"Organization\",\"@id\":\"https:\/\/legitgrams.com\/#organization\",\"name\":\"Legit Grams\",\"url\":\"https:\/\/legitgrams.com\/\",\"logo\":{\"@type\":\"ImageObject\",\"inLanguage\":\"de\",\"@id\":\"https:\/\/legitgrams.com\/#\/schema\/logo\/image\/\",\"url\":\"https:\/\/legitgrams.com\/wp-content\/uploads\/2024\/09\/main-logo.png\",\"contentUrl\":\"https:\/\/legitgrams.com\/wp-content\/uploads\/2024\/09\/main-logo.png\",\"width\":270,\"height\":75,\"caption\":\"Legit Grams\"},\"image\":{\"@id\":\"https:\/\/legitgrams.com\/#\/schema\/logo\/image\/\"}}]}<\/script>\n<!-- \/ Yoast SEO plugin. -->","yoast_head_json":{"title":"Oxycodon 10mg zu verkaufen - Oxycodon 10mg Pillen online bestellen","description":"Entdecken Sie erstklassiges Oxycodon 10mg zum Verkauf in unserem Online-Shop - kaufen Sie Oxycodon 10mg bequem und sicher, um Ihre Forschung zu unterst\u00fctzen. Erforschen und kaufen Sie Oxycodone 10mg online, um Ihre wissenschaftlichen Bem\u00fchungen mit Leichtigkeit voranzutreiben. Bestellen Sie jetzt!","robots":{"index":"index","follow":"follow","max-snippet":"max-snippet:-1","max-image-preview":"max-image-preview:large","max-video-preview":"max-video-preview:-1"},"canonical":"https:\/\/legitgrams.com\/de\/produkt\/oxycodon-10mg\/","og_locale":"de_DE","og_type":"article","og_title":"Oxycodone 10mg for Sale - Order Oxycodone 10mg Pills Online","og_description":"Discover top-notch Oxycodone 10mg for sale at our online store - buy Oxycodone 10mg conveniently and securely to fuel your research. Explore and buy Oxycodone 10mg online, advancing your scientific endeavors with ease. Order Now!","og_url":"https:\/\/legitgrams.com\/de\/produkt\/oxycodon-10mg\/","og_site_name":"Legit Grams","article_modified_time":"2025-04-05T06:24:32+00:00","og_image":[{"width":600,"height":600,"url":"https:\/\/legitgrams.com\/wp-content\/uploads\/2024\/09\/buy-roxicodone-30mg-pills-online.jpg","type":"image\/jpeg"}],"twitter_card":"summary_large_image","twitter_misc":{"Gesch\u00e4tzte Lesezeit":"4\u00a0Minuten"},"schema":{"@context":"https:\/\/schema.org","@graph":[{"@type":"WebPage","@id":"https:\/\/legitgrams.com\/product\/oxycodone-10mg\/","url":"https:\/\/legitgrams.com\/product\/oxycodone-10mg\/","name":"Oxycodon 10mg zu verkaufen - Oxycodon 10mg Pillen online bestellen","isPartOf":{"@id":"https:\/\/legitgrams.com\/#website"},"primaryImageOfPage":{"@id":"https:\/\/legitgrams.com\/product\/oxycodone-10mg\/#primaryimage"},"image":{"@id":"https:\/\/legitgrams.com\/product\/oxycodone-10mg\/#primaryimage"},"thumbnailUrl":"https:\/\/legitgrams.com\/wp-content\/uploads\/2024\/09\/buy-roxicodone-30mg-pills-online.jpg","datePublished":"2024-09-20T07:31:36+00:00","dateModified":"2025-04-05T06:24:32+00:00","description":"Entdecken Sie erstklassiges Oxycodon 10mg zum Verkauf in unserem Online-Shop - kaufen Sie Oxycodon 10mg bequem und sicher, um Ihre Forschung zu unterst\u00fctzen. Erforschen und kaufen Sie Oxycodone 10mg online, um Ihre wissenschaftlichen Bem\u00fchungen mit Leichtigkeit voranzutreiben. Bestellen Sie jetzt!","breadcrumb":{"@id":"https:\/\/legitgrams.com\/product\/oxycodone-10mg\/#breadcrumb"},"inLanguage":"de","potentialAction":[{"@type":"ReadAction","target":["https:\/\/legitgrams.com\/product\/oxycodone-10mg\/"]}]},{"@type":"ImageObject","inLanguage":"de","@id":"https:\/\/legitgrams.com\/product\/oxycodone-10mg\/#primaryimage","url":"https:\/\/legitgrams.com\/wp-content\/uploads\/2024\/09\/buy-roxicodone-30mg-pills-online.jpg","contentUrl":"https:\/\/legitgrams.com\/wp-content\/uploads\/2024\/09\/buy-roxicodone-30mg-pills-online.jpg","width":600,"height":600,"caption":"Oxycodone 10mg for Sale"},{"@type":"BreadcrumbList","@id":"https:\/\/legitgrams.com\/product\/oxycodone-10mg\/#breadcrumb","itemListElement":[{"@type":"ListItem","position":1,"name":"Home","item":"https:\/\/legitgrams.com\/"},{"@type":"ListItem","position":2,"name":"Shop","item":"https:\/\/legitgrams.com\/shop\/"},{"@type":"ListItem","position":3,"name":"Buy Oxycodone 10mg Online"}]},{"@type":"WebSite","@id":"https:\/\/legitgrams.com\/#website","url":"https:\/\/legitgrams.com\/","name":"Legitimer Grammwert","description":"Mein WordPress-Blog","publisher":{"@id":"https:\/\/legitgrams.com\/#organization"},"potentialAction":[{"@type":"SearchAction","target":{"@type":"EntryPoint","urlTemplate":"https:\/\/legitgrams.com\/?s={search_term_string}"},"query-input":{"@type":"PropertyValueSpecification","valueRequired":true,"valueName":"search_term_string"}}],"inLanguage":"de"},{"@type":"Organization","@id":"https:\/\/legitgrams.com\/#organization","name":"Legitimer Grammwert","url":"https:\/\/legitgrams.com\/","logo":{"@type":"ImageObject","inLanguage":"de","@id":"https:\/\/legitgrams.com\/#\/schema\/logo\/image\/","url":"https:\/\/legitgrams.com\/wp-content\/uploads\/2024\/09\/main-logo.png","contentUrl":"https:\/\/legitgrams.com\/wp-content\/uploads\/2024\/09\/main-logo.png","width":270,"height":75,"caption":"Legit Grams"},"image":{"@id":"https:\/\/legitgrams.com\/#\/schema\/logo\/image\/"}}]}},"uagb_featured_image_src":{"full":["https:\/\/legitgrams.com\/wp-content\/uploads\/2024\/09\/buy-roxicodone-30mg-pills-online.jpg",600,600,false],"thumbnail":["https:\/\/legitgrams.com\/wp-content\/uploads\/2024\/09\/buy-roxicodone-30mg-pills-online-150x150.jpg",150,150,true],"medium":["https:\/\/legitgrams.com\/wp-content\/uploads\/2024\/09\/buy-roxicodone-30mg-pills-online-300x300.jpg",300,300,true],"medium_large":["https:\/\/legitgrams.com\/wp-content\/uploads\/2024\/09\/buy-roxicodone-30mg-pills-online.jpg",600,600,false],"large":["https:\/\/legitgrams.com\/wp-content\/uploads\/2024\/09\/buy-roxicodone-30mg-pills-online.jpg",600,600,false],"1536x1536":["https:\/\/legitgrams.com\/wp-content\/uploads\/2024\/09\/buy-roxicodone-30mg-pills-online.jpg",600,600,false],"2048x2048":["https:\/\/legitgrams.com\/wp-content\/uploads\/2024\/09\/buy-roxicodone-30mg-pills-online.jpg",600,600,false],"trp-custom-language-flag":["https:\/\/legitgrams.com\/wp-content\/uploads\/2024\/09\/buy-roxicodone-30mg-pills-online-12x12.jpg",12,12,true],"woocommerce_thumbnail":["https:\/\/legitgrams.com\/wp-content\/uploads\/2024\/09\/buy-roxicodone-30mg-pills-online-300x300.jpg",300,300,true],"woocommerce_single":["https:\/\/legitgrams.com\/wp-content\/uploads\/2024\/09\/buy-roxicodone-30mg-pills-online.jpg",600,600,false],"woocommerce_gallery_thumbnail":["https:\/\/legitgrams.com\/wp-content\/uploads\/2024\/09\/buy-roxicodone-30mg-pills-online-100x100.jpg",100,100,true]},"uagb_author_info":{"display_name":"cokeblog18","author_link":"https:\/\/legitgrams.com\/de\/author\/"},"uagb_comment_info":0,"uagb_excerpt":"Purchase Oxycodone 10 mg online. Buy Oxycodone 10 mg and 30 mg online. One opioid medication for treating moderate to severe pain is oxycodone. It is an oral drug available in formulations for both immediate and prolonged release. The effects of immediate-release oxycodone usually wear off in about six hours, with an average start time&hellip;","_links":{"self":[{"href":"https:\/\/legitgrams.com\/de\/wp-json\/wp\/v2\/product\/3852","targetHints":{"allow":["GET"]}}],"collection":[{"href":"https:\/\/legitgrams.com\/de\/wp-json\/wp\/v2\/product"}],"about":[{"href":"https:\/\/legitgrams.com\/de\/wp-json\/wp\/v2\/types\/product"}],"replies":[{"embeddable":true,"href":"https:\/\/legitgrams.com\/de\/wp-json\/wp\/v2\/comments?post=3852"}],"wp:featuredmedia":[{"embeddable":true,"href":"https:\/\/legitgrams.com\/de\/wp-json\/wp\/v2\/media\/5220"}],"wp:attachment":[{"href":"https:\/\/legitgrams.com\/de\/wp-json\/wp\/v2\/media?parent=3852"}],"wp:term":[{"taxonomy":"product_brand","embeddable":true,"href":"https:\/\/legitgrams.com\/de\/wp-json\/wp\/v2\/product_brand?post=3852"},{"taxonomy":"product_cat","embeddable":true,"href":"https:\/\/legitgrams.com\/de\/wp-json\/wp\/v2\/product_cat?post=3852"},{"taxonomy":"product_tag","embeddable":true,"href":"https:\/\/legitgrams.com\/de\/wp-json\/wp\/v2\/product_tag?post=3852"}],"curies":[{"name":"wp","href":"https:\/\/api.w.org\/{rel}","templated":true}]}}