{"id":3854,"date":"2024-09-20T07:55:06","date_gmt":"2024-09-20T07:55:06","guid":{"rendered":"https:\/\/legitgrams.com\/?post_type=product&#038;p=3854"},"modified":"2025-01-15T05:33:48","modified_gmt":"2025-01-15T05:33:48","slug":"roxicodon-30mg","status":"publish","type":"product","link":"https:\/\/legitgrams.com\/de\/produkt\/roxicodon-30mg\/","title":{"rendered":"Roxicodon 30mg"},"content":{"rendered":"<h2>Roxicodone 30 mg online kaufen<\/h2>\n<h3>30 mg Roxicodon online kaufen Wie viel wissen Sie \u00fcber Roxicodon?<\/h3>\n<p>Kaufen Sie <a href=\"https:\/\/legitgrams.com\/de\/produkt\/roxicodon-30mg\/\">30 mg Roxicodon<\/a> online. Roxicodon ist ein Medikament, das bei der Behandlung von m\u00e4\u00dfigen bis starken Schmerzen hilft. Dieses Medikament geh\u00f6rt zur Klasse der Opioid-Analgetika und wird sowohl in Formulierungen mit verl\u00e4ngerter als auch mit kurzer Wirkstofffreisetzung angeboten. Innerhalb von f\u00fcnfzehn Minuten beginnt die kurze Form der Freisetzung zu wirken, und ihre Wirkung kann bis zu sechs Stunden anhalten. Ein opioides Schmerzmittel mit Suchtpotenzial ist Roxicodon. Da Roxicodon eine verbotene Substanz ist, ben\u00f6tigen Sie ein Rezept, um es online zu kaufen. Au\u00dferdem kann dieses Medikament in Verbindung mit Aspirin oder Paracetamol gekauft werden.<\/p>\n<h3>Roxicodon: Was ist das?<\/h3>\n<p>Ein Opioid-Analgetikum namens Roxicodon ist ein Arzneimittel zur Behandlung von m\u00e4\u00dfigen bis starken Schmerzen. F\u00fcr die Behandlung Ihrer Beschwerden ist Roxicodon problemlos online erh\u00e4ltlich. Manche Menschen bezeichnen verschreibungspflichtige Opioide als Narkotika.<\/p>\n<p>Roxicodon mit verl\u00e4ngerter Wirkstofffreisetzung ist nicht f\u00fcr eine bedarfsabh\u00e4ngige Schmerzlinderung gedacht, sondern f\u00fcr eine kontinuierliche Anwendung. Es werden sowohl Versionen mit kontrollierter Freisetzung als auch solche mit sofortiger Freisetzung angeboten. In der Regel wird es oral eingenommen. Kaufen Sie 30 mg Roxicodon online. <a href=\"https:\/\/legitgrams.com\/de\/\">LegitGrams<\/a><\/p>\n<p>Kaufen Sie Roxicodone online zu einem fairen Preis von einem zuverl\u00e4ssigen Lieferanten, der problemlose Liefer- und Versanddienste anbietet.<\/p>\n<h3>Wie wird Roxicodon eingenommen?<\/h3>\n<p>Die Anweisungen auf dem Etikett Ihres Rezepts und die Medikamentenempfehlungen sollten sorgf\u00e4ltig gelesen und befolgt werden. Nehmen Sie Roxicodon niemals l\u00e4nger als empfohlen oder in kleineren oder gr\u00f6\u00dferen Dosen ein. Informieren Sie Ihren Arzt, wenn Sie ein st\u00e4rkeres Verlangen nach diesem Medikament versp\u00fcren.<\/p>\n<p>Geben Sie niemals einer anderen Person opioidhaltige Medikamente, wie z. B. <a href=\"https:\/\/en.wikipedia.org\/wiki\/Oxymorphone\">roxicodone<\/a>besonders wenn sie eine Vorgeschichte von Drogenmissbrauch oder -abh\u00e4ngigkeit haben. Wenn Roxicodon missbraucht wird, kann es zu \u00dcberdosierung, Abh\u00e4ngigkeit oder sogar zum Tod f\u00fchren. Das Gesetz verbietet den Verkauf oder Vertrieb von Opioid-Medikamenten.<\/p>\n<p>Wenn Sie mit der Einnahme von Roxicodone extended-release beginnen, stellen Sie die Einnahme aller anderen opioiden Schmerzmittel ein. Bevor Sie Roxicodon einnehmen, essen Sie etwas.<\/p>\n<p>Um eine potenziell t\u00f6dliche \u00dcberdosierung zu vermeiden, schlucken Sie die gesamte Kapsel, ohne sie zu kauen, zu zerdr\u00fccken, zu brechen, zu \u00f6ffnen oder aufzul\u00f6sen.<\/p>\n<p>Wenn es Ihnen schwerf\u00e4llt, die ganze Kapsel zu schlucken, brechen Sie sie auf und streuen Sie die Tablette \u00fcber einen L\u00f6ffel Pudding oder Apfelmus. Kauen Sie nichts, sondern schlucken Sie das Gebr\u00e4u sofort.<\/p>\n<p>Zerkleinern oder zerbrechen Sie niemals eine Pille, damit Sie das Pulver einatmen k\u00f6nnen, oder kombinieren Sie es mit Fl\u00fcssigkeit, um es direkt in Ihre Vene zu injizieren. Dies k\u00f6nnte zum Tod f\u00fchren. Messen Sie das fl\u00fcssige Medikament sorgf\u00e4ltig ab. Benutzen Sie eine Dosierhilfe oder eine Spritze.<\/p>\n<p>Beenden Sie die Einnahme von Roxicodon nicht auf einmal. Sprechen Sie mit Ihrem Arzt, bevor Sie Ihre Dosis reduzieren.<\/p>\n<p>Bewahren Sie es bei Raumtemperatur und vor Hitze und Feuchtigkeit gesch\u00fctzt auf. \u00dcberwachen Sie Ihre Medikamente. Da Roxicodon eine Droge des Missbrauchs ist, halten Sie Ausschau nach F\u00e4llen, in denen jemand Ihr Medikament missbraucht oder es ohne ein Rezept einnimmt.<\/p>\n<p>Entsorgen Sie alle nicht verwendeten Opioid-Rezepte. Eine einzige falsch oder versehentlich eingenommene Dosis Roxicodon kann t\u00f6dlich sein.<\/p>\n<h3>Was sollte ich vor der Einnahme von Roxicodone wissen? Kaufen Sie 30 mg Roxicodone online.<\/h3>\n<p>Wenn Sie allergisch gegen Roxicodon sind oder eine der folgenden Beschwerden haben, d\u00fcrfen Sie es nicht einnehmen:<\/p>\n<p>schweres Asthma oder Probleme mit den Atemwegen; oder<br \/>\nVerstopfung des Darms oder des Magens<br \/>\nWenn Sie Opioide nicht vertragen und bereits eine vergleichbare Behandlung erhalten, sollten Sie Roxicodon nicht verwenden.<\/p>\n<p>Die meisten Marken von Roxicodon sind nicht f\u00fcr die Verwendung durch Personen unter 18 Jahren empfohlen.<\/p>\n<h3>Informieren Sie Ihren Arzt oder Ihre \u00c4rztin, wenn Sie schon einmal eine solche Erfahrung gemacht haben:<\/h3>\n<p>Atemprobleme, Schlafapnoe, Krampfanf\u00e4lle, Kopftrauma, Nieren- oder Lebererkrankungen, Drogen- oder Alkoholsucht, Harnprobleme oder<br \/>\nProbleme im Zusammenhang mit der Schilddr\u00fcse, der Gallenblase oder der Bauchspeicheldr\u00fcse<br \/>\nWenn Sie w\u00e4hrend der Schwangerschaft Opioide einnehmen, besteht die Gefahr, dass Sie ein Kind zur Welt bringen, das von Drogen abh\u00e4ngig ist. Das Neugeborene kann dadurch potenziell t\u00f6dliche Entzugserscheinungen bekommen. Ein Neugeborenes, das von Opioiden abh\u00e4ngig ist, kann einige Wochen lang behandelt werden. Schlafmittel kaufen<\/p>\n<p>Sprechen Sie mit Ihrem Arzt, bevor Sie ein Opioid einnehmen, w\u00e4hrend Sie Ihr Baby stillen. Benachrichtigen Sie den Arzt, wenn Sie beobachten, dass Ihr Baby langsam atmet oder Anzeichen von extremer Schl\u00e4frigkeit zeigt.<\/p>\n<h3>Welche Vorteile bietet die Einnahme von Roxicodone?<\/h3>\n<p>Dieses Medikament soll bei der Linderung von m\u00e4\u00dfigen bis starken Schmerzen helfen. Es ist ein Mitglied der pharmakologischen Klasse der Opioid-Analgetika. Die ER-Version von Loxicodon sollte nicht verwendet werden, um leichte Schmerzen oder Beschwerden zu behandeln, die in ein paar Tagen verschwinden werden. Es wird nicht selten oder nur bei Bedarf angewendet.<\/p>\n<h3>Poster f\u00fcr Roxicodon<\/h3>\n<p>Die h\u00f6heren St\u00e4rken dieses Medikaments sollten nur von Personen eingenommen werden, die regelm\u00e4\u00dfig m\u00e4\u00dfige bis hohe Dosen von opioiden Schmerzmitteln eingenommen haben. Wenn jemand, der nicht routinem\u00e4\u00dfig Opioide einnimmt, diese Arzneimittel einnimmt, kann es zu einer \u00dcberdosierung oder sogar zum Tod kommen.<\/p>\n<h3>Wie wird Roxicodon verabreicht?<\/h3>\n<p>Roxicodon ver\u00e4ndert die Art und Weise, wie Ihr K\u00f6rper Schmerzen wahrnimmt und auf sie reagiert, indem es auf das Gehirn wirkt. Die Hauptfunktion dieses Medikaments ist die Behandlung von m\u00e4\u00dfigen bis schweren akuten oder chronischen Schmerzen, wenn andere Behandlungsformen nicht wirksam genug sind.<\/p>\n<p>In einigen F\u00e4llen von Schmerzen k\u00f6nnte es die Lebensqualit\u00e4t verbessern. Es ist noch nicht bekannt, ob die Anwendung bei chronischen Schmerzen zu einer besseren Lebensqualit\u00e4t oder einer kontinuierlichen Schmerzlinderung f\u00fchrt.<\/p>\n<h3>Welche unerw\u00fcnschten Wirkungen hat Roxicodon?<\/h3>\n<p>Wenn die Einnahme von Roxicodon bei Ihnen allergische Reaktionen hervorruft, sollten Sie einen Arzt aufsuchen. Eine allergische Reaktion kann sich als Atembeschwerden, Nesselsucht oder Anschwellen der Lippen, der Zunge, des Rachens oder des Gesichts \u00e4u\u00dfern.<\/p>\n<p>Opioid-Medikamente wie Roxicodon k\u00f6nnen t\u00f6dlich sein, da sie die Atmung anhalten oder verlangsamen. Wenn Sie schwer aufzuwachen sind, langsam und pausenhaft atmen oder blaue Lippen haben, sollte Ihr Betreuer Ihnen Naloxon geben und Sie sofort behandeln lassen.<\/p>\n<h3>Rufen Sie Ihren Arzt kurz an, wenn Sie etwas haben:<\/h3>\n<p>Schwacher Herzschlag oder schwache Herzfrequenz; flache Atmung, Seufzer, kakophonische Atmung und Atemstillstand im Schlaf;<br \/>\nungew\u00f6hnliche Ideen oder Handlungen, Verwirrung;<\/p>\n<p>Benommenheit; Kr\u00e4mpfe;<\/p>\n<p>Fieber, Unruhe, Zittern, Schwitzen, Halluzinationen, angespannte Muskeln, schneller Herzschlag, \u00dcbelkeit, Erbrechen, Durchfall, Koordinationsverlust und Zuckungen sind Symptome eines hohen Serotoninspiegels im K\u00f6rper.<br \/>\nEin niedriger Cortisolspiegel kann Erbrechen, \u00dcbelkeit, Appetitlosigkeit, zunehmende M\u00fcdigkeit oder Schw\u00e4che und Schwindel verursachen.<br \/>\nNach der Einnahme von Roxicodon sind Personen mit Wasting-Syndrom, chronischen Atemwegserkrankungen, \u00e4ltere Erwachsene und untergewichtige Patienten anf\u00e4lliger f\u00fcr schwere Atemprobleme.<\/p>\n<h3>Die folgenden Nebenwirkungen sind typisch f\u00fcr Roxicodon:<\/h3>\n<p>\u00dcbelkeit, Erbrechen, Durchfall oder Schmerzen im Magen; oder<br \/>\nKopfschmerzen, M\u00fcdigkeit, Schl\u00e4frigkeit und Schwindelgef\u00fchl<br \/>\nEs kann noch weitere negative Auswirkungen geben; diese Liste ist nicht ersch\u00f6pfend. Bez\u00fcglich der Nebenwirkungen sollten Sie den medizinischen Rat Ihres Arztes befolgen. Rufen Sie 1-800-FDA-1088 an, um der FDA Nebenwirkungen zu melden.<\/p>\n<h3>Was sollte ich bei der Einnahme von Roxicodon nicht tun?<\/h3>\n<p>Vermeiden Sie Alkohol, da er t\u00f6dliche Folgen oder schwerwiegende unerw\u00fcnschte Wirkungen haben kann.<\/p>\n<p>Warten Sie mit der Bedienung von Maschinen oder dem F\u00fchren eines Fahrzeugs, bis Sie wissen, wie Roxicodon auf Sie wirkt. Schwere Schwindelgef\u00fchle oder Schl\u00e4frigkeit k\u00f6nnen zu unbeabsichtigten St\u00fcrzen oder schweren Verletzungen f\u00fchren.<\/p>\n<p>Um Arzneimittelfehler zu vermeiden, sollten Sie vor dem Kauf von Roxicodone immer die Marke und die St\u00e4rke \u00fcberpr\u00fcfen.<\/p>\n<p>&nbsp;<\/p>","protected":false},"excerpt":{"rendered":"<p>Purchase Roxicodone 30mg Online Buy 30 mg of Roxicodone Online How much are you aware of roxicodone? Purchase 30 mg of roxicodone online. Roxicodone is a medication that helps treat moderate to severe pain. This medication is a member of the opioid analgesics class and is offered in both extended- and short-release formulations. Within fifteen &hellip;<\/p>\n<p class=\"read-more\"> <a class=\"\" href=\"https:\/\/legitgrams.com\/de\/produkt\/roxicodon-30mg\/\"> <span class=\"screen-reader-text\">Roxicodon 30mg<\/span> Mehr lesen \"<\/a><\/p>","protected":false},"featured_media":5224,"comment_status":"open","ping_status":"closed","template":"","meta":{"_uag_custom_page_level_css":"","site-sidebar-layout":"default","site-content-layout":"default","ast-global-header-display":"","ast-main-header-display":"","ast-hfb-above-header-display":"","ast-hfb-below-header-display":"","ast-hfb-mobile-header-display":"","site-post-title":"","ast-breadcrumbs-content":"","ast-featured-img":"","footer-sml-layout":"","theme-transparent-header-meta":"default","adv-header-id-meta":"","stick-header-meta":"default","header-above-stick-meta":"","header-main-stick-meta":"","header-below-stick-meta":"","_joinchat":[]},"product_brand":[],"product_cat":[608,597],"product_tag":[4694,4684,617,4676,4691,4688,4683,4681,4693,4675,4678,4686,4677,4687,4679,4689,4696,4697,4695,4692,4690,625,4682,4685,4680],"class_list":{"0":"post-3854","1":"product","2":"type-product","3":"status-publish","4":"has-post-thumbnail","6":"product_cat-pain-pills","7":"product_cat-pain-sleeping-sex-pills","8":"product_tag-best-cheap-price-roxicodone-30mg","9":"product_tag-best-place-to-buy-roxicodone-30mg","10":"product_tag-bulk-online","11":"product_tag-buy-roxicodone-30mg","12":"product_tag-cheap-roxicodone-30mg","13":"product_tag-high-quality-roxicodone-30mg","14":"product_tag-how-to-buy-roxicodone-30mg","15":"product_tag-order-roxicodone-30mg","16":"product_tag-purcharse-roxicodone-30mg","17":"product_tag-roxicodone-30mg","18":"product_tag-roxicodone-30mg-for-sale","19":"product_tag-roxicodone-30mg-legally","20":"product_tag-roxicodone-30mg-online","21":"product_tag-roxicodone-30mg-price","22":"product_tag-roxicodone-30mg-roxicodone-30mg-supplier","23":"product_tag-roxicodone-30mg-store","24":"product_tag-roxicodone-30mg-use","25":"product_tag-roxicodone-30mg-wiki","26":"product_tag-roxicodone-30mg-worldwide","27":"product_tag-roxicodone-30mgs","28":"product_tag-shop-roxicodone-30mg","29":"product_tag-top-quality","30":"product_tag-where-to-buy-roxicodone-30mg","31":"product_tag-where-to-order-roxicodone-30mg","32":"product_tag-wholesale-roxicodone-30mg","33":"desktop-align-left","34":"tablet-align-left","35":"mobile-align-left","36":"ast-product-gallery-layout-horizontal","37":"ast-product-gallery-with-no-image","38":"ast-product-single-variable","39":"ast-product-tabs-layout-horizontal","40":"ast-qv-on-image","42":"first","43":"instock","44":"shipping-taxable","45":"purchasable","46":"product-type-variable"},"yoast_head":"<!-- This site is optimized with the Yoast SEO plugin v25.9 - https:\/\/yoast.com\/wordpress\/plugins\/seo\/ -->\n<title>Roxicodone 30mg Pills for Sale - Buy Roxicodone 30mg Online<\/title>\n<meta name=\"description\" content=\"Discover top-notch roxicodone 30mg pills for sale at our online store - buy roxicodone 30mg conveniently and securely to fuel your research. Order Now!\" \/>\n<meta name=\"robots\" content=\"index, follow, max-snippet:-1, max-image-preview:large, max-video-preview:-1\" \/>\n<link rel=\"canonical\" href=\"https:\/\/legitgrams.com\/de\/produkt\/roxicodon-30mg\/\" \/>\n<meta property=\"og:locale\" content=\"de_DE\" \/>\n<meta property=\"og:type\" content=\"article\" \/>\n<meta property=\"og:title\" content=\"Roxicodone 30mg Pills for Sale - Buy Roxicodone 30mg Online\" \/>\n<meta property=\"og:description\" content=\"Discover top-notch roxicodone 30mg pills for sale at our online store - buy roxicodone 30mg conveniently and securely to fuel your research. Order Now!\" \/>\n<meta property=\"og:url\" content=\"https:\/\/legitgrams.com\/de\/produkt\/roxicodon-30mg\/\" \/>\n<meta property=\"og:site_name\" content=\"Legit Grams\" \/>\n<meta property=\"article:modified_time\" content=\"2025-01-15T05:33:48+00:00\" \/>\n<meta property=\"og:image\" content=\"https:\/\/legitgrams.com\/wp-content\/uploads\/2024\/09\/buy-restoril-30mg-temezepam-pills-online-1.jpg\" \/>\n\t<meta property=\"og:image:width\" content=\"600\" \/>\n\t<meta property=\"og:image:height\" content=\"600\" \/>\n\t<meta property=\"og:image:type\" content=\"image\/jpeg\" \/>\n<meta name=\"twitter:card\" content=\"summary_large_image\" \/>\n<meta name=\"twitter:label1\" content=\"Gesch\u00e4tzte Lesezeit\" \/>\n\t<meta name=\"twitter:data1\" content=\"6\u00a0Minuten\" \/>\n<script type=\"application\/ld+json\" class=\"yoast-schema-graph\">{\"@context\":\"https:\/\/schema.org\",\"@graph\":[{\"@type\":\"WebPage\",\"@id\":\"https:\/\/legitgrams.com\/product\/roxicodone-30mg\/\",\"url\":\"https:\/\/legitgrams.com\/product\/roxicodone-30mg\/\",\"name\":\"Roxicodone 30mg Pills for Sale - Buy Roxicodone 30mg Online\",\"isPartOf\":{\"@id\":\"https:\/\/legitgrams.com\/#website\"},\"primaryImageOfPage\":{\"@id\":\"https:\/\/legitgrams.com\/product\/roxicodone-30mg\/#primaryimage\"},\"image\":{\"@id\":\"https:\/\/legitgrams.com\/product\/roxicodone-30mg\/#primaryimage\"},\"thumbnailUrl\":\"https:\/\/legitgrams.com\/wp-content\/uploads\/2024\/09\/buy-restoril-30mg-temezepam-pills-online-1.jpg\",\"datePublished\":\"2024-09-20T07:55:06+00:00\",\"dateModified\":\"2025-01-15T05:33:48+00:00\",\"description\":\"Discover top-notch roxicodone 30mg pills for sale at our online store - buy roxicodone 30mg conveniently and securely to fuel your research. Order Now!\",\"breadcrumb\":{\"@id\":\"https:\/\/legitgrams.com\/product\/roxicodone-30mg\/#breadcrumb\"},\"inLanguage\":\"de\",\"potentialAction\":[{\"@type\":\"ReadAction\",\"target\":[\"https:\/\/legitgrams.com\/product\/roxicodone-30mg\/\"]}]},{\"@type\":\"ImageObject\",\"inLanguage\":\"de\",\"@id\":\"https:\/\/legitgrams.com\/product\/roxicodone-30mg\/#primaryimage\",\"url\":\"https:\/\/legitgrams.com\/wp-content\/uploads\/2024\/09\/buy-restoril-30mg-temezepam-pills-online-1.jpg\",\"contentUrl\":\"https:\/\/legitgrams.com\/wp-content\/uploads\/2024\/09\/buy-restoril-30mg-temezepam-pills-online-1.jpg\",\"width\":600,\"height\":600,\"caption\":\"Roxicodone 30mg Pills for Sale\"},{\"@type\":\"BreadcrumbList\",\"@id\":\"https:\/\/legitgrams.com\/product\/roxicodone-30mg\/#breadcrumb\",\"itemListElement\":[{\"@type\":\"ListItem\",\"position\":1,\"name\":\"Home\",\"item\":\"https:\/\/legitgrams.com\/\"},{\"@type\":\"ListItem\",\"position\":2,\"name\":\"Shop\",\"item\":\"https:\/\/legitgrams.com\/shop\/\"},{\"@type\":\"ListItem\",\"position\":3,\"name\":\"Roxicodone 30mg\"}]},{\"@type\":\"WebSite\",\"@id\":\"https:\/\/legitgrams.com\/#website\",\"url\":\"https:\/\/legitgrams.com\/\",\"name\":\"Legit Grams\",\"description\":\"My WordPress Blog\",\"publisher\":{\"@id\":\"https:\/\/legitgrams.com\/#organization\"},\"potentialAction\":[{\"@type\":\"SearchAction\",\"target\":{\"@type\":\"EntryPoint\",\"urlTemplate\":\"https:\/\/legitgrams.com\/?s={search_term_string}\"},\"query-input\":{\"@type\":\"PropertyValueSpecification\",\"valueRequired\":true,\"valueName\":\"search_term_string\"}}],\"inLanguage\":\"de\"},{\"@type\":\"Organization\",\"@id\":\"https:\/\/legitgrams.com\/#organization\",\"name\":\"Legit Grams\",\"url\":\"https:\/\/legitgrams.com\/\",\"logo\":{\"@type\":\"ImageObject\",\"inLanguage\":\"de\",\"@id\":\"https:\/\/legitgrams.com\/#\/schema\/logo\/image\/\",\"url\":\"https:\/\/legitgrams.com\/wp-content\/uploads\/2024\/09\/main-logo.png\",\"contentUrl\":\"https:\/\/legitgrams.com\/wp-content\/uploads\/2024\/09\/main-logo.png\",\"width\":270,\"height\":75,\"caption\":\"Legit Grams\"},\"image\":{\"@id\":\"https:\/\/legitgrams.com\/#\/schema\/logo\/image\/\"}}]}<\/script>\n<!-- \/ Yoast SEO plugin. -->","yoast_head_json":{"title":"Roxicodone 30mg Pillen f\u00fcr Verkauf - Roxicodone 30mg Online Kaufen","description":"Entdecken Sie erstklassige Roxicodone 30mg Pillen zum Verkauf in unserem Online-Shop - kaufen Sie Roxicodone 30mg bequem und sicher, um Ihre Forschung zu unterst\u00fctzen. Jetzt bestellen!","robots":{"index":"index","follow":"follow","max-snippet":"max-snippet:-1","max-image-preview":"max-image-preview:large","max-video-preview":"max-video-preview:-1"},"canonical":"https:\/\/legitgrams.com\/de\/produkt\/roxicodon-30mg\/","og_locale":"de_DE","og_type":"article","og_title":"Roxicodone 30mg Pills for Sale - Buy Roxicodone 30mg Online","og_description":"Discover top-notch roxicodone 30mg pills for sale at our online store - buy roxicodone 30mg conveniently and securely to fuel your research. Order Now!","og_url":"https:\/\/legitgrams.com\/de\/produkt\/roxicodon-30mg\/","og_site_name":"Legit Grams","article_modified_time":"2025-01-15T05:33:48+00:00","og_image":[{"width":600,"height":600,"url":"https:\/\/legitgrams.com\/wp-content\/uploads\/2024\/09\/buy-restoril-30mg-temezepam-pills-online-1.jpg","type":"image\/jpeg"}],"twitter_card":"summary_large_image","twitter_misc":{"Gesch\u00e4tzte Lesezeit":"6\u00a0Minuten"},"schema":{"@context":"https:\/\/schema.org","@graph":[{"@type":"WebPage","@id":"https:\/\/legitgrams.com\/product\/roxicodone-30mg\/","url":"https:\/\/legitgrams.com\/product\/roxicodone-30mg\/","name":"Roxicodone 30mg Pillen f\u00fcr Verkauf - Roxicodone 30mg Online Kaufen","isPartOf":{"@id":"https:\/\/legitgrams.com\/#website"},"primaryImageOfPage":{"@id":"https:\/\/legitgrams.com\/product\/roxicodone-30mg\/#primaryimage"},"image":{"@id":"https:\/\/legitgrams.com\/product\/roxicodone-30mg\/#primaryimage"},"thumbnailUrl":"https:\/\/legitgrams.com\/wp-content\/uploads\/2024\/09\/buy-restoril-30mg-temezepam-pills-online-1.jpg","datePublished":"2024-09-20T07:55:06+00:00","dateModified":"2025-01-15T05:33:48+00:00","description":"Entdecken Sie erstklassige Roxicodone 30mg Pillen zum Verkauf in unserem Online-Shop - kaufen Sie Roxicodone 30mg bequem und sicher, um Ihre Forschung zu unterst\u00fctzen. Jetzt bestellen!","breadcrumb":{"@id":"https:\/\/legitgrams.com\/product\/roxicodone-30mg\/#breadcrumb"},"inLanguage":"de","potentialAction":[{"@type":"ReadAction","target":["https:\/\/legitgrams.com\/product\/roxicodone-30mg\/"]}]},{"@type":"ImageObject","inLanguage":"de","@id":"https:\/\/legitgrams.com\/product\/roxicodone-30mg\/#primaryimage","url":"https:\/\/legitgrams.com\/wp-content\/uploads\/2024\/09\/buy-restoril-30mg-temezepam-pills-online-1.jpg","contentUrl":"https:\/\/legitgrams.com\/wp-content\/uploads\/2024\/09\/buy-restoril-30mg-temezepam-pills-online-1.jpg","width":600,"height":600,"caption":"Roxicodone 30mg Pills for Sale"},{"@type":"BreadcrumbList","@id":"https:\/\/legitgrams.com\/product\/roxicodone-30mg\/#breadcrumb","itemListElement":[{"@type":"ListItem","position":1,"name":"Home","item":"https:\/\/legitgrams.com\/"},{"@type":"ListItem","position":2,"name":"Shop","item":"https:\/\/legitgrams.com\/shop\/"},{"@type":"ListItem","position":3,"name":"Roxicodone 30mg"}]},{"@type":"WebSite","@id":"https:\/\/legitgrams.com\/#website","url":"https:\/\/legitgrams.com\/","name":"Legitimer Grammwert","description":"Mein WordPress-Blog","publisher":{"@id":"https:\/\/legitgrams.com\/#organization"},"potentialAction":[{"@type":"SearchAction","target":{"@type":"EntryPoint","urlTemplate":"https:\/\/legitgrams.com\/?s={search_term_string}"},"query-input":{"@type":"PropertyValueSpecification","valueRequired":true,"valueName":"search_term_string"}}],"inLanguage":"de"},{"@type":"Organization","@id":"https:\/\/legitgrams.com\/#organization","name":"Legitimer Grammwert","url":"https:\/\/legitgrams.com\/","logo":{"@type":"ImageObject","inLanguage":"de","@id":"https:\/\/legitgrams.com\/#\/schema\/logo\/image\/","url":"https:\/\/legitgrams.com\/wp-content\/uploads\/2024\/09\/main-logo.png","contentUrl":"https:\/\/legitgrams.com\/wp-content\/uploads\/2024\/09\/main-logo.png","width":270,"height":75,"caption":"Legit Grams"},"image":{"@id":"https:\/\/legitgrams.com\/#\/schema\/logo\/image\/"}}]}},"uagb_featured_image_src":{"full":["https:\/\/legitgrams.com\/wp-content\/uploads\/2024\/09\/buy-restoril-30mg-temezepam-pills-online-1.jpg",600,600,false],"thumbnail":["https:\/\/legitgrams.com\/wp-content\/uploads\/2024\/09\/buy-restoril-30mg-temezepam-pills-online-1-150x150.jpg",150,150,true],"medium":["https:\/\/legitgrams.com\/wp-content\/uploads\/2024\/09\/buy-restoril-30mg-temezepam-pills-online-1-300x300.jpg",300,300,true],"medium_large":["https:\/\/legitgrams.com\/wp-content\/uploads\/2024\/09\/buy-restoril-30mg-temezepam-pills-online-1.jpg",600,600,false],"large":["https:\/\/legitgrams.com\/wp-content\/uploads\/2024\/09\/buy-restoril-30mg-temezepam-pills-online-1.jpg",600,600,false],"1536x1536":["https:\/\/legitgrams.com\/wp-content\/uploads\/2024\/09\/buy-restoril-30mg-temezepam-pills-online-1.jpg",600,600,false],"2048x2048":["https:\/\/legitgrams.com\/wp-content\/uploads\/2024\/09\/buy-restoril-30mg-temezepam-pills-online-1.jpg",600,600,false],"trp-custom-language-flag":["https:\/\/legitgrams.com\/wp-content\/uploads\/2024\/09\/buy-restoril-30mg-temezepam-pills-online-1-12x12.jpg",12,12,true],"woocommerce_thumbnail":["https:\/\/legitgrams.com\/wp-content\/uploads\/2024\/09\/buy-restoril-30mg-temezepam-pills-online-1-300x300.jpg",300,300,true],"woocommerce_single":["https:\/\/legitgrams.com\/wp-content\/uploads\/2024\/09\/buy-restoril-30mg-temezepam-pills-online-1.jpg",600,600,false],"woocommerce_gallery_thumbnail":["https:\/\/legitgrams.com\/wp-content\/uploads\/2024\/09\/buy-restoril-30mg-temezepam-pills-online-1-100x100.jpg",100,100,true]},"uagb_author_info":{"display_name":"cokeblog18","author_link":"https:\/\/legitgrams.com\/de\/author\/"},"uagb_comment_info":0,"uagb_excerpt":"Purchase Roxicodone 30mg Online Buy 30 mg of Roxicodone Online How much are you aware of roxicodone? Purchase 30 mg of roxicodone online. Roxicodone is a medication that helps treat moderate to severe pain. This medication is a member of the opioid analgesics class and is offered in both extended- and short-release formulations. Within fifteen&hellip;","_links":{"self":[{"href":"https:\/\/legitgrams.com\/de\/wp-json\/wp\/v2\/product\/3854","targetHints":{"allow":["GET"]}}],"collection":[{"href":"https:\/\/legitgrams.com\/de\/wp-json\/wp\/v2\/product"}],"about":[{"href":"https:\/\/legitgrams.com\/de\/wp-json\/wp\/v2\/types\/product"}],"replies":[{"embeddable":true,"href":"https:\/\/legitgrams.com\/de\/wp-json\/wp\/v2\/comments?post=3854"}],"wp:featuredmedia":[{"embeddable":true,"href":"https:\/\/legitgrams.com\/de\/wp-json\/wp\/v2\/media\/5224"}],"wp:attachment":[{"href":"https:\/\/legitgrams.com\/de\/wp-json\/wp\/v2\/media?parent=3854"}],"wp:term":[{"taxonomy":"product_brand","embeddable":true,"href":"https:\/\/legitgrams.com\/de\/wp-json\/wp\/v2\/product_brand?post=3854"},{"taxonomy":"product_cat","embeddable":true,"href":"https:\/\/legitgrams.com\/de\/wp-json\/wp\/v2\/product_cat?post=3854"},{"taxonomy":"product_tag","embeddable":true,"href":"https:\/\/legitgrams.com\/de\/wp-json\/wp\/v2\/product_tag?post=3854"}],"curies":[{"name":"wp","href":"https:\/\/api.w.org\/{rel}","templated":true}]}}