{"id":3859,"date":"2024-09-20T08:23:54","date_gmt":"2024-09-20T08:23:54","guid":{"rendered":"https:\/\/legitgrams.com\/?post_type=product&#038;p=3859"},"modified":"2025-01-13T10:15:29","modified_gmt":"2025-01-13T10:15:29","slug":"bunex-buprenorphin-pillen","status":"publish","type":"product","link":"https:\/\/legitgrams.com\/de\/produkt\/bunex-buprenorphin-pillen\/","title":{"rendered":"Bunex Buprenorphin-Pillen"},"content":{"rendered":"<h2>Zu verkaufen: Bunex Buprenorphin-Tabletten<\/h2>\n<p>Manchmal wird das Opioid Buprenorphin als Medikament bezeichnet. Naloxon verhindert den Opioidkonsum, indem es die Wirkungen von Opioidmedikamenten wie Schmerzlinderung oder Wohlbefinden blockiert. Kombinationspr\u00e4parate aus Naloxon und Buprenorphin werden zur Behandlung einer durch Drogenkonsum verursachten Opioidabh\u00e4ngigkeit eingesetzt. <a href=\"https:\/\/legitgrams.com\/de\/\">LegitGrams<\/a><\/p>\n<p>Kaufen Sie <a href=\"https:\/\/legitgrams.com\/de\/produkt\/bunex-buprenorphin-pillen\/\">Buprenorphin-Tabletten<\/a>, Bunex-Pillen kaufen, Bunex-Pillen online kaufen, Buprenorphin-Pillen kaufen, Kauforte f\u00fcr Bunex-Buprenorphin-Pillen: USA, Kanada, Gro\u00dfbritannien, Lieferanten, online, sichere Lieferung, Bunex-Pillen zu verkaufen, Buprenorphin-Pillen zu verkaufen, Online-Kauf und Online-Standort f\u00fcr Bunex-Pillen Es sind immer noch Bunex-Buprenorphin-Pillen erh\u00e4ltlich. Ist es f\u00fcr Amerikaner legal, Bunex-Buprenorphin-Pillen online zu kaufen? Wie kann ich Bunex-Pillen bestellen? <a href=\"https:\/\/en.wikipedia.org\/wiki\/Buprenorphine\">Buprenorphin<\/a>? Ist es in Kanada legal, Bunex Buprenorphin-Pillen einzunehmen?<\/p>","protected":false},"excerpt":{"rendered":"<p>For Sale: Bunex Buprenorphine Tablets Sometimes, the opioid buprenorphine is called a drug. Naloxone prevents opioid usage by blocking the effects of opioid drugs, such as pain relief or a sense of well-being. Naloxone and buprenorphine combination formulations are used to treat opioid addiction brought on by drug use. LegitGrams Purchase Buprenorphine pills, buy Bunex &hellip;<\/p>\n<p class=\"read-more\"> <a class=\"\" href=\"https:\/\/legitgrams.com\/de\/produkt\/bunex-buprenorphin-pillen\/\"> <span class=\"screen-reader-text\">Bunex Buprenorphin-Pillen<\/span> Mehr lesen \"<\/a><\/p>","protected":false},"featured_media":5205,"comment_status":"open","ping_status":"closed","template":"","meta":{"_uag_custom_page_level_css":"","site-sidebar-layout":"default","site-content-layout":"default","ast-global-header-display":"","ast-main-header-display":"","ast-hfb-above-header-display":"","ast-hfb-below-header-display":"","ast-hfb-mobile-header-display":"","site-post-title":"","ast-breadcrumbs-content":"","ast-featured-img":"","footer-sml-layout":"","theme-transparent-header-meta":"default","adv-header-id-meta":"","stick-header-meta":"default","header-above-stick-meta":"","header-main-stick-meta":"","header-below-stick-meta":"","_joinchat":[]},"product_brand":[],"product_cat":[608,597],"product_tag":[4602,4592,617,4583,4587,4586,4594,4585,4595,4597,4604,4605,4603,4600,4584,4599,4596,4591,4589,4601,4598,625,4590,4593,4588],"class_list":{"0":"post-3859","1":"product","2":"type-product","3":"status-publish","4":"has-post-thumbnail","6":"product_cat-pain-pills","7":"product_cat-pain-sleeping-sex-pills","8":"product_tag-best-cheap-price-bunex-buprenorphine-pills","9":"product_tag-best-place-to-buy-bunex-buprenorphine-pills","10":"product_tag-bulk-online","11":"product_tag-bunex-buprenorphine-pills","12":"product_tag-bunex-buprenorphine-pills-bunex-buprenorphine-pills-supplier","13":"product_tag-bunex-buprenorphine-pills-for-sale","14":"product_tag-bunex-buprenorphine-pills-legally","15":"product_tag-bunex-buprenorphine-pills-online","16":"product_tag-bunex-buprenorphine-pills-price","17":"product_tag-bunex-buprenorphine-pills-store","18":"product_tag-bunex-buprenorphine-pills-use","19":"product_tag-bunex-buprenorphine-pills-wiki","20":"product_tag-bunex-buprenorphine-pills-worldwide","21":"product_tag-bunex-buprenorphine-pillss","22":"product_tag-buy-bunex-buprenorphine-pills","23":"product_tag-cheap-bunex-buprenorphine-pills","24":"product_tag-high-quality-bunex-buprenorphine-pills","25":"product_tag-how-to-buy-bunex-buprenorphine-pills","26":"product_tag-order-bunex-buprenorphine-pills","27":"product_tag-purcharse-bunex-buprenorphine-pills","28":"product_tag-shop-bunex-buprenorphine-pills","29":"product_tag-top-quality","30":"product_tag-where-to-buy-bunex-buprenorphine-pills","31":"product_tag-where-to-order-bunex-buprenorphine-pills","32":"product_tag-wholesale-bunex-buprenorphine-pills","33":"desktop-align-left","34":"tablet-align-left","35":"mobile-align-left","36":"ast-product-gallery-layout-horizontal","37":"ast-product-gallery-with-no-image","38":"ast-product-single-variable","39":"ast-product-tabs-layout-horizontal","40":"ast-qv-on-image","42":"first","43":"instock","44":"shipping-taxable","45":"purchasable","46":"product-type-variable"},"yoast_head":"<!-- This site is optimized with the Yoast SEO plugin v25.9 - https:\/\/yoast.com\/wordpress\/plugins\/seo\/ -->\n<title>Bunex Buprenorphine Pills for Sale - Buy Bunex Buprenorphine<\/title>\n<meta name=\"description\" content=\"Explore our online store for bunex buprenorphine pills for sale at best price. Buy bunex buprenorphine pills online safely and securely along with discreet shipping service. Order Now!\" \/>\n<meta name=\"robots\" content=\"index, follow, max-snippet:-1, max-image-preview:large, max-video-preview:-1\" \/>\n<link rel=\"canonical\" href=\"https:\/\/legitgrams.com\/de\/produkt\/bunex-buprenorphin-pillen\/\" \/>\n<meta property=\"og:locale\" content=\"de_DE\" \/>\n<meta property=\"og:type\" content=\"article\" \/>\n<meta property=\"og:title\" content=\"Bunex Buprenorphine Pills for Sale - Buy Bunex Buprenorphine\" \/>\n<meta property=\"og:description\" content=\"Explore our online store for bunex buprenorphine pills for sale at best price. Buy bunex buprenorphine pills online safely and securely along with discreet shipping service. Order Now!\" \/>\n<meta property=\"og:url\" content=\"https:\/\/legitgrams.com\/de\/produkt\/bunex-buprenorphin-pillen\/\" \/>\n<meta property=\"og:site_name\" content=\"Legit Grams\" \/>\n<meta property=\"article:modified_time\" content=\"2025-01-13T10:15:29+00:00\" \/>\n<meta property=\"og:image\" content=\"https:\/\/legitgrams.com\/wp-content\/uploads\/2024\/09\/buy-bunex-buprenorphine-pills-online.jpg\" \/>\n\t<meta property=\"og:image:width\" content=\"600\" \/>\n\t<meta property=\"og:image:height\" content=\"600\" \/>\n\t<meta property=\"og:image:type\" content=\"image\/jpeg\" \/>\n<meta name=\"twitter:card\" content=\"summary_large_image\" \/>\n<meta name=\"twitter:label1\" content=\"Gesch\u00e4tzte Lesezeit\" \/>\n\t<meta name=\"twitter:data1\" content=\"1\u00a0Minute\" \/>\n<script type=\"application\/ld+json\" class=\"yoast-schema-graph\">{\"@context\":\"https:\/\/schema.org\",\"@graph\":[{\"@type\":\"WebPage\",\"@id\":\"https:\/\/legitgrams.com\/product\/bunex-buprenorphine-pills\/\",\"url\":\"https:\/\/legitgrams.com\/product\/bunex-buprenorphine-pills\/\",\"name\":\"Bunex Buprenorphine Pills for Sale - Buy Bunex Buprenorphine\",\"isPartOf\":{\"@id\":\"https:\/\/legitgrams.com\/#website\"},\"primaryImageOfPage\":{\"@id\":\"https:\/\/legitgrams.com\/product\/bunex-buprenorphine-pills\/#primaryimage\"},\"image\":{\"@id\":\"https:\/\/legitgrams.com\/product\/bunex-buprenorphine-pills\/#primaryimage\"},\"thumbnailUrl\":\"https:\/\/legitgrams.com\/wp-content\/uploads\/2024\/09\/buy-bunex-buprenorphine-pills-online.jpg\",\"datePublished\":\"2024-09-20T08:23:54+00:00\",\"dateModified\":\"2025-01-13T10:15:29+00:00\",\"description\":\"Explore our online store for bunex buprenorphine pills for sale at best price. Buy bunex buprenorphine pills online safely and securely along with discreet shipping service. Order Now!\",\"breadcrumb\":{\"@id\":\"https:\/\/legitgrams.com\/product\/bunex-buprenorphine-pills\/#breadcrumb\"},\"inLanguage\":\"de\",\"potentialAction\":[{\"@type\":\"ReadAction\",\"target\":[\"https:\/\/legitgrams.com\/product\/bunex-buprenorphine-pills\/\"]}]},{\"@type\":\"ImageObject\",\"inLanguage\":\"de\",\"@id\":\"https:\/\/legitgrams.com\/product\/bunex-buprenorphine-pills\/#primaryimage\",\"url\":\"https:\/\/legitgrams.com\/wp-content\/uploads\/2024\/09\/buy-bunex-buprenorphine-pills-online.jpg\",\"contentUrl\":\"https:\/\/legitgrams.com\/wp-content\/uploads\/2024\/09\/buy-bunex-buprenorphine-pills-online.jpg\",\"width\":600,\"height\":600,\"caption\":\"Bunex Buprenorphine pills for Sale\"},{\"@type\":\"BreadcrumbList\",\"@id\":\"https:\/\/legitgrams.com\/product\/bunex-buprenorphine-pills\/#breadcrumb\",\"itemListElement\":[{\"@type\":\"ListItem\",\"position\":1,\"name\":\"Home\",\"item\":\"https:\/\/legitgrams.com\/\"},{\"@type\":\"ListItem\",\"position\":2,\"name\":\"Shop\",\"item\":\"https:\/\/legitgrams.com\/shop\/\"},{\"@type\":\"ListItem\",\"position\":3,\"name\":\"Bunex Buprenorphine pills\"}]},{\"@type\":\"WebSite\",\"@id\":\"https:\/\/legitgrams.com\/#website\",\"url\":\"https:\/\/legitgrams.com\/\",\"name\":\"Legit Grams\",\"description\":\"My WordPress Blog\",\"publisher\":{\"@id\":\"https:\/\/legitgrams.com\/#organization\"},\"potentialAction\":[{\"@type\":\"SearchAction\",\"target\":{\"@type\":\"EntryPoint\",\"urlTemplate\":\"https:\/\/legitgrams.com\/?s={search_term_string}\"},\"query-input\":{\"@type\":\"PropertyValueSpecification\",\"valueRequired\":true,\"valueName\":\"search_term_string\"}}],\"inLanguage\":\"de\"},{\"@type\":\"Organization\",\"@id\":\"https:\/\/legitgrams.com\/#organization\",\"name\":\"Legit Grams\",\"url\":\"https:\/\/legitgrams.com\/\",\"logo\":{\"@type\":\"ImageObject\",\"inLanguage\":\"de\",\"@id\":\"https:\/\/legitgrams.com\/#\/schema\/logo\/image\/\",\"url\":\"https:\/\/legitgrams.com\/wp-content\/uploads\/2024\/09\/main-logo.png\",\"contentUrl\":\"https:\/\/legitgrams.com\/wp-content\/uploads\/2024\/09\/main-logo.png\",\"width\":270,\"height\":75,\"caption\":\"Legit Grams\"},\"image\":{\"@id\":\"https:\/\/legitgrams.com\/#\/schema\/logo\/image\/\"}}]}<\/script>\n<!-- \/ Yoast SEO plugin. -->","yoast_head_json":{"title":"Bunex Buprenorphin Pillen zu verkaufen - Bunex Buprenorphin Kaufen","description":"Entdecken Sie unseren Online-Shop f\u00fcr bunex Buprenorphin Pillen zum Verkauf zum besten Preis. Kaufen Sie Bunex Buprenorphin Pillen online sicher und sicher zusammen mit diskreten Versand-Service. Jetzt bestellen!","robots":{"index":"index","follow":"follow","max-snippet":"max-snippet:-1","max-image-preview":"max-image-preview:large","max-video-preview":"max-video-preview:-1"},"canonical":"https:\/\/legitgrams.com\/de\/produkt\/bunex-buprenorphin-pillen\/","og_locale":"de_DE","og_type":"article","og_title":"Bunex Buprenorphine Pills for Sale - Buy Bunex Buprenorphine","og_description":"Explore our online store for bunex buprenorphine pills for sale at best price. Buy bunex buprenorphine pills online safely and securely along with discreet shipping service. Order Now!","og_url":"https:\/\/legitgrams.com\/de\/produkt\/bunex-buprenorphin-pillen\/","og_site_name":"Legit Grams","article_modified_time":"2025-01-13T10:15:29+00:00","og_image":[{"width":600,"height":600,"url":"https:\/\/legitgrams.com\/wp-content\/uploads\/2024\/09\/buy-bunex-buprenorphine-pills-online.jpg","type":"image\/jpeg"}],"twitter_card":"summary_large_image","twitter_misc":{"Gesch\u00e4tzte Lesezeit":"1\u00a0Minute"},"schema":{"@context":"https:\/\/schema.org","@graph":[{"@type":"WebPage","@id":"https:\/\/legitgrams.com\/product\/bunex-buprenorphine-pills\/","url":"https:\/\/legitgrams.com\/product\/bunex-buprenorphine-pills\/","name":"Bunex Buprenorphin Pillen zu verkaufen - Bunex Buprenorphin Kaufen","isPartOf":{"@id":"https:\/\/legitgrams.com\/#website"},"primaryImageOfPage":{"@id":"https:\/\/legitgrams.com\/product\/bunex-buprenorphine-pills\/#primaryimage"},"image":{"@id":"https:\/\/legitgrams.com\/product\/bunex-buprenorphine-pills\/#primaryimage"},"thumbnailUrl":"https:\/\/legitgrams.com\/wp-content\/uploads\/2024\/09\/buy-bunex-buprenorphine-pills-online.jpg","datePublished":"2024-09-20T08:23:54+00:00","dateModified":"2025-01-13T10:15:29+00:00","description":"Entdecken Sie unseren Online-Shop f\u00fcr bunex Buprenorphin Pillen zum Verkauf zum besten Preis. Kaufen Sie Bunex Buprenorphin Pillen online sicher und sicher zusammen mit diskreten Versand-Service. Jetzt bestellen!","breadcrumb":{"@id":"https:\/\/legitgrams.com\/product\/bunex-buprenorphine-pills\/#breadcrumb"},"inLanguage":"de","potentialAction":[{"@type":"ReadAction","target":["https:\/\/legitgrams.com\/product\/bunex-buprenorphine-pills\/"]}]},{"@type":"ImageObject","inLanguage":"de","@id":"https:\/\/legitgrams.com\/product\/bunex-buprenorphine-pills\/#primaryimage","url":"https:\/\/legitgrams.com\/wp-content\/uploads\/2024\/09\/buy-bunex-buprenorphine-pills-online.jpg","contentUrl":"https:\/\/legitgrams.com\/wp-content\/uploads\/2024\/09\/buy-bunex-buprenorphine-pills-online.jpg","width":600,"height":600,"caption":"Bunex Buprenorphine pills for Sale"},{"@type":"BreadcrumbList","@id":"https:\/\/legitgrams.com\/product\/bunex-buprenorphine-pills\/#breadcrumb","itemListElement":[{"@type":"ListItem","position":1,"name":"Home","item":"https:\/\/legitgrams.com\/"},{"@type":"ListItem","position":2,"name":"Shop","item":"https:\/\/legitgrams.com\/shop\/"},{"@type":"ListItem","position":3,"name":"Bunex Buprenorphine pills"}]},{"@type":"WebSite","@id":"https:\/\/legitgrams.com\/#website","url":"https:\/\/legitgrams.com\/","name":"Legitimer Grammwert","description":"Mein WordPress-Blog","publisher":{"@id":"https:\/\/legitgrams.com\/#organization"},"potentialAction":[{"@type":"SearchAction","target":{"@type":"EntryPoint","urlTemplate":"https:\/\/legitgrams.com\/?s={search_term_string}"},"query-input":{"@type":"PropertyValueSpecification","valueRequired":true,"valueName":"search_term_string"}}],"inLanguage":"de"},{"@type":"Organization","@id":"https:\/\/legitgrams.com\/#organization","name":"Legitimer Grammwert","url":"https:\/\/legitgrams.com\/","logo":{"@type":"ImageObject","inLanguage":"de","@id":"https:\/\/legitgrams.com\/#\/schema\/logo\/image\/","url":"https:\/\/legitgrams.com\/wp-content\/uploads\/2024\/09\/main-logo.png","contentUrl":"https:\/\/legitgrams.com\/wp-content\/uploads\/2024\/09\/main-logo.png","width":270,"height":75,"caption":"Legit Grams"},"image":{"@id":"https:\/\/legitgrams.com\/#\/schema\/logo\/image\/"}}]}},"uagb_featured_image_src":{"full":["https:\/\/legitgrams.com\/wp-content\/uploads\/2024\/09\/buy-bunex-buprenorphine-pills-online.jpg",600,600,false],"thumbnail":["https:\/\/legitgrams.com\/wp-content\/uploads\/2024\/09\/buy-bunex-buprenorphine-pills-online-150x150.jpg",150,150,true],"medium":["https:\/\/legitgrams.com\/wp-content\/uploads\/2024\/09\/buy-bunex-buprenorphine-pills-online-300x300.jpg",300,300,true],"medium_large":["https:\/\/legitgrams.com\/wp-content\/uploads\/2024\/09\/buy-bunex-buprenorphine-pills-online.jpg",600,600,false],"large":["https:\/\/legitgrams.com\/wp-content\/uploads\/2024\/09\/buy-bunex-buprenorphine-pills-online.jpg",600,600,false],"1536x1536":["https:\/\/legitgrams.com\/wp-content\/uploads\/2024\/09\/buy-bunex-buprenorphine-pills-online.jpg",600,600,false],"2048x2048":["https:\/\/legitgrams.com\/wp-content\/uploads\/2024\/09\/buy-bunex-buprenorphine-pills-online.jpg",600,600,false],"trp-custom-language-flag":["https:\/\/legitgrams.com\/wp-content\/uploads\/2024\/09\/buy-bunex-buprenorphine-pills-online-12x12.jpg",12,12,true],"woocommerce_thumbnail":["https:\/\/legitgrams.com\/wp-content\/uploads\/2024\/09\/buy-bunex-buprenorphine-pills-online-300x300.jpg",300,300,true],"woocommerce_single":["https:\/\/legitgrams.com\/wp-content\/uploads\/2024\/09\/buy-bunex-buprenorphine-pills-online.jpg",600,600,false],"woocommerce_gallery_thumbnail":["https:\/\/legitgrams.com\/wp-content\/uploads\/2024\/09\/buy-bunex-buprenorphine-pills-online-100x100.jpg",100,100,true]},"uagb_author_info":{"display_name":"cokeblog18","author_link":"https:\/\/legitgrams.com\/de\/author\/"},"uagb_comment_info":0,"uagb_excerpt":"For Sale: Bunex Buprenorphine Tablets Sometimes, the opioid buprenorphine is called a drug. Naloxone prevents opioid usage by blocking the effects of opioid drugs, such as pain relief or a sense of well-being. Naloxone and buprenorphine combination formulations are used to treat opioid addiction brought on by drug use. LegitGrams Purchase Buprenorphine pills, buy Bunex&hellip;","_links":{"self":[{"href":"https:\/\/legitgrams.com\/de\/wp-json\/wp\/v2\/product\/3859","targetHints":{"allow":["GET"]}}],"collection":[{"href":"https:\/\/legitgrams.com\/de\/wp-json\/wp\/v2\/product"}],"about":[{"href":"https:\/\/legitgrams.com\/de\/wp-json\/wp\/v2\/types\/product"}],"replies":[{"embeddable":true,"href":"https:\/\/legitgrams.com\/de\/wp-json\/wp\/v2\/comments?post=3859"}],"wp:featuredmedia":[{"embeddable":true,"href":"https:\/\/legitgrams.com\/de\/wp-json\/wp\/v2\/media\/5205"}],"wp:attachment":[{"href":"https:\/\/legitgrams.com\/de\/wp-json\/wp\/v2\/media?parent=3859"}],"wp:term":[{"taxonomy":"product_brand","embeddable":true,"href":"https:\/\/legitgrams.com\/de\/wp-json\/wp\/v2\/product_brand?post=3859"},{"taxonomy":"product_cat","embeddable":true,"href":"https:\/\/legitgrams.com\/de\/wp-json\/wp\/v2\/product_cat?post=3859"},{"taxonomy":"product_tag","embeddable":true,"href":"https:\/\/legitgrams.com\/de\/wp-json\/wp\/v2\/product_tag?post=3859"}],"curies":[{"name":"wp","href":"https:\/\/api.w.org\/{rel}","templated":true}]}}