{"id":3862,"date":"2024-09-20T08:34:33","date_gmt":"2024-09-20T08:34:33","guid":{"rendered":"https:\/\/legitgrams.com\/?post_type=product&#038;p=3862"},"modified":"2025-04-05T05:48:29","modified_gmt":"2025-04-05T05:48:29","slug":"dormicum-7-5mg-pillen","status":"publish","type":"product","link":"https:\/\/legitgrams.com\/de\/produkt\/dormicum-7-5mg-pillen\/","title":{"rendered":"Kaufen Sie Dormicum 7,5 mg Tabletten online"},"content":{"rendered":"<h2>Verkauf von Dormicum 7,5 mg Tabletten<\/h2>\n<p>Unser <a href=\"https:\/\/www.bing.com\/search?q=KaufenSieDormicum75mgTablettenonline&amp;qs=n&amp;form=QBRE&amp;sp=-1&amp;lq=0&amp;pq=kaufensiedormicum75mgtablettenonline&amp;sc=0-43&amp;sk=&amp;cvid=C5E0A329EA5B40B7A575838D09EC2F1E&amp;ghsh=0&amp;ghacc=0&amp;ghpl=\">pills<\/a> are of the best quality, and you can buy <a href=\"https:\/\/legitgrams.com\/de\/produkt\/dormicum-7-5mg-pillen\/\">Dormicum 7,5 mg<\/a> Hier online bestellen. Dormicum 7,5 mg ist der offizielle Name des Produkts. Wenn diese Tabletten per EMS oder USPS versendet werden, erhalten Sie eine Lieferadresse. Jede Dormicum 7,5 mg-Packung wird von unseren Experten sorgf\u00e4ltig und diskret verpackt. Sie k\u00f6nnen ganz einfach <a href=\"https:\/\/www.google.com\/search?q=Buy+Dormicum+7.5mg+pills+Online&amp;num=10&amp;sca_esv=1a2a07081c7891bb&amp;rlz=1C1RXQR_enIN1098IN1098&amp;sxsrf=AHTn8zpkMtDiQyNX2lz3dpn3b4Ejz7LDmg%3A1742186248863&amp;ei=CKfXZ_e1NITCjuMP0MvH-As&amp;ved=0ahUKEwj32fvDpZCMAxUEoWMGHdDlEb8Q4dUDCBA&amp;uact=5&amp;oq=Buy+Dormicum+7.5mg+pills+Online&amp;gs_lp=Egxnd3Mtd2l6LXNlcnAiH0J1eSBEb3JtaWN1bSA3LjVtZyBwaWxscyBPbmxpbmUyBRAhGKABMgUQIRigAUiGL1DxKljxKnAGeACQAQCYAdEBoAHRAaoBAzItMbgBA8gBAPgBAvgBAZgCAaAC4QGYAwCIBgGSBwMyLTGgB68C&amp;sclient=gws-wiz-serp\">Kaufen Sie Dormicum 7,5 mg online<\/a> since our experts will handle everything.<\/p>\n<p><a href=\"https:\/\/duckduckgo.com\/?q=Buy+Dormicum+7.5mg+pills+Online&amp;t=h_&amp;ia=web\">Kaufen Sie Dormicum 7,5 mg Tabletten online<\/a> \u2013 Dormicum 7,5 mg Tabletten kaufen, Dormicum 7,5 mg Tabletten kaufen, Wo kann man Dormicum 7,5 mg Tabletten kaufen?, Dormicum 7,5 mg Tabletten kaufen, Dormicum 7,5 mg Tabletten kaufen, Dormicum 7,5 mg Tabletten kaufen, Dormicum 7,5 mg Tabletten kaufen, Dormicum 7,5 mg Tabletten kaufen, Dormicum 7,5 mg Tabletten kaufen, Online kaufen, Lieferanten, sichere Lieferung, Dormicum 7,5 mg Tabletten sind noch erh\u00e4ltlich. Sie k\u00f6nnen auch herausfinden, ob Dormicum 7,5 mg Tabletten in Kanada legal sind, wie man sie bestellt und ob sie in anderen L\u00e4ndern legal sind. <a href=\"https:\/\/legitgrams.com\/de\/\">LegitGrams<\/a><\/p>","protected":false},"excerpt":{"rendered":"<p>Sale of Dormicum 7.5mg pills Our pills are of the best quality, and you can buy Dormicum 7.5 mg online here. Dormicum 7.5 mg is the product&#8217;s official name. When these tablets are shipped by EMS or USPS, you will be provided with a shipping address. Every Dormicum 7.5 mg box is carefully and discreetly &hellip;<\/p>\n<p class=\"read-more\"> <a class=\"\" href=\"https:\/\/legitgrams.com\/de\/produkt\/dormicum-7-5mg-pillen\/\"> <span class=\"screen-reader-text\">Kaufen Sie Dormicum 7,5 mg Tabletten online<\/span> Mehr lesen \"<\/a><\/p>","protected":false},"featured_media":5229,"comment_status":"open","ping_status":"closed","template":"","meta":{"_uag_custom_page_level_css":"","site-sidebar-layout":"default","site-content-layout":"default","ast-global-header-display":"","ast-main-header-display":"","ast-hfb-above-header-display":"","ast-hfb-below-header-display":"","ast-hfb-mobile-header-display":"","site-post-title":"","ast-breadcrumbs-content":"","ast-featured-img":"","footer-sml-layout":"","theme-transparent-header-meta":"default","adv-header-id-meta":"","stick-header-meta":"default","header-above-stick-meta":"","header-main-stick-meta":"","header-below-stick-meta":"","_joinchat":[]},"product_brand":[],"product_cat":[608,597],"product_tag":[4556,4546,617,4538,4553,4537,4541,4540,4548,4539,4549,4551,4558,4559,4557,4554,4550,4545,4543,4555,4552,625,4544,4547,4542],"class_list":{"0":"post-3862","1":"product","2":"type-product","3":"status-publish","4":"has-post-thumbnail","6":"product_cat-pain-pills","7":"product_cat-pain-sleeping-sex-pills","8":"product_tag-best-cheap-price-dormicum-7-5mg-pills","9":"product_tag-best-place-to-buy-dormicum-7-5mg-pills","10":"product_tag-bulk-online","11":"product_tag-buy-dormicum-7-5mg-pills","12":"product_tag-cheap-dormicum-7-5mg-pills","13":"product_tag-dormicum-7-5mg-pills","14":"product_tag-dormicum-7-5mg-pills-dormicum-7-5mg-pills-supplier","15":"product_tag-dormicum-7-5mg-pills-for-sale","16":"product_tag-dormicum-7-5mg-pills-legally","17":"product_tag-dormicum-7-5mg-pills-online","18":"product_tag-dormicum-7-5mg-pills-price","19":"product_tag-dormicum-7-5mg-pills-store","20":"product_tag-dormicum-7-5mg-pills-use","21":"product_tag-dormicum-7-5mg-pills-wiki","22":"product_tag-dormicum-7-5mg-pills-worldwide","23":"product_tag-dormicum-7-5mg-pillss","24":"product_tag-high-quality-dormicum-7-5mg-pills","25":"product_tag-how-to-buy-dormicum-7-5mg-pills","26":"product_tag-order-dormicum-7-5mg-pills","27":"product_tag-purcharse-dormicum-7-5mg-pills","28":"product_tag-shop-dormicum-7-5mg-pills","29":"product_tag-top-quality","30":"product_tag-where-to-buy-dormicum-7-5mg-pills","31":"product_tag-where-to-order-dormicum-7-5mg-pills","32":"product_tag-wholesale-dormicum-7-5mg-pills","33":"desktop-align-left","34":"tablet-align-left","35":"mobile-align-left","36":"ast-product-gallery-layout-horizontal","37":"ast-product-gallery-with-no-image","38":"ast-product-single-variable","39":"ast-product-tabs-layout-horizontal","40":"ast-qv-on-image","42":"first","43":"instock","44":"shipping-taxable","45":"purchasable","46":"product-type-variable"},"yoast_head":"<!-- This site is optimized with the Yoast SEO plugin v25.9 - https:\/\/yoast.com\/wordpress\/plugins\/seo\/ -->\n<title>Dormicum 7.5mg Pills for Sale - Order Dormicum Pills Online<\/title>\n<meta name=\"description\" content=\"We are the leading store available with Dormicum 7.5mg Pills for sale. If you wish to buy Dormicum 7.5mg Pills, contact us right away and get the order delivered. Order Now!\" \/>\n<meta name=\"robots\" content=\"index, follow, max-snippet:-1, max-image-preview:large, max-video-preview:-1\" \/>\n<link rel=\"canonical\" href=\"https:\/\/legitgrams.com\/de\/produkt\/dormicum-7-5mg-pillen\/\" \/>\n<meta property=\"og:locale\" content=\"de_DE\" \/>\n<meta property=\"og:type\" content=\"article\" \/>\n<meta property=\"og:title\" content=\"Dormicum 7.5mg Pills for Sale - Order Dormicum Pills Online\" \/>\n<meta property=\"og:description\" content=\"We are the leading store available with Dormicum 7.5mg Pills for sale. If you wish to buy Dormicum 7.5mg Pills, contact us right away and get the order delivered. Order Now!\" \/>\n<meta property=\"og:url\" content=\"https:\/\/legitgrams.com\/de\/produkt\/dormicum-7-5mg-pillen\/\" \/>\n<meta property=\"og:site_name\" content=\"Legit Grams\" \/>\n<meta property=\"article:modified_time\" content=\"2025-04-05T05:48:29+00:00\" \/>\n<meta property=\"og:image\" content=\"https:\/\/legitgrams.com\/wp-content\/uploads\/2024\/09\/buy-dormicum-7-5mg-pills-online.jpg\" \/>\n\t<meta property=\"og:image:width\" content=\"600\" \/>\n\t<meta property=\"og:image:height\" content=\"600\" \/>\n\t<meta property=\"og:image:type\" content=\"image\/jpeg\" \/>\n<meta name=\"twitter:card\" content=\"summary_large_image\" \/>\n<meta name=\"twitter:label1\" content=\"Gesch\u00e4tzte Lesezeit\" \/>\n\t<meta name=\"twitter:data1\" content=\"1\u00a0Minute\" \/>\n<script type=\"application\/ld+json\" class=\"yoast-schema-graph\">{\"@context\":\"https:\/\/schema.org\",\"@graph\":[{\"@type\":\"WebPage\",\"@id\":\"https:\/\/legitgrams.com\/product\/dormicum-7-5mg-pills\/\",\"url\":\"https:\/\/legitgrams.com\/product\/dormicum-7-5mg-pills\/\",\"name\":\"Dormicum 7.5mg Pills for Sale - Order Dormicum Pills Online\",\"isPartOf\":{\"@id\":\"https:\/\/legitgrams.com\/#website\"},\"primaryImageOfPage\":{\"@id\":\"https:\/\/legitgrams.com\/product\/dormicum-7-5mg-pills\/#primaryimage\"},\"image\":{\"@id\":\"https:\/\/legitgrams.com\/product\/dormicum-7-5mg-pills\/#primaryimage\"},\"thumbnailUrl\":\"https:\/\/legitgrams.com\/wp-content\/uploads\/2024\/09\/buy-dormicum-7-5mg-pills-online.jpg\",\"datePublished\":\"2024-09-20T08:34:33+00:00\",\"dateModified\":\"2025-04-05T05:48:29+00:00\",\"description\":\"We are the leading store available with Dormicum 7.5mg Pills for sale. If you wish to buy Dormicum 7.5mg Pills, contact us right away and get the order delivered. Order Now!\",\"breadcrumb\":{\"@id\":\"https:\/\/legitgrams.com\/product\/dormicum-7-5mg-pills\/#breadcrumb\"},\"inLanguage\":\"de\",\"potentialAction\":[{\"@type\":\"ReadAction\",\"target\":[\"https:\/\/legitgrams.com\/product\/dormicum-7-5mg-pills\/\"]}]},{\"@type\":\"ImageObject\",\"inLanguage\":\"de\",\"@id\":\"https:\/\/legitgrams.com\/product\/dormicum-7-5mg-pills\/#primaryimage\",\"url\":\"https:\/\/legitgrams.com\/wp-content\/uploads\/2024\/09\/buy-dormicum-7-5mg-pills-online.jpg\",\"contentUrl\":\"https:\/\/legitgrams.com\/wp-content\/uploads\/2024\/09\/buy-dormicum-7-5mg-pills-online.jpg\",\"width\":600,\"height\":600,\"caption\":\"Dormicum 7.5mg pills for sale\"},{\"@type\":\"BreadcrumbList\",\"@id\":\"https:\/\/legitgrams.com\/product\/dormicum-7-5mg-pills\/#breadcrumb\",\"itemListElement\":[{\"@type\":\"ListItem\",\"position\":1,\"name\":\"Home\",\"item\":\"https:\/\/legitgrams.com\/\"},{\"@type\":\"ListItem\",\"position\":2,\"name\":\"Shop\",\"item\":\"https:\/\/legitgrams.com\/shop\/\"},{\"@type\":\"ListItem\",\"position\":3,\"name\":\"Buy Dormicum 7.5mg pills Online\"}]},{\"@type\":\"WebSite\",\"@id\":\"https:\/\/legitgrams.com\/#website\",\"url\":\"https:\/\/legitgrams.com\/\",\"name\":\"Legit Grams\",\"description\":\"My WordPress Blog\",\"publisher\":{\"@id\":\"https:\/\/legitgrams.com\/#organization\"},\"potentialAction\":[{\"@type\":\"SearchAction\",\"target\":{\"@type\":\"EntryPoint\",\"urlTemplate\":\"https:\/\/legitgrams.com\/?s={search_term_string}\"},\"query-input\":{\"@type\":\"PropertyValueSpecification\",\"valueRequired\":true,\"valueName\":\"search_term_string\"}}],\"inLanguage\":\"de\"},{\"@type\":\"Organization\",\"@id\":\"https:\/\/legitgrams.com\/#organization\",\"name\":\"Legit Grams\",\"url\":\"https:\/\/legitgrams.com\/\",\"logo\":{\"@type\":\"ImageObject\",\"inLanguage\":\"de\",\"@id\":\"https:\/\/legitgrams.com\/#\/schema\/logo\/image\/\",\"url\":\"https:\/\/legitgrams.com\/wp-content\/uploads\/2024\/09\/main-logo.png\",\"contentUrl\":\"https:\/\/legitgrams.com\/wp-content\/uploads\/2024\/09\/main-logo.png\",\"width\":270,\"height\":75,\"caption\":\"Legit Grams\"},\"image\":{\"@id\":\"https:\/\/legitgrams.com\/#\/schema\/logo\/image\/\"}}]}<\/script>\n<!-- \/ Yoast SEO plugin. -->","yoast_head_json":{"title":"Dormicum 7,5 mg Pillen zum Verkauf \u2013 Bestellen Sie Dormicum Pillen online","description":"Wir sind das f\u00fchrende Gesch\u00e4ft mit Dormicum 7.5mg Pills zum Verkauf. Wenn Sie Dormicum 7.5mg Pills kaufen m\u00f6chten, kontaktieren Sie uns sofort und erhalten Sie die Bestellung geliefert. Bestellen Sie jetzt!","robots":{"index":"index","follow":"follow","max-snippet":"max-snippet:-1","max-image-preview":"max-image-preview:large","max-video-preview":"max-video-preview:-1"},"canonical":"https:\/\/legitgrams.com\/de\/produkt\/dormicum-7-5mg-pillen\/","og_locale":"de_DE","og_type":"article","og_title":"Dormicum 7.5mg Pills for Sale - Order Dormicum Pills Online","og_description":"We are the leading store available with Dormicum 7.5mg Pills for sale. If you wish to buy Dormicum 7.5mg Pills, contact us right away and get the order delivered. Order Now!","og_url":"https:\/\/legitgrams.com\/de\/produkt\/dormicum-7-5mg-pillen\/","og_site_name":"Legit Grams","article_modified_time":"2025-04-05T05:48:29+00:00","og_image":[{"width":600,"height":600,"url":"https:\/\/legitgrams.com\/wp-content\/uploads\/2024\/09\/buy-dormicum-7-5mg-pills-online.jpg","type":"image\/jpeg"}],"twitter_card":"summary_large_image","twitter_misc":{"Gesch\u00e4tzte Lesezeit":"1\u00a0Minute"},"schema":{"@context":"https:\/\/schema.org","@graph":[{"@type":"WebPage","@id":"https:\/\/legitgrams.com\/product\/dormicum-7-5mg-pills\/","url":"https:\/\/legitgrams.com\/product\/dormicum-7-5mg-pills\/","name":"Dormicum 7,5 mg Pillen zum Verkauf \u2013 Bestellen Sie Dormicum Pillen online","isPartOf":{"@id":"https:\/\/legitgrams.com\/#website"},"primaryImageOfPage":{"@id":"https:\/\/legitgrams.com\/product\/dormicum-7-5mg-pills\/#primaryimage"},"image":{"@id":"https:\/\/legitgrams.com\/product\/dormicum-7-5mg-pills\/#primaryimage"},"thumbnailUrl":"https:\/\/legitgrams.com\/wp-content\/uploads\/2024\/09\/buy-dormicum-7-5mg-pills-online.jpg","datePublished":"2024-09-20T08:34:33+00:00","dateModified":"2025-04-05T05:48:29+00:00","description":"Wir sind das f\u00fchrende Gesch\u00e4ft mit Dormicum 7.5mg Pills zum Verkauf. Wenn Sie Dormicum 7.5mg Pills kaufen m\u00f6chten, kontaktieren Sie uns sofort und erhalten Sie die Bestellung geliefert. Bestellen Sie jetzt!","breadcrumb":{"@id":"https:\/\/legitgrams.com\/product\/dormicum-7-5mg-pills\/#breadcrumb"},"inLanguage":"de","potentialAction":[{"@type":"ReadAction","target":["https:\/\/legitgrams.com\/product\/dormicum-7-5mg-pills\/"]}]},{"@type":"ImageObject","inLanguage":"de","@id":"https:\/\/legitgrams.com\/product\/dormicum-7-5mg-pills\/#primaryimage","url":"https:\/\/legitgrams.com\/wp-content\/uploads\/2024\/09\/buy-dormicum-7-5mg-pills-online.jpg","contentUrl":"https:\/\/legitgrams.com\/wp-content\/uploads\/2024\/09\/buy-dormicum-7-5mg-pills-online.jpg","width":600,"height":600,"caption":"Dormicum 7.5mg pills for sale"},{"@type":"BreadcrumbList","@id":"https:\/\/legitgrams.com\/product\/dormicum-7-5mg-pills\/#breadcrumb","itemListElement":[{"@type":"ListItem","position":1,"name":"Home","item":"https:\/\/legitgrams.com\/"},{"@type":"ListItem","position":2,"name":"Shop","item":"https:\/\/legitgrams.com\/shop\/"},{"@type":"ListItem","position":3,"name":"Buy Dormicum 7.5mg pills Online"}]},{"@type":"WebSite","@id":"https:\/\/legitgrams.com\/#website","url":"https:\/\/legitgrams.com\/","name":"Legitimer Grammwert","description":"Mein WordPress-Blog","publisher":{"@id":"https:\/\/legitgrams.com\/#organization"},"potentialAction":[{"@type":"SearchAction","target":{"@type":"EntryPoint","urlTemplate":"https:\/\/legitgrams.com\/?s={search_term_string}"},"query-input":{"@type":"PropertyValueSpecification","valueRequired":true,"valueName":"search_term_string"}}],"inLanguage":"de"},{"@type":"Organization","@id":"https:\/\/legitgrams.com\/#organization","name":"Legitimer Grammwert","url":"https:\/\/legitgrams.com\/","logo":{"@type":"ImageObject","inLanguage":"de","@id":"https:\/\/legitgrams.com\/#\/schema\/logo\/image\/","url":"https:\/\/legitgrams.com\/wp-content\/uploads\/2024\/09\/main-logo.png","contentUrl":"https:\/\/legitgrams.com\/wp-content\/uploads\/2024\/09\/main-logo.png","width":270,"height":75,"caption":"Legit Grams"},"image":{"@id":"https:\/\/legitgrams.com\/#\/schema\/logo\/image\/"}}]}},"uagb_featured_image_src":{"full":["https:\/\/legitgrams.com\/wp-content\/uploads\/2024\/09\/buy-dormicum-7-5mg-pills-online.jpg",600,600,false],"thumbnail":["https:\/\/legitgrams.com\/wp-content\/uploads\/2024\/09\/buy-dormicum-7-5mg-pills-online-150x150.jpg",150,150,true],"medium":["https:\/\/legitgrams.com\/wp-content\/uploads\/2024\/09\/buy-dormicum-7-5mg-pills-online-300x300.jpg",300,300,true],"medium_large":["https:\/\/legitgrams.com\/wp-content\/uploads\/2024\/09\/buy-dormicum-7-5mg-pills-online.jpg",600,600,false],"large":["https:\/\/legitgrams.com\/wp-content\/uploads\/2024\/09\/buy-dormicum-7-5mg-pills-online.jpg",600,600,false],"1536x1536":["https:\/\/legitgrams.com\/wp-content\/uploads\/2024\/09\/buy-dormicum-7-5mg-pills-online.jpg",600,600,false],"2048x2048":["https:\/\/legitgrams.com\/wp-content\/uploads\/2024\/09\/buy-dormicum-7-5mg-pills-online.jpg",600,600,false],"trp-custom-language-flag":["https:\/\/legitgrams.com\/wp-content\/uploads\/2024\/09\/buy-dormicum-7-5mg-pills-online-12x12.jpg",12,12,true],"woocommerce_thumbnail":["https:\/\/legitgrams.com\/wp-content\/uploads\/2024\/09\/buy-dormicum-7-5mg-pills-online-300x300.jpg",300,300,true],"woocommerce_single":["https:\/\/legitgrams.com\/wp-content\/uploads\/2024\/09\/buy-dormicum-7-5mg-pills-online.jpg",600,600,false],"woocommerce_gallery_thumbnail":["https:\/\/legitgrams.com\/wp-content\/uploads\/2024\/09\/buy-dormicum-7-5mg-pills-online-100x100.jpg",100,100,true]},"uagb_author_info":{"display_name":"cokeblog18","author_link":"https:\/\/legitgrams.com\/de\/author\/"},"uagb_comment_info":0,"uagb_excerpt":"Sale of Dormicum 7.5mg pills Our pills are of the best quality, and you can buy Dormicum 7.5 mg online here. Dormicum 7.5 mg is the product&#8217;s official name. When these tablets are shipped by EMS or USPS, you will be provided with a shipping address. Every Dormicum 7.5 mg box is carefully and discreetly&hellip;","_links":{"self":[{"href":"https:\/\/legitgrams.com\/de\/wp-json\/wp\/v2\/product\/3862","targetHints":{"allow":["GET"]}}],"collection":[{"href":"https:\/\/legitgrams.com\/de\/wp-json\/wp\/v2\/product"}],"about":[{"href":"https:\/\/legitgrams.com\/de\/wp-json\/wp\/v2\/types\/product"}],"replies":[{"embeddable":true,"href":"https:\/\/legitgrams.com\/de\/wp-json\/wp\/v2\/comments?post=3862"}],"wp:featuredmedia":[{"embeddable":true,"href":"https:\/\/legitgrams.com\/de\/wp-json\/wp\/v2\/media\/5229"}],"wp:attachment":[{"href":"https:\/\/legitgrams.com\/de\/wp-json\/wp\/v2\/media?parent=3862"}],"wp:term":[{"taxonomy":"product_brand","embeddable":true,"href":"https:\/\/legitgrams.com\/de\/wp-json\/wp\/v2\/product_brand?post=3862"},{"taxonomy":"product_cat","embeddable":true,"href":"https:\/\/legitgrams.com\/de\/wp-json\/wp\/v2\/product_cat?post=3862"},{"taxonomy":"product_tag","embeddable":true,"href":"https:\/\/legitgrams.com\/de\/wp-json\/wp\/v2\/product_tag?post=3862"}],"curies":[{"name":"wp","href":"https:\/\/api.w.org\/{rel}","templated":true}]}}