{"id":3870,"date":"2024-09-20T09:31:11","date_gmt":"2024-09-20T09:31:11","guid":{"rendered":"https:\/\/legitgrams.com\/?post_type=product&#038;p=3870"},"modified":"2025-01-14T06:20:00","modified_gmt":"2025-01-14T06:20:00","slug":"imitrex-sumatriptan-100mg-pillen","status":"publish","type":"product","link":"https:\/\/legitgrams.com\/de\/produkt\/imitrex-sumatriptan-100mg-pillen\/","title":{"rendered":"imitrex Sumatriptan 100mg Pillen"},"content":{"rendered":"<h2>100-mg-Tabletten Imitrex Sumatriptan online Kaufen.<\/h2>\n<p>Suchen Sie nach einer schnelleren und effektiveren Methode, um Migr\u00e4ne loszuwerden? Sie k\u00f6nnen kaufen <a href=\"https:\/\/legitgrams.com\/de\/produkt\/imitrex-sumatriptan-100mg-pillen\/\">Sumatriptan<\/a> Bestellen Sie jetzt Tabletten bei unserer in Gro\u00dfbritannien ans\u00e4ssigen Online-Apotheke und lassen Sie sie sich am n\u00e4chsten Tag von einer anderen Apotheke liefern. Sumatriptan-Pillen, die generische Version des Markenmedikaments von Immigrant, sind in Gro\u00dfbritannien das am h\u00e4ufigsten verschriebene Migr\u00e4nemedikament.<\/p>\n<p>Nach einer kostenlosen Beratung bieten wir 50-mg- und 100-mg-Dosen Sumatriptan-Tabletten zum Online-Kauf an. Bei richtiger Einnahme mit Schmerzmitteln oder Medikamenten gegen Krankheiten kann Sumatriptan Ihnen helfen, Migr\u00e4ne schnell und effektiv zu lindern, sodass Sie Ihren Tag fortsetzen k\u00f6nnen. <a href=\"https:\/\/legitgrams.com\/de\/\">LegitGrams<\/a><\/p>\n<p>100 mg Imitrex-Pillen online Kaufen: 100 mg kaufen <a href=\"https:\/\/en.wikipedia.org\/wiki\/Sumatriptan\">imitrex<\/a> Pillen, Imitrex kaufen, Imitrex 100 mg Pillen online kaufen \u2013 Imitrex 100 mg Pillen kaufen, Imitrex 100 mg Pillen kaufen, Imitrex 100 mg Pillen kaufen, Wo kann man Imitrex 100 mg Pillen kaufen, Wo kann man Imitrex 100 mg Pillen kaufen, Imitriptan 100 mg Pillen zu verkaufen, Imitriptan zu verkaufen, Sumatriptan 100 mg Pillen kaufen, Wo kann man Imitrex 100 mg Pillen kaufen, Imitriptan 100 mg Pillen zu verkaufen in den Vereinigten Staaten, Kanada, Gro\u00dfbritannien, Kauf, Online, Lieferanten, Sichere Lieferung, Sie k\u00f6nnen immer noch 100 mg Imitrex Pillen bekommen. Informationen dar\u00fcber, ob Imitrex 100 mg in Kanada legal ist, wo man Imitrex 100 mg Pillen online in den USA kaufen kann und wie man Imitrex 100 mg Pillen bestellt, finden Sie ebenfalls.<\/p>\n<h2><\/h2>\n<p>&nbsp;<\/p>","protected":false},"excerpt":{"rendered":"<p>Purchase 100 mg tablets of imitrex sumatriptan online. Are you trying to find a quicker and more effective technique to get rid of migraines? You can purchase Sumatriptan tablets from our UK-based online pharmacy now and have them delivered by a separate pharmacy the next day. Sumatriptan pills, the generic version of the Immigrant brand-name &hellip;<\/p>\n<p class=\"read-more\"> <a class=\"\" href=\"https:\/\/legitgrams.com\/de\/produkt\/imitrex-sumatriptan-100mg-pillen\/\"> <span class=\"screen-reader-text\">imitrex Sumatriptan 100mg Pillen<\/span> Mehr lesen \"<\/a><\/p>","protected":false},"featured_media":5213,"comment_status":"open","ping_status":"closed","template":"","meta":{"_uag_custom_page_level_css":"","site-sidebar-layout":"default","site-content-layout":"default","ast-global-header-display":"","ast-main-header-display":"","ast-hfb-above-header-display":"","ast-hfb-below-header-display":"","ast-hfb-mobile-header-display":"","site-post-title":"","ast-breadcrumbs-content":"","ast-featured-img":"","footer-sml-layout":"","theme-transparent-header-meta":"default","adv-header-id-meta":"","stick-header-meta":"default","header-above-stick-meta":"","header-main-stick-meta":"","header-below-stick-meta":"","_joinchat":[]},"product_brand":[],"product_cat":[608,597],"product_tag":[4464,4454,617,4446,4461,4458,4453,4445,4448,4449,4456,4447,4457,4459,4466,4467,4465,4462,4451,4463,4460,625,4452,4455,4450],"class_list":{"0":"post-3870","1":"product","2":"type-product","3":"status-publish","4":"has-post-thumbnail","6":"product_cat-pain-pills","7":"product_cat-pain-sleeping-sex-pills","8":"product_tag-best-cheap-price-imitrex-sumatriptan-100mg-pills","9":"product_tag-best-place-to-buy-imitrex-sumatriptan-100mg-pills","10":"product_tag-bulk-online","11":"product_tag-buy-imitrex-sumatriptan-100mg-pills","12":"product_tag-cheap-imitrex-sumatriptan-100mg-pills","13":"product_tag-high-quality-imitrex-sumatriptan-100mg-pills","14":"product_tag-how-to-buy-imitrex-sumatriptan-100mg-pills","15":"product_tag-imitrex-sumatriptan-100mg-pills","16":"product_tag-imitrex-sumatriptan-100mg-pills-for-sale","17":"product_tag-imitrex-sumatriptan-100mg-pills-imitrex-sumatriptan-100mg-pills-supplier","18":"product_tag-imitrex-sumatriptan-100mg-pills-legally","19":"product_tag-imitrex-sumatriptan-100mg-pills-online","20":"product_tag-imitrex-sumatriptan-100mg-pills-price","21":"product_tag-imitrex-sumatriptan-100mg-pills-store","22":"product_tag-imitrex-sumatriptan-100mg-pills-use","23":"product_tag-imitrex-sumatriptan-100mg-pills-wiki","24":"product_tag-imitrex-sumatriptan-100mg-pills-worldwide","25":"product_tag-imitrex-sumatriptan-100mg-pillss","26":"product_tag-order-imitrex-sumatriptan-100mg-pills","27":"product_tag-purcharse-imitrex-sumatriptan-100mg-pills","28":"product_tag-shop-imitrex-sumatriptan-100mg-pills","29":"product_tag-top-quality","30":"product_tag-where-to-buy-imitrex-sumatriptan-100mg-pills","31":"product_tag-where-to-order-imitrex-sumatriptan-100mg-pills","32":"product_tag-wholesale-imitrex-sumatriptan-100mg-pills","33":"desktop-align-left","34":"tablet-align-left","35":"mobile-align-left","36":"ast-product-gallery-layout-horizontal","37":"ast-product-gallery-with-no-image","38":"ast-product-single-variable","39":"ast-product-tabs-layout-horizontal","40":"ast-qv-on-image","42":"first","43":"instock","44":"shipping-taxable","45":"purchasable","46":"product-type-variable"},"yoast_head":"<!-- This site is optimized with the Yoast SEO plugin v25.9 - https:\/\/yoast.com\/wordpress\/plugins\/seo\/ -->\n<title>Imitrex Sumatriptan 100mg Pills for Sale @ Best Price | LegitGrams<\/title>\n<meta name=\"description\" content=\"You can get in touch with our Legitgrams store and buy Imitrex Sumatriptan online. We have Imitrex Sumatriptan for sale at cheap prices. Get yours at your place right away!\" \/>\n<meta name=\"robots\" content=\"index, follow, max-snippet:-1, max-image-preview:large, max-video-preview:-1\" \/>\n<link rel=\"canonical\" href=\"https:\/\/legitgrams.com\/de\/produkt\/imitrex-sumatriptan-100mg-pillen\/\" \/>\n<meta property=\"og:locale\" content=\"de_DE\" \/>\n<meta property=\"og:type\" content=\"article\" \/>\n<meta property=\"og:title\" content=\"Imitrex Sumatriptan 100mg Pills for Sale @ Best Price | LegitGrams\" \/>\n<meta property=\"og:description\" content=\"You can get in touch with our Legitgrams store and buy Imitrex Sumatriptan online. We have Imitrex Sumatriptan for sale at cheap prices. Get yours at your place right away!\" \/>\n<meta property=\"og:url\" content=\"https:\/\/legitgrams.com\/de\/produkt\/imitrex-sumatriptan-100mg-pillen\/\" \/>\n<meta property=\"og:site_name\" content=\"Legit Grams\" \/>\n<meta property=\"article:modified_time\" content=\"2025-01-14T06:20:00+00:00\" \/>\n<meta property=\"og:image\" content=\"https:\/\/legitgrams.com\/wp-content\/uploads\/2024\/09\/buy-imitrex-sumatriptan-100mg-pills-online.jpg\" \/>\n\t<meta property=\"og:image:width\" content=\"600\" \/>\n\t<meta property=\"og:image:height\" content=\"600\" \/>\n\t<meta property=\"og:image:type\" content=\"image\/jpeg\" \/>\n<meta name=\"twitter:card\" content=\"summary_large_image\" \/>\n<meta name=\"twitter:label1\" content=\"Gesch\u00e4tzte Lesezeit\" \/>\n\t<meta name=\"twitter:data1\" content=\"3\u00a0Minuten\" \/>\n<script type=\"application\/ld+json\" class=\"yoast-schema-graph\">{\"@context\":\"https:\/\/schema.org\",\"@graph\":[{\"@type\":\"WebPage\",\"@id\":\"https:\/\/legitgrams.com\/product\/imitrex-sumatriptan-100mg-pills\/\",\"url\":\"https:\/\/legitgrams.com\/product\/imitrex-sumatriptan-100mg-pills\/\",\"name\":\"Imitrex Sumatriptan 100mg Pills for Sale @ Best Price | LegitGrams\",\"isPartOf\":{\"@id\":\"https:\/\/legitgrams.com\/#website\"},\"primaryImageOfPage\":{\"@id\":\"https:\/\/legitgrams.com\/product\/imitrex-sumatriptan-100mg-pills\/#primaryimage\"},\"image\":{\"@id\":\"https:\/\/legitgrams.com\/product\/imitrex-sumatriptan-100mg-pills\/#primaryimage\"},\"thumbnailUrl\":\"https:\/\/legitgrams.com\/wp-content\/uploads\/2024\/09\/buy-imitrex-sumatriptan-100mg-pills-online.jpg\",\"datePublished\":\"2024-09-20T09:31:11+00:00\",\"dateModified\":\"2025-01-14T06:20:00+00:00\",\"description\":\"You can get in touch with our Legitgrams store and buy Imitrex Sumatriptan online. We have Imitrex Sumatriptan for sale at cheap prices. Get yours at your place right away!\",\"breadcrumb\":{\"@id\":\"https:\/\/legitgrams.com\/product\/imitrex-sumatriptan-100mg-pills\/#breadcrumb\"},\"inLanguage\":\"de\",\"potentialAction\":[{\"@type\":\"ReadAction\",\"target\":[\"https:\/\/legitgrams.com\/product\/imitrex-sumatriptan-100mg-pills\/\"]}]},{\"@type\":\"ImageObject\",\"inLanguage\":\"de\",\"@id\":\"https:\/\/legitgrams.com\/product\/imitrex-sumatriptan-100mg-pills\/#primaryimage\",\"url\":\"https:\/\/legitgrams.com\/wp-content\/uploads\/2024\/09\/buy-imitrex-sumatriptan-100mg-pills-online.jpg\",\"contentUrl\":\"https:\/\/legitgrams.com\/wp-content\/uploads\/2024\/09\/buy-imitrex-sumatriptan-100mg-pills-online.jpg\",\"width\":600,\"height\":600,\"caption\":\"Imitrex Sumatriptan 100mg Pills for Sale\"},{\"@type\":\"BreadcrumbList\",\"@id\":\"https:\/\/legitgrams.com\/product\/imitrex-sumatriptan-100mg-pills\/#breadcrumb\",\"itemListElement\":[{\"@type\":\"ListItem\",\"position\":1,\"name\":\"Home\",\"item\":\"https:\/\/legitgrams.com\/\"},{\"@type\":\"ListItem\",\"position\":2,\"name\":\"Shop\",\"item\":\"https:\/\/legitgrams.com\/shop\/\"},{\"@type\":\"ListItem\",\"position\":3,\"name\":\"imitrex Sumatriptan 100mg pills\"}]},{\"@type\":\"WebSite\",\"@id\":\"https:\/\/legitgrams.com\/#website\",\"url\":\"https:\/\/legitgrams.com\/\",\"name\":\"Legit Grams\",\"description\":\"My WordPress Blog\",\"publisher\":{\"@id\":\"https:\/\/legitgrams.com\/#organization\"},\"potentialAction\":[{\"@type\":\"SearchAction\",\"target\":{\"@type\":\"EntryPoint\",\"urlTemplate\":\"https:\/\/legitgrams.com\/?s={search_term_string}\"},\"query-input\":{\"@type\":\"PropertyValueSpecification\",\"valueRequired\":true,\"valueName\":\"search_term_string\"}}],\"inLanguage\":\"de\"},{\"@type\":\"Organization\",\"@id\":\"https:\/\/legitgrams.com\/#organization\",\"name\":\"Legit Grams\",\"url\":\"https:\/\/legitgrams.com\/\",\"logo\":{\"@type\":\"ImageObject\",\"inLanguage\":\"de\",\"@id\":\"https:\/\/legitgrams.com\/#\/schema\/logo\/image\/\",\"url\":\"https:\/\/legitgrams.com\/wp-content\/uploads\/2024\/09\/main-logo.png\",\"contentUrl\":\"https:\/\/legitgrams.com\/wp-content\/uploads\/2024\/09\/main-logo.png\",\"width\":270,\"height\":75,\"caption\":\"Legit Grams\"},\"image\":{\"@id\":\"https:\/\/legitgrams.com\/#\/schema\/logo\/image\/\"}}]}<\/script>\n<!-- \/ Yoast SEO plugin. -->","yoast_head_json":{"title":"Imitrex Sumatriptan 100 mg Tabletten zu verkaufen zum besten Preis | LegitGrams","description":"Sie k\u00f6nnen sich mit unserem Legitgrams Shop in Verbindung setzen und Imitrex Sumatriptan online kaufen. Wir haben Imitrex Sumatriptan zum Verkauf zu g\u00fcnstigen Preisen. Holen Sie sich Ihre an Ihrem Platz sofort!","robots":{"index":"index","follow":"follow","max-snippet":"max-snippet:-1","max-image-preview":"max-image-preview:large","max-video-preview":"max-video-preview:-1"},"canonical":"https:\/\/legitgrams.com\/de\/produkt\/imitrex-sumatriptan-100mg-pillen\/","og_locale":"de_DE","og_type":"article","og_title":"Imitrex Sumatriptan 100mg Pills for Sale @ Best Price | LegitGrams","og_description":"You can get in touch with our Legitgrams store and buy Imitrex Sumatriptan online. We have Imitrex Sumatriptan for sale at cheap prices. Get yours at your place right away!","og_url":"https:\/\/legitgrams.com\/de\/produkt\/imitrex-sumatriptan-100mg-pillen\/","og_site_name":"Legit Grams","article_modified_time":"2025-01-14T06:20:00+00:00","og_image":[{"width":600,"height":600,"url":"https:\/\/legitgrams.com\/wp-content\/uploads\/2024\/09\/buy-imitrex-sumatriptan-100mg-pills-online.jpg","type":"image\/jpeg"}],"twitter_card":"summary_large_image","twitter_misc":{"Gesch\u00e4tzte Lesezeit":"3\u00a0Minuten"},"schema":{"@context":"https:\/\/schema.org","@graph":[{"@type":"WebPage","@id":"https:\/\/legitgrams.com\/product\/imitrex-sumatriptan-100mg-pills\/","url":"https:\/\/legitgrams.com\/product\/imitrex-sumatriptan-100mg-pills\/","name":"Imitrex Sumatriptan 100 mg Tabletten zu verkaufen zum besten Preis | LegitGrams","isPartOf":{"@id":"https:\/\/legitgrams.com\/#website"},"primaryImageOfPage":{"@id":"https:\/\/legitgrams.com\/product\/imitrex-sumatriptan-100mg-pills\/#primaryimage"},"image":{"@id":"https:\/\/legitgrams.com\/product\/imitrex-sumatriptan-100mg-pills\/#primaryimage"},"thumbnailUrl":"https:\/\/legitgrams.com\/wp-content\/uploads\/2024\/09\/buy-imitrex-sumatriptan-100mg-pills-online.jpg","datePublished":"2024-09-20T09:31:11+00:00","dateModified":"2025-01-14T06:20:00+00:00","description":"Sie k\u00f6nnen sich mit unserem Legitgrams Shop in Verbindung setzen und Imitrex Sumatriptan online kaufen. Wir haben Imitrex Sumatriptan zum Verkauf zu g\u00fcnstigen Preisen. Holen Sie sich Ihre an Ihrem Platz sofort!","breadcrumb":{"@id":"https:\/\/legitgrams.com\/product\/imitrex-sumatriptan-100mg-pills\/#breadcrumb"},"inLanguage":"de","potentialAction":[{"@type":"ReadAction","target":["https:\/\/legitgrams.com\/product\/imitrex-sumatriptan-100mg-pills\/"]}]},{"@type":"ImageObject","inLanguage":"de","@id":"https:\/\/legitgrams.com\/product\/imitrex-sumatriptan-100mg-pills\/#primaryimage","url":"https:\/\/legitgrams.com\/wp-content\/uploads\/2024\/09\/buy-imitrex-sumatriptan-100mg-pills-online.jpg","contentUrl":"https:\/\/legitgrams.com\/wp-content\/uploads\/2024\/09\/buy-imitrex-sumatriptan-100mg-pills-online.jpg","width":600,"height":600,"caption":"Imitrex Sumatriptan 100mg Pills for Sale"},{"@type":"BreadcrumbList","@id":"https:\/\/legitgrams.com\/product\/imitrex-sumatriptan-100mg-pills\/#breadcrumb","itemListElement":[{"@type":"ListItem","position":1,"name":"Home","item":"https:\/\/legitgrams.com\/"},{"@type":"ListItem","position":2,"name":"Shop","item":"https:\/\/legitgrams.com\/shop\/"},{"@type":"ListItem","position":3,"name":"imitrex Sumatriptan 100mg pills"}]},{"@type":"WebSite","@id":"https:\/\/legitgrams.com\/#website","url":"https:\/\/legitgrams.com\/","name":"Legitimer Grammwert","description":"Mein WordPress-Blog","publisher":{"@id":"https:\/\/legitgrams.com\/#organization"},"potentialAction":[{"@type":"SearchAction","target":{"@type":"EntryPoint","urlTemplate":"https:\/\/legitgrams.com\/?s={search_term_string}"},"query-input":{"@type":"PropertyValueSpecification","valueRequired":true,"valueName":"search_term_string"}}],"inLanguage":"de"},{"@type":"Organization","@id":"https:\/\/legitgrams.com\/#organization","name":"Legitimer Grammwert","url":"https:\/\/legitgrams.com\/","logo":{"@type":"ImageObject","inLanguage":"de","@id":"https:\/\/legitgrams.com\/#\/schema\/logo\/image\/","url":"https:\/\/legitgrams.com\/wp-content\/uploads\/2024\/09\/main-logo.png","contentUrl":"https:\/\/legitgrams.com\/wp-content\/uploads\/2024\/09\/main-logo.png","width":270,"height":75,"caption":"Legit Grams"},"image":{"@id":"https:\/\/legitgrams.com\/#\/schema\/logo\/image\/"}}]}},"uagb_featured_image_src":{"full":["https:\/\/legitgrams.com\/wp-content\/uploads\/2024\/09\/buy-imitrex-sumatriptan-100mg-pills-online.jpg",600,600,false],"thumbnail":["https:\/\/legitgrams.com\/wp-content\/uploads\/2024\/09\/buy-imitrex-sumatriptan-100mg-pills-online-150x150.jpg",150,150,true],"medium":["https:\/\/legitgrams.com\/wp-content\/uploads\/2024\/09\/buy-imitrex-sumatriptan-100mg-pills-online-300x300.jpg",300,300,true],"medium_large":["https:\/\/legitgrams.com\/wp-content\/uploads\/2024\/09\/buy-imitrex-sumatriptan-100mg-pills-online.jpg",600,600,false],"large":["https:\/\/legitgrams.com\/wp-content\/uploads\/2024\/09\/buy-imitrex-sumatriptan-100mg-pills-online.jpg",600,600,false],"1536x1536":["https:\/\/legitgrams.com\/wp-content\/uploads\/2024\/09\/buy-imitrex-sumatriptan-100mg-pills-online.jpg",600,600,false],"2048x2048":["https:\/\/legitgrams.com\/wp-content\/uploads\/2024\/09\/buy-imitrex-sumatriptan-100mg-pills-online.jpg",600,600,false],"trp-custom-language-flag":["https:\/\/legitgrams.com\/wp-content\/uploads\/2024\/09\/buy-imitrex-sumatriptan-100mg-pills-online-12x12.jpg",12,12,true],"woocommerce_thumbnail":["https:\/\/legitgrams.com\/wp-content\/uploads\/2024\/09\/buy-imitrex-sumatriptan-100mg-pills-online-300x300.jpg",300,300,true],"woocommerce_single":["https:\/\/legitgrams.com\/wp-content\/uploads\/2024\/09\/buy-imitrex-sumatriptan-100mg-pills-online.jpg",600,600,false],"woocommerce_gallery_thumbnail":["https:\/\/legitgrams.com\/wp-content\/uploads\/2024\/09\/buy-imitrex-sumatriptan-100mg-pills-online-100x100.jpg",100,100,true]},"uagb_author_info":{"display_name":"cokeblog18","author_link":"https:\/\/legitgrams.com\/de\/author\/"},"uagb_comment_info":0,"uagb_excerpt":"Purchase 100 mg tablets of imitrex sumatriptan online. Are you trying to find a quicker and more effective technique to get rid of migraines? You can purchase Sumatriptan tablets from our UK-based online pharmacy now and have them delivered by a separate pharmacy the next day. Sumatriptan pills, the generic version of the Immigrant brand-name&hellip;","_links":{"self":[{"href":"https:\/\/legitgrams.com\/de\/wp-json\/wp\/v2\/product\/3870","targetHints":{"allow":["GET"]}}],"collection":[{"href":"https:\/\/legitgrams.com\/de\/wp-json\/wp\/v2\/product"}],"about":[{"href":"https:\/\/legitgrams.com\/de\/wp-json\/wp\/v2\/types\/product"}],"replies":[{"embeddable":true,"href":"https:\/\/legitgrams.com\/de\/wp-json\/wp\/v2\/comments?post=3870"}],"wp:featuredmedia":[{"embeddable":true,"href":"https:\/\/legitgrams.com\/de\/wp-json\/wp\/v2\/media\/5213"}],"wp:attachment":[{"href":"https:\/\/legitgrams.com\/de\/wp-json\/wp\/v2\/media?parent=3870"}],"wp:term":[{"taxonomy":"product_brand","embeddable":true,"href":"https:\/\/legitgrams.com\/de\/wp-json\/wp\/v2\/product_brand?post=3870"},{"taxonomy":"product_cat","embeddable":true,"href":"https:\/\/legitgrams.com\/de\/wp-json\/wp\/v2\/product_cat?post=3870"},{"taxonomy":"product_tag","embeddable":true,"href":"https:\/\/legitgrams.com\/de\/wp-json\/wp\/v2\/product_tag?post=3870"}],"curies":[{"name":"wp","href":"https:\/\/api.w.org\/{rel}","templated":true}]}}