{"id":3874,"date":"2024-09-20T09:36:43","date_gmt":"2024-09-20T09:36:43","guid":{"rendered":"https:\/\/legitgrams.com\/?post_type=product&#038;p=3874"},"modified":"2025-01-14T07:41:48","modified_gmt":"2025-01-14T07:41:48","slug":"klonopin-2mg-pillen","status":"publish","type":"product","link":"https:\/\/legitgrams.com\/de\/produkt\/klonopin-2mg-pillen\/","title":{"rendered":"Klonopin 2mg Pillen"},"content":{"rendered":"<h2>2 mg Klonopin-Pillen online kaufen.<\/h2>\n<p>Clonazepam kontrolliert und verhindert Anf\u00e4lle. Diese Medikamente sind als Antikonvulsiva oder Antiepileptika bekannt. Es wird auch zur Behandlung von Panikattacken eingesetzt. Mit Clonazepam werden Ihr Gehirn und Ihre Nerven entspannt. Es geh\u00f6rt zur Klasse der als Benzodiazepine bekannten Medikamente. <a href=\"https:\/\/legitgrams.com\/de\/\">LegitGrams<\/a><\/p>\n<p>Kaufen <a href=\"https:\/\/en.wikipedia.org\/wiki\/Clonazepam\">Klonopin<\/a> online: Klonopin kaufen, Klonopin 2 mg Tabletten kaufen, Klonopin online kaufen, wo kaufen <a href=\"https:\/\/legitgrams.com\/de\/produkt\/klonopin-2mg-pillen\/\">Klonopin 2mg Pillen<\/a>, Klonopin 2 mg Pillen kaufen, Klonopin 2 mg Pillen kaufen, Klonopin 2 mg Pillen kaufen, Klonopin 2 mg Pillen kaufen, Klonopin 2 mg Pillen kaufen, kaufen, online, Lieferanten, sichere Lieferung, USA, Kanada, Gro\u00dfbritannien, 2-mg-Klonopin-Tabletten sind noch erh\u00e4ltlich. Dar\u00fcber hinaus k\u00f6nnen Sie herausfinden, wie Sie 2 mg Klonopin-Pillen erwerben k\u00f6nnen, ob sie in den USA legal sind und ob sie in Kanada legal sind.<\/p>\n<h2><\/h2>\n<p>&nbsp;<\/p>","protected":false},"excerpt":{"rendered":"<p>Purchase 2 mg Klonopin pills online. Clonazepam controls and prevents seizures. These drugs are known as anticonvulsants or antiepileptics. It is also used to treat panic episodes. With clonazepam, your brain and nerves are relaxed. It belongs to the class of drugs known as benzodiazepines. LegitGrams Buy Klonopin online: buy Klonopin, buy Klonopin 2 mg &hellip;<\/p>\n<p class=\"read-more\"> <a class=\"\" href=\"https:\/\/legitgrams.com\/de\/produkt\/klonopin-2mg-pillen\/\"> <span class=\"screen-reader-text\">Klonopin 2mg Pillen<\/span> Mehr lesen \"<\/a><\/p>","protected":false},"featured_media":5231,"comment_status":"open","ping_status":"closed","template":"","meta":{"_uag_custom_page_level_css":"","site-sidebar-layout":"default","site-content-layout":"default","ast-global-header-display":"","ast-main-header-display":"","ast-hfb-above-header-display":"","ast-hfb-below-header-display":"","ast-hfb-mobile-header-display":"","site-post-title":"","ast-breadcrumbs-content":"","ast-featured-img":"","footer-sml-layout":"","theme-transparent-header-meta":"default","adv-header-id-meta":"","stick-header-meta":"default","header-above-stick-meta":"","header-main-stick-meta":"","header-below-stick-meta":"","_joinchat":[]},"product_brand":[],"product_cat":[597,610],"product_tag":[4418,4408,617,4400,4415,4412,4407,4399,4402,4403,4410,4401,4411,4413,4420,4421,4419,4416,4405,4417,4414,625,4406,4409,4404],"class_list":{"0":"post-3874","1":"product","2":"type-product","3":"status-publish","4":"has-post-thumbnail","6":"product_cat-pain-sleeping-sex-pills","7":"product_cat-sleeping-pills","8":"product_tag-best-cheap-price-klonopin-2mg-pills","9":"product_tag-best-place-to-buy-klonopin-2mg-pills","10":"product_tag-bulk-online","11":"product_tag-buy-klonopin-2mg-pills","12":"product_tag-cheap-klonopin-2mg-pills","13":"product_tag-high-quality-klonopin-2mg-pills","14":"product_tag-how-to-buy-klonopin-2mg-pills","15":"product_tag-klonopin-2mg-pills","16":"product_tag-klonopin-2mg-pills-for-sale","17":"product_tag-klonopin-2mg-pills-klonopin-2mg-pills-supplier","18":"product_tag-klonopin-2mg-pills-legally","19":"product_tag-klonopin-2mg-pills-online","20":"product_tag-klonopin-2mg-pills-price","21":"product_tag-klonopin-2mg-pills-store","22":"product_tag-klonopin-2mg-pills-use","23":"product_tag-klonopin-2mg-pills-wiki","24":"product_tag-klonopin-2mg-pills-worldwide","25":"product_tag-klonopin-2mg-pillss","26":"product_tag-order-klonopin-2mg-pills","27":"product_tag-purcharse-klonopin-2mg-pills","28":"product_tag-shop-klonopin-2mg-pills","29":"product_tag-top-quality","30":"product_tag-where-to-buy-klonopin-2mg-pills","31":"product_tag-where-to-order-klonopin-2mg-pills","32":"product_tag-wholesale-klonopin-2mg-pills","33":"desktop-align-left","34":"tablet-align-left","35":"mobile-align-left","36":"ast-product-gallery-layout-horizontal","37":"ast-product-gallery-with-no-image","38":"ast-product-single-variable","39":"ast-product-tabs-layout-horizontal","40":"ast-qv-on-image","42":"first","43":"instock","44":"shipping-taxable","45":"purchasable","46":"product-type-variable"},"yoast_head":"<!-- This site is optimized with the Yoast SEO plugin v25.9 - https:\/\/yoast.com\/wordpress\/plugins\/seo\/ -->\n<title>Klonopin 2mg Oills for Sale - Order Klonopin 2mg Pills Online<\/title>\n<meta name=\"description\" content=\"You can get Klonopin 2mg pills for sale at our store and get it at your doorstep without any hassle. We will help you to buy Klonopin 2mg pills online. Order now!\" \/>\n<meta name=\"robots\" content=\"index, follow, max-snippet:-1, max-image-preview:large, max-video-preview:-1\" \/>\n<link rel=\"canonical\" href=\"https:\/\/legitgrams.com\/de\/produkt\/klonopin-2mg-pillen\/\" \/>\n<meta property=\"og:locale\" content=\"de_DE\" \/>\n<meta property=\"og:type\" content=\"article\" \/>\n<meta property=\"og:title\" content=\"Klonopin 2mg Oills for Sale - Order Klonopin 2mg Pills Online\" \/>\n<meta property=\"og:description\" content=\"You can get Klonopin 2mg pills for sale at our store and get it at your doorstep without any hassle. We will help you to buy Klonopin 2mg pills online. Order now!\" \/>\n<meta property=\"og:url\" content=\"https:\/\/legitgrams.com\/de\/produkt\/klonopin-2mg-pillen\/\" \/>\n<meta property=\"og:site_name\" content=\"Legit Grams\" \/>\n<meta property=\"article:modified_time\" content=\"2025-01-14T07:41:48+00:00\" \/>\n<meta property=\"og:image\" content=\"https:\/\/legitgrams.com\/wp-content\/uploads\/2024\/09\/Buy-Klonopin-2mg-pills-online.jpg\" \/>\n\t<meta property=\"og:image:width\" content=\"600\" \/>\n\t<meta property=\"og:image:height\" content=\"600\" \/>\n\t<meta property=\"og:image:type\" content=\"image\/jpeg\" \/>\n<meta name=\"twitter:card\" content=\"summary_large_image\" \/>\n<meta name=\"twitter:label1\" content=\"Gesch\u00e4tzte Lesezeit\" \/>\n\t<meta name=\"twitter:data1\" content=\"2\u00a0Minuten\" \/>\n<script type=\"application\/ld+json\" class=\"yoast-schema-graph\">{\"@context\":\"https:\/\/schema.org\",\"@graph\":[{\"@type\":\"WebPage\",\"@id\":\"https:\/\/legitgrams.com\/product\/klonopin-2mg-pills\/\",\"url\":\"https:\/\/legitgrams.com\/product\/klonopin-2mg-pills\/\",\"name\":\"Klonopin 2mg Oills for Sale - Order Klonopin 2mg Pills Online\",\"isPartOf\":{\"@id\":\"https:\/\/legitgrams.com\/#website\"},\"primaryImageOfPage\":{\"@id\":\"https:\/\/legitgrams.com\/product\/klonopin-2mg-pills\/#primaryimage\"},\"image\":{\"@id\":\"https:\/\/legitgrams.com\/product\/klonopin-2mg-pills\/#primaryimage\"},\"thumbnailUrl\":\"https:\/\/legitgrams.com\/wp-content\/uploads\/2024\/09\/Buy-Klonopin-2mg-pills-online.jpg\",\"datePublished\":\"2024-09-20T09:36:43+00:00\",\"dateModified\":\"2025-01-14T07:41:48+00:00\",\"description\":\"You can get Klonopin 2mg pills for sale at our store and get it at your doorstep without any hassle. We will help you to buy Klonopin 2mg pills online. Order now!\",\"breadcrumb\":{\"@id\":\"https:\/\/legitgrams.com\/product\/klonopin-2mg-pills\/#breadcrumb\"},\"inLanguage\":\"de\",\"potentialAction\":[{\"@type\":\"ReadAction\",\"target\":[\"https:\/\/legitgrams.com\/product\/klonopin-2mg-pills\/\"]}]},{\"@type\":\"ImageObject\",\"inLanguage\":\"de\",\"@id\":\"https:\/\/legitgrams.com\/product\/klonopin-2mg-pills\/#primaryimage\",\"url\":\"https:\/\/legitgrams.com\/wp-content\/uploads\/2024\/09\/Buy-Klonopin-2mg-pills-online.jpg\",\"contentUrl\":\"https:\/\/legitgrams.com\/wp-content\/uploads\/2024\/09\/Buy-Klonopin-2mg-pills-online.jpg\",\"width\":600,\"height\":600,\"caption\":\"Klonopin 2mg Oills for Sale\"},{\"@type\":\"BreadcrumbList\",\"@id\":\"https:\/\/legitgrams.com\/product\/klonopin-2mg-pills\/#breadcrumb\",\"itemListElement\":[{\"@type\":\"ListItem\",\"position\":1,\"name\":\"Home\",\"item\":\"https:\/\/legitgrams.com\/\"},{\"@type\":\"ListItem\",\"position\":2,\"name\":\"Shop\",\"item\":\"https:\/\/legitgrams.com\/shop\/\"},{\"@type\":\"ListItem\",\"position\":3,\"name\":\"Klonopin 2mg pills\"}]},{\"@type\":\"WebSite\",\"@id\":\"https:\/\/legitgrams.com\/#website\",\"url\":\"https:\/\/legitgrams.com\/\",\"name\":\"Legit Grams\",\"description\":\"My WordPress Blog\",\"publisher\":{\"@id\":\"https:\/\/legitgrams.com\/#organization\"},\"potentialAction\":[{\"@type\":\"SearchAction\",\"target\":{\"@type\":\"EntryPoint\",\"urlTemplate\":\"https:\/\/legitgrams.com\/?s={search_term_string}\"},\"query-input\":{\"@type\":\"PropertyValueSpecification\",\"valueRequired\":true,\"valueName\":\"search_term_string\"}}],\"inLanguage\":\"de\"},{\"@type\":\"Organization\",\"@id\":\"https:\/\/legitgrams.com\/#organization\",\"name\":\"Legit Grams\",\"url\":\"https:\/\/legitgrams.com\/\",\"logo\":{\"@type\":\"ImageObject\",\"inLanguage\":\"de\",\"@id\":\"https:\/\/legitgrams.com\/#\/schema\/logo\/image\/\",\"url\":\"https:\/\/legitgrams.com\/wp-content\/uploads\/2024\/09\/main-logo.png\",\"contentUrl\":\"https:\/\/legitgrams.com\/wp-content\/uploads\/2024\/09\/main-logo.png\",\"width\":270,\"height\":75,\"caption\":\"Legit Grams\"},\"image\":{\"@id\":\"https:\/\/legitgrams.com\/#\/schema\/logo\/image\/\"}}]}<\/script>\n<!-- \/ Yoast SEO plugin. -->","yoast_head_json":{"title":"Klonopin 2mg Oills zu verkaufen - Bestellen Sie Klonopin 2mg Pills Online","description":"Sie k\u00f6nnen Klonopin 2mg Pillen zum Verkauf in unserem Gesch\u00e4ft bekommen und es an Ihrer Haust\u00fcr ohne jede Hektik bekommen. Wir werden Ihnen helfen, Klonopin 2mg Pillen online zu kaufen. Bestellen Sie jetzt!","robots":{"index":"index","follow":"follow","max-snippet":"max-snippet:-1","max-image-preview":"max-image-preview:large","max-video-preview":"max-video-preview:-1"},"canonical":"https:\/\/legitgrams.com\/de\/produkt\/klonopin-2mg-pillen\/","og_locale":"de_DE","og_type":"article","og_title":"Klonopin 2mg Oills for Sale - Order Klonopin 2mg Pills Online","og_description":"You can get Klonopin 2mg pills for sale at our store and get it at your doorstep without any hassle. We will help you to buy Klonopin 2mg pills online. Order now!","og_url":"https:\/\/legitgrams.com\/de\/produkt\/klonopin-2mg-pillen\/","og_site_name":"Legit Grams","article_modified_time":"2025-01-14T07:41:48+00:00","og_image":[{"width":600,"height":600,"url":"https:\/\/legitgrams.com\/wp-content\/uploads\/2024\/09\/Buy-Klonopin-2mg-pills-online.jpg","type":"image\/jpeg"}],"twitter_card":"summary_large_image","twitter_misc":{"Gesch\u00e4tzte Lesezeit":"2\u00a0Minuten"},"schema":{"@context":"https:\/\/schema.org","@graph":[{"@type":"WebPage","@id":"https:\/\/legitgrams.com\/product\/klonopin-2mg-pills\/","url":"https:\/\/legitgrams.com\/product\/klonopin-2mg-pills\/","name":"Klonopin 2mg Oills zu verkaufen - Bestellen Sie Klonopin 2mg Pills Online","isPartOf":{"@id":"https:\/\/legitgrams.com\/#website"},"primaryImageOfPage":{"@id":"https:\/\/legitgrams.com\/product\/klonopin-2mg-pills\/#primaryimage"},"image":{"@id":"https:\/\/legitgrams.com\/product\/klonopin-2mg-pills\/#primaryimage"},"thumbnailUrl":"https:\/\/legitgrams.com\/wp-content\/uploads\/2024\/09\/Buy-Klonopin-2mg-pills-online.jpg","datePublished":"2024-09-20T09:36:43+00:00","dateModified":"2025-01-14T07:41:48+00:00","description":"Sie k\u00f6nnen Klonopin 2mg Pillen zum Verkauf in unserem Gesch\u00e4ft bekommen und es an Ihrer Haust\u00fcr ohne jede Hektik bekommen. Wir werden Ihnen helfen, Klonopin 2mg Pillen online zu kaufen. Bestellen Sie jetzt!","breadcrumb":{"@id":"https:\/\/legitgrams.com\/product\/klonopin-2mg-pills\/#breadcrumb"},"inLanguage":"de","potentialAction":[{"@type":"ReadAction","target":["https:\/\/legitgrams.com\/product\/klonopin-2mg-pills\/"]}]},{"@type":"ImageObject","inLanguage":"de","@id":"https:\/\/legitgrams.com\/product\/klonopin-2mg-pills\/#primaryimage","url":"https:\/\/legitgrams.com\/wp-content\/uploads\/2024\/09\/Buy-Klonopin-2mg-pills-online.jpg","contentUrl":"https:\/\/legitgrams.com\/wp-content\/uploads\/2024\/09\/Buy-Klonopin-2mg-pills-online.jpg","width":600,"height":600,"caption":"Klonopin 2mg Oills for Sale"},{"@type":"BreadcrumbList","@id":"https:\/\/legitgrams.com\/product\/klonopin-2mg-pills\/#breadcrumb","itemListElement":[{"@type":"ListItem","position":1,"name":"Home","item":"https:\/\/legitgrams.com\/"},{"@type":"ListItem","position":2,"name":"Shop","item":"https:\/\/legitgrams.com\/shop\/"},{"@type":"ListItem","position":3,"name":"Klonopin 2mg pills"}]},{"@type":"WebSite","@id":"https:\/\/legitgrams.com\/#website","url":"https:\/\/legitgrams.com\/","name":"Legitimer Grammwert","description":"Mein WordPress-Blog","publisher":{"@id":"https:\/\/legitgrams.com\/#organization"},"potentialAction":[{"@type":"SearchAction","target":{"@type":"EntryPoint","urlTemplate":"https:\/\/legitgrams.com\/?s={search_term_string}"},"query-input":{"@type":"PropertyValueSpecification","valueRequired":true,"valueName":"search_term_string"}}],"inLanguage":"de"},{"@type":"Organization","@id":"https:\/\/legitgrams.com\/#organization","name":"Legitimer Grammwert","url":"https:\/\/legitgrams.com\/","logo":{"@type":"ImageObject","inLanguage":"de","@id":"https:\/\/legitgrams.com\/#\/schema\/logo\/image\/","url":"https:\/\/legitgrams.com\/wp-content\/uploads\/2024\/09\/main-logo.png","contentUrl":"https:\/\/legitgrams.com\/wp-content\/uploads\/2024\/09\/main-logo.png","width":270,"height":75,"caption":"Legit Grams"},"image":{"@id":"https:\/\/legitgrams.com\/#\/schema\/logo\/image\/"}}]}},"uagb_featured_image_src":{"full":["https:\/\/legitgrams.com\/wp-content\/uploads\/2024\/09\/Buy-Klonopin-2mg-pills-online.jpg",600,600,false],"thumbnail":["https:\/\/legitgrams.com\/wp-content\/uploads\/2024\/09\/Buy-Klonopin-2mg-pills-online-150x150.jpg",150,150,true],"medium":["https:\/\/legitgrams.com\/wp-content\/uploads\/2024\/09\/Buy-Klonopin-2mg-pills-online-300x300.jpg",300,300,true],"medium_large":["https:\/\/legitgrams.com\/wp-content\/uploads\/2024\/09\/Buy-Klonopin-2mg-pills-online.jpg",600,600,false],"large":["https:\/\/legitgrams.com\/wp-content\/uploads\/2024\/09\/Buy-Klonopin-2mg-pills-online.jpg",600,600,false],"1536x1536":["https:\/\/legitgrams.com\/wp-content\/uploads\/2024\/09\/Buy-Klonopin-2mg-pills-online.jpg",600,600,false],"2048x2048":["https:\/\/legitgrams.com\/wp-content\/uploads\/2024\/09\/Buy-Klonopin-2mg-pills-online.jpg",600,600,false],"trp-custom-language-flag":["https:\/\/legitgrams.com\/wp-content\/uploads\/2024\/09\/Buy-Klonopin-2mg-pills-online-12x12.jpg",12,12,true],"woocommerce_thumbnail":["https:\/\/legitgrams.com\/wp-content\/uploads\/2024\/09\/Buy-Klonopin-2mg-pills-online-300x300.jpg",300,300,true],"woocommerce_single":["https:\/\/legitgrams.com\/wp-content\/uploads\/2024\/09\/Buy-Klonopin-2mg-pills-online.jpg",600,600,false],"woocommerce_gallery_thumbnail":["https:\/\/legitgrams.com\/wp-content\/uploads\/2024\/09\/Buy-Klonopin-2mg-pills-online-100x100.jpg",100,100,true]},"uagb_author_info":{"display_name":"cokeblog18","author_link":"https:\/\/legitgrams.com\/de\/author\/"},"uagb_comment_info":0,"uagb_excerpt":"Purchase 2 mg Klonopin pills online. Clonazepam controls and prevents seizures. These drugs are known as anticonvulsants or antiepileptics. It is also used to treat panic episodes. With clonazepam, your brain and nerves are relaxed. It belongs to the class of drugs known as benzodiazepines. LegitGrams Buy Klonopin online: buy Klonopin, buy Klonopin 2 mg&hellip;","_links":{"self":[{"href":"https:\/\/legitgrams.com\/de\/wp-json\/wp\/v2\/product\/3874","targetHints":{"allow":["GET"]}}],"collection":[{"href":"https:\/\/legitgrams.com\/de\/wp-json\/wp\/v2\/product"}],"about":[{"href":"https:\/\/legitgrams.com\/de\/wp-json\/wp\/v2\/types\/product"}],"replies":[{"embeddable":true,"href":"https:\/\/legitgrams.com\/de\/wp-json\/wp\/v2\/comments?post=3874"}],"wp:featuredmedia":[{"embeddable":true,"href":"https:\/\/legitgrams.com\/de\/wp-json\/wp\/v2\/media\/5231"}],"wp:attachment":[{"href":"https:\/\/legitgrams.com\/de\/wp-json\/wp\/v2\/media?parent=3874"}],"wp:term":[{"taxonomy":"product_brand","embeddable":true,"href":"https:\/\/legitgrams.com\/de\/wp-json\/wp\/v2\/product_brand?post=3874"},{"taxonomy":"product_cat","embeddable":true,"href":"https:\/\/legitgrams.com\/de\/wp-json\/wp\/v2\/product_cat?post=3874"},{"taxonomy":"product_tag","embeddable":true,"href":"https:\/\/legitgrams.com\/de\/wp-json\/wp\/v2\/product_tag?post=3874"}],"curies":[{"name":"wp","href":"https:\/\/api.w.org\/{rel}","templated":true}]}}