{"id":3875,"date":"2024-09-20T09:39:32","date_gmt":"2024-09-20T09:39:32","guid":{"rendered":"https:\/\/legitgrams.com\/?post_type=product&#038;p=3875"},"modified":"2025-04-05T05:15:28","modified_gmt":"2025-04-05T05:15:28","slug":"lexotanil-bromazepam-3mg-pillen","status":"publish","type":"product","link":"https:\/\/legitgrams.com\/de\/produkt\/lexotanil-bromazepam-3mg-pillen\/","title":{"rendered":"Lexotanil Bromazepam 3 mg Tabletten online kaufen"},"content":{"rendered":"<h2>Kaufen 3 mg Lexotanil Bromazepam-Tabletten online.<\/h2>\n<p>Wann <a href=\"https:\/\/www.bing.com\/search?q=KaufenSieLexotanilBromazepam3mgTablettenonline&amp;qs=n&amp;form=QBRE&amp;sp=-1&amp;lq=0&amp;pq=kaufensielexotanilbromazepam3mgtablettenonline&amp;sc=0-53&amp;sk=&amp;cvid=F425E2D53F464B50B0B732C7E0566BE9&amp;ghsh=0&amp;ghacc=0&amp;ghpl=\">Benzodiazepine<\/a> Bromazepam wird zur Behandlung von Schlaflosigkeit, zur Linderung der Symptome von Alkohol- und Opiatentzug sowie zur vor\u00fcbergehenden Linderung von Angstzust\u00e4nden und Panikattacken eingesetzt. Die hemmende Wirkung von Bromazepam wird verst\u00e4rkt, und es kommt zu einer Konformations\u00e4nderung, wenn es an den GABA-A-Rezeptor bindet. Andere Neurotransmitter bleiben unber\u00fchrt. <a href=\"https:\/\/legitgrams.com\/de\/\">LegitGrams<\/a><\/p>\n<p>Online-Kauf von 3 mg <a href=\"https:\/\/legitgrams.com\/de\/produkt\/lexotanil-bromazepam-3mg-pillen\/\">Lexotanil<\/a> l Bromazepam pills: <a href=\"https:\/\/www.google.com\/search?q=Buy+Lexotanil+Bromazepam+3mg+pills+Online&amp;num=10&amp;sca_esv=1a2a07081c7891bb&amp;rlz=1C1RXQR_enIN1098IN1098&amp;sxsrf=AHTn8zojMqalsIYY59TcSkiPMiv0XNJi9A%3A1741331583030&amp;ei=f5zKZ5i9AaiRseMP8OyT4QI&amp;ved=0ahUKEwjY-MTTtfeLAxWoSGwGHXD2JCwQ4dUDCBA&amp;uact=5&amp;oq=Buy+Lexotanil+Bromazepam+3mg+pills+Online&amp;gs_lp=Egxnd3Mtd2l6LXNlcnAiKUJ1eSBMZXhvdGFuaWwgQnJvbWF6ZXBhbSAzbWcgcGlsbHMgT25saW5lSIYQULwDWLwDcAJ4AJABAJgBjQKgAY0CqgEDMi0xuAEDyAEA-AEC-AEBmAIAoAIAmAMAiAYBkgcAoAf6AQ&amp;sclient=gws-wiz-serp\">buy Bromazepam<\/a>, 3 mg Lexotanil Bromazepam Tabletten kaufen, Lexotanil online kaufen. Wo finde ich Online-Rezepte f\u00fcr 3 mg Lexotanil Bromazepam? Wo finde ich Online-Rezepte f\u00fcr 3 mg Lexotanil Bromazepam? Wo finde ich Online-Rezepte f\u00fcr 3 mg Lexotanil Bromazepam? Welche L\u00e4nder geh\u00f6ren zu den USA, Kanada und dem Vereinigten K\u00f6nigreich? Wo finde ich 3 mg Lexotanil Bromazepam Tabletten online? Anbieter, sicherer Versand, Online-Kauf, Lexotanil Bromazepam Tabletten mit 3 mg sind noch verf\u00fcgbar. Sind <a href=\"https:\/\/duckduckgo.com\/?q=Buy+Lexotanil+Bromazepam+3mg+pills+Online&amp;t=h_&amp;ia=web\">3 mg Lexotanil Bromazepam-Tabletten legal<\/a> to purchase in the United States? Is it possible to buy 3 mg Lexotanil <a href=\"https:\/\/en.wikipedia.org\/wiki\/Bromazepam\">Bromazepam<\/a> Pillen online in den USA? Ist der Kauf von 3 mg Lexotanil Bromazepam-Pillen in Kanada legal?<\/p>\n<h2><\/h2>\n<h2><\/h2>\n<p>&nbsp;<\/p>","protected":false},"excerpt":{"rendered":"<p>Purchase 3 mg Lexotanil Bromazepam tablets online. When benzodiazepines are necessary, bromazepam is used to cure sleeplessness, lessen the symptoms of alcohol and opiate withdrawal, and temporarily alleviate anxiety or panic attacks. Bromazepam&#8217;s inhibitory activity is enhanced and a conformational shift takes place when it binds to the GABA-A receptor. Other neurotransmitters are unaffected. LegitGrams &hellip;<\/p>\n<p class=\"read-more\"> <a class=\"\" href=\"https:\/\/legitgrams.com\/de\/produkt\/lexotanil-bromazepam-3mg-pillen\/\"> <span class=\"screen-reader-text\">Lexotanil Bromazepam 3 mg Tabletten online kaufen<\/span> Mehr lesen \"<\/a><\/p>","protected":false},"featured_media":5232,"comment_status":"open","ping_status":"closed","template":"","meta":{"_uag_custom_page_level_css":"","site-sidebar-layout":"default","site-content-layout":"default","ast-global-header-display":"","ast-main-header-display":"","ast-hfb-above-header-display":"","ast-hfb-below-header-display":"","ast-hfb-mobile-header-display":"","site-post-title":"","ast-breadcrumbs-content":"","ast-featured-img":"","footer-sml-layout":"","theme-transparent-header-meta":"default","adv-header-id-meta":"","stick-header-meta":"default","header-above-stick-meta":"","header-main-stick-meta":"","header-below-stick-meta":"","_joinchat":[]},"product_brand":[],"product_cat":[608,597,609,610],"product_tag":[4395,4385,617,4377,4392,4389,4384,4376,4379,4387,4380,4378,4388,4390,4397,4398,4396,4393,4382,4394,4391,625,4383,4386,4381],"class_list":{"0":"post-3875","1":"product","2":"type-product","3":"status-publish","4":"has-post-thumbnail","6":"product_cat-pain-pills","7":"product_cat-pain-sleeping-sex-pills","8":"product_cat-sex-pills","9":"product_cat-sleeping-pills","10":"product_tag-best-cheap-price-lexotanil-bromazepam-3mg-pills","11":"product_tag-best-place-to-buy-lexotanil-bromazepam-3mg-pills","12":"product_tag-bulk-online","13":"product_tag-buy-lexotanil-bromazepam-3mg-pills","14":"product_tag-cheap-lexotanil-bromazepam-3mg-pills","15":"product_tag-high-quality-lexotanil-bromazepam-3mg-pills","16":"product_tag-how-to-buy-lexotanil-bromazepam-3mg-pills","17":"product_tag-lexotanil-bromazepam-3mg-pills","18":"product_tag-lexotanil-bromazepam-3mg-pills-for-sale","19":"product_tag-lexotanil-bromazepam-3mg-pills-legally","20":"product_tag-lexotanil-bromazepam-3mg-pills-lexotanil-bromazepam-3mg-pills-supplier","21":"product_tag-lexotanil-bromazepam-3mg-pills-online","22":"product_tag-lexotanil-bromazepam-3mg-pills-price","23":"product_tag-lexotanil-bromazepam-3mg-pills-store","24":"product_tag-lexotanil-bromazepam-3mg-pills-use","25":"product_tag-lexotanil-bromazepam-3mg-pills-wiki","26":"product_tag-lexotanil-bromazepam-3mg-pills-worldwide","27":"product_tag-lexotanil-bromazepam-3mg-pillss","28":"product_tag-order-lexotanil-bromazepam-3mg-pills","29":"product_tag-purcharse-lexotanil-bromazepam-3mg-pills","30":"product_tag-shop-lexotanil-bromazepam-3mg-pills","31":"product_tag-top-quality","32":"product_tag-where-to-buy-lexotanil-bromazepam-3mg-pills","33":"product_tag-where-to-order-lexotanil-bromazepam-3mg-pills","34":"product_tag-wholesale-lexotanil-bromazepam-3mg-pills","35":"desktop-align-left","36":"tablet-align-left","37":"mobile-align-left","38":"ast-product-gallery-layout-horizontal","39":"ast-product-gallery-with-no-image","40":"ast-product-single-variable","41":"ast-product-tabs-layout-horizontal","42":"ast-qv-on-image","44":"first","45":"instock","46":"shipping-taxable","47":"purchasable","48":"product-type-variable"},"yoast_head":"<!-- This site is optimized with the Yoast SEO plugin v25.9 - https:\/\/yoast.com\/wordpress\/plugins\/seo\/ -->\n<title>Lexotanil Bromazepam 3mg Pills for Sale - Order Lexotanil Bromazepam Online<\/title>\n<meta name=\"description\" content=\"Your order for Lexotanil Bromazepam 3mg pills for sale is our responsibility. We will take your order to buy Lexotanil Bromazepam 3mg pills into consideration and reach you in a short period. Place bulk orders now!\" \/>\n<meta name=\"robots\" content=\"index, follow, max-snippet:-1, max-image-preview:large, max-video-preview:-1\" \/>\n<link rel=\"canonical\" href=\"https:\/\/legitgrams.com\/de\/produkt\/lexotanil-bromazepam-3mg-pillen\/\" \/>\n<meta property=\"og:locale\" content=\"de_DE\" \/>\n<meta property=\"og:type\" content=\"article\" \/>\n<meta property=\"og:title\" content=\"Lexotanil Bromazepam 3mg Pills for Sale - Order Lexotanil Bromazepam Online\" \/>\n<meta property=\"og:description\" content=\"Your order for Lexotanil Bromazepam 3mg pills for sale is our responsibility. We will take your order to buy Lexotanil Bromazepam 3mg pills into consideration and reach you in a short period. Place bulk orders now!\" \/>\n<meta property=\"og:url\" content=\"https:\/\/legitgrams.com\/de\/produkt\/lexotanil-bromazepam-3mg-pillen\/\" \/>\n<meta property=\"og:site_name\" content=\"Legit Grams\" \/>\n<meta property=\"article:modified_time\" content=\"2025-04-05T05:15:28+00:00\" \/>\n<meta property=\"og:image\" content=\"https:\/\/legitgrams.com\/wp-content\/uploads\/2024\/09\/Buy-Lexotanil-Bromazepam-3mg-pills-online.jpg\" \/>\n\t<meta property=\"og:image:width\" content=\"600\" \/>\n\t<meta property=\"og:image:height\" content=\"600\" \/>\n\t<meta property=\"og:image:type\" content=\"image\/jpeg\" \/>\n<meta name=\"twitter:card\" content=\"summary_large_image\" \/>\n<meta name=\"twitter:label1\" content=\"Gesch\u00e4tzte Lesezeit\" \/>\n\t<meta name=\"twitter:data1\" content=\"2\u00a0Minuten\" \/>\n<script type=\"application\/ld+json\" class=\"yoast-schema-graph\">{\"@context\":\"https:\/\/schema.org\",\"@graph\":[{\"@type\":\"WebPage\",\"@id\":\"https:\/\/legitgrams.com\/product\/lexotanil-bromazepam-3mg-pills\/\",\"url\":\"https:\/\/legitgrams.com\/product\/lexotanil-bromazepam-3mg-pills\/\",\"name\":\"Lexotanil Bromazepam 3mg Pills for Sale - Order Lexotanil Bromazepam Online\",\"isPartOf\":{\"@id\":\"https:\/\/legitgrams.com\/#website\"},\"primaryImageOfPage\":{\"@id\":\"https:\/\/legitgrams.com\/product\/lexotanil-bromazepam-3mg-pills\/#primaryimage\"},\"image\":{\"@id\":\"https:\/\/legitgrams.com\/product\/lexotanil-bromazepam-3mg-pills\/#primaryimage\"},\"thumbnailUrl\":\"https:\/\/legitgrams.com\/wp-content\/uploads\/2024\/09\/Buy-Lexotanil-Bromazepam-3mg-pills-online.jpg\",\"datePublished\":\"2024-09-20T09:39:32+00:00\",\"dateModified\":\"2025-04-05T05:15:28+00:00\",\"description\":\"Your order for Lexotanil Bromazepam 3mg pills for sale is our responsibility. We will take your order to buy Lexotanil Bromazepam 3mg pills into consideration and reach you in a short period. Place bulk orders now!\",\"breadcrumb\":{\"@id\":\"https:\/\/legitgrams.com\/product\/lexotanil-bromazepam-3mg-pills\/#breadcrumb\"},\"inLanguage\":\"de\",\"potentialAction\":[{\"@type\":\"ReadAction\",\"target\":[\"https:\/\/legitgrams.com\/product\/lexotanil-bromazepam-3mg-pills\/\"]}]},{\"@type\":\"ImageObject\",\"inLanguage\":\"de\",\"@id\":\"https:\/\/legitgrams.com\/product\/lexotanil-bromazepam-3mg-pills\/#primaryimage\",\"url\":\"https:\/\/legitgrams.com\/wp-content\/uploads\/2024\/09\/Buy-Lexotanil-Bromazepam-3mg-pills-online.jpg\",\"contentUrl\":\"https:\/\/legitgrams.com\/wp-content\/uploads\/2024\/09\/Buy-Lexotanil-Bromazepam-3mg-pills-online.jpg\",\"width\":600,\"height\":600,\"caption\":\"Lexotanil Bromazepam 3mg Pills for Sale\"},{\"@type\":\"BreadcrumbList\",\"@id\":\"https:\/\/legitgrams.com\/product\/lexotanil-bromazepam-3mg-pills\/#breadcrumb\",\"itemListElement\":[{\"@type\":\"ListItem\",\"position\":1,\"name\":\"Home\",\"item\":\"https:\/\/legitgrams.com\/\"},{\"@type\":\"ListItem\",\"position\":2,\"name\":\"Shop\",\"item\":\"https:\/\/legitgrams.com\/shop\/\"},{\"@type\":\"ListItem\",\"position\":3,\"name\":\"Buy Lexotanil Bromazepam 3mg pills Online\"}]},{\"@type\":\"WebSite\",\"@id\":\"https:\/\/legitgrams.com\/#website\",\"url\":\"https:\/\/legitgrams.com\/\",\"name\":\"Legit Grams\",\"description\":\"My WordPress Blog\",\"publisher\":{\"@id\":\"https:\/\/legitgrams.com\/#organization\"},\"potentialAction\":[{\"@type\":\"SearchAction\",\"target\":{\"@type\":\"EntryPoint\",\"urlTemplate\":\"https:\/\/legitgrams.com\/?s={search_term_string}\"},\"query-input\":{\"@type\":\"PropertyValueSpecification\",\"valueRequired\":true,\"valueName\":\"search_term_string\"}}],\"inLanguage\":\"de\"},{\"@type\":\"Organization\",\"@id\":\"https:\/\/legitgrams.com\/#organization\",\"name\":\"Legit Grams\",\"url\":\"https:\/\/legitgrams.com\/\",\"logo\":{\"@type\":\"ImageObject\",\"inLanguage\":\"de\",\"@id\":\"https:\/\/legitgrams.com\/#\/schema\/logo\/image\/\",\"url\":\"https:\/\/legitgrams.com\/wp-content\/uploads\/2024\/09\/main-logo.png\",\"contentUrl\":\"https:\/\/legitgrams.com\/wp-content\/uploads\/2024\/09\/main-logo.png\",\"width\":270,\"height\":75,\"caption\":\"Legit Grams\"},\"image\":{\"@id\":\"https:\/\/legitgrams.com\/#\/schema\/logo\/image\/\"}}]}<\/script>\n<!-- \/ Yoast SEO plugin. -->","yoast_head_json":{"title":"Lexotanil Bromazepam 3mg Pillen f\u00fcr Verkauf - Bestellen Sie Lexotanil Bromazepam Online","description":"Ihre Bestellung f\u00fcr Lexotanil Bromazepam 3mg Pillen zum Verkauf ist unsere Verantwortung. Wir werden Ihre Bestellung zu kaufen Lexotanil Bromazepam 3mg Pillen in Betracht ziehen und erreichen Sie in einem kurzen Zeitraum. Geben Sie jetzt Gro\u00dfbestellungen auf!","robots":{"index":"index","follow":"follow","max-snippet":"max-snippet:-1","max-image-preview":"max-image-preview:large","max-video-preview":"max-video-preview:-1"},"canonical":"https:\/\/legitgrams.com\/de\/produkt\/lexotanil-bromazepam-3mg-pillen\/","og_locale":"de_DE","og_type":"article","og_title":"Lexotanil Bromazepam 3mg Pills for Sale - Order Lexotanil Bromazepam Online","og_description":"Your order for Lexotanil Bromazepam 3mg pills for sale is our responsibility. We will take your order to buy Lexotanil Bromazepam 3mg pills into consideration and reach you in a short period. Place bulk orders now!","og_url":"https:\/\/legitgrams.com\/de\/produkt\/lexotanil-bromazepam-3mg-pillen\/","og_site_name":"Legit Grams","article_modified_time":"2025-04-05T05:15:28+00:00","og_image":[{"width":600,"height":600,"url":"https:\/\/legitgrams.com\/wp-content\/uploads\/2024\/09\/Buy-Lexotanil-Bromazepam-3mg-pills-online.jpg","type":"image\/jpeg"}],"twitter_card":"summary_large_image","twitter_misc":{"Gesch\u00e4tzte Lesezeit":"2\u00a0Minuten"},"schema":{"@context":"https:\/\/schema.org","@graph":[{"@type":"WebPage","@id":"https:\/\/legitgrams.com\/product\/lexotanil-bromazepam-3mg-pills\/","url":"https:\/\/legitgrams.com\/product\/lexotanil-bromazepam-3mg-pills\/","name":"Lexotanil Bromazepam 3mg Pillen f\u00fcr Verkauf - Bestellen Sie Lexotanil Bromazepam Online","isPartOf":{"@id":"https:\/\/legitgrams.com\/#website"},"primaryImageOfPage":{"@id":"https:\/\/legitgrams.com\/product\/lexotanil-bromazepam-3mg-pills\/#primaryimage"},"image":{"@id":"https:\/\/legitgrams.com\/product\/lexotanil-bromazepam-3mg-pills\/#primaryimage"},"thumbnailUrl":"https:\/\/legitgrams.com\/wp-content\/uploads\/2024\/09\/Buy-Lexotanil-Bromazepam-3mg-pills-online.jpg","datePublished":"2024-09-20T09:39:32+00:00","dateModified":"2025-04-05T05:15:28+00:00","description":"Ihre Bestellung f\u00fcr Lexotanil Bromazepam 3mg Pillen zum Verkauf ist unsere Verantwortung. Wir werden Ihre Bestellung zu kaufen Lexotanil Bromazepam 3mg Pillen in Betracht ziehen und erreichen Sie in einem kurzen Zeitraum. Geben Sie jetzt Gro\u00dfbestellungen auf!","breadcrumb":{"@id":"https:\/\/legitgrams.com\/product\/lexotanil-bromazepam-3mg-pills\/#breadcrumb"},"inLanguage":"de","potentialAction":[{"@type":"ReadAction","target":["https:\/\/legitgrams.com\/product\/lexotanil-bromazepam-3mg-pills\/"]}]},{"@type":"ImageObject","inLanguage":"de","@id":"https:\/\/legitgrams.com\/product\/lexotanil-bromazepam-3mg-pills\/#primaryimage","url":"https:\/\/legitgrams.com\/wp-content\/uploads\/2024\/09\/Buy-Lexotanil-Bromazepam-3mg-pills-online.jpg","contentUrl":"https:\/\/legitgrams.com\/wp-content\/uploads\/2024\/09\/Buy-Lexotanil-Bromazepam-3mg-pills-online.jpg","width":600,"height":600,"caption":"Lexotanil Bromazepam 3mg Pills for Sale"},{"@type":"BreadcrumbList","@id":"https:\/\/legitgrams.com\/product\/lexotanil-bromazepam-3mg-pills\/#breadcrumb","itemListElement":[{"@type":"ListItem","position":1,"name":"Home","item":"https:\/\/legitgrams.com\/"},{"@type":"ListItem","position":2,"name":"Shop","item":"https:\/\/legitgrams.com\/shop\/"},{"@type":"ListItem","position":3,"name":"Buy Lexotanil Bromazepam 3mg pills Online"}]},{"@type":"WebSite","@id":"https:\/\/legitgrams.com\/#website","url":"https:\/\/legitgrams.com\/","name":"Legitimer Grammwert","description":"Mein WordPress-Blog","publisher":{"@id":"https:\/\/legitgrams.com\/#organization"},"potentialAction":[{"@type":"SearchAction","target":{"@type":"EntryPoint","urlTemplate":"https:\/\/legitgrams.com\/?s={search_term_string}"},"query-input":{"@type":"PropertyValueSpecification","valueRequired":true,"valueName":"search_term_string"}}],"inLanguage":"de"},{"@type":"Organization","@id":"https:\/\/legitgrams.com\/#organization","name":"Legitimer Grammwert","url":"https:\/\/legitgrams.com\/","logo":{"@type":"ImageObject","inLanguage":"de","@id":"https:\/\/legitgrams.com\/#\/schema\/logo\/image\/","url":"https:\/\/legitgrams.com\/wp-content\/uploads\/2024\/09\/main-logo.png","contentUrl":"https:\/\/legitgrams.com\/wp-content\/uploads\/2024\/09\/main-logo.png","width":270,"height":75,"caption":"Legit Grams"},"image":{"@id":"https:\/\/legitgrams.com\/#\/schema\/logo\/image\/"}}]}},"uagb_featured_image_src":{"full":["https:\/\/legitgrams.com\/wp-content\/uploads\/2024\/09\/Buy-Lexotanil-Bromazepam-3mg-pills-online.jpg",600,600,false],"thumbnail":["https:\/\/legitgrams.com\/wp-content\/uploads\/2024\/09\/Buy-Lexotanil-Bromazepam-3mg-pills-online-150x150.jpg",150,150,true],"medium":["https:\/\/legitgrams.com\/wp-content\/uploads\/2024\/09\/Buy-Lexotanil-Bromazepam-3mg-pills-online-300x300.jpg",300,300,true],"medium_large":["https:\/\/legitgrams.com\/wp-content\/uploads\/2024\/09\/Buy-Lexotanil-Bromazepam-3mg-pills-online.jpg",600,600,false],"large":["https:\/\/legitgrams.com\/wp-content\/uploads\/2024\/09\/Buy-Lexotanil-Bromazepam-3mg-pills-online.jpg",600,600,false],"1536x1536":["https:\/\/legitgrams.com\/wp-content\/uploads\/2024\/09\/Buy-Lexotanil-Bromazepam-3mg-pills-online.jpg",600,600,false],"2048x2048":["https:\/\/legitgrams.com\/wp-content\/uploads\/2024\/09\/Buy-Lexotanil-Bromazepam-3mg-pills-online.jpg",600,600,false],"trp-custom-language-flag":["https:\/\/legitgrams.com\/wp-content\/uploads\/2024\/09\/Buy-Lexotanil-Bromazepam-3mg-pills-online-12x12.jpg",12,12,true],"woocommerce_thumbnail":["https:\/\/legitgrams.com\/wp-content\/uploads\/2024\/09\/Buy-Lexotanil-Bromazepam-3mg-pills-online-300x300.jpg",300,300,true],"woocommerce_single":["https:\/\/legitgrams.com\/wp-content\/uploads\/2024\/09\/Buy-Lexotanil-Bromazepam-3mg-pills-online.jpg",600,600,false],"woocommerce_gallery_thumbnail":["https:\/\/legitgrams.com\/wp-content\/uploads\/2024\/09\/Buy-Lexotanil-Bromazepam-3mg-pills-online-100x100.jpg",100,100,true]},"uagb_author_info":{"display_name":"cokeblog18","author_link":"https:\/\/legitgrams.com\/de\/author\/"},"uagb_comment_info":0,"uagb_excerpt":"Purchase 3 mg Lexotanil Bromazepam tablets online. When benzodiazepines are necessary, bromazepam is used to cure sleeplessness, lessen the symptoms of alcohol and opiate withdrawal, and temporarily alleviate anxiety or panic attacks. Bromazepam&#8217;s inhibitory activity is enhanced and a conformational shift takes place when it binds to the GABA-A receptor. Other neurotransmitters are unaffected. LegitGrams&hellip;","_links":{"self":[{"href":"https:\/\/legitgrams.com\/de\/wp-json\/wp\/v2\/product\/3875","targetHints":{"allow":["GET"]}}],"collection":[{"href":"https:\/\/legitgrams.com\/de\/wp-json\/wp\/v2\/product"}],"about":[{"href":"https:\/\/legitgrams.com\/de\/wp-json\/wp\/v2\/types\/product"}],"replies":[{"embeddable":true,"href":"https:\/\/legitgrams.com\/de\/wp-json\/wp\/v2\/comments?post=3875"}],"wp:featuredmedia":[{"embeddable":true,"href":"https:\/\/legitgrams.com\/de\/wp-json\/wp\/v2\/media\/5232"}],"wp:attachment":[{"href":"https:\/\/legitgrams.com\/de\/wp-json\/wp\/v2\/media?parent=3875"}],"wp:term":[{"taxonomy":"product_brand","embeddable":true,"href":"https:\/\/legitgrams.com\/de\/wp-json\/wp\/v2\/product_brand?post=3875"},{"taxonomy":"product_cat","embeddable":true,"href":"https:\/\/legitgrams.com\/de\/wp-json\/wp\/v2\/product_cat?post=3875"},{"taxonomy":"product_tag","embeddable":true,"href":"https:\/\/legitgrams.com\/de\/wp-json\/wp\/v2\/product_tag?post=3875"}],"curies":[{"name":"wp","href":"https:\/\/api.w.org\/{rel}","templated":true}]}}