{"id":3890,"date":"2024-09-20T10:09:25","date_gmt":"2024-09-20T10:09:25","guid":{"rendered":"https:\/\/legitgrams.com\/?post_type=product&#038;p=3890"},"modified":"2025-04-04T13:43:33","modified_gmt":"2025-04-04T13:43:33","slug":"penisneid-pilze","status":"publish","type":"product","link":"https:\/\/legitgrams.com\/de\/produkt\/penisneid-pilze\/","title":{"rendered":"Penisneid-Pilze online kaufen"},"content":{"rendered":"<h2>Penis Envy-Pilze online kaufen: Penis Envy Cubensis zu verkaufen<\/h2>\n<p>\"Was ist die <a href=\"https:\/\/legitgrams.com\/de\/produkt\/penisneid-pilze\/\">Penisneid Cubensis<\/a>Was soll der seltsame Name?, fragen Sie sich vielleicht. Die Sache ist ganz einfach. Es l\u00e4sst sich nicht leugnen, dass dieser halluzinogene Pilz einem Penis \u00e4hnelt. Es mag Sie \u00fcberraschen, dass dieser Pilz eines der st\u00e4rksten psychedelischen Potenziale aller bekannten Arten besitzt. Ger\u00fcchten zufolge war Terence McKenna von den Psychonauten der Entwickler des <a href=\"https:\/\/www.bing.com\/search?q=Penis-Neid-Pilzeonlinekaufen&amp;qs=n&amp;form=QBRE&amp;sp=-1&amp;lq=0&amp;pq=penis-neid-pilzeonlinekaufen&amp;sc=7-30&amp;sk=&amp;cvid=93983375987F43C39EF1B98B8C5917DE&amp;ghsh=0&amp;ghacc=0&amp;ghpl=\">Penisneid Cubensis<\/a>.<\/p>\n<p>Er hat einen fleischigen Hut, einen dicken, bauchigen Schaft und einen Stiel, der auch nach dem \u00d6ffnen des Hutes weiter w\u00e4chst. Im Gegensatz zu anderen Cubensis-Sorten weist dieser eine sehr hohe Pilzdichte auf. Die Zucht dieser Pilzart ist nicht einfach. Unter dem Mikroskop erscheinen die Sporen identisch, doch der Entstehungsprozess unterscheidet sich v\u00f6llig von dem anderer Sorten. Sporenabdr\u00fccke sind im Wesentlichen nicht m\u00f6glich, Sporenspritzen sind die einzige M\u00f6glichkeit, <a href=\"https:\/\/www.google.com\/search?q=Penis-Neid-Pilze+online+kaufen&amp;sca_esv=eddefdb7b92e7545&amp;sxsrf=AHTn8zqKlThXgp-ZE4BxHUohm1GT3i1XvQ1743770250052&amp;ei=itLvZ8X5AqKmvr0PqdjZ-Qo&amp;ved=0ahUKEwjF5suysr6MAxUik68BHSlsNq8Q4dUDCBA&amp;uact=5&amp;oq=Penis-Neid-Pilze+online+kaufen&amp;gs_lp=Egxnd3Mtd2l6LXNlcnAiHlBlbmlzLU5laWQtUGlsemUgb25saW5lIGthdWZlbkip5skBULDiyQFYsOLJAXACeAGQAQCYAdwBoAHcAaoBAzItMbgBA8gBAPgBAvgBAZgCAqACEsICChAAGLADGNYEGEeYAwCIBgGQBgiSBwEyoAdSsgcAuAcA&amp;sclient=gws-wiz-serp\">Penisneid Cubensis<\/a> spores. <a href=\"https:\/\/legitgrams.com\/de\/\">LegitGrams<\/a><\/p>\n<h3>Welche Wirkungen hat dieser Pilz f\u00fcr Sie?<\/h3>\n<p>Ein starker Pilz auf Psilocybin-Basis ist Penis Envy Cubensis Canada. Der Wirkstoff hei\u00dft Psilocybin und hat eine Reihe von physiologischen Wirkungen. Im Wesentlichen werden Sie etwas Mystisches erleben, und das ist von Person zu Person unterschiedlich. Die Art der Erfahrung, die Sie machen, h\u00e4ngt von der H\u00f6he der Dosis ab, die Sie einnehmen.<\/p>\n<p>Zum Beispiel, <a href=\"https:\/\/en.wikipedia.org\/wiki\/Penis_envy\">Penisneid<\/a> Cubensis hat eine starke Wirkung, die mit der von zwei oder drei Gramm schw\u00e4cheren Pilzen pro Gramm vergleichbar sein kann. Aus diesem Grund raten wir, mit einer geringeren Dosis zu beginnen, vor allem, wenn Du den Pilz zum ersten Mal konsumierst. F\u00fcr einen unerfahrenen Konsumenten k\u00f6nnen die tiefgreifenden und beunruhigenden Wirkungen von Psilocybin-Pilzen ziemlich beunruhigend sein.<\/p>\n<h3>Die folgenden m\u00f6glichen Folgen k\u00f6nnen sich aus der Einnahme gr\u00f6\u00dferer Dosen dieses Pilzes ergeben:<\/h3>\n<p>Wahrnehmung der Zeitdilatation<br \/>\nWahnvorstellungen<br \/>\nSyn\u00e4sthesie ist die F\u00e4higkeit, Ger\u00e4usche wahrzunehmen und Farben zu h\u00f6ren.<\/p>\n<p>Fraktale Surfen<br \/>\nEindr\u00fccke von Ereignissen und Vorf\u00e4llen, die so lebendig sind, dass sie Ihre Gedanken beherrschen, w\u00e4hrend Sie Himmelsk\u00f6rper betrachten<br \/>\nDas Wort \u201egesund\u201c beschreibt eine Tour mit Penis Envy Cubensis am besten. Es ist unwahrscheinlich, dass Sie sich danach ersch\u00f6pft oder schl\u00e4frig f\u00fchlen. Andererseits sollten die verschiedenen visuellen und akustischen Reize, die Sie w\u00e4hrend der Reise erleben, daf\u00fcr sorgen, dass Sie sich energetisiert, euphorisch und neugierig f\u00fchlen.<\/p>\n<h3>Gibt es gesundheitliche Vorteile?<\/h3>\n<p>Der Konsum von Psilocybin wird h\u00e4ufig mit antidepressiven, angstl\u00f6senden und stressmindernden Wirkungen in Verbindung gebracht. Es wird von Menschen auf der ganzen Welt verwendet, um sich selbst f\u00fcr die verschiedenen Probleme zu behandeln, mit denen sie konfrontiert sind. Es ist jedoch ratsam, den Konsum innerhalb der eigenen Komfortzone zu halten. Bei \u00fcberm\u00e4\u00dfigem Konsum k\u00f6nnen viele Dinge, die dir helfen k\u00f6nnen, deine Angst zu bew\u00e4ltigen, dich auch \u00e4ngstlich machen, besonders wenn du noch nie Pilze genommen hast. Die Zeitdilatation, das Ph\u00e4nomen des Ego-Todes und die bewusstseinsver\u00e4ndernden Folgen k\u00f6nnten dich zu Tode erschrecken.<\/p>\n<p>Psilocybin kann laut einigen Studien auch neuroprotektive und neurogenesebezogene Wirkungen haben. Anders ausgedr\u00fcckt: Psilocybin-Pilze wie der in dieser \u00dcbersicht besprochene <a href=\"https:\/\/duckduckgo.com\/?q=Penis-Neid-Pilze+online+kaufen&amp;t=h_&amp;ia=web\">Penisneid Cubensis<\/a> f\u00f6rdert die neuronale Genese und beugt dem Abbau der Gehirnfunktionen vor. Aus verschiedenen Gr\u00fcnden sollten Sie diese Pilze mindestens einmal im Leben essen. Noch besser ist es, wenn Sie sie m\u00f6gen und sie Ihnen helfen.<\/p>\n<p>Wenn Sie Penis Envy Cubensis online kaufen, werden Sie es lieben. Ganz gleich, ob Sie eine gr\u00f6\u00dfere Dosis einnehmen m\u00f6chten, um ungel\u00f6ste Probleme anzugehen, mit denen Sie zu k\u00e4mpfen haben, oder ob Sie kleinere Mengen einnehmen m\u00f6chten, um Angstzust\u00e4nde und Konzentration zu lindern. Anstatt dich mit trivialen Details zu besch\u00e4ftigen und deinen Kopf mit beunruhigenden Fragen zu f\u00fcllen, kannst du deinen Ideen freien Lauf lassen und deiner Kreativit\u00e4t erlauben, deine vorgefassten Meinungen zu \u00fcbertreffen. Viele Menschen glauben, dass Psilocybin-Pilze der beste Weg sind, um Stress und Verzweiflung abzubauen.<\/p>\n<h3>\u00c4u\u00dferst leistungsf\u00e4higer Pilz<\/h3>\n<p>Penis Envy Cubensis gilt nicht umsonst als einer der potentesten Pilze der Welt. Die erh\u00f6hte Potenz f\u00fchrt zu einer einzigartigen Reihe von psychoaktiven Effekten. Dieser Pilz w\u00e4chst viel langsamer als andere Pilze, was eine einfache physiologische Erkl\u00e4rung hat. Dadurch ist es m\u00f6glich, dass die Psilocybinproduktion vom Sporenstadium bis zum Erwachsenenstadium zunimmt.<\/p>\n<p>Das halluzinogene Potenzial von Penis Envy Cubensis ist gr\u00f6\u00dfer als das der meisten anderen Pilze. Daher solltest Du bei der Wahl der Bedingungen und Zeiten, zu denen Du diesen Pilz konsumierst, Vorsicht walten lassen. Gr\u00f6\u00dfere Dosen f\u00fchren zweifellos zu einer Ver\u00e4nderung des Bewusstseins, zu Halluzinationen und einem Gef\u00fchl der Zeitverschiebung. Au\u00dferdem wird der fraktale visuelle Reiz Dein Bewusstsein und Deine F\u00e4higkeit, Entscheidungen zu treffen, vor\u00fcbergehend beeintr\u00e4chtigen.<\/p>\n<h3>Sporen von Penisneid zu verkaufen<\/h3>\n<p>Online Penisneid Cubensis<br \/>\nPenisneid Cubensis: Online kaufen<\/p>\n<p>Penisneid Cubensis: Online kaufen<\/p>\n<p>Penisneid kaufen<\/p>\n<p>Zu verkaufen: Albino Penis Neid<\/p>\n<p>&nbsp;<\/p>","protected":false},"excerpt":{"rendered":"<p>Purchase Penis Envy Mushrooms Online: Penis Envy Cubensis for Sale &#8220;What is the Penis Envy Cubensis? What&#8217;s with the weird name?&#8221; may be on your mind. The situation really is straightforward. There&#8217;s no getting around the fact that this hallucinogenic fungus resembles a penis. You may be surprised to learn that this mushroom has some &hellip;<\/p>\n<p class=\"read-more\"> <a class=\"\" href=\"https:\/\/legitgrams.com\/de\/produkt\/penisneid-pilze\/\"> <span class=\"screen-reader-text\">Penisneid-Pilze online kaufen<\/span> Mehr lesen \"<\/a><\/p>","protected":false},"featured_media":5241,"comment_status":"open","ping_status":"closed","template":"","meta":{"_uag_custom_page_level_css":"","site-sidebar-layout":"default","site-content-layout":"default","ast-global-header-display":"","ast-main-header-display":"","ast-hfb-above-header-display":"","ast-hfb-below-header-display":"","ast-hfb-mobile-header-display":"","site-post-title":"","ast-breadcrumbs-content":"","ast-featured-img":"","footer-sml-layout":"","theme-transparent-header-meta":"default","adv-header-id-meta":"","stick-header-meta":"default","header-above-stick-meta":"","header-main-stick-meta":"","header-below-stick-meta":"","_joinchat":[]},"product_brand":[],"product_cat":[599],"product_tag":[4234,4224,617,4216,4231,4228,4223,4221,4215,4218,4226,4217,4219,4227,4229,4236,4237,4235,4232,4233,4230,625,4222,4225,4220],"class_list":{"0":"post-3890","1":"product","2":"type-product","3":"status-publish","4":"has-post-thumbnail","6":"product_cat-psilocybin-or-magic-mushrooms","7":"product_tag-best-cheap-price-penis-envy-mushrooms","8":"product_tag-best-place-to-buy-penis-envy-mushrooms","9":"product_tag-bulk-online","10":"product_tag-buy-penis-envy-mushrooms","11":"product_tag-cheap-penis-envy-mushrooms","12":"product_tag-high-quality-penis-envy-mushrooms","13":"product_tag-how-to-buy-penis-envy-mushrooms","14":"product_tag-order-penis-envy-mushrooms","15":"product_tag-penis-envy-mushrooms","16":"product_tag-penis-envy-mushrooms-for-sale","17":"product_tag-penis-envy-mushrooms-legally","18":"product_tag-penis-envy-mushrooms-online","19":"product_tag-penis-envy-mushrooms-penis-envy-mushrooms-supplier","20":"product_tag-penis-envy-mushrooms-price","21":"product_tag-penis-envy-mushrooms-store","22":"product_tag-penis-envy-mushrooms-use","23":"product_tag-penis-envy-mushrooms-wiki","24":"product_tag-penis-envy-mushrooms-worldwide","25":"product_tag-penis-envy-mushroomss","26":"product_tag-purcharse-penis-envy-mushrooms","27":"product_tag-shop-penis-envy-mushrooms","28":"product_tag-top-quality","29":"product_tag-where-to-buy-penis-envy-mushrooms","30":"product_tag-where-to-order-penis-envy-mushrooms","31":"product_tag-wholesale-penis-envy-mushrooms","32":"desktop-align-left","33":"tablet-align-left","34":"mobile-align-left","35":"ast-product-gallery-layout-horizontal","36":"ast-product-gallery-with-no-image","37":"ast-product-single-variable","38":"ast-product-tabs-layout-horizontal","39":"ast-qv-on-image","41":"first","42":"instock","43":"featured","44":"shipping-taxable","45":"purchasable","46":"product-type-variable"},"yoast_head":"<!-- This site is optimized with the Yoast SEO plugin v25.9 - https:\/\/yoast.com\/wordpress\/plugins\/seo\/ -->\n<title>Penis Envy Mushrooms for Sale - Buy Penis Envy Mushrooms<\/title>\n<meta name=\"description\" content=\"Explore our online store for Penis Envy Mushrooms for sale, offering high-quality Penis Envy Mushrooms . Buy Penis Envy Mushrooms online securely and embark on your research journey with confidence. Place your order now!\" \/>\n<meta name=\"robots\" content=\"index, follow, max-snippet:-1, max-image-preview:large, max-video-preview:-1\" \/>\n<link rel=\"canonical\" href=\"https:\/\/legitgrams.com\/de\/produkt\/penisneid-pilze\/\" \/>\n<meta property=\"og:locale\" content=\"de_DE\" \/>\n<meta property=\"og:type\" content=\"article\" \/>\n<meta property=\"og:title\" content=\"Penis Envy Mushrooms for Sale - Buy Penis Envy Mushrooms\" \/>\n<meta property=\"og:description\" content=\"Explore our online store for Penis Envy Mushrooms for sale, offering high-quality Penis Envy Mushrooms . Buy Penis Envy Mushrooms online securely and embark on your research journey with confidence. Place your order now!\" \/>\n<meta property=\"og:url\" content=\"https:\/\/legitgrams.com\/de\/produkt\/penisneid-pilze\/\" \/>\n<meta property=\"og:site_name\" content=\"Legit Grams\" \/>\n<meta property=\"article:modified_time\" content=\"2025-04-04T13:43:33+00:00\" \/>\n<meta property=\"og:image\" content=\"https:\/\/legitgrams.com\/wp-content\/uploads\/2024\/09\/penis-envy-for-salepsilocybin-or-magic-mushrooms.jpg\" \/>\n\t<meta property=\"og:image:width\" content=\"430\" \/>\n\t<meta property=\"og:image:height\" content=\"430\" \/>\n\t<meta property=\"og:image:type\" content=\"image\/jpeg\" \/>\n<meta name=\"twitter:card\" content=\"summary_large_image\" \/>\n<meta name=\"twitter:label1\" content=\"Gesch\u00e4tzte Lesezeit\" \/>\n\t<meta name=\"twitter:data1\" content=\"4\u00a0Minuten\" \/>\n<script type=\"application\/ld+json\" class=\"yoast-schema-graph\">{\"@context\":\"https:\/\/schema.org\",\"@graph\":[{\"@type\":\"WebPage\",\"@id\":\"https:\/\/legitgrams.com\/product\/penis-envy-mushrooms\/\",\"url\":\"https:\/\/legitgrams.com\/product\/penis-envy-mushrooms\/\",\"name\":\"Penis Envy Mushrooms for Sale - Buy Penis Envy Mushrooms\",\"isPartOf\":{\"@id\":\"https:\/\/legitgrams.com\/#website\"},\"primaryImageOfPage\":{\"@id\":\"https:\/\/legitgrams.com\/product\/penis-envy-mushrooms\/#primaryimage\"},\"image\":{\"@id\":\"https:\/\/legitgrams.com\/product\/penis-envy-mushrooms\/#primaryimage\"},\"thumbnailUrl\":\"https:\/\/legitgrams.com\/wp-content\/uploads\/2024\/09\/penis-envy-for-salepsilocybin-or-magic-mushrooms.jpg\",\"datePublished\":\"2024-09-20T10:09:25+00:00\",\"dateModified\":\"2025-04-04T13:43:33+00:00\",\"description\":\"Explore our online store for Penis Envy Mushrooms for sale, offering high-quality Penis Envy Mushrooms . Buy Penis Envy Mushrooms online securely and embark on your research journey with confidence. Place your order now!\",\"breadcrumb\":{\"@id\":\"https:\/\/legitgrams.com\/product\/penis-envy-mushrooms\/#breadcrumb\"},\"inLanguage\":\"de\",\"potentialAction\":[{\"@type\":\"ReadAction\",\"target\":[\"https:\/\/legitgrams.com\/product\/penis-envy-mushrooms\/\"]}]},{\"@type\":\"ImageObject\",\"inLanguage\":\"de\",\"@id\":\"https:\/\/legitgrams.com\/product\/penis-envy-mushrooms\/#primaryimage\",\"url\":\"https:\/\/legitgrams.com\/wp-content\/uploads\/2024\/09\/penis-envy-for-salepsilocybin-or-magic-mushrooms.jpg\",\"contentUrl\":\"https:\/\/legitgrams.com\/wp-content\/uploads\/2024\/09\/penis-envy-for-salepsilocybin-or-magic-mushrooms.jpg\",\"width\":430,\"height\":430,\"caption\":\"Penis Envy Mushrooms for Sale\"},{\"@type\":\"BreadcrumbList\",\"@id\":\"https:\/\/legitgrams.com\/product\/penis-envy-mushrooms\/#breadcrumb\",\"itemListElement\":[{\"@type\":\"ListItem\",\"position\":1,\"name\":\"Home\",\"item\":\"https:\/\/legitgrams.com\/\"},{\"@type\":\"ListItem\",\"position\":2,\"name\":\"Shop\",\"item\":\"https:\/\/legitgrams.com\/shop\/\"},{\"@type\":\"ListItem\",\"position\":3,\"name\":\"Buy Penis Envy Mushrooms Online\"}]},{\"@type\":\"WebSite\",\"@id\":\"https:\/\/legitgrams.com\/#website\",\"url\":\"https:\/\/legitgrams.com\/\",\"name\":\"Legit Grams\",\"description\":\"My WordPress Blog\",\"publisher\":{\"@id\":\"https:\/\/legitgrams.com\/#organization\"},\"potentialAction\":[{\"@type\":\"SearchAction\",\"target\":{\"@type\":\"EntryPoint\",\"urlTemplate\":\"https:\/\/legitgrams.com\/?s={search_term_string}\"},\"query-input\":{\"@type\":\"PropertyValueSpecification\",\"valueRequired\":true,\"valueName\":\"search_term_string\"}}],\"inLanguage\":\"de\"},{\"@type\":\"Organization\",\"@id\":\"https:\/\/legitgrams.com\/#organization\",\"name\":\"Legit Grams\",\"url\":\"https:\/\/legitgrams.com\/\",\"logo\":{\"@type\":\"ImageObject\",\"inLanguage\":\"de\",\"@id\":\"https:\/\/legitgrams.com\/#\/schema\/logo\/image\/\",\"url\":\"https:\/\/legitgrams.com\/wp-content\/uploads\/2024\/09\/main-logo.png\",\"contentUrl\":\"https:\/\/legitgrams.com\/wp-content\/uploads\/2024\/09\/main-logo.png\",\"width\":270,\"height\":75,\"caption\":\"Legit Grams\"},\"image\":{\"@id\":\"https:\/\/legitgrams.com\/#\/schema\/logo\/image\/\"}}]}<\/script>\n<!-- \/ Yoast SEO plugin. -->","yoast_head_json":{"title":"Penis Envy-Pilze zu verkaufen \u2013 Penis Envy-Pilze kaufen","description":"Entdecken Sie unser Online-Gesch\u00e4ft f\u00fcr Penisneid-Pilze zum Verkauf, das qualitativ hochwertige Penisneid-Pilze anbietet. Kaufen Sie Penisneid-Pilze sicher online und beginnen Sie Ihre Forschungsreise mit Vertrauen. Geben Sie Ihre Bestellung jetzt auf!","robots":{"index":"index","follow":"follow","max-snippet":"max-snippet:-1","max-image-preview":"max-image-preview:large","max-video-preview":"max-video-preview:-1"},"canonical":"https:\/\/legitgrams.com\/de\/produkt\/penisneid-pilze\/","og_locale":"de_DE","og_type":"article","og_title":"Penis Envy Mushrooms for Sale - Buy Penis Envy Mushrooms","og_description":"Explore our online store for Penis Envy Mushrooms for sale, offering high-quality Penis Envy Mushrooms . Buy Penis Envy Mushrooms online securely and embark on your research journey with confidence. Place your order now!","og_url":"https:\/\/legitgrams.com\/de\/produkt\/penisneid-pilze\/","og_site_name":"Legit Grams","article_modified_time":"2025-04-04T13:43:33+00:00","og_image":[{"width":430,"height":430,"url":"https:\/\/legitgrams.com\/wp-content\/uploads\/2024\/09\/penis-envy-for-salepsilocybin-or-magic-mushrooms.jpg","type":"image\/jpeg"}],"twitter_card":"summary_large_image","twitter_misc":{"Gesch\u00e4tzte Lesezeit":"4\u00a0Minuten"},"schema":{"@context":"https:\/\/schema.org","@graph":[{"@type":"WebPage","@id":"https:\/\/legitgrams.com\/product\/penis-envy-mushrooms\/","url":"https:\/\/legitgrams.com\/product\/penis-envy-mushrooms\/","name":"Penis Envy-Pilze zu verkaufen \u2013 Penis Envy-Pilze kaufen","isPartOf":{"@id":"https:\/\/legitgrams.com\/#website"},"primaryImageOfPage":{"@id":"https:\/\/legitgrams.com\/product\/penis-envy-mushrooms\/#primaryimage"},"image":{"@id":"https:\/\/legitgrams.com\/product\/penis-envy-mushrooms\/#primaryimage"},"thumbnailUrl":"https:\/\/legitgrams.com\/wp-content\/uploads\/2024\/09\/penis-envy-for-salepsilocybin-or-magic-mushrooms.jpg","datePublished":"2024-09-20T10:09:25+00:00","dateModified":"2025-04-04T13:43:33+00:00","description":"Entdecken Sie unser Online-Gesch\u00e4ft f\u00fcr Penisneid-Pilze zum Verkauf, das qualitativ hochwertige Penisneid-Pilze anbietet. Kaufen Sie Penisneid-Pilze sicher online und beginnen Sie Ihre Forschungsreise mit Vertrauen. Geben Sie Ihre Bestellung jetzt auf!","breadcrumb":{"@id":"https:\/\/legitgrams.com\/product\/penis-envy-mushrooms\/#breadcrumb"},"inLanguage":"de","potentialAction":[{"@type":"ReadAction","target":["https:\/\/legitgrams.com\/product\/penis-envy-mushrooms\/"]}]},{"@type":"ImageObject","inLanguage":"de","@id":"https:\/\/legitgrams.com\/product\/penis-envy-mushrooms\/#primaryimage","url":"https:\/\/legitgrams.com\/wp-content\/uploads\/2024\/09\/penis-envy-for-salepsilocybin-or-magic-mushrooms.jpg","contentUrl":"https:\/\/legitgrams.com\/wp-content\/uploads\/2024\/09\/penis-envy-for-salepsilocybin-or-magic-mushrooms.jpg","width":430,"height":430,"caption":"Penis Envy Mushrooms for Sale"},{"@type":"BreadcrumbList","@id":"https:\/\/legitgrams.com\/product\/penis-envy-mushrooms\/#breadcrumb","itemListElement":[{"@type":"ListItem","position":1,"name":"Home","item":"https:\/\/legitgrams.com\/"},{"@type":"ListItem","position":2,"name":"Shop","item":"https:\/\/legitgrams.com\/shop\/"},{"@type":"ListItem","position":3,"name":"Buy Penis Envy Mushrooms Online"}]},{"@type":"WebSite","@id":"https:\/\/legitgrams.com\/#website","url":"https:\/\/legitgrams.com\/","name":"Legitimer Grammwert","description":"Mein WordPress-Blog","publisher":{"@id":"https:\/\/legitgrams.com\/#organization"},"potentialAction":[{"@type":"SearchAction","target":{"@type":"EntryPoint","urlTemplate":"https:\/\/legitgrams.com\/?s={search_term_string}"},"query-input":{"@type":"PropertyValueSpecification","valueRequired":true,"valueName":"search_term_string"}}],"inLanguage":"de"},{"@type":"Organization","@id":"https:\/\/legitgrams.com\/#organization","name":"Legitimer Grammwert","url":"https:\/\/legitgrams.com\/","logo":{"@type":"ImageObject","inLanguage":"de","@id":"https:\/\/legitgrams.com\/#\/schema\/logo\/image\/","url":"https:\/\/legitgrams.com\/wp-content\/uploads\/2024\/09\/main-logo.png","contentUrl":"https:\/\/legitgrams.com\/wp-content\/uploads\/2024\/09\/main-logo.png","width":270,"height":75,"caption":"Legit Grams"},"image":{"@id":"https:\/\/legitgrams.com\/#\/schema\/logo\/image\/"}}]}},"uagb_featured_image_src":{"full":["https:\/\/legitgrams.com\/wp-content\/uploads\/2024\/09\/penis-envy-for-salepsilocybin-or-magic-mushrooms.jpg",430,430,false],"thumbnail":["https:\/\/legitgrams.com\/wp-content\/uploads\/2024\/09\/penis-envy-for-salepsilocybin-or-magic-mushrooms-150x150.jpg",150,150,true],"medium":["https:\/\/legitgrams.com\/wp-content\/uploads\/2024\/09\/penis-envy-for-salepsilocybin-or-magic-mushrooms-300x300.jpg",300,300,true],"medium_large":["https:\/\/legitgrams.com\/wp-content\/uploads\/2024\/09\/penis-envy-for-salepsilocybin-or-magic-mushrooms.jpg",430,430,false],"large":["https:\/\/legitgrams.com\/wp-content\/uploads\/2024\/09\/penis-envy-for-salepsilocybin-or-magic-mushrooms.jpg",430,430,false],"1536x1536":["https:\/\/legitgrams.com\/wp-content\/uploads\/2024\/09\/penis-envy-for-salepsilocybin-or-magic-mushrooms.jpg",430,430,false],"2048x2048":["https:\/\/legitgrams.com\/wp-content\/uploads\/2024\/09\/penis-envy-for-salepsilocybin-or-magic-mushrooms.jpg",430,430,false],"trp-custom-language-flag":["https:\/\/legitgrams.com\/wp-content\/uploads\/2024\/09\/penis-envy-for-salepsilocybin-or-magic-mushrooms-12x12.jpg",12,12,true],"woocommerce_thumbnail":["https:\/\/legitgrams.com\/wp-content\/uploads\/2024\/09\/penis-envy-for-salepsilocybin-or-magic-mushrooms-300x300.jpg",300,300,true],"woocommerce_single":["https:\/\/legitgrams.com\/wp-content\/uploads\/2024\/09\/penis-envy-for-salepsilocybin-or-magic-mushrooms.jpg",430,430,false],"woocommerce_gallery_thumbnail":["https:\/\/legitgrams.com\/wp-content\/uploads\/2024\/09\/penis-envy-for-salepsilocybin-or-magic-mushrooms-100x100.jpg",100,100,true]},"uagb_author_info":{"display_name":"cokeblog18","author_link":"https:\/\/legitgrams.com\/de\/author\/"},"uagb_comment_info":0,"uagb_excerpt":"Purchase Penis Envy Mushrooms Online: Penis Envy Cubensis for Sale &#8220;What is the Penis Envy Cubensis? What&#8217;s with the weird name?&#8221; may be on your mind. The situation really is straightforward. There&#8217;s no getting around the fact that this hallucinogenic fungus resembles a penis. You may be surprised to learn that this mushroom has some&hellip;","_links":{"self":[{"href":"https:\/\/legitgrams.com\/de\/wp-json\/wp\/v2\/product\/3890","targetHints":{"allow":["GET"]}}],"collection":[{"href":"https:\/\/legitgrams.com\/de\/wp-json\/wp\/v2\/product"}],"about":[{"href":"https:\/\/legitgrams.com\/de\/wp-json\/wp\/v2\/types\/product"}],"replies":[{"embeddable":true,"href":"https:\/\/legitgrams.com\/de\/wp-json\/wp\/v2\/comments?post=3890"}],"wp:featuredmedia":[{"embeddable":true,"href":"https:\/\/legitgrams.com\/de\/wp-json\/wp\/v2\/media\/5241"}],"wp:attachment":[{"href":"https:\/\/legitgrams.com\/de\/wp-json\/wp\/v2\/media?parent=3890"}],"wp:term":[{"taxonomy":"product_brand","embeddable":true,"href":"https:\/\/legitgrams.com\/de\/wp-json\/wp\/v2\/product_brand?post=3890"},{"taxonomy":"product_cat","embeddable":true,"href":"https:\/\/legitgrams.com\/de\/wp-json\/wp\/v2\/product_cat?post=3890"},{"taxonomy":"product_tag","embeddable":true,"href":"https:\/\/legitgrams.com\/de\/wp-json\/wp\/v2\/product_tag?post=3890"}],"curies":[{"name":"wp","href":"https:\/\/api.w.org\/{rel}","templated":true}]}}