{"id":3912,"date":"2024-09-20T10:53:15","date_gmt":"2024-09-20T10:53:15","guid":{"rendered":"https:\/\/legitgrams.com\/?post_type=product&#038;p=3912"},"modified":"2025-01-14T07:47:30","modified_gmt":"2025-01-14T07:47:30","slug":"lexotanil-bromazepam-3mg","status":"publish","type":"product","link":"https:\/\/legitgrams.com\/de\/produkt\/lexotanil-bromazepam-3mg\/","title":{"rendered":"Lexotanil Bromazepam 3mg"},"content":{"rendered":"<h2>Kaufen 3 mg Lexotanil Bromazepam-Tabletten online.<\/h2>\n<p>Wenn Benzodiazepine erforderlich sind, <a href=\"https:\/\/legitgrams.com\/de\/produkt\/lexotanil-bromazepam-3mg\/\">Bromazepam<\/a> wird zur Behandlung kurzfristiger Schlaflosigkeit, kurzfristiger Angst- oder Panikattacken sowie der Symptome eines Alkohol- und Opiatentzugs eingesetzt. Durch die Bindung an den GABA-A-Rezeptor ver\u00e4ndert Bromazepam seine Konformation und verst\u00e4rkt seine hemmende Wirkung. Es hat keinen Einfluss auf andere Neurotransmitter. <a href=\"https:\/\/legitgrams.com\/de\/\">LegitGrams<\/a><\/p>\n<p>Online-Kauf von 3 mg Lexotanil <a href=\"https:\/\/en.wikipedia.org\/wiki\/Bromazepam\">Bromazepam<\/a> Pillen: Bromazepam kaufen, 3 mg Lexotanil Bromazepam-Pillen kaufen, Lexotanil online kaufen. Wo finde ich Online-Rezepte f\u00fcr 3 mg Lexotanil Bromazepam? Wo finde ich Online-Rezepte f\u00fcr 3 mg Lexotanil Bromazepam? Wo finde ich Online-Rezepte f\u00fcr 3 mg Lexotanil Bromazepam? Aus welchen L\u00e4ndern bestehen die Vereinigten Staaten, Kanada und das Vereinigte K\u00f6nigreich? Wo finde ich Lexotanil 3 mg? Online-Bromazepam-Pillen? Anbieter, sicherer Versand, Online-Kauf, Lexotanil-Bromazepam-Tabletten mit 3 mg sind weiterhin erh\u00e4ltlich. Darf man 3 mg Lexotanil Bromazepam-Pillen in den Vereinigten Staaten legal kaufen? Ist es m\u00f6glich, 3 mg Lexotanil Bromazepam-Pillen in den USA online zu kaufen? Darf man 3 mg Lexotanil Bromazepam-Pillen in Kanada legal kaufen?<\/p>\n<h2><\/h2>\n<h2><\/h2>\n<p>&nbsp;<\/p>","protected":false},"excerpt":{"rendered":"<p>Purchase 3 mg Lexotanil Bromazepam tablets online. When benzodiazepines are required, bromazepam is used to treat short-term sleeplessness, short-term anxiety or panic episodes, and the symptoms of alcohol and opiate withdrawal. By binding to the GABA-A receptor, bromazepam alters its conformation and intensifies its inhibitory action. There is no impact on other neurotransmitters. LegitGrams Online &hellip;<\/p>\n<p class=\"read-more\"> <a class=\"\" href=\"https:\/\/legitgrams.com\/de\/produkt\/lexotanil-bromazepam-3mg\/\"> <span class=\"screen-reader-text\">Lexotanil Bromazepam 3mg<\/span> Mehr lesen \"<\/a><\/p>","protected":false},"featured_media":5284,"comment_status":"open","ping_status":"closed","template":"","meta":{"_uag_custom_page_level_css":"","site-sidebar-layout":"default","site-content-layout":"default","ast-global-header-display":"","ast-main-header-display":"","ast-hfb-above-header-display":"","ast-hfb-below-header-display":"","ast-hfb-mobile-header-display":"","site-post-title":"","ast-breadcrumbs-content":"","ast-featured-img":"","footer-sml-layout":"","theme-transparent-header-meta":"default","adv-header-id-meta":"","stick-header-meta":"default","header-above-stick-meta":"","header-main-stick-meta":"","header-below-stick-meta":"","_joinchat":[]},"product_brand":[],"product_cat":[600],"product_tag":[4004,3994,617,3986,4001,3998,3993,3985,3988,3996,3989,3987,3997,3999,4006,4007,4005,4002,3991,4003,4000,625,3992,3995,3990],"class_list":{"0":"post-3912","1":"product","2":"type-product","3":"status-publish","4":"has-post-thumbnail","6":"product_cat-research-chemicals-and-bath-salt","7":"product_tag-best-cheap-price-lexotanil-bromazepam-3mg","8":"product_tag-best-place-to-buy-lexotanil-bromazepam-3mg","9":"product_tag-bulk-online","10":"product_tag-buy-lexotanil-bromazepam-3mg","11":"product_tag-cheap-lexotanil-bromazepam-3mg","12":"product_tag-high-quality-lexotanil-bromazepam-3mg","13":"product_tag-how-to-buy-lexotanil-bromazepam-3mg","14":"product_tag-lexotanil-bromazepam-3mg","15":"product_tag-lexotanil-bromazepam-3mg-for-sale","16":"product_tag-lexotanil-bromazepam-3mg-legally","17":"product_tag-lexotanil-bromazepam-3mg-lexotanil-bromazepam-3mg-supplier","18":"product_tag-lexotanil-bromazepam-3mg-online","19":"product_tag-lexotanil-bromazepam-3mg-price","20":"product_tag-lexotanil-bromazepam-3mg-store","21":"product_tag-lexotanil-bromazepam-3mg-use","22":"product_tag-lexotanil-bromazepam-3mg-wiki","23":"product_tag-lexotanil-bromazepam-3mg-worldwide","24":"product_tag-lexotanil-bromazepam-3mgs","25":"product_tag-order-lexotanil-bromazepam-3mg","26":"product_tag-purcharse-lexotanil-bromazepam-3mg","27":"product_tag-shop-lexotanil-bromazepam-3mg","28":"product_tag-top-quality","29":"product_tag-where-to-buy-lexotanil-bromazepam-3mg","30":"product_tag-where-to-order-lexotanil-bromazepam-3mg","31":"product_tag-wholesale-lexotanil-bromazepam-3mg","32":"desktop-align-left","33":"tablet-align-left","34":"mobile-align-left","35":"ast-product-gallery-layout-horizontal","36":"ast-product-gallery-with-no-image","37":"ast-product-single-variable","38":"ast-product-tabs-layout-horizontal","39":"ast-qv-on-image","41":"first","42":"instock","43":"shipping-taxable","44":"purchasable","45":"product-type-variable"},"yoast_head":"<!-- This site is optimized with the Yoast SEO plugin v25.9 - https:\/\/yoast.com\/wordpress\/plugins\/seo\/ -->\n<title>Lexotanil Bromazepam 3mg for Sale - Buy Lexotanil Bromazepam<\/title>\n<meta name=\"description\" content=\"At our Legitgrams, you can get Lexotanil Bromazepam 3mg for sale at cheap rates. We deal with A-grade quality products only. Buy Lexotanil Bromazepam 3mg online from our store now with fast &amp; secure shipping service.\" \/>\n<meta name=\"robots\" content=\"index, follow, max-snippet:-1, max-image-preview:large, max-video-preview:-1\" \/>\n<link rel=\"canonical\" href=\"https:\/\/legitgrams.com\/de\/produkt\/lexotanil-bromazepam-3mg\/\" \/>\n<meta property=\"og:locale\" content=\"de_DE\" \/>\n<meta property=\"og:type\" content=\"article\" \/>\n<meta property=\"og:title\" content=\"Lexotanil Bromazepam 3mg for Sale - Buy Lexotanil Bromazepam\" \/>\n<meta property=\"og:description\" content=\"At our Legitgrams, you can get Lexotanil Bromazepam 3mg for sale at cheap rates. We deal with A-grade quality products only. Buy Lexotanil Bromazepam 3mg online from our store now with fast &amp; secure shipping service.\" \/>\n<meta property=\"og:url\" content=\"https:\/\/legitgrams.com\/de\/produkt\/lexotanil-bromazepam-3mg\/\" \/>\n<meta property=\"og:site_name\" content=\"Legit Grams\" \/>\n<meta property=\"article:modified_time\" content=\"2025-01-14T07:47:30+00:00\" \/>\n<meta property=\"og:image\" content=\"https:\/\/legitgrams.com\/wp-content\/uploads\/2024\/09\/Buy-Lexotanil-Bromazepam-3mg-pills-online-1.jpg\" \/>\n\t<meta property=\"og:image:width\" content=\"600\" \/>\n\t<meta property=\"og:image:height\" content=\"600\" \/>\n\t<meta property=\"og:image:type\" content=\"image\/jpeg\" \/>\n<meta name=\"twitter:card\" content=\"summary_large_image\" \/>\n<meta name=\"twitter:label1\" content=\"Gesch\u00e4tzte Lesezeit\" \/>\n\t<meta name=\"twitter:data1\" content=\"2\u00a0Minuten\" \/>\n<script type=\"application\/ld+json\" class=\"yoast-schema-graph\">{\"@context\":\"https:\/\/schema.org\",\"@graph\":[{\"@type\":\"WebPage\",\"@id\":\"https:\/\/legitgrams.com\/product\/lexotanil-bromazepam-3mg\/\",\"url\":\"https:\/\/legitgrams.com\/product\/lexotanil-bromazepam-3mg\/\",\"name\":\"Lexotanil Bromazepam 3mg for Sale - Buy Lexotanil Bromazepam\",\"isPartOf\":{\"@id\":\"https:\/\/legitgrams.com\/#website\"},\"primaryImageOfPage\":{\"@id\":\"https:\/\/legitgrams.com\/product\/lexotanil-bromazepam-3mg\/#primaryimage\"},\"image\":{\"@id\":\"https:\/\/legitgrams.com\/product\/lexotanil-bromazepam-3mg\/#primaryimage\"},\"thumbnailUrl\":\"https:\/\/legitgrams.com\/wp-content\/uploads\/2024\/09\/Buy-Lexotanil-Bromazepam-3mg-pills-online-1.jpg\",\"datePublished\":\"2024-09-20T10:53:15+00:00\",\"dateModified\":\"2025-01-14T07:47:30+00:00\",\"description\":\"At our Legitgrams, you can get Lexotanil Bromazepam 3mg for sale at cheap rates. We deal with A-grade quality products only. Buy Lexotanil Bromazepam 3mg online from our store now with fast & secure shipping service.\",\"breadcrumb\":{\"@id\":\"https:\/\/legitgrams.com\/product\/lexotanil-bromazepam-3mg\/#breadcrumb\"},\"inLanguage\":\"de\",\"potentialAction\":[{\"@type\":\"ReadAction\",\"target\":[\"https:\/\/legitgrams.com\/product\/lexotanil-bromazepam-3mg\/\"]}]},{\"@type\":\"ImageObject\",\"inLanguage\":\"de\",\"@id\":\"https:\/\/legitgrams.com\/product\/lexotanil-bromazepam-3mg\/#primaryimage\",\"url\":\"https:\/\/legitgrams.com\/wp-content\/uploads\/2024\/09\/Buy-Lexotanil-Bromazepam-3mg-pills-online-1.jpg\",\"contentUrl\":\"https:\/\/legitgrams.com\/wp-content\/uploads\/2024\/09\/Buy-Lexotanil-Bromazepam-3mg-pills-online-1.jpg\",\"width\":600,\"height\":600,\"caption\":\"Lexotanil Bromazepam 3mg for Sale\"},{\"@type\":\"BreadcrumbList\",\"@id\":\"https:\/\/legitgrams.com\/product\/lexotanil-bromazepam-3mg\/#breadcrumb\",\"itemListElement\":[{\"@type\":\"ListItem\",\"position\":1,\"name\":\"Home\",\"item\":\"https:\/\/legitgrams.com\/\"},{\"@type\":\"ListItem\",\"position\":2,\"name\":\"Shop\",\"item\":\"https:\/\/legitgrams.com\/shop\/\"},{\"@type\":\"ListItem\",\"position\":3,\"name\":\"Lexotanil Bromazepam 3mg\"}]},{\"@type\":\"WebSite\",\"@id\":\"https:\/\/legitgrams.com\/#website\",\"url\":\"https:\/\/legitgrams.com\/\",\"name\":\"Legit Grams\",\"description\":\"My WordPress Blog\",\"publisher\":{\"@id\":\"https:\/\/legitgrams.com\/#organization\"},\"potentialAction\":[{\"@type\":\"SearchAction\",\"target\":{\"@type\":\"EntryPoint\",\"urlTemplate\":\"https:\/\/legitgrams.com\/?s={search_term_string}\"},\"query-input\":{\"@type\":\"PropertyValueSpecification\",\"valueRequired\":true,\"valueName\":\"search_term_string\"}}],\"inLanguage\":\"de\"},{\"@type\":\"Organization\",\"@id\":\"https:\/\/legitgrams.com\/#organization\",\"name\":\"Legit Grams\",\"url\":\"https:\/\/legitgrams.com\/\",\"logo\":{\"@type\":\"ImageObject\",\"inLanguage\":\"de\",\"@id\":\"https:\/\/legitgrams.com\/#\/schema\/logo\/image\/\",\"url\":\"https:\/\/legitgrams.com\/wp-content\/uploads\/2024\/09\/main-logo.png\",\"contentUrl\":\"https:\/\/legitgrams.com\/wp-content\/uploads\/2024\/09\/main-logo.png\",\"width\":270,\"height\":75,\"caption\":\"Legit Grams\"},\"image\":{\"@id\":\"https:\/\/legitgrams.com\/#\/schema\/logo\/image\/\"}}]}<\/script>\n<!-- \/ Yoast SEO plugin. -->","yoast_head_json":{"title":"Lexotanil Bromazepam 3 mg zu verkaufen \u2013 Lexotanil Bromazepam kaufen","description":"Auf unserer Legitgrams, k\u00f6nnen Sie Lexotanil Bromazepam 3mg zum Verkauf zu g\u00fcnstigen Preisen zu bekommen. Wir befassen uns mit A-Grade-Qualit\u00e4t Produkte nur. Kaufen Sie Lexotanil Bromazepam 3mg online von unserem Gesch\u00e4ft jetzt mit schnellen &amp; sicheren Versand-Service.","robots":{"index":"index","follow":"follow","max-snippet":"max-snippet:-1","max-image-preview":"max-image-preview:large","max-video-preview":"max-video-preview:-1"},"canonical":"https:\/\/legitgrams.com\/de\/produkt\/lexotanil-bromazepam-3mg\/","og_locale":"de_DE","og_type":"article","og_title":"Lexotanil Bromazepam 3mg for Sale - Buy Lexotanil Bromazepam","og_description":"At our Legitgrams, you can get Lexotanil Bromazepam 3mg for sale at cheap rates. We deal with A-grade quality products only. Buy Lexotanil Bromazepam 3mg online from our store now with fast & secure shipping service.","og_url":"https:\/\/legitgrams.com\/de\/produkt\/lexotanil-bromazepam-3mg\/","og_site_name":"Legit Grams","article_modified_time":"2025-01-14T07:47:30+00:00","og_image":[{"width":600,"height":600,"url":"https:\/\/legitgrams.com\/wp-content\/uploads\/2024\/09\/Buy-Lexotanil-Bromazepam-3mg-pills-online-1.jpg","type":"image\/jpeg"}],"twitter_card":"summary_large_image","twitter_misc":{"Gesch\u00e4tzte Lesezeit":"2\u00a0Minuten"},"schema":{"@context":"https:\/\/schema.org","@graph":[{"@type":"WebPage","@id":"https:\/\/legitgrams.com\/product\/lexotanil-bromazepam-3mg\/","url":"https:\/\/legitgrams.com\/product\/lexotanil-bromazepam-3mg\/","name":"Lexotanil Bromazepam 3 mg zu verkaufen \u2013 Lexotanil Bromazepam kaufen","isPartOf":{"@id":"https:\/\/legitgrams.com\/#website"},"primaryImageOfPage":{"@id":"https:\/\/legitgrams.com\/product\/lexotanil-bromazepam-3mg\/#primaryimage"},"image":{"@id":"https:\/\/legitgrams.com\/product\/lexotanil-bromazepam-3mg\/#primaryimage"},"thumbnailUrl":"https:\/\/legitgrams.com\/wp-content\/uploads\/2024\/09\/Buy-Lexotanil-Bromazepam-3mg-pills-online-1.jpg","datePublished":"2024-09-20T10:53:15+00:00","dateModified":"2025-01-14T07:47:30+00:00","description":"Auf unserer Legitgrams, k\u00f6nnen Sie Lexotanil Bromazepam 3mg zum Verkauf zu g\u00fcnstigen Preisen zu bekommen. Wir befassen uns mit A-Grade-Qualit\u00e4t Produkte nur. Kaufen Sie Lexotanil Bromazepam 3mg online von unserem Gesch\u00e4ft jetzt mit schnellen &amp; sicheren Versand-Service.","breadcrumb":{"@id":"https:\/\/legitgrams.com\/product\/lexotanil-bromazepam-3mg\/#breadcrumb"},"inLanguage":"de","potentialAction":[{"@type":"ReadAction","target":["https:\/\/legitgrams.com\/product\/lexotanil-bromazepam-3mg\/"]}]},{"@type":"ImageObject","inLanguage":"de","@id":"https:\/\/legitgrams.com\/product\/lexotanil-bromazepam-3mg\/#primaryimage","url":"https:\/\/legitgrams.com\/wp-content\/uploads\/2024\/09\/Buy-Lexotanil-Bromazepam-3mg-pills-online-1.jpg","contentUrl":"https:\/\/legitgrams.com\/wp-content\/uploads\/2024\/09\/Buy-Lexotanil-Bromazepam-3mg-pills-online-1.jpg","width":600,"height":600,"caption":"Lexotanil Bromazepam 3mg for Sale"},{"@type":"BreadcrumbList","@id":"https:\/\/legitgrams.com\/product\/lexotanil-bromazepam-3mg\/#breadcrumb","itemListElement":[{"@type":"ListItem","position":1,"name":"Home","item":"https:\/\/legitgrams.com\/"},{"@type":"ListItem","position":2,"name":"Shop","item":"https:\/\/legitgrams.com\/shop\/"},{"@type":"ListItem","position":3,"name":"Lexotanil Bromazepam 3mg"}]},{"@type":"WebSite","@id":"https:\/\/legitgrams.com\/#website","url":"https:\/\/legitgrams.com\/","name":"Legitimer Grammwert","description":"Mein WordPress-Blog","publisher":{"@id":"https:\/\/legitgrams.com\/#organization"},"potentialAction":[{"@type":"SearchAction","target":{"@type":"EntryPoint","urlTemplate":"https:\/\/legitgrams.com\/?s={search_term_string}"},"query-input":{"@type":"PropertyValueSpecification","valueRequired":true,"valueName":"search_term_string"}}],"inLanguage":"de"},{"@type":"Organization","@id":"https:\/\/legitgrams.com\/#organization","name":"Legitimer Grammwert","url":"https:\/\/legitgrams.com\/","logo":{"@type":"ImageObject","inLanguage":"de","@id":"https:\/\/legitgrams.com\/#\/schema\/logo\/image\/","url":"https:\/\/legitgrams.com\/wp-content\/uploads\/2024\/09\/main-logo.png","contentUrl":"https:\/\/legitgrams.com\/wp-content\/uploads\/2024\/09\/main-logo.png","width":270,"height":75,"caption":"Legit Grams"},"image":{"@id":"https:\/\/legitgrams.com\/#\/schema\/logo\/image\/"}}]}},"uagb_featured_image_src":{"full":["https:\/\/legitgrams.com\/wp-content\/uploads\/2024\/09\/Buy-Lexotanil-Bromazepam-3mg-pills-online-1.jpg",600,600,false],"thumbnail":["https:\/\/legitgrams.com\/wp-content\/uploads\/2024\/09\/Buy-Lexotanil-Bromazepam-3mg-pills-online-1-150x150.jpg",150,150,true],"medium":["https:\/\/legitgrams.com\/wp-content\/uploads\/2024\/09\/Buy-Lexotanil-Bromazepam-3mg-pills-online-1-300x300.jpg",300,300,true],"medium_large":["https:\/\/legitgrams.com\/wp-content\/uploads\/2024\/09\/Buy-Lexotanil-Bromazepam-3mg-pills-online-1.jpg",600,600,false],"large":["https:\/\/legitgrams.com\/wp-content\/uploads\/2024\/09\/Buy-Lexotanil-Bromazepam-3mg-pills-online-1.jpg",600,600,false],"1536x1536":["https:\/\/legitgrams.com\/wp-content\/uploads\/2024\/09\/Buy-Lexotanil-Bromazepam-3mg-pills-online-1.jpg",600,600,false],"2048x2048":["https:\/\/legitgrams.com\/wp-content\/uploads\/2024\/09\/Buy-Lexotanil-Bromazepam-3mg-pills-online-1.jpg",600,600,false],"trp-custom-language-flag":["https:\/\/legitgrams.com\/wp-content\/uploads\/2024\/09\/Buy-Lexotanil-Bromazepam-3mg-pills-online-1-12x12.jpg",12,12,true],"woocommerce_thumbnail":["https:\/\/legitgrams.com\/wp-content\/uploads\/2024\/09\/Buy-Lexotanil-Bromazepam-3mg-pills-online-1-300x300.jpg",300,300,true],"woocommerce_single":["https:\/\/legitgrams.com\/wp-content\/uploads\/2024\/09\/Buy-Lexotanil-Bromazepam-3mg-pills-online-1.jpg",600,600,false],"woocommerce_gallery_thumbnail":["https:\/\/legitgrams.com\/wp-content\/uploads\/2024\/09\/Buy-Lexotanil-Bromazepam-3mg-pills-online-1-100x100.jpg",100,100,true]},"uagb_author_info":{"display_name":"cokeblog18","author_link":"https:\/\/legitgrams.com\/de\/author\/"},"uagb_comment_info":0,"uagb_excerpt":"Purchase 3 mg Lexotanil Bromazepam tablets online. When benzodiazepines are required, bromazepam is used to treat short-term sleeplessness, short-term anxiety or panic episodes, and the symptoms of alcohol and opiate withdrawal. By binding to the GABA-A receptor, bromazepam alters its conformation and intensifies its inhibitory action. There is no impact on other neurotransmitters. LegitGrams Online&hellip;","_links":{"self":[{"href":"https:\/\/legitgrams.com\/de\/wp-json\/wp\/v2\/product\/3912","targetHints":{"allow":["GET"]}}],"collection":[{"href":"https:\/\/legitgrams.com\/de\/wp-json\/wp\/v2\/product"}],"about":[{"href":"https:\/\/legitgrams.com\/de\/wp-json\/wp\/v2\/types\/product"}],"replies":[{"embeddable":true,"href":"https:\/\/legitgrams.com\/de\/wp-json\/wp\/v2\/comments?post=3912"}],"wp:featuredmedia":[{"embeddable":true,"href":"https:\/\/legitgrams.com\/de\/wp-json\/wp\/v2\/media\/5284"}],"wp:attachment":[{"href":"https:\/\/legitgrams.com\/de\/wp-json\/wp\/v2\/media?parent=3912"}],"wp:term":[{"taxonomy":"product_brand","embeddable":true,"href":"https:\/\/legitgrams.com\/de\/wp-json\/wp\/v2\/product_brand?post=3912"},{"taxonomy":"product_cat","embeddable":true,"href":"https:\/\/legitgrams.com\/de\/wp-json\/wp\/v2\/product_cat?post=3912"},{"taxonomy":"product_tag","embeddable":true,"href":"https:\/\/legitgrams.com\/de\/wp-json\/wp\/v2\/product_tag?post=3912"}],"curies":[{"name":"wp","href":"https:\/\/api.w.org\/{rel}","templated":true}]}}