{"id":3913,"date":"2024-09-20T10:55:19","date_gmt":"2024-09-20T10:55:19","guid":{"rendered":"https:\/\/legitgrams.com\/?post_type=product&#038;p=3913"},"modified":"2025-01-15T05:50:00","modified_gmt":"2025-01-15T05:50:00","slug":"w-18-pulver","status":"publish","type":"product","link":"https:\/\/legitgrams.com\/de\/produkt\/w-18-pulver\/","title":{"rendered":"W-18 Pulver"},"content":{"rendered":"<h2>W-18-Pulver online kaufen.<\/h2>\n<p>Sie k\u00f6nnen <a href=\"https:\/\/legitgrams.com\/de\/produkt\/w-18-pulver\/\">W-18 Pulver online kaufen<\/a>. Diese Substanz darf nicht konsumiert werden, sie dient ausschlie\u00dflich Forschungszwecken.<\/p>\n<h3>Qualit\u00e4ten<\/h3>\n<p>Dieses Produkt wurde in \u00dcbereinstimmung mit den Normen ISO17025:2005 und Guide 34:2009 hergestellt und getestet.<\/p>\n<p>Der Zweck dieses Produkts besteht darin, als analytischer Referenzstandard zu fungieren.<br \/>\nF\u00fcr die akademische Forschung an anerkannten Universit\u00e4ten stehen Massenmaterialien zur Verf\u00fcgung. F\u00fcr Preisinformationen wenden Sie sich bitte an unsere Verkaufsabteilung.<br \/>\nAnalytisches Referenzmaterial W-18 (Artikel-Nr. 15480). Es erwies sich im Phenylchinon-Writhing-Test an M\u00e4usen als au\u00dfergew\u00f6hnlich wirksames Analgetikum (IC50 = 3,7 ng\/kg, im Gegensatz zu 38 \u00b5g\/kg bei Morphin).1 Die Toxizit\u00e4t und die Auswirkungen dieser Substanz auf die menschliche Physiologie sind unklar. Dieses Ger\u00e4t ist f\u00fcr den Einsatz in Forschungs- und Forensikanwendungen vorgesehen.<\/p>\n<p>W-18 Pulver online kaufen: W-18 Pulver kaufen, W-18 Pulver in den USA kaufen, W-18 Pulver online kaufen USA Wo kann ich W-18 Pulver online kaufen? Wo kann ich W-18-Pulver in den USA, Kanada, Gro\u00dfbritannien kaufen, online kaufen, Anbieter, sichere Lieferung, W-18-Pulver zu verkaufen, W-18-Pulver zu verkaufen in meiner N\u00e4he, W-18-Pulver online kaufen in der N\u00e4he W-18-Pulver ist noch erh\u00e4ltlich; ist es in den Vereinigten Staaten legal, kann es in den Vereinigten Staaten online gekauft werden, wie kann man W-18-Pulver bestellen und ist es in Kanada legal? <a href=\"https:\/\/legitgrams.com\/de\/\">LegitGrams<\/a><\/p>","protected":false},"excerpt":{"rendered":"<p>Purchase W-18 powder online. You may buy W-18 powder online. Do not consume this substance; it is only for research reasons. Qualities This product was manufactured and tested in compliance with ISO17025:2005 and Guide 34:2009 standards. This product&#8217;s objective is to function as an analytical reference standard. Bulk materials are available for academic research at &hellip;<\/p>\n<p class=\"read-more\"> <a class=\"\" href=\"https:\/\/legitgrams.com\/de\/produkt\/w-18-pulver\/\"> <span class=\"screen-reader-text\">W-18 Pulver<\/span> Mehr lesen \"<\/a><\/p>","protected":false},"featured_media":5320,"comment_status":"open","ping_status":"closed","template":"","meta":{"_uag_custom_page_level_css":"","site-sidebar-layout":"default","site-content-layout":"default","ast-global-header-display":"","ast-main-header-display":"","ast-hfb-above-header-display":"","ast-hfb-below-header-display":"","ast-hfb-mobile-header-display":"","site-post-title":"","ast-breadcrumbs-content":"","ast-featured-img":"","footer-sml-layout":"","theme-transparent-header-meta":"default","adv-header-id-meta":"","stick-header-meta":"default","header-above-stick-meta":"","header-main-stick-meta":"","header-below-stick-meta":"","_joinchat":[]},"product_brand":[],"product_cat":[600],"product_tag":[3981,3971,617,3963,3978,3975,3970,3968,3980,3977,625,3962,3965,3973,3964,3974,3976,3983,3966,3984,3982,3979,3969,3972,3967],"class_list":{"0":"post-3913","1":"product","2":"type-product","3":"status-publish","4":"has-post-thumbnail","6":"product_cat-research-chemicals-and-bath-salt","7":"product_tag-best-cheap-price-w-18-powder","8":"product_tag-best-place-to-buy-w-18-powder","9":"product_tag-bulk-online","10":"product_tag-buy-w-18-powder","11":"product_tag-cheap-w-18-powder","12":"product_tag-high-quality-w-18-powder","13":"product_tag-how-to-buy-w-18-powder","14":"product_tag-order-w-18-powder","15":"product_tag-purcharse-w-18-powder","16":"product_tag-shop-w-18-powder","17":"product_tag-top-quality","18":"product_tag-w-18-powder","19":"product_tag-w-18-powder-for-sale","20":"product_tag-w-18-powder-legally","21":"product_tag-w-18-powder-online","22":"product_tag-w-18-powder-price","23":"product_tag-w-18-powder-store","24":"product_tag-w-18-powder-use","25":"product_tag-w-18-powder-w-18-powder-supplier","26":"product_tag-w-18-powder-wiki","27":"product_tag-w-18-powder-worldwide","28":"product_tag-w-18-powders","29":"product_tag-where-to-buy-w-18-powder","30":"product_tag-where-to-order-w-18-powder","31":"product_tag-wholesale-w-18-powder","32":"desktop-align-left","33":"tablet-align-left","34":"mobile-align-left","35":"ast-product-gallery-layout-horizontal","36":"ast-product-gallery-with-no-image","37":"ast-product-single-variable","38":"ast-product-tabs-layout-horizontal","39":"ast-qv-on-image","41":"first","42":"instock","43":"shipping-taxable","44":"purchasable","45":"product-type-variable"},"yoast_head":"<!-- This site is optimized with the Yoast SEO plugin v25.9 - https:\/\/yoast.com\/wordpress\/plugins\/seo\/ -->\n<title>W-18 Powder for sale - Order W-18 Powder Online | LegitGrams<\/title>\n<meta name=\"description\" content=\"Explore our online store to buy W-18 powder online, offering high-quality W-18 powder for sale securely and embark on your research journey with confidence.\" \/>\n<meta name=\"robots\" content=\"index, follow, max-snippet:-1, max-image-preview:large, max-video-preview:-1\" \/>\n<link rel=\"canonical\" href=\"https:\/\/legitgrams.com\/de\/produkt\/w-18-pulver\/\" \/>\n<meta property=\"og:locale\" content=\"de_DE\" \/>\n<meta property=\"og:type\" content=\"article\" \/>\n<meta property=\"og:title\" content=\"W-18 Powder for sale - Order W-18 Powder Online | LegitGrams\" \/>\n<meta property=\"og:description\" content=\"Explore our online store to buy W-18 powder online, offering high-quality W-18 powder for sale securely and embark on your research journey with confidence.\" \/>\n<meta property=\"og:url\" content=\"https:\/\/legitgrams.com\/de\/produkt\/w-18-pulver\/\" \/>\n<meta property=\"og:site_name\" content=\"Legit Grams\" \/>\n<meta property=\"article:modified_time\" content=\"2025-01-15T05:50:00+00:00\" \/>\n<meta property=\"og:image\" content=\"https:\/\/legitgrams.com\/wp-content\/uploads\/2024\/09\/buy-w-18-powder-online.jpg\" \/>\n\t<meta property=\"og:image:width\" content=\"600\" \/>\n\t<meta property=\"og:image:height\" content=\"600\" \/>\n\t<meta property=\"og:image:type\" content=\"image\/jpeg\" \/>\n<meta name=\"twitter:card\" content=\"summary_large_image\" \/>\n<meta name=\"twitter:label1\" content=\"Gesch\u00e4tzte Lesezeit\" \/>\n\t<meta name=\"twitter:data1\" content=\"2\u00a0Minuten\" \/>\n<script type=\"application\/ld+json\" class=\"yoast-schema-graph\">{\"@context\":\"https:\/\/schema.org\",\"@graph\":[{\"@type\":\"WebPage\",\"@id\":\"https:\/\/legitgrams.com\/product\/w-18-powder\/\",\"url\":\"https:\/\/legitgrams.com\/product\/w-18-powder\/\",\"name\":\"W-18 Powder for sale - Order W-18 Powder Online | LegitGrams\",\"isPartOf\":{\"@id\":\"https:\/\/legitgrams.com\/#website\"},\"primaryImageOfPage\":{\"@id\":\"https:\/\/legitgrams.com\/product\/w-18-powder\/#primaryimage\"},\"image\":{\"@id\":\"https:\/\/legitgrams.com\/product\/w-18-powder\/#primaryimage\"},\"thumbnailUrl\":\"https:\/\/legitgrams.com\/wp-content\/uploads\/2024\/09\/buy-w-18-powder-online.jpg\",\"datePublished\":\"2024-09-20T10:55:19+00:00\",\"dateModified\":\"2025-01-15T05:50:00+00:00\",\"description\":\"Explore our online store to buy W-18 powder online, offering high-quality W-18 powder for sale securely and embark on your research journey with confidence.\",\"breadcrumb\":{\"@id\":\"https:\/\/legitgrams.com\/product\/w-18-powder\/#breadcrumb\"},\"inLanguage\":\"de\",\"potentialAction\":[{\"@type\":\"ReadAction\",\"target\":[\"https:\/\/legitgrams.com\/product\/w-18-powder\/\"]}]},{\"@type\":\"ImageObject\",\"inLanguage\":\"de\",\"@id\":\"https:\/\/legitgrams.com\/product\/w-18-powder\/#primaryimage\",\"url\":\"https:\/\/legitgrams.com\/wp-content\/uploads\/2024\/09\/buy-w-18-powder-online.jpg\",\"contentUrl\":\"https:\/\/legitgrams.com\/wp-content\/uploads\/2024\/09\/buy-w-18-powder-online.jpg\",\"width\":600,\"height\":600,\"caption\":\"W-18 Powder for sale\"},{\"@type\":\"BreadcrumbList\",\"@id\":\"https:\/\/legitgrams.com\/product\/w-18-powder\/#breadcrumb\",\"itemListElement\":[{\"@type\":\"ListItem\",\"position\":1,\"name\":\"Home\",\"item\":\"https:\/\/legitgrams.com\/\"},{\"@type\":\"ListItem\",\"position\":2,\"name\":\"Shop\",\"item\":\"https:\/\/legitgrams.com\/shop\/\"},{\"@type\":\"ListItem\",\"position\":3,\"name\":\"W-18 powder\"}]},{\"@type\":\"WebSite\",\"@id\":\"https:\/\/legitgrams.com\/#website\",\"url\":\"https:\/\/legitgrams.com\/\",\"name\":\"Legit Grams\",\"description\":\"My WordPress Blog\",\"publisher\":{\"@id\":\"https:\/\/legitgrams.com\/#organization\"},\"potentialAction\":[{\"@type\":\"SearchAction\",\"target\":{\"@type\":\"EntryPoint\",\"urlTemplate\":\"https:\/\/legitgrams.com\/?s={search_term_string}\"},\"query-input\":{\"@type\":\"PropertyValueSpecification\",\"valueRequired\":true,\"valueName\":\"search_term_string\"}}],\"inLanguage\":\"de\"},{\"@type\":\"Organization\",\"@id\":\"https:\/\/legitgrams.com\/#organization\",\"name\":\"Legit Grams\",\"url\":\"https:\/\/legitgrams.com\/\",\"logo\":{\"@type\":\"ImageObject\",\"inLanguage\":\"de\",\"@id\":\"https:\/\/legitgrams.com\/#\/schema\/logo\/image\/\",\"url\":\"https:\/\/legitgrams.com\/wp-content\/uploads\/2024\/09\/main-logo.png\",\"contentUrl\":\"https:\/\/legitgrams.com\/wp-content\/uploads\/2024\/09\/main-logo.png\",\"width\":270,\"height\":75,\"caption\":\"Legit Grams\"},\"image\":{\"@id\":\"https:\/\/legitgrams.com\/#\/schema\/logo\/image\/\"}}]}<\/script>\n<!-- \/ Yoast SEO plugin. -->","yoast_head_json":{"title":"W-18 Powder for sale - W-18 Powder Online bestellen | LegitGrams","description":"Erkunden Sie unseren Online-Shop, um W-18-Pulver online zu kaufen. Wir bieten Ihnen qualitativ hochwertiges W-18-Pulver zum sicheren Verkauf an, und beginnen Sie Ihre Forschungsreise mit Vertrauen.","robots":{"index":"index","follow":"follow","max-snippet":"max-snippet:-1","max-image-preview":"max-image-preview:large","max-video-preview":"max-video-preview:-1"},"canonical":"https:\/\/legitgrams.com\/de\/produkt\/w-18-pulver\/","og_locale":"de_DE","og_type":"article","og_title":"W-18 Powder for sale - Order W-18 Powder Online | LegitGrams","og_description":"Explore our online store to buy W-18 powder online, offering high-quality W-18 powder for sale securely and embark on your research journey with confidence.","og_url":"https:\/\/legitgrams.com\/de\/produkt\/w-18-pulver\/","og_site_name":"Legit Grams","article_modified_time":"2025-01-15T05:50:00+00:00","og_image":[{"width":600,"height":600,"url":"https:\/\/legitgrams.com\/wp-content\/uploads\/2024\/09\/buy-w-18-powder-online.jpg","type":"image\/jpeg"}],"twitter_card":"summary_large_image","twitter_misc":{"Gesch\u00e4tzte Lesezeit":"2\u00a0Minuten"},"schema":{"@context":"https:\/\/schema.org","@graph":[{"@type":"WebPage","@id":"https:\/\/legitgrams.com\/product\/w-18-powder\/","url":"https:\/\/legitgrams.com\/product\/w-18-powder\/","name":"W-18 Powder for sale - W-18 Powder Online bestellen | LegitGrams","isPartOf":{"@id":"https:\/\/legitgrams.com\/#website"},"primaryImageOfPage":{"@id":"https:\/\/legitgrams.com\/product\/w-18-powder\/#primaryimage"},"image":{"@id":"https:\/\/legitgrams.com\/product\/w-18-powder\/#primaryimage"},"thumbnailUrl":"https:\/\/legitgrams.com\/wp-content\/uploads\/2024\/09\/buy-w-18-powder-online.jpg","datePublished":"2024-09-20T10:55:19+00:00","dateModified":"2025-01-15T05:50:00+00:00","description":"Erkunden Sie unseren Online-Shop, um W-18-Pulver online zu kaufen. Wir bieten Ihnen qualitativ hochwertiges W-18-Pulver zum sicheren Verkauf an, und beginnen Sie Ihre Forschungsreise mit Vertrauen.","breadcrumb":{"@id":"https:\/\/legitgrams.com\/product\/w-18-powder\/#breadcrumb"},"inLanguage":"de","potentialAction":[{"@type":"ReadAction","target":["https:\/\/legitgrams.com\/product\/w-18-powder\/"]}]},{"@type":"ImageObject","inLanguage":"de","@id":"https:\/\/legitgrams.com\/product\/w-18-powder\/#primaryimage","url":"https:\/\/legitgrams.com\/wp-content\/uploads\/2024\/09\/buy-w-18-powder-online.jpg","contentUrl":"https:\/\/legitgrams.com\/wp-content\/uploads\/2024\/09\/buy-w-18-powder-online.jpg","width":600,"height":600,"caption":"W-18 Powder for sale"},{"@type":"BreadcrumbList","@id":"https:\/\/legitgrams.com\/product\/w-18-powder\/#breadcrumb","itemListElement":[{"@type":"ListItem","position":1,"name":"Home","item":"https:\/\/legitgrams.com\/"},{"@type":"ListItem","position":2,"name":"Shop","item":"https:\/\/legitgrams.com\/shop\/"},{"@type":"ListItem","position":3,"name":"W-18 powder"}]},{"@type":"WebSite","@id":"https:\/\/legitgrams.com\/#website","url":"https:\/\/legitgrams.com\/","name":"Legitimer Grammwert","description":"Mein WordPress-Blog","publisher":{"@id":"https:\/\/legitgrams.com\/#organization"},"potentialAction":[{"@type":"SearchAction","target":{"@type":"EntryPoint","urlTemplate":"https:\/\/legitgrams.com\/?s={search_term_string}"},"query-input":{"@type":"PropertyValueSpecification","valueRequired":true,"valueName":"search_term_string"}}],"inLanguage":"de"},{"@type":"Organization","@id":"https:\/\/legitgrams.com\/#organization","name":"Legitimer Grammwert","url":"https:\/\/legitgrams.com\/","logo":{"@type":"ImageObject","inLanguage":"de","@id":"https:\/\/legitgrams.com\/#\/schema\/logo\/image\/","url":"https:\/\/legitgrams.com\/wp-content\/uploads\/2024\/09\/main-logo.png","contentUrl":"https:\/\/legitgrams.com\/wp-content\/uploads\/2024\/09\/main-logo.png","width":270,"height":75,"caption":"Legit Grams"},"image":{"@id":"https:\/\/legitgrams.com\/#\/schema\/logo\/image\/"}}]}},"uagb_featured_image_src":{"full":["https:\/\/legitgrams.com\/wp-content\/uploads\/2024\/09\/buy-w-18-powder-online.jpg",600,600,false],"thumbnail":["https:\/\/legitgrams.com\/wp-content\/uploads\/2024\/09\/buy-w-18-powder-online-150x150.jpg",150,150,true],"medium":["https:\/\/legitgrams.com\/wp-content\/uploads\/2024\/09\/buy-w-18-powder-online-300x300.jpg",300,300,true],"medium_large":["https:\/\/legitgrams.com\/wp-content\/uploads\/2024\/09\/buy-w-18-powder-online.jpg",600,600,false],"large":["https:\/\/legitgrams.com\/wp-content\/uploads\/2024\/09\/buy-w-18-powder-online.jpg",600,600,false],"1536x1536":["https:\/\/legitgrams.com\/wp-content\/uploads\/2024\/09\/buy-w-18-powder-online.jpg",600,600,false],"2048x2048":["https:\/\/legitgrams.com\/wp-content\/uploads\/2024\/09\/buy-w-18-powder-online.jpg",600,600,false],"trp-custom-language-flag":["https:\/\/legitgrams.com\/wp-content\/uploads\/2024\/09\/buy-w-18-powder-online-12x12.jpg",12,12,true],"woocommerce_thumbnail":["https:\/\/legitgrams.com\/wp-content\/uploads\/2024\/09\/buy-w-18-powder-online-300x300.jpg",300,300,true],"woocommerce_single":["https:\/\/legitgrams.com\/wp-content\/uploads\/2024\/09\/buy-w-18-powder-online.jpg",600,600,false],"woocommerce_gallery_thumbnail":["https:\/\/legitgrams.com\/wp-content\/uploads\/2024\/09\/buy-w-18-powder-online-100x100.jpg",100,100,true]},"uagb_author_info":{"display_name":"cokeblog18","author_link":"https:\/\/legitgrams.com\/de\/author\/"},"uagb_comment_info":0,"uagb_excerpt":"Purchase W-18 powder online. You may buy W-18 powder online. Do not consume this substance; it is only for research reasons. Qualities This product was manufactured and tested in compliance with ISO17025:2005 and Guide 34:2009 standards. This product&#8217;s objective is to function as an analytical reference standard. Bulk materials are available for academic research at&hellip;","_links":{"self":[{"href":"https:\/\/legitgrams.com\/de\/wp-json\/wp\/v2\/product\/3913","targetHints":{"allow":["GET"]}}],"collection":[{"href":"https:\/\/legitgrams.com\/de\/wp-json\/wp\/v2\/product"}],"about":[{"href":"https:\/\/legitgrams.com\/de\/wp-json\/wp\/v2\/types\/product"}],"replies":[{"embeddable":true,"href":"https:\/\/legitgrams.com\/de\/wp-json\/wp\/v2\/comments?post=3913"}],"wp:featuredmedia":[{"embeddable":true,"href":"https:\/\/legitgrams.com\/de\/wp-json\/wp\/v2\/media\/5320"}],"wp:attachment":[{"href":"https:\/\/legitgrams.com\/de\/wp-json\/wp\/v2\/media?parent=3913"}],"wp:term":[{"taxonomy":"product_brand","embeddable":true,"href":"https:\/\/legitgrams.com\/de\/wp-json\/wp\/v2\/product_brand?post=3913"},{"taxonomy":"product_cat","embeddable":true,"href":"https:\/\/legitgrams.com\/de\/wp-json\/wp\/v2\/product_cat?post=3913"},{"taxonomy":"product_tag","embeddable":true,"href":"https:\/\/legitgrams.com\/de\/wp-json\/wp\/v2\/product_tag?post=3913"}],"curies":[{"name":"wp","href":"https:\/\/api.w.org\/{rel}","templated":true}]}}