{"id":3914,"date":"2024-09-20T10:58:24","date_gmt":"2024-09-20T10:58:24","guid":{"rendered":"https:\/\/legitgrams.com\/?post_type=product&#038;p=3914"},"modified":"2025-04-04T13:10:20","modified_gmt":"2025-04-04T13:10:20","slug":"badesalz-elfenbeinwelle","status":"publish","type":"product","link":"https:\/\/legitgrams.com\/de\/produkt\/badesalz-elfenbeinwelle\/","title":{"rendered":"Ivory Wave Badesalz online kaufen"},"content":{"rendered":"<h2>Ivory Wave Badesalz: Online kaufen<\/h2>\n<p>Der Begriff \u201e<a href=\"https:\/\/legitgrams.com\/de\/produkt\/badesalz-elfenbeinwelle\/\">Badesalze<\/a>\u201e\u201c oder hergestelltes Cathinon bezieht sich auf eine Klasse von Medikamenten, die mindestens ein im Labor hergestelltes synthetisches Cathinon-\u00e4hnliches Molek\u00fcl enthalten. Die Khat-Pflanze, die in Ostafrika und S\u00fcdarabien w\u00e4chst, enth\u00e4lt normalerweise ein Stimulans namens Phthalon.<\/p>\n<p>Cathinon weist synthetische \u00c4hnlichkeiten mit anderen Amphetaminen auf, einschlie\u00dflich Methamphetamin, und <a href=\"https:\/\/www.bing.com\/search?q=IvoryWaveBadesalzonlinekaufen&amp;qs=n&amp;form=QBRE&amp;sp=-1&amp;lq=0&amp;pq=ivorywavebadesalzonlinekaufen&amp;sc=10-33&amp;sk=&amp;cvid=85296760105C4208BC343FB521FAE47E&amp;ghsh=0&amp;ghacc=0&amp;ghpl=\">MDMA (Ecstasy oder Molly)<\/a>. \u201eBadesalze\u201c enthalten neben vielen anderen synthetischen Cathinonen Mephedron (auch Drone, Meph oder Meow genannt), Methylon und 3,4-Methylendioxypyrovaleron (MDPV). Dieses k\u00fcnstliche Cathinon hat das Potenzial, deutlich st\u00e4rker zu wirken und negative Folgen zu haben als die Pflanzenkomponente. <a href=\"https:\/\/legitgrams.com\/de\/\">LegitGrams<\/a><\/p>\n<p>Normalerweise sind \u201eBadesalze\u201c wei\u00dfe oder erdige Edelsteinpulver, die in kleinen Folien- oder Plastikbeh\u00e4ltern mit der Aufschrift \u201eNicht f\u00fcr den menschlichen Verzehr\u201c verkauft werden. Andere Namen daf\u00fcr sind \u201ePflanzend\u00fcnger\u201c, \u201eTelefonbildschirmreiniger\u201c und \u201eEdelsteinreiniger\u201c. Sie k\u00f6nnen online und in Apotheken gekauft werden. Diese Namen oder Beschreibungen haben nichts mit dem eigentlichen Produkt zu tun. Die Arzneimittelhersteller nutzen es, um zu vermeiden, von der Drug Enforcement Administration oder den \u00f6rtlichen Strafverfolgungsbeh\u00f6rden entdeckt zu werden.<\/p>\n<p><a href=\"https:\/\/www.google.com\/search?q=Buy+Ivory+Wave+Bath+Salt+Online&amp;num=10&amp;sca_esv=1a2a07081c7891bb&amp;rlz=1C1RXQR_enIN1098IN1098&amp;sxsrf=AHTn8zouBqCTsZoGYMdym_fK7u00l4aaKw%3A1741162357846&amp;ei=dQfIZ_uzM_KNseMPnMz04Ac&amp;ved=0ahUKEwi7wteev_KLAxXyRmwGHRwmHXwQ4dUDCBA&amp;uact=5&amp;oq=Buy+Ivory+Wave+Bath+Salt+Online&amp;gs_lp=Egxnd3Mtd2l6LXNlcnAiH0J1eSBJdm9yeSBXYXZlIEJhdGggU2FsdCBPbmxpbmVIlwZQ1wJY1wJwAngAkAEAmAGpAqABqQKqAQMyLTG4AQPIAQD4AQL4AQGYAgCgAgCYAwCIBgGSBwCgB9wB&amp;sclient=gws-wiz-serp\">Bittersalz<\/a>Bittersalz, das urspr\u00fcngliche Badesalz, das dem Wasser zugesetzt wird, um Druck abzubauen und Muskeln zu entspannen, sollte nicht mit den im Labor hergestellten Cathinon-Medikamenten verwechselt werden, die als \u201eBadesalz\u201c verkauft werden. Bittersalz besteht aus den Mineralien Magnesium und Sulfat.<\/p>\n<p>Gelegentlich werden \u201eBadesalze\u201c als sanfter Ersatz f\u00fcr andere Substanzen wie MDMA (Ecstasy oder Molly) oder Kokain beworben. An manchen Orten wurde MDMA in Beh\u00e4ltern, die unter dem Namen Molly verkauft wurden, durch Methyln ersetzt, einen beliebten Bestandteil von \u201eBadesalzen\u201c. Ohne einen Labortest ist es v\u00f6llig unm\u00f6glich, die genaue Zusammensetzung einer Probe von \u201eBadesalzen\u201c festzustellen.<\/p>\n<h3>Die Verwendung von \u201eBadesalzen\u201c<\/h3>\n<p>&#8220;<a href=\"https:\/\/duckduckgo.com\/?q=Buy+Ivory+Wave+Bath+Salt+Online&amp;t=h_&amp;ia=web\">Bath salts<\/a>\u201eBadesalze\u201c werden normalerweise durch Injektion mit einer Nadel, Inhalation, Schlucken oder Grunzen durch die Nase verabreicht. Infusion oder Grunzen sind am sch\u00e4dlichsten.<\/p>\n<h3>Verbot von \u201eBadesalzen\u201c<\/h3>\n<p>Erfahren Sie, wie Sie Lvory Wave kaufen k\u00f6nnen <a href=\"https:\/\/en.wikipedia.org\/wiki\/Bath_salts\">Badesalz<\/a> online, Lvory Wave Badesalz kaufen, Badesalz online kaufen, Finden Sie heraus, wo Sie Lvory Wave Badesalz bekommen, wo Sie Badesalz kaufen k\u00f6nnen, das online gekauft werden kann, wo Sie Badesalz kaufen k\u00f6nnen, das in den USA, Kanada, Gro\u00dfbritannien gekauft werden kann, Online-Shopping, Anbieter, sicherer Versand, Lvory Wave Badesalz ist noch verf\u00fcgbar. Sie k\u00f6nnen auch fragen, ob es in Kanada verf\u00fcgbar ist, wie Sie es bekommen und ob es in den USA legal ist.<\/p>\n<h2><\/h2>\n<h2><\/h2>\n<p>&nbsp;<\/p>","protected":false},"excerpt":{"rendered":"<p>Ivory Wave Bath Salt: Purchase Online The term &#8220;bath salts,&#8221; or manufactured cathinone, refers to a class of medications that include at least one synthetic cathinone-like molecule produced in a lab. The khat plant, which grows in East Africa and southern Arabia, usually contains an energizer called phthalone. Cathinone shares synthetic similarities with other amphetamines, &hellip;<\/p>\n<p class=\"read-more\"> <a class=\"\" href=\"https:\/\/legitgrams.com\/de\/produkt\/badesalz-elfenbeinwelle\/\"> <span class=\"screen-reader-text\">Ivory Wave Badesalz online kaufen<\/span> Mehr lesen \"<\/a><\/p>","protected":false},"featured_media":5281,"comment_status":"open","ping_status":"closed","template":"","meta":{"_uag_custom_page_level_css":"","site-sidebar-layout":"default","site-content-layout":"default","ast-global-header-display":"","ast-main-header-display":"","ast-hfb-above-header-display":"","ast-hfb-below-header-display":"","ast-hfb-mobile-header-display":"","site-post-title":"","ast-breadcrumbs-content":"","ast-featured-img":"","footer-sml-layout":"","theme-transparent-header-meta":"default","adv-header-id-meta":"","stick-header-meta":"default","header-above-stick-meta":"","header-main-stick-meta":"","header-below-stick-meta":"","_joinchat":[]},"product_brand":[],"product_cat":[600],"product_tag":[3958,3948,617,3940,3955,3952,3947,3939,3942,3943,3950,3941,3951,3953,3960,3961,3959,3956,3945,3957,3954,625,3946,3949,3944],"class_list":{"0":"post-3914","1":"product","2":"type-product","3":"status-publish","4":"has-post-thumbnail","6":"product_cat-research-chemicals-and-bath-salt","7":"product_tag-best-cheap-price-ivory-wave-bath-salt","8":"product_tag-best-place-to-buy-ivory-wave-bath-salt","9":"product_tag-bulk-online","10":"product_tag-buy-ivory-wave-bath-salt","11":"product_tag-cheap-ivory-wave-bath-salt","12":"product_tag-high-quality-ivory-wave-bath-salt","13":"product_tag-how-to-buy-ivory-wave-bath-salt","14":"product_tag-ivory-wave-bath-salt","15":"product_tag-ivory-wave-bath-salt-for-sale","16":"product_tag-ivory-wave-bath-salt-ivory-wave-bath-salt-supplier","17":"product_tag-ivory-wave-bath-salt-legally","18":"product_tag-ivory-wave-bath-salt-online","19":"product_tag-ivory-wave-bath-salt-price","20":"product_tag-ivory-wave-bath-salt-store","21":"product_tag-ivory-wave-bath-salt-use","22":"product_tag-ivory-wave-bath-salt-wiki","23":"product_tag-ivory-wave-bath-salt-worldwide","24":"product_tag-ivory-wave-bath-salts","25":"product_tag-order-ivory-wave-bath-salt","26":"product_tag-purcharse-ivory-wave-bath-salt","27":"product_tag-shop-ivory-wave-bath-salt","28":"product_tag-top-quality","29":"product_tag-where-to-buy-ivory-wave-bath-salt","30":"product_tag-where-to-order-ivory-wave-bath-salt","31":"product_tag-wholesale-ivory-wave-bath-salt","32":"desktop-align-left","33":"tablet-align-left","34":"mobile-align-left","35":"ast-product-gallery-layout-horizontal","36":"ast-product-gallery-with-no-image","37":"ast-product-single-variable","38":"ast-product-tabs-layout-horizontal","39":"ast-qv-on-image","41":"first","42":"instock","43":"shipping-taxable","44":"purchasable","45":"product-type-variable"},"yoast_head":"<!-- This site is optimized with the Yoast SEO plugin v25.9 - https:\/\/yoast.com\/wordpress\/plugins\/seo\/ -->\n<title>Ivory Wave Bath Salt for Sale - Buy Ivory Wave Bath Salt Online<\/title>\n<meta name=\"description\" content=\"Explore our online store for Ivory Wave Bath Salt for sale, offering high-quality Ivory Wave Bath Salt. Buy Ivory Wave Bath Salt online securely and embark on your research journey with confidence.\" \/>\n<meta name=\"robots\" content=\"index, follow, max-snippet:-1, max-image-preview:large, max-video-preview:-1\" \/>\n<link rel=\"canonical\" href=\"https:\/\/legitgrams.com\/de\/produkt\/badesalz-elfenbeinwelle\/\" \/>\n<meta property=\"og:locale\" content=\"de_DE\" \/>\n<meta property=\"og:type\" content=\"article\" \/>\n<meta property=\"og:title\" content=\"Ivory Wave Bath Salt for Sale - Buy Ivory Wave Bath Salt Online\" \/>\n<meta property=\"og:description\" content=\"Explore our online store for Ivory Wave Bath Salt for sale, offering high-quality Ivory Wave Bath Salt. Buy Ivory Wave Bath Salt online securely and embark on your research journey with confidence.\" \/>\n<meta property=\"og:url\" content=\"https:\/\/legitgrams.com\/de\/produkt\/badesalz-elfenbeinwelle\/\" \/>\n<meta property=\"og:site_name\" content=\"Legit Grams\" \/>\n<meta property=\"article:modified_time\" content=\"2025-04-04T13:10:20+00:00\" \/>\n<meta property=\"og:image\" content=\"https:\/\/legitgrams.com\/wp-content\/uploads\/2024\/09\/Buy-Lvory-Wave-Bath-Salt-Online.jpg\" \/>\n\t<meta property=\"og:image:width\" content=\"600\" \/>\n\t<meta property=\"og:image:height\" content=\"600\" \/>\n\t<meta property=\"og:image:type\" content=\"image\/jpeg\" \/>\n<meta name=\"twitter:card\" content=\"summary_large_image\" \/>\n<meta name=\"twitter:label1\" content=\"Gesch\u00e4tzte Lesezeit\" \/>\n\t<meta name=\"twitter:data1\" content=\"2\u00a0Minuten\" \/>\n<script type=\"application\/ld+json\" class=\"yoast-schema-graph\">{\"@context\":\"https:\/\/schema.org\",\"@graph\":[{\"@type\":\"WebPage\",\"@id\":\"https:\/\/legitgrams.com\/product\/ivory-wave-bath-salt\/\",\"url\":\"https:\/\/legitgrams.com\/product\/ivory-wave-bath-salt\/\",\"name\":\"Ivory Wave Bath Salt for Sale - Buy Ivory Wave Bath Salt Online\",\"isPartOf\":{\"@id\":\"https:\/\/legitgrams.com\/#website\"},\"primaryImageOfPage\":{\"@id\":\"https:\/\/legitgrams.com\/product\/ivory-wave-bath-salt\/#primaryimage\"},\"image\":{\"@id\":\"https:\/\/legitgrams.com\/product\/ivory-wave-bath-salt\/#primaryimage\"},\"thumbnailUrl\":\"https:\/\/legitgrams.com\/wp-content\/uploads\/2024\/09\/Buy-Lvory-Wave-Bath-Salt-Online.jpg\",\"datePublished\":\"2024-09-20T10:58:24+00:00\",\"dateModified\":\"2025-04-04T13:10:20+00:00\",\"description\":\"Explore our online store for Ivory Wave Bath Salt for sale, offering high-quality Ivory Wave Bath Salt. Buy Ivory Wave Bath Salt online securely and embark on your research journey with confidence.\",\"breadcrumb\":{\"@id\":\"https:\/\/legitgrams.com\/product\/ivory-wave-bath-salt\/#breadcrumb\"},\"inLanguage\":\"de\",\"potentialAction\":[{\"@type\":\"ReadAction\",\"target\":[\"https:\/\/legitgrams.com\/product\/ivory-wave-bath-salt\/\"]}]},{\"@type\":\"ImageObject\",\"inLanguage\":\"de\",\"@id\":\"https:\/\/legitgrams.com\/product\/ivory-wave-bath-salt\/#primaryimage\",\"url\":\"https:\/\/legitgrams.com\/wp-content\/uploads\/2024\/09\/Buy-Lvory-Wave-Bath-Salt-Online.jpg\",\"contentUrl\":\"https:\/\/legitgrams.com\/wp-content\/uploads\/2024\/09\/Buy-Lvory-Wave-Bath-Salt-Online.jpg\",\"width\":600,\"height\":600,\"caption\":\"Ivory Wave Bath Salt for Sale\"},{\"@type\":\"BreadcrumbList\",\"@id\":\"https:\/\/legitgrams.com\/product\/ivory-wave-bath-salt\/#breadcrumb\",\"itemListElement\":[{\"@type\":\"ListItem\",\"position\":1,\"name\":\"Home\",\"item\":\"https:\/\/legitgrams.com\/\"},{\"@type\":\"ListItem\",\"position\":2,\"name\":\"Shop\",\"item\":\"https:\/\/legitgrams.com\/shop\/\"},{\"@type\":\"ListItem\",\"position\":3,\"name\":\"Buy Ivory Wave Bath Salt Online\"}]},{\"@type\":\"WebSite\",\"@id\":\"https:\/\/legitgrams.com\/#website\",\"url\":\"https:\/\/legitgrams.com\/\",\"name\":\"Legit Grams\",\"description\":\"My WordPress Blog\",\"publisher\":{\"@id\":\"https:\/\/legitgrams.com\/#organization\"},\"potentialAction\":[{\"@type\":\"SearchAction\",\"target\":{\"@type\":\"EntryPoint\",\"urlTemplate\":\"https:\/\/legitgrams.com\/?s={search_term_string}\"},\"query-input\":{\"@type\":\"PropertyValueSpecification\",\"valueRequired\":true,\"valueName\":\"search_term_string\"}}],\"inLanguage\":\"de\"},{\"@type\":\"Organization\",\"@id\":\"https:\/\/legitgrams.com\/#organization\",\"name\":\"Legit Grams\",\"url\":\"https:\/\/legitgrams.com\/\",\"logo\":{\"@type\":\"ImageObject\",\"inLanguage\":\"de\",\"@id\":\"https:\/\/legitgrams.com\/#\/schema\/logo\/image\/\",\"url\":\"https:\/\/legitgrams.com\/wp-content\/uploads\/2024\/09\/main-logo.png\",\"contentUrl\":\"https:\/\/legitgrams.com\/wp-content\/uploads\/2024\/09\/main-logo.png\",\"width\":270,\"height\":75,\"caption\":\"Legit Grams\"},\"image\":{\"@id\":\"https:\/\/legitgrams.com\/#\/schema\/logo\/image\/\"}}]}<\/script>\n<!-- \/ Yoast SEO plugin. -->","yoast_head_json":{"title":"Ivory Wave Badesalz zu verkaufen - Ivory Wave Badesalz online kaufen","description":"Entdecken Sie unser Online-Gesch\u00e4ft f\u00fcr Ivory Wave Badesalz zum Verkauf, das qualitativ hochwertiges Ivory Wave Badesalz anbietet. Kaufen Sie Ivory Wave Badesalz sicher online und beginnen Sie Ihre Forschungsreise mit Vertrauen.","robots":{"index":"index","follow":"follow","max-snippet":"max-snippet:-1","max-image-preview":"max-image-preview:large","max-video-preview":"max-video-preview:-1"},"canonical":"https:\/\/legitgrams.com\/de\/produkt\/badesalz-elfenbeinwelle\/","og_locale":"de_DE","og_type":"article","og_title":"Ivory Wave Bath Salt for Sale - Buy Ivory Wave Bath Salt Online","og_description":"Explore our online store for Ivory Wave Bath Salt for sale, offering high-quality Ivory Wave Bath Salt. Buy Ivory Wave Bath Salt online securely and embark on your research journey with confidence.","og_url":"https:\/\/legitgrams.com\/de\/produkt\/badesalz-elfenbeinwelle\/","og_site_name":"Legit Grams","article_modified_time":"2025-04-04T13:10:20+00:00","og_image":[{"width":600,"height":600,"url":"https:\/\/legitgrams.com\/wp-content\/uploads\/2024\/09\/Buy-Lvory-Wave-Bath-Salt-Online.jpg","type":"image\/jpeg"}],"twitter_card":"summary_large_image","twitter_misc":{"Gesch\u00e4tzte Lesezeit":"2\u00a0Minuten"},"schema":{"@context":"https:\/\/schema.org","@graph":[{"@type":"WebPage","@id":"https:\/\/legitgrams.com\/product\/ivory-wave-bath-salt\/","url":"https:\/\/legitgrams.com\/product\/ivory-wave-bath-salt\/","name":"Ivory Wave Badesalz zu verkaufen - Ivory Wave Badesalz online kaufen","isPartOf":{"@id":"https:\/\/legitgrams.com\/#website"},"primaryImageOfPage":{"@id":"https:\/\/legitgrams.com\/product\/ivory-wave-bath-salt\/#primaryimage"},"image":{"@id":"https:\/\/legitgrams.com\/product\/ivory-wave-bath-salt\/#primaryimage"},"thumbnailUrl":"https:\/\/legitgrams.com\/wp-content\/uploads\/2024\/09\/Buy-Lvory-Wave-Bath-Salt-Online.jpg","datePublished":"2024-09-20T10:58:24+00:00","dateModified":"2025-04-04T13:10:20+00:00","description":"Entdecken Sie unser Online-Gesch\u00e4ft f\u00fcr Ivory Wave Badesalz zum Verkauf, das qualitativ hochwertiges Ivory Wave Badesalz anbietet. Kaufen Sie Ivory Wave Badesalz sicher online und beginnen Sie Ihre Forschungsreise mit Vertrauen.","breadcrumb":{"@id":"https:\/\/legitgrams.com\/product\/ivory-wave-bath-salt\/#breadcrumb"},"inLanguage":"de","potentialAction":[{"@type":"ReadAction","target":["https:\/\/legitgrams.com\/product\/ivory-wave-bath-salt\/"]}]},{"@type":"ImageObject","inLanguage":"de","@id":"https:\/\/legitgrams.com\/product\/ivory-wave-bath-salt\/#primaryimage","url":"https:\/\/legitgrams.com\/wp-content\/uploads\/2024\/09\/Buy-Lvory-Wave-Bath-Salt-Online.jpg","contentUrl":"https:\/\/legitgrams.com\/wp-content\/uploads\/2024\/09\/Buy-Lvory-Wave-Bath-Salt-Online.jpg","width":600,"height":600,"caption":"Ivory Wave Bath Salt for Sale"},{"@type":"BreadcrumbList","@id":"https:\/\/legitgrams.com\/product\/ivory-wave-bath-salt\/#breadcrumb","itemListElement":[{"@type":"ListItem","position":1,"name":"Home","item":"https:\/\/legitgrams.com\/"},{"@type":"ListItem","position":2,"name":"Shop","item":"https:\/\/legitgrams.com\/shop\/"},{"@type":"ListItem","position":3,"name":"Buy Ivory Wave Bath Salt Online"}]},{"@type":"WebSite","@id":"https:\/\/legitgrams.com\/#website","url":"https:\/\/legitgrams.com\/","name":"Legitimer Grammwert","description":"Mein WordPress-Blog","publisher":{"@id":"https:\/\/legitgrams.com\/#organization"},"potentialAction":[{"@type":"SearchAction","target":{"@type":"EntryPoint","urlTemplate":"https:\/\/legitgrams.com\/?s={search_term_string}"},"query-input":{"@type":"PropertyValueSpecification","valueRequired":true,"valueName":"search_term_string"}}],"inLanguage":"de"},{"@type":"Organization","@id":"https:\/\/legitgrams.com\/#organization","name":"Legitimer Grammwert","url":"https:\/\/legitgrams.com\/","logo":{"@type":"ImageObject","inLanguage":"de","@id":"https:\/\/legitgrams.com\/#\/schema\/logo\/image\/","url":"https:\/\/legitgrams.com\/wp-content\/uploads\/2024\/09\/main-logo.png","contentUrl":"https:\/\/legitgrams.com\/wp-content\/uploads\/2024\/09\/main-logo.png","width":270,"height":75,"caption":"Legit Grams"},"image":{"@id":"https:\/\/legitgrams.com\/#\/schema\/logo\/image\/"}}]}},"uagb_featured_image_src":{"full":["https:\/\/legitgrams.com\/wp-content\/uploads\/2024\/09\/Buy-Lvory-Wave-Bath-Salt-Online.jpg",600,600,false],"thumbnail":["https:\/\/legitgrams.com\/wp-content\/uploads\/2024\/09\/Buy-Lvory-Wave-Bath-Salt-Online-150x150.jpg",150,150,true],"medium":["https:\/\/legitgrams.com\/wp-content\/uploads\/2024\/09\/Buy-Lvory-Wave-Bath-Salt-Online-300x300.jpg",300,300,true],"medium_large":["https:\/\/legitgrams.com\/wp-content\/uploads\/2024\/09\/Buy-Lvory-Wave-Bath-Salt-Online.jpg",600,600,false],"large":["https:\/\/legitgrams.com\/wp-content\/uploads\/2024\/09\/Buy-Lvory-Wave-Bath-Salt-Online.jpg",600,600,false],"1536x1536":["https:\/\/legitgrams.com\/wp-content\/uploads\/2024\/09\/Buy-Lvory-Wave-Bath-Salt-Online.jpg",600,600,false],"2048x2048":["https:\/\/legitgrams.com\/wp-content\/uploads\/2024\/09\/Buy-Lvory-Wave-Bath-Salt-Online.jpg",600,600,false],"trp-custom-language-flag":["https:\/\/legitgrams.com\/wp-content\/uploads\/2024\/09\/Buy-Lvory-Wave-Bath-Salt-Online-12x12.jpg",12,12,true],"woocommerce_thumbnail":["https:\/\/legitgrams.com\/wp-content\/uploads\/2024\/09\/Buy-Lvory-Wave-Bath-Salt-Online-300x300.jpg",300,300,true],"woocommerce_single":["https:\/\/legitgrams.com\/wp-content\/uploads\/2024\/09\/Buy-Lvory-Wave-Bath-Salt-Online.jpg",600,600,false],"woocommerce_gallery_thumbnail":["https:\/\/legitgrams.com\/wp-content\/uploads\/2024\/09\/Buy-Lvory-Wave-Bath-Salt-Online-100x100.jpg",100,100,true]},"uagb_author_info":{"display_name":"cokeblog18","author_link":"https:\/\/legitgrams.com\/de\/author\/"},"uagb_comment_info":4,"uagb_excerpt":"Ivory Wave Bath Salt: Purchase Online The term &#8220;bath salts,&#8221; or manufactured cathinone, refers to a class of medications that include at least one synthetic cathinone-like molecule produced in a lab. The khat plant, which grows in East Africa and southern Arabia, usually contains an energizer called phthalone. Cathinone shares synthetic similarities with other amphetamines,&hellip;","_links":{"self":[{"href":"https:\/\/legitgrams.com\/de\/wp-json\/wp\/v2\/product\/3914","targetHints":{"allow":["GET"]}}],"collection":[{"href":"https:\/\/legitgrams.com\/de\/wp-json\/wp\/v2\/product"}],"about":[{"href":"https:\/\/legitgrams.com\/de\/wp-json\/wp\/v2\/types\/product"}],"replies":[{"embeddable":true,"href":"https:\/\/legitgrams.com\/de\/wp-json\/wp\/v2\/comments?post=3914"}],"wp:featuredmedia":[{"embeddable":true,"href":"https:\/\/legitgrams.com\/de\/wp-json\/wp\/v2\/media\/5281"}],"wp:attachment":[{"href":"https:\/\/legitgrams.com\/de\/wp-json\/wp\/v2\/media?parent=3914"}],"wp:term":[{"taxonomy":"product_brand","embeddable":true,"href":"https:\/\/legitgrams.com\/de\/wp-json\/wp\/v2\/product_brand?post=3914"},{"taxonomy":"product_cat","embeddable":true,"href":"https:\/\/legitgrams.com\/de\/wp-json\/wp\/v2\/product_cat?post=3914"},{"taxonomy":"product_tag","embeddable":true,"href":"https:\/\/legitgrams.com\/de\/wp-json\/wp\/v2\/product_tag?post=3914"}],"curies":[{"name":"wp","href":"https:\/\/api.w.org\/{rel}","templated":true}]}}