{"id":3921,"date":"2024-09-20T11:26:08","date_gmt":"2024-09-20T11:26:08","guid":{"rendered":"https:\/\/legitgrams.com\/?post_type=product&#038;p=3921"},"modified":"2025-01-15T04:30:10","modified_gmt":"2025-01-15T04:30:10","slug":"r-mmc-pulver","status":"publish","type":"product","link":"https:\/\/legitgrams.com\/de\/produkt\/r-mmc-pulver\/","title":{"rendered":"R-MMC-Pulver"},"content":{"rendered":"<h2>pulverisiertes R-MMC online kaufen.<\/h2>\n<p>Kaufen Sie hochwertige <a href=\"https:\/\/legitgrams.com\/de\/produkt\/r-mmc-pulver\/\">R-MMC-Pulver<\/a> online. Die gew\u00fcnschte Chemikalie ist die erste Wahl im Benutzermen\u00fc. Sie ist in Australien, Nordamerika und Europa weit verbreitet.<\/p>\n<p>Es gibt gen\u00fcgend Forscher, die das Potenzial der chemischen Heilung untersuchen. Die Arzneimittelherstellung umfasst Sammlung und Mikrodialyse. Diese Chemikalien m\u00fcssen von einem Spezialisten angewendet werden. <a href=\"https:\/\/legitgrams.com\/de\/\">LegitGrams<\/a><\/p>\n<p>R-MMC Pulver online kaufen, kaufen <a href=\"https:\/\/en.wikipedia.org\/wiki\/Metal_matrix_composite\">R-MMC-Pulver<\/a> in den USA, R-MMC-Pulver online in den USA kaufen, Standorte f\u00fcr den Kauf von R-MMC-Pulver, R-MMC-Pulver-Verk\u00e4ufe, R-MMC-Pulver zum Verkauf in der Region, R-MMC-Pulver-Online-Verk\u00e4ufe in der Region, Wo kann man R-MMC-Pulver online kaufen, Lieferanten von R-MMC-Pulver in den USA, sicherer Versand, Online-Kauf, Es ist weiterhin m\u00f6glich, R-MMC-Pulver, das in den USA legal ist, online zu beziehen; Sie k\u00f6nnen es bestellen; und es ist in Kanada legal.<\/p>\n<h2><\/h2>\n<p>&nbsp;<\/p>","protected":false},"excerpt":{"rendered":"<p>Purchase powdered R-MMC online. Purchase high-quality R-MMC powder online. The desired chemical is the top choice on the user menu. It is widespread in Australia, North America, and Europe. Enough researchers are available to investigate the potential for chemical healing. Drug preparation entails collection and microdialysis. These chemicals must be applied by a specialist. LegitGrams &hellip;<\/p>\n<p class=\"read-more\"> <a class=\"\" href=\"https:\/\/legitgrams.com\/de\/produkt\/r-mmc-pulver\/\"> <span class=\"screen-reader-text\">R-MMC-Pulver<\/span> Mehr lesen \"<\/a><\/p>","protected":false},"featured_media":5312,"comment_status":"open","ping_status":"closed","template":"","meta":{"_uag_custom_page_level_css":"","site-sidebar-layout":"default","site-content-layout":"default","ast-global-header-display":"","ast-main-header-display":"","ast-hfb-above-header-display":"","ast-hfb-below-header-display":"","ast-hfb-mobile-header-display":"","site-post-title":"","ast-breadcrumbs-content":"","ast-featured-img":"","footer-sml-layout":"","theme-transparent-header-meta":"default","adv-header-id-meta":"","stick-header-meta":"default","header-above-stick-meta":"","header-main-stick-meta":"","header-below-stick-meta":"","_joinchat":[]},"product_brand":[],"product_cat":[600],"product_tag":[3820,3810,617,3802,3817,3814,3809,3807,3819,3801,3804,3812,3803,3813,3805,3815,3822,3823,3821,3818,3816,625,3808,3811,3806],"class_list":{"0":"post-3921","1":"product","2":"type-product","3":"status-publish","4":"has-post-thumbnail","6":"product_cat-research-chemicals-and-bath-salt","7":"product_tag-best-cheap-price-r-mmc-powder","8":"product_tag-best-place-to-buy-r-mmc-powder","9":"product_tag-bulk-online","10":"product_tag-buy-r-mmc-powder","11":"product_tag-cheap-r-mmc-powder","12":"product_tag-high-quality-r-mmc-powder","13":"product_tag-how-to-buy-r-mmc-powder","14":"product_tag-order-r-mmc-powder","15":"product_tag-purcharse-r-mmc-powder","16":"product_tag-r-mmc-powder","17":"product_tag-r-mmc-powder-for-sale","18":"product_tag-r-mmc-powder-legally","19":"product_tag-r-mmc-powder-online","20":"product_tag-r-mmc-powder-price","21":"product_tag-r-mmc-powder-r-mmc-powder-supplier","22":"product_tag-r-mmc-powder-store","23":"product_tag-r-mmc-powder-use","24":"product_tag-r-mmc-powder-wiki","25":"product_tag-r-mmc-powder-worldwide","26":"product_tag-r-mmc-powders","27":"product_tag-shop-r-mmc-powder","28":"product_tag-top-quality","29":"product_tag-where-to-buy-r-mmc-powder","30":"product_tag-where-to-order-r-mmc-powder","31":"product_tag-wholesale-r-mmc-powder","32":"desktop-align-left","33":"tablet-align-left","34":"mobile-align-left","35":"ast-product-gallery-layout-horizontal","36":"ast-product-gallery-with-no-image","37":"ast-product-single-variable","38":"ast-product-tabs-layout-horizontal","39":"ast-qv-on-image","41":"first","42":"instock","43":"shipping-taxable","44":"purchasable","45":"product-type-variable"},"yoast_head":"<!-- This site is optimized with the Yoast SEO plugin v25.9 - https:\/\/yoast.com\/wordpress\/plugins\/seo\/ -->\n<title>R-MMC Powder for Sale - Buy R-MMC Powder Online | LegitGrams<\/title>\n<meta name=\"description\" content=\"Looking to buy r-mmc powder online? Discover a seamless platform at our online store where you can buy r-mmc powder, ensuring top-grade quality for your research needs.\" \/>\n<meta name=\"robots\" content=\"index, follow, max-snippet:-1, max-image-preview:large, max-video-preview:-1\" \/>\n<link rel=\"canonical\" href=\"https:\/\/legitgrams.com\/de\/produkt\/r-mmc-pulver\/\" \/>\n<meta property=\"og:locale\" content=\"de_DE\" \/>\n<meta property=\"og:type\" content=\"article\" \/>\n<meta property=\"og:title\" content=\"R-MMC Powder for Sale - Buy R-MMC Powder Online | LegitGrams\" \/>\n<meta property=\"og:description\" content=\"Looking to buy r-mmc powder online? Discover a seamless platform at our online store where you can buy r-mmc powder, ensuring top-grade quality for your research needs.\" \/>\n<meta property=\"og:url\" content=\"https:\/\/legitgrams.com\/de\/produkt\/r-mmc-pulver\/\" \/>\n<meta property=\"og:site_name\" content=\"Legit Grams\" \/>\n<meta property=\"article:modified_time\" content=\"2025-01-15T04:30:10+00:00\" \/>\n<meta property=\"og:image\" content=\"https:\/\/legitgrams.com\/wp-content\/uploads\/2024\/09\/buy-r-mmc-powder-online.jpg\" \/>\n\t<meta property=\"og:image:width\" content=\"600\" \/>\n\t<meta property=\"og:image:height\" content=\"600\" \/>\n\t<meta property=\"og:image:type\" content=\"image\/jpeg\" \/>\n<meta name=\"twitter:card\" content=\"summary_large_image\" \/>\n<meta name=\"twitter:label1\" content=\"Gesch\u00e4tzte Lesezeit\" \/>\n\t<meta name=\"twitter:data1\" content=\"1\u00a0Minute\" \/>\n<script type=\"application\/ld+json\" class=\"yoast-schema-graph\">{\"@context\":\"https:\/\/schema.org\",\"@graph\":[{\"@type\":\"WebPage\",\"@id\":\"https:\/\/legitgrams.com\/product\/r-mmc-powder\/\",\"url\":\"https:\/\/legitgrams.com\/product\/r-mmc-powder\/\",\"name\":\"R-MMC Powder for Sale - Buy R-MMC Powder Online | LegitGrams\",\"isPartOf\":{\"@id\":\"https:\/\/legitgrams.com\/#website\"},\"primaryImageOfPage\":{\"@id\":\"https:\/\/legitgrams.com\/product\/r-mmc-powder\/#primaryimage\"},\"image\":{\"@id\":\"https:\/\/legitgrams.com\/product\/r-mmc-powder\/#primaryimage\"},\"thumbnailUrl\":\"https:\/\/legitgrams.com\/wp-content\/uploads\/2024\/09\/buy-r-mmc-powder-online.jpg\",\"datePublished\":\"2024-09-20T11:26:08+00:00\",\"dateModified\":\"2025-01-15T04:30:10+00:00\",\"description\":\"Looking to buy r-mmc powder online? Discover a seamless platform at our online store where you can buy r-mmc powder, ensuring top-grade quality for your research needs.\",\"breadcrumb\":{\"@id\":\"https:\/\/legitgrams.com\/product\/r-mmc-powder\/#breadcrumb\"},\"inLanguage\":\"de\",\"potentialAction\":[{\"@type\":\"ReadAction\",\"target\":[\"https:\/\/legitgrams.com\/product\/r-mmc-powder\/\"]}]},{\"@type\":\"ImageObject\",\"inLanguage\":\"de\",\"@id\":\"https:\/\/legitgrams.com\/product\/r-mmc-powder\/#primaryimage\",\"url\":\"https:\/\/legitgrams.com\/wp-content\/uploads\/2024\/09\/buy-r-mmc-powder-online.jpg\",\"contentUrl\":\"https:\/\/legitgrams.com\/wp-content\/uploads\/2024\/09\/buy-r-mmc-powder-online.jpg\",\"width\":600,\"height\":600,\"caption\":\"R-MMC Powder for Sale\"},{\"@type\":\"BreadcrumbList\",\"@id\":\"https:\/\/legitgrams.com\/product\/r-mmc-powder\/#breadcrumb\",\"itemListElement\":[{\"@type\":\"ListItem\",\"position\":1,\"name\":\"Home\",\"item\":\"https:\/\/legitgrams.com\/\"},{\"@type\":\"ListItem\",\"position\":2,\"name\":\"Shop\",\"item\":\"https:\/\/legitgrams.com\/shop\/\"},{\"@type\":\"ListItem\",\"position\":3,\"name\":\"R-MMC powder\"}]},{\"@type\":\"WebSite\",\"@id\":\"https:\/\/legitgrams.com\/#website\",\"url\":\"https:\/\/legitgrams.com\/\",\"name\":\"Legit Grams\",\"description\":\"My WordPress Blog\",\"publisher\":{\"@id\":\"https:\/\/legitgrams.com\/#organization\"},\"potentialAction\":[{\"@type\":\"SearchAction\",\"target\":{\"@type\":\"EntryPoint\",\"urlTemplate\":\"https:\/\/legitgrams.com\/?s={search_term_string}\"},\"query-input\":{\"@type\":\"PropertyValueSpecification\",\"valueRequired\":true,\"valueName\":\"search_term_string\"}}],\"inLanguage\":\"de\"},{\"@type\":\"Organization\",\"@id\":\"https:\/\/legitgrams.com\/#organization\",\"name\":\"Legit Grams\",\"url\":\"https:\/\/legitgrams.com\/\",\"logo\":{\"@type\":\"ImageObject\",\"inLanguage\":\"de\",\"@id\":\"https:\/\/legitgrams.com\/#\/schema\/logo\/image\/\",\"url\":\"https:\/\/legitgrams.com\/wp-content\/uploads\/2024\/09\/main-logo.png\",\"contentUrl\":\"https:\/\/legitgrams.com\/wp-content\/uploads\/2024\/09\/main-logo.png\",\"width\":270,\"height\":75,\"caption\":\"Legit Grams\"},\"image\":{\"@id\":\"https:\/\/legitgrams.com\/#\/schema\/logo\/image\/\"}}]}<\/script>\n<!-- \/ Yoast SEO plugin. -->","yoast_head_json":{"title":"R-MMC-Pulver zu verkaufen - R-MMC-Pulver online kaufen | LegitGrams","description":"Sie m\u00f6chten r-mmc-Pulver online kaufen? Entdecken Sie in unserem Online-Shop eine nahtlose Plattform, auf der Sie r-mmc-Pulver kaufen k\u00f6nnen, und sichern Sie sich die beste Qualit\u00e4t f\u00fcr Ihren Forschungsbedarf.","robots":{"index":"index","follow":"follow","max-snippet":"max-snippet:-1","max-image-preview":"max-image-preview:large","max-video-preview":"max-video-preview:-1"},"canonical":"https:\/\/legitgrams.com\/de\/produkt\/r-mmc-pulver\/","og_locale":"de_DE","og_type":"article","og_title":"R-MMC Powder for Sale - Buy R-MMC Powder Online | LegitGrams","og_description":"Looking to buy r-mmc powder online? Discover a seamless platform at our online store where you can buy r-mmc powder, ensuring top-grade quality for your research needs.","og_url":"https:\/\/legitgrams.com\/de\/produkt\/r-mmc-pulver\/","og_site_name":"Legit Grams","article_modified_time":"2025-01-15T04:30:10+00:00","og_image":[{"width":600,"height":600,"url":"https:\/\/legitgrams.com\/wp-content\/uploads\/2024\/09\/buy-r-mmc-powder-online.jpg","type":"image\/jpeg"}],"twitter_card":"summary_large_image","twitter_misc":{"Gesch\u00e4tzte Lesezeit":"1\u00a0Minute"},"schema":{"@context":"https:\/\/schema.org","@graph":[{"@type":"WebPage","@id":"https:\/\/legitgrams.com\/product\/r-mmc-powder\/","url":"https:\/\/legitgrams.com\/product\/r-mmc-powder\/","name":"R-MMC-Pulver zu verkaufen - R-MMC-Pulver online kaufen | LegitGrams","isPartOf":{"@id":"https:\/\/legitgrams.com\/#website"},"primaryImageOfPage":{"@id":"https:\/\/legitgrams.com\/product\/r-mmc-powder\/#primaryimage"},"image":{"@id":"https:\/\/legitgrams.com\/product\/r-mmc-powder\/#primaryimage"},"thumbnailUrl":"https:\/\/legitgrams.com\/wp-content\/uploads\/2024\/09\/buy-r-mmc-powder-online.jpg","datePublished":"2024-09-20T11:26:08+00:00","dateModified":"2025-01-15T04:30:10+00:00","description":"Sie m\u00f6chten r-mmc-Pulver online kaufen? Entdecken Sie in unserem Online-Shop eine nahtlose Plattform, auf der Sie r-mmc-Pulver kaufen k\u00f6nnen, und sichern Sie sich die beste Qualit\u00e4t f\u00fcr Ihren Forschungsbedarf.","breadcrumb":{"@id":"https:\/\/legitgrams.com\/product\/r-mmc-powder\/#breadcrumb"},"inLanguage":"de","potentialAction":[{"@type":"ReadAction","target":["https:\/\/legitgrams.com\/product\/r-mmc-powder\/"]}]},{"@type":"ImageObject","inLanguage":"de","@id":"https:\/\/legitgrams.com\/product\/r-mmc-powder\/#primaryimage","url":"https:\/\/legitgrams.com\/wp-content\/uploads\/2024\/09\/buy-r-mmc-powder-online.jpg","contentUrl":"https:\/\/legitgrams.com\/wp-content\/uploads\/2024\/09\/buy-r-mmc-powder-online.jpg","width":600,"height":600,"caption":"R-MMC Powder for Sale"},{"@type":"BreadcrumbList","@id":"https:\/\/legitgrams.com\/product\/r-mmc-powder\/#breadcrumb","itemListElement":[{"@type":"ListItem","position":1,"name":"Home","item":"https:\/\/legitgrams.com\/"},{"@type":"ListItem","position":2,"name":"Shop","item":"https:\/\/legitgrams.com\/shop\/"},{"@type":"ListItem","position":3,"name":"R-MMC powder"}]},{"@type":"WebSite","@id":"https:\/\/legitgrams.com\/#website","url":"https:\/\/legitgrams.com\/","name":"Legitimer Grammwert","description":"Mein WordPress-Blog","publisher":{"@id":"https:\/\/legitgrams.com\/#organization"},"potentialAction":[{"@type":"SearchAction","target":{"@type":"EntryPoint","urlTemplate":"https:\/\/legitgrams.com\/?s={search_term_string}"},"query-input":{"@type":"PropertyValueSpecification","valueRequired":true,"valueName":"search_term_string"}}],"inLanguage":"de"},{"@type":"Organization","@id":"https:\/\/legitgrams.com\/#organization","name":"Legitimer Grammwert","url":"https:\/\/legitgrams.com\/","logo":{"@type":"ImageObject","inLanguage":"de","@id":"https:\/\/legitgrams.com\/#\/schema\/logo\/image\/","url":"https:\/\/legitgrams.com\/wp-content\/uploads\/2024\/09\/main-logo.png","contentUrl":"https:\/\/legitgrams.com\/wp-content\/uploads\/2024\/09\/main-logo.png","width":270,"height":75,"caption":"Legit Grams"},"image":{"@id":"https:\/\/legitgrams.com\/#\/schema\/logo\/image\/"}}]}},"uagb_featured_image_src":{"full":["https:\/\/legitgrams.com\/wp-content\/uploads\/2024\/09\/buy-r-mmc-powder-online.jpg",600,600,false],"thumbnail":["https:\/\/legitgrams.com\/wp-content\/uploads\/2024\/09\/buy-r-mmc-powder-online-150x150.jpg",150,150,true],"medium":["https:\/\/legitgrams.com\/wp-content\/uploads\/2024\/09\/buy-r-mmc-powder-online-300x300.jpg",300,300,true],"medium_large":["https:\/\/legitgrams.com\/wp-content\/uploads\/2024\/09\/buy-r-mmc-powder-online.jpg",600,600,false],"large":["https:\/\/legitgrams.com\/wp-content\/uploads\/2024\/09\/buy-r-mmc-powder-online.jpg",600,600,false],"1536x1536":["https:\/\/legitgrams.com\/wp-content\/uploads\/2024\/09\/buy-r-mmc-powder-online.jpg",600,600,false],"2048x2048":["https:\/\/legitgrams.com\/wp-content\/uploads\/2024\/09\/buy-r-mmc-powder-online.jpg",600,600,false],"trp-custom-language-flag":["https:\/\/legitgrams.com\/wp-content\/uploads\/2024\/09\/buy-r-mmc-powder-online-12x12.jpg",12,12,true],"woocommerce_thumbnail":["https:\/\/legitgrams.com\/wp-content\/uploads\/2024\/09\/buy-r-mmc-powder-online-300x300.jpg",300,300,true],"woocommerce_single":["https:\/\/legitgrams.com\/wp-content\/uploads\/2024\/09\/buy-r-mmc-powder-online.jpg",600,600,false],"woocommerce_gallery_thumbnail":["https:\/\/legitgrams.com\/wp-content\/uploads\/2024\/09\/buy-r-mmc-powder-online-100x100.jpg",100,100,true]},"uagb_author_info":{"display_name":"cokeblog18","author_link":"https:\/\/legitgrams.com\/de\/author\/"},"uagb_comment_info":0,"uagb_excerpt":"Purchase powdered R-MMC online. Purchase high-quality R-MMC powder online. The desired chemical is the top choice on the user menu. It is widespread in Australia, North America, and Europe. Enough researchers are available to investigate the potential for chemical healing. Drug preparation entails collection and microdialysis. These chemicals must be applied by a specialist. LegitGrams&hellip;","_links":{"self":[{"href":"https:\/\/legitgrams.com\/de\/wp-json\/wp\/v2\/product\/3921","targetHints":{"allow":["GET"]}}],"collection":[{"href":"https:\/\/legitgrams.com\/de\/wp-json\/wp\/v2\/product"}],"about":[{"href":"https:\/\/legitgrams.com\/de\/wp-json\/wp\/v2\/types\/product"}],"replies":[{"embeddable":true,"href":"https:\/\/legitgrams.com\/de\/wp-json\/wp\/v2\/comments?post=3921"}],"wp:featuredmedia":[{"embeddable":true,"href":"https:\/\/legitgrams.com\/de\/wp-json\/wp\/v2\/media\/5312"}],"wp:attachment":[{"href":"https:\/\/legitgrams.com\/de\/wp-json\/wp\/v2\/media?parent=3921"}],"wp:term":[{"taxonomy":"product_brand","embeddable":true,"href":"https:\/\/legitgrams.com\/de\/wp-json\/wp\/v2\/product_brand?post=3921"},{"taxonomy":"product_cat","embeddable":true,"href":"https:\/\/legitgrams.com\/de\/wp-json\/wp\/v2\/product_cat?post=3921"},{"taxonomy":"product_tag","embeddable":true,"href":"https:\/\/legitgrams.com\/de\/wp-json\/wp\/v2\/product_tag?post=3921"}],"curies":[{"name":"wp","href":"https:\/\/api.w.org\/{rel}","templated":true}]}}