{"id":3927,"date":"2024-09-20T11:31:44","date_gmt":"2024-09-20T11:31:44","guid":{"rendered":"https:\/\/legitgrams.com\/?post_type=product&#038;p=3927"},"modified":"2025-01-14T05:04:05","modified_gmt":"2025-01-14T05:04:05","slug":"flubromazepam-4mg-tabletten","status":"publish","type":"product","link":"https:\/\/legitgrams.com\/de\/produkt\/flubromazepam-4mg-tabletten\/","title":{"rendered":"Flubromazepam 4mg Tabletten"},"content":{"rendered":"<h2>4 mg Flubromazepam-Pellets online kaufen.<br \/>\nWie wird Flubromazepam verabreicht?<\/h2>\n<p>Seit seiner Gr\u00fcndung im Jahr 1960 <a href=\"https:\/\/legitgrams.com\/de\/produkt\/flubromazepam-4mg-tabletten\/\">Flubromazepam<\/a>, ein Benzodiazepin-Derivat, wird verwendet. Es wurde nie als Medikament verkauft und blieb bis 2012 unbeachtet, als es als Pr\u00fcfpr\u00e4parat auf den Markt kam. Die Formel f\u00fcr Flubromazepam wurde nur einmal ge\u00e4ndert, obwohl sie fast identisch mit der von Phenazepam ist, einem anderen urspr\u00fcnglichen Benzodiazepin, das von Pharmaunternehmen in einer Reihe von L\u00e4ndern beworben wurde.<\/p>\n<p>Wie Xanax oder Valium, <a href=\"https:\/\/en.wikipedia.org\/wiki\/Flubromazepam\">Flubromazepam<\/a> wird derzeit auf seine Eigenschaften und sein Potenzial als Narkotikum oder Schmerzmittel untersucht.<\/p>\n<p>Obwohl Benzodiazepine h\u00e4ufig als Beruhigungsmittel verschrieben werden, werden sie haupts\u00e4chlich im Rahmen von Studien zu Forschungszwecken und Tests eingesetzt. Flubromazepam, ein Benzodiazepin-Derivat, hat seit seiner Einf\u00fchrung als neuartiges Medikament im Jahr 2012 gro\u00dfes Interesse in der wissenschaftlichen Gemeinschaft geweckt. Es ist nichts anderes als Phenazepam, bei dem das Chlormolek\u00fcl durch ein Fluormolek\u00fcl ersetzt wurde. Es wurde erstmals im Jahr 1960 hergestellt und ist offiziell als 7-Brom-5-(2-fluorphenyl)-1,3-dihydro-1,4-benzodiazepin-2-on bekannt. Der Name Flubromazepam leitet sich vom Ersatz von Fluor und Brom in seiner Benzodiazepin-Kernstruktur ab. Seit seiner Einf\u00fchrung als neuartiges Medikament im Jahr 2012 hat das Benzodiazepin-Derivat Flubromazepam gro\u00dfes Interesse in der wissenschaftlichen Gemeinschaft geweckt.<\/p>\n<p>Es handelt sich lediglich um Phenazepam, bei dem das Chlormolek\u00fcl durch ein Fluorpartikel ersetzt wurde. <a href=\"https:\/\/legitgrams.com\/de\/\">LegitGrams<\/a><\/p>\n<p>Flubromazepam wird derzeit auf seine Eigenschaften und seinen Wert als Narkotikum oder Schmerzmittel untersucht, vergleichbar mit dem Online-Kauf von Kokain bei LegitGrams: Verlassen Sie sich auf h\u00f6chste Qualit\u00e4t und Service<\/p>\n<p>Sie k\u00f6nnen sich beim Online-Kauf von Kokain auf die unvergleichliche Qualit\u00e4t und Exzellenz von LegitGrams verlassen. Als f\u00fchrender Anbieter von Fischschuppen-Kokain zeichnen wir uns durch unser Engagement f\u00fcr Wirksamkeit, Reinheit und Kundenzufriedenheit aus. Erleben Sie den Unterschied noch heute mit LegitGrams<\/p>\n<p>Valium oder Xanax. Wie Xanax oder Valium wird Flubromazepam derzeit auf seine Eigenschaften und sein Potenzial als Narkotikum oder Schmerzmittel untersucht.<\/p>\n<p>4 mg Pellets Flubromazepam online kaufen. Wir m\u00fcssen auch online aufteilen.<\/p>","protected":false},"excerpt":{"rendered":"<p>Purchase 4 mg Flubromazepam Pellets online. How is flubromazepam administered? Since its creation in 1960, flubromazepam, a benzodiazepine derivative, has been in use. It was never sold as a medicine, and it was ignored until 2012, when it started to be sold as an exam drug. The formula for flubromazepam has only been altered once, &hellip;<\/p>\n<p class=\"read-more\"> <a class=\"\" href=\"https:\/\/legitgrams.com\/de\/produkt\/flubromazepam-4mg-tabletten\/\"> <span class=\"screen-reader-text\">Flubromazepam 4mg Tabletten<\/span> Mehr lesen \"<\/a><\/p>","protected":false},"featured_media":5278,"comment_status":"open","ping_status":"closed","template":"","meta":{"_uag_custom_page_level_css":"","site-sidebar-layout":"default","site-content-layout":"default","ast-global-header-display":"","ast-main-header-display":"","ast-hfb-above-header-display":"","ast-hfb-below-header-display":"","ast-hfb-mobile-header-display":"","site-post-title":"","ast-breadcrumbs-content":"","ast-featured-img":"","footer-sml-layout":"","theme-transparent-header-meta":"default","adv-header-id-meta":"","stick-header-meta":"default","header-above-stick-meta":"","header-main-stick-meta":"","header-below-stick-meta":"","_joinchat":[]},"product_brand":[],"product_cat":[600],"product_tag":[3797,3787,617,3779,3794,3778,3782,3781,3789,3780,3790,3792,3799,3800,3798,3795,3791,3786,3784,3796,3793,625,3785,3788,3783],"class_list":{"0":"post-3927","1":"product","2":"type-product","3":"status-publish","4":"has-post-thumbnail","6":"product_cat-research-chemicals-and-bath-salt","7":"product_tag-best-cheap-price-flubromazepam-4mg-pellets","8":"product_tag-best-place-to-buy-flubromazepam-4mg-pellets","9":"product_tag-bulk-online","10":"product_tag-buy-flubromazepam-4mg-pellets","11":"product_tag-cheap-flubromazepam-4mg-pellets","12":"product_tag-flubromazepam-4mg-pellets","13":"product_tag-flubromazepam-4mg-pellets-flubromazepam-4mg-pellets-supplier","14":"product_tag-flubromazepam-4mg-pellets-for-sale","15":"product_tag-flubromazepam-4mg-pellets-legally","16":"product_tag-flubromazepam-4mg-pellets-online","17":"product_tag-flubromazepam-4mg-pellets-price","18":"product_tag-flubromazepam-4mg-pellets-store","19":"product_tag-flubromazepam-4mg-pellets-use","20":"product_tag-flubromazepam-4mg-pellets-wiki","21":"product_tag-flubromazepam-4mg-pellets-worldwide","22":"product_tag-flubromazepam-4mg-pelletss","23":"product_tag-high-quality-flubromazepam-4mg-pellets","24":"product_tag-how-to-buy-flubromazepam-4mg-pellets","25":"product_tag-order-flubromazepam-4mg-pellets","26":"product_tag-purcharse-flubromazepam-4mg-pellets","27":"product_tag-shop-flubromazepam-4mg-pellets","28":"product_tag-top-quality","29":"product_tag-where-to-buy-flubromazepam-4mg-pellets","30":"product_tag-where-to-order-flubromazepam-4mg-pellets","31":"product_tag-wholesale-flubromazepam-4mg-pellets","32":"desktop-align-left","33":"tablet-align-left","34":"mobile-align-left","35":"ast-product-gallery-layout-horizontal","36":"ast-product-gallery-with-no-image","37":"ast-product-single-variable","38":"ast-product-tabs-layout-horizontal","39":"ast-qv-on-image","41":"first","42":"instock","43":"shipping-taxable","44":"purchasable","45":"product-type-variable"},"yoast_head":"<!-- This site is optimized with the Yoast SEO plugin v25.9 - https:\/\/yoast.com\/wordpress\/plugins\/seo\/ -->\n<title>Flubromazepam 4mg Pellets for Sale - Buy Flubromazepam Online<\/title>\n<meta name=\"description\" content=\"Legitgrams is the best place to buy Flubromazepam 4mg Pellets online. We are available with Flubromazepam 4mg Pellets for sale at the best prices. Get the best price with amazing deals book your order now!\" \/>\n<meta name=\"robots\" content=\"index, follow, max-snippet:-1, max-image-preview:large, max-video-preview:-1\" \/>\n<link rel=\"canonical\" href=\"https:\/\/legitgrams.com\/de\/produkt\/flubromazepam-4mg-tabletten\/\" \/>\n<meta property=\"og:locale\" content=\"de_DE\" \/>\n<meta property=\"og:type\" content=\"article\" \/>\n<meta property=\"og:title\" content=\"Flubromazepam 4mg Pellets for Sale - Buy Flubromazepam Online\" \/>\n<meta property=\"og:description\" content=\"Legitgrams is the best place to buy Flubromazepam 4mg Pellets online. We are available with Flubromazepam 4mg Pellets for sale at the best prices. Get the best price with amazing deals book your order now!\" \/>\n<meta property=\"og:url\" content=\"https:\/\/legitgrams.com\/de\/produkt\/flubromazepam-4mg-tabletten\/\" \/>\n<meta property=\"og:site_name\" content=\"Legit Grams\" \/>\n<meta property=\"article:modified_time\" content=\"2025-01-14T05:04:05+00:00\" \/>\n<meta property=\"og:image\" content=\"https:\/\/legitgrams.com\/wp-content\/uploads\/2024\/09\/Buy-Flubromazepam-4mg-Pellets-online.jpg\" \/>\n\t<meta property=\"og:image:width\" content=\"600\" \/>\n\t<meta property=\"og:image:height\" content=\"600\" \/>\n\t<meta property=\"og:image:type\" content=\"image\/jpeg\" \/>\n<meta name=\"twitter:card\" content=\"summary_large_image\" \/>\n<meta name=\"twitter:label1\" content=\"Gesch\u00e4tzte Lesezeit\" \/>\n\t<meta name=\"twitter:data1\" content=\"2\u00a0Minuten\" \/>\n<script type=\"application\/ld+json\" class=\"yoast-schema-graph\">{\"@context\":\"https:\/\/schema.org\",\"@graph\":[{\"@type\":\"WebPage\",\"@id\":\"https:\/\/legitgrams.com\/product\/flubromazepam-4mg-pellets\/\",\"url\":\"https:\/\/legitgrams.com\/product\/flubromazepam-4mg-pellets\/\",\"name\":\"Flubromazepam 4mg Pellets for Sale - Buy Flubromazepam Online\",\"isPartOf\":{\"@id\":\"https:\/\/legitgrams.com\/#website\"},\"primaryImageOfPage\":{\"@id\":\"https:\/\/legitgrams.com\/product\/flubromazepam-4mg-pellets\/#primaryimage\"},\"image\":{\"@id\":\"https:\/\/legitgrams.com\/product\/flubromazepam-4mg-pellets\/#primaryimage\"},\"thumbnailUrl\":\"https:\/\/legitgrams.com\/wp-content\/uploads\/2024\/09\/Buy-Flubromazepam-4mg-Pellets-online.jpg\",\"datePublished\":\"2024-09-20T11:31:44+00:00\",\"dateModified\":\"2025-01-14T05:04:05+00:00\",\"description\":\"Legitgrams is the best place to buy Flubromazepam 4mg Pellets online. We are available with Flubromazepam 4mg Pellets for sale at the best prices. Get the best price with amazing deals book your order now!\",\"breadcrumb\":{\"@id\":\"https:\/\/legitgrams.com\/product\/flubromazepam-4mg-pellets\/#breadcrumb\"},\"inLanguage\":\"de\",\"potentialAction\":[{\"@type\":\"ReadAction\",\"target\":[\"https:\/\/legitgrams.com\/product\/flubromazepam-4mg-pellets\/\"]}]},{\"@type\":\"ImageObject\",\"inLanguage\":\"de\",\"@id\":\"https:\/\/legitgrams.com\/product\/flubromazepam-4mg-pellets\/#primaryimage\",\"url\":\"https:\/\/legitgrams.com\/wp-content\/uploads\/2024\/09\/Buy-Flubromazepam-4mg-Pellets-online.jpg\",\"contentUrl\":\"https:\/\/legitgrams.com\/wp-content\/uploads\/2024\/09\/Buy-Flubromazepam-4mg-Pellets-online.jpg\",\"width\":600,\"height\":600,\"caption\":\"Flubromazepam 4mg Pellets for Sale\"},{\"@type\":\"BreadcrumbList\",\"@id\":\"https:\/\/legitgrams.com\/product\/flubromazepam-4mg-pellets\/#breadcrumb\",\"itemListElement\":[{\"@type\":\"ListItem\",\"position\":1,\"name\":\"Home\",\"item\":\"https:\/\/legitgrams.com\/\"},{\"@type\":\"ListItem\",\"position\":2,\"name\":\"Shop\",\"item\":\"https:\/\/legitgrams.com\/shop\/\"},{\"@type\":\"ListItem\",\"position\":3,\"name\":\"Flubromazepam 4mg Pellets\"}]},{\"@type\":\"WebSite\",\"@id\":\"https:\/\/legitgrams.com\/#website\",\"url\":\"https:\/\/legitgrams.com\/\",\"name\":\"Legit Grams\",\"description\":\"My WordPress Blog\",\"publisher\":{\"@id\":\"https:\/\/legitgrams.com\/#organization\"},\"potentialAction\":[{\"@type\":\"SearchAction\",\"target\":{\"@type\":\"EntryPoint\",\"urlTemplate\":\"https:\/\/legitgrams.com\/?s={search_term_string}\"},\"query-input\":{\"@type\":\"PropertyValueSpecification\",\"valueRequired\":true,\"valueName\":\"search_term_string\"}}],\"inLanguage\":\"de\"},{\"@type\":\"Organization\",\"@id\":\"https:\/\/legitgrams.com\/#organization\",\"name\":\"Legit Grams\",\"url\":\"https:\/\/legitgrams.com\/\",\"logo\":{\"@type\":\"ImageObject\",\"inLanguage\":\"de\",\"@id\":\"https:\/\/legitgrams.com\/#\/schema\/logo\/image\/\",\"url\":\"https:\/\/legitgrams.com\/wp-content\/uploads\/2024\/09\/main-logo.png\",\"contentUrl\":\"https:\/\/legitgrams.com\/wp-content\/uploads\/2024\/09\/main-logo.png\",\"width\":270,\"height\":75,\"caption\":\"Legit Grams\"},\"image\":{\"@id\":\"https:\/\/legitgrams.com\/#\/schema\/logo\/image\/\"}}]}<\/script>\n<!-- \/ Yoast SEO plugin. -->","yoast_head_json":{"title":"Flubromazepam 4mg Pellets zu verkaufen - Kaufen Sie Flubromazepam Online","description":"Legitgrams ist der beste Ort, um Flubromazepam 4mg Pellets online zu kaufen. Wir sind mit Flubromazepam 4mg Pellets zum Verkauf zu den besten Preisen zur Verf\u00fcgung. Holen Sie sich den besten Preis mit erstaunlichen Angeboten buchen Sie Ihre Bestellung jetzt!","robots":{"index":"index","follow":"follow","max-snippet":"max-snippet:-1","max-image-preview":"max-image-preview:large","max-video-preview":"max-video-preview:-1"},"canonical":"https:\/\/legitgrams.com\/de\/produkt\/flubromazepam-4mg-tabletten\/","og_locale":"de_DE","og_type":"article","og_title":"Flubromazepam 4mg Pellets for Sale - Buy Flubromazepam Online","og_description":"Legitgrams is the best place to buy Flubromazepam 4mg Pellets online. We are available with Flubromazepam 4mg Pellets for sale at the best prices. Get the best price with amazing deals book your order now!","og_url":"https:\/\/legitgrams.com\/de\/produkt\/flubromazepam-4mg-tabletten\/","og_site_name":"Legit Grams","article_modified_time":"2025-01-14T05:04:05+00:00","og_image":[{"width":600,"height":600,"url":"https:\/\/legitgrams.com\/wp-content\/uploads\/2024\/09\/Buy-Flubromazepam-4mg-Pellets-online.jpg","type":"image\/jpeg"}],"twitter_card":"summary_large_image","twitter_misc":{"Gesch\u00e4tzte Lesezeit":"2\u00a0Minuten"},"schema":{"@context":"https:\/\/schema.org","@graph":[{"@type":"WebPage","@id":"https:\/\/legitgrams.com\/product\/flubromazepam-4mg-pellets\/","url":"https:\/\/legitgrams.com\/product\/flubromazepam-4mg-pellets\/","name":"Flubromazepam 4mg Pellets zu verkaufen - Kaufen Sie Flubromazepam Online","isPartOf":{"@id":"https:\/\/legitgrams.com\/#website"},"primaryImageOfPage":{"@id":"https:\/\/legitgrams.com\/product\/flubromazepam-4mg-pellets\/#primaryimage"},"image":{"@id":"https:\/\/legitgrams.com\/product\/flubromazepam-4mg-pellets\/#primaryimage"},"thumbnailUrl":"https:\/\/legitgrams.com\/wp-content\/uploads\/2024\/09\/Buy-Flubromazepam-4mg-Pellets-online.jpg","datePublished":"2024-09-20T11:31:44+00:00","dateModified":"2025-01-14T05:04:05+00:00","description":"Legitgrams ist der beste Ort, um Flubromazepam 4mg Pellets online zu kaufen. Wir sind mit Flubromazepam 4mg Pellets zum Verkauf zu den besten Preisen zur Verf\u00fcgung. Holen Sie sich den besten Preis mit erstaunlichen Angeboten buchen Sie Ihre Bestellung jetzt!","breadcrumb":{"@id":"https:\/\/legitgrams.com\/product\/flubromazepam-4mg-pellets\/#breadcrumb"},"inLanguage":"de","potentialAction":[{"@type":"ReadAction","target":["https:\/\/legitgrams.com\/product\/flubromazepam-4mg-pellets\/"]}]},{"@type":"ImageObject","inLanguage":"de","@id":"https:\/\/legitgrams.com\/product\/flubromazepam-4mg-pellets\/#primaryimage","url":"https:\/\/legitgrams.com\/wp-content\/uploads\/2024\/09\/Buy-Flubromazepam-4mg-Pellets-online.jpg","contentUrl":"https:\/\/legitgrams.com\/wp-content\/uploads\/2024\/09\/Buy-Flubromazepam-4mg-Pellets-online.jpg","width":600,"height":600,"caption":"Flubromazepam 4mg Pellets for Sale"},{"@type":"BreadcrumbList","@id":"https:\/\/legitgrams.com\/product\/flubromazepam-4mg-pellets\/#breadcrumb","itemListElement":[{"@type":"ListItem","position":1,"name":"Home","item":"https:\/\/legitgrams.com\/"},{"@type":"ListItem","position":2,"name":"Shop","item":"https:\/\/legitgrams.com\/shop\/"},{"@type":"ListItem","position":3,"name":"Flubromazepam 4mg Pellets"}]},{"@type":"WebSite","@id":"https:\/\/legitgrams.com\/#website","url":"https:\/\/legitgrams.com\/","name":"Legitimer Grammwert","description":"Mein WordPress-Blog","publisher":{"@id":"https:\/\/legitgrams.com\/#organization"},"potentialAction":[{"@type":"SearchAction","target":{"@type":"EntryPoint","urlTemplate":"https:\/\/legitgrams.com\/?s={search_term_string}"},"query-input":{"@type":"PropertyValueSpecification","valueRequired":true,"valueName":"search_term_string"}}],"inLanguage":"de"},{"@type":"Organization","@id":"https:\/\/legitgrams.com\/#organization","name":"Legitimer Grammwert","url":"https:\/\/legitgrams.com\/","logo":{"@type":"ImageObject","inLanguage":"de","@id":"https:\/\/legitgrams.com\/#\/schema\/logo\/image\/","url":"https:\/\/legitgrams.com\/wp-content\/uploads\/2024\/09\/main-logo.png","contentUrl":"https:\/\/legitgrams.com\/wp-content\/uploads\/2024\/09\/main-logo.png","width":270,"height":75,"caption":"Legit Grams"},"image":{"@id":"https:\/\/legitgrams.com\/#\/schema\/logo\/image\/"}}]}},"uagb_featured_image_src":{"full":["https:\/\/legitgrams.com\/wp-content\/uploads\/2024\/09\/Buy-Flubromazepam-4mg-Pellets-online.jpg",600,600,false],"thumbnail":["https:\/\/legitgrams.com\/wp-content\/uploads\/2024\/09\/Buy-Flubromazepam-4mg-Pellets-online-150x150.jpg",150,150,true],"medium":["https:\/\/legitgrams.com\/wp-content\/uploads\/2024\/09\/Buy-Flubromazepam-4mg-Pellets-online-300x300.jpg",300,300,true],"medium_large":["https:\/\/legitgrams.com\/wp-content\/uploads\/2024\/09\/Buy-Flubromazepam-4mg-Pellets-online.jpg",600,600,false],"large":["https:\/\/legitgrams.com\/wp-content\/uploads\/2024\/09\/Buy-Flubromazepam-4mg-Pellets-online.jpg",600,600,false],"1536x1536":["https:\/\/legitgrams.com\/wp-content\/uploads\/2024\/09\/Buy-Flubromazepam-4mg-Pellets-online.jpg",600,600,false],"2048x2048":["https:\/\/legitgrams.com\/wp-content\/uploads\/2024\/09\/Buy-Flubromazepam-4mg-Pellets-online.jpg",600,600,false],"trp-custom-language-flag":["https:\/\/legitgrams.com\/wp-content\/uploads\/2024\/09\/Buy-Flubromazepam-4mg-Pellets-online-12x12.jpg",12,12,true],"woocommerce_thumbnail":["https:\/\/legitgrams.com\/wp-content\/uploads\/2024\/09\/Buy-Flubromazepam-4mg-Pellets-online-300x300.jpg",300,300,true],"woocommerce_single":["https:\/\/legitgrams.com\/wp-content\/uploads\/2024\/09\/Buy-Flubromazepam-4mg-Pellets-online.jpg",600,600,false],"woocommerce_gallery_thumbnail":["https:\/\/legitgrams.com\/wp-content\/uploads\/2024\/09\/Buy-Flubromazepam-4mg-Pellets-online-100x100.jpg",100,100,true]},"uagb_author_info":{"display_name":"cokeblog18","author_link":"https:\/\/legitgrams.com\/de\/author\/"},"uagb_comment_info":0,"uagb_excerpt":"Purchase 4 mg Flubromazepam Pellets online. How is flubromazepam administered? Since its creation in 1960, flubromazepam, a benzodiazepine derivative, has been in use. It was never sold as a medicine, and it was ignored until 2012, when it started to be sold as an exam drug. The formula for flubromazepam has only been altered once,&hellip;","_links":{"self":[{"href":"https:\/\/legitgrams.com\/de\/wp-json\/wp\/v2\/product\/3927","targetHints":{"allow":["GET"]}}],"collection":[{"href":"https:\/\/legitgrams.com\/de\/wp-json\/wp\/v2\/product"}],"about":[{"href":"https:\/\/legitgrams.com\/de\/wp-json\/wp\/v2\/types\/product"}],"replies":[{"embeddable":true,"href":"https:\/\/legitgrams.com\/de\/wp-json\/wp\/v2\/comments?post=3927"}],"wp:featuredmedia":[{"embeddable":true,"href":"https:\/\/legitgrams.com\/de\/wp-json\/wp\/v2\/media\/5278"}],"wp:attachment":[{"href":"https:\/\/legitgrams.com\/de\/wp-json\/wp\/v2\/media?parent=3927"}],"wp:term":[{"taxonomy":"product_brand","embeddable":true,"href":"https:\/\/legitgrams.com\/de\/wp-json\/wp\/v2\/product_brand?post=3927"},{"taxonomy":"product_cat","embeddable":true,"href":"https:\/\/legitgrams.com\/de\/wp-json\/wp\/v2\/product_cat?post=3927"},{"taxonomy":"product_tag","embeddable":true,"href":"https:\/\/legitgrams.com\/de\/wp-json\/wp\/v2\/product_tag?post=3927"}],"curies":[{"name":"wp","href":"https:\/\/api.w.org\/{rel}","templated":true}]}}