{"id":3937,"date":"2024-09-20T11:51:01","date_gmt":"2024-09-20T11:51:01","guid":{"rendered":"https:\/\/legitgrams.com\/?post_type=product&#038;p=3937"},"modified":"2025-04-04T12:19:14","modified_gmt":"2025-04-04T12:19:14","slug":"sextacy-badesalz","status":"publish","type":"product","link":"https:\/\/legitgrams.com\/de\/produkt\/sextacy-badesalz\/","title":{"rendered":"Sextacy Badesalz online kaufen"},"content":{"rendered":"<h2>Holen Sie sich hochwertiges Sextacy-Badesalz online<\/h2>\n<p>Konzentrierte Badesalze von Sextacy. Aber entspannen Sie sich und verlieren Sie sich in <a href=\"https:\/\/www.bing.com\/search?q=Buy%20Sextacy%20Bath%20Salt%20Online&amp;qs=n&amp;form=QBRE&amp;sp=-1&amp;lq=0&amp;pq=buy%20sextacy%20bath%20salt%20online&amp;sc=0-28&amp;sk=&amp;cvid=8B2B06FD4D804BBC89914436BB7E7DCE&amp;ghsh=0&amp;ghacc=0&amp;ghpl=\">Sextacy<\/a>Um das Wasser auf nat\u00fcrliche Weise zu enth\u00e4rten, gie\u00dfen Sie den Inhalt in einen Whirlpool. Das wird Ihnen helfen, sich sehr entspannt und wohl zu f\u00fchlen. <a href=\"https:\/\/legitgrams.com\/de\/\">LegitGrams<\/a><\/p>\n<p>Wir bitten Sie, die Toleranz Ihres K\u00f6rpers zu testen, indem Sie eine sehr kleine Menge von <a href=\"https:\/\/legitgrams.com\/de\/produkt\/sextacy-badesalz\/\">Sextacy Badesalz<\/a> in Ihrem Bad, wenn Sie sie zum ersten Mal benutzen. Um das gew\u00fcnschte Ma\u00df an totaler Entspannung zu erreichen, k\u00f6nnen Sie zus\u00e4tzliche <a href=\"https:\/\/www.google.com\/search?q=Buy+Sextacy+Bath+Salt+Online&amp;num=10&amp;sca_esv=1a2a07081c7891bb&amp;rlz=1C1RXQR_enIN1098IN1098&amp;sxsrf=AHTn8zpZAi1p_AVrgHRflU-4O8sZD6Jykw%3A1741410732205&amp;ei=rNHLZ46fDIafnesP-rumSQ&amp;ved=0ahUKEwiOpefA3PmLAxWGT2cHHfqdKQkQ4dUDCBI&amp;uact=5&amp;oq=Buy+Sextacy+Bath+Salt+Online&amp;gs_lp=Egxnd3Mtd2l6LXNlcnAiHEJ1eSBTZXh0YWN5IEJhdGggU2FsdCBPbmxpbmVIhghQ9QVY9QVwA3gAkAEAmAH7AaAB-wGqAQMyLTG4AQPIAQD4AQL4AQGYAgCgAgCYAwCIBgGSBwCgB1A&amp;sclient=gws-wiz-serp\">Sextacy<\/a> Das Ultimative f\u00fcr Ihr Badezimmer, sobald Sie sich an seine starke Wirkung gew\u00f6hnt haben.<\/p>\n<p>Kaufen Sie<a href=\"https:\/\/en.wikipedia.org\/wiki\/Sex_and_drugs\"> Sextacy<\/a> Badesalz online kaufen \u2013 Sextacy Badesalz kaufen, Sextacy Badesalz in den USA kaufen, Sextacy Badesalz online in den USA kaufen, Sextacy Badesalz kaufen, Sextacy Badesalz in meiner N\u00e4he kaufen, Sextacy Badesalz online in meiner N\u00e4he kaufen, Sextacy Badesalz online kaufen, Sextacy Badesalz in den USA, Kanada und Gro\u00dfbritannien kaufen, online kaufen, sichere Lieferung, Sextacy Badesalz ist weiterhin verf\u00fcgbar. Sie k\u00f6nnen <a href=\"https:\/\/duckduckgo.com\/?q=Buy+Sextacy+Bath+Salt+Online&amp;t=h_&amp;ia=web\">Sextacy Badesalz online erwerben<\/a>, find out if it&#8217;s legal in Canada, and purchase Sextacy Bath Salt in the United States.<\/p>","protected":false},"excerpt":{"rendered":"<p>Get High-Quality Sextacy Bath Salt Online Concentrated Bath Salts from Sextacy. But unwind and lose yourself in sextacy. To naturally soften the water, pour the contents into a hot tub. This will help you feel very relaxed and at ease. LegitGrams We kindly ask that you test your body&#8217;s tolerance by using a very little &hellip;<\/p>\n<p class=\"read-more\"> <a class=\"\" href=\"https:\/\/legitgrams.com\/de\/produkt\/sextacy-badesalz\/\"> <span class=\"screen-reader-text\">Sextacy Badesalz online kaufen<\/span> Mehr lesen \"<\/a><\/p>","protected":false},"featured_media":5315,"comment_status":"open","ping_status":"closed","template":"","meta":{"_uag_custom_page_level_css":"","site-sidebar-layout":"default","site-content-layout":"default","ast-global-header-display":"","ast-main-header-display":"","ast-hfb-above-header-display":"","ast-hfb-below-header-display":"","ast-hfb-mobile-header-display":"","site-post-title":"","ast-breadcrumbs-content":"","ast-featured-img":"","footer-sml-layout":"","theme-transparent-header-meta":"default","adv-header-id-meta":"","stick-header-meta":"default","header-above-stick-meta":"","header-main-stick-meta":"","header-below-stick-meta":"","_joinchat":[]},"product_brand":[],"product_cat":[600],"product_tag":[3682,3672,617,3664,3679,3676,3671,3669,3681,3663,3666,3674,3665,3675,3667,3677,3684,3685,3683,3680,3678,625,3670,3673,3668],"class_list":{"0":"post-3937","1":"product","2":"type-product","3":"status-publish","4":"has-post-thumbnail","6":"product_cat-research-chemicals-and-bath-salt","7":"product_tag-best-cheap-price-sextacy-bath-salt","8":"product_tag-best-place-to-buy-sextacy-bath-salt","9":"product_tag-bulk-online","10":"product_tag-buy-sextacy-bath-salt","11":"product_tag-cheap-sextacy-bath-salt","12":"product_tag-high-quality-sextacy-bath-salt","13":"product_tag-how-to-buy-sextacy-bath-salt","14":"product_tag-order-sextacy-bath-salt","15":"product_tag-purcharse-sextacy-bath-salt","16":"product_tag-sextacy-bath-salt","17":"product_tag-sextacy-bath-salt-for-sale","18":"product_tag-sextacy-bath-salt-legally","19":"product_tag-sextacy-bath-salt-online","20":"product_tag-sextacy-bath-salt-price","21":"product_tag-sextacy-bath-salt-sextacy-bath-salt-supplier","22":"product_tag-sextacy-bath-salt-store","23":"product_tag-sextacy-bath-salt-use","24":"product_tag-sextacy-bath-salt-wiki","25":"product_tag-sextacy-bath-salt-worldwide","26":"product_tag-sextacy-bath-salts","27":"product_tag-shop-sextacy-bath-salt","28":"product_tag-top-quality","29":"product_tag-where-to-buy-sextacy-bath-salt","30":"product_tag-where-to-order-sextacy-bath-salt","31":"product_tag-wholesale-sextacy-bath-salt","32":"desktop-align-left","33":"tablet-align-left","34":"mobile-align-left","35":"ast-product-gallery-layout-horizontal","36":"ast-product-gallery-with-no-image","37":"ast-product-single-variable","38":"ast-product-tabs-layout-horizontal","39":"ast-qv-on-image","41":"first","42":"instock","43":"shipping-taxable","44":"purchasable","45":"product-type-variable"},"yoast_head":"<!-- This site is optimized with the Yoast SEO plugin v25.9 - https:\/\/yoast.com\/wordpress\/plugins\/seo\/ -->\n<title>Sextacy Bath Salt for Sale - Buy Sextacy Bath Salt Online<\/title>\n<meta name=\"description\" content=\"Looking to Buy sextacy bath salt online? Discover a seamless platform at our online store where you can buy sextacy research chemical ensuring top-grade quality for your research needs.\" \/>\n<meta name=\"robots\" content=\"index, follow, max-snippet:-1, max-image-preview:large, max-video-preview:-1\" \/>\n<link rel=\"canonical\" href=\"https:\/\/legitgrams.com\/de\/produkt\/sextacy-badesalz\/\" \/>\n<meta property=\"og:locale\" content=\"de_DE\" \/>\n<meta property=\"og:type\" content=\"article\" \/>\n<meta property=\"og:title\" content=\"Sextacy Bath Salt for Sale - Buy Sextacy Bath Salt Online\" \/>\n<meta property=\"og:description\" content=\"Looking to Buy sextacy bath salt online? Discover a seamless platform at our online store where you can buy sextacy research chemical ensuring top-grade quality for your research needs.\" \/>\n<meta property=\"og:url\" content=\"https:\/\/legitgrams.com\/de\/produkt\/sextacy-badesalz\/\" \/>\n<meta property=\"og:site_name\" content=\"Legit Grams\" \/>\n<meta property=\"article:modified_time\" content=\"2025-04-04T12:19:14+00:00\" \/>\n<meta property=\"og:image\" content=\"https:\/\/legitgrams.com\/wp-content\/uploads\/2024\/09\/buy-sextacy-bath-salt-online.jpg\" \/>\n\t<meta property=\"og:image:width\" content=\"600\" \/>\n\t<meta property=\"og:image:height\" content=\"600\" \/>\n\t<meta property=\"og:image:type\" content=\"image\/jpeg\" \/>\n<meta name=\"twitter:card\" content=\"summary_large_image\" \/>\n<meta name=\"twitter:label1\" content=\"Gesch\u00e4tzte Lesezeit\" \/>\n\t<meta name=\"twitter:data1\" content=\"2\u00a0Minuten\" \/>\n<script type=\"application\/ld+json\" class=\"yoast-schema-graph\">{\"@context\":\"https:\/\/schema.org\",\"@graph\":[{\"@type\":\"WebPage\",\"@id\":\"https:\/\/legitgrams.com\/product\/sextacy-bath-salt\/\",\"url\":\"https:\/\/legitgrams.com\/product\/sextacy-bath-salt\/\",\"name\":\"Sextacy Bath Salt for Sale - Buy Sextacy Bath Salt Online\",\"isPartOf\":{\"@id\":\"https:\/\/legitgrams.com\/#website\"},\"primaryImageOfPage\":{\"@id\":\"https:\/\/legitgrams.com\/product\/sextacy-bath-salt\/#primaryimage\"},\"image\":{\"@id\":\"https:\/\/legitgrams.com\/product\/sextacy-bath-salt\/#primaryimage\"},\"thumbnailUrl\":\"https:\/\/legitgrams.com\/wp-content\/uploads\/2024\/09\/buy-sextacy-bath-salt-online.jpg\",\"datePublished\":\"2024-09-20T11:51:01+00:00\",\"dateModified\":\"2025-04-04T12:19:14+00:00\",\"description\":\"Looking to Buy sextacy bath salt online? Discover a seamless platform at our online store where you can buy sextacy research chemical ensuring top-grade quality for your research needs.\",\"breadcrumb\":{\"@id\":\"https:\/\/legitgrams.com\/product\/sextacy-bath-salt\/#breadcrumb\"},\"inLanguage\":\"de\",\"potentialAction\":[{\"@type\":\"ReadAction\",\"target\":[\"https:\/\/legitgrams.com\/product\/sextacy-bath-salt\/\"]}]},{\"@type\":\"ImageObject\",\"inLanguage\":\"de\",\"@id\":\"https:\/\/legitgrams.com\/product\/sextacy-bath-salt\/#primaryimage\",\"url\":\"https:\/\/legitgrams.com\/wp-content\/uploads\/2024\/09\/buy-sextacy-bath-salt-online.jpg\",\"contentUrl\":\"https:\/\/legitgrams.com\/wp-content\/uploads\/2024\/09\/buy-sextacy-bath-salt-online.jpg\",\"width\":600,\"height\":600,\"caption\":\"Sextacy Bath Salt for Sale\"},{\"@type\":\"BreadcrumbList\",\"@id\":\"https:\/\/legitgrams.com\/product\/sextacy-bath-salt\/#breadcrumb\",\"itemListElement\":[{\"@type\":\"ListItem\",\"position\":1,\"name\":\"Home\",\"item\":\"https:\/\/legitgrams.com\/\"},{\"@type\":\"ListItem\",\"position\":2,\"name\":\"Shop\",\"item\":\"https:\/\/legitgrams.com\/shop\/\"},{\"@type\":\"ListItem\",\"position\":3,\"name\":\"Buy Sextacy Bath Salt Online\"}]},{\"@type\":\"WebSite\",\"@id\":\"https:\/\/legitgrams.com\/#website\",\"url\":\"https:\/\/legitgrams.com\/\",\"name\":\"Legit Grams\",\"description\":\"My WordPress Blog\",\"publisher\":{\"@id\":\"https:\/\/legitgrams.com\/#organization\"},\"potentialAction\":[{\"@type\":\"SearchAction\",\"target\":{\"@type\":\"EntryPoint\",\"urlTemplate\":\"https:\/\/legitgrams.com\/?s={search_term_string}\"},\"query-input\":{\"@type\":\"PropertyValueSpecification\",\"valueRequired\":true,\"valueName\":\"search_term_string\"}}],\"inLanguage\":\"de\"},{\"@type\":\"Organization\",\"@id\":\"https:\/\/legitgrams.com\/#organization\",\"name\":\"Legit Grams\",\"url\":\"https:\/\/legitgrams.com\/\",\"logo\":{\"@type\":\"ImageObject\",\"inLanguage\":\"de\",\"@id\":\"https:\/\/legitgrams.com\/#\/schema\/logo\/image\/\",\"url\":\"https:\/\/legitgrams.com\/wp-content\/uploads\/2024\/09\/main-logo.png\",\"contentUrl\":\"https:\/\/legitgrams.com\/wp-content\/uploads\/2024\/09\/main-logo.png\",\"width\":270,\"height\":75,\"caption\":\"Legit Grams\"},\"image\":{\"@id\":\"https:\/\/legitgrams.com\/#\/schema\/logo\/image\/\"}}]}<\/script>\n<!-- \/ Yoast SEO plugin. -->","yoast_head_json":{"title":"Sextacy Badesalz zu verkaufen \u2013 Sextacy Badesalz online kaufen","description":"M\u00f6chten Sie Sextacy Badesalz online kaufen? Entdecken Sie eine nahtlose Plattform in unserem Online-Shop, wo Sie Sextacy-Forschungschemikalien kaufen k\u00f6nnen, die erstklassige Qualit\u00e4t f\u00fcr Ihre Forschungsbed\u00fcrfnisse gew\u00e4hrleisten.","robots":{"index":"index","follow":"follow","max-snippet":"max-snippet:-1","max-image-preview":"max-image-preview:large","max-video-preview":"max-video-preview:-1"},"canonical":"https:\/\/legitgrams.com\/de\/produkt\/sextacy-badesalz\/","og_locale":"de_DE","og_type":"article","og_title":"Sextacy Bath Salt for Sale - Buy Sextacy Bath Salt Online","og_description":"Looking to Buy sextacy bath salt online? Discover a seamless platform at our online store where you can buy sextacy research chemical ensuring top-grade quality for your research needs.","og_url":"https:\/\/legitgrams.com\/de\/produkt\/sextacy-badesalz\/","og_site_name":"Legit Grams","article_modified_time":"2025-04-04T12:19:14+00:00","og_image":[{"width":600,"height":600,"url":"https:\/\/legitgrams.com\/wp-content\/uploads\/2024\/09\/buy-sextacy-bath-salt-online.jpg","type":"image\/jpeg"}],"twitter_card":"summary_large_image","twitter_misc":{"Gesch\u00e4tzte Lesezeit":"2\u00a0Minuten"},"schema":{"@context":"https:\/\/schema.org","@graph":[{"@type":"WebPage","@id":"https:\/\/legitgrams.com\/product\/sextacy-bath-salt\/","url":"https:\/\/legitgrams.com\/product\/sextacy-bath-salt\/","name":"Sextacy Badesalz zu verkaufen \u2013 Sextacy Badesalz online kaufen","isPartOf":{"@id":"https:\/\/legitgrams.com\/#website"},"primaryImageOfPage":{"@id":"https:\/\/legitgrams.com\/product\/sextacy-bath-salt\/#primaryimage"},"image":{"@id":"https:\/\/legitgrams.com\/product\/sextacy-bath-salt\/#primaryimage"},"thumbnailUrl":"https:\/\/legitgrams.com\/wp-content\/uploads\/2024\/09\/buy-sextacy-bath-salt-online.jpg","datePublished":"2024-09-20T11:51:01+00:00","dateModified":"2025-04-04T12:19:14+00:00","description":"M\u00f6chten Sie Sextacy Badesalz online kaufen? Entdecken Sie eine nahtlose Plattform in unserem Online-Shop, wo Sie Sextacy-Forschungschemikalien kaufen k\u00f6nnen, die erstklassige Qualit\u00e4t f\u00fcr Ihre Forschungsbed\u00fcrfnisse gew\u00e4hrleisten.","breadcrumb":{"@id":"https:\/\/legitgrams.com\/product\/sextacy-bath-salt\/#breadcrumb"},"inLanguage":"de","potentialAction":[{"@type":"ReadAction","target":["https:\/\/legitgrams.com\/product\/sextacy-bath-salt\/"]}]},{"@type":"ImageObject","inLanguage":"de","@id":"https:\/\/legitgrams.com\/product\/sextacy-bath-salt\/#primaryimage","url":"https:\/\/legitgrams.com\/wp-content\/uploads\/2024\/09\/buy-sextacy-bath-salt-online.jpg","contentUrl":"https:\/\/legitgrams.com\/wp-content\/uploads\/2024\/09\/buy-sextacy-bath-salt-online.jpg","width":600,"height":600,"caption":"Sextacy Bath Salt for Sale"},{"@type":"BreadcrumbList","@id":"https:\/\/legitgrams.com\/product\/sextacy-bath-salt\/#breadcrumb","itemListElement":[{"@type":"ListItem","position":1,"name":"Home","item":"https:\/\/legitgrams.com\/"},{"@type":"ListItem","position":2,"name":"Shop","item":"https:\/\/legitgrams.com\/shop\/"},{"@type":"ListItem","position":3,"name":"Buy Sextacy Bath Salt Online"}]},{"@type":"WebSite","@id":"https:\/\/legitgrams.com\/#website","url":"https:\/\/legitgrams.com\/","name":"Legitimer Grammwert","description":"Mein WordPress-Blog","publisher":{"@id":"https:\/\/legitgrams.com\/#organization"},"potentialAction":[{"@type":"SearchAction","target":{"@type":"EntryPoint","urlTemplate":"https:\/\/legitgrams.com\/?s={search_term_string}"},"query-input":{"@type":"PropertyValueSpecification","valueRequired":true,"valueName":"search_term_string"}}],"inLanguage":"de"},{"@type":"Organization","@id":"https:\/\/legitgrams.com\/#organization","name":"Legitimer Grammwert","url":"https:\/\/legitgrams.com\/","logo":{"@type":"ImageObject","inLanguage":"de","@id":"https:\/\/legitgrams.com\/#\/schema\/logo\/image\/","url":"https:\/\/legitgrams.com\/wp-content\/uploads\/2024\/09\/main-logo.png","contentUrl":"https:\/\/legitgrams.com\/wp-content\/uploads\/2024\/09\/main-logo.png","width":270,"height":75,"caption":"Legit Grams"},"image":{"@id":"https:\/\/legitgrams.com\/#\/schema\/logo\/image\/"}}]}},"uagb_featured_image_src":{"full":["https:\/\/legitgrams.com\/wp-content\/uploads\/2024\/09\/buy-sextacy-bath-salt-online.jpg",600,600,false],"thumbnail":["https:\/\/legitgrams.com\/wp-content\/uploads\/2024\/09\/buy-sextacy-bath-salt-online-150x150.jpg",150,150,true],"medium":["https:\/\/legitgrams.com\/wp-content\/uploads\/2024\/09\/buy-sextacy-bath-salt-online-300x300.jpg",300,300,true],"medium_large":["https:\/\/legitgrams.com\/wp-content\/uploads\/2024\/09\/buy-sextacy-bath-salt-online.jpg",600,600,false],"large":["https:\/\/legitgrams.com\/wp-content\/uploads\/2024\/09\/buy-sextacy-bath-salt-online.jpg",600,600,false],"1536x1536":["https:\/\/legitgrams.com\/wp-content\/uploads\/2024\/09\/buy-sextacy-bath-salt-online.jpg",600,600,false],"2048x2048":["https:\/\/legitgrams.com\/wp-content\/uploads\/2024\/09\/buy-sextacy-bath-salt-online.jpg",600,600,false],"trp-custom-language-flag":["https:\/\/legitgrams.com\/wp-content\/uploads\/2024\/09\/buy-sextacy-bath-salt-online-12x12.jpg",12,12,true],"woocommerce_thumbnail":["https:\/\/legitgrams.com\/wp-content\/uploads\/2024\/09\/buy-sextacy-bath-salt-online-300x300.jpg",300,300,true],"woocommerce_single":["https:\/\/legitgrams.com\/wp-content\/uploads\/2024\/09\/buy-sextacy-bath-salt-online.jpg",600,600,false],"woocommerce_gallery_thumbnail":["https:\/\/legitgrams.com\/wp-content\/uploads\/2024\/09\/buy-sextacy-bath-salt-online-100x100.jpg",100,100,true]},"uagb_author_info":{"display_name":"cokeblog18","author_link":"https:\/\/legitgrams.com\/de\/author\/"},"uagb_comment_info":0,"uagb_excerpt":"Get High-Quality Sextacy Bath Salt Online Concentrated Bath Salts from Sextacy. But unwind and lose yourself in sextacy. To naturally soften the water, pour the contents into a hot tub. This will help you feel very relaxed and at ease. LegitGrams We kindly ask that you test your body&#8217;s tolerance by using a very little&hellip;","_links":{"self":[{"href":"https:\/\/legitgrams.com\/de\/wp-json\/wp\/v2\/product\/3937","targetHints":{"allow":["GET"]}}],"collection":[{"href":"https:\/\/legitgrams.com\/de\/wp-json\/wp\/v2\/product"}],"about":[{"href":"https:\/\/legitgrams.com\/de\/wp-json\/wp\/v2\/types\/product"}],"replies":[{"embeddable":true,"href":"https:\/\/legitgrams.com\/de\/wp-json\/wp\/v2\/comments?post=3937"}],"wp:featuredmedia":[{"embeddable":true,"href":"https:\/\/legitgrams.com\/de\/wp-json\/wp\/v2\/media\/5315"}],"wp:attachment":[{"href":"https:\/\/legitgrams.com\/de\/wp-json\/wp\/v2\/media?parent=3937"}],"wp:term":[{"taxonomy":"product_brand","embeddable":true,"href":"https:\/\/legitgrams.com\/de\/wp-json\/wp\/v2\/product_brand?post=3937"},{"taxonomy":"product_cat","embeddable":true,"href":"https:\/\/legitgrams.com\/de\/wp-json\/wp\/v2\/product_cat?post=3937"},{"taxonomy":"product_tag","embeddable":true,"href":"https:\/\/legitgrams.com\/de\/wp-json\/wp\/v2\/product_tag?post=3937"}],"curies":[{"name":"wp","href":"https:\/\/api.w.org\/{rel}","templated":true}]}}